{"id":2875,"date":"2025-01-15T23:14:18","date_gmt":"2025-01-15T22:14:18","guid":{"rendered":"https:\/\/ws-staging.prolifeeurope.org\/informa-te\/eutanasia-vs-suicidio-assistido-qual-a-diferenca\/"},"modified":"2025-03-26T20:00:08","modified_gmt":"2025-03-26T19:00:08","slug":"eutanasia-vs-suicidio-assistido-qual-a-diferenca","status":"publish","type":"page","link":"https:\/\/prolifeeurope.org\/pt-pt\/informa-te\/eutanasia-vs-suicidio-assistido-qual-a-diferenca\/","title":{"rendered":"Eutan\u00e1sia vs Suic\u00eddio Assistido &#8211; Qual \u00e9 a diferen\u00e7a?"},"content":{"rendered":"\n<p>A eutan\u00e1sia e o suic\u00eddio assistido s\u00e3o pr\u00e1ticas distintas, embora ambas envolvam a inten\u00e7\u00e3o de terminar a vida de uma pessoa para aliviar o sofrimento. Aqui est\u00e1 uma explica\u00e7\u00e3o das suas diferen\u00e7as: <\/p>\n\n<h2 class=\"wp-block-heading\">Eutan\u00e1sia<\/h2>\n\n<p>A eutan\u00e1sia envolve uma terceira parte, geralmente um profissional de sa\u00fade, que administra diretamente uma subst\u00e2ncia ou atuando para terminar a vida de uma pessoa que o solicitou. Dependendo de como a morte \u00e9 facilitada e da natureza das a\u00e7\u00f5es realizadas, fazemos uma distin\u00e7\u00e3o entre eutan\u00e1sia ativa e eutan\u00e1sia passiva:  <\/p>\n\n<h3 class=\"wp-block-heading\">Eutan\u00e1sia ativa<\/h3>\n\n<ol class=\"wp-block-list\">\n<li>Defini\u00e7\u00e3o: A eutan\u00e1sia ativa envolve a tomada de medidas deliberadas e diretas para terminar a vida de uma pessoa, a fim de aliviar o sofrimento.<\/li>\n\n\n\n<li>A\u00e7\u00e3o: Uma terceira parte, frequentemente um profissional de sa\u00fade, realiza uma a\u00e7\u00e3o que causa intencionalmente a morte (por exemplo, administrar uma inje\u00e7\u00e3o letal).<\/li>\n\n\n\n<li>Inten\u00e7\u00e3o: O objetivo principal \u00e9 provocar diretamente a morte para acabar com o sofrimento.<\/li>\n\n\n\n<li>Exemplo: Um m\u00e9dico administra uma dose letal de medica\u00e7\u00e3o num paciente terminal, a pedido expl\u00edcito deste.<\/li>\n\n\n\n<li>Estatuto Legal:\n<ul class=\"wp-block-list\">\n<li>Legal em alguns pa\u00edses, como B\u00e9lgica, Pa\u00edses Baixos e Luxemburgo, sob regulamenta\u00e7\u00f5es rigorosas.<\/li>\n\n\n\n<li>Ilegal em muitos pa\u00edses, onde frequentemente \u00e9 classificado como assassinato ou homic\u00eddio culposo.<\/li>\n<\/ul>\n<\/li>\n<\/ol>\n\n<h3 class=\"wp-block-heading\">Eutan\u00e1sia passiva<\/h3>\n\n<ol class=\"wp-block-list\">\n<li>Defini\u00e7\u00e3o: A eutanasia passiva envolve a interrup\u00e7\u00e3o ou a retirada de tratamentos m\u00e9dicos que prolongam a vida, permitindo que a pessoa morra de forma natural.<\/li>\n\n\n\n<li>A\u00e7\u00e3o: Nenhuma a\u00e7\u00e3o direta \u00e9 tomada para causar a morte; em vez disso, as medidas que sustentam a vida (por exemplo, ventiladores, sondas de alimenta\u00e7\u00e3o) s\u00e3o interrompidas ou n\u00e3o s\u00e3o iniciadas.<\/li>\n\n\n\n<li>Inten\u00e7\u00e3o: O objetivo \u00e9 permitir o progresso natural de uma condi\u00e7\u00e3o terminal sem interven\u00e7\u00e3o.<\/li>\n\n\n\n<li>Exemplo: Uma m\u00e1quina de suporte \u00e0 vida \u00e9 desligada para um paciente em coma irrevers\u00edvel, de acordo com seus desejos pr\u00e9vios ou uma diretiva legal.<\/li>\n\n\n\n<li>Estatuto Legal:\n<ul class=\"wp-block-list\">\n<li>Geralmente legal em muitos pa\u00edses, desde que o consentimento do paciente seja claro (por exemplo, por meio de uma diretiva antecipada de vontade ou solicita\u00e7\u00e3o expl\u00edcita).<\/li>\n\n\n\n<li>Frequentemente visto como eticamente menos controverso do que a eutan\u00e1sia ativa.<\/li>\n<\/ul>\n<\/li>\n<\/ol>\n\n<h3 class=\"wp-block-heading\">Diferen\u00e7as chave:<\/h3>\n\n<figure class=\"wp-block-table\"><table class=\"has-fixed-layout\"><thead><tr><th class=\"has-text-align-center\" data-align=\"center\"><strong>Caracter\u00edsticas<\/strong><\/th><th class=\"has-text-align-center\" data-align=\"center\"><strong>Eutan\u00e1sia ativa<\/strong><\/th><th class=\"has-text-align-center\" data-align=\"center\">Eutan\u00e1sia passiva<\/th><\/tr><\/thead><tbody><tr><td class=\"has-text-align-center\" data-align=\"center\"><strong>A\u00e7\u00e3o<\/strong><\/td><td class=\"has-text-align-center\" data-align=\"center\">A\u00e7\u00e3o direta para causar a morte.<\/td><td class=\"has-text-align-center\" data-align=\"center\">Suspens\u00e3o ou interrup\u00e7\u00e3o do tratamento.<\/td><\/tr><tr><td class=\"has-text-align-center\" data-align=\"center\"><strong>Causa de Morte<\/strong><\/td><td class=\"has-text-align-center\" data-align=\"center\">Induzido por a\u00e7\u00e3o externa.<\/td><td class=\"has-text-align-center\" data-align=\"center\">Progress\u00e3o natural da doen\u00e7a.<\/td><\/tr><tr><td class=\"has-text-align-center\" data-align=\"center\"><strong>Estado legal<\/strong><\/td><td class=\"has-text-align-center\" data-align=\"center\">Legal em poucos pa\u00edses<\/td><td class=\"has-text-align-center\" data-align=\"center\">Legal em muitos pa\u00edses (sob condi\u00e7\u00f5es)<\/td><\/tr><tr><td class=\"has-text-align-center\" data-align=\"center\"><strong>Debate \u00c9tico<\/strong><\/td><td class=\"has-text-align-center\" data-align=\"center\">Altamente controverso<\/td><td class=\"has-text-align-center\" data-align=\"center\">Menos controverso (mas ainda debatido)<\/td><\/tr><\/tbody><\/table><\/figure>\n\n<h2 class=\"wp-block-heading\"><strong>Suic\u00eddio Assistido<\/strong><\/h2>\n\n<ol class=\"wp-block-list\">\n<li>Defini\u00e7\u00e3o: No suic\u00eddio assistido, uma pessoa recebe os meios (por exemplo, medica\u00e7\u00e3o) para terminar a pr\u00f3pria vida, geralmente fornecidos por um profissional de sa\u00fade, mas a pessoa realiza o ato final por conta pr\u00f3pria.<\/li>\n\n\n\n<li>Caract\u00e9r\u00edstica Principal: A pessoa que deseja morrer \u00e9 quem realiza o ato.<\/li>\n\n\n\n<li>Exemplo: Um m\u00e9dico prescreve uma dose letal de medica\u00e7\u00e3o e o paciente autoadministra.<\/li>\n<\/ol>\n\n<h2 class=\"wp-block-heading\"><strong>Diferen\u00e7as chave:<\/strong><\/h2>\n\n<figure class=\"wp-block-table\"><table class=\"has-fixed-layout\"><thead><tr><th class=\"has-text-align-center\" data-align=\"center\"><strong>Caracter\u00edsticas<\/strong><\/th><th class=\"has-text-align-center\" data-align=\"center\"><strong>Eutan\u00e1sia<\/strong><\/th><th class=\"has-text-align-center\" data-align=\"center\"><strong>Suic\u00eddio Assistido<\/strong><\/th><\/tr><\/thead><tbody><tr><td class=\"has-text-align-center\" data-align=\"center\"><strong>Quem age?<\/strong><\/td><td class=\"has-text-align-center\" data-align=\"center\">Uma terceira parte administra a morte.<\/td><td class=\"has-text-align-center\" data-align=\"center\">O indiv\u00edduo realiza o ato.<\/td><\/tr><tr><td class=\"has-text-align-center\" data-align=\"center\"><strong>N\u00edvel de envolvimento<\/strong><\/td><td class=\"has-text-align-center\" data-align=\"center\">Direto<\/td><td class=\"has-text-align-center\" data-align=\"center\">Indireto (\u00e9 fornecido apoio)<\/td><\/tr><\/tbody><\/table><\/figure>\n","protected":false},"excerpt":{"rendered":"<p>A eutan\u00e1sia e o suic\u00eddio assistido s\u00e3o pr\u00e1ticas distintas, embora ambas envolvam a inten\u00e7\u00e3o de terminar a vida de uma pessoa para aliviar o sofrimento. Aqui est\u00e1 uma explica\u00e7\u00e3o das<a href=\"https:\/\/prolifeeurope.org\/pt-pt\/informa-te\/eutanasia-vs-suicidio-assistido-qual-a-diferenca\/\">Continue reading <span class=\"sr-only\">&#8220;Eutan\u00e1sia vs Suic\u00eddio Assistido &#8211; Qual \u00e9 a diferen\u00e7a?&#8221;<\/span><\/a><\/p>\n","protected":false},"author":14,"featured_media":0,"parent":2808,"menu_order":0,"comment_status":"closed","ping_status":"closed","template":"page-topic.php","meta":{"_acf_changed":false,"_monsterinsights_skip_tracking":false,"_monsterinsights_sitenote_active":false,"_monsterinsights_sitenote_note":"","_monsterinsights_sitenote_category":0,"footnotes":""},"topic":[],"class_list":["post-2875","page","type-page","status-publish","hentry"],"acf":[],"yoast_head":"<!-- This site is optimized with the Yoast SEO plugin v27.2 - https:\/\/yoast.com\/product\/yoast-seo-wordpress\/ -->\n<title>Eutan\u00e1sia vs Suic\u00eddio Assistido - Qual \u00e9 a diferen\u00e7a? - ProLife Europe<\/title>\n<meta name=\"description\" content=\"A eutan\u00e1sia e o suic\u00eddio assistido s\u00e3o pr\u00e1ticas diferentes, embora ambas tenham como objetivo o fim da vida de uma pessoa.\" \/>\n<meta name=\"robots\" content=\"index, follow, max-snippet:-1, max-image-preview:large, max-video-preview:-1\" \/>\n<link rel=\"canonical\" href=\"https:\/\/prolifeeurope.org\/pt-pt\/informa-te\/eutanasia-vs-suicidio-assistido-qual-a-diferenca\/\" \/>\n<meta property=\"og:locale\" content=\"pt_PT\" \/>\n<meta property=\"og:type\" content=\"article\" \/>\n<meta property=\"og:title\" content=\"Eutan\u00e1sia vs Suic\u00eddio Assistido - Qual \u00e9 a diferen\u00e7a? - ProLife Europe\" \/>\n<meta property=\"og:description\" content=\"A eutan\u00e1sia e o suic\u00eddio assistido s\u00e3o pr\u00e1ticas diferentes, embora ambas tenham como objetivo o fim da vida de uma pessoa.\" \/>\n<meta property=\"og:url\" content=\"https:\/\/prolifeeurope.org\/pt-pt\/informa-te\/eutanasia-vs-suicidio-assistido-qual-a-diferenca\/\" \/>\n<meta property=\"og:site_name\" content=\"ProLife Europe\" \/>\n<meta property=\"article:publisher\" content=\"https:\/\/www.facebook.com\/ProLifeEurope\/\" \/>\n<meta property=\"article:modified_time\" content=\"2025-03-26T19:00:08+00:00\" \/>\n<meta name=\"twitter:card\" content=\"summary_large_image\" \/>\n<meta name=\"twitter:label1\" content=\"Tempo estimado de leitura\" \/>\n\t<meta name=\"twitter:data1\" content=\"3 minutos\" \/>\n<script type=\"application\/ld+json\" class=\"yoast-schema-graph\">{\"@context\":\"https:\/\/schema.org\",\"@graph\":[{\"@type\":\"WebPage\",\"@id\":\"https:\/\/prolifeeurope.org\/pt-pt\/informa-te\/eutanasia-vs-suicidio-assistido-qual-a-diferenca\/\",\"url\":\"https:\/\/prolifeeurope.org\/pt-pt\/informa-te\/eutanasia-vs-suicidio-assistido-qual-a-diferenca\/\",\"name\":\"Eutan\u00e1sia vs Suic\u00eddio Assistido - Qual \u00e9 a diferen\u00e7a? - ProLife Europe\",\"isPartOf\":{\"@id\":\"https:\/\/prolifeeurope.org\/pt-pt\/#website\"},\"datePublished\":\"2025-01-15T22:14:18+00:00\",\"dateModified\":\"2025-03-26T19:00:08+00:00\",\"description\":\"A eutan\u00e1sia e o suic\u00eddio assistido s\u00e3o pr\u00e1ticas diferentes, embora ambas tenham como objetivo o fim da vida de uma pessoa.\",\"breadcrumb\":{\"@id\":\"https:\/\/prolifeeurope.org\/pt-pt\/informa-te\/eutanasia-vs-suicidio-assistido-qual-a-diferenca\/#breadcrumb\"},\"inLanguage\":\"pt-PT\",\"potentialAction\":[{\"@type\":\"ReadAction\",\"target\":[\"https:\/\/prolifeeurope.org\/pt-pt\/informa-te\/eutanasia-vs-suicidio-assistido-qual-a-diferenca\/\"]}]},{\"@type\":\"BreadcrumbList\",\"@id\":\"https:\/\/prolifeeurope.org\/pt-pt\/informa-te\/eutanasia-vs-suicidio-assistido-qual-a-diferenca\/#breadcrumb\",\"itemListElement\":[{\"@type\":\"ListItem\",\"position\":1,\"name\":\"Home\",\"item\":\"https:\/\/prolifeeurope.org\/pt-pt\/\"},{\"@type\":\"ListItem\",\"position\":2,\"name\":\"Informa-te\",\"item\":\"https:\/\/prolifeeurope.org\/pt-pt\/informa-te\/\"},{\"@type\":\"ListItem\",\"position\":3,\"name\":\"Eutan\u00e1sia vs Suic\u00eddio Assistido &#8211; Qual \u00e9 a diferen\u00e7a?\"}]},{\"@type\":\"WebSite\",\"@id\":\"https:\/\/prolifeeurope.org\/pt-pt\/#website\",\"url\":\"https:\/\/prolifeeurope.org\/pt-pt\/\",\"name\":\"ProLife Europe\",\"description\":\"\",\"publisher\":{\"@id\":\"https:\/\/prolifeeurope.org\/pt-pt\/#organization\"},\"potentialAction\":[{\"@type\":\"SearchAction\",\"target\":{\"@type\":\"EntryPoint\",\"urlTemplate\":\"https:\/\/prolifeeurope.org\/pt-pt\/?s={search_term_string}\"},\"query-input\":{\"@type\":\"PropertyValueSpecification\",\"valueRequired\":true,\"valueName\":\"search_term_string\"}}],\"inLanguage\":\"pt-PT\"},{\"@type\":\"Organization\",\"@id\":\"https:\/\/prolifeeurope.org\/pt-pt\/#organization\",\"name\":\"ProLife Europe\",\"url\":\"https:\/\/prolifeeurope.org\/pt-pt\/\",\"logo\":{\"@type\":\"ImageObject\",\"inLanguage\":\"pt-PT\",\"@id\":\"https:\/\/prolifeeurope.org\/pt-pt\/#\/schema\/logo\/image\/\",\"url\":\"https:\/\/prolifeeurope.org\/wp-content\/uploads\/2024\/11\/logo-3.svg\",\"contentUrl\":\"https:\/\/prolifeeurope.org\/wp-content\/uploads\/2024\/11\/logo-3.svg\",\"width\":166,\"height\":170,\"caption\":\"ProLife Europe\"},\"image\":{\"@id\":\"https:\/\/prolifeeurope.org\/pt-pt\/#\/schema\/logo\/image\/\"},\"sameAs\":[\"https:\/\/www.facebook.com\/ProLifeEurope\/\",\"https:\/\/www.instagram.com\/prolife_europe\/\",\"https:\/\/www.youtube.com\/channel\/UC7olgmdiSVEHZUiP554XozA\"]}]}<\/script>\n<!-- \/ Yoast SEO plugin. -->","yoast_head_json":{"title":"Eutan\u00e1sia vs Suic\u00eddio Assistido - Qual \u00e9 a diferen\u00e7a? - ProLife Europe","description":"A eutan\u00e1sia e o suic\u00eddio assistido s\u00e3o pr\u00e1ticas diferentes, embora ambas tenham como objetivo o fim da vida de uma pessoa.","robots":{"index":"index","follow":"follow","max-snippet":"max-snippet:-1","max-image-preview":"max-image-preview:large","max-video-preview":"max-video-preview:-1"},"canonical":"https:\/\/prolifeeurope.org\/pt-pt\/informa-te\/eutanasia-vs-suicidio-assistido-qual-a-diferenca\/","og_locale":"pt_PT","og_type":"article","og_title":"Eutan\u00e1sia vs Suic\u00eddio Assistido - Qual \u00e9 a diferen\u00e7a? - ProLife Europe","og_description":"A eutan\u00e1sia e o suic\u00eddio assistido s\u00e3o pr\u00e1ticas diferentes, embora ambas tenham como objetivo o fim da vida de uma pessoa.","og_url":"https:\/\/prolifeeurope.org\/pt-pt\/informa-te\/eutanasia-vs-suicidio-assistido-qual-a-diferenca\/","og_site_name":"ProLife Europe","article_publisher":"https:\/\/www.facebook.com\/ProLifeEurope\/","article_modified_time":"2025-03-26T19:00:08+00:00","twitter_card":"summary_large_image","twitter_misc":{"Tempo estimado de leitura":"3 minutos"},"schema":{"@context":"https:\/\/schema.org","@graph":[{"@type":"WebPage","@id":"https:\/\/prolifeeurope.org\/pt-pt\/informa-te\/eutanasia-vs-suicidio-assistido-qual-a-diferenca\/","url":"https:\/\/prolifeeurope.org\/pt-pt\/informa-te\/eutanasia-vs-suicidio-assistido-qual-a-diferenca\/","name":"Eutan\u00e1sia vs Suic\u00eddio Assistido - Qual \u00e9 a diferen\u00e7a? - ProLife Europe","isPartOf":{"@id":"https:\/\/prolifeeurope.org\/pt-pt\/#website"},"datePublished":"2025-01-15T22:14:18+00:00","dateModified":"2025-03-26T19:00:08+00:00","description":"A eutan\u00e1sia e o suic\u00eddio assistido s\u00e3o pr\u00e1ticas diferentes, embora ambas tenham como objetivo o fim da vida de uma pessoa.","breadcrumb":{"@id":"https:\/\/prolifeeurope.org\/pt-pt\/informa-te\/eutanasia-vs-suicidio-assistido-qual-a-diferenca\/#breadcrumb"},"inLanguage":"pt-PT","potentialAction":[{"@type":"ReadAction","target":["https:\/\/prolifeeurope.org\/pt-pt\/informa-te\/eutanasia-vs-suicidio-assistido-qual-a-diferenca\/"]}]},{"@type":"BreadcrumbList","@id":"https:\/\/prolifeeurope.org\/pt-pt\/informa-te\/eutanasia-vs-suicidio-assistido-qual-a-diferenca\/#breadcrumb","itemListElement":[{"@type":"ListItem","position":1,"name":"Home","item":"https:\/\/prolifeeurope.org\/pt-pt\/"},{"@type":"ListItem","position":2,"name":"Informa-te","item":"https:\/\/prolifeeurope.org\/pt-pt\/informa-te\/"},{"@type":"ListItem","position":3,"name":"Eutan\u00e1sia vs Suic\u00eddio Assistido &#8211; Qual \u00e9 a diferen\u00e7a?"}]},{"@type":"WebSite","@id":"https:\/\/prolifeeurope.org\/pt-pt\/#website","url":"https:\/\/prolifeeurope.org\/pt-pt\/","name":"ProLife Europe","description":"","publisher":{"@id":"https:\/\/prolifeeurope.org\/pt-pt\/#organization"},"potentialAction":[{"@type":"SearchAction","target":{"@type":"EntryPoint","urlTemplate":"https:\/\/prolifeeurope.org\/pt-pt\/?s={search_term_string}"},"query-input":{"@type":"PropertyValueSpecification","valueRequired":true,"valueName":"search_term_string"}}],"inLanguage":"pt-PT"},{"@type":"Organization","@id":"https:\/\/prolifeeurope.org\/pt-pt\/#organization","name":"ProLife Europe","url":"https:\/\/prolifeeurope.org\/pt-pt\/","logo":{"@type":"ImageObject","inLanguage":"pt-PT","@id":"https:\/\/prolifeeurope.org\/pt-pt\/#\/schema\/logo\/image\/","url":"https:\/\/prolifeeurope.org\/wp-content\/uploads\/2024\/11\/logo-3.svg","contentUrl":"https:\/\/prolifeeurope.org\/wp-content\/uploads\/2024\/11\/logo-3.svg","width":166,"height":170,"caption":"ProLife Europe"},"image":{"@id":"https:\/\/prolifeeurope.org\/pt-pt\/#\/schema\/logo\/image\/"},"sameAs":["https:\/\/www.facebook.com\/ProLifeEurope\/","https:\/\/www.instagram.com\/prolife_europe\/","https:\/\/www.youtube.com\/channel\/UC7olgmdiSVEHZUiP554XozA"]}]}},"_links":{"self":[{"href":"https:\/\/prolifeeurope.org\/pt-pt\/wp-json\/wp\/v2\/pages\/2875","targetHints":{"allow":["GET"]}}],"collection":[{"href":"https:\/\/prolifeeurope.org\/pt-pt\/wp-json\/wp\/v2\/pages"}],"about":[{"href":"https:\/\/prolifeeurope.org\/pt-pt\/wp-json\/wp\/v2\/types\/page"}],"author":[{"embeddable":true,"href":"https:\/\/prolifeeurope.org\/pt-pt\/wp-json\/wp\/v2\/users\/14"}],"replies":[{"embeddable":true,"href":"https:\/\/prolifeeurope.org\/pt-pt\/wp-json\/wp\/v2\/comments?post=2875"}],"version-history":[{"count":4,"href":"https:\/\/prolifeeurope.org\/pt-pt\/wp-json\/wp\/v2\/pages\/2875\/revisions"}],"predecessor-version":[{"id":3464,"href":"https:\/\/prolifeeurope.org\/pt-pt\/wp-json\/wp\/v2\/pages\/2875\/revisions\/3464"}],"up":[{"embeddable":true,"href":"https:\/\/prolifeeurope.org\/pt-pt\/wp-json\/wp\/v2\/pages\/2808"}],"wp:attachment":[{"href":"https:\/\/prolifeeurope.org\/pt-pt\/wp-json\/wp\/v2\/media?parent=2875"}],"wp:term":[{"taxonomy":"topic","embeddable":true,"href":"https:\/\/prolifeeurope.org\/pt-pt\/wp-json\/wp\/v2\/topic?post=2875"}],"curies":[{"name":"wp","href":"https:\/\/api.w.org\/{rel}","templated":true}]}}