{"id":2848,"date":"2025-01-21T23:18:16","date_gmt":"2025-01-21T22:18:16","guid":{"rendered":"https:\/\/ws-staging.prolifeeurope.org\/informa-te\/e-quanto-a-gestacao-de-substituicao\/"},"modified":"2025-03-26T19:38:58","modified_gmt":"2025-03-26T18:38:58","slug":"e-quanto-a-gestacao-de-substituicao","status":"publish","type":"page","link":"https:\/\/prolifeeurope.org\/pt-pt\/informa-te\/e-quanto-a-gestacao-de-substituicao\/","title":{"rendered":"E quanto \u00e0 Gesta\u00e7\u00e3o de Substitui\u00e7\u00e3o?"},"content":{"rendered":"\n<p>Semelhante \u00e0 quest\u00e3o da FIV em geral, o uso de uma gestante de substitui\u00e7\u00e3o para ter um filho leva n\u00e3o apenas \u00e0 crian\u00e7a a ser vista como um produto, mas tamb\u00e9m reduz a mulher a um mero &#8220;\u00fatero de aluguer&#8221;. \u00c0 primeira vista, podemos pensar em cen\u00e1rios emocionalmente compreens\u00edveis, onde um membro da fam\u00edlia ou amigo se oferece para ajudar seus entes queridos a realizar o sonho de ter um filho, mas a dura realidade \u00e9 que a Gesta\u00e7\u00e3o de Substitui\u00e7\u00e3o explora mulheres (principalmente pobres e jovens) ao alugarem os seus \u00fateros em troca de ajuda financeira necess\u00e1ria. Por isso, o turismo de fertilidade ocorre principalmente em pa\u00edses com uma economia menos est\u00e1vel.<br\/><br\/><br\/><br\/>   <\/p>\n\n<figure class=\"wp-block-image size-large\"><img loading=\"lazy\" decoding=\"async\" width=\"881\" height=\"1024\" src=\"https:\/\/prolifeeurope.org\/wp-content\/uploads\/2025\/01\/surrogacy-2-881x1024.jpg\" alt=\"\" class=\"wp-image-1501\" srcset=\"https:\/\/prolifeeurope.org\/wp-content\/uploads\/2025\/01\/surrogacy-2-881x1024.jpg 881w, https:\/\/prolifeeurope.org\/wp-content\/uploads\/2025\/01\/surrogacy-2-258x300.jpg 258w, https:\/\/prolifeeurope.org\/wp-content\/uploads\/2025\/01\/surrogacy-2-768x893.jpg 768w, https:\/\/prolifeeurope.org\/wp-content\/uploads\/2025\/01\/surrogacy-2.jpg 1290w\" sizes=\"auto, (max-width: 881px) 100vw, 881px\" \/><\/figure>\n","protected":false},"excerpt":{"rendered":"<p>Semelhante \u00e0 quest\u00e3o da FIV em geral, o uso de uma gestante de substitui\u00e7\u00e3o para ter um filho leva n\u00e3o apenas \u00e0 crian\u00e7a a ser vista como um produto, mas<a href=\"https:\/\/prolifeeurope.org\/pt-pt\/informa-te\/e-quanto-a-gestacao-de-substituicao\/\">Continue reading <span class=\"sr-only\">&#8220;E quanto \u00e0 Gesta\u00e7\u00e3o de Substitui\u00e7\u00e3o?&#8221;<\/span><\/a><\/p>\n","protected":false},"author":14,"featured_media":0,"parent":2808,"menu_order":0,"comment_status":"closed","ping_status":"closed","template":"page-topic.php","meta":{"_acf_changed":false,"_monsterinsights_skip_tracking":false,"_monsterinsights_sitenote_active":false,"_monsterinsights_sitenote_note":"","_monsterinsights_sitenote_category":0,"footnotes":""},"topic":[],"class_list":["post-2848","page","type-page","status-publish","hentry"],"acf":[],"yoast_head":"<!-- This site is optimized with the Yoast SEO plugin v27.2 - https:\/\/yoast.com\/product\/yoast-seo-wordpress\/ -->\n<title>E quanto \u00e0 Gesta\u00e7\u00e3o de Substitui\u00e7\u00e3o? - ProLife Europe<\/title>\n<meta name=\"description\" content=\"As mulheres jovens e economicamente desfavorecidas s\u00e3o as mais afetadas pela explora\u00e7\u00e3o atrav\u00e9s da Gesta\u00e7\u00e3o de Substitui\u00e7\u00e3o.\" \/>\n<meta name=\"robots\" content=\"index, follow, max-snippet:-1, max-image-preview:large, max-video-preview:-1\" \/>\n<link rel=\"canonical\" href=\"https:\/\/prolifeeurope.org\/pt-pt\/informa-te\/e-quanto-a-gestacao-de-substituicao\/\" \/>\n<meta property=\"og:locale\" content=\"pt_PT\" \/>\n<meta property=\"og:type\" content=\"article\" \/>\n<meta property=\"og:title\" content=\"E quanto \u00e0 Gesta\u00e7\u00e3o de Substitui\u00e7\u00e3o? - ProLife Europe\" \/>\n<meta property=\"og:description\" content=\"As mulheres jovens e economicamente desfavorecidas s\u00e3o as mais afetadas pela explora\u00e7\u00e3o atrav\u00e9s da Gesta\u00e7\u00e3o de Substitui\u00e7\u00e3o.\" \/>\n<meta property=\"og:url\" content=\"https:\/\/prolifeeurope.org\/pt-pt\/informa-te\/e-quanto-a-gestacao-de-substituicao\/\" \/>\n<meta property=\"og:site_name\" content=\"ProLife Europe\" \/>\n<meta property=\"article:publisher\" content=\"https:\/\/www.facebook.com\/ProLifeEurope\/\" \/>\n<meta property=\"article:modified_time\" content=\"2025-03-26T18:38:58+00:00\" \/>\n<meta property=\"og:image\" content=\"https:\/\/prolifeeurope.org\/wp-content\/uploads\/2025\/01\/surrogacy-2.jpg\" \/>\n\t<meta property=\"og:image:width\" content=\"1290\" \/>\n\t<meta property=\"og:image:height\" content=\"1500\" \/>\n\t<meta property=\"og:image:type\" content=\"image\/jpeg\" \/>\n<meta name=\"twitter:card\" content=\"summary_large_image\" \/>\n<meta name=\"twitter:label1\" content=\"Tempo estimado de leitura\" \/>\n\t<meta name=\"twitter:data1\" content=\"1 minuto\" \/>\n<script type=\"application\/ld+json\" class=\"yoast-schema-graph\">{\"@context\":\"https:\/\/schema.org\",\"@graph\":[{\"@type\":\"WebPage\",\"@id\":\"https:\/\/prolifeeurope.org\/pt-pt\/informa-te\/e-quanto-a-gestacao-de-substituicao\/\",\"url\":\"https:\/\/prolifeeurope.org\/pt-pt\/informa-te\/e-quanto-a-gestacao-de-substituicao\/\",\"name\":\"E quanto \u00e0 Gesta\u00e7\u00e3o de Substitui\u00e7\u00e3o? - ProLife Europe\",\"isPartOf\":{\"@id\":\"https:\/\/prolifeeurope.org\/pt-pt\/#website\"},\"primaryImageOfPage\":{\"@id\":\"https:\/\/prolifeeurope.org\/pt-pt\/informa-te\/e-quanto-a-gestacao-de-substituicao\/#primaryimage\"},\"image\":{\"@id\":\"https:\/\/prolifeeurope.org\/pt-pt\/informa-te\/e-quanto-a-gestacao-de-substituicao\/#primaryimage\"},\"thumbnailUrl\":\"https:\/\/prolifeeurope.org\/wp-content\/uploads\/2025\/01\/surrogacy-2-881x1024.jpg\",\"datePublished\":\"2025-01-21T22:18:16+00:00\",\"dateModified\":\"2025-03-26T18:38:58+00:00\",\"description\":\"As mulheres jovens e economicamente desfavorecidas s\u00e3o as mais afetadas pela explora\u00e7\u00e3o atrav\u00e9s da Gesta\u00e7\u00e3o de Substitui\u00e7\u00e3o.\",\"breadcrumb\":{\"@id\":\"https:\/\/prolifeeurope.org\/pt-pt\/informa-te\/e-quanto-a-gestacao-de-substituicao\/#breadcrumb\"},\"inLanguage\":\"pt-PT\",\"potentialAction\":[{\"@type\":\"ReadAction\",\"target\":[\"https:\/\/prolifeeurope.org\/pt-pt\/informa-te\/e-quanto-a-gestacao-de-substituicao\/\"]}]},{\"@type\":\"ImageObject\",\"inLanguage\":\"pt-PT\",\"@id\":\"https:\/\/prolifeeurope.org\/pt-pt\/informa-te\/e-quanto-a-gestacao-de-substituicao\/#primaryimage\",\"url\":\"https:\/\/prolifeeurope.org\/wp-content\/uploads\/2025\/01\/surrogacy-2-881x1024.jpg\",\"contentUrl\":\"https:\/\/prolifeeurope.org\/wp-content\/uploads\/2025\/01\/surrogacy-2-881x1024.jpg\"},{\"@type\":\"BreadcrumbList\",\"@id\":\"https:\/\/prolifeeurope.org\/pt-pt\/informa-te\/e-quanto-a-gestacao-de-substituicao\/#breadcrumb\",\"itemListElement\":[{\"@type\":\"ListItem\",\"position\":1,\"name\":\"Home\",\"item\":\"https:\/\/prolifeeurope.org\/pt-pt\/\"},{\"@type\":\"ListItem\",\"position\":2,\"name\":\"Informa-te\",\"item\":\"https:\/\/prolifeeurope.org\/pt-pt\/informa-te\/\"},{\"@type\":\"ListItem\",\"position\":3,\"name\":\"E quanto \u00e0 Gesta\u00e7\u00e3o de Substitui\u00e7\u00e3o?\"}]},{\"@type\":\"WebSite\",\"@id\":\"https:\/\/prolifeeurope.org\/pt-pt\/#website\",\"url\":\"https:\/\/prolifeeurope.org\/pt-pt\/\",\"name\":\"ProLife Europe\",\"description\":\"\",\"publisher\":{\"@id\":\"https:\/\/prolifeeurope.org\/pt-pt\/#organization\"},\"potentialAction\":[{\"@type\":\"SearchAction\",\"target\":{\"@type\":\"EntryPoint\",\"urlTemplate\":\"https:\/\/prolifeeurope.org\/pt-pt\/?s={search_term_string}\"},\"query-input\":{\"@type\":\"PropertyValueSpecification\",\"valueRequired\":true,\"valueName\":\"search_term_string\"}}],\"inLanguage\":\"pt-PT\"},{\"@type\":\"Organization\",\"@id\":\"https:\/\/prolifeeurope.org\/pt-pt\/#organization\",\"name\":\"ProLife Europe\",\"url\":\"https:\/\/prolifeeurope.org\/pt-pt\/\",\"logo\":{\"@type\":\"ImageObject\",\"inLanguage\":\"pt-PT\",\"@id\":\"https:\/\/prolifeeurope.org\/pt-pt\/#\/schema\/logo\/image\/\",\"url\":\"https:\/\/prolifeeurope.org\/wp-content\/uploads\/2024\/11\/logo-3.svg\",\"contentUrl\":\"https:\/\/prolifeeurope.org\/wp-content\/uploads\/2024\/11\/logo-3.svg\",\"width\":166,\"height\":170,\"caption\":\"ProLife Europe\"},\"image\":{\"@id\":\"https:\/\/prolifeeurope.org\/pt-pt\/#\/schema\/logo\/image\/\"},\"sameAs\":[\"https:\/\/www.facebook.com\/ProLifeEurope\/\",\"https:\/\/www.instagram.com\/prolife_europe\/\",\"https:\/\/www.youtube.com\/channel\/UC7olgmdiSVEHZUiP554XozA\"]}]}<\/script>\n<!-- \/ Yoast SEO plugin. -->","yoast_head_json":{"title":"E quanto \u00e0 Gesta\u00e7\u00e3o de Substitui\u00e7\u00e3o? - ProLife Europe","description":"As mulheres jovens e economicamente desfavorecidas s\u00e3o as mais afetadas pela explora\u00e7\u00e3o atrav\u00e9s da Gesta\u00e7\u00e3o de Substitui\u00e7\u00e3o.","robots":{"index":"index","follow":"follow","max-snippet":"max-snippet:-1","max-image-preview":"max-image-preview:large","max-video-preview":"max-video-preview:-1"},"canonical":"https:\/\/prolifeeurope.org\/pt-pt\/informa-te\/e-quanto-a-gestacao-de-substituicao\/","og_locale":"pt_PT","og_type":"article","og_title":"E quanto \u00e0 Gesta\u00e7\u00e3o de Substitui\u00e7\u00e3o? - ProLife Europe","og_description":"As mulheres jovens e economicamente desfavorecidas s\u00e3o as mais afetadas pela explora\u00e7\u00e3o atrav\u00e9s da Gesta\u00e7\u00e3o de Substitui\u00e7\u00e3o.","og_url":"https:\/\/prolifeeurope.org\/pt-pt\/informa-te\/e-quanto-a-gestacao-de-substituicao\/","og_site_name":"ProLife Europe","article_publisher":"https:\/\/www.facebook.com\/ProLifeEurope\/","article_modified_time":"2025-03-26T18:38:58+00:00","og_image":[{"width":1290,"height":1500,"url":"https:\/\/prolifeeurope.org\/wp-content\/uploads\/2025\/01\/surrogacy-2.jpg","type":"image\/jpeg"}],"twitter_card":"summary_large_image","twitter_misc":{"Tempo estimado de leitura":"1 minuto"},"schema":{"@context":"https:\/\/schema.org","@graph":[{"@type":"WebPage","@id":"https:\/\/prolifeeurope.org\/pt-pt\/informa-te\/e-quanto-a-gestacao-de-substituicao\/","url":"https:\/\/prolifeeurope.org\/pt-pt\/informa-te\/e-quanto-a-gestacao-de-substituicao\/","name":"E quanto \u00e0 Gesta\u00e7\u00e3o de Substitui\u00e7\u00e3o? - ProLife Europe","isPartOf":{"@id":"https:\/\/prolifeeurope.org\/pt-pt\/#website"},"primaryImageOfPage":{"@id":"https:\/\/prolifeeurope.org\/pt-pt\/informa-te\/e-quanto-a-gestacao-de-substituicao\/#primaryimage"},"image":{"@id":"https:\/\/prolifeeurope.org\/pt-pt\/informa-te\/e-quanto-a-gestacao-de-substituicao\/#primaryimage"},"thumbnailUrl":"https:\/\/prolifeeurope.org\/wp-content\/uploads\/2025\/01\/surrogacy-2-881x1024.jpg","datePublished":"2025-01-21T22:18:16+00:00","dateModified":"2025-03-26T18:38:58+00:00","description":"As mulheres jovens e economicamente desfavorecidas s\u00e3o as mais afetadas pela explora\u00e7\u00e3o atrav\u00e9s da Gesta\u00e7\u00e3o de Substitui\u00e7\u00e3o.","breadcrumb":{"@id":"https:\/\/prolifeeurope.org\/pt-pt\/informa-te\/e-quanto-a-gestacao-de-substituicao\/#breadcrumb"},"inLanguage":"pt-PT","potentialAction":[{"@type":"ReadAction","target":["https:\/\/prolifeeurope.org\/pt-pt\/informa-te\/e-quanto-a-gestacao-de-substituicao\/"]}]},{"@type":"ImageObject","inLanguage":"pt-PT","@id":"https:\/\/prolifeeurope.org\/pt-pt\/informa-te\/e-quanto-a-gestacao-de-substituicao\/#primaryimage","url":"https:\/\/prolifeeurope.org\/wp-content\/uploads\/2025\/01\/surrogacy-2-881x1024.jpg","contentUrl":"https:\/\/prolifeeurope.org\/wp-content\/uploads\/2025\/01\/surrogacy-2-881x1024.jpg"},{"@type":"BreadcrumbList","@id":"https:\/\/prolifeeurope.org\/pt-pt\/informa-te\/e-quanto-a-gestacao-de-substituicao\/#breadcrumb","itemListElement":[{"@type":"ListItem","position":1,"name":"Home","item":"https:\/\/prolifeeurope.org\/pt-pt\/"},{"@type":"ListItem","position":2,"name":"Informa-te","item":"https:\/\/prolifeeurope.org\/pt-pt\/informa-te\/"},{"@type":"ListItem","position":3,"name":"E quanto \u00e0 Gesta\u00e7\u00e3o de Substitui\u00e7\u00e3o?"}]},{"@type":"WebSite","@id":"https:\/\/prolifeeurope.org\/pt-pt\/#website","url":"https:\/\/prolifeeurope.org\/pt-pt\/","name":"ProLife Europe","description":"","publisher":{"@id":"https:\/\/prolifeeurope.org\/pt-pt\/#organization"},"potentialAction":[{"@type":"SearchAction","target":{"@type":"EntryPoint","urlTemplate":"https:\/\/prolifeeurope.org\/pt-pt\/?s={search_term_string}"},"query-input":{"@type":"PropertyValueSpecification","valueRequired":true,"valueName":"search_term_string"}}],"inLanguage":"pt-PT"},{"@type":"Organization","@id":"https:\/\/prolifeeurope.org\/pt-pt\/#organization","name":"ProLife Europe","url":"https:\/\/prolifeeurope.org\/pt-pt\/","logo":{"@type":"ImageObject","inLanguage":"pt-PT","@id":"https:\/\/prolifeeurope.org\/pt-pt\/#\/schema\/logo\/image\/","url":"https:\/\/prolifeeurope.org\/wp-content\/uploads\/2024\/11\/logo-3.svg","contentUrl":"https:\/\/prolifeeurope.org\/wp-content\/uploads\/2024\/11\/logo-3.svg","width":166,"height":170,"caption":"ProLife Europe"},"image":{"@id":"https:\/\/prolifeeurope.org\/pt-pt\/#\/schema\/logo\/image\/"},"sameAs":["https:\/\/www.facebook.com\/ProLifeEurope\/","https:\/\/www.instagram.com\/prolife_europe\/","https:\/\/www.youtube.com\/channel\/UC7olgmdiSVEHZUiP554XozA"]}]}},"_links":{"self":[{"href":"https:\/\/prolifeeurope.org\/pt-pt\/wp-json\/wp\/v2\/pages\/2848","targetHints":{"allow":["GET"]}}],"collection":[{"href":"https:\/\/prolifeeurope.org\/pt-pt\/wp-json\/wp\/v2\/pages"}],"about":[{"href":"https:\/\/prolifeeurope.org\/pt-pt\/wp-json\/wp\/v2\/types\/page"}],"author":[{"embeddable":true,"href":"https:\/\/prolifeeurope.org\/pt-pt\/wp-json\/wp\/v2\/users\/14"}],"replies":[{"embeddable":true,"href":"https:\/\/prolifeeurope.org\/pt-pt\/wp-json\/wp\/v2\/comments?post=2848"}],"version-history":[{"count":4,"href":"https:\/\/prolifeeurope.org\/pt-pt\/wp-json\/wp\/v2\/pages\/2848\/revisions"}],"predecessor-version":[{"id":3458,"href":"https:\/\/prolifeeurope.org\/pt-pt\/wp-json\/wp\/v2\/pages\/2848\/revisions\/3458"}],"up":[{"embeddable":true,"href":"https:\/\/prolifeeurope.org\/pt-pt\/wp-json\/wp\/v2\/pages\/2808"}],"wp:attachment":[{"href":"https:\/\/prolifeeurope.org\/pt-pt\/wp-json\/wp\/v2\/media?parent=2848"}],"wp:term":[{"taxonomy":"topic","embeddable":true,"href":"https:\/\/prolifeeurope.org\/pt-pt\/wp-json\/wp\/v2\/topic?post=2848"}],"curies":[{"name":"wp","href":"https:\/\/api.w.org\/{rel}","templated":true}]}}