{"id":2846,"date":"2025-01-21T23:18:51","date_gmt":"2025-01-21T22:18:51","guid":{"rendered":"https:\/\/ws-staging.prolifeeurope.org\/informa-te\/feministas-contra-a-fiv-e-a-barriga-de-aluguer\/"},"modified":"2025-03-26T19:42:05","modified_gmt":"2025-03-26T18:42:05","slug":"feministas-contra-a-fiv-e-a-barriga-de-aluguer","status":"publish","type":"page","link":"https:\/\/prolifeeurope.org\/pt-pt\/informa-te\/feministas-contra-a-fiv-e-a-barriga-de-aluguer\/","title":{"rendered":"Feministas contra a FIV e a Gesta\u00e7\u00e3o de Substitui\u00e7\u00e3o"},"content":{"rendered":"\n<p>Imediatamente ap\u00f3s o aparecimento das t\u00e9cnicas de FIV, surgiram muitas vozes cr\u00edticas, tanto em rela\u00e7\u00e3o \u00e0 dignidade das crian\u00e7as \u201cproduzidas\u201d, como tamb\u00e9m aos riscos e amea\u00e7as para as mulheres. A maioria das feministas teve uma resposta negativa, temendo que a t\u00e9cnica, que em breve permitiu a transfer\u00eancia de embri\u00f5es e a barriga de aluguer, fosse explorar ainda mais as mulheres. <sup>[1]<\/sup><\/p>\n\n<p>Especialmente o tema da Gesta\u00e7\u00e3o de Substitui\u00e7\u00e3o tem sido ativamente combatido por v\u00e1rias feministas, entre elas Alice Schwarzer, uma jornalista e publicista alem\u00e3, ativa no movimento feminista desde a d\u00e9cada de 1970. Desde 2018, ela \u00e9 uma das muitas apoiantes de uma iniciativa internacional<sup>[2] <\/sup>chamada \u201cStoppt Leihmutterschaft\u201d [Stop surrogacy].<sup>[3] <\/sup>Esta iniciativa faz parte da organiza\u00e7\u00e3o feminista internacional CIAMS (Coalition Internationale pour l\u2019Abolition de la Maternit\u00e9 de Substitution), que inclui mais de 300 ONGs e organiza\u00e7\u00f5es de direitos humanos em todo o mundo. <sup>[4]<\/sup> Em 2023, mais de 100 cientistas e especialistas de mais de 75 pa\u00edses publicaram a \u201cDeclara\u00e7\u00e3o de Casablanca\u201d <sup>[5]<\/sup>, exigindo que os pa\u00edses do mundo todo proibissem a gesta\u00e7\u00e3o de substitui\u00e7\u00e3o. <\/p>\n\n<hr class=\"wp-block-separator has-alpha-channel-opacity\"\/>\n\n<p class=\"has-small-font-size\"><strong>[1]<\/strong> Williams, Linda (1986): But what will they mean for women? Feminist Concerns about the New Reproductive Technologies. Online: <a href=\"https:\/\/www.criaw-icref.ca\/images\/userfiles\/files\/FP6-%20But%20What%20Will%20They%20Mean%20for%20Women-%20Feminist%20Concerns%20for%20the%20new%20reproductive%20technologies.pdf\" target=\"_blank\" rel=\"noreferrer noopener\">https:\/\/www.criaw-icref.ca\/images\/userfiles\/files\/FP6-%20But%20What%20Will%20They%20Mean%20for%20Women-%20Feminist%20Concerns%20for%20the%20new%20reproductive%20technologies.pdf<\/a>.  <br\/><strong>[2]<\/strong> CIAMS: <a href=\"https:\/\/abolition-ms.org\/en\/home\/\" target=\"_blank\" rel=\"noreferrer noopener\">https:\/\/abolition-ms.org\/en\/home\/<\/a>.<br\/><strong>[3]<\/strong> Stoppt Leihmutterschaft: <a href=\"https:\/\/www.stoppt-leihmutterschaft.at\/\" target=\"_blank\" rel=\"noreferrer noopener\">https:\/\/www.stoppt-leihmutterschaft.at\/<\/a>.<br\/><strong>[4]<\/strong> <a href=\"https:\/\/www.imabe.org\/bioethikaktuell\/einzelansicht\/baby-business-der-krieg-in-der-ukraine-draengt-die-leihmutterschaft-auf-neue-maerkte\" target=\"_blank\" rel=\"noreferrer noopener\">https:\/\/www.imabe.org\/bioethikaktuell\/einzelansicht\/baby-business-der-krieg-in-der-ukraine-draengt-die-leihmutterschaft-auf-neue-maerkte<\/a><br\/><strong>[5]<\/strong> Declara\u00e7\u00e3o de Casablanca : <a href=\"https:\/\/declaration-surrogacy-casablanca.org\/\" target=\"_blank\" rel=\"noreferrer noopener\">https:\/\/declaration-surrogacy-casablanca.org\/<\/a>.<br\/><\/p>\n\n<p><\/p>\n","protected":false},"excerpt":{"rendered":"<p>Imediatamente ap\u00f3s o aparecimento das t\u00e9cnicas de FIV, surgiram muitas vozes cr\u00edticas, tanto em rela\u00e7\u00e3o \u00e0 dignidade das crian\u00e7as \u201cproduzidas\u201d, como tamb\u00e9m aos riscos e amea\u00e7as para as mulheres. A<a href=\"https:\/\/prolifeeurope.org\/pt-pt\/informa-te\/feministas-contra-a-fiv-e-a-barriga-de-aluguer\/\">Continue reading <span class=\"sr-only\">&#8220;Feministas contra a FIV e a Gesta\u00e7\u00e3o de Substitui\u00e7\u00e3o&#8221;<\/span><\/a><\/p>\n","protected":false},"author":14,"featured_media":0,"parent":2808,"menu_order":0,"comment_status":"closed","ping_status":"closed","template":"page-topic.php","meta":{"_acf_changed":false,"_monsterinsights_skip_tracking":false,"_monsterinsights_sitenote_active":false,"_monsterinsights_sitenote_note":"","_monsterinsights_sitenote_category":0,"footnotes":""},"topic":[],"class_list":["post-2846","page","type-page","status-publish","hentry"],"acf":[],"yoast_head":"<!-- This site is optimized with the Yoast SEO plugin v27.2 - https:\/\/yoast.com\/product\/yoast-seo-wordpress\/ -->\n<title>Feministas contra a FIV e a Gesta\u00e7\u00e3o de Substitui\u00e7\u00e3o - ProLife Europe<\/title>\n<meta name=\"description\" content=\"Desde a primeira apari\u00e7\u00e3o das t\u00e9cnicas de fertiliza\u00e7\u00e3o in vitro (FIV), houve muitas vozes cr\u00edticas em rela\u00e7\u00e3o \u00e0 dignidade das crian\u00e7as e \u00e0 explora\u00e7\u00e3o das mulheres.\" \/>\n<meta name=\"robots\" content=\"index, follow, max-snippet:-1, max-image-preview:large, max-video-preview:-1\" \/>\n<link rel=\"canonical\" href=\"https:\/\/prolifeeurope.org\/pt-pt\/informa-te\/feministas-contra-a-fiv-e-a-barriga-de-aluguer\/\" \/>\n<meta property=\"og:locale\" content=\"pt_PT\" \/>\n<meta property=\"og:type\" content=\"article\" \/>\n<meta property=\"og:title\" content=\"Feministas contra a FIV e a Gesta\u00e7\u00e3o de Substitui\u00e7\u00e3o - ProLife Europe\" \/>\n<meta property=\"og:description\" content=\"Desde a primeira apari\u00e7\u00e3o das t\u00e9cnicas de fertiliza\u00e7\u00e3o in vitro (FIV), houve muitas vozes cr\u00edticas em rela\u00e7\u00e3o \u00e0 dignidade das crian\u00e7as e \u00e0 explora\u00e7\u00e3o das mulheres.\" \/>\n<meta property=\"og:url\" content=\"https:\/\/prolifeeurope.org\/pt-pt\/informa-te\/feministas-contra-a-fiv-e-a-barriga-de-aluguer\/\" \/>\n<meta property=\"og:site_name\" content=\"ProLife Europe\" \/>\n<meta property=\"article:publisher\" content=\"https:\/\/www.facebook.com\/ProLifeEurope\/\" \/>\n<meta property=\"article:modified_time\" content=\"2025-03-26T18:42:05+00:00\" \/>\n<meta name=\"twitter:card\" content=\"summary_large_image\" \/>\n<meta name=\"twitter:label1\" content=\"Tempo estimado de leitura\" \/>\n\t<meta name=\"twitter:data1\" content=\"1 minuto\" \/>\n<script type=\"application\/ld+json\" class=\"yoast-schema-graph\">{\"@context\":\"https:\/\/schema.org\",\"@graph\":[{\"@type\":\"WebPage\",\"@id\":\"https:\/\/prolifeeurope.org\/pt-pt\/informa-te\/feministas-contra-a-fiv-e-a-barriga-de-aluguer\/\",\"url\":\"https:\/\/prolifeeurope.org\/pt-pt\/informa-te\/feministas-contra-a-fiv-e-a-barriga-de-aluguer\/\",\"name\":\"Feministas contra a FIV e a Gesta\u00e7\u00e3o de Substitui\u00e7\u00e3o - ProLife Europe\",\"isPartOf\":{\"@id\":\"https:\/\/prolifeeurope.org\/pt-pt\/#website\"},\"datePublished\":\"2025-01-21T22:18:51+00:00\",\"dateModified\":\"2025-03-26T18:42:05+00:00\",\"description\":\"Desde a primeira apari\u00e7\u00e3o das t\u00e9cnicas de fertiliza\u00e7\u00e3o in vitro (FIV), houve muitas vozes cr\u00edticas em rela\u00e7\u00e3o \u00e0 dignidade das crian\u00e7as e \u00e0 explora\u00e7\u00e3o das mulheres.\",\"breadcrumb\":{\"@id\":\"https:\/\/prolifeeurope.org\/pt-pt\/informa-te\/feministas-contra-a-fiv-e-a-barriga-de-aluguer\/#breadcrumb\"},\"inLanguage\":\"pt-PT\",\"potentialAction\":[{\"@type\":\"ReadAction\",\"target\":[\"https:\/\/prolifeeurope.org\/pt-pt\/informa-te\/feministas-contra-a-fiv-e-a-barriga-de-aluguer\/\"]}]},{\"@type\":\"BreadcrumbList\",\"@id\":\"https:\/\/prolifeeurope.org\/pt-pt\/informa-te\/feministas-contra-a-fiv-e-a-barriga-de-aluguer\/#breadcrumb\",\"itemListElement\":[{\"@type\":\"ListItem\",\"position\":1,\"name\":\"Home\",\"item\":\"https:\/\/prolifeeurope.org\/pt-pt\/\"},{\"@type\":\"ListItem\",\"position\":2,\"name\":\"Informa-te\",\"item\":\"https:\/\/prolifeeurope.org\/pt-pt\/informa-te\/\"},{\"@type\":\"ListItem\",\"position\":3,\"name\":\"Feministas contra a FIV e a Gesta\u00e7\u00e3o de Substitui\u00e7\u00e3o\"}]},{\"@type\":\"WebSite\",\"@id\":\"https:\/\/prolifeeurope.org\/pt-pt\/#website\",\"url\":\"https:\/\/prolifeeurope.org\/pt-pt\/\",\"name\":\"ProLife Europe\",\"description\":\"\",\"publisher\":{\"@id\":\"https:\/\/prolifeeurope.org\/pt-pt\/#organization\"},\"potentialAction\":[{\"@type\":\"SearchAction\",\"target\":{\"@type\":\"EntryPoint\",\"urlTemplate\":\"https:\/\/prolifeeurope.org\/pt-pt\/?s={search_term_string}\"},\"query-input\":{\"@type\":\"PropertyValueSpecification\",\"valueRequired\":true,\"valueName\":\"search_term_string\"}}],\"inLanguage\":\"pt-PT\"},{\"@type\":\"Organization\",\"@id\":\"https:\/\/prolifeeurope.org\/pt-pt\/#organization\",\"name\":\"ProLife Europe\",\"url\":\"https:\/\/prolifeeurope.org\/pt-pt\/\",\"logo\":{\"@type\":\"ImageObject\",\"inLanguage\":\"pt-PT\",\"@id\":\"https:\/\/prolifeeurope.org\/pt-pt\/#\/schema\/logo\/image\/\",\"url\":\"https:\/\/prolifeeurope.org\/wp-content\/uploads\/2024\/11\/logo-3.svg\",\"contentUrl\":\"https:\/\/prolifeeurope.org\/wp-content\/uploads\/2024\/11\/logo-3.svg\",\"width\":166,\"height\":170,\"caption\":\"ProLife Europe\"},\"image\":{\"@id\":\"https:\/\/prolifeeurope.org\/pt-pt\/#\/schema\/logo\/image\/\"},\"sameAs\":[\"https:\/\/www.facebook.com\/ProLifeEurope\/\",\"https:\/\/www.instagram.com\/prolife_europe\/\",\"https:\/\/www.youtube.com\/channel\/UC7olgmdiSVEHZUiP554XozA\"]}]}<\/script>\n<!-- \/ Yoast SEO plugin. -->","yoast_head_json":{"title":"Feministas contra a FIV e a Gesta\u00e7\u00e3o de Substitui\u00e7\u00e3o - ProLife Europe","description":"Desde a primeira apari\u00e7\u00e3o das t\u00e9cnicas de fertiliza\u00e7\u00e3o in vitro (FIV), houve muitas vozes cr\u00edticas em rela\u00e7\u00e3o \u00e0 dignidade das crian\u00e7as e \u00e0 explora\u00e7\u00e3o das mulheres.","robots":{"index":"index","follow":"follow","max-snippet":"max-snippet:-1","max-image-preview":"max-image-preview:large","max-video-preview":"max-video-preview:-1"},"canonical":"https:\/\/prolifeeurope.org\/pt-pt\/informa-te\/feministas-contra-a-fiv-e-a-barriga-de-aluguer\/","og_locale":"pt_PT","og_type":"article","og_title":"Feministas contra a FIV e a Gesta\u00e7\u00e3o de Substitui\u00e7\u00e3o - ProLife Europe","og_description":"Desde a primeira apari\u00e7\u00e3o das t\u00e9cnicas de fertiliza\u00e7\u00e3o in vitro (FIV), houve muitas vozes cr\u00edticas em rela\u00e7\u00e3o \u00e0 dignidade das crian\u00e7as e \u00e0 explora\u00e7\u00e3o das mulheres.","og_url":"https:\/\/prolifeeurope.org\/pt-pt\/informa-te\/feministas-contra-a-fiv-e-a-barriga-de-aluguer\/","og_site_name":"ProLife Europe","article_publisher":"https:\/\/www.facebook.com\/ProLifeEurope\/","article_modified_time":"2025-03-26T18:42:05+00:00","twitter_card":"summary_large_image","twitter_misc":{"Tempo estimado de leitura":"1 minuto"},"schema":{"@context":"https:\/\/schema.org","@graph":[{"@type":"WebPage","@id":"https:\/\/prolifeeurope.org\/pt-pt\/informa-te\/feministas-contra-a-fiv-e-a-barriga-de-aluguer\/","url":"https:\/\/prolifeeurope.org\/pt-pt\/informa-te\/feministas-contra-a-fiv-e-a-barriga-de-aluguer\/","name":"Feministas contra a FIV e a Gesta\u00e7\u00e3o de Substitui\u00e7\u00e3o - ProLife Europe","isPartOf":{"@id":"https:\/\/prolifeeurope.org\/pt-pt\/#website"},"datePublished":"2025-01-21T22:18:51+00:00","dateModified":"2025-03-26T18:42:05+00:00","description":"Desde a primeira apari\u00e7\u00e3o das t\u00e9cnicas de fertiliza\u00e7\u00e3o in vitro (FIV), houve muitas vozes cr\u00edticas em rela\u00e7\u00e3o \u00e0 dignidade das crian\u00e7as e \u00e0 explora\u00e7\u00e3o das mulheres.","breadcrumb":{"@id":"https:\/\/prolifeeurope.org\/pt-pt\/informa-te\/feministas-contra-a-fiv-e-a-barriga-de-aluguer\/#breadcrumb"},"inLanguage":"pt-PT","potentialAction":[{"@type":"ReadAction","target":["https:\/\/prolifeeurope.org\/pt-pt\/informa-te\/feministas-contra-a-fiv-e-a-barriga-de-aluguer\/"]}]},{"@type":"BreadcrumbList","@id":"https:\/\/prolifeeurope.org\/pt-pt\/informa-te\/feministas-contra-a-fiv-e-a-barriga-de-aluguer\/#breadcrumb","itemListElement":[{"@type":"ListItem","position":1,"name":"Home","item":"https:\/\/prolifeeurope.org\/pt-pt\/"},{"@type":"ListItem","position":2,"name":"Informa-te","item":"https:\/\/prolifeeurope.org\/pt-pt\/informa-te\/"},{"@type":"ListItem","position":3,"name":"Feministas contra a FIV e a Gesta\u00e7\u00e3o de Substitui\u00e7\u00e3o"}]},{"@type":"WebSite","@id":"https:\/\/prolifeeurope.org\/pt-pt\/#website","url":"https:\/\/prolifeeurope.org\/pt-pt\/","name":"ProLife Europe","description":"","publisher":{"@id":"https:\/\/prolifeeurope.org\/pt-pt\/#organization"},"potentialAction":[{"@type":"SearchAction","target":{"@type":"EntryPoint","urlTemplate":"https:\/\/prolifeeurope.org\/pt-pt\/?s={search_term_string}"},"query-input":{"@type":"PropertyValueSpecification","valueRequired":true,"valueName":"search_term_string"}}],"inLanguage":"pt-PT"},{"@type":"Organization","@id":"https:\/\/prolifeeurope.org\/pt-pt\/#organization","name":"ProLife Europe","url":"https:\/\/prolifeeurope.org\/pt-pt\/","logo":{"@type":"ImageObject","inLanguage":"pt-PT","@id":"https:\/\/prolifeeurope.org\/pt-pt\/#\/schema\/logo\/image\/","url":"https:\/\/prolifeeurope.org\/wp-content\/uploads\/2024\/11\/logo-3.svg","contentUrl":"https:\/\/prolifeeurope.org\/wp-content\/uploads\/2024\/11\/logo-3.svg","width":166,"height":170,"caption":"ProLife Europe"},"image":{"@id":"https:\/\/prolifeeurope.org\/pt-pt\/#\/schema\/logo\/image\/"},"sameAs":["https:\/\/www.facebook.com\/ProLifeEurope\/","https:\/\/www.instagram.com\/prolife_europe\/","https:\/\/www.youtube.com\/channel\/UC7olgmdiSVEHZUiP554XozA"]}]}},"_links":{"self":[{"href":"https:\/\/prolifeeurope.org\/pt-pt\/wp-json\/wp\/v2\/pages\/2846","targetHints":{"allow":["GET"]}}],"collection":[{"href":"https:\/\/prolifeeurope.org\/pt-pt\/wp-json\/wp\/v2\/pages"}],"about":[{"href":"https:\/\/prolifeeurope.org\/pt-pt\/wp-json\/wp\/v2\/types\/page"}],"author":[{"embeddable":true,"href":"https:\/\/prolifeeurope.org\/pt-pt\/wp-json\/wp\/v2\/users\/14"}],"replies":[{"embeddable":true,"href":"https:\/\/prolifeeurope.org\/pt-pt\/wp-json\/wp\/v2\/comments?post=2846"}],"version-history":[{"count":4,"href":"https:\/\/prolifeeurope.org\/pt-pt\/wp-json\/wp\/v2\/pages\/2846\/revisions"}],"predecessor-version":[{"id":3460,"href":"https:\/\/prolifeeurope.org\/pt-pt\/wp-json\/wp\/v2\/pages\/2846\/revisions\/3460"}],"up":[{"embeddable":true,"href":"https:\/\/prolifeeurope.org\/pt-pt\/wp-json\/wp\/v2\/pages\/2808"}],"wp:attachment":[{"href":"https:\/\/prolifeeurope.org\/pt-pt\/wp-json\/wp\/v2\/media?parent=2846"}],"wp:term":[{"taxonomy":"topic","embeddable":true,"href":"https:\/\/prolifeeurope.org\/pt-pt\/wp-json\/wp\/v2\/topic?post=2846"}],"curies":[{"name":"wp","href":"https:\/\/api.w.org\/{rel}","templated":true}]}}