{"id":2843,"date":"2025-01-15T23:48:50","date_gmt":"2025-01-15T22:48:50","guid":{"rendered":"https:\/\/ws-staging.prolifeeurope.org\/informa-te\/estatuto-legal-na-europa\/"},"modified":"2025-03-26T20:03:42","modified_gmt":"2025-03-26T19:03:42","slug":"estatuto-legal-na-europa","status":"publish","type":"page","link":"https:\/\/prolifeeurope.org\/pt-pt\/informa-te\/estatuto-legal-na-europa\/","title":{"rendered":"Estatuto Legal na Europa"},"content":{"rendered":"\n<p>Os regulamentos legais sobre a eutan\u00e1sia variam significativamente pela Europa. Aqui est\u00e1 vis\u00e3o geral da situa\u00e7\u00e3o legal em pa\u00edses selecionados. <\/p>\n\n<p><strong>B\u00e9lgica<\/strong>: A eutan\u00e1sia ativa \u00e9 legal desde 2002 e foi estendida a menores sem limite de idade em 2014. A condi\u00e7\u00e3o \u00e9 que os m\u00e9dicos certifiquem sofrimento insuport\u00e1vel como causa. <\/p>\n\n<p><strong>Dinamarca<\/strong>: A eutan\u00e1sia ativa e o suic\u00eddio assistido s\u00e3o proibidos. A eutan\u00e1sia passiva \u00e9 permitida desde 1992; os pacientes podem recusar medidas de prolongamento da vida atrav\u00e9s de uma declara\u00e7\u00e3o escrita. <\/p>\n\n<p><strong>Alemanha<\/strong>: A eutan\u00e1sia ativa \u00e9 proibida e pun\u00edvel at\u00e9 cinco anos de pris\u00e3o. A eutan\u00e1sia passiva \u00e9 permitida se houver vontade expressa do paciente ou uma diretiva antecipada v\u00e1lida. <\/p>\n\n<p><strong> Fran\u00e7a<\/strong>: A eutan\u00e1sia ativa \u00e9 proibida. A eutan\u00e1sia passiva \u00e9 permitida a pedido do paciente e o tratamento m\u00e9dico pode ser interrompido, mesmo que acelere a morte. <\/p>\n\n<p><strong>Luxemburgo<\/strong>: A eutan\u00e1sia ativa \u00e9 legal desde 2009. Um m\u00e9dico pode ajudar pacientes terminais a p\u00f4r fim \u00e0s suas vidas a pedido, desde que dois m\u00e9dicos confirmem de forma independente que a recupera\u00e7\u00e3o \u00e9 imposs\u00edvel. <\/p>\n\n<p><strong>Pa\u00edses Baixos<\/strong>: A eutan\u00e1sia ativa \u00e9 legal desde 2002. Pacientes terminais podem recorrer \u00e0 eutan\u00e1sia sob condi\u00e7\u00f5es rigorosas. <\/p>\n\n<p><strong>\u00c1ustria<\/strong>: A eutan\u00e1sia ativa \u00e9 proibida e punida at\u00e9 cinco anos de pris\u00e3o. A eutan\u00e1sia passiva \u00e9 permitida se existir a vontade do paciente ou uma diretiva antecipada v\u00e1lida. O suic\u00eddio assistido foi legalizado em 2022, seguindo um processo rigoroso e enfatizando a autonomia do indiv\u00edduo no processo de decis\u00e3o.  <\/p>\n\n<p><strong>Su\u00ed\u00e7a<\/strong>: A eutan\u00e1sia ativa \u00e9 proibida. O suic\u00eddio assistido \u00e9 permitido, desde que n\u00e3o haja motivos ego\u00edstas. Organiza\u00e7\u00f5es como a Exit e a Dignitas apoiam indiv\u00edduos terminais no seu suic\u00eddio.  <\/p>\n\n<p><strong>Espanha<\/strong>: A eutan\u00e1sia ativa e o suic\u00eddio assistido s\u00e3o legais desde 2021. Pessoas com cidadania espanhola ou resid\u00eancia em Espanha podem solicitar a eutan\u00e1sia sob certas condi\u00e7\u00f5es. <\/p>\n\n<p><strong>Pol\u00f3nia<\/strong>: Todas as formas de eutan\u00e1sia, incluindo a eutan\u00e1sia passiva e o suic\u00eddio assistido, s\u00e3o proibidas.<\/p>\n\n<p>Embora n\u00e3o exista legisla\u00e7\u00e3o que permita o suic\u00eddio assistido na Alemanha e em It\u00e1lia, decis\u00f5es recentes dos respetivos Tribunais Supremos podem levar a nova legisla\u00e7\u00e3o no futuro.<\/p>\n\n<p>No Luxemburgo, cerca de 0,7% das mortes n\u00e3o violentas foram devido \u00e0 eutan\u00e1sia ou suic\u00eddio assistido. A legaliza\u00e7\u00e3o ocorreu por volta do ano 2000 na B\u00e9lgica e na Su\u00ed\u00e7a, com taxas de 2,3% e 1,7%, respetivamente. O mesmo se aplica aos Pa\u00edses Baixos, mas com j\u00e1 4,6% das mortes n\u00e3o violentas atribu\u00eddas ao suic\u00eddio assistido ou eutan\u00e1sia. As taxas de mortalidade parecem estar a aumentar de forma constante em todos os lugares onde \u00e9 permitido, tanto na Europa como fora dela.   <\/p>\n","protected":false},"excerpt":{"rendered":"<p>Os regulamentos legais sobre a eutan\u00e1sia variam significativamente pela Europa. Aqui est\u00e1 vis\u00e3o geral da situa\u00e7\u00e3o legal em pa\u00edses selecionados. B\u00e9lgica: A eutan\u00e1sia ativa \u00e9 legal desde 2002 e foi<a href=\"https:\/\/prolifeeurope.org\/pt-pt\/informa-te\/estatuto-legal-na-europa\/\">Continue reading <span class=\"sr-only\">&#8220;Estatuto Legal na Europa&#8221;<\/span><\/a><\/p>\n","protected":false},"author":14,"featured_media":0,"parent":2808,"menu_order":0,"comment_status":"closed","ping_status":"closed","template":"page-topic.php","meta":{"_acf_changed":false,"_monsterinsights_skip_tracking":false,"_monsterinsights_sitenote_active":false,"_monsterinsights_sitenote_note":"","_monsterinsights_sitenote_category":0,"footnotes":""},"topic":[],"class_list":["post-2843","page","type-page","status-publish","hentry"],"acf":[],"yoast_head":"<!-- This site is optimized with the Yoast SEO plugin v27.2 - https:\/\/yoast.com\/product\/yoast-seo-wordpress\/ -->\n<title>Estatuto Legal na Europa - ProLife Europe<\/title>\n<meta name=\"description\" content=\"As leis da eutan\u00e1sia variam bastante em toda a Europa. Aqui encontrar\u00e1s uma vis\u00e3o geral da situa\u00e7\u00e3o nos diferentes pa\u00edses.\" \/>\n<meta name=\"robots\" content=\"index, follow, max-snippet:-1, max-image-preview:large, max-video-preview:-1\" \/>\n<link rel=\"canonical\" href=\"https:\/\/prolifeeurope.org\/pt-pt\/informa-te\/estatuto-legal-na-europa\/\" \/>\n<meta property=\"og:locale\" content=\"pt_PT\" \/>\n<meta property=\"og:type\" content=\"article\" \/>\n<meta property=\"og:title\" content=\"Estatuto Legal na Europa - ProLife Europe\" \/>\n<meta property=\"og:description\" content=\"As leis da eutan\u00e1sia variam bastante em toda a Europa. Aqui encontrar\u00e1s uma vis\u00e3o geral da situa\u00e7\u00e3o nos diferentes pa\u00edses.\" \/>\n<meta property=\"og:url\" content=\"https:\/\/prolifeeurope.org\/pt-pt\/informa-te\/estatuto-legal-na-europa\/\" \/>\n<meta property=\"og:site_name\" content=\"ProLife Europe\" \/>\n<meta property=\"article:publisher\" content=\"https:\/\/www.facebook.com\/ProLifeEurope\/\" \/>\n<meta property=\"article:modified_time\" content=\"2025-03-26T19:03:42+00:00\" \/>\n<meta name=\"twitter:card\" content=\"summary_large_image\" \/>\n<meta name=\"twitter:label1\" content=\"Tempo estimado de leitura\" \/>\n\t<meta name=\"twitter:data1\" content=\"2 minutos\" \/>\n<script type=\"application\/ld+json\" class=\"yoast-schema-graph\">{\"@context\":\"https:\/\/schema.org\",\"@graph\":[{\"@type\":\"WebPage\",\"@id\":\"https:\/\/prolifeeurope.org\/pt-pt\/informa-te\/estatuto-legal-na-europa\/\",\"url\":\"https:\/\/prolifeeurope.org\/pt-pt\/informa-te\/estatuto-legal-na-europa\/\",\"name\":\"Estatuto Legal na Europa - ProLife Europe\",\"isPartOf\":{\"@id\":\"https:\/\/prolifeeurope.org\/pt-pt\/#website\"},\"datePublished\":\"2025-01-15T22:48:50+00:00\",\"dateModified\":\"2025-03-26T19:03:42+00:00\",\"description\":\"As leis da eutan\u00e1sia variam bastante em toda a Europa. Aqui encontrar\u00e1s uma vis\u00e3o geral da situa\u00e7\u00e3o nos diferentes pa\u00edses.\",\"breadcrumb\":{\"@id\":\"https:\/\/prolifeeurope.org\/pt-pt\/informa-te\/estatuto-legal-na-europa\/#breadcrumb\"},\"inLanguage\":\"pt-PT\",\"potentialAction\":[{\"@type\":\"ReadAction\",\"target\":[\"https:\/\/prolifeeurope.org\/pt-pt\/informa-te\/estatuto-legal-na-europa\/\"]}]},{\"@type\":\"BreadcrumbList\",\"@id\":\"https:\/\/prolifeeurope.org\/pt-pt\/informa-te\/estatuto-legal-na-europa\/#breadcrumb\",\"itemListElement\":[{\"@type\":\"ListItem\",\"position\":1,\"name\":\"Home\",\"item\":\"https:\/\/prolifeeurope.org\/pt-pt\/\"},{\"@type\":\"ListItem\",\"position\":2,\"name\":\"Informa-te\",\"item\":\"https:\/\/prolifeeurope.org\/pt-pt\/informa-te\/\"},{\"@type\":\"ListItem\",\"position\":3,\"name\":\"Estatuto Legal na Europa\"}]},{\"@type\":\"WebSite\",\"@id\":\"https:\/\/prolifeeurope.org\/pt-pt\/#website\",\"url\":\"https:\/\/prolifeeurope.org\/pt-pt\/\",\"name\":\"ProLife Europe\",\"description\":\"\",\"publisher\":{\"@id\":\"https:\/\/prolifeeurope.org\/pt-pt\/#organization\"},\"potentialAction\":[{\"@type\":\"SearchAction\",\"target\":{\"@type\":\"EntryPoint\",\"urlTemplate\":\"https:\/\/prolifeeurope.org\/pt-pt\/?s={search_term_string}\"},\"query-input\":{\"@type\":\"PropertyValueSpecification\",\"valueRequired\":true,\"valueName\":\"search_term_string\"}}],\"inLanguage\":\"pt-PT\"},{\"@type\":\"Organization\",\"@id\":\"https:\/\/prolifeeurope.org\/pt-pt\/#organization\",\"name\":\"ProLife Europe\",\"url\":\"https:\/\/prolifeeurope.org\/pt-pt\/\",\"logo\":{\"@type\":\"ImageObject\",\"inLanguage\":\"pt-PT\",\"@id\":\"https:\/\/prolifeeurope.org\/pt-pt\/#\/schema\/logo\/image\/\",\"url\":\"https:\/\/prolifeeurope.org\/wp-content\/uploads\/2024\/11\/logo-3.svg\",\"contentUrl\":\"https:\/\/prolifeeurope.org\/wp-content\/uploads\/2024\/11\/logo-3.svg\",\"width\":166,\"height\":170,\"caption\":\"ProLife Europe\"},\"image\":{\"@id\":\"https:\/\/prolifeeurope.org\/pt-pt\/#\/schema\/logo\/image\/\"},\"sameAs\":[\"https:\/\/www.facebook.com\/ProLifeEurope\/\",\"https:\/\/www.instagram.com\/prolife_europe\/\",\"https:\/\/www.youtube.com\/channel\/UC7olgmdiSVEHZUiP554XozA\"]}]}<\/script>\n<!-- \/ Yoast SEO plugin. -->","yoast_head_json":{"title":"Estatuto Legal na Europa - ProLife Europe","description":"As leis da eutan\u00e1sia variam bastante em toda a Europa. Aqui encontrar\u00e1s uma vis\u00e3o geral da situa\u00e7\u00e3o nos diferentes pa\u00edses.","robots":{"index":"index","follow":"follow","max-snippet":"max-snippet:-1","max-image-preview":"max-image-preview:large","max-video-preview":"max-video-preview:-1"},"canonical":"https:\/\/prolifeeurope.org\/pt-pt\/informa-te\/estatuto-legal-na-europa\/","og_locale":"pt_PT","og_type":"article","og_title":"Estatuto Legal na Europa - ProLife Europe","og_description":"As leis da eutan\u00e1sia variam bastante em toda a Europa. Aqui encontrar\u00e1s uma vis\u00e3o geral da situa\u00e7\u00e3o nos diferentes pa\u00edses.","og_url":"https:\/\/prolifeeurope.org\/pt-pt\/informa-te\/estatuto-legal-na-europa\/","og_site_name":"ProLife Europe","article_publisher":"https:\/\/www.facebook.com\/ProLifeEurope\/","article_modified_time":"2025-03-26T19:03:42+00:00","twitter_card":"summary_large_image","twitter_misc":{"Tempo estimado de leitura":"2 minutos"},"schema":{"@context":"https:\/\/schema.org","@graph":[{"@type":"WebPage","@id":"https:\/\/prolifeeurope.org\/pt-pt\/informa-te\/estatuto-legal-na-europa\/","url":"https:\/\/prolifeeurope.org\/pt-pt\/informa-te\/estatuto-legal-na-europa\/","name":"Estatuto Legal na Europa - ProLife Europe","isPartOf":{"@id":"https:\/\/prolifeeurope.org\/pt-pt\/#website"},"datePublished":"2025-01-15T22:48:50+00:00","dateModified":"2025-03-26T19:03:42+00:00","description":"As leis da eutan\u00e1sia variam bastante em toda a Europa. Aqui encontrar\u00e1s uma vis\u00e3o geral da situa\u00e7\u00e3o nos diferentes pa\u00edses.","breadcrumb":{"@id":"https:\/\/prolifeeurope.org\/pt-pt\/informa-te\/estatuto-legal-na-europa\/#breadcrumb"},"inLanguage":"pt-PT","potentialAction":[{"@type":"ReadAction","target":["https:\/\/prolifeeurope.org\/pt-pt\/informa-te\/estatuto-legal-na-europa\/"]}]},{"@type":"BreadcrumbList","@id":"https:\/\/prolifeeurope.org\/pt-pt\/informa-te\/estatuto-legal-na-europa\/#breadcrumb","itemListElement":[{"@type":"ListItem","position":1,"name":"Home","item":"https:\/\/prolifeeurope.org\/pt-pt\/"},{"@type":"ListItem","position":2,"name":"Informa-te","item":"https:\/\/prolifeeurope.org\/pt-pt\/informa-te\/"},{"@type":"ListItem","position":3,"name":"Estatuto Legal na Europa"}]},{"@type":"WebSite","@id":"https:\/\/prolifeeurope.org\/pt-pt\/#website","url":"https:\/\/prolifeeurope.org\/pt-pt\/","name":"ProLife Europe","description":"","publisher":{"@id":"https:\/\/prolifeeurope.org\/pt-pt\/#organization"},"potentialAction":[{"@type":"SearchAction","target":{"@type":"EntryPoint","urlTemplate":"https:\/\/prolifeeurope.org\/pt-pt\/?s={search_term_string}"},"query-input":{"@type":"PropertyValueSpecification","valueRequired":true,"valueName":"search_term_string"}}],"inLanguage":"pt-PT"},{"@type":"Organization","@id":"https:\/\/prolifeeurope.org\/pt-pt\/#organization","name":"ProLife Europe","url":"https:\/\/prolifeeurope.org\/pt-pt\/","logo":{"@type":"ImageObject","inLanguage":"pt-PT","@id":"https:\/\/prolifeeurope.org\/pt-pt\/#\/schema\/logo\/image\/","url":"https:\/\/prolifeeurope.org\/wp-content\/uploads\/2024\/11\/logo-3.svg","contentUrl":"https:\/\/prolifeeurope.org\/wp-content\/uploads\/2024\/11\/logo-3.svg","width":166,"height":170,"caption":"ProLife Europe"},"image":{"@id":"https:\/\/prolifeeurope.org\/pt-pt\/#\/schema\/logo\/image\/"},"sameAs":["https:\/\/www.facebook.com\/ProLifeEurope\/","https:\/\/www.instagram.com\/prolife_europe\/","https:\/\/www.youtube.com\/channel\/UC7olgmdiSVEHZUiP554XozA"]}]}},"_links":{"self":[{"href":"https:\/\/prolifeeurope.org\/pt-pt\/wp-json\/wp\/v2\/pages\/2843","targetHints":{"allow":["GET"]}}],"collection":[{"href":"https:\/\/prolifeeurope.org\/pt-pt\/wp-json\/wp\/v2\/pages"}],"about":[{"href":"https:\/\/prolifeeurope.org\/pt-pt\/wp-json\/wp\/v2\/types\/page"}],"author":[{"embeddable":true,"href":"https:\/\/prolifeeurope.org\/pt-pt\/wp-json\/wp\/v2\/users\/14"}],"replies":[{"embeddable":true,"href":"https:\/\/prolifeeurope.org\/pt-pt\/wp-json\/wp\/v2\/comments?post=2843"}],"version-history":[{"count":3,"href":"https:\/\/prolifeeurope.org\/pt-pt\/wp-json\/wp\/v2\/pages\/2843\/revisions"}],"predecessor-version":[{"id":3465,"href":"https:\/\/prolifeeurope.org\/pt-pt\/wp-json\/wp\/v2\/pages\/2843\/revisions\/3465"}],"up":[{"embeddable":true,"href":"https:\/\/prolifeeurope.org\/pt-pt\/wp-json\/wp\/v2\/pages\/2808"}],"wp:attachment":[{"href":"https:\/\/prolifeeurope.org\/pt-pt\/wp-json\/wp\/v2\/media?parent=2843"}],"wp:term":[{"taxonomy":"topic","embeddable":true,"href":"https:\/\/prolifeeurope.org\/pt-pt\/wp-json\/wp\/v2\/topic?post=2843"}],"curies":[{"name":"wp","href":"https:\/\/api.w.org\/{rel}","templated":true}]}}