{"id":2839,"date":"2025-01-17T19:50:45","date_gmt":"2025-01-17T18:50:45","guid":{"rendered":"https:\/\/ws-staging.prolifeeurope.org\/informa-te\/adocao-na-europa-leis-e-estatisticas\/"},"modified":"2025-03-26T19:06:35","modified_gmt":"2025-03-26T18:06:35","slug":"adocao-na-europa-leis-e-estatisticas","status":"publish","type":"page","link":"https:\/\/prolifeeurope.org\/pt-pt\/informa-te\/adocao-na-europa-leis-e-estatisticas\/","title":{"rendered":"Ado\u00e7\u00e3o na Europa: leis e estat\u00edsticas"},"content":{"rendered":"\n<p>Aqui est\u00e1 uma vis\u00e3o geral das <strong>leis de ado\u00e7\u00e3o<\/strong> e <strong>estat\u00edsticas<\/strong> para diferentes pa\u00edses europeus. As leis de ado\u00e7\u00e3o variam significativamente em toda a Europa em termos de elegibilidade, tipos de ado\u00e7\u00e3o permitidos (nacional e internacional) e os direitos dos pais adotivos. Da mesma forma, as taxas de ado\u00e7\u00e3o variam dependendo de fatores culturais, legais e socioecon\u00f3micos.  <\/p>\n\n<h2 class=\"wp-block-heading\">Reino Unido<\/h2>\n\n<ul class=\"wp-block-list\">\n<li><strong>Leis<\/strong>: A ado\u00e7\u00e3o \u00e9 regulamentada pela <strong>Lei de Ado\u00e7\u00e3o e Crian\u00e7as de 2002<\/strong>. A ado\u00e7\u00e3o est\u00e1 aberta a<strong> casais heterossexuais, indiv\u00edduos solteiros<\/strong> e<strong> casais do mesmo sexo <\/strong>(desde 2005). Processos de avalia\u00e7\u00e3o rigorosos garantem a adequa\u00e7\u00e3o dos pais adotivos.  <\/li>\n\n\n\n<li><strong>Estat\u00edsticas<\/strong>: Cerca de<strong> 3.440 crian\u00e7as <\/strong>foram adotadas no Reino Unido em 2021. As taxas de ado\u00e7\u00e3o diminu\u00edram ligeiramente, especialmente para crian\u00e7as mais novas. <\/li>\n<\/ul>\n\n<h2 class=\"wp-block-heading\">Fran\u00e7a<\/h2>\n\n<ul class=\"wp-block-list\">\n<li><strong>Leis<\/strong>: Regido pelo <strong>C\u00f3digo Civil Franc\u00eas<\/strong>. Existem dois tipos de ado\u00e7\u00e3o: a <strong>ado\u00e7\u00e3o plena<\/strong> (total, que corta os la\u00e7os com a fam\u00edlia biol\u00f3gica) e a <strong>ado\u00e7\u00e3o simples<\/strong> (mant\u00e9m alguns la\u00e7os legais). A ado\u00e7\u00e3o est\u00e1 aberta a<strong> pessoas casadas <\/strong>e indiv\u00edduos solteiros.<br\/><br\/><br\/><br\/>  <\/li>\n\n\n\n<li><strong>Estat\u00edsticas<\/strong>: Em 2020, ocorreram cerca de <strong>706 ado\u00e7\u00f5es nacionais<\/strong>. As ado\u00e7\u00f5es internacionais diminu\u00edram significativamente devido a regulamenta\u00e7\u00f5es mais rigorosas. <\/li>\n<\/ul>\n\n<h2 class=\"wp-block-heading\">Alemanha<\/h2>\n\n<ul class=\"wp-block-list\">\n<li><strong>Leis<\/strong>: Regido pelo<strong> C\u00f3digo Civil Alem\u00e3o (BGB)<\/strong>. <strong>Ado\u00e7\u00e3o plena e ado\u00e7\u00e3o de enteado<\/strong> s\u00e3o os principais tipos. Casais do mesmo sexo podem adotar em conjunto desde 2017. <\/li>\n\n\n\n<li><strong>Estat\u00edsticas<\/strong>: Em 2020, houve <strong>3.775 ado\u00e7\u00f5es<\/strong> na Alemanha, sendo que cerca de 50% delas envolveram enteados.<\/li>\n<\/ul>\n\n<h2 class=\"wp-block-heading\">It\u00e1lia<\/h2>\n\n<ul class=\"wp-block-list\">\n<li><strong>Leis<\/strong>: Regido pela <strong>Lei n\u00ba 184\/1983<\/strong>. A ado\u00e7\u00e3o est\u00e1 aberta a <strong>pessoas casadas<\/strong> e apenas esses casais podem adotar, ao contr\u00e1rio de outros pa\u00edses europeus. Indiv\u00edduos solteiros n\u00e3o podem adotar, exceto em casos espec\u00edficos, como na ado\u00e7\u00e3o de enteados.  <\/li>\n\n\n\n<li><strong>Estat\u00edsticas<\/strong>: A It\u00e1lia tem uma taxa de ado\u00e7\u00e3o mais baixa, com <strong>1.183 ado\u00e7\u00f5es<\/strong> em 2019. A It\u00e1lia tamb\u00e9m \u00e9 um participante importante na <strong>ado\u00e7\u00e3o internacional<\/strong>. <\/li>\n<\/ul>\n\n<h2 class=\"wp-block-heading\">Su\u00e9cia<\/h2>\n\n<ul class=\"wp-block-list\">\n<li><strong>Leis<\/strong>: Regulada pela <strong>Lei de Ado\u00e7\u00e3o<\/strong>. <strong>Casais do mesmo sexo<\/strong> podem adotar e a Su\u00e9cia permite a <strong>ado\u00e7\u00e3o internacional<\/strong>. O processo \u00e9 apoiado por uma triagem rigorosa e um sistema transparente. <\/li>\n\n\n\n<li><strong>Estat\u00edsticas<\/strong>: Ocorreram cerca de <strong>411 ado\u00e7\u00f5es<\/strong> em 2020, sendo que uma grande parte delas foram ado\u00e7\u00f5es internacionais.<br\/><br\/><br\/><br\/><\/li>\n<\/ul>\n\n<h2 class=\"wp-block-heading\">Espanha<\/h2>\n\n<ul class=\"wp-block-list\">\n<li><strong>Leis<\/strong>: Espanha permite a ado\u00e7\u00e3o por<strong> pessoas casadas, indiv\u00edduos solteiros<\/strong> e<strong> casais do mesmo sexo<\/strong>. O pa\u00eds tem uma das posturas mais progressistas em rela\u00e7\u00e3o \u00e0 ado\u00e7\u00e3o.<br\/><br\/><br\/><br\/> <\/li>\n\n\n\n<li><strong>Estat\u00edsticas<\/strong>: Ocorreram cerca de <strong>1.100 ado\u00e7\u00f5es<\/strong> em 2020. As ado\u00e7\u00f5es internacionais diminu\u00edram nos \u00faltimos anos devido a mudan\u00e7as na legisla\u00e7\u00e3o internacional e \u00e0 redu\u00e7\u00e3o da disponibilidade de crian\u00e7as para ado\u00e7\u00e3o. <\/li>\n<\/ul>\n\n<h2 class=\"wp-block-heading\">Finl\u00e2ndia<\/h2>\n\n<ul class=\"wp-block-list\">\n<li><strong>Leis<\/strong>: Regulada pela <strong>Lei de Ado\u00e7\u00e3o da Finl\u00e2ndia<\/strong> de 2012. A ado\u00e7\u00e3o \u00e9 permitida para <strong>pessoas casadas e parceiros registados<\/strong>, incluindo casais do mesmo sexo. A Finl\u00e2ndia \u00e9 rigorosa em garantir que os melhores interesses das crian\u00e7as sejam priorizados.<br\/><br\/><br\/><br\/>  <\/li>\n\n\n\n<li><strong>Estat\u00edsticas<\/strong>: A Finl\u00e2ndia tem uma taxa de ado\u00e7\u00e3o relativamente baixa, com cerca de <strong>150 ado\u00e7\u00f5es<\/strong> por ano.<\/li>\n<\/ul>\n\n<h2 class=\"wp-block-heading\">Pa\u00edses Baixos<\/h2>\n\n<ul class=\"wp-block-list\">\n<li><strong>Leis<\/strong>: A ado\u00e7\u00e3o \u00e9 regulamentada pelo<strong> C\u00f3digo Civil<\/strong> e permite a <strong>ado\u00e7\u00e3o conjunta <\/strong>para pessoas casadas e casais do mesmo sexo desde 2001. Indiv\u00edduos solteiros tamb\u00e9m podem adotar. <\/li>\n\n\n\n<li><strong>Estat\u00edsticas<\/strong>: Ocorreram <strong>500 ado\u00e7\u00f5es<\/strong> em 2020. Os Pa\u00edses Baixos foram historicamente um centro para ado\u00e7\u00e3o internacional, mas isso diminuiu significativamente. <\/li>\n<\/ul>\n\n<h2 class=\"wp-block-heading\">Pol\u00f3nia<\/h2>\n\n<ul class=\"wp-block-list\">\n<li><strong>Leis<\/strong>: A ado\u00e7\u00e3o \u00e9 permitida para<strong> pessoas casadas <\/strong>e, em alguns casos, para indiv\u00edduos solteiros. A ado\u00e7\u00e3o \u00e9 altamente regulamentada, com foco na ado\u00e7\u00e3o nacional.<br\/><br\/><br\/><br\/> <\/li>\n\n\n\n<li><strong>Estat\u00edsticas<\/strong>: Em 2019, <strong>2.970 crian\u00e7as<\/strong> foram adotadas na Pol\u00f3nia, principalmente de forma nacional.<\/li>\n<\/ul>\n\n<h2 class=\"wp-block-heading\">Gr\u00e9cia<\/h2>\n\n<ul class=\"wp-block-list\">\n<li><strong>Leis<\/strong>: As leis de ado\u00e7\u00e3o foram reformadas em 2018, permitindo que <strong>pessoas casadas <\/strong>e indiv\u00edduos solteiros adotem. Casais do mesmo sexo n\u00e3o podem adotar.<br\/><br\/><br\/><br\/> <\/li>\n\n\n\n<li><strong>Estat\u00edsticas<\/strong>: A Gr\u00e9cia regista cerca de <strong>300 ado\u00e7\u00f5es<\/strong> por ano, um n\u00famero relativamente baixo, com muitos \u00f3rf\u00e3os a permanecer nos cuidados estatais.<\/li>\n<\/ul>\n\n<h2 class=\"wp-block-heading\">Noruega<\/h2>\n\n<ul class=\"wp-block-list\">\n<li><strong>Leis<\/strong>: A Noruega possui um sistema de ado\u00e7\u00e3o inclusivo que permite que <strong>indiv\u00edduos solteiros,<\/strong> <strong>casais do mesmo sexo<\/strong> e <strong>pessoas casadas<\/strong> adotem.<br\/><br\/><br\/><br\/><\/li>\n\n\n\n<li><strong>Estat\u00edsticas<\/strong>: A Noruega regista cerca de <strong>250 ado\u00e7\u00f5es por ano<\/strong>, sendo a maioria ado\u00e7\u00f5es internacionais.<br\/><br\/><br\/><br\/><\/li>\n<\/ul>\n\n<h2 class=\"wp-block-heading\">R\u00fassia<\/h2>\n\n<ul class=\"wp-block-list\">\n<li><strong>Leis<\/strong>: Apenas<strong> casais heterossexuais<\/strong> e <strong>indiv\u00edduos solteiros <\/strong>podem adotar. A ado\u00e7\u00e3o por casais do mesmo sexo \u00e9 proibida. <\/li>\n\n\n\n<li><strong>Estat\u00edsticas<\/strong>: A R\u00fassia tem um <strong>n\u00famero elevado de \u00f3rf\u00e3os<\/strong>, com cerca de <strong>46.000 ado\u00e7\u00f5es<\/strong> em 2019, embora muitas delas tenham sido nacionais.<\/li>\n<\/ul>\n\n<h2 class=\"wp-block-heading\">Dinamarca<\/h2>\n\n<ul class=\"wp-block-list\">\n<li><strong>Leis<\/strong>: A ado\u00e7\u00e3o \u00e9 permitida para <strong>casais heterossexuais<\/strong> e <strong>casais do mesmo sexo<\/strong>. A<strong> Lei de Ado\u00e7\u00e3o<\/strong> Dinamarquesa \u00e9 inclusiva, mas exige rigorosas verifica\u00e7\u00f5es de antecedentes. <\/li>\n\n\n\n<li><strong>Estat\u00edsticas<\/strong>: Cerca de <strong>200 crian\u00e7as<\/strong> s\u00e3o adotadas anualmente, principalmente de forma internacional.<\/li>\n<\/ul>\n\n<h2 class=\"wp-block-heading\">Tend\u00eancias Comuns:<\/h2>\n\n<ul class=\"wp-block-list\">\n<li><strong>Ado\u00e7\u00e3o Nacional vs Internacional<\/strong>: A ado\u00e7\u00e3o nacional \u00e9 mais comum em toda a Europa, especialmente com a diminui\u00e7\u00e3o da ado\u00e7\u00e3o internacional em pa\u00edses como It\u00e1lia, Fran\u00e7a e Pa\u00edses Baixos.<\/li>\n\n\n\n<li><strong>Ado\u00e7\u00e3o por Casais do Mesmo Sexo<\/strong>: A ado\u00e7\u00e3o por casais do mesmo sexo \u00e9 legal na maioria dos pa\u00edses da Europa Ocidental, mas muitos pa\u00edses da Europa Oriental e alguns pa\u00edses da Europa Meridional restringem a ado\u00e7\u00e3o a casais heterossexuais.<\/li>\n\n\n\n<li><strong>Decl\u00ednio na Ado\u00e7\u00e3o Internacional<\/strong>: A diminui\u00e7\u00e3o das ado\u00e7\u00f5es internacionais deve-se ao endurecimento das regulamenta\u00e7\u00f5es e ao menor n\u00famero de crian\u00e7as para ado\u00e7\u00e3o em pa\u00edses estrangeiros.<\/li>\n<\/ul>\n","protected":false},"excerpt":{"rendered":"<p>Aqui est\u00e1 uma vis\u00e3o geral das leis de ado\u00e7\u00e3o e estat\u00edsticas para diferentes pa\u00edses europeus. As leis de ado\u00e7\u00e3o variam significativamente em toda a Europa em termos de elegibilidade, tipos<a href=\"https:\/\/prolifeeurope.org\/pt-pt\/informa-te\/adocao-na-europa-leis-e-estatisticas\/\">Continue reading <span class=\"sr-only\">&#8220;Ado\u00e7\u00e3o na Europa: leis e estat\u00edsticas&#8221;<\/span><\/a><\/p>\n","protected":false},"author":14,"featured_media":0,"parent":2808,"menu_order":0,"comment_status":"closed","ping_status":"closed","template":"page-topic.php","meta":{"_acf_changed":false,"_monsterinsights_skip_tracking":false,"_monsterinsights_sitenote_active":false,"_monsterinsights_sitenote_note":"","_monsterinsights_sitenote_category":0,"footnotes":""},"topic":[],"class_list":["post-2839","page","type-page","status-publish","hentry"],"acf":[],"yoast_head":"<!-- This site is optimized with the Yoast SEO plugin v27.2 - https:\/\/yoast.com\/product\/yoast-seo-wordpress\/ -->\n<title>Ado\u00e7\u00e3o na Europa: leis e estat\u00edsticas - ProLife Europe<\/title>\n<meta name=\"description\" content=\"Aqui est\u00e1 uma vis\u00e3o geral das leis e estat\u00edsticas sobre ado\u00e7\u00e3o em v\u00e1rios pa\u00edses europeus. Elas variam significativamente em toda a Europa.\" \/>\n<meta name=\"robots\" content=\"index, follow, max-snippet:-1, max-image-preview:large, max-video-preview:-1\" \/>\n<link rel=\"canonical\" href=\"https:\/\/prolifeeurope.org\/pt-pt\/informa-te\/adocao-na-europa-leis-e-estatisticas\/\" \/>\n<meta property=\"og:locale\" content=\"pt_PT\" \/>\n<meta property=\"og:type\" content=\"article\" \/>\n<meta property=\"og:title\" content=\"Ado\u00e7\u00e3o na Europa: leis e estat\u00edsticas - ProLife Europe\" \/>\n<meta property=\"og:description\" content=\"Aqui est\u00e1 uma vis\u00e3o geral das leis e estat\u00edsticas sobre ado\u00e7\u00e3o em v\u00e1rios pa\u00edses europeus. Elas variam significativamente em toda a Europa.\" \/>\n<meta property=\"og:url\" content=\"https:\/\/prolifeeurope.org\/pt-pt\/informa-te\/adocao-na-europa-leis-e-estatisticas\/\" \/>\n<meta property=\"og:site_name\" content=\"ProLife Europe\" \/>\n<meta property=\"article:publisher\" content=\"https:\/\/www.facebook.com\/ProLifeEurope\/\" \/>\n<meta property=\"article:modified_time\" content=\"2025-03-26T18:06:35+00:00\" \/>\n<meta name=\"twitter:card\" content=\"summary_large_image\" \/>\n<meta name=\"twitter:label1\" content=\"Tempo estimado de leitura\" \/>\n\t<meta name=\"twitter:data1\" content=\"4 minutos\" \/>\n<script type=\"application\/ld+json\" class=\"yoast-schema-graph\">{\"@context\":\"https:\/\/schema.org\",\"@graph\":[{\"@type\":\"WebPage\",\"@id\":\"https:\/\/prolifeeurope.org\/pt-pt\/informa-te\/adocao-na-europa-leis-e-estatisticas\/\",\"url\":\"https:\/\/prolifeeurope.org\/pt-pt\/informa-te\/adocao-na-europa-leis-e-estatisticas\/\",\"name\":\"Ado\u00e7\u00e3o na Europa: leis e estat\u00edsticas - ProLife Europe\",\"isPartOf\":{\"@id\":\"https:\/\/prolifeeurope.org\/pt-pt\/#website\"},\"datePublished\":\"2025-01-17T18:50:45+00:00\",\"dateModified\":\"2025-03-26T18:06:35+00:00\",\"description\":\"Aqui est\u00e1 uma vis\u00e3o geral das leis e estat\u00edsticas sobre ado\u00e7\u00e3o em v\u00e1rios pa\u00edses europeus. Elas variam significativamente em toda a Europa.\",\"breadcrumb\":{\"@id\":\"https:\/\/prolifeeurope.org\/pt-pt\/informa-te\/adocao-na-europa-leis-e-estatisticas\/#breadcrumb\"},\"inLanguage\":\"pt-PT\",\"potentialAction\":[{\"@type\":\"ReadAction\",\"target\":[\"https:\/\/prolifeeurope.org\/pt-pt\/informa-te\/adocao-na-europa-leis-e-estatisticas\/\"]}]},{\"@type\":\"BreadcrumbList\",\"@id\":\"https:\/\/prolifeeurope.org\/pt-pt\/informa-te\/adocao-na-europa-leis-e-estatisticas\/#breadcrumb\",\"itemListElement\":[{\"@type\":\"ListItem\",\"position\":1,\"name\":\"Home\",\"item\":\"https:\/\/prolifeeurope.org\/pt-pt\/\"},{\"@type\":\"ListItem\",\"position\":2,\"name\":\"Informa-te\",\"item\":\"https:\/\/prolifeeurope.org\/pt-pt\/informa-te\/\"},{\"@type\":\"ListItem\",\"position\":3,\"name\":\"Ado\u00e7\u00e3o na Europa: leis e estat\u00edsticas\"}]},{\"@type\":\"WebSite\",\"@id\":\"https:\/\/prolifeeurope.org\/pt-pt\/#website\",\"url\":\"https:\/\/prolifeeurope.org\/pt-pt\/\",\"name\":\"ProLife Europe\",\"description\":\"\",\"publisher\":{\"@id\":\"https:\/\/prolifeeurope.org\/pt-pt\/#organization\"},\"potentialAction\":[{\"@type\":\"SearchAction\",\"target\":{\"@type\":\"EntryPoint\",\"urlTemplate\":\"https:\/\/prolifeeurope.org\/pt-pt\/?s={search_term_string}\"},\"query-input\":{\"@type\":\"PropertyValueSpecification\",\"valueRequired\":true,\"valueName\":\"search_term_string\"}}],\"inLanguage\":\"pt-PT\"},{\"@type\":\"Organization\",\"@id\":\"https:\/\/prolifeeurope.org\/pt-pt\/#organization\",\"name\":\"ProLife Europe\",\"url\":\"https:\/\/prolifeeurope.org\/pt-pt\/\",\"logo\":{\"@type\":\"ImageObject\",\"inLanguage\":\"pt-PT\",\"@id\":\"https:\/\/prolifeeurope.org\/pt-pt\/#\/schema\/logo\/image\/\",\"url\":\"https:\/\/prolifeeurope.org\/wp-content\/uploads\/2024\/11\/logo-3.svg\",\"contentUrl\":\"https:\/\/prolifeeurope.org\/wp-content\/uploads\/2024\/11\/logo-3.svg\",\"width\":166,\"height\":170,\"caption\":\"ProLife Europe\"},\"image\":{\"@id\":\"https:\/\/prolifeeurope.org\/pt-pt\/#\/schema\/logo\/image\/\"},\"sameAs\":[\"https:\/\/www.facebook.com\/ProLifeEurope\/\",\"https:\/\/www.instagram.com\/prolife_europe\/\",\"https:\/\/www.youtube.com\/channel\/UC7olgmdiSVEHZUiP554XozA\"]}]}<\/script>\n<!-- \/ Yoast SEO plugin. -->","yoast_head_json":{"title":"Ado\u00e7\u00e3o na Europa: leis e estat\u00edsticas - ProLife Europe","description":"Aqui est\u00e1 uma vis\u00e3o geral das leis e estat\u00edsticas sobre ado\u00e7\u00e3o em v\u00e1rios pa\u00edses europeus. Elas variam significativamente em toda a Europa.","robots":{"index":"index","follow":"follow","max-snippet":"max-snippet:-1","max-image-preview":"max-image-preview:large","max-video-preview":"max-video-preview:-1"},"canonical":"https:\/\/prolifeeurope.org\/pt-pt\/informa-te\/adocao-na-europa-leis-e-estatisticas\/","og_locale":"pt_PT","og_type":"article","og_title":"Ado\u00e7\u00e3o na Europa: leis e estat\u00edsticas - ProLife Europe","og_description":"Aqui est\u00e1 uma vis\u00e3o geral das leis e estat\u00edsticas sobre ado\u00e7\u00e3o em v\u00e1rios pa\u00edses europeus. Elas variam significativamente em toda a Europa.","og_url":"https:\/\/prolifeeurope.org\/pt-pt\/informa-te\/adocao-na-europa-leis-e-estatisticas\/","og_site_name":"ProLife Europe","article_publisher":"https:\/\/www.facebook.com\/ProLifeEurope\/","article_modified_time":"2025-03-26T18:06:35+00:00","twitter_card":"summary_large_image","twitter_misc":{"Tempo estimado de leitura":"4 minutos"},"schema":{"@context":"https:\/\/schema.org","@graph":[{"@type":"WebPage","@id":"https:\/\/prolifeeurope.org\/pt-pt\/informa-te\/adocao-na-europa-leis-e-estatisticas\/","url":"https:\/\/prolifeeurope.org\/pt-pt\/informa-te\/adocao-na-europa-leis-e-estatisticas\/","name":"Ado\u00e7\u00e3o na Europa: leis e estat\u00edsticas - ProLife Europe","isPartOf":{"@id":"https:\/\/prolifeeurope.org\/pt-pt\/#website"},"datePublished":"2025-01-17T18:50:45+00:00","dateModified":"2025-03-26T18:06:35+00:00","description":"Aqui est\u00e1 uma vis\u00e3o geral das leis e estat\u00edsticas sobre ado\u00e7\u00e3o em v\u00e1rios pa\u00edses europeus. Elas variam significativamente em toda a Europa.","breadcrumb":{"@id":"https:\/\/prolifeeurope.org\/pt-pt\/informa-te\/adocao-na-europa-leis-e-estatisticas\/#breadcrumb"},"inLanguage":"pt-PT","potentialAction":[{"@type":"ReadAction","target":["https:\/\/prolifeeurope.org\/pt-pt\/informa-te\/adocao-na-europa-leis-e-estatisticas\/"]}]},{"@type":"BreadcrumbList","@id":"https:\/\/prolifeeurope.org\/pt-pt\/informa-te\/adocao-na-europa-leis-e-estatisticas\/#breadcrumb","itemListElement":[{"@type":"ListItem","position":1,"name":"Home","item":"https:\/\/prolifeeurope.org\/pt-pt\/"},{"@type":"ListItem","position":2,"name":"Informa-te","item":"https:\/\/prolifeeurope.org\/pt-pt\/informa-te\/"},{"@type":"ListItem","position":3,"name":"Ado\u00e7\u00e3o na Europa: leis e estat\u00edsticas"}]},{"@type":"WebSite","@id":"https:\/\/prolifeeurope.org\/pt-pt\/#website","url":"https:\/\/prolifeeurope.org\/pt-pt\/","name":"ProLife Europe","description":"","publisher":{"@id":"https:\/\/prolifeeurope.org\/pt-pt\/#organization"},"potentialAction":[{"@type":"SearchAction","target":{"@type":"EntryPoint","urlTemplate":"https:\/\/prolifeeurope.org\/pt-pt\/?s={search_term_string}"},"query-input":{"@type":"PropertyValueSpecification","valueRequired":true,"valueName":"search_term_string"}}],"inLanguage":"pt-PT"},{"@type":"Organization","@id":"https:\/\/prolifeeurope.org\/pt-pt\/#organization","name":"ProLife Europe","url":"https:\/\/prolifeeurope.org\/pt-pt\/","logo":{"@type":"ImageObject","inLanguage":"pt-PT","@id":"https:\/\/prolifeeurope.org\/pt-pt\/#\/schema\/logo\/image\/","url":"https:\/\/prolifeeurope.org\/wp-content\/uploads\/2024\/11\/logo-3.svg","contentUrl":"https:\/\/prolifeeurope.org\/wp-content\/uploads\/2024\/11\/logo-3.svg","width":166,"height":170,"caption":"ProLife Europe"},"image":{"@id":"https:\/\/prolifeeurope.org\/pt-pt\/#\/schema\/logo\/image\/"},"sameAs":["https:\/\/www.facebook.com\/ProLifeEurope\/","https:\/\/www.instagram.com\/prolife_europe\/","https:\/\/www.youtube.com\/channel\/UC7olgmdiSVEHZUiP554XozA"]}]}},"_links":{"self":[{"href":"https:\/\/prolifeeurope.org\/pt-pt\/wp-json\/wp\/v2\/pages\/2839","targetHints":{"allow":["GET"]}}],"collection":[{"href":"https:\/\/prolifeeurope.org\/pt-pt\/wp-json\/wp\/v2\/pages"}],"about":[{"href":"https:\/\/prolifeeurope.org\/pt-pt\/wp-json\/wp\/v2\/types\/page"}],"author":[{"embeddable":true,"href":"https:\/\/prolifeeurope.org\/pt-pt\/wp-json\/wp\/v2\/users\/14"}],"replies":[{"embeddable":true,"href":"https:\/\/prolifeeurope.org\/pt-pt\/wp-json\/wp\/v2\/comments?post=2839"}],"version-history":[{"count":7,"href":"https:\/\/prolifeeurope.org\/pt-pt\/wp-json\/wp\/v2\/pages\/2839\/revisions"}],"predecessor-version":[{"id":3453,"href":"https:\/\/prolifeeurope.org\/pt-pt\/wp-json\/wp\/v2\/pages\/2839\/revisions\/3453"}],"up":[{"embeddable":true,"href":"https:\/\/prolifeeurope.org\/pt-pt\/wp-json\/wp\/v2\/pages\/2808"}],"wp:attachment":[{"href":"https:\/\/prolifeeurope.org\/pt-pt\/wp-json\/wp\/v2\/media?parent=2839"}],"wp:term":[{"taxonomy":"topic","embeddable":true,"href":"https:\/\/prolifeeurope.org\/pt-pt\/wp-json\/wp\/v2\/topic?post=2839"}],"curies":[{"name":"wp","href":"https:\/\/api.w.org\/{rel}","templated":true}]}}