{"id":2833,"date":"2025-01-15T18:15:32","date_gmt":"2025-01-15T17:15:32","guid":{"rendered":"https:\/\/ws-staging.prolifeeurope.org\/informa-te\/bebes-com-deficiencias\/"},"modified":"2025-03-26T17:02:07","modified_gmt":"2025-03-26T16:02:07","slug":"bebes-com-deficiencias","status":"publish","type":"page","link":"https:\/\/prolifeeurope.org\/pt-pt\/informa-te\/bebes-com-deficiencias\/","title":{"rendered":"Beb\u00e9s com defici\u00eancias"},"content":{"rendered":"\n<p>Os abortos s\u00e3o frequentemente realizados quando os m\u00e9dicos detetam uma poss\u00edvel defici\u00eancia, o que \u00e9 conhecido como aborto seletivo por defici\u00eancia. Isto \u00e9 uma clara discrimina\u00e7\u00e3o contra as pessoas com defici\u00eancias. Para cada pessoa que vive com uma defici\u00eancia, isso transmite a mensagem de que s\u00e3o indesejadas na nossa sociedade.  <\/p>\n\n<p>Abortar uma crian\u00e7a devido a uma defici\u00eancia \u00e9 uma clara viola\u00e7\u00e3o de todos os direitos humanos b\u00e1sicos e de qualquer \u201cigualdade\u201d que possamos promover. Esta \u00e9 uma mentalidade perigosa que se manifestou na nossa sociedade, quase destruindo grupos inteiros de pessoas, como aquelas com Trissomia 21, ou S\u00edndrome de Down. Na Isl\u00e2ndia, por exemplo, cerca de 100% dos beb\u00e9s com S\u00edndrome de Down s\u00e3o abortados, com apenas dois a tr\u00eas filhos a nascer por ano desde o in\u00edcio dos anos 2000*.<br\/><br\/><br\/><br\/>  <\/p>\n\n<p>Quem \u00e9 que tem o direito de decidir se a vida de uma pessoa vale a pena ser vivida? Se uma pessoa merece nascer? Ningu\u00e9m deveria ter esse direito! <\/p>\n\n<p class=\"has-small-font-size\">* <a href=\"https:\/\/www.abc.net.au\/news\/2024-05-01\/iceland-prenatal-testing-down-syndrome-ethics\/103781058\" target=\"_blank\" rel=\"noreferrer noopener\">https:\/\/www.abc.net.au\/news\/2024-05-01\/iceland-prenatal-testing-down-syndrome-ethics\/103781058<\/a><\/p>\n","protected":false},"excerpt":{"rendered":"<p>Os abortos s\u00e3o frequentemente realizados quando os m\u00e9dicos detetam uma poss\u00edvel defici\u00eancia, o que \u00e9 conhecido como aborto seletivo por defici\u00eancia. Isto \u00e9 uma clara discrimina\u00e7\u00e3o contra as pessoas com<a href=\"https:\/\/prolifeeurope.org\/pt-pt\/informa-te\/bebes-com-deficiencias\/\">Continue reading <span class=\"sr-only\">&#8220;Beb\u00e9s com defici\u00eancias&#8221;<\/span><\/a><\/p>\n","protected":false},"author":14,"featured_media":0,"parent":2808,"menu_order":0,"comment_status":"closed","ping_status":"closed","template":"page-topic.php","meta":{"_acf_changed":false,"_monsterinsights_skip_tracking":false,"_monsterinsights_sitenote_active":false,"_monsterinsights_sitenote_note":"","_monsterinsights_sitenote_category":0,"footnotes":""},"topic":[],"class_list":["post-2833","page","type-page","status-publish","hentry"],"acf":[],"yoast_head":"<!-- This site is optimized with the Yoast SEO plugin v27.2 - https:\/\/yoast.com\/product\/yoast-seo-wordpress\/ -->\n<title>Beb\u00e9s com defici\u00eancias - ProLife Europe<\/title>\n<meta name=\"description\" content=\"Os abortos s\u00e3o frequentemente realizados quando os m\u00e9dicos detetam uma poss\u00edvel defici\u00eancia. Isso representa uma clara discrimina\u00e7\u00e3o contra as pessoas com defici\u00eancias.\" \/>\n<meta name=\"robots\" content=\"index, follow, max-snippet:-1, max-image-preview:large, max-video-preview:-1\" \/>\n<link rel=\"canonical\" href=\"https:\/\/prolifeeurope.org\/pt-pt\/informa-te\/bebes-com-deficiencias\/\" \/>\n<meta property=\"og:locale\" content=\"pt_PT\" \/>\n<meta property=\"og:type\" content=\"article\" \/>\n<meta property=\"og:title\" content=\"Beb\u00e9s com defici\u00eancias - ProLife Europe\" \/>\n<meta property=\"og:description\" content=\"Os abortos s\u00e3o frequentemente realizados quando os m\u00e9dicos detetam uma poss\u00edvel defici\u00eancia. Isso representa uma clara discrimina\u00e7\u00e3o contra as pessoas com defici\u00eancias.\" \/>\n<meta property=\"og:url\" content=\"https:\/\/prolifeeurope.org\/pt-pt\/informa-te\/bebes-com-deficiencias\/\" \/>\n<meta property=\"og:site_name\" content=\"ProLife Europe\" \/>\n<meta property=\"article:publisher\" content=\"https:\/\/www.facebook.com\/ProLifeEurope\/\" \/>\n<meta property=\"article:modified_time\" content=\"2025-03-26T16:02:07+00:00\" \/>\n<meta name=\"twitter:card\" content=\"summary_large_image\" \/>\n<meta name=\"twitter:label1\" content=\"Tempo estimado de leitura\" \/>\n\t<meta name=\"twitter:data1\" content=\"1 minuto\" \/>\n<script type=\"application\/ld+json\" class=\"yoast-schema-graph\">{\"@context\":\"https:\/\/schema.org\",\"@graph\":[{\"@type\":\"WebPage\",\"@id\":\"https:\/\/prolifeeurope.org\/pt-pt\/informa-te\/bebes-com-deficiencias\/\",\"url\":\"https:\/\/prolifeeurope.org\/pt-pt\/informa-te\/bebes-com-deficiencias\/\",\"name\":\"Beb\u00e9s com defici\u00eancias - ProLife Europe\",\"isPartOf\":{\"@id\":\"https:\/\/prolifeeurope.org\/pt-pt\/#website\"},\"datePublished\":\"2025-01-15T17:15:32+00:00\",\"dateModified\":\"2025-03-26T16:02:07+00:00\",\"description\":\"Os abortos s\u00e3o frequentemente realizados quando os m\u00e9dicos detetam uma poss\u00edvel defici\u00eancia. Isso representa uma clara discrimina\u00e7\u00e3o contra as pessoas com defici\u00eancias.\",\"breadcrumb\":{\"@id\":\"https:\/\/prolifeeurope.org\/pt-pt\/informa-te\/bebes-com-deficiencias\/#breadcrumb\"},\"inLanguage\":\"pt-PT\",\"potentialAction\":[{\"@type\":\"ReadAction\",\"target\":[\"https:\/\/prolifeeurope.org\/pt-pt\/informa-te\/bebes-com-deficiencias\/\"]}]},{\"@type\":\"BreadcrumbList\",\"@id\":\"https:\/\/prolifeeurope.org\/pt-pt\/informa-te\/bebes-com-deficiencias\/#breadcrumb\",\"itemListElement\":[{\"@type\":\"ListItem\",\"position\":1,\"name\":\"Home\",\"item\":\"https:\/\/prolifeeurope.org\/pt-pt\/\"},{\"@type\":\"ListItem\",\"position\":2,\"name\":\"Informa-te\",\"item\":\"https:\/\/prolifeeurope.org\/pt-pt\/informa-te\/\"},{\"@type\":\"ListItem\",\"position\":3,\"name\":\"Beb\u00e9s com defici\u00eancias\"}]},{\"@type\":\"WebSite\",\"@id\":\"https:\/\/prolifeeurope.org\/pt-pt\/#website\",\"url\":\"https:\/\/prolifeeurope.org\/pt-pt\/\",\"name\":\"ProLife Europe\",\"description\":\"\",\"publisher\":{\"@id\":\"https:\/\/prolifeeurope.org\/pt-pt\/#organization\"},\"potentialAction\":[{\"@type\":\"SearchAction\",\"target\":{\"@type\":\"EntryPoint\",\"urlTemplate\":\"https:\/\/prolifeeurope.org\/pt-pt\/?s={search_term_string}\"},\"query-input\":{\"@type\":\"PropertyValueSpecification\",\"valueRequired\":true,\"valueName\":\"search_term_string\"}}],\"inLanguage\":\"pt-PT\"},{\"@type\":\"Organization\",\"@id\":\"https:\/\/prolifeeurope.org\/pt-pt\/#organization\",\"name\":\"ProLife Europe\",\"url\":\"https:\/\/prolifeeurope.org\/pt-pt\/\",\"logo\":{\"@type\":\"ImageObject\",\"inLanguage\":\"pt-PT\",\"@id\":\"https:\/\/prolifeeurope.org\/pt-pt\/#\/schema\/logo\/image\/\",\"url\":\"https:\/\/prolifeeurope.org\/wp-content\/uploads\/2024\/11\/logo-3.svg\",\"contentUrl\":\"https:\/\/prolifeeurope.org\/wp-content\/uploads\/2024\/11\/logo-3.svg\",\"width\":166,\"height\":170,\"caption\":\"ProLife Europe\"},\"image\":{\"@id\":\"https:\/\/prolifeeurope.org\/pt-pt\/#\/schema\/logo\/image\/\"},\"sameAs\":[\"https:\/\/www.facebook.com\/ProLifeEurope\/\",\"https:\/\/www.instagram.com\/prolife_europe\/\",\"https:\/\/www.youtube.com\/channel\/UC7olgmdiSVEHZUiP554XozA\"]}]}<\/script>\n<!-- \/ Yoast SEO plugin. -->","yoast_head_json":{"title":"Beb\u00e9s com defici\u00eancias - ProLife Europe","description":"Os abortos s\u00e3o frequentemente realizados quando os m\u00e9dicos detetam uma poss\u00edvel defici\u00eancia. Isso representa uma clara discrimina\u00e7\u00e3o contra as pessoas com defici\u00eancias.","robots":{"index":"index","follow":"follow","max-snippet":"max-snippet:-1","max-image-preview":"max-image-preview:large","max-video-preview":"max-video-preview:-1"},"canonical":"https:\/\/prolifeeurope.org\/pt-pt\/informa-te\/bebes-com-deficiencias\/","og_locale":"pt_PT","og_type":"article","og_title":"Beb\u00e9s com defici\u00eancias - ProLife Europe","og_description":"Os abortos s\u00e3o frequentemente realizados quando os m\u00e9dicos detetam uma poss\u00edvel defici\u00eancia. Isso representa uma clara discrimina\u00e7\u00e3o contra as pessoas com defici\u00eancias.","og_url":"https:\/\/prolifeeurope.org\/pt-pt\/informa-te\/bebes-com-deficiencias\/","og_site_name":"ProLife Europe","article_publisher":"https:\/\/www.facebook.com\/ProLifeEurope\/","article_modified_time":"2025-03-26T16:02:07+00:00","twitter_card":"summary_large_image","twitter_misc":{"Tempo estimado de leitura":"1 minuto"},"schema":{"@context":"https:\/\/schema.org","@graph":[{"@type":"WebPage","@id":"https:\/\/prolifeeurope.org\/pt-pt\/informa-te\/bebes-com-deficiencias\/","url":"https:\/\/prolifeeurope.org\/pt-pt\/informa-te\/bebes-com-deficiencias\/","name":"Beb\u00e9s com defici\u00eancias - ProLife Europe","isPartOf":{"@id":"https:\/\/prolifeeurope.org\/pt-pt\/#website"},"datePublished":"2025-01-15T17:15:32+00:00","dateModified":"2025-03-26T16:02:07+00:00","description":"Os abortos s\u00e3o frequentemente realizados quando os m\u00e9dicos detetam uma poss\u00edvel defici\u00eancia. Isso representa uma clara discrimina\u00e7\u00e3o contra as pessoas com defici\u00eancias.","breadcrumb":{"@id":"https:\/\/prolifeeurope.org\/pt-pt\/informa-te\/bebes-com-deficiencias\/#breadcrumb"},"inLanguage":"pt-PT","potentialAction":[{"@type":"ReadAction","target":["https:\/\/prolifeeurope.org\/pt-pt\/informa-te\/bebes-com-deficiencias\/"]}]},{"@type":"BreadcrumbList","@id":"https:\/\/prolifeeurope.org\/pt-pt\/informa-te\/bebes-com-deficiencias\/#breadcrumb","itemListElement":[{"@type":"ListItem","position":1,"name":"Home","item":"https:\/\/prolifeeurope.org\/pt-pt\/"},{"@type":"ListItem","position":2,"name":"Informa-te","item":"https:\/\/prolifeeurope.org\/pt-pt\/informa-te\/"},{"@type":"ListItem","position":3,"name":"Beb\u00e9s com defici\u00eancias"}]},{"@type":"WebSite","@id":"https:\/\/prolifeeurope.org\/pt-pt\/#website","url":"https:\/\/prolifeeurope.org\/pt-pt\/","name":"ProLife Europe","description":"","publisher":{"@id":"https:\/\/prolifeeurope.org\/pt-pt\/#organization"},"potentialAction":[{"@type":"SearchAction","target":{"@type":"EntryPoint","urlTemplate":"https:\/\/prolifeeurope.org\/pt-pt\/?s={search_term_string}"},"query-input":{"@type":"PropertyValueSpecification","valueRequired":true,"valueName":"search_term_string"}}],"inLanguage":"pt-PT"},{"@type":"Organization","@id":"https:\/\/prolifeeurope.org\/pt-pt\/#organization","name":"ProLife Europe","url":"https:\/\/prolifeeurope.org\/pt-pt\/","logo":{"@type":"ImageObject","inLanguage":"pt-PT","@id":"https:\/\/prolifeeurope.org\/pt-pt\/#\/schema\/logo\/image\/","url":"https:\/\/prolifeeurope.org\/wp-content\/uploads\/2024\/11\/logo-3.svg","contentUrl":"https:\/\/prolifeeurope.org\/wp-content\/uploads\/2024\/11\/logo-3.svg","width":166,"height":170,"caption":"ProLife Europe"},"image":{"@id":"https:\/\/prolifeeurope.org\/pt-pt\/#\/schema\/logo\/image\/"},"sameAs":["https:\/\/www.facebook.com\/ProLifeEurope\/","https:\/\/www.instagram.com\/prolife_europe\/","https:\/\/www.youtube.com\/channel\/UC7olgmdiSVEHZUiP554XozA"]}]}},"_links":{"self":[{"href":"https:\/\/prolifeeurope.org\/pt-pt\/wp-json\/wp\/v2\/pages\/2833","targetHints":{"allow":["GET"]}}],"collection":[{"href":"https:\/\/prolifeeurope.org\/pt-pt\/wp-json\/wp\/v2\/pages"}],"about":[{"href":"https:\/\/prolifeeurope.org\/pt-pt\/wp-json\/wp\/v2\/types\/page"}],"author":[{"embeddable":true,"href":"https:\/\/prolifeeurope.org\/pt-pt\/wp-json\/wp\/v2\/users\/14"}],"replies":[{"embeddable":true,"href":"https:\/\/prolifeeurope.org\/pt-pt\/wp-json\/wp\/v2\/comments?post=2833"}],"version-history":[{"count":4,"href":"https:\/\/prolifeeurope.org\/pt-pt\/wp-json\/wp\/v2\/pages\/2833\/revisions"}],"predecessor-version":[{"id":3435,"href":"https:\/\/prolifeeurope.org\/pt-pt\/wp-json\/wp\/v2\/pages\/2833\/revisions\/3435"}],"up":[{"embeddable":true,"href":"https:\/\/prolifeeurope.org\/pt-pt\/wp-json\/wp\/v2\/pages\/2808"}],"wp:attachment":[{"href":"https:\/\/prolifeeurope.org\/pt-pt\/wp-json\/wp\/v2\/media?parent=2833"}],"wp:term":[{"taxonomy":"topic","embeddable":true,"href":"https:\/\/prolifeeurope.org\/pt-pt\/wp-json\/wp\/v2\/topic?post=2833"}],"curies":[{"name":"wp","href":"https:\/\/api.w.org\/{rel}","templated":true}]}}