{"id":2824,"date":"2025-01-15T12:59:54","date_gmt":"2025-01-15T11:59:54","guid":{"rendered":"https:\/\/ws-staging.prolifeeurope.org\/informa-te\/procedimentos-de-aborto\/"},"modified":"2025-03-26T16:42:41","modified_gmt":"2025-03-26T15:42:41","slug":"procedimentos-de-aborto","status":"publish","type":"page","link":"https:\/\/prolifeeurope.org\/pt-pt\/informa-te\/procedimentos-de-aborto\/","title":{"rendered":"Procedimentos de aborto"},"content":{"rendered":"\n<h3 class=\"wp-block-heading\">Aborto qu\u00edmico atrav\u00e9s da &#8220;p\u00edlula abortiva&#8221;<\/h3>\n\n<p>Um aborto qu\u00edmico pode ser realizado nas fases iniciais da gravidez (geralmente at\u00e9 \u00e0 7\u00aa semana ap\u00f3s a conce\u00e7\u00e3o, embora os prazos variem em cada pa\u00eds e alguns m\u00e9dicos tamb\u00e9m pratiquem o uso n\u00e3o autorizado em fases mais avan\u00e7adas da gravidez). A m\u00e3e recebe normalmente dois comprimidos \u2013 Mifepristone e Misoprostol. Primeiro, tem de tomar o Mifepristone para iniciar o processo de aborto.  <\/p>\n\n<p>O Mifepristone impede a produ\u00e7\u00e3o da hormona progesterona no corpo da mulher e, basicamente, faz com que o corpo dela pense que j\u00e1 n\u00e3o est\u00e1 gr\u00e1vida. Assim, o corpo para de fornecer oxig\u00e9nio e nutrientes ao beb\u00e9. O beb\u00e9 morre por sufocamento no \u00fatero. A mulher precisa de esperar um per\u00edodo de 48 a 72 horas, dependendo do pa\u00eds em que vive, e ent\u00e3o pode tomar a segunda p\u00edlula, Misoprostol. Isso leva a um sangramento muito forte, atrav\u00e9s do qual o embri\u00e3o, agora presumido morto, \u00e9 expelido do \u00fatero, juntamente com a placenta e outros tecidos da gravidez.     <\/p>\n\n<p>\u00c0s vezes, as mulheres recebem a segunda p\u00edlula &#8211; Misoprostol &#8211; diretamente, o que significa que o processo de aborto come\u00e7a diretamente com o sangramento que expulsa o embri\u00e3o do \u00fatero, durante o qual o beb\u00e9 morre.<br\/><br\/><br\/><br\/><\/p>\n\n<h3 class=\"wp-block-heading\">Aborto cir\u00fargico &#8211; D&amp;C (D&amp;C: Dilata\u00e7\u00e3o e Curetagem)<\/h3>\n\n<p>Este procedimento de aborto \u00e9 geralmente realizado at\u00e9 \u00e0 18\u00aa semana ap\u00f3s a conce\u00e7\u00e3o (os prazos podem variar em cada pa\u00eds). A mulher \u00e9 colocada sob anestesia local ou geral. Em seguida, o m\u00e9dico realiza a abertura da vagina e do colo do \u00fatero at\u00e9 poder inserir um tubo de suc\u00e7\u00e3o no \u00fatero. O m\u00e9dico ent\u00e3o utiliza uma m\u00e1quina de suc\u00e7\u00e3o para retirar o beb\u00e9 do \u00fatero. Como os ossos do beb\u00e9 j\u00e1 est\u00e3o formados, mas ainda s\u00e3o fracos e fr\u00e1geis, \u00e9 prov\u00e1vel que o corpo do beb\u00e9 seja dilacerado em peda\u00e7os durante esse processo. Depois, o m\u00e9dico realiza uma curetagem, raspando o \u00fatero para remover quaisquer partes do corpo ou tecidos que restaram.     <\/p>\n\n<h3 class=\"wp-block-heading\">Aborto tardio<\/h3>\n\n<p>Se um aborto for realizado na segunda metade do segundo trimestre ou durante o terceiro trimestre, \u00e9 referido como um &#8220;aborto tardio&#8221;. A m\u00e3e recebe um medicamento para indu\u00e7\u00e3o do parto (Misoprostol, o mesmo usado para o aborto qu\u00edmico, mas numa dose mais alta). Como o beb\u00e9 ainda est\u00e1 subdesenvolvido, o m\u00e9dico presume que simplesmente n\u00e3o sobreviver\u00e1 ao stress de um nascimento prematuro.   <\/p>\n\n<p class=\"is-style-default\">Se, no entanto, o beb\u00e9 j\u00e1 puder sobreviver \u00e0 tentativa de aborto, injeta-se primeiro cloreto de pot\u00e1ssio no cora\u00e7\u00e3o do beb\u00e9 para garantir a sua morte no \u00fatero. Em seguida, a m\u00e3e recebe o mesmo medicamento para iniciar as contra\u00e7\u00f5es e dar \u00e0 luz a crian\u00e7a sem vida. <\/p>\n\n<p><\/p>\n","protected":false},"excerpt":{"rendered":"<p>Aborto qu\u00edmico atrav\u00e9s da &#8220;p\u00edlula abortiva&#8221; Um aborto qu\u00edmico pode ser realizado nas fases iniciais da gravidez (geralmente at\u00e9 \u00e0 7\u00aa semana ap\u00f3s a conce\u00e7\u00e3o, embora os prazos variem em<a href=\"https:\/\/prolifeeurope.org\/pt-pt\/informa-te\/procedimentos-de-aborto\/\">Continue reading <span class=\"sr-only\">&#8220;Procedimentos de aborto&#8221;<\/span><\/a><\/p>\n","protected":false},"author":14,"featured_media":0,"parent":2808,"menu_order":0,"comment_status":"closed","ping_status":"closed","template":"page-topic.php","meta":{"_acf_changed":false,"_monsterinsights_skip_tracking":false,"_monsterinsights_sitenote_active":false,"_monsterinsights_sitenote_note":"","_monsterinsights_sitenote_category":0,"footnotes":""},"topic":[],"class_list":["post-2824","page","type-page","status-publish","hentry"],"acf":[],"yoast_head":"<!-- This site is optimized with the Yoast SEO plugin v27.2 - https:\/\/yoast.com\/product\/yoast-seo-wordpress\/ -->\n<title>Procedimentos de aborto - ProLife Europe<\/title>\n<meta name=\"description\" content=\"Diversos m\u00e9todos de aborto s\u00e3o utilizados em diferentes est\u00e1dios de desenvolvimento. Cada m\u00e9todo termina com a vida de uma crian\u00e7a.\" \/>\n<meta name=\"robots\" content=\"index, follow, max-snippet:-1, max-image-preview:large, max-video-preview:-1\" \/>\n<link rel=\"canonical\" href=\"https:\/\/prolifeeurope.org\/pt-pt\/informa-te\/procedimentos-de-aborto\/\" \/>\n<meta property=\"og:locale\" content=\"pt_PT\" \/>\n<meta property=\"og:type\" content=\"article\" \/>\n<meta property=\"og:title\" content=\"Procedimentos de aborto - ProLife Europe\" \/>\n<meta property=\"og:description\" content=\"Diversos m\u00e9todos de aborto s\u00e3o utilizados em diferentes est\u00e1dios de desenvolvimento. Cada m\u00e9todo termina com a vida de uma crian\u00e7a.\" \/>\n<meta property=\"og:url\" content=\"https:\/\/prolifeeurope.org\/pt-pt\/informa-te\/procedimentos-de-aborto\/\" \/>\n<meta property=\"og:site_name\" content=\"ProLife Europe\" \/>\n<meta property=\"article:publisher\" content=\"https:\/\/www.facebook.com\/ProLifeEurope\/\" \/>\n<meta property=\"article:modified_time\" content=\"2025-03-26T15:42:41+00:00\" \/>\n<meta name=\"twitter:card\" content=\"summary_large_image\" \/>\n<script type=\"application\/ld+json\" class=\"yoast-schema-graph\">{\"@context\":\"https:\/\/schema.org\",\"@graph\":[{\"@type\":\"WebPage\",\"@id\":\"https:\/\/prolifeeurope.org\/pt-pt\/informa-te\/procedimentos-de-aborto\/\",\"url\":\"https:\/\/prolifeeurope.org\/pt-pt\/informa-te\/procedimentos-de-aborto\/\",\"name\":\"Procedimentos de aborto - ProLife Europe\",\"isPartOf\":{\"@id\":\"https:\/\/prolifeeurope.org\/pt-pt\/#website\"},\"datePublished\":\"2025-01-15T11:59:54+00:00\",\"dateModified\":\"2025-03-26T15:42:41+00:00\",\"description\":\"Diversos m\u00e9todos de aborto s\u00e3o utilizados em diferentes est\u00e1dios de desenvolvimento. Cada m\u00e9todo termina com a vida de uma crian\u00e7a.\",\"breadcrumb\":{\"@id\":\"https:\/\/prolifeeurope.org\/pt-pt\/informa-te\/procedimentos-de-aborto\/#breadcrumb\"},\"inLanguage\":\"pt-PT\",\"potentialAction\":[{\"@type\":\"ReadAction\",\"target\":[\"https:\/\/prolifeeurope.org\/pt-pt\/informa-te\/procedimentos-de-aborto\/\"]}]},{\"@type\":\"BreadcrumbList\",\"@id\":\"https:\/\/prolifeeurope.org\/pt-pt\/informa-te\/procedimentos-de-aborto\/#breadcrumb\",\"itemListElement\":[{\"@type\":\"ListItem\",\"position\":1,\"name\":\"Home\",\"item\":\"https:\/\/prolifeeurope.org\/pt-pt\/\"},{\"@type\":\"ListItem\",\"position\":2,\"name\":\"Informa-te\",\"item\":\"https:\/\/prolifeeurope.org\/pt-pt\/informa-te\/\"},{\"@type\":\"ListItem\",\"position\":3,\"name\":\"Procedimentos de aborto\"}]},{\"@type\":\"WebSite\",\"@id\":\"https:\/\/prolifeeurope.org\/pt-pt\/#website\",\"url\":\"https:\/\/prolifeeurope.org\/pt-pt\/\",\"name\":\"ProLife Europe\",\"description\":\"\",\"publisher\":{\"@id\":\"https:\/\/prolifeeurope.org\/pt-pt\/#organization\"},\"potentialAction\":[{\"@type\":\"SearchAction\",\"target\":{\"@type\":\"EntryPoint\",\"urlTemplate\":\"https:\/\/prolifeeurope.org\/pt-pt\/?s={search_term_string}\"},\"query-input\":{\"@type\":\"PropertyValueSpecification\",\"valueRequired\":true,\"valueName\":\"search_term_string\"}}],\"inLanguage\":\"pt-PT\"},{\"@type\":\"Organization\",\"@id\":\"https:\/\/prolifeeurope.org\/pt-pt\/#organization\",\"name\":\"ProLife Europe\",\"url\":\"https:\/\/prolifeeurope.org\/pt-pt\/\",\"logo\":{\"@type\":\"ImageObject\",\"inLanguage\":\"pt-PT\",\"@id\":\"https:\/\/prolifeeurope.org\/pt-pt\/#\/schema\/logo\/image\/\",\"url\":\"https:\/\/prolifeeurope.org\/wp-content\/uploads\/2024\/11\/logo-3.svg\",\"contentUrl\":\"https:\/\/prolifeeurope.org\/wp-content\/uploads\/2024\/11\/logo-3.svg\",\"width\":166,\"height\":170,\"caption\":\"ProLife Europe\"},\"image\":{\"@id\":\"https:\/\/prolifeeurope.org\/pt-pt\/#\/schema\/logo\/image\/\"},\"sameAs\":[\"https:\/\/www.facebook.com\/ProLifeEurope\/\",\"https:\/\/www.instagram.com\/prolife_europe\/\",\"https:\/\/www.youtube.com\/channel\/UC7olgmdiSVEHZUiP554XozA\"]}]}<\/script>\n<!-- \/ Yoast SEO plugin. -->","yoast_head_json":{"title":"Procedimentos de aborto - ProLife Europe","description":"Diversos m\u00e9todos de aborto s\u00e3o utilizados em diferentes est\u00e1dios de desenvolvimento. Cada m\u00e9todo termina com a vida de uma crian\u00e7a.","robots":{"index":"index","follow":"follow","max-snippet":"max-snippet:-1","max-image-preview":"max-image-preview:large","max-video-preview":"max-video-preview:-1"},"canonical":"https:\/\/prolifeeurope.org\/pt-pt\/informa-te\/procedimentos-de-aborto\/","og_locale":"pt_PT","og_type":"article","og_title":"Procedimentos de aborto - ProLife Europe","og_description":"Diversos m\u00e9todos de aborto s\u00e3o utilizados em diferentes est\u00e1dios de desenvolvimento. Cada m\u00e9todo termina com a vida de uma crian\u00e7a.","og_url":"https:\/\/prolifeeurope.org\/pt-pt\/informa-te\/procedimentos-de-aborto\/","og_site_name":"ProLife Europe","article_publisher":"https:\/\/www.facebook.com\/ProLifeEurope\/","article_modified_time":"2025-03-26T15:42:41+00:00","twitter_card":"summary_large_image","schema":{"@context":"https:\/\/schema.org","@graph":[{"@type":"WebPage","@id":"https:\/\/prolifeeurope.org\/pt-pt\/informa-te\/procedimentos-de-aborto\/","url":"https:\/\/prolifeeurope.org\/pt-pt\/informa-te\/procedimentos-de-aborto\/","name":"Procedimentos de aborto - ProLife Europe","isPartOf":{"@id":"https:\/\/prolifeeurope.org\/pt-pt\/#website"},"datePublished":"2025-01-15T11:59:54+00:00","dateModified":"2025-03-26T15:42:41+00:00","description":"Diversos m\u00e9todos de aborto s\u00e3o utilizados em diferentes est\u00e1dios de desenvolvimento. Cada m\u00e9todo termina com a vida de uma crian\u00e7a.","breadcrumb":{"@id":"https:\/\/prolifeeurope.org\/pt-pt\/informa-te\/procedimentos-de-aborto\/#breadcrumb"},"inLanguage":"pt-PT","potentialAction":[{"@type":"ReadAction","target":["https:\/\/prolifeeurope.org\/pt-pt\/informa-te\/procedimentos-de-aborto\/"]}]},{"@type":"BreadcrumbList","@id":"https:\/\/prolifeeurope.org\/pt-pt\/informa-te\/procedimentos-de-aborto\/#breadcrumb","itemListElement":[{"@type":"ListItem","position":1,"name":"Home","item":"https:\/\/prolifeeurope.org\/pt-pt\/"},{"@type":"ListItem","position":2,"name":"Informa-te","item":"https:\/\/prolifeeurope.org\/pt-pt\/informa-te\/"},{"@type":"ListItem","position":3,"name":"Procedimentos de aborto"}]},{"@type":"WebSite","@id":"https:\/\/prolifeeurope.org\/pt-pt\/#website","url":"https:\/\/prolifeeurope.org\/pt-pt\/","name":"ProLife Europe","description":"","publisher":{"@id":"https:\/\/prolifeeurope.org\/pt-pt\/#organization"},"potentialAction":[{"@type":"SearchAction","target":{"@type":"EntryPoint","urlTemplate":"https:\/\/prolifeeurope.org\/pt-pt\/?s={search_term_string}"},"query-input":{"@type":"PropertyValueSpecification","valueRequired":true,"valueName":"search_term_string"}}],"inLanguage":"pt-PT"},{"@type":"Organization","@id":"https:\/\/prolifeeurope.org\/pt-pt\/#organization","name":"ProLife Europe","url":"https:\/\/prolifeeurope.org\/pt-pt\/","logo":{"@type":"ImageObject","inLanguage":"pt-PT","@id":"https:\/\/prolifeeurope.org\/pt-pt\/#\/schema\/logo\/image\/","url":"https:\/\/prolifeeurope.org\/wp-content\/uploads\/2024\/11\/logo-3.svg","contentUrl":"https:\/\/prolifeeurope.org\/wp-content\/uploads\/2024\/11\/logo-3.svg","width":166,"height":170,"caption":"ProLife Europe"},"image":{"@id":"https:\/\/prolifeeurope.org\/pt-pt\/#\/schema\/logo\/image\/"},"sameAs":["https:\/\/www.facebook.com\/ProLifeEurope\/","https:\/\/www.instagram.com\/prolife_europe\/","https:\/\/www.youtube.com\/channel\/UC7olgmdiSVEHZUiP554XozA"]}]}},"_links":{"self":[{"href":"https:\/\/prolifeeurope.org\/pt-pt\/wp-json\/wp\/v2\/pages\/2824","targetHints":{"allow":["GET"]}}],"collection":[{"href":"https:\/\/prolifeeurope.org\/pt-pt\/wp-json\/wp\/v2\/pages"}],"about":[{"href":"https:\/\/prolifeeurope.org\/pt-pt\/wp-json\/wp\/v2\/types\/page"}],"author":[{"embeddable":true,"href":"https:\/\/prolifeeurope.org\/pt-pt\/wp-json\/wp\/v2\/users\/14"}],"replies":[{"embeddable":true,"href":"https:\/\/prolifeeurope.org\/pt-pt\/wp-json\/wp\/v2\/comments?post=2824"}],"version-history":[{"count":2,"href":"https:\/\/prolifeeurope.org\/pt-pt\/wp-json\/wp\/v2\/pages\/2824\/revisions"}],"predecessor-version":[{"id":3427,"href":"https:\/\/prolifeeurope.org\/pt-pt\/wp-json\/wp\/v2\/pages\/2824\/revisions\/3427"}],"up":[{"embeddable":true,"href":"https:\/\/prolifeeurope.org\/pt-pt\/wp-json\/wp\/v2\/pages\/2808"}],"wp:attachment":[{"href":"https:\/\/prolifeeurope.org\/pt-pt\/wp-json\/wp\/v2\/media?parent=2824"}],"wp:term":[{"taxonomy":"topic","embeddable":true,"href":"https:\/\/prolifeeurope.org\/pt-pt\/wp-json\/wp\/v2\/topic?post=2824"}],"curies":[{"name":"wp","href":"https:\/\/api.w.org\/{rel}","templated":true}]}}