{"id":2746,"date":"2025-01-15T23:51:50","date_gmt":"2025-01-15T22:51:50","guid":{"rendered":"https:\/\/ws-staging.prolifeeurope.org\/por-que-e-que-a-eutanasia-nao-e-pro-vida\/"},"modified":"2025-03-26T20:07:20","modified_gmt":"2025-03-26T19:07:20","slug":"por-que-e-que-a-eutanasia-nao-e-pro-vida","status":"publish","type":"page","link":"https:\/\/prolifeeurope.org\/pt-pt\/informa-te\/por-que-e-que-a-eutanasia-nao-e-pro-vida\/","title":{"rendered":"Por que \u00e9 que a Eutan\u00e1sia n\u00e3o \u00e9 pr\u00f3-vida"},"content":{"rendered":"\n<p>H\u00e1 v\u00e1rias quest\u00f5es morais a serem consideradas ao debater qualquer forma de eutan\u00e1sia e suic\u00eddio assistido:<\/p>\n\n<ol class=\"wp-block-list\">\n<li>Santidade da Vida: A vida \u00e9 intrinsecamente valiosa e sagrada, independentemente da sua qualidade ou do sofrimento envolvido. Terminar intencionalmente uma vida humana viola este valor intr\u00ednseco. <\/li>\n\n\n\n<li>Risco de Abuso: A legaliza\u00e7\u00e3o da eutan\u00e1sia pode levar ao uso indevido ou \u00e0 coa\u00e7\u00e3o. Indiv\u00edduos vulner\u00e1veis, como os idosos, pessoas com defici\u00eancia ou aqueles com doen\u00e7as graves, podem sentir-se pressionados a escolher a eutan\u00e1sia devido a encargos sociais ou familiares, preocupa\u00e7\u00f5es financeiras ou o medo de serem um fardo. <\/li>\n\n\n\n<li>Efeito de Deslizamento: Permitir a eutan\u00e1sia em casos limitados pode facilmente levar a aplica\u00e7\u00f5es mais amplas e menos \u00e9ticas com o tempo. Uma vez que a sociedade aceite a eutan\u00e1sia para pacientes terminais, ela pode ser estendida para pessoas com condi\u00e7\u00f5es n\u00e3o terminais, problemas de sa\u00fade mental ou at\u00e9 mesmo eutan\u00e1sia n\u00e3o volunt\u00e1ria. <\/li>\n\n\n\n<li>Comprometimento dos Cuidados Paliativos: A eutan\u00e1sia pode diminuir o foco na melhoria dos cuidados no fim da vida. Em vez de se investir em avan\u00e7os nos cuidados paliativos, a sociedade pode ver a eutan\u00e1sia como uma solu\u00e7\u00e3o mais simples e econ\u00f3mica, privando os pacientes de alternativas compassivas para gerir a dor e o sofrimento. <\/li>\n\n\n\n<li>Princ\u00edpios morais e \u00e9ticos b\u00e1sicos: Matar, mesmo que consensual, entra em conflito com os nossos c\u00f3digos morais fundamentais. Fil\u00f3sofos como Immanuel Kant argumentam que tirar a vida, mesmo para aliviar o sofrimento, mina o tecido moral da sociedade. Isso poderia corroer o respeito pela dignidade humana e a proibi\u00e7\u00e3o do homic\u00eddio intencional.  <\/li>\n\n\n\n<li>Potencial para Erro: Decis\u00f5es sobre a vida e a morte s\u00e3o complexas e suscet\u00edveis a erros. Diagn\u00f3sticos e progn\u00f3sticos podem estar errados, levando indiv\u00edduos a escolherem a eutan\u00e1sia prematuramente. Al\u00e9m disso, condi\u00e7\u00f5es psicol\u00f3gicas como a depress\u00e3o podem prejudicar o julgamento, tornando o consentimento question\u00e1vel.  <\/li>\n\n\n\n<li>Valor do Sofrimento: O sofrimento pode ter (mesmo grande) significado ou prop\u00f3sito. Algumas vis\u00f5es filos\u00f3ficas ou religiosas defendem que suportar o sofrimento pode promover o crescimento pessoal, o desenvolvimento espiritual ou aprofundar as rela\u00e7\u00f5es com os outros, tornando-o uma parte essencial da experi\u00eancia humana. <\/li>\n<\/ol>\n\n<p>No fim, o caso \u00e9 claro: Nunca devemos desistir de ningu\u00e9m, mas sim defender a dignidade de cada vida humana.<br\/><\/p>\n","protected":false},"excerpt":{"rendered":"<p>H\u00e1 v\u00e1rias quest\u00f5es morais a serem consideradas ao debater qualquer forma de eutan\u00e1sia e suic\u00eddio assistido: No fim, o caso \u00e9 claro: Nunca devemos desistir de ningu\u00e9m, mas sim defender<a href=\"https:\/\/prolifeeurope.org\/pt-pt\/informa-te\/por-que-e-que-a-eutanasia-nao-e-pro-vida\/\">Continue reading <span class=\"sr-only\">&#8220;Por que \u00e9 que a Eutan\u00e1sia n\u00e3o \u00e9 pr\u00f3-vida&#8221;<\/span><\/a><\/p>\n","protected":false},"author":14,"featured_media":0,"parent":2808,"menu_order":0,"comment_status":"closed","ping_status":"closed","template":"page-topic.php","meta":{"_acf_changed":false,"_monsterinsights_skip_tracking":false,"_monsterinsights_sitenote_active":false,"_monsterinsights_sitenote_note":"","_monsterinsights_sitenote_category":0,"footnotes":""},"topic":[],"class_list":["post-2746","page","type-page","status-publish","hentry"],"acf":[],"yoast_head":"<!-- This site is optimized with the Yoast SEO plugin v27.2 - https:\/\/yoast.com\/product\/yoast-seo-wordpress\/ -->\n<title>Por que \u00e9 que a Eutan\u00e1sia n\u00e3o \u00e9 pr\u00f3-vida - ProLife Europe<\/title>\n<meta name=\"description\" content=\"Existem v\u00e1rias quest\u00f5es morais que devem ser consideradas no debate sobre qualquer forma de eutan\u00e1sia e suic\u00eddio assistido.\" \/>\n<meta name=\"robots\" content=\"index, follow, max-snippet:-1, max-image-preview:large, max-video-preview:-1\" \/>\n<link rel=\"canonical\" href=\"https:\/\/prolifeeurope.org\/pt-pt\/informa-te\/por-que-e-que-a-eutanasia-nao-e-pro-vida\/\" \/>\n<meta property=\"og:locale\" content=\"pt_PT\" \/>\n<meta property=\"og:type\" content=\"article\" \/>\n<meta property=\"og:title\" content=\"Por que \u00e9 que a Eutan\u00e1sia n\u00e3o \u00e9 pr\u00f3-vida - ProLife Europe\" \/>\n<meta property=\"og:description\" content=\"Existem v\u00e1rias quest\u00f5es morais que devem ser consideradas no debate sobre qualquer forma de eutan\u00e1sia e suic\u00eddio assistido.\" \/>\n<meta property=\"og:url\" content=\"https:\/\/prolifeeurope.org\/pt-pt\/informa-te\/por-que-e-que-a-eutanasia-nao-e-pro-vida\/\" \/>\n<meta property=\"og:site_name\" content=\"ProLife Europe\" \/>\n<meta property=\"article:publisher\" content=\"https:\/\/www.facebook.com\/ProLifeEurope\/\" \/>\n<meta property=\"article:modified_time\" content=\"2025-03-26T19:07:20+00:00\" \/>\n<meta name=\"twitter:card\" content=\"summary_large_image\" \/>\n<meta name=\"twitter:label1\" content=\"Tempo estimado de leitura\" \/>\n\t<meta name=\"twitter:data1\" content=\"2 minutos\" \/>\n<script type=\"application\/ld+json\" class=\"yoast-schema-graph\">{\"@context\":\"https:\/\/schema.org\",\"@graph\":[{\"@type\":\"WebPage\",\"@id\":\"https:\/\/prolifeeurope.org\/pt-pt\/informa-te\/por-que-e-que-a-eutanasia-nao-e-pro-vida\/\",\"url\":\"https:\/\/prolifeeurope.org\/pt-pt\/informa-te\/por-que-e-que-a-eutanasia-nao-e-pro-vida\/\",\"name\":\"Por que \u00e9 que a Eutan\u00e1sia n\u00e3o \u00e9 pr\u00f3-vida - ProLife Europe\",\"isPartOf\":{\"@id\":\"https:\/\/prolifeeurope.org\/pt-pt\/#website\"},\"datePublished\":\"2025-01-15T22:51:50+00:00\",\"dateModified\":\"2025-03-26T19:07:20+00:00\",\"description\":\"Existem v\u00e1rias quest\u00f5es morais que devem ser consideradas no debate sobre qualquer forma de eutan\u00e1sia e suic\u00eddio assistido.\",\"breadcrumb\":{\"@id\":\"https:\/\/prolifeeurope.org\/pt-pt\/informa-te\/por-que-e-que-a-eutanasia-nao-e-pro-vida\/#breadcrumb\"},\"inLanguage\":\"pt-PT\",\"potentialAction\":[{\"@type\":\"ReadAction\",\"target\":[\"https:\/\/prolifeeurope.org\/pt-pt\/informa-te\/por-que-e-que-a-eutanasia-nao-e-pro-vida\/\"]}]},{\"@type\":\"BreadcrumbList\",\"@id\":\"https:\/\/prolifeeurope.org\/pt-pt\/informa-te\/por-que-e-que-a-eutanasia-nao-e-pro-vida\/#breadcrumb\",\"itemListElement\":[{\"@type\":\"ListItem\",\"position\":1,\"name\":\"Home\",\"item\":\"https:\/\/prolifeeurope.org\/pt-pt\/\"},{\"@type\":\"ListItem\",\"position\":2,\"name\":\"Informa-te\",\"item\":\"https:\/\/prolifeeurope.org\/pt-pt\/informa-te\/\"},{\"@type\":\"ListItem\",\"position\":3,\"name\":\"Por que \u00e9 que a Eutan\u00e1sia n\u00e3o \u00e9 pr\u00f3-vida\"}]},{\"@type\":\"WebSite\",\"@id\":\"https:\/\/prolifeeurope.org\/pt-pt\/#website\",\"url\":\"https:\/\/prolifeeurope.org\/pt-pt\/\",\"name\":\"ProLife Europe\",\"description\":\"\",\"publisher\":{\"@id\":\"https:\/\/prolifeeurope.org\/pt-pt\/#organization\"},\"potentialAction\":[{\"@type\":\"SearchAction\",\"target\":{\"@type\":\"EntryPoint\",\"urlTemplate\":\"https:\/\/prolifeeurope.org\/pt-pt\/?s={search_term_string}\"},\"query-input\":{\"@type\":\"PropertyValueSpecification\",\"valueRequired\":true,\"valueName\":\"search_term_string\"}}],\"inLanguage\":\"pt-PT\"},{\"@type\":\"Organization\",\"@id\":\"https:\/\/prolifeeurope.org\/pt-pt\/#organization\",\"name\":\"ProLife Europe\",\"url\":\"https:\/\/prolifeeurope.org\/pt-pt\/\",\"logo\":{\"@type\":\"ImageObject\",\"inLanguage\":\"pt-PT\",\"@id\":\"https:\/\/prolifeeurope.org\/pt-pt\/#\/schema\/logo\/image\/\",\"url\":\"https:\/\/prolifeeurope.org\/wp-content\/uploads\/2024\/11\/logo-3.svg\",\"contentUrl\":\"https:\/\/prolifeeurope.org\/wp-content\/uploads\/2024\/11\/logo-3.svg\",\"width\":166,\"height\":170,\"caption\":\"ProLife Europe\"},\"image\":{\"@id\":\"https:\/\/prolifeeurope.org\/pt-pt\/#\/schema\/logo\/image\/\"},\"sameAs\":[\"https:\/\/www.facebook.com\/ProLifeEurope\/\",\"https:\/\/www.instagram.com\/prolife_europe\/\",\"https:\/\/www.youtube.com\/channel\/UC7olgmdiSVEHZUiP554XozA\"]}]}<\/script>\n<!-- \/ Yoast SEO plugin. -->","yoast_head_json":{"title":"Por que \u00e9 que a Eutan\u00e1sia n\u00e3o \u00e9 pr\u00f3-vida - ProLife Europe","description":"Existem v\u00e1rias quest\u00f5es morais que devem ser consideradas no debate sobre qualquer forma de eutan\u00e1sia e suic\u00eddio assistido.","robots":{"index":"index","follow":"follow","max-snippet":"max-snippet:-1","max-image-preview":"max-image-preview:large","max-video-preview":"max-video-preview:-1"},"canonical":"https:\/\/prolifeeurope.org\/pt-pt\/informa-te\/por-que-e-que-a-eutanasia-nao-e-pro-vida\/","og_locale":"pt_PT","og_type":"article","og_title":"Por que \u00e9 que a Eutan\u00e1sia n\u00e3o \u00e9 pr\u00f3-vida - ProLife Europe","og_description":"Existem v\u00e1rias quest\u00f5es morais que devem ser consideradas no debate sobre qualquer forma de eutan\u00e1sia e suic\u00eddio assistido.","og_url":"https:\/\/prolifeeurope.org\/pt-pt\/informa-te\/por-que-e-que-a-eutanasia-nao-e-pro-vida\/","og_site_name":"ProLife Europe","article_publisher":"https:\/\/www.facebook.com\/ProLifeEurope\/","article_modified_time":"2025-03-26T19:07:20+00:00","twitter_card":"summary_large_image","twitter_misc":{"Tempo estimado de leitura":"2 minutos"},"schema":{"@context":"https:\/\/schema.org","@graph":[{"@type":"WebPage","@id":"https:\/\/prolifeeurope.org\/pt-pt\/informa-te\/por-que-e-que-a-eutanasia-nao-e-pro-vida\/","url":"https:\/\/prolifeeurope.org\/pt-pt\/informa-te\/por-que-e-que-a-eutanasia-nao-e-pro-vida\/","name":"Por que \u00e9 que a Eutan\u00e1sia n\u00e3o \u00e9 pr\u00f3-vida - ProLife Europe","isPartOf":{"@id":"https:\/\/prolifeeurope.org\/pt-pt\/#website"},"datePublished":"2025-01-15T22:51:50+00:00","dateModified":"2025-03-26T19:07:20+00:00","description":"Existem v\u00e1rias quest\u00f5es morais que devem ser consideradas no debate sobre qualquer forma de eutan\u00e1sia e suic\u00eddio assistido.","breadcrumb":{"@id":"https:\/\/prolifeeurope.org\/pt-pt\/informa-te\/por-que-e-que-a-eutanasia-nao-e-pro-vida\/#breadcrumb"},"inLanguage":"pt-PT","potentialAction":[{"@type":"ReadAction","target":["https:\/\/prolifeeurope.org\/pt-pt\/informa-te\/por-que-e-que-a-eutanasia-nao-e-pro-vida\/"]}]},{"@type":"BreadcrumbList","@id":"https:\/\/prolifeeurope.org\/pt-pt\/informa-te\/por-que-e-que-a-eutanasia-nao-e-pro-vida\/#breadcrumb","itemListElement":[{"@type":"ListItem","position":1,"name":"Home","item":"https:\/\/prolifeeurope.org\/pt-pt\/"},{"@type":"ListItem","position":2,"name":"Informa-te","item":"https:\/\/prolifeeurope.org\/pt-pt\/informa-te\/"},{"@type":"ListItem","position":3,"name":"Por que \u00e9 que a Eutan\u00e1sia n\u00e3o \u00e9 pr\u00f3-vida"}]},{"@type":"WebSite","@id":"https:\/\/prolifeeurope.org\/pt-pt\/#website","url":"https:\/\/prolifeeurope.org\/pt-pt\/","name":"ProLife Europe","description":"","publisher":{"@id":"https:\/\/prolifeeurope.org\/pt-pt\/#organization"},"potentialAction":[{"@type":"SearchAction","target":{"@type":"EntryPoint","urlTemplate":"https:\/\/prolifeeurope.org\/pt-pt\/?s={search_term_string}"},"query-input":{"@type":"PropertyValueSpecification","valueRequired":true,"valueName":"search_term_string"}}],"inLanguage":"pt-PT"},{"@type":"Organization","@id":"https:\/\/prolifeeurope.org\/pt-pt\/#organization","name":"ProLife Europe","url":"https:\/\/prolifeeurope.org\/pt-pt\/","logo":{"@type":"ImageObject","inLanguage":"pt-PT","@id":"https:\/\/prolifeeurope.org\/pt-pt\/#\/schema\/logo\/image\/","url":"https:\/\/prolifeeurope.org\/wp-content\/uploads\/2024\/11\/logo-3.svg","contentUrl":"https:\/\/prolifeeurope.org\/wp-content\/uploads\/2024\/11\/logo-3.svg","width":166,"height":170,"caption":"ProLife Europe"},"image":{"@id":"https:\/\/prolifeeurope.org\/pt-pt\/#\/schema\/logo\/image\/"},"sameAs":["https:\/\/www.facebook.com\/ProLifeEurope\/","https:\/\/www.instagram.com\/prolife_europe\/","https:\/\/www.youtube.com\/channel\/UC7olgmdiSVEHZUiP554XozA"]}]}},"_links":{"self":[{"href":"https:\/\/prolifeeurope.org\/pt-pt\/wp-json\/wp\/v2\/pages\/2746","targetHints":{"allow":["GET"]}}],"collection":[{"href":"https:\/\/prolifeeurope.org\/pt-pt\/wp-json\/wp\/v2\/pages"}],"about":[{"href":"https:\/\/prolifeeurope.org\/pt-pt\/wp-json\/wp\/v2\/types\/page"}],"author":[{"embeddable":true,"href":"https:\/\/prolifeeurope.org\/pt-pt\/wp-json\/wp\/v2\/users\/14"}],"replies":[{"embeddable":true,"href":"https:\/\/prolifeeurope.org\/pt-pt\/wp-json\/wp\/v2\/comments?post=2746"}],"version-history":[{"count":3,"href":"https:\/\/prolifeeurope.org\/pt-pt\/wp-json\/wp\/v2\/pages\/2746\/revisions"}],"predecessor-version":[{"id":3466,"href":"https:\/\/prolifeeurope.org\/pt-pt\/wp-json\/wp\/v2\/pages\/2746\/revisions\/3466"}],"up":[{"embeddable":true,"href":"https:\/\/prolifeeurope.org\/pt-pt\/wp-json\/wp\/v2\/pages\/2808"}],"wp:attachment":[{"href":"https:\/\/prolifeeurope.org\/pt-pt\/wp-json\/wp\/v2\/media?parent=2746"}],"wp:term":[{"taxonomy":"topic","embeddable":true,"href":"https:\/\/prolifeeurope.org\/pt-pt\/wp-json\/wp\/v2\/topic?post=2746"}],"curies":[{"name":"wp","href":"https:\/\/api.w.org\/{rel}","templated":true}]}}