{"id":2742,"date":"2025-01-17T19:47:04","date_gmt":"2025-01-17T18:47:04","guid":{"rendered":"https:\/\/ws-staging.prolifeeurope.org\/fiv-na-europa-leis-e-restricoes\/"},"modified":"2025-03-26T19:31:16","modified_gmt":"2025-03-26T18:31:16","slug":"fiv-na-europa-leis-e-restricoes","status":"publish","type":"page","link":"https:\/\/prolifeeurope.org\/pt-pt\/informa-te\/fiv-na-europa-leis-e-restricoes\/","title":{"rendered":"FIV na Europa: leis e restri\u00e7\u00f5es"},"content":{"rendered":"\n<p>A legisla\u00e7\u00e3o sobre a fertiliza\u00e7\u00e3o in vitro (FIV) na Europa varia consideravelmente, com cada pa\u00eds a adotar as suas pr\u00f3prias regulamenta\u00e7\u00f5es em rela\u00e7\u00e3o ao acesso \u00e0s tecnologias de reprodu\u00e7\u00e3o assistida (TRA).<\/p>\n\n<h2 class=\"wp-block-heading\">Acesso amplo (incluindo casais solteiros, casais do mesmo sexo e financiamento estatal)<\/h2>\n\n<ul class=\"wp-block-list\">\n<li><strong>B\u00e9lgica<\/strong>: A FIV \u00e9 financiada pelo Estado para at\u00e9 seis ciclos, estando dispon\u00edvel para casais heterossexuais, mulheres solteiras e casais do mesmo sexo. A doa\u00e7\u00e3o de \u00f3vulos e esperma \u00e9 permitida e os testes gen\u00e9ticos pr\u00e9-implanta\u00e7\u00e3o (PGT) s\u00e3o amplamente autorizados. <\/li>\n\n\n\n<li><strong>Dinamarca<\/strong>: Dispon\u00edvel para casais heterossexuais, mulheres solteiras e casais do mesmo sexo. S\u00e3o oferecidos at\u00e9 tr\u00eas ciclos de FIV financiados pelo Estado. A doa\u00e7\u00e3o de \u00f3vulos e esperma \u00e9 legal e os doadores podem ser an\u00f3nimos ou conhecidos.  <\/li>\n\n\n\n<li><strong>Fran\u00e7a<\/strong>: A FIV est\u00e1 dispon\u00edvel para casais heterossexuais, mulheres solteiras e casais l\u00e9sbicos. \u00c9 financiada pelo Estado para at\u00e9 quatro ciclos para mulheres com menos de 43 anos. A doa\u00e7\u00e3o de \u00f3vulos\/esperma \u00e9 permitida, mas deve ser an\u00f3nima.  <\/li>\n\n\n\n<li><strong>Su\u00e9cia<\/strong>: Casais do mesmo sexo e mulheres solteiras t\u00eam acesso \u00e0 FIV. A doa\u00e7\u00e3o de \u00f3vulos\/esperma \u00e9 permitida. O tratamento \u00e9 financiado pelo Estado para um n\u00famero limitado de ciclos.  <\/li>\n<\/ul>\n\n<h2 class=\"wp-block-heading\">Acesso moderado com algumas restri\u00e7\u00f5es<\/h2>\n\n<ul class=\"wp-block-list\">\n<li><strong>Reino Unido<\/strong>: Casais heterossexuais, casais do mesmo sexo e mulheres solteiras podem aceder \u00e0 FIV. O financiamento est\u00e1 dispon\u00edvel atrav\u00e9s do NHS, mas o acesso varia consoante a regi\u00e3o. Os ciclos privados custam cerca de \u20ac7.000. A doa\u00e7\u00e3o de g\u00e2metas \u00e9 legal, com um limite de idade de 42 anos para o tratamento financiado.    <\/li>\n\n\n\n<li><strong>Pa\u00edses Baixos<\/strong>: A FIV \u00e9 financiada para at\u00e9 tr\u00eas ciclos para casais heterossexuais e do mesmo sexo, bem como para mulheres solteiras. O teste gen\u00e9tico pr\u00e9-implantacional (PGT) \u00e9 permitido para condi\u00e7\u00f5es gen\u00e9ticas graves. <\/li>\n\n\n\n<li><strong>Espanha<\/strong>: A FIV \u00e9 amplamente acess\u00edvel para casais heterossexuais, mulheres solteiras e casais do mesmo sexo. O pa\u00eds \u00e9 um destino de destaque para o turismo de fertilidade. A doa\u00e7\u00e3o de \u00f3vulos e esperma \u00e9 an\u00f3nima e a gesta\u00e7\u00e3o de substitui\u00e7\u00e3o \u00e9 ilegal.  <\/li>\n\n\n\n<li><strong>Portugal<\/strong>: Dispon\u00edvel para casais heterossexuais e l\u00e9sbicos, bem como para mulheres solteiras. O Estado cobre o tratamento para um n\u00famero limitado de ciclos. A doa\u00e7\u00e3o de esperma e \u00f3vulos \u00e9 permitida, e o teste gen\u00e9tico pr\u00e9-implantacional (PGT) \u00e9 autorizado.<br\/><br\/><br\/>  <\/li>\n<\/ul>\n\n<h2 class=\"wp-block-heading\">Acesso restrito (mais regulamenta\u00e7\u00f5es e\/ou proibi\u00e7\u00e3o para certos grupos)<\/h2>\n\n<ul class=\"wp-block-list\">\n<li><strong>Alemanha<\/strong>: A FIV \u00e9 permitida apenas para casais heterossexuais casados. A doa\u00e7\u00e3o de \u00f3vulos \u00e9 proibida, e o congelamento de embri\u00f5es \u00e9 limitado. A gesta\u00e7\u00e3o de substitui\u00e7\u00e3o \u00e9 ilegal e apenas tr\u00eas embri\u00f5es podem ser criados ou transferidos por ciclo.  <\/li>\n\n\n\n<li><strong>It\u00e1lia<\/strong>: A FIV est\u00e1 dispon\u00edvel apenas para casais heterossexuais. A doa\u00e7\u00e3o de \u00f3vulos e esperma \u00e9 permitida desde 2014, mas a gesta\u00e7\u00e3o de substitui\u00e7\u00e3o \u00e9 proibida. Tamb\u00e9m existem restri\u00e7\u00f5es quanto ao n\u00famero de embri\u00f5es que podem ser criados e transferidos.  <\/li>\n\n\n\n<li><strong>\u00c1ustria<\/strong>: A doa\u00e7\u00e3o de \u00f3vulos e esperma \u00e9 permitida, mas a gesta\u00e7\u00e3o de substitui\u00e7\u00e3o \u00e9 proibida. A FIV est\u00e1 dispon\u00edvel para casais heterossexuais, mas tem financiamento estatal limitado. <\/li>\n\n\n\n<li><strong>Su\u00ed\u00e7a<\/strong>: A doa\u00e7\u00e3o de \u00f3vulos \u00e9 proibida, mas a doa\u00e7\u00e3o de esperma \u00e9 permitida para casais heterossexuais. A gesta\u00e7\u00e3o de substitui\u00e7\u00e3o \u00e9 ilegal e a FIV est\u00e1 dispon\u00edvel apenas para casais heterossexuais casados. <\/li>\n<\/ul>\n\n<h2 class=\"wp-block-heading\">Leis proibitivas ou altamente restritivas<\/h2>\n\n<ul class=\"wp-block-list\">\n<li><strong>Noruega<\/strong>: A FIV est\u00e1 dispon\u00edvel apenas para casais heterossexuais e l\u00e9sbicos. A doa\u00e7\u00e3o de \u00f3vulos \u00e9 proibida, e a gesta\u00e7\u00e3o de substitui\u00e7\u00e3o \u00e9 ilegal. <\/li>\n\n\n\n<li><strong>Pol\u00f3nia<\/strong>: A FIV \u00e9 legal, mas altamente restrita, com cortes no financiamento estatal. O processo est\u00e1 dispon\u00edvel apenas para casais heterossexuais. A doa\u00e7\u00e3o de g\u00e2metas \u00e9 permitida, mas a gesta\u00e7\u00e3o de substitui\u00e7\u00e3o \u00e9 proibida.  <\/li>\n\n\n\n<li><strong>Hungria<\/strong>: A FIV \u00e9 legal para casais heterossexuais, mas o governo controla de forma rigorosa o acesso e as cl\u00ednicas privadas s\u00e3o limitadas na oferta de servi\u00e7os.<\/li>\n\n\n\n<li><strong>Litu\u00e2nia<\/strong>: A FIV \u00e9 legal para casais heterossexuais casados e o congelamento de embri\u00f5es \u00e9 permitido. No entanto, n\u00e3o h\u00e1 financiamento estatal. <\/li>\n<\/ul>\n\n<h2 class=\"wp-block-heading\">Destinos populares para FIV (Turismo de fertilidade)<\/h2>\n\n<ul class=\"wp-block-list\">\n<li><strong>Gr\u00e9cia<\/strong>: A Gr\u00e9cia tornou-se um destino popular para tratamentos de fertilidade, oferecendo FIV a casais heterossexuais, mulheres solteiras e casais do mesmo sexo. A gesta\u00e7\u00e3o de substitui\u00e7\u00e3o \u00e9 legal com aprova\u00e7\u00e3o judicial. A doa\u00e7\u00e3o de \u00f3vulos e esperma \u00e9 legal e amplamente utilizada.  <\/li>\n\n\n\n<li><strong>Rep\u00fablica Checa<\/strong>: A FIV est\u00e1 dispon\u00edvel para casais heterossexuais e mulheres solteiras. A doa\u00e7\u00e3o de \u00f3vulos e esperma \u00e9 an\u00f3nima e a gesta\u00e7\u00e3o de substitui\u00e7\u00e3o \u00e9 proibida. O pa\u00eds \u00e9 conhecido por oferecer tratamentos de FIV a pre\u00e7os acess\u00edveis.  <\/li>\n\n\n\n<li><strong>Ucr\u00e2nia<\/strong>: A Ucr\u00e2nia oferece amplo acesso \u00e0 FIV, incluindo para gesta\u00e7\u00e3o de substitui\u00e7\u00e3o, que \u00e9 legal. O pa\u00eds \u00e9 conhecido pelos tratamentos acess\u00edveis e atrai muitos pacientes internacionais. No entanto, essa situa\u00e7\u00e3o mudou desde o in\u00edcio da guerra em 2022. Desde ent\u00e3o, a Ge\u00f3rgia tem-se desenvolvido como uma nova alternativa para destinos de gesta\u00e7\u00e3o de substitui\u00e7\u00e3o.   <\/li>\n\n\n\n<li><strong>Ge\u00f3rgia<\/strong>: A FIV est\u00e1 dispon\u00edvel para casais heterossexuais e mulheres solteiras. A gesta\u00e7\u00e3o de substitui\u00e7\u00e3o \u00e9 legal e bem regulamentada na Ge\u00f3rgia, sem que os direitos parentais sejam concedidos \u00e0 m\u00e3e de substitui\u00e7\u00e3o. A doa\u00e7\u00e3o de \u00f3vulos e esperma \u00e9 permitida, incluindo para pacientes internacionais, com op\u00e7\u00f5es an\u00f3nimas e n\u00e3o an\u00f3nimas dispon\u00edveis. A doa\u00e7\u00e3o de embri\u00f5es e o congelamento de embri\u00f5es tamb\u00e9m s\u00e3o permitidos.    <strong> <\/strong><\/li>\n<\/ul>\n","protected":false},"excerpt":{"rendered":"<p>A legisla\u00e7\u00e3o sobre a fertiliza\u00e7\u00e3o in vitro (FIV) na Europa varia consideravelmente, com cada pa\u00eds a adotar as suas pr\u00f3prias regulamenta\u00e7\u00f5es em rela\u00e7\u00e3o ao acesso \u00e0s tecnologias de reprodu\u00e7\u00e3o assistida<a href=\"https:\/\/prolifeeurope.org\/pt-pt\/informa-te\/fiv-na-europa-leis-e-restricoes\/\">Continue reading <span class=\"sr-only\">&#8220;FIV na Europa: leis e restri\u00e7\u00f5es&#8221;<\/span><\/a><\/p>\n","protected":false},"author":14,"featured_media":0,"parent":2808,"menu_order":0,"comment_status":"closed","ping_status":"closed","template":"page-topic.php","meta":{"_acf_changed":false,"_monsterinsights_skip_tracking":false,"_monsterinsights_sitenote_active":false,"_monsterinsights_sitenote_note":"","_monsterinsights_sitenote_category":0,"footnotes":""},"topic":[],"class_list":["post-2742","page","type-page","status-publish","hentry"],"acf":[],"yoast_head":"<!-- This site is optimized with the Yoast SEO plugin v27.2 - https:\/\/yoast.com\/product\/yoast-seo-wordpress\/ -->\n<title>FIV na Europa: leis e restri\u00e7\u00f5es - ProLife Europe<\/title>\n<meta name=\"description\" content=\"Cada pa\u00eds tem as suas pr\u00f3prias regulamenta\u00e7\u00f5es em rela\u00e7\u00e3o \u00e0s tecnologias de reprodu\u00e7\u00e3o assistida (TRA). A legisla\u00e7\u00e3o sobre a fertiliza\u00e7\u00e3o in vitro (FIV) varia significativamente por toda a Europa.\" \/>\n<meta name=\"robots\" content=\"index, follow, max-snippet:-1, max-image-preview:large, max-video-preview:-1\" \/>\n<link rel=\"canonical\" href=\"https:\/\/prolifeeurope.org\/pt-pt\/informa-te\/fiv-na-europa-leis-e-restricoes\/\" \/>\n<meta property=\"og:locale\" content=\"pt_PT\" \/>\n<meta property=\"og:type\" content=\"article\" \/>\n<meta property=\"og:title\" content=\"FIV na Europa: leis e restri\u00e7\u00f5es - ProLife Europe\" \/>\n<meta property=\"og:description\" content=\"Cada pa\u00eds tem as suas pr\u00f3prias regulamenta\u00e7\u00f5es em rela\u00e7\u00e3o \u00e0s tecnologias de reprodu\u00e7\u00e3o assistida (TRA). A legisla\u00e7\u00e3o sobre a fertiliza\u00e7\u00e3o in vitro (FIV) varia significativamente por toda a Europa.\" \/>\n<meta property=\"og:url\" content=\"https:\/\/prolifeeurope.org\/pt-pt\/informa-te\/fiv-na-europa-leis-e-restricoes\/\" \/>\n<meta property=\"og:site_name\" content=\"ProLife Europe\" \/>\n<meta property=\"article:publisher\" content=\"https:\/\/www.facebook.com\/ProLifeEurope\/\" \/>\n<meta property=\"article:modified_time\" content=\"2025-03-26T18:31:16+00:00\" \/>\n<meta name=\"twitter:card\" content=\"summary_large_image\" \/>\n<meta name=\"twitter:label1\" content=\"Tempo estimado de leitura\" \/>\n\t<meta name=\"twitter:data1\" content=\"4 minutos\" \/>\n<script type=\"application\/ld+json\" class=\"yoast-schema-graph\">{\"@context\":\"https:\/\/schema.org\",\"@graph\":[{\"@type\":\"WebPage\",\"@id\":\"https:\/\/prolifeeurope.org\/pt-pt\/informa-te\/fiv-na-europa-leis-e-restricoes\/\",\"url\":\"https:\/\/prolifeeurope.org\/pt-pt\/informa-te\/fiv-na-europa-leis-e-restricoes\/\",\"name\":\"FIV na Europa: leis e restri\u00e7\u00f5es - ProLife Europe\",\"isPartOf\":{\"@id\":\"https:\/\/prolifeeurope.org\/pt-pt\/#website\"},\"datePublished\":\"2025-01-17T18:47:04+00:00\",\"dateModified\":\"2025-03-26T18:31:16+00:00\",\"description\":\"Cada pa\u00eds tem as suas pr\u00f3prias regulamenta\u00e7\u00f5es em rela\u00e7\u00e3o \u00e0s tecnologias de reprodu\u00e7\u00e3o assistida (TRA). A legisla\u00e7\u00e3o sobre a fertiliza\u00e7\u00e3o in vitro (FIV) varia significativamente por toda a Europa.\",\"breadcrumb\":{\"@id\":\"https:\/\/prolifeeurope.org\/pt-pt\/informa-te\/fiv-na-europa-leis-e-restricoes\/#breadcrumb\"},\"inLanguage\":\"pt-PT\",\"potentialAction\":[{\"@type\":\"ReadAction\",\"target\":[\"https:\/\/prolifeeurope.org\/pt-pt\/informa-te\/fiv-na-europa-leis-e-restricoes\/\"]}]},{\"@type\":\"BreadcrumbList\",\"@id\":\"https:\/\/prolifeeurope.org\/pt-pt\/informa-te\/fiv-na-europa-leis-e-restricoes\/#breadcrumb\",\"itemListElement\":[{\"@type\":\"ListItem\",\"position\":1,\"name\":\"Home\",\"item\":\"https:\/\/prolifeeurope.org\/pt-pt\/\"},{\"@type\":\"ListItem\",\"position\":2,\"name\":\"Informa-te\",\"item\":\"https:\/\/prolifeeurope.org\/pt-pt\/informa-te\/\"},{\"@type\":\"ListItem\",\"position\":3,\"name\":\"FIV na Europa: leis e restri\u00e7\u00f5es\"}]},{\"@type\":\"WebSite\",\"@id\":\"https:\/\/prolifeeurope.org\/pt-pt\/#website\",\"url\":\"https:\/\/prolifeeurope.org\/pt-pt\/\",\"name\":\"ProLife Europe\",\"description\":\"\",\"publisher\":{\"@id\":\"https:\/\/prolifeeurope.org\/pt-pt\/#organization\"},\"potentialAction\":[{\"@type\":\"SearchAction\",\"target\":{\"@type\":\"EntryPoint\",\"urlTemplate\":\"https:\/\/prolifeeurope.org\/pt-pt\/?s={search_term_string}\"},\"query-input\":{\"@type\":\"PropertyValueSpecification\",\"valueRequired\":true,\"valueName\":\"search_term_string\"}}],\"inLanguage\":\"pt-PT\"},{\"@type\":\"Organization\",\"@id\":\"https:\/\/prolifeeurope.org\/pt-pt\/#organization\",\"name\":\"ProLife Europe\",\"url\":\"https:\/\/prolifeeurope.org\/pt-pt\/\",\"logo\":{\"@type\":\"ImageObject\",\"inLanguage\":\"pt-PT\",\"@id\":\"https:\/\/prolifeeurope.org\/pt-pt\/#\/schema\/logo\/image\/\",\"url\":\"https:\/\/prolifeeurope.org\/wp-content\/uploads\/2024\/11\/logo-3.svg\",\"contentUrl\":\"https:\/\/prolifeeurope.org\/wp-content\/uploads\/2024\/11\/logo-3.svg\",\"width\":166,\"height\":170,\"caption\":\"ProLife Europe\"},\"image\":{\"@id\":\"https:\/\/prolifeeurope.org\/pt-pt\/#\/schema\/logo\/image\/\"},\"sameAs\":[\"https:\/\/www.facebook.com\/ProLifeEurope\/\",\"https:\/\/www.instagram.com\/prolife_europe\/\",\"https:\/\/www.youtube.com\/channel\/UC7olgmdiSVEHZUiP554XozA\"]}]}<\/script>\n<!-- \/ Yoast SEO plugin. -->","yoast_head_json":{"title":"FIV na Europa: leis e restri\u00e7\u00f5es - ProLife Europe","description":"Cada pa\u00eds tem as suas pr\u00f3prias regulamenta\u00e7\u00f5es em rela\u00e7\u00e3o \u00e0s tecnologias de reprodu\u00e7\u00e3o assistida (TRA). A legisla\u00e7\u00e3o sobre a fertiliza\u00e7\u00e3o in vitro (FIV) varia significativamente por toda a Europa.","robots":{"index":"index","follow":"follow","max-snippet":"max-snippet:-1","max-image-preview":"max-image-preview:large","max-video-preview":"max-video-preview:-1"},"canonical":"https:\/\/prolifeeurope.org\/pt-pt\/informa-te\/fiv-na-europa-leis-e-restricoes\/","og_locale":"pt_PT","og_type":"article","og_title":"FIV na Europa: leis e restri\u00e7\u00f5es - ProLife Europe","og_description":"Cada pa\u00eds tem as suas pr\u00f3prias regulamenta\u00e7\u00f5es em rela\u00e7\u00e3o \u00e0s tecnologias de reprodu\u00e7\u00e3o assistida (TRA). A legisla\u00e7\u00e3o sobre a fertiliza\u00e7\u00e3o in vitro (FIV) varia significativamente por toda a Europa.","og_url":"https:\/\/prolifeeurope.org\/pt-pt\/informa-te\/fiv-na-europa-leis-e-restricoes\/","og_site_name":"ProLife Europe","article_publisher":"https:\/\/www.facebook.com\/ProLifeEurope\/","article_modified_time":"2025-03-26T18:31:16+00:00","twitter_card":"summary_large_image","twitter_misc":{"Tempo estimado de leitura":"4 minutos"},"schema":{"@context":"https:\/\/schema.org","@graph":[{"@type":"WebPage","@id":"https:\/\/prolifeeurope.org\/pt-pt\/informa-te\/fiv-na-europa-leis-e-restricoes\/","url":"https:\/\/prolifeeurope.org\/pt-pt\/informa-te\/fiv-na-europa-leis-e-restricoes\/","name":"FIV na Europa: leis e restri\u00e7\u00f5es - ProLife Europe","isPartOf":{"@id":"https:\/\/prolifeeurope.org\/pt-pt\/#website"},"datePublished":"2025-01-17T18:47:04+00:00","dateModified":"2025-03-26T18:31:16+00:00","description":"Cada pa\u00eds tem as suas pr\u00f3prias regulamenta\u00e7\u00f5es em rela\u00e7\u00e3o \u00e0s tecnologias de reprodu\u00e7\u00e3o assistida (TRA). A legisla\u00e7\u00e3o sobre a fertiliza\u00e7\u00e3o in vitro (FIV) varia significativamente por toda a Europa.","breadcrumb":{"@id":"https:\/\/prolifeeurope.org\/pt-pt\/informa-te\/fiv-na-europa-leis-e-restricoes\/#breadcrumb"},"inLanguage":"pt-PT","potentialAction":[{"@type":"ReadAction","target":["https:\/\/prolifeeurope.org\/pt-pt\/informa-te\/fiv-na-europa-leis-e-restricoes\/"]}]},{"@type":"BreadcrumbList","@id":"https:\/\/prolifeeurope.org\/pt-pt\/informa-te\/fiv-na-europa-leis-e-restricoes\/#breadcrumb","itemListElement":[{"@type":"ListItem","position":1,"name":"Home","item":"https:\/\/prolifeeurope.org\/pt-pt\/"},{"@type":"ListItem","position":2,"name":"Informa-te","item":"https:\/\/prolifeeurope.org\/pt-pt\/informa-te\/"},{"@type":"ListItem","position":3,"name":"FIV na Europa: leis e restri\u00e7\u00f5es"}]},{"@type":"WebSite","@id":"https:\/\/prolifeeurope.org\/pt-pt\/#website","url":"https:\/\/prolifeeurope.org\/pt-pt\/","name":"ProLife Europe","description":"","publisher":{"@id":"https:\/\/prolifeeurope.org\/pt-pt\/#organization"},"potentialAction":[{"@type":"SearchAction","target":{"@type":"EntryPoint","urlTemplate":"https:\/\/prolifeeurope.org\/pt-pt\/?s={search_term_string}"},"query-input":{"@type":"PropertyValueSpecification","valueRequired":true,"valueName":"search_term_string"}}],"inLanguage":"pt-PT"},{"@type":"Organization","@id":"https:\/\/prolifeeurope.org\/pt-pt\/#organization","name":"ProLife Europe","url":"https:\/\/prolifeeurope.org\/pt-pt\/","logo":{"@type":"ImageObject","inLanguage":"pt-PT","@id":"https:\/\/prolifeeurope.org\/pt-pt\/#\/schema\/logo\/image\/","url":"https:\/\/prolifeeurope.org\/wp-content\/uploads\/2024\/11\/logo-3.svg","contentUrl":"https:\/\/prolifeeurope.org\/wp-content\/uploads\/2024\/11\/logo-3.svg","width":166,"height":170,"caption":"ProLife Europe"},"image":{"@id":"https:\/\/prolifeeurope.org\/pt-pt\/#\/schema\/logo\/image\/"},"sameAs":["https:\/\/www.facebook.com\/ProLifeEurope\/","https:\/\/www.instagram.com\/prolife_europe\/","https:\/\/www.youtube.com\/channel\/UC7olgmdiSVEHZUiP554XozA"]}]}},"_links":{"self":[{"href":"https:\/\/prolifeeurope.org\/pt-pt\/wp-json\/wp\/v2\/pages\/2742","targetHints":{"allow":["GET"]}}],"collection":[{"href":"https:\/\/prolifeeurope.org\/pt-pt\/wp-json\/wp\/v2\/pages"}],"about":[{"href":"https:\/\/prolifeeurope.org\/pt-pt\/wp-json\/wp\/v2\/types\/page"}],"author":[{"embeddable":true,"href":"https:\/\/prolifeeurope.org\/pt-pt\/wp-json\/wp\/v2\/users\/14"}],"replies":[{"embeddable":true,"href":"https:\/\/prolifeeurope.org\/pt-pt\/wp-json\/wp\/v2\/comments?post=2742"}],"version-history":[{"count":3,"href":"https:\/\/prolifeeurope.org\/pt-pt\/wp-json\/wp\/v2\/pages\/2742\/revisions"}],"predecessor-version":[{"id":3456,"href":"https:\/\/prolifeeurope.org\/pt-pt\/wp-json\/wp\/v2\/pages\/2742\/revisions\/3456"}],"up":[{"embeddable":true,"href":"https:\/\/prolifeeurope.org\/pt-pt\/wp-json\/wp\/v2\/pages\/2808"}],"wp:attachment":[{"href":"https:\/\/prolifeeurope.org\/pt-pt\/wp-json\/wp\/v2\/media?parent=2742"}],"wp:term":[{"taxonomy":"topic","embeddable":true,"href":"https:\/\/prolifeeurope.org\/pt-pt\/wp-json\/wp\/v2\/topic?post=2742"}],"curies":[{"name":"wp","href":"https:\/\/api.w.org\/{rel}","templated":true}]}}