{"id":2740,"date":"2025-01-28T17:13:39","date_gmt":"2025-01-28T16:13:39","guid":{"rendered":"https:\/\/ws-staging.prolifeeurope.org\/adocao-internacional\/"},"modified":"2025-03-26T19:20:00","modified_gmt":"2025-03-26T18:20:00","slug":"adocao-internacional","status":"publish","type":"page","link":"https:\/\/prolifeeurope.org\/pt-pt\/informa-te\/adocao-internacional\/","title":{"rendered":"Ado\u00e7\u00e3o internacional"},"content":{"rendered":"\n<p><strong>A ado\u00e7\u00e3o internacional<\/strong> permite que indiv\u00edduos ou casais adotem uma crian\u00e7a de outro pa\u00eds, normalmente facilitada por ag\u00eancias, quadros legais e acordos internacionais. O processo \u00e9 altamente regulamentado para garantir o bem-estar da crian\u00e7a e proteger contra a explora\u00e7\u00e3o. <\/p>\n\n<h3 class=\"wp-block-heading\">Passos chave na ado\u00e7\u00e3o internacional:<\/h3>\n\n<ol class=\"wp-block-list\">\n<li><strong>Escolher um pa\u00eds<\/strong>: Os futuros pais adotivos come\u00e7am por decidir o pa\u00eds de onde desejam adotar. Esta decis\u00e3o \u00e9 influenciada por fatores como as regulamenta\u00e7\u00f5es de ado\u00e7\u00e3o do pa\u00eds, a disponibilidade de crian\u00e7as adot\u00e1veis e a rela\u00e7\u00e3o do pa\u00eds adotante com a na\u00e7\u00e3o estrangeira. <\/li>\n\n\n\n<li><strong>Leis de ado\u00e7\u00e3o no pa\u00eds de origem<\/strong>: Cada pa\u00eds tem o seu pr\u00f3prio conjunto de regulamenta\u00e7\u00f5es que regem a ado\u00e7\u00e3o internacional. Alguns pa\u00edses permitem as ado\u00e7\u00f5es internacionais de forma mais flex\u00edvel, enquanto outros imp\u00f5em restri\u00e7\u00f5es ou at\u00e9 fecharam as ado\u00e7\u00f5es internacionais por completo (como aconteceu com a R\u00fassia, que proibiu as ado\u00e7\u00f5es por cidad\u00e3os norte-americanos). <\/li>\n\n\n\n<li><strong>Conven\u00e7\u00e3o de Ado\u00e7\u00e3o de Haia<\/strong>: Muitos pa\u00edses seguem as diretrizes da <strong>Conven\u00e7\u00e3o de Ado\u00e7\u00e3o de Haia<\/strong>*, um tratado internacional que estabelece normas para as ado\u00e7\u00f5es internacionais. Os pa\u00edses membros da Conven\u00e7\u00e3o de Haia trabalham para garantir que as ado\u00e7\u00f5es sejam \u00e9ticas, centradas na crian\u00e7a e n\u00e3o explorat\u00f3rias. Os pa\u00edses que n\u00e3o s\u00e3o membros da Conven\u00e7\u00e3o de Haia podem ter padr\u00f5es legais diferentes, mas o processo tende a ser mais complicado.  <\/li>\n\n\n\n<li><strong>Estudo de Casa e Elegibilidade<\/strong>: Os pais adotivos devem passar por um <strong>estudo de casa<\/strong> realizado por uma ag\u00eancia licenciada para avaliar a sua adequa\u00e7\u00e3o para adotar uma crian\u00e7a. Este estudo avalia a sua estabilidade financeira, sa\u00fade mental e emocional e a capacidade de proporcionar um ambiente est\u00e1vel para a crian\u00e7a. \n<ul class=\"wp-block-list\">\n<li>A elegibilidade varia de pa\u00eds para pa\u00eds, mas geralmente inclui requisitos m\u00ednimos de idade, estado civil, condi\u00e7\u00f5es de sa\u00fade e, por vezes, rendimento.<\/li>\n<\/ul>\n<\/li>\n\n\n\n<li><strong>Atribui\u00e7\u00e3o de uma crian\u00e7a<\/strong>: Ap\u00f3s a aprova\u00e7\u00e3o, os futuros pais s\u00e3o associados a uma crian\u00e7a. Isto pode levar algum tempo, dependendo do pa\u00eds e da disponibilidade de crian\u00e7as. Normalmente, recebem um dossier com informa\u00e7\u00f5es sobre a sa\u00fade da crian\u00e7a, o seu hist\u00f3rico e o estatuto legal.  <\/li>\n\n\n\n<li><strong>Processo legal e viagem:<\/strong> Adotar uma crian\u00e7a internacionalmente requer navegar tanto no sistema legal do <strong>pa\u00eds dos pais adotivos <\/strong>como no sistema legal do <strong>pa\u00eds de origem<\/strong>. A maioria dos pa\u00edses exige que os pais adotivos viagem at\u00e9 o pa\u00eds de origem da crian\u00e7a para completar o processo de ado\u00e7\u00e3o, o que pode envolver compar\u00eancias em tribunal, encontros com assistentes sociais e a realiza\u00e7\u00e3o de qualquer documenta\u00e7\u00e3o restante. <\/li>\n\n\n\n<li><strong>Processo de imigra\u00e7\u00e3o<\/strong>: Uma vez finalizado o processo de ado\u00e7\u00e3o, os pais adotivos devem solicitar um visto ou cidadania para a crian\u00e7a a fim de a trazer para o seu pa\u00eds de origem. Este processo envolve trabalhar com as autoridades de imigra\u00e7\u00e3o e pode variar dependendo do pa\u00eds e se o pa\u00eds de origem da crian\u00e7a \u00e9 parte da Conven\u00e7\u00e3o de Haia. <\/li>\n<\/ol>\n\n<h3 class=\"wp-block-heading\">Desafios Comuns na Ado\u00e7\u00e3o Internacional:<\/h3>\n\n<p><strong>Processo longo<\/strong>: A ado\u00e7\u00e3o internacional pode levar v\u00e1rios anos, com tempos de espera dependendo da idade da crian\u00e7a, do atraso do pa\u00eds e dos obst\u00e1culos burocr\u00e1ticos.<\/p>\n\n<ul class=\"wp-block-list\">\n<li><strong>Custos<\/strong>: O custo total da ado\u00e7\u00e3o internacional pode variar entre 18.000 a 45.000 d\u00f3lares ou mais, dependendo do pa\u00eds, taxas legais, despesas de viagem e taxas da ag\u00eancia.<\/li>\n\n\n\n<li><strong>Diferen\u00e7as culturais e legais<\/strong>: Navegar por diferentes sistemas legais, l\u00ednguas e expectativas culturais pode ser um desafio para as fam\u00edlias adotivas.<\/li>\n<\/ul>\n\n<h3 class=\"wp-block-heading\">Pa\u00edses conhecidos pela ado\u00e7\u00e3o internacional:<\/h3>\n\n<ul class=\"wp-block-list\">\n<li><strong>China<\/strong>: Uma vez uma grande fonte de ado\u00e7\u00f5es internacionais, a China tem requisitos rigorosos para os pais adotivos e, normalmente, aloca crian\u00e7as com necessidades especiais.<\/li>\n\n\n\n<li><strong>Col\u00f4mbia e Haiti:<\/strong> Ambos os pa\u00edses continuam a permitir a ado\u00e7\u00e3o internacional, mas t\u00eam procedimentos rigorosos em vigor.<\/li>\n\n\n\n<li><strong>\u00cdndia<\/strong>: A \u00cdndia segue a Conven\u00e7\u00e3o de Haia e o processo inclui verifica\u00e7\u00f5es detalhadas de elegibilidade.<\/li>\n<\/ul>\n\n<h3 class=\"wp-block-heading\">Ap\u00f3s a Ado\u00e7\u00e3o:<\/h3>\n\n<p>Muitos pa\u00edses exigem visitas de acompanhamento p\u00f3s-ado\u00e7\u00e3o por assistentes sociais para garantir o bem-estar da crian\u00e7a. Alguns pa\u00edses tamb\u00e9m exigem relat\u00f3rios anuais de volta ao pa\u00eds de origem para monitorizar o progresso da crian\u00e7a. <\/p>\n\n<p>A ado\u00e7\u00e3o internacional \u00e9 um processo complexo e emocionalmente exigente, mas oferece \u00e0s crian\u00e7as sem fam\u00edlias a oportunidade de crescer em lares onde h\u00e1 amor. No entanto, as considera\u00e7\u00f5es \u00e9ticas, os longos prazos e as complexidades legais tornam-no um processo que exige uma an\u00e1lise cuidadosa. <\/p>\n\n<p class=\"has-small-font-size\"><strong>*<\/strong> <a href=\"https:\/\/www.hcch.net\/en\/instruments\/conventions\/full-text\/?cid=69.\" target=\"_blank\" rel=\"noreferrer noopener\">https:\/\/www.hcch.net\/en\/instruments\/conventions\/full-text\/?cid=69.<\/a><\/p>\n","protected":false},"excerpt":{"rendered":"<p>A ado\u00e7\u00e3o internacional permite que indiv\u00edduos ou casais adotem uma crian\u00e7a de outro pa\u00eds, normalmente facilitada por ag\u00eancias, quadros legais e acordos internacionais. O processo \u00e9 altamente regulamentado para garantir<a href=\"https:\/\/prolifeeurope.org\/pt-pt\/informa-te\/adocao-internacional\/\">Continue reading <span class=\"sr-only\">&#8220;Ado\u00e7\u00e3o internacional&#8221;<\/span><\/a><\/p>\n","protected":false},"author":14,"featured_media":0,"parent":2808,"menu_order":0,"comment_status":"closed","ping_status":"closed","template":"page-topic.php","meta":{"_acf_changed":false,"_monsterinsights_skip_tracking":false,"_monsterinsights_sitenote_active":false,"_monsterinsights_sitenote_note":"","_monsterinsights_sitenote_category":0,"footnotes":""},"topic":[],"class_list":["post-2740","page","type-page","status-publish","hentry"],"acf":[],"yoast_head":"<!-- This site is optimized with the Yoast SEO plugin v27.2 - https:\/\/yoast.com\/product\/yoast-seo-wordpress\/ -->\n<title>Ado\u00e7\u00e3o internacional - ProLife Europe<\/title>\n<meta name=\"description\" content=\"A ado\u00e7\u00e3o internacional permite que indiv\u00edduos ou casais adotem uma crian\u00e7a de outro pa\u00eds.\" \/>\n<meta name=\"robots\" content=\"index, follow, max-snippet:-1, max-image-preview:large, max-video-preview:-1\" \/>\n<link rel=\"canonical\" href=\"https:\/\/prolifeeurope.org\/pt-pt\/informa-te\/adocao-internacional\/\" \/>\n<meta property=\"og:locale\" content=\"pt_PT\" \/>\n<meta property=\"og:type\" content=\"article\" \/>\n<meta property=\"og:title\" content=\"Ado\u00e7\u00e3o internacional - ProLife Europe\" \/>\n<meta property=\"og:description\" content=\"A ado\u00e7\u00e3o internacional permite que indiv\u00edduos ou casais adotem uma crian\u00e7a de outro pa\u00eds.\" \/>\n<meta property=\"og:url\" content=\"https:\/\/prolifeeurope.org\/pt-pt\/informa-te\/adocao-internacional\/\" \/>\n<meta property=\"og:site_name\" content=\"ProLife Europe\" \/>\n<meta property=\"article:publisher\" content=\"https:\/\/www.facebook.com\/ProLifeEurope\/\" \/>\n<meta property=\"article:modified_time\" content=\"2025-03-26T18:20:00+00:00\" \/>\n<meta name=\"twitter:card\" content=\"summary_large_image\" \/>\n<meta name=\"twitter:label1\" content=\"Tempo estimado de leitura\" \/>\n\t<meta name=\"twitter:data1\" content=\"4 minutos\" \/>\n<script type=\"application\/ld+json\" class=\"yoast-schema-graph\">{\"@context\":\"https:\/\/schema.org\",\"@graph\":[{\"@type\":\"WebPage\",\"@id\":\"https:\/\/prolifeeurope.org\/pt-pt\/informa-te\/adocao-internacional\/\",\"url\":\"https:\/\/prolifeeurope.org\/pt-pt\/informa-te\/adocao-internacional\/\",\"name\":\"Ado\u00e7\u00e3o internacional - ProLife Europe\",\"isPartOf\":{\"@id\":\"https:\/\/prolifeeurope.org\/pt-pt\/#website\"},\"datePublished\":\"2025-01-28T16:13:39+00:00\",\"dateModified\":\"2025-03-26T18:20:00+00:00\",\"description\":\"A ado\u00e7\u00e3o internacional permite que indiv\u00edduos ou casais adotem uma crian\u00e7a de outro pa\u00eds.\",\"breadcrumb\":{\"@id\":\"https:\/\/prolifeeurope.org\/pt-pt\/informa-te\/adocao-internacional\/#breadcrumb\"},\"inLanguage\":\"pt-PT\",\"potentialAction\":[{\"@type\":\"ReadAction\",\"target\":[\"https:\/\/prolifeeurope.org\/pt-pt\/informa-te\/adocao-internacional\/\"]}]},{\"@type\":\"BreadcrumbList\",\"@id\":\"https:\/\/prolifeeurope.org\/pt-pt\/informa-te\/adocao-internacional\/#breadcrumb\",\"itemListElement\":[{\"@type\":\"ListItem\",\"position\":1,\"name\":\"Home\",\"item\":\"https:\/\/prolifeeurope.org\/pt-pt\/\"},{\"@type\":\"ListItem\",\"position\":2,\"name\":\"Informa-te\",\"item\":\"https:\/\/prolifeeurope.org\/pt-pt\/informa-te\/\"},{\"@type\":\"ListItem\",\"position\":3,\"name\":\"Ado\u00e7\u00e3o internacional\"}]},{\"@type\":\"WebSite\",\"@id\":\"https:\/\/prolifeeurope.org\/pt-pt\/#website\",\"url\":\"https:\/\/prolifeeurope.org\/pt-pt\/\",\"name\":\"ProLife Europe\",\"description\":\"\",\"publisher\":{\"@id\":\"https:\/\/prolifeeurope.org\/pt-pt\/#organization\"},\"potentialAction\":[{\"@type\":\"SearchAction\",\"target\":{\"@type\":\"EntryPoint\",\"urlTemplate\":\"https:\/\/prolifeeurope.org\/pt-pt\/?s={search_term_string}\"},\"query-input\":{\"@type\":\"PropertyValueSpecification\",\"valueRequired\":true,\"valueName\":\"search_term_string\"}}],\"inLanguage\":\"pt-PT\"},{\"@type\":\"Organization\",\"@id\":\"https:\/\/prolifeeurope.org\/pt-pt\/#organization\",\"name\":\"ProLife Europe\",\"url\":\"https:\/\/prolifeeurope.org\/pt-pt\/\",\"logo\":{\"@type\":\"ImageObject\",\"inLanguage\":\"pt-PT\",\"@id\":\"https:\/\/prolifeeurope.org\/pt-pt\/#\/schema\/logo\/image\/\",\"url\":\"https:\/\/prolifeeurope.org\/wp-content\/uploads\/2024\/11\/logo-3.svg\",\"contentUrl\":\"https:\/\/prolifeeurope.org\/wp-content\/uploads\/2024\/11\/logo-3.svg\",\"width\":166,\"height\":170,\"caption\":\"ProLife Europe\"},\"image\":{\"@id\":\"https:\/\/prolifeeurope.org\/pt-pt\/#\/schema\/logo\/image\/\"},\"sameAs\":[\"https:\/\/www.facebook.com\/ProLifeEurope\/\",\"https:\/\/www.instagram.com\/prolife_europe\/\",\"https:\/\/www.youtube.com\/channel\/UC7olgmdiSVEHZUiP554XozA\"]}]}<\/script>\n<!-- \/ Yoast SEO plugin. -->","yoast_head_json":{"title":"Ado\u00e7\u00e3o internacional - ProLife Europe","description":"A ado\u00e7\u00e3o internacional permite que indiv\u00edduos ou casais adotem uma crian\u00e7a de outro pa\u00eds.","robots":{"index":"index","follow":"follow","max-snippet":"max-snippet:-1","max-image-preview":"max-image-preview:large","max-video-preview":"max-video-preview:-1"},"canonical":"https:\/\/prolifeeurope.org\/pt-pt\/informa-te\/adocao-internacional\/","og_locale":"pt_PT","og_type":"article","og_title":"Ado\u00e7\u00e3o internacional - ProLife Europe","og_description":"A ado\u00e7\u00e3o internacional permite que indiv\u00edduos ou casais adotem uma crian\u00e7a de outro pa\u00eds.","og_url":"https:\/\/prolifeeurope.org\/pt-pt\/informa-te\/adocao-internacional\/","og_site_name":"ProLife Europe","article_publisher":"https:\/\/www.facebook.com\/ProLifeEurope\/","article_modified_time":"2025-03-26T18:20:00+00:00","twitter_card":"summary_large_image","twitter_misc":{"Tempo estimado de leitura":"4 minutos"},"schema":{"@context":"https:\/\/schema.org","@graph":[{"@type":"WebPage","@id":"https:\/\/prolifeeurope.org\/pt-pt\/informa-te\/adocao-internacional\/","url":"https:\/\/prolifeeurope.org\/pt-pt\/informa-te\/adocao-internacional\/","name":"Ado\u00e7\u00e3o internacional - ProLife Europe","isPartOf":{"@id":"https:\/\/prolifeeurope.org\/pt-pt\/#website"},"datePublished":"2025-01-28T16:13:39+00:00","dateModified":"2025-03-26T18:20:00+00:00","description":"A ado\u00e7\u00e3o internacional permite que indiv\u00edduos ou casais adotem uma crian\u00e7a de outro pa\u00eds.","breadcrumb":{"@id":"https:\/\/prolifeeurope.org\/pt-pt\/informa-te\/adocao-internacional\/#breadcrumb"},"inLanguage":"pt-PT","potentialAction":[{"@type":"ReadAction","target":["https:\/\/prolifeeurope.org\/pt-pt\/informa-te\/adocao-internacional\/"]}]},{"@type":"BreadcrumbList","@id":"https:\/\/prolifeeurope.org\/pt-pt\/informa-te\/adocao-internacional\/#breadcrumb","itemListElement":[{"@type":"ListItem","position":1,"name":"Home","item":"https:\/\/prolifeeurope.org\/pt-pt\/"},{"@type":"ListItem","position":2,"name":"Informa-te","item":"https:\/\/prolifeeurope.org\/pt-pt\/informa-te\/"},{"@type":"ListItem","position":3,"name":"Ado\u00e7\u00e3o internacional"}]},{"@type":"WebSite","@id":"https:\/\/prolifeeurope.org\/pt-pt\/#website","url":"https:\/\/prolifeeurope.org\/pt-pt\/","name":"ProLife Europe","description":"","publisher":{"@id":"https:\/\/prolifeeurope.org\/pt-pt\/#organization"},"potentialAction":[{"@type":"SearchAction","target":{"@type":"EntryPoint","urlTemplate":"https:\/\/prolifeeurope.org\/pt-pt\/?s={search_term_string}"},"query-input":{"@type":"PropertyValueSpecification","valueRequired":true,"valueName":"search_term_string"}}],"inLanguage":"pt-PT"},{"@type":"Organization","@id":"https:\/\/prolifeeurope.org\/pt-pt\/#organization","name":"ProLife Europe","url":"https:\/\/prolifeeurope.org\/pt-pt\/","logo":{"@type":"ImageObject","inLanguage":"pt-PT","@id":"https:\/\/prolifeeurope.org\/pt-pt\/#\/schema\/logo\/image\/","url":"https:\/\/prolifeeurope.org\/wp-content\/uploads\/2024\/11\/logo-3.svg","contentUrl":"https:\/\/prolifeeurope.org\/wp-content\/uploads\/2024\/11\/logo-3.svg","width":166,"height":170,"caption":"ProLife Europe"},"image":{"@id":"https:\/\/prolifeeurope.org\/pt-pt\/#\/schema\/logo\/image\/"},"sameAs":["https:\/\/www.facebook.com\/ProLifeEurope\/","https:\/\/www.instagram.com\/prolife_europe\/","https:\/\/www.youtube.com\/channel\/UC7olgmdiSVEHZUiP554XozA"]}]}},"_links":{"self":[{"href":"https:\/\/prolifeeurope.org\/pt-pt\/wp-json\/wp\/v2\/pages\/2740","targetHints":{"allow":["GET"]}}],"collection":[{"href":"https:\/\/prolifeeurope.org\/pt-pt\/wp-json\/wp\/v2\/pages"}],"about":[{"href":"https:\/\/prolifeeurope.org\/pt-pt\/wp-json\/wp\/v2\/types\/page"}],"author":[{"embeddable":true,"href":"https:\/\/prolifeeurope.org\/pt-pt\/wp-json\/wp\/v2\/users\/14"}],"replies":[{"embeddable":true,"href":"https:\/\/prolifeeurope.org\/pt-pt\/wp-json\/wp\/v2\/comments?post=2740"}],"version-history":[{"count":3,"href":"https:\/\/prolifeeurope.org\/pt-pt\/wp-json\/wp\/v2\/pages\/2740\/revisions"}],"predecessor-version":[{"id":3455,"href":"https:\/\/prolifeeurope.org\/pt-pt\/wp-json\/wp\/v2\/pages\/2740\/revisions\/3455"}],"up":[{"embeddable":true,"href":"https:\/\/prolifeeurope.org\/pt-pt\/wp-json\/wp\/v2\/pages\/2808"}],"wp:attachment":[{"href":"https:\/\/prolifeeurope.org\/pt-pt\/wp-json\/wp\/v2\/media?parent=2740"}],"wp:term":[{"taxonomy":"topic","embeddable":true,"href":"https:\/\/prolifeeurope.org\/pt-pt\/wp-json\/wp\/v2\/topic?post=2740"}],"curies":[{"name":"wp","href":"https:\/\/api.w.org\/{rel}","templated":true}]}}