{"id":2738,"date":"2025-01-28T17:21:32","date_gmt":"2025-01-28T16:21:32","guid":{"rendered":"https:\/\/ws-staging.prolifeeurope.org\/adocao-uma-opcao-real\/"},"modified":"2025-03-26T19:21:40","modified_gmt":"2025-03-26T18:21:40","slug":"adocao-uma-opcao-real","status":"publish","type":"page","link":"https:\/\/prolifeeurope.org\/pt-pt\/informa-te\/adocao-uma-opcao-real\/","title":{"rendered":"Ado\u00e7\u00e3o \u2013 uma op\u00e7\u00e3o real?"},"content":{"rendered":"\n<p>Este extenso panorama de diferentes leis, regulamenta\u00e7\u00f5es e processos mostra uma coisa com certeza: a ado\u00e7\u00e3o \u00e9 um processo longo e complicado. Nem todos os casais dispostos a adotar conseguem levar uma crian\u00e7a para casa \u2013 muito longe disso! Mas por que \u00e9 que isso acontece? Por que \u00e9 que os sistemas de ado\u00e7\u00e3o n\u00e3o s\u00e3o constantemente revistos e atualizados para promover a ado\u00e7\u00e3o como uma solu\u00e7\u00e3o preferencial? Por que \u00e9 que pais\/m\u00e3es que escolhem dar o seu filho para ado\u00e7\u00e3o ainda s\u00e3o vistos como maus pais, quando na realidade isso significa dar ao seu filho uma oportunidade de uma vida cheia de possibilidades que eles pr\u00f3prios n\u00e3o poderiam proporcionar?    <\/p>\n\n<p>Sim, nem todas as crian\u00e7as entregues para ado\u00e7\u00e3o t\u00eam uma vida maravilhosa e sem preocupa\u00e7\u00f5es. Sim, o sistema de acolhimento precisa urgentemente de mudan\u00e7as. Mas n\u00e3o, abortar uma crian\u00e7a para poup\u00e1-la de uma poss\u00edvel vida de sofrimento no sistema n\u00e3o \u00e9 a melhor op\u00e7\u00e3o! Vamos, em vez disso, abordar essas mudan\u00e7as necess\u00e1rias no sistema existente e dar a essas crian\u00e7as a oportunidade de viverem a sua vida! E vamos tamb\u00e9m parar de ver os pais que consideram entregar o seu filho para ado\u00e7\u00e3o como pais negligentes e v\u00ea-los como o que realmente s\u00e3o: her\u00f3is da vida real que deram ao seu filho a melhor oportunidade que tinham dispon\u00edvel!    <\/p>\n","protected":false},"excerpt":{"rendered":"<p>Este extenso panorama de diferentes leis, regulamenta\u00e7\u00f5es e processos mostra uma coisa com certeza: a ado\u00e7\u00e3o \u00e9 um processo longo e complicado. Nem todos os casais dispostos a adotar conseguem<a href=\"https:\/\/prolifeeurope.org\/pt-pt\/informa-te\/adocao-uma-opcao-real\/\">Continue reading <span class=\"sr-only\">&#8220;Ado\u00e7\u00e3o \u2013 uma op\u00e7\u00e3o real?&#8221;<\/span><\/a><\/p>\n","protected":false},"author":14,"featured_media":0,"parent":2808,"menu_order":0,"comment_status":"closed","ping_status":"closed","template":"page-topic.php","meta":{"_acf_changed":false,"_monsterinsights_skip_tracking":false,"_monsterinsights_sitenote_active":false,"_monsterinsights_sitenote_note":"","_monsterinsights_sitenote_category":0,"footnotes":""},"topic":[],"class_list":["post-2738","page","type-page","status-publish","hentry"],"acf":[],"yoast_head":"<!-- This site is optimized with the Yoast SEO plugin v27.2 - https:\/\/yoast.com\/product\/yoast-seo-wordpress\/ -->\n<title>Ado\u00e7\u00e3o \u2013 uma op\u00e7\u00e3o real? - ProLife Europe<\/title>\n<meta name=\"description\" content=\"Os pais biol\u00f3gicos d\u00e3o a vida aos seus filhos. E a ado\u00e7\u00e3o pode dar aos filhos uma fam\u00edlia.\" \/>\n<meta name=\"robots\" content=\"index, follow, max-snippet:-1, max-image-preview:large, max-video-preview:-1\" \/>\n<link rel=\"canonical\" href=\"https:\/\/prolifeeurope.org\/pt-pt\/informa-te\/adocao-uma-opcao-real\/\" \/>\n<meta property=\"og:locale\" content=\"pt_PT\" \/>\n<meta property=\"og:type\" content=\"article\" \/>\n<meta property=\"og:title\" content=\"Ado\u00e7\u00e3o \u2013 uma op\u00e7\u00e3o real? - ProLife Europe\" \/>\n<meta property=\"og:description\" content=\"Os pais biol\u00f3gicos d\u00e3o a vida aos seus filhos. E a ado\u00e7\u00e3o pode dar aos filhos uma fam\u00edlia.\" \/>\n<meta property=\"og:url\" content=\"https:\/\/prolifeeurope.org\/pt-pt\/informa-te\/adocao-uma-opcao-real\/\" \/>\n<meta property=\"og:site_name\" content=\"ProLife Europe\" \/>\n<meta property=\"article:publisher\" content=\"https:\/\/www.facebook.com\/ProLifeEurope\/\" \/>\n<meta property=\"article:modified_time\" content=\"2025-03-26T18:21:40+00:00\" \/>\n<meta name=\"twitter:card\" content=\"summary_large_image\" \/>\n<meta name=\"twitter:label1\" content=\"Tempo estimado de leitura\" \/>\n\t<meta name=\"twitter:data1\" content=\"1 minuto\" \/>\n<script type=\"application\/ld+json\" class=\"yoast-schema-graph\">{\"@context\":\"https:\/\/schema.org\",\"@graph\":[{\"@type\":\"WebPage\",\"@id\":\"https:\/\/prolifeeurope.org\/pt-pt\/informa-te\/adocao-uma-opcao-real\/\",\"url\":\"https:\/\/prolifeeurope.org\/pt-pt\/informa-te\/adocao-uma-opcao-real\/\",\"name\":\"Ado\u00e7\u00e3o \u2013 uma op\u00e7\u00e3o real? - ProLife Europe\",\"isPartOf\":{\"@id\":\"https:\/\/prolifeeurope.org\/pt-pt\/#website\"},\"datePublished\":\"2025-01-28T16:21:32+00:00\",\"dateModified\":\"2025-03-26T18:21:40+00:00\",\"description\":\"Os pais biol\u00f3gicos d\u00e3o a vida aos seus filhos. E a ado\u00e7\u00e3o pode dar aos filhos uma fam\u00edlia.\",\"breadcrumb\":{\"@id\":\"https:\/\/prolifeeurope.org\/pt-pt\/informa-te\/adocao-uma-opcao-real\/#breadcrumb\"},\"inLanguage\":\"pt-PT\",\"potentialAction\":[{\"@type\":\"ReadAction\",\"target\":[\"https:\/\/prolifeeurope.org\/pt-pt\/informa-te\/adocao-uma-opcao-real\/\"]}]},{\"@type\":\"BreadcrumbList\",\"@id\":\"https:\/\/prolifeeurope.org\/pt-pt\/informa-te\/adocao-uma-opcao-real\/#breadcrumb\",\"itemListElement\":[{\"@type\":\"ListItem\",\"position\":1,\"name\":\"Home\",\"item\":\"https:\/\/prolifeeurope.org\/pt-pt\/\"},{\"@type\":\"ListItem\",\"position\":2,\"name\":\"Informa-te\",\"item\":\"https:\/\/prolifeeurope.org\/pt-pt\/informa-te\/\"},{\"@type\":\"ListItem\",\"position\":3,\"name\":\"Ado\u00e7\u00e3o \u2013 uma op\u00e7\u00e3o real?\"}]},{\"@type\":\"WebSite\",\"@id\":\"https:\/\/prolifeeurope.org\/pt-pt\/#website\",\"url\":\"https:\/\/prolifeeurope.org\/pt-pt\/\",\"name\":\"ProLife Europe\",\"description\":\"\",\"publisher\":{\"@id\":\"https:\/\/prolifeeurope.org\/pt-pt\/#organization\"},\"potentialAction\":[{\"@type\":\"SearchAction\",\"target\":{\"@type\":\"EntryPoint\",\"urlTemplate\":\"https:\/\/prolifeeurope.org\/pt-pt\/?s={search_term_string}\"},\"query-input\":{\"@type\":\"PropertyValueSpecification\",\"valueRequired\":true,\"valueName\":\"search_term_string\"}}],\"inLanguage\":\"pt-PT\"},{\"@type\":\"Organization\",\"@id\":\"https:\/\/prolifeeurope.org\/pt-pt\/#organization\",\"name\":\"ProLife Europe\",\"url\":\"https:\/\/prolifeeurope.org\/pt-pt\/\",\"logo\":{\"@type\":\"ImageObject\",\"inLanguage\":\"pt-PT\",\"@id\":\"https:\/\/prolifeeurope.org\/pt-pt\/#\/schema\/logo\/image\/\",\"url\":\"https:\/\/prolifeeurope.org\/wp-content\/uploads\/2024\/11\/logo-3.svg\",\"contentUrl\":\"https:\/\/prolifeeurope.org\/wp-content\/uploads\/2024\/11\/logo-3.svg\",\"width\":166,\"height\":170,\"caption\":\"ProLife Europe\"},\"image\":{\"@id\":\"https:\/\/prolifeeurope.org\/pt-pt\/#\/schema\/logo\/image\/\"},\"sameAs\":[\"https:\/\/www.facebook.com\/ProLifeEurope\/\",\"https:\/\/www.instagram.com\/prolife_europe\/\",\"https:\/\/www.youtube.com\/channel\/UC7olgmdiSVEHZUiP554XozA\"]}]}<\/script>\n<!-- \/ Yoast SEO plugin. -->","yoast_head_json":{"title":"Ado\u00e7\u00e3o \u2013 uma op\u00e7\u00e3o real? - ProLife Europe","description":"Os pais biol\u00f3gicos d\u00e3o a vida aos seus filhos. E a ado\u00e7\u00e3o pode dar aos filhos uma fam\u00edlia.","robots":{"index":"index","follow":"follow","max-snippet":"max-snippet:-1","max-image-preview":"max-image-preview:large","max-video-preview":"max-video-preview:-1"},"canonical":"https:\/\/prolifeeurope.org\/pt-pt\/informa-te\/adocao-uma-opcao-real\/","og_locale":"pt_PT","og_type":"article","og_title":"Ado\u00e7\u00e3o \u2013 uma op\u00e7\u00e3o real? - ProLife Europe","og_description":"Os pais biol\u00f3gicos d\u00e3o a vida aos seus filhos. E a ado\u00e7\u00e3o pode dar aos filhos uma fam\u00edlia.","og_url":"https:\/\/prolifeeurope.org\/pt-pt\/informa-te\/adocao-uma-opcao-real\/","og_site_name":"ProLife Europe","article_publisher":"https:\/\/www.facebook.com\/ProLifeEurope\/","article_modified_time":"2025-03-26T18:21:40+00:00","twitter_card":"summary_large_image","twitter_misc":{"Tempo estimado de leitura":"1 minuto"},"schema":{"@context":"https:\/\/schema.org","@graph":[{"@type":"WebPage","@id":"https:\/\/prolifeeurope.org\/pt-pt\/informa-te\/adocao-uma-opcao-real\/","url":"https:\/\/prolifeeurope.org\/pt-pt\/informa-te\/adocao-uma-opcao-real\/","name":"Ado\u00e7\u00e3o \u2013 uma op\u00e7\u00e3o real? - ProLife Europe","isPartOf":{"@id":"https:\/\/prolifeeurope.org\/pt-pt\/#website"},"datePublished":"2025-01-28T16:21:32+00:00","dateModified":"2025-03-26T18:21:40+00:00","description":"Os pais biol\u00f3gicos d\u00e3o a vida aos seus filhos. E a ado\u00e7\u00e3o pode dar aos filhos uma fam\u00edlia.","breadcrumb":{"@id":"https:\/\/prolifeeurope.org\/pt-pt\/informa-te\/adocao-uma-opcao-real\/#breadcrumb"},"inLanguage":"pt-PT","potentialAction":[{"@type":"ReadAction","target":["https:\/\/prolifeeurope.org\/pt-pt\/informa-te\/adocao-uma-opcao-real\/"]}]},{"@type":"BreadcrumbList","@id":"https:\/\/prolifeeurope.org\/pt-pt\/informa-te\/adocao-uma-opcao-real\/#breadcrumb","itemListElement":[{"@type":"ListItem","position":1,"name":"Home","item":"https:\/\/prolifeeurope.org\/pt-pt\/"},{"@type":"ListItem","position":2,"name":"Informa-te","item":"https:\/\/prolifeeurope.org\/pt-pt\/informa-te\/"},{"@type":"ListItem","position":3,"name":"Ado\u00e7\u00e3o \u2013 uma op\u00e7\u00e3o real?"}]},{"@type":"WebSite","@id":"https:\/\/prolifeeurope.org\/pt-pt\/#website","url":"https:\/\/prolifeeurope.org\/pt-pt\/","name":"ProLife Europe","description":"","publisher":{"@id":"https:\/\/prolifeeurope.org\/pt-pt\/#organization"},"potentialAction":[{"@type":"SearchAction","target":{"@type":"EntryPoint","urlTemplate":"https:\/\/prolifeeurope.org\/pt-pt\/?s={search_term_string}"},"query-input":{"@type":"PropertyValueSpecification","valueRequired":true,"valueName":"search_term_string"}}],"inLanguage":"pt-PT"},{"@type":"Organization","@id":"https:\/\/prolifeeurope.org\/pt-pt\/#organization","name":"ProLife Europe","url":"https:\/\/prolifeeurope.org\/pt-pt\/","logo":{"@type":"ImageObject","inLanguage":"pt-PT","@id":"https:\/\/prolifeeurope.org\/pt-pt\/#\/schema\/logo\/image\/","url":"https:\/\/prolifeeurope.org\/wp-content\/uploads\/2024\/11\/logo-3.svg","contentUrl":"https:\/\/prolifeeurope.org\/wp-content\/uploads\/2024\/11\/logo-3.svg","width":166,"height":170,"caption":"ProLife Europe"},"image":{"@id":"https:\/\/prolifeeurope.org\/pt-pt\/#\/schema\/logo\/image\/"},"sameAs":["https:\/\/www.facebook.com\/ProLifeEurope\/","https:\/\/www.instagram.com\/prolife_europe\/","https:\/\/www.youtube.com\/channel\/UC7olgmdiSVEHZUiP554XozA"]}]}},"_links":{"self":[{"href":"https:\/\/prolifeeurope.org\/pt-pt\/wp-json\/wp\/v2\/pages\/2738","targetHints":{"allow":["GET"]}}],"collection":[{"href":"https:\/\/prolifeeurope.org\/pt-pt\/wp-json\/wp\/v2\/pages"}],"about":[{"href":"https:\/\/prolifeeurope.org\/pt-pt\/wp-json\/wp\/v2\/types\/page"}],"author":[{"embeddable":true,"href":"https:\/\/prolifeeurope.org\/pt-pt\/wp-json\/wp\/v2\/users\/14"}],"replies":[{"embeddable":true,"href":"https:\/\/prolifeeurope.org\/pt-pt\/wp-json\/wp\/v2\/comments?post=2738"}],"version-history":[{"count":2,"href":"https:\/\/prolifeeurope.org\/pt-pt\/wp-json\/wp\/v2\/pages\/2738\/revisions"}],"predecessor-version":[{"id":2931,"href":"https:\/\/prolifeeurope.org\/pt-pt\/wp-json\/wp\/v2\/pages\/2738\/revisions\/2931"}],"up":[{"embeddable":true,"href":"https:\/\/prolifeeurope.org\/pt-pt\/wp-json\/wp\/v2\/pages\/2808"}],"wp:attachment":[{"href":"https:\/\/prolifeeurope.org\/pt-pt\/wp-json\/wp\/v2\/media?parent=2738"}],"wp:term":[{"taxonomy":"topic","embeddable":true,"href":"https:\/\/prolifeeurope.org\/pt-pt\/wp-json\/wp\/v2\/topic?post=2738"}],"curies":[{"name":"wp","href":"https:\/\/api.w.org\/{rel}","templated":true}]}}