{"id":2665,"date":"2024-11-25T20:14:52","date_gmt":"2024-11-25T19:14:52","guid":{"rendered":"https:\/\/ws-staging.prolifeeurope.org\/quando-comeca-uma-vida-humana\/"},"modified":"2025-03-26T16:31:43","modified_gmt":"2025-03-26T15:31:43","slug":"quando-comeca-uma-vida-humana","status":"publish","type":"page","link":"https:\/\/prolifeeurope.org\/pt-pt\/informa-te\/quando-comeca-uma-vida-humana\/","title":{"rendered":"Quando come\u00e7a a vida humana?"},"content":{"rendered":"\n<figure class=\"wp-block-image size-large\"><img loading=\"lazy\" decoding=\"async\" width=\"1024\" height=\"567\" src=\"https:\/\/prolifeeurope.org\/wp-content\/uploads\/2025\/01\/when-does-human-life-begin-1-1024x567.jpg\" alt=\"\" class=\"wp-image-1504\" srcset=\"https:\/\/prolifeeurope.org\/wp-content\/uploads\/2025\/01\/when-does-human-life-begin-1-1024x567.jpg 1024w, https:\/\/prolifeeurope.org\/wp-content\/uploads\/2025\/01\/when-does-human-life-begin-1-300x166.jpg 300w, https:\/\/prolifeeurope.org\/wp-content\/uploads\/2025\/01\/when-does-human-life-begin-1-768x425.jpg 768w, https:\/\/prolifeeurope.org\/wp-content\/uploads\/2025\/01\/when-does-human-life-begin-1.jpg 1500w\" sizes=\"auto, (max-width: 1024px) 100vw, 1024px\" \/><\/figure>\n\n<p>Embora o discurso p\u00fablico possa sugerir o contr\u00e1rio, do ponto de vista biol\u00f3gico, podemos definir exatamente quando come\u00e7a a vida humana: na conce\u00e7\u00e3o.<\/p>\n\n<p class=\"is-style-default\">O momento em que o \u00f3vulo e o espermatozoide se fundem \u00e9 o in\u00edcio da exist\u00eancia de um novo e \u00fanico organismo humano. Esse novo organismo vivo \u2014 agora consistindo de uma \u00fanica c\u00e9lula, chamada zigoto \u2014 j\u00e1 cont\u00e9m toda a informa\u00e7\u00e3o gen\u00e9tica do ser humano adulto em que este se desenvolver\u00e1: sexo, cor do cabelo, cor dos olhos, etc. Em nenhum momento durante o seu desenvolvimento \u00e9 adicionada mais informa\u00e7\u00e3o. Se nada inesperado acontecer ou o desenvolvimento n\u00e3o for interrompido ou travado, este novo ser humano nascer\u00e1 como um beb\u00e9 \u00fanico, aproximadamente nove meses depois.   <\/p>\n\n<p>Fontes:<\/p>\n\n<ol class=\"wp-block-list\">\n<li class=\"has-small-font-size\">Condic, Maureen (2013): When Does Human Life Begin? The Scientific Evidence and Terminology Revisited [<a href=\"https:\/\/researchonline.stthomas.edu\/esploro\/outputs\/journalArticle\/When-Does-Human-Life-Begin-The\/991015131529403691\" target=\"_blank\" rel=\"noreferrer noopener\">https:\/\/researchonline.stthomas.edu\/esploro\/outputs\/journalArticle\/When-Does-Human-Life-Begin-The\/991015131529403691<\/a>].  <\/li>\n\n\n\n<li class=\"has-small-font-size\">Sadler, T.W. (2012): Langman\u2019s Medical Embryology [<a href=\"https:\/\/e-library.sammu.uz\/uploads\/books\/Ingliz%20tilidagi%20kitoblar\/Sadler_T_W_--_Langman_39_s_medical_embryology.pdf\" target=\"_blank\" rel=\"noreferrer noopener\">https:\/\/e-library.sammu.uz\/uploads\/books\/Ingliz%20tilidagi%20kitoblar\/Sadler_T_W_&#8211;_Langman_39_s_medical_embryology.pdf<\/a>]. <\/li>\n\n\n\n<li class=\"has-small-font-size\">Webster, Samuel; de Wreede, Rhiannon (2012): Embryology at a glance [<a href=\"http:\/\/repository.stikesrspadgs.ac.id\/55\/1\/Embryology%20at%20a%20Glance-122hlm.pdf\" target=\"_blank\" rel=\"noreferrer noopener\">http:\/\/repository.stikesrspadgs.ac.id\/55\/1\/Embryology%20at%20a%20Glance-122hlm.pdf<\/a>].<\/li>\n<\/ol>\n\n<ol class=\"wp-block-list\">\n<li><\/li>\n<\/ol>\n","protected":false},"excerpt":{"rendered":"<p>Embora o discurso p\u00fablico possa sugerir o contr\u00e1rio, do ponto de vista biol\u00f3gico, podemos definir exatamente quando come\u00e7a a vida humana: na conce\u00e7\u00e3o. O momento em que o \u00f3vulo e<a href=\"https:\/\/prolifeeurope.org\/pt-pt\/informa-te\/quando-comeca-uma-vida-humana\/\">Continue reading <span class=\"sr-only\">&#8220;Quando come\u00e7a a vida humana?&#8221;<\/span><\/a><\/p>\n","protected":false},"author":14,"featured_media":0,"parent":2808,"menu_order":0,"comment_status":"closed","ping_status":"closed","template":"page-topic.php","meta":{"_acf_changed":false,"_monsterinsights_skip_tracking":false,"_monsterinsights_sitenote_active":false,"_monsterinsights_sitenote_note":"","_monsterinsights_sitenote_category":0,"footnotes":""},"topic":[],"class_list":["post-2665","page","type-page","status-publish","hentry"],"acf":[],"yoast_head":"<!-- This site is optimized with the Yoast SEO plugin v27.2 - https:\/\/yoast.com\/product\/yoast-seo-wordpress\/ -->\n<title>Quando come\u00e7a a vida humana? - ProLife Europe<\/title>\n<meta name=\"description\" content=\"Embora o discurso p\u00fablico possa sugerir o contr\u00e1rio, o in\u00edcio da vida humana \u00e9 biologicamente claramente defin\u00edvel.\" \/>\n<meta name=\"robots\" content=\"index, follow, max-snippet:-1, max-image-preview:large, max-video-preview:-1\" \/>\n<link rel=\"canonical\" href=\"https:\/\/prolifeeurope.org\/pt-pt\/informa-te\/quando-comeca-uma-vida-humana\/\" \/>\n<meta property=\"og:locale\" content=\"pt_PT\" \/>\n<meta property=\"og:type\" content=\"article\" \/>\n<meta property=\"og:title\" content=\"Quando come\u00e7a a vida humana? - ProLife Europe\" \/>\n<meta property=\"og:description\" content=\"Embora o discurso p\u00fablico possa sugerir o contr\u00e1rio, o in\u00edcio da vida humana \u00e9 biologicamente claramente defin\u00edvel.\" \/>\n<meta property=\"og:url\" content=\"https:\/\/prolifeeurope.org\/pt-pt\/informa-te\/quando-comeca-uma-vida-humana\/\" \/>\n<meta property=\"og:site_name\" content=\"ProLife Europe\" \/>\n<meta property=\"article:publisher\" content=\"https:\/\/www.facebook.com\/ProLifeEurope\/\" \/>\n<meta property=\"article:modified_time\" content=\"2025-03-26T15:31:43+00:00\" \/>\n<meta property=\"og:image\" content=\"https:\/\/prolifeeurope.org\/wp-content\/uploads\/2025\/01\/when-does-human-life-begin-1.jpg\" \/>\n\t<meta property=\"og:image:width\" content=\"1500\" \/>\n\t<meta property=\"og:image:height\" content=\"830\" \/>\n\t<meta property=\"og:image:type\" content=\"image\/jpeg\" \/>\n<meta name=\"twitter:card\" content=\"summary_large_image\" \/>\n<meta name=\"twitter:label1\" content=\"Tempo estimado de leitura\" \/>\n\t<meta name=\"twitter:data1\" content=\"1 minuto\" \/>\n<script type=\"application\/ld+json\" class=\"yoast-schema-graph\">{\"@context\":\"https:\/\/schema.org\",\"@graph\":[{\"@type\":\"WebPage\",\"@id\":\"https:\/\/prolifeeurope.org\/pt-pt\/informa-te\/quando-comeca-uma-vida-humana\/\",\"url\":\"https:\/\/prolifeeurope.org\/pt-pt\/informa-te\/quando-comeca-uma-vida-humana\/\",\"name\":\"Quando come\u00e7a a vida humana? - ProLife Europe\",\"isPartOf\":{\"@id\":\"https:\/\/prolifeeurope.org\/pt-pt\/#website\"},\"primaryImageOfPage\":{\"@id\":\"https:\/\/prolifeeurope.org\/pt-pt\/informa-te\/quando-comeca-uma-vida-humana\/#primaryimage\"},\"image\":{\"@id\":\"https:\/\/prolifeeurope.org\/pt-pt\/informa-te\/quando-comeca-uma-vida-humana\/#primaryimage\"},\"thumbnailUrl\":\"https:\/\/prolifeeurope.org\/wp-content\/uploads\/2025\/01\/when-does-human-life-begin-1-1024x567.jpg\",\"datePublished\":\"2024-11-25T19:14:52+00:00\",\"dateModified\":\"2025-03-26T15:31:43+00:00\",\"description\":\"Embora o discurso p\u00fablico possa sugerir o contr\u00e1rio, o in\u00edcio da vida humana \u00e9 biologicamente claramente defin\u00edvel.\",\"breadcrumb\":{\"@id\":\"https:\/\/prolifeeurope.org\/pt-pt\/informa-te\/quando-comeca-uma-vida-humana\/#breadcrumb\"},\"inLanguage\":\"pt-PT\",\"potentialAction\":[{\"@type\":\"ReadAction\",\"target\":[\"https:\/\/prolifeeurope.org\/pt-pt\/informa-te\/quando-comeca-uma-vida-humana\/\"]}]},{\"@type\":\"ImageObject\",\"inLanguage\":\"pt-PT\",\"@id\":\"https:\/\/prolifeeurope.org\/pt-pt\/informa-te\/quando-comeca-uma-vida-humana\/#primaryimage\",\"url\":\"https:\/\/prolifeeurope.org\/wp-content\/uploads\/2025\/01\/when-does-human-life-begin-1-1024x567.jpg\",\"contentUrl\":\"https:\/\/prolifeeurope.org\/wp-content\/uploads\/2025\/01\/when-does-human-life-begin-1-1024x567.jpg\"},{\"@type\":\"BreadcrumbList\",\"@id\":\"https:\/\/prolifeeurope.org\/pt-pt\/informa-te\/quando-comeca-uma-vida-humana\/#breadcrumb\",\"itemListElement\":[{\"@type\":\"ListItem\",\"position\":1,\"name\":\"Home\",\"item\":\"https:\/\/prolifeeurope.org\/pt-pt\/\"},{\"@type\":\"ListItem\",\"position\":2,\"name\":\"Informa-te\",\"item\":\"https:\/\/prolifeeurope.org\/pt-pt\/informa-te\/\"},{\"@type\":\"ListItem\",\"position\":3,\"name\":\"Quando come\u00e7a a vida humana?\"}]},{\"@type\":\"WebSite\",\"@id\":\"https:\/\/prolifeeurope.org\/pt-pt\/#website\",\"url\":\"https:\/\/prolifeeurope.org\/pt-pt\/\",\"name\":\"ProLife Europe\",\"description\":\"\",\"publisher\":{\"@id\":\"https:\/\/prolifeeurope.org\/pt-pt\/#organization\"},\"potentialAction\":[{\"@type\":\"SearchAction\",\"target\":{\"@type\":\"EntryPoint\",\"urlTemplate\":\"https:\/\/prolifeeurope.org\/pt-pt\/?s={search_term_string}\"},\"query-input\":{\"@type\":\"PropertyValueSpecification\",\"valueRequired\":true,\"valueName\":\"search_term_string\"}}],\"inLanguage\":\"pt-PT\"},{\"@type\":\"Organization\",\"@id\":\"https:\/\/prolifeeurope.org\/pt-pt\/#organization\",\"name\":\"ProLife Europe\",\"url\":\"https:\/\/prolifeeurope.org\/pt-pt\/\",\"logo\":{\"@type\":\"ImageObject\",\"inLanguage\":\"pt-PT\",\"@id\":\"https:\/\/prolifeeurope.org\/pt-pt\/#\/schema\/logo\/image\/\",\"url\":\"https:\/\/prolifeeurope.org\/wp-content\/uploads\/2024\/11\/logo-3.svg\",\"contentUrl\":\"https:\/\/prolifeeurope.org\/wp-content\/uploads\/2024\/11\/logo-3.svg\",\"width\":166,\"height\":170,\"caption\":\"ProLife Europe\"},\"image\":{\"@id\":\"https:\/\/prolifeeurope.org\/pt-pt\/#\/schema\/logo\/image\/\"},\"sameAs\":[\"https:\/\/www.facebook.com\/ProLifeEurope\/\",\"https:\/\/www.instagram.com\/prolife_europe\/\",\"https:\/\/www.youtube.com\/channel\/UC7olgmdiSVEHZUiP554XozA\"]}]}<\/script>\n<!-- \/ Yoast SEO plugin. -->","yoast_head_json":{"title":"Quando come\u00e7a a vida humana? - ProLife Europe","description":"Embora o discurso p\u00fablico possa sugerir o contr\u00e1rio, o in\u00edcio da vida humana \u00e9 biologicamente claramente defin\u00edvel.","robots":{"index":"index","follow":"follow","max-snippet":"max-snippet:-1","max-image-preview":"max-image-preview:large","max-video-preview":"max-video-preview:-1"},"canonical":"https:\/\/prolifeeurope.org\/pt-pt\/informa-te\/quando-comeca-uma-vida-humana\/","og_locale":"pt_PT","og_type":"article","og_title":"Quando come\u00e7a a vida humana? - ProLife Europe","og_description":"Embora o discurso p\u00fablico possa sugerir o contr\u00e1rio, o in\u00edcio da vida humana \u00e9 biologicamente claramente defin\u00edvel.","og_url":"https:\/\/prolifeeurope.org\/pt-pt\/informa-te\/quando-comeca-uma-vida-humana\/","og_site_name":"ProLife Europe","article_publisher":"https:\/\/www.facebook.com\/ProLifeEurope\/","article_modified_time":"2025-03-26T15:31:43+00:00","og_image":[{"width":1500,"height":830,"url":"https:\/\/prolifeeurope.org\/wp-content\/uploads\/2025\/01\/when-does-human-life-begin-1.jpg","type":"image\/jpeg"}],"twitter_card":"summary_large_image","twitter_misc":{"Tempo estimado de leitura":"1 minuto"},"schema":{"@context":"https:\/\/schema.org","@graph":[{"@type":"WebPage","@id":"https:\/\/prolifeeurope.org\/pt-pt\/informa-te\/quando-comeca-uma-vida-humana\/","url":"https:\/\/prolifeeurope.org\/pt-pt\/informa-te\/quando-comeca-uma-vida-humana\/","name":"Quando come\u00e7a a vida humana? - ProLife Europe","isPartOf":{"@id":"https:\/\/prolifeeurope.org\/pt-pt\/#website"},"primaryImageOfPage":{"@id":"https:\/\/prolifeeurope.org\/pt-pt\/informa-te\/quando-comeca-uma-vida-humana\/#primaryimage"},"image":{"@id":"https:\/\/prolifeeurope.org\/pt-pt\/informa-te\/quando-comeca-uma-vida-humana\/#primaryimage"},"thumbnailUrl":"https:\/\/prolifeeurope.org\/wp-content\/uploads\/2025\/01\/when-does-human-life-begin-1-1024x567.jpg","datePublished":"2024-11-25T19:14:52+00:00","dateModified":"2025-03-26T15:31:43+00:00","description":"Embora o discurso p\u00fablico possa sugerir o contr\u00e1rio, o in\u00edcio da vida humana \u00e9 biologicamente claramente defin\u00edvel.","breadcrumb":{"@id":"https:\/\/prolifeeurope.org\/pt-pt\/informa-te\/quando-comeca-uma-vida-humana\/#breadcrumb"},"inLanguage":"pt-PT","potentialAction":[{"@type":"ReadAction","target":["https:\/\/prolifeeurope.org\/pt-pt\/informa-te\/quando-comeca-uma-vida-humana\/"]}]},{"@type":"ImageObject","inLanguage":"pt-PT","@id":"https:\/\/prolifeeurope.org\/pt-pt\/informa-te\/quando-comeca-uma-vida-humana\/#primaryimage","url":"https:\/\/prolifeeurope.org\/wp-content\/uploads\/2025\/01\/when-does-human-life-begin-1-1024x567.jpg","contentUrl":"https:\/\/prolifeeurope.org\/wp-content\/uploads\/2025\/01\/when-does-human-life-begin-1-1024x567.jpg"},{"@type":"BreadcrumbList","@id":"https:\/\/prolifeeurope.org\/pt-pt\/informa-te\/quando-comeca-uma-vida-humana\/#breadcrumb","itemListElement":[{"@type":"ListItem","position":1,"name":"Home","item":"https:\/\/prolifeeurope.org\/pt-pt\/"},{"@type":"ListItem","position":2,"name":"Informa-te","item":"https:\/\/prolifeeurope.org\/pt-pt\/informa-te\/"},{"@type":"ListItem","position":3,"name":"Quando come\u00e7a a vida humana?"}]},{"@type":"WebSite","@id":"https:\/\/prolifeeurope.org\/pt-pt\/#website","url":"https:\/\/prolifeeurope.org\/pt-pt\/","name":"ProLife Europe","description":"","publisher":{"@id":"https:\/\/prolifeeurope.org\/pt-pt\/#organization"},"potentialAction":[{"@type":"SearchAction","target":{"@type":"EntryPoint","urlTemplate":"https:\/\/prolifeeurope.org\/pt-pt\/?s={search_term_string}"},"query-input":{"@type":"PropertyValueSpecification","valueRequired":true,"valueName":"search_term_string"}}],"inLanguage":"pt-PT"},{"@type":"Organization","@id":"https:\/\/prolifeeurope.org\/pt-pt\/#organization","name":"ProLife Europe","url":"https:\/\/prolifeeurope.org\/pt-pt\/","logo":{"@type":"ImageObject","inLanguage":"pt-PT","@id":"https:\/\/prolifeeurope.org\/pt-pt\/#\/schema\/logo\/image\/","url":"https:\/\/prolifeeurope.org\/wp-content\/uploads\/2024\/11\/logo-3.svg","contentUrl":"https:\/\/prolifeeurope.org\/wp-content\/uploads\/2024\/11\/logo-3.svg","width":166,"height":170,"caption":"ProLife Europe"},"image":{"@id":"https:\/\/prolifeeurope.org\/pt-pt\/#\/schema\/logo\/image\/"},"sameAs":["https:\/\/www.facebook.com\/ProLifeEurope\/","https:\/\/www.instagram.com\/prolife_europe\/","https:\/\/www.youtube.com\/channel\/UC7olgmdiSVEHZUiP554XozA"]}]}},"_links":{"self":[{"href":"https:\/\/prolifeeurope.org\/pt-pt\/wp-json\/wp\/v2\/pages\/2665","targetHints":{"allow":["GET"]}}],"collection":[{"href":"https:\/\/prolifeeurope.org\/pt-pt\/wp-json\/wp\/v2\/pages"}],"about":[{"href":"https:\/\/prolifeeurope.org\/pt-pt\/wp-json\/wp\/v2\/types\/page"}],"author":[{"embeddable":true,"href":"https:\/\/prolifeeurope.org\/pt-pt\/wp-json\/wp\/v2\/users\/14"}],"replies":[{"embeddable":true,"href":"https:\/\/prolifeeurope.org\/pt-pt\/wp-json\/wp\/v2\/comments?post=2665"}],"version-history":[{"count":3,"href":"https:\/\/prolifeeurope.org\/pt-pt\/wp-json\/wp\/v2\/pages\/2665\/revisions"}],"predecessor-version":[{"id":3425,"href":"https:\/\/prolifeeurope.org\/pt-pt\/wp-json\/wp\/v2\/pages\/2665\/revisions\/3425"}],"up":[{"embeddable":true,"href":"https:\/\/prolifeeurope.org\/pt-pt\/wp-json\/wp\/v2\/pages\/2808"}],"wp:attachment":[{"href":"https:\/\/prolifeeurope.org\/pt-pt\/wp-json\/wp\/v2\/media?parent=2665"}],"wp:term":[{"taxonomy":"topic","embeddable":true,"href":"https:\/\/prolifeeurope.org\/pt-pt\/wp-json\/wp\/v2\/topic?post=2665"}],"curies":[{"name":"wp","href":"https:\/\/api.w.org\/{rel}","templated":true}]}}