{"id":2662,"date":"2025-01-15T20:18:56","date_gmt":"2025-01-15T19:18:56","guid":{"rendered":"https:\/\/ws-staging.prolifeeurope.org\/a-interculturalidade-da-etica-pro-vida\/"},"modified":"2025-03-26T18:35:45","modified_gmt":"2025-03-26T17:35:45","slug":"a-interculturalidade-da-etica-pro-vida","status":"publish","type":"page","link":"https:\/\/prolifeeurope.org\/pt-pt\/informa-te\/a-interculturalidade-da-etica-pro-vida\/","title":{"rendered":"A interculturalidade da \u00e9tica Pr\u00f3-vida"},"content":{"rendered":"\n<p>A interculturalidade da \u00e9tica pr\u00f3-vida reflete a forma como diversas culturas e sistemas de cren\u00e7as convergem na quest\u00e3o da santidade da vida humana, especialmente em temas como o aborto, a eutan\u00e1sia e a bio\u00e9tica. No seu cerne, a \u00e9tica pr\u00f3-vida enfatiza a prote\u00e7\u00e3o e preserva\u00e7\u00e3o da vida, defendendo frequentemente que esta come\u00e7a na conce\u00e7\u00e3o e merece prote\u00e7\u00e3o desde esse momento. Embora esta perspetiva esteja mais associada a certas tradi\u00e7\u00f5es religiosas, como o Cristianismo, o Juda\u00edsmo e o Isl\u00e3o, tamb\u00e9m pode ser encontrada em vis\u00f5es de mundos seculares e ind\u00edgenas, que destacam a interconectividade da vida e o valor inerente de cada ser humano.  <\/p>\n\n<p>Por exemplo, no <strong>Animismo<\/strong>, que \u00e9 predominante em v\u00e1rias cren\u00e7as ind\u00edgenas e tradicionais, a \u00e9tica pr\u00f3-vida est\u00e1 profundamente ligada \u00e0 convic\u00e7\u00e3o de que todos os seres vivos \u2014 humanos, animais, plantas e at\u00e9 objetos inanimados \u2014 possuem uma ess\u00eancia espiritual. A vida \u00e9 vista como interligada e a interrup\u00e7\u00e3o da vida, incluindo o aborto, \u00e9 frequentemente encarada como uma perturba\u00e7\u00e3o do equil\u00edbrio e da harmonia natural do mundo. <\/p>\n\n<p>Diferentes culturas trazem perspetivas e varia\u00e7\u00f5es \u00fanicas \u00e0 \u00e9tica pr\u00f3-vida, moldadas pelas suas tradi\u00e7\u00f5es, leis e estruturas sociais. Por exemplo, em muitas sociedades asi\u00e1ticas, os princ\u00edpios budistas e confucianos influenciam os debates sobre a vida, onde o conceito de karma e a responsabilidade moral para com as futuras gera\u00e7\u00f5es desempenham um papel importante. Nas culturas africanas, a \u00eanfase na vida comunit\u00e1ria e no papel dos antepassados pode informar perspetivas pr\u00f3-vida, enquadrando a vida num contexto social e espiritual mais amplo.<br\/>Entretanto, nas culturas ind\u00edgenas das Am\u00e9ricas e da Oce\u00e2nia, uma vis\u00e3o hol\u00edstica da vida, interligada com a natureza, muitas vezes estende o argumento pr\u00f3-vida para al\u00e9m da exist\u00eancia humana, incluindo o respeito por todos os seres vivos.<br\/>Vamos agora explorar a posi\u00e7\u00e3o pr\u00f3-vida nas diferentes religi\u00f5es:    <\/p>\n\n<h3 class=\"wp-block-heading\">1. Religi\u00f5es\/Filosofias Orientais*<\/h3>\n\n<p>No <strong>Budismo<\/strong>, a \u00e9tica pr\u00f3-vida est\u00e1 enraizada no princ\u00edpio de ahimsa (n\u00e3o-viol\u00eancia), o que significa que o aborto \u00e9 geralmente desencorajado, pois envolve tirar uma vida. No <strong>Sikhismo<\/strong>, a vida \u00e9 considerada sagrada desde a conce\u00e7\u00e3o, e o aborto \u00e9 normalmente oposto, alinhando-se com a cren\u00e7a Sikh na divindade da vida e na import\u00e2ncia da compaix\u00e3o. O <strong>Hindu\u00edsmo<\/strong> tamb\u00e9m valoriza profundamente a vida, com uma oposi\u00e7\u00e3o ao aborto devido \u00e0 cren\u00e7a no karma e na sacralidade da alma. O <strong>Tao\u00edsmo<\/strong> enfatiza a santidade de toda a vida como parte integral do Tao, ou o caminho natural. Os seguidores podem acreditar que cada ser tem o seu pr\u00f3prio caminho e prop\u00f3sito, defendendo a preserva\u00e7\u00e3o da vida para manter a harmonia dentro do universo. Essa perspetiva incentiva um profundo respeito pelos processos naturais da vida e da morte, promovendo compaix\u00e3o e apoio tanto aos n\u00e3o nascidos quanto \u00e0s suas m\u00e3es, ao tomar decis\u00f5es cuidadosas que promovam o equil\u00edbrio e o bem-estar.   <\/p>\n\n<ol class=\"wp-block-list\">\n<li><\/li>\n<\/ol>\n\n<p>No <strong>Confucionismo<\/strong>, a \u00e9tica pr\u00f3-vida \u00e9 orientada por um profundo respeito pela vida, pela fam\u00edlia e pela harmonia social, embora a filosofia n\u00e3o trate explicitamente do aborto. O pensamento confucionista enfatiza a import\u00e2ncia da piedade filial, da continuidade familiar e dos deveres morais que se t\u00eam em rela\u00e7\u00e3o aos antepassados e \u00e0s gera\u00e7\u00f5es futuras. O aborto \u00e9 geralmente desencorajado porque interrompe o fluxo natural da vida e da linhagem, que s\u00e3o centrais para os valores confucionistas.  <\/p>\n\n<h3 class=\"wp-block-heading\">2. Filosofias ind\u00edgenas americanas \/ oce\u00e2nicas**<\/h3>\n\n<p>As culturas ind\u00edgenas das Am\u00e9ricas e da Oce\u00e2nia, apesar da sua vasta diversidade, frequentemente partilham valores comuns relacionados com a vida, a comunidade e o mundo natural. Muitas dessas culturas tradicionalmente adotam vis\u00f5es pr\u00f3-vida, embora essas perspetivas sejam muitas vezes mais complexas e hol\u00edsticas do que a interpreta\u00e7\u00e3o pol\u00edtica moderna do termo. Ambas as regi\u00f5es enfatizam a responsabilidade coletiva de nutrir e proteger a vida, especialmente de crian\u00e7as e dos vulner\u00e1veis, ao mesmo tempo que respeitam o papel das mulheres como geradoras de vida. A espiritualidade desempenha um papel fundamental, com a vida vista como parte de um continuo ecol\u00f3gico e espiritual maior. Embora muitos grupos ind\u00edgenas adotem vis\u00f5es pr\u00f3-vida, estas s\u00e3o frequentemente mais real\u00e7adas, equilibrando a santidade da vida com considera\u00e7\u00f5es pr\u00e1ticas de sustentabilidade ecol\u00f3gica, bem-estar comunit\u00e1rio e orienta\u00e7\u00e3o espiritual.   <\/p>\n\n<p>As culturas ind\u00edgenas da Am\u00e9rica do Norte adotaram uma vis\u00e3o de mundo afirmativa da vida, que valoriza profundamente a interconex\u00e3o entre os seres humanos, a natureza e o cosmos. Por exemplo, o conceito de &#8220;All My Relations&#8221; (Todas as Minhas Rela\u00e7\u00f5es) dos povos das Primeiras Na\u00e7\u00f5es da Am\u00e9rica do Norte reflete a vis\u00e3o de que todos os seres vivos est\u00e3o interconectados, merecendo respeito e prote\u00e7\u00e3o. Isso inclui a cren\u00e7a na sacralidade da vida, na responsabilidade de cuidar da terra e na responsabilidade para com as gera\u00e7\u00f5es futuras. As suas vis\u00f5es sobre a vida est\u00e3o profundamente enraizadas em cren\u00e7as espirituais, rela\u00e7\u00f5es ecol\u00f3gicas e responsabilidades comunit\u00e1rias. Eles t\u00eam uma vis\u00e3o hol\u00edstica da vida, interconectada com a natureza, frequentemente estendendo o argumento pr\u00f3-vida para al\u00e9m da exist\u00eancia humana, incluindo o respeito por todos os seres vivos.     <\/p>\n\n<p>De maneira semelhante, as culturas ind\u00edgenas da Oce\u00e2nia, como os M\u0101ori, tamb\u00e9m enfatizam o cuidado com o meio ambiente e as suas formas de vida como parte dos seus deveres espirituais e culturais, muitas vezes traduzindo-se em vis\u00f5es que s\u00e3o protetoras da vida.<\/p>\n\n<h3 class=\"wp-block-heading\">3. Religi\u00f5es\/Filosofias Africanas (pr\u00e9-crist\u00e3s) ***<\/h3>\n\n<p>Tamb\u00e9m em muitas <strong>culturas tribais africanas<\/strong> a \u00e9tica pr\u00f3-vida est\u00e1 profundamente enraizada na compreens\u00e3o comunit\u00e1ria e espiritual da vida, onde o indiv\u00edduo \u00e9 visto como parte de uma rede expandida que inclui os antepassados, a comunidade viva e as gera\u00e7\u00f5es futuras. A vida \u00e9 considerada sagrada desde a conce\u00e7\u00e3o, pois contribui para a continuidade da tribo e honra a linhagem ancestral. O aborto \u00e9 frequentemente visto como uma perturba\u00e7\u00e3o desse ciclo e pode ser proibido ou fortemente desencorajado. A interconex\u00e3o entre a vida, o bem-estar comunit\u00e1rio e as cren\u00e7as espirituais molda a posi\u00e7\u00e3o pr\u00f3-vida nessas culturas, enfatizando a responsabilidade coletiva de proteger e nutrir a vida.   <\/p>\n\n<h3 class=\"wp-block-heading\">4. Religi\u00f5es Ocidentais ****<\/h3>\n\n<p>No <strong>Juda\u00edsmo<\/strong>, a posi\u00e7\u00e3o pr\u00f3-vida est\u00e1 fundamentada na cren\u00e7a de que a vida \u00e9 um presente sagrado de Deus e que os seres humanos foram criados \u00e0 imagem de Deus (G\u00e9nesis 1:27). Embora a lei judaica reconhe\u00e7a a santidade da vida, tamb\u00e9m adota uma abordagem variada. Na lei judaica (<em>halakha<\/em>), o feto \u00e9 considerado uma vida potencial, n\u00e3o uma pessoa completa. O Talmud ensina que o feto se torna uma pessoa apenas no momento do nascimento, quando a cabe\u00e7a ou a maior parte do corpo emerge (Mishn\u00e1 Ohalot 7:6). No entanto, o potencial para a vida \u00e9 profundamente valorizado. A \u00e9tica judaica enfatiza a import\u00e2ncia de proteger a vida, e o aborto \u00e9 geralmente proibido.     <\/p>\n\n<p>O <strong>Cristianismo<\/strong>, particularmente na <strong>tradi\u00e7\u00e3o Cat\u00f3lica<\/strong>, adota uma posi\u00e7\u00e3o pr\u00f3-vida forte, fundamentada na cren\u00e7a de que todos os seres humanos foram criados \u00e0 imagem de Deus (G\u00e9nesis 1:27). Esta cren\u00e7a enfatiza a santidade e a dignidade inerente de cada vida humana, desde a conce\u00e7\u00e3o at\u00e9 a morte natural. <em>Humanae Vitae<\/em>, a enc\u00edclica do Papa Paulo VI, reafirma isso ao dizer: &#8220;A vida humana \u00e9 sagrada: desde o seu in\u00edcio, revela a m\u00e3o criadora de Deus&#8221; (<em>Humanae Vitae<\/em>, 13). O <em>Catecismo da Igreja Cat\u00f3lica<\/em> tamb\u00e9m sublinha isso, ensinando que &#8220;A vida humana deve ser respeitada e protegida absolutamente desde o momento da conce\u00e7\u00e3o&#8221; (CIC 2270). Esta funda\u00e7\u00e3o forma o n\u00facleo da \u00e9tica pr\u00f3-vida crist\u00e3.   <\/p>\n\n<p>No <strong>Isl\u00e3o<\/strong>, a posi\u00e7\u00e3o pr\u00f3-vida \u00e9 baseada na cren\u00e7a na santidade da vida, que \u00e9 considerada uma confian\u00e7a sagrada de Deus. O Alcor\u00e3o condena claramente o ato de tirar a vida por medo da pobreza ou dificuldades, afirmando: &#8220;N\u00e3o mateis os vossos filhos por medo da pobreza. N\u00f3s os sustentamos a eles e a v\u00f3s&#8221; (Alcor\u00e3o 17:31). O aborto \u00e9 geralmente proibido, especialmente ap\u00f3s 120 dias de gesta\u00e7\u00e3o, quando se considera que a alma entra no feto. Nesse ponto, o aborto \u00e9 considerado equivalente a tirar uma vida inocente, o que \u00e9 considerado um grande pecado.    <\/p>\n\n<p>O di\u00e1logo intercultural sobre a \u00e9tica pr\u00f3-vida permite a partilha de valores e uma compreens\u00e3o mais profunda do significado moral da vida em diferentes contextos. Embora possa haver desacordos sobre aspetos espec\u00edficos, como o momento em que a vida come\u00e7a ou como equilibrar melhor os direitos dos indiv\u00edduos e da comunidade, essas discuss\u00f5es promovem uma abordagem mais diferenciada e emp\u00e1tica para quest\u00f5es \u00e9ticas complexas. Ao abra\u00e7ar a interculturalidade, a \u00e9tica pr\u00f3-vida pode evoluir para ser mais inclusiva, abordando n\u00e3o apenas preocupa\u00e7\u00f5es religiosas e filos\u00f3ficas, mas tamb\u00e9m fatores socioecon\u00f3micos, ambientais e m\u00e9dicos que afetam a dignidade e a vida humana em diversas sociedades.  <\/p>\n\n<p>Para informa\u00e7\u00f5es mais detalhadas, podes explorar os seguintes recursos:<\/p>\n\n<p class=\"has-small-font-size\">*<br\/>Para explorares mais profundamente a \u00e9tica budista em rela\u00e7\u00e3o ao aborto, <a href=\"https:\/\/academic.oup.com\/book\/28469\/chapter-abstract\/229097593?redirectedFrom=fulltext&amp;login=false\">v\u00ea esta discuss\u00e3o acad\u00e9mica<\/a>. Ou visita esta <a href=\"https:\/\/en.wikipedia.org\/wiki\/Hinduism_and_abortion\">p\u00e1gina da Wikipedia.<\/a><br\/>Perspetivas Hindus sobre o Aborto: Esta fonte explora os diversos textos e ensinamentos hindus sobre a santidade da vida, discutindo como a filosofia hindu geralmente se op\u00f5e ao aborto e enfatiza o respeito pela vida. L\u00ea mais <a href=\"https:\/\/indiacurrents.com\/a-hindu-view-on-abortion\/\">aqui<\/a>.<br\/>A Vida Humana no Confucionismo: <a href=\"https:\/\/fore.yale.edu\/Publications\/Books-Booklets\/Religions-World-and-Ecology-Book-Series\/Confucianism-Volume\">Este artigo<\/a> aborda as dimens\u00f5es morais da vida sob uma perspectiva confucionista. Destaca como os ensinamentos confucionistas promovem a santidade da vida e as responsabilidades familiares.   <br\/>\u00c9tica Confucionista e a Vida: Este recurso explora a \u00e9tica confucionista e como esta se relaciona com quest\u00f5es de vida e morte, enfatizando a import\u00e2ncia dos relacionamentos e da harmonia social no valor atribu\u00eddo \u00e0 vida. Mais detalhes est\u00e3o dispon\u00edveis <a href=\"https:\/\/www.britannica.com\/topic\/Confucianism\">aqui <\/a>\u200b(Enciclop\u00e9dia Brit\u00e2nica). <\/p>\n\n<p class=\"has-small-font-size\">**<br\/><a href=\"https:\/\/firstnationspedagogy.ca\/interconnect.html\" target=\"_blank\" rel=\"noreferrer noopener\">https:\/\/firstnationspedagogy.ca\/interconnect.html<\/a><br\/><a href=\"https:\/\/www.resilience.org\/stories\/2022-11-21\/an-indigenous-perspective-on-reconnecting-with-the-land\/\" target=\"_blank\" rel=\"noreferrer noopener\">https:\/\/www.resilience.org\/stories\/2022-11-21\/an-indigenous-perspective-on-reconnecting-with-the-land\/<\/a><br\/><a href=\"https:\/\/link.springer.com\/chapter\/10.1007\/978-94-017-0149-5_17\" target=\"_blank\" rel=\"noreferrer noopener\">https:\/\/link.springer.com\/chapter\/10.1007\/978-94-017-0149-5_17<\/a><\/p>\n\n<p class=\"has-small-font-size\">***<br\/><a href=\"https:\/\/www.afro-impact.com\/en\/african-culture-and-legalized-abortion-is-life-still-sacred\/\" target=\"_blank\" rel=\"noreferrer noopener\">African Culture and Legalized Abortion: Is life still sacred? <\/a>&#8211; Este artigo aborda o significado cultural da vida nos contextos africanos e as implica\u00e7\u00f5es das leis sobre o aborto.<br\/><a href=\"https:\/\/link.springer.com\/chapter\/10.1007\/978-3-030-46519-3_3\" target=\"_blank\" rel=\"noreferrer noopener\">Personhood and Abortion in African Philosophy<\/a> &#8211; Este artigo acad\u00e9mico examina as perspetivas filos\u00f3ficas sobre a personalidade e as implica\u00e7\u00f5es \u00e9ticas que envolvem o aborto nas tradi\u00e7\u00f5es africanas.<br\/><a href=\"https:\/\/www.consciencelaws.org\/background\/procedures\/abortion019.aspx\" target=\"_blank\" rel=\"noreferrer noopener\">No Place for Abortion in African (pre-christian) Traditional Life<\/a> &#8211; Uma explora\u00e7\u00e3o das cren\u00e7as tradicionais africanas sobre a procria\u00e7\u00e3o e as ramifica\u00e7\u00f5es sociais do aborto.<\/p>\n\n<p class=\"has-small-font-size\">****<br\/><a href=\"https:\/\/www.chabad.org\/library\/article_cdo\/aid\/529077\/jewish\/Judaism-and-Abortion.htm\" target=\"_blank\" rel=\"noreferrer noopener\">https:\/\/www.chabad.org\/library\/article_cdo\/aid\/529077\/jewish\/Judaism-and-Abortion.htm<\/a><br\/><a href=\"https:\/\/www.amazon.de\/Pro-Life-Jewish-Matriarchs-Reject-Abortion\/dp\/1517057116\" target=\"_blank\" rel=\"noreferrer noopener\">https:\/\/www.amazon.de\/Pro-Life-Jewish-Matriarchs-Reject-Abortion\/dp\/1517057116<\/a><\/p>\n","protected":false},"excerpt":{"rendered":"<p>A interculturalidade da \u00e9tica pr\u00f3-vida reflete a forma como diversas culturas e sistemas de cren\u00e7as convergem na quest\u00e3o da santidade da vida humana, especialmente em temas como o aborto, a<a href=\"https:\/\/prolifeeurope.org\/pt-pt\/informa-te\/a-interculturalidade-da-etica-pro-vida\/\">Continue reading <span class=\"sr-only\">&#8220;A interculturalidade da \u00e9tica Pr\u00f3-vida&#8221;<\/span><\/a><\/p>\n","protected":false},"author":14,"featured_media":0,"parent":2808,"menu_order":0,"comment_status":"closed","ping_status":"closed","template":"page-topic.php","meta":{"_acf_changed":false,"_monsterinsights_skip_tracking":false,"_monsterinsights_sitenote_active":false,"_monsterinsights_sitenote_note":"","_monsterinsights_sitenote_category":0,"footnotes":""},"topic":[],"class_list":["post-2662","page","type-page","status-publish","hentry"],"acf":[],"yoast_head":"<!-- This site is optimized with the Yoast SEO plugin v27.2 - https:\/\/yoast.com\/product\/yoast-seo-wordpress\/ -->\n<title>A interculturalidade da \u00e9tica Pr\u00f3-vida - ProLife Europe<\/title>\n<meta name=\"description\" content=\"A interculturalidade da \u00e9tica pr\u00f3-vida demonstra como diferentes culturas concordam na quest\u00e3o da santidade da vida humana.\" \/>\n<meta name=\"robots\" content=\"index, follow, max-snippet:-1, max-image-preview:large, max-video-preview:-1\" \/>\n<link rel=\"canonical\" href=\"https:\/\/prolifeeurope.org\/pt-pt\/informa-te\/a-interculturalidade-da-etica-pro-vida\/\" \/>\n<meta property=\"og:locale\" content=\"pt_PT\" \/>\n<meta property=\"og:type\" content=\"article\" \/>\n<meta property=\"og:title\" content=\"A interculturalidade da \u00e9tica Pr\u00f3-vida - ProLife Europe\" \/>\n<meta property=\"og:description\" content=\"A interculturalidade da \u00e9tica pr\u00f3-vida demonstra como diferentes culturas concordam na quest\u00e3o da santidade da vida humana.\" \/>\n<meta property=\"og:url\" content=\"https:\/\/prolifeeurope.org\/pt-pt\/informa-te\/a-interculturalidade-da-etica-pro-vida\/\" \/>\n<meta property=\"og:site_name\" content=\"ProLife Europe\" \/>\n<meta property=\"article:publisher\" content=\"https:\/\/www.facebook.com\/ProLifeEurope\/\" \/>\n<meta property=\"article:modified_time\" content=\"2025-03-26T17:35:45+00:00\" \/>\n<meta name=\"twitter:card\" content=\"summary_large_image\" \/>\n<script type=\"application\/ld+json\" class=\"yoast-schema-graph\">{\"@context\":\"https:\/\/schema.org\",\"@graph\":[{\"@type\":\"WebPage\",\"@id\":\"https:\/\/prolifeeurope.org\/pt-pt\/informa-te\/a-interculturalidade-da-etica-pro-vida\/\",\"url\":\"https:\/\/prolifeeurope.org\/pt-pt\/informa-te\/a-interculturalidade-da-etica-pro-vida\/\",\"name\":\"A interculturalidade da \u00e9tica Pr\u00f3-vida - ProLife Europe\",\"isPartOf\":{\"@id\":\"https:\/\/prolifeeurope.org\/pt-pt\/#website\"},\"datePublished\":\"2025-01-15T19:18:56+00:00\",\"dateModified\":\"2025-03-26T17:35:45+00:00\",\"description\":\"A interculturalidade da \u00e9tica pr\u00f3-vida demonstra como diferentes culturas concordam na quest\u00e3o da santidade da vida humana.\",\"breadcrumb\":{\"@id\":\"https:\/\/prolifeeurope.org\/pt-pt\/informa-te\/a-interculturalidade-da-etica-pro-vida\/#breadcrumb\"},\"inLanguage\":\"pt-PT\",\"potentialAction\":[{\"@type\":\"ReadAction\",\"target\":[\"https:\/\/prolifeeurope.org\/pt-pt\/informa-te\/a-interculturalidade-da-etica-pro-vida\/\"]}]},{\"@type\":\"BreadcrumbList\",\"@id\":\"https:\/\/prolifeeurope.org\/pt-pt\/informa-te\/a-interculturalidade-da-etica-pro-vida\/#breadcrumb\",\"itemListElement\":[{\"@type\":\"ListItem\",\"position\":1,\"name\":\"Home\",\"item\":\"https:\/\/prolifeeurope.org\/pt-pt\/\"},{\"@type\":\"ListItem\",\"position\":2,\"name\":\"Informa-te\",\"item\":\"https:\/\/prolifeeurope.org\/pt-pt\/informa-te\/\"},{\"@type\":\"ListItem\",\"position\":3,\"name\":\"A interculturalidade da \u00e9tica Pr\u00f3-vida\"}]},{\"@type\":\"WebSite\",\"@id\":\"https:\/\/prolifeeurope.org\/pt-pt\/#website\",\"url\":\"https:\/\/prolifeeurope.org\/pt-pt\/\",\"name\":\"ProLife Europe\",\"description\":\"\",\"publisher\":{\"@id\":\"https:\/\/prolifeeurope.org\/pt-pt\/#organization\"},\"potentialAction\":[{\"@type\":\"SearchAction\",\"target\":{\"@type\":\"EntryPoint\",\"urlTemplate\":\"https:\/\/prolifeeurope.org\/pt-pt\/?s={search_term_string}\"},\"query-input\":{\"@type\":\"PropertyValueSpecification\",\"valueRequired\":true,\"valueName\":\"search_term_string\"}}],\"inLanguage\":\"pt-PT\"},{\"@type\":\"Organization\",\"@id\":\"https:\/\/prolifeeurope.org\/pt-pt\/#organization\",\"name\":\"ProLife Europe\",\"url\":\"https:\/\/prolifeeurope.org\/pt-pt\/\",\"logo\":{\"@type\":\"ImageObject\",\"inLanguage\":\"pt-PT\",\"@id\":\"https:\/\/prolifeeurope.org\/pt-pt\/#\/schema\/logo\/image\/\",\"url\":\"https:\/\/prolifeeurope.org\/wp-content\/uploads\/2024\/11\/logo-3.svg\",\"contentUrl\":\"https:\/\/prolifeeurope.org\/wp-content\/uploads\/2024\/11\/logo-3.svg\",\"width\":166,\"height\":170,\"caption\":\"ProLife Europe\"},\"image\":{\"@id\":\"https:\/\/prolifeeurope.org\/pt-pt\/#\/schema\/logo\/image\/\"},\"sameAs\":[\"https:\/\/www.facebook.com\/ProLifeEurope\/\",\"https:\/\/www.instagram.com\/prolife_europe\/\",\"https:\/\/www.youtube.com\/channel\/UC7olgmdiSVEHZUiP554XozA\"]}]}<\/script>\n<!-- \/ Yoast SEO plugin. -->","yoast_head_json":{"title":"A interculturalidade da \u00e9tica Pr\u00f3-vida - ProLife Europe","description":"A interculturalidade da \u00e9tica pr\u00f3-vida demonstra como diferentes culturas concordam na quest\u00e3o da santidade da vida humana.","robots":{"index":"index","follow":"follow","max-snippet":"max-snippet:-1","max-image-preview":"max-image-preview:large","max-video-preview":"max-video-preview:-1"},"canonical":"https:\/\/prolifeeurope.org\/pt-pt\/informa-te\/a-interculturalidade-da-etica-pro-vida\/","og_locale":"pt_PT","og_type":"article","og_title":"A interculturalidade da \u00e9tica Pr\u00f3-vida - ProLife Europe","og_description":"A interculturalidade da \u00e9tica pr\u00f3-vida demonstra como diferentes culturas concordam na quest\u00e3o da santidade da vida humana.","og_url":"https:\/\/prolifeeurope.org\/pt-pt\/informa-te\/a-interculturalidade-da-etica-pro-vida\/","og_site_name":"ProLife Europe","article_publisher":"https:\/\/www.facebook.com\/ProLifeEurope\/","article_modified_time":"2025-03-26T17:35:45+00:00","twitter_card":"summary_large_image","schema":{"@context":"https:\/\/schema.org","@graph":[{"@type":"WebPage","@id":"https:\/\/prolifeeurope.org\/pt-pt\/informa-te\/a-interculturalidade-da-etica-pro-vida\/","url":"https:\/\/prolifeeurope.org\/pt-pt\/informa-te\/a-interculturalidade-da-etica-pro-vida\/","name":"A interculturalidade da \u00e9tica Pr\u00f3-vida - ProLife Europe","isPartOf":{"@id":"https:\/\/prolifeeurope.org\/pt-pt\/#website"},"datePublished":"2025-01-15T19:18:56+00:00","dateModified":"2025-03-26T17:35:45+00:00","description":"A interculturalidade da \u00e9tica pr\u00f3-vida demonstra como diferentes culturas concordam na quest\u00e3o da santidade da vida humana.","breadcrumb":{"@id":"https:\/\/prolifeeurope.org\/pt-pt\/informa-te\/a-interculturalidade-da-etica-pro-vida\/#breadcrumb"},"inLanguage":"pt-PT","potentialAction":[{"@type":"ReadAction","target":["https:\/\/prolifeeurope.org\/pt-pt\/informa-te\/a-interculturalidade-da-etica-pro-vida\/"]}]},{"@type":"BreadcrumbList","@id":"https:\/\/prolifeeurope.org\/pt-pt\/informa-te\/a-interculturalidade-da-etica-pro-vida\/#breadcrumb","itemListElement":[{"@type":"ListItem","position":1,"name":"Home","item":"https:\/\/prolifeeurope.org\/pt-pt\/"},{"@type":"ListItem","position":2,"name":"Informa-te","item":"https:\/\/prolifeeurope.org\/pt-pt\/informa-te\/"},{"@type":"ListItem","position":3,"name":"A interculturalidade da \u00e9tica Pr\u00f3-vida"}]},{"@type":"WebSite","@id":"https:\/\/prolifeeurope.org\/pt-pt\/#website","url":"https:\/\/prolifeeurope.org\/pt-pt\/","name":"ProLife Europe","description":"","publisher":{"@id":"https:\/\/prolifeeurope.org\/pt-pt\/#organization"},"potentialAction":[{"@type":"SearchAction","target":{"@type":"EntryPoint","urlTemplate":"https:\/\/prolifeeurope.org\/pt-pt\/?s={search_term_string}"},"query-input":{"@type":"PropertyValueSpecification","valueRequired":true,"valueName":"search_term_string"}}],"inLanguage":"pt-PT"},{"@type":"Organization","@id":"https:\/\/prolifeeurope.org\/pt-pt\/#organization","name":"ProLife Europe","url":"https:\/\/prolifeeurope.org\/pt-pt\/","logo":{"@type":"ImageObject","inLanguage":"pt-PT","@id":"https:\/\/prolifeeurope.org\/pt-pt\/#\/schema\/logo\/image\/","url":"https:\/\/prolifeeurope.org\/wp-content\/uploads\/2024\/11\/logo-3.svg","contentUrl":"https:\/\/prolifeeurope.org\/wp-content\/uploads\/2024\/11\/logo-3.svg","width":166,"height":170,"caption":"ProLife Europe"},"image":{"@id":"https:\/\/prolifeeurope.org\/pt-pt\/#\/schema\/logo\/image\/"},"sameAs":["https:\/\/www.facebook.com\/ProLifeEurope\/","https:\/\/www.instagram.com\/prolife_europe\/","https:\/\/www.youtube.com\/channel\/UC7olgmdiSVEHZUiP554XozA"]}]}},"_links":{"self":[{"href":"https:\/\/prolifeeurope.org\/pt-pt\/wp-json\/wp\/v2\/pages\/2662","targetHints":{"allow":["GET"]}}],"collection":[{"href":"https:\/\/prolifeeurope.org\/pt-pt\/wp-json\/wp\/v2\/pages"}],"about":[{"href":"https:\/\/prolifeeurope.org\/pt-pt\/wp-json\/wp\/v2\/types\/page"}],"author":[{"embeddable":true,"href":"https:\/\/prolifeeurope.org\/pt-pt\/wp-json\/wp\/v2\/users\/14"}],"replies":[{"embeddable":true,"href":"https:\/\/prolifeeurope.org\/pt-pt\/wp-json\/wp\/v2\/comments?post=2662"}],"version-history":[{"count":2,"href":"https:\/\/prolifeeurope.org\/pt-pt\/wp-json\/wp\/v2\/pages\/2662\/revisions"}],"predecessor-version":[{"id":3448,"href":"https:\/\/prolifeeurope.org\/pt-pt\/wp-json\/wp\/v2\/pages\/2662\/revisions\/3448"}],"up":[{"embeddable":true,"href":"https:\/\/prolifeeurope.org\/pt-pt\/wp-json\/wp\/v2\/pages\/2808"}],"wp:attachment":[{"href":"https:\/\/prolifeeurope.org\/pt-pt\/wp-json\/wp\/v2\/media?parent=2662"}],"wp:term":[{"taxonomy":"topic","embeddable":true,"href":"https:\/\/prolifeeurope.org\/pt-pt\/wp-json\/wp\/v2\/topic?post=2662"}],"curies":[{"name":"wp","href":"https:\/\/api.w.org\/{rel}","templated":true}]}}