{"id":2657,"date":"2025-01-15T19:20:17","date_gmt":"2025-01-15T18:20:17","guid":{"rendered":"https:\/\/ws-staging.prolifeeurope.org\/historia-do-aborto\/"},"modified":"2025-03-26T17:55:12","modified_gmt":"2025-03-26T16:55:12","slug":"historia-do-aborto","status":"publish","type":"page","link":"https:\/\/prolifeeurope.org\/pt-pt\/informa-te\/historia-do-aborto\/","title":{"rendered":"Hist\u00f3ria do aborto"},"content":{"rendered":"\n<p>Mesmo que as taxas de aborto hoje em dia estejam em constante aumento devido \u00e0 elevada efici\u00eancia dos procedimentos m\u00e9dicos, a hist\u00f3ria do aborto remonta a pelo menos quatro mil\u00e9nios. Manuscritos arqueol\u00f3gicos da antiga China e do Egito cont\u00eam as primeiras leis sobre a regula\u00e7\u00e3o reprodutiva, que permitiam o aborto em casos raros e com a ajuda de ervas abortivas. Por outro lado, eram aplicadas penas severas quando a gravidez era interrompida por uma mulher sem o consentimento do marido.  <sup>[1]<\/sup><br\/><br\/>Os cidad\u00e3os da Roma Antiga e das p\u00f3lis gregas tamb\u00e9m n\u00e3o eram estranhos \u00e0 interrup\u00e7\u00e3o pr\u00e9-natal da vida humana. Pelo contr\u00e1rio. Uma ampla variedade de m\u00e9todos de aborto foi desenvolvida e utilizada com frequ\u00eancia. At\u00e9 mesmo os escritos de fil\u00f3sofos bem conhecidos, como Plat\u00e3o, Hip\u00f3crates e outros, apresentam uma vasta gama de t\u00e9cnicas para induzir abortos planeados. Entre os exemplos encontram-se o consumo de silphium (erva hist\u00f3rica de origem incerta) ou aristoloquia (tamb\u00e9m conhecida como Birthwort), o uso de curetas, o jejum, os banhos de ervas e o aperto da zona abdominal para expulsar os membros mortos do feto.<sup>[2]<\/sup> Ainda assim, a interrup\u00e7\u00e3o da gravidez era mais comum no mundo da prostitui\u00e7\u00e3o e era vista com reprova\u00e7\u00e3o pelo estado Romano, sendo considerada um mau exemplo para a sociedade em geral e uma viola\u00e7\u00e3o dos direitos parentais. Assim, o ex\u00edlio tempor\u00e1rio era uma puni\u00e7\u00e3o frequente para m\u00e9dicos e parteiras que administravam l\u00edquidos contendo plantas abortivas, especialmente nos primeiros meses de gravidez, antes de se sentirem os primeiros movimentos do feto.    <sup>[3]<\/sup><br\/><br\/>Esta tend\u00eancia n\u00e3o parou durante a Idade M\u00e9dia, prolongando-se at\u00e9 \u00e0 era moderna. O s\u00e9culo XIX, em particular, foi um per\u00edodo de regulamenta\u00e7\u00f5es rigorosas contra o aborto desde a conce\u00e7\u00e3o at\u00e9 ao nascimento, devido \u00e0 elevada taxa de mortalidade resultante dos abortos cir\u00fargicos e \u00e0 demoniza\u00e7\u00e3o dos &#8220;aborteiros clandestinos&#8221;. Mesmo com o aparecimento do feminismo no final do s\u00e9culo XIX e in\u00edcio do s\u00e9culo XX, houve ativistas feministas que se opuseram ao aborto, como Elizabeth Cady Stanton e Susan B. Anthony, argumentando que n\u00e3o resolveria as suas causas profundas na sociedade.  <sup>[4]<\/sup><br\/><br\/>A hist\u00f3ria do aborto nos tempos modernos come\u00e7a nas d\u00e9cadas de 1920 e 1930, com as primeiras produ\u00e7\u00f5es em massa de p\u00edlulas abortivas por parte de diversas empresas e as primeiras leis que permitiam o aborto para proteger a vida da m\u00e3e. O primeiro pa\u00eds em territ\u00f3rio europeu a legaliz\u00e1-lo foi a Rep\u00fablica Socialista Federativa Sovi\u00e9tica da R\u00fassia , em 1920, o que abriu caminho para a liberaliza\u00e7\u00e3o em v\u00e1rios pa\u00edses da Europa de Leste nos anos 1950.<sup>[5] <\/sup>A Alemanha nazi utilizou o aborto por raz\u00f5es eug\u00e9nicas, como a elimina\u00e7\u00e3o de crian\u00e7as com defici\u00eancia e da descend\u00eancia de popula\u00e7\u00f5es &#8220;n\u00e3o arianas&#8221;. <sup>[6]<\/sup> J\u00e1 a maioria dos pa\u00edses da Europa Ocidental \u2013 come\u00e7ando pelo Reino Unido \u2013 liberalizou o aborto entre as d\u00e9cadas de 1970, 1980 e 1990, como resultado dos protestos de 1968. Mais recentemente, em 2024, o estado franc\u00eas decidiu incluir o aborto na sua constitui\u00e7\u00e3o nacional como um direito civil.  <\/p>\n\n<hr class=\"wp-block-separator has-alpha-channel-opacity\"\/>\n\n<p class=\"has-small-font-size\"><strong>[1]<\/strong> Joffe, Carole (April 3rd, 2009): Abortion and Medicine: A Sociopolitical History. Management of Inintended and Abnormal Pregnancy: Comprehensive Abortion Care (pp. 1-9). <a href=\"https:\/\/onlinelibrary.wiley.com\/doi\/abs\/10.1002\/9781444313031.ch1\" target=\"_blank\" rel=\"noreferrer noopener\">https:\/\/onlinelibrary.wiley.com\/doi\/abs\/10.1002\/9781444313031.ch1<\/a>. <br\/><strong>[2]<\/strong> Klotz, John William (1973): A Christian View of Abortion<br\/><strong>[3]<\/strong> Sallares, J. Robert (2003): &#8220;abortion&#8221;, in Hornblower, Simon; Spawforth, Anthony (eds.), The Oxford Classical Dictionary (3rd ed 19).<br\/><strong>[4]<\/strong> Anthony, Susan B. (1869): The Revolution. <a href=\"https:\/\/web.archive.org\/web\/20190319124548\/http:\/www.prolifequakers.org\/susanb.htm\" target=\"_blank\" rel=\"noreferrer noopener\">https:\/\/web.archive.org\/web\/20190319124548\/http:\/www.prolifequakers.org\/susanb.htm<\/a>.<br\/><strong>[5]<\/strong> Heer, David (1965): Abortion, Contraception, and Population Policy in the Soviet Union (pp.531-539).<br\/><strong>[6]<\/strong> Trials of War Criminals Before The Nurenberg Military Tribunals Unter Control Council Law No. 10 (1947): <a href=\"https:\/\/www.loc.gov\/item\/2011525364_NT_war-criminals_Vol-IV\" target=\"_blank\" rel=\"noreferrer noopener\">https:\/\/www.loc.gov\/item\/2011525364_NT_war-criminals_Vol-IV<\/a> (pp. 609f).<\/p>\n\n<p><\/p>\n","protected":false},"excerpt":{"rendered":"<p>Mesmo que as taxas de aborto hoje em dia estejam em constante aumento devido \u00e0 elevada efici\u00eancia dos procedimentos m\u00e9dicos, a hist\u00f3ria do aborto remonta a pelo menos quatro mil\u00e9nios.<a href=\"https:\/\/prolifeeurope.org\/pt-pt\/informa-te\/historia-do-aborto\/\">Continue reading <span class=\"sr-only\">&#8220;Hist\u00f3ria do aborto&#8221;<\/span><\/a><\/p>\n","protected":false},"author":14,"featured_media":0,"parent":2808,"menu_order":0,"comment_status":"closed","ping_status":"closed","template":"page-topic.php","meta":{"_acf_changed":false,"_monsterinsights_skip_tracking":false,"_monsterinsights_sitenote_active":false,"_monsterinsights_sitenote_note":"","_monsterinsights_sitenote_category":0,"footnotes":""},"topic":[],"class_list":["post-2657","page","type-page","status-publish","hentry"],"acf":[],"yoast_head":"<!-- This site is optimized with the Yoast SEO plugin v27.2 - https:\/\/yoast.com\/product\/yoast-seo-wordpress\/ -->\n<title>Hist\u00f3ria do aborto - ProLife Europe<\/title>\n<meta name=\"description\" content=\"A hist\u00f3ria dos abortos remonta h\u00e1 pelo menos quatro mil\u00e9nios. Como foram percecionados pelas sociedades ao longo do tempo?\" \/>\n<meta name=\"robots\" content=\"index, follow, max-snippet:-1, max-image-preview:large, max-video-preview:-1\" \/>\n<link rel=\"canonical\" href=\"https:\/\/prolifeeurope.org\/pt-pt\/informa-te\/historia-do-aborto\/\" \/>\n<meta property=\"og:locale\" content=\"pt_PT\" \/>\n<meta property=\"og:type\" content=\"article\" \/>\n<meta property=\"og:title\" content=\"Hist\u00f3ria do aborto - ProLife Europe\" \/>\n<meta property=\"og:description\" content=\"A hist\u00f3ria dos abortos remonta h\u00e1 pelo menos quatro mil\u00e9nios. Como foram percecionados pelas sociedades ao longo do tempo?\" \/>\n<meta property=\"og:url\" content=\"https:\/\/prolifeeurope.org\/pt-pt\/informa-te\/historia-do-aborto\/\" \/>\n<meta property=\"og:site_name\" content=\"ProLife Europe\" \/>\n<meta property=\"article:publisher\" content=\"https:\/\/www.facebook.com\/ProLifeEurope\/\" \/>\n<meta property=\"article:modified_time\" content=\"2025-03-26T16:55:12+00:00\" \/>\n<meta name=\"twitter:card\" content=\"summary_large_image\" \/>\n<meta name=\"twitter:label1\" content=\"Tempo estimado de leitura\" \/>\n\t<meta name=\"twitter:data1\" content=\"3 minutos\" \/>\n<script type=\"application\/ld+json\" class=\"yoast-schema-graph\">{\"@context\":\"https:\/\/schema.org\",\"@graph\":[{\"@type\":\"WebPage\",\"@id\":\"https:\/\/prolifeeurope.org\/pt-pt\/informa-te\/historia-do-aborto\/\",\"url\":\"https:\/\/prolifeeurope.org\/pt-pt\/informa-te\/historia-do-aborto\/\",\"name\":\"Hist\u00f3ria do aborto - ProLife Europe\",\"isPartOf\":{\"@id\":\"https:\/\/prolifeeurope.org\/pt-pt\/#website\"},\"datePublished\":\"2025-01-15T18:20:17+00:00\",\"dateModified\":\"2025-03-26T16:55:12+00:00\",\"description\":\"A hist\u00f3ria dos abortos remonta h\u00e1 pelo menos quatro mil\u00e9nios. Como foram percecionados pelas sociedades ao longo do tempo?\",\"breadcrumb\":{\"@id\":\"https:\/\/prolifeeurope.org\/pt-pt\/informa-te\/historia-do-aborto\/#breadcrumb\"},\"inLanguage\":\"pt-PT\",\"potentialAction\":[{\"@type\":\"ReadAction\",\"target\":[\"https:\/\/prolifeeurope.org\/pt-pt\/informa-te\/historia-do-aborto\/\"]}]},{\"@type\":\"BreadcrumbList\",\"@id\":\"https:\/\/prolifeeurope.org\/pt-pt\/informa-te\/historia-do-aborto\/#breadcrumb\",\"itemListElement\":[{\"@type\":\"ListItem\",\"position\":1,\"name\":\"Home\",\"item\":\"https:\/\/prolifeeurope.org\/pt-pt\/\"},{\"@type\":\"ListItem\",\"position\":2,\"name\":\"Informa-te\",\"item\":\"https:\/\/prolifeeurope.org\/pt-pt\/informa-te\/\"},{\"@type\":\"ListItem\",\"position\":3,\"name\":\"Hist\u00f3ria do aborto\"}]},{\"@type\":\"WebSite\",\"@id\":\"https:\/\/prolifeeurope.org\/pt-pt\/#website\",\"url\":\"https:\/\/prolifeeurope.org\/pt-pt\/\",\"name\":\"ProLife Europe\",\"description\":\"\",\"publisher\":{\"@id\":\"https:\/\/prolifeeurope.org\/pt-pt\/#organization\"},\"potentialAction\":[{\"@type\":\"SearchAction\",\"target\":{\"@type\":\"EntryPoint\",\"urlTemplate\":\"https:\/\/prolifeeurope.org\/pt-pt\/?s={search_term_string}\"},\"query-input\":{\"@type\":\"PropertyValueSpecification\",\"valueRequired\":true,\"valueName\":\"search_term_string\"}}],\"inLanguage\":\"pt-PT\"},{\"@type\":\"Organization\",\"@id\":\"https:\/\/prolifeeurope.org\/pt-pt\/#organization\",\"name\":\"ProLife Europe\",\"url\":\"https:\/\/prolifeeurope.org\/pt-pt\/\",\"logo\":{\"@type\":\"ImageObject\",\"inLanguage\":\"pt-PT\",\"@id\":\"https:\/\/prolifeeurope.org\/pt-pt\/#\/schema\/logo\/image\/\",\"url\":\"https:\/\/prolifeeurope.org\/wp-content\/uploads\/2024\/11\/logo-3.svg\",\"contentUrl\":\"https:\/\/prolifeeurope.org\/wp-content\/uploads\/2024\/11\/logo-3.svg\",\"width\":166,\"height\":170,\"caption\":\"ProLife Europe\"},\"image\":{\"@id\":\"https:\/\/prolifeeurope.org\/pt-pt\/#\/schema\/logo\/image\/\"},\"sameAs\":[\"https:\/\/www.facebook.com\/ProLifeEurope\/\",\"https:\/\/www.instagram.com\/prolife_europe\/\",\"https:\/\/www.youtube.com\/channel\/UC7olgmdiSVEHZUiP554XozA\"]}]}<\/script>\n<!-- \/ Yoast SEO plugin. -->","yoast_head_json":{"title":"Hist\u00f3ria do aborto - ProLife Europe","description":"A hist\u00f3ria dos abortos remonta h\u00e1 pelo menos quatro mil\u00e9nios. Como foram percecionados pelas sociedades ao longo do tempo?","robots":{"index":"index","follow":"follow","max-snippet":"max-snippet:-1","max-image-preview":"max-image-preview:large","max-video-preview":"max-video-preview:-1"},"canonical":"https:\/\/prolifeeurope.org\/pt-pt\/informa-te\/historia-do-aborto\/","og_locale":"pt_PT","og_type":"article","og_title":"Hist\u00f3ria do aborto - ProLife Europe","og_description":"A hist\u00f3ria dos abortos remonta h\u00e1 pelo menos quatro mil\u00e9nios. Como foram percecionados pelas sociedades ao longo do tempo?","og_url":"https:\/\/prolifeeurope.org\/pt-pt\/informa-te\/historia-do-aborto\/","og_site_name":"ProLife Europe","article_publisher":"https:\/\/www.facebook.com\/ProLifeEurope\/","article_modified_time":"2025-03-26T16:55:12+00:00","twitter_card":"summary_large_image","twitter_misc":{"Tempo estimado de leitura":"3 minutos"},"schema":{"@context":"https:\/\/schema.org","@graph":[{"@type":"WebPage","@id":"https:\/\/prolifeeurope.org\/pt-pt\/informa-te\/historia-do-aborto\/","url":"https:\/\/prolifeeurope.org\/pt-pt\/informa-te\/historia-do-aborto\/","name":"Hist\u00f3ria do aborto - ProLife Europe","isPartOf":{"@id":"https:\/\/prolifeeurope.org\/pt-pt\/#website"},"datePublished":"2025-01-15T18:20:17+00:00","dateModified":"2025-03-26T16:55:12+00:00","description":"A hist\u00f3ria dos abortos remonta h\u00e1 pelo menos quatro mil\u00e9nios. Como foram percecionados pelas sociedades ao longo do tempo?","breadcrumb":{"@id":"https:\/\/prolifeeurope.org\/pt-pt\/informa-te\/historia-do-aborto\/#breadcrumb"},"inLanguage":"pt-PT","potentialAction":[{"@type":"ReadAction","target":["https:\/\/prolifeeurope.org\/pt-pt\/informa-te\/historia-do-aborto\/"]}]},{"@type":"BreadcrumbList","@id":"https:\/\/prolifeeurope.org\/pt-pt\/informa-te\/historia-do-aborto\/#breadcrumb","itemListElement":[{"@type":"ListItem","position":1,"name":"Home","item":"https:\/\/prolifeeurope.org\/pt-pt\/"},{"@type":"ListItem","position":2,"name":"Informa-te","item":"https:\/\/prolifeeurope.org\/pt-pt\/informa-te\/"},{"@type":"ListItem","position":3,"name":"Hist\u00f3ria do aborto"}]},{"@type":"WebSite","@id":"https:\/\/prolifeeurope.org\/pt-pt\/#website","url":"https:\/\/prolifeeurope.org\/pt-pt\/","name":"ProLife Europe","description":"","publisher":{"@id":"https:\/\/prolifeeurope.org\/pt-pt\/#organization"},"potentialAction":[{"@type":"SearchAction","target":{"@type":"EntryPoint","urlTemplate":"https:\/\/prolifeeurope.org\/pt-pt\/?s={search_term_string}"},"query-input":{"@type":"PropertyValueSpecification","valueRequired":true,"valueName":"search_term_string"}}],"inLanguage":"pt-PT"},{"@type":"Organization","@id":"https:\/\/prolifeeurope.org\/pt-pt\/#organization","name":"ProLife Europe","url":"https:\/\/prolifeeurope.org\/pt-pt\/","logo":{"@type":"ImageObject","inLanguage":"pt-PT","@id":"https:\/\/prolifeeurope.org\/pt-pt\/#\/schema\/logo\/image\/","url":"https:\/\/prolifeeurope.org\/wp-content\/uploads\/2024\/11\/logo-3.svg","contentUrl":"https:\/\/prolifeeurope.org\/wp-content\/uploads\/2024\/11\/logo-3.svg","width":166,"height":170,"caption":"ProLife Europe"},"image":{"@id":"https:\/\/prolifeeurope.org\/pt-pt\/#\/schema\/logo\/image\/"},"sameAs":["https:\/\/www.facebook.com\/ProLifeEurope\/","https:\/\/www.instagram.com\/prolife_europe\/","https:\/\/www.youtube.com\/channel\/UC7olgmdiSVEHZUiP554XozA"]}]}},"_links":{"self":[{"href":"https:\/\/prolifeeurope.org\/pt-pt\/wp-json\/wp\/v2\/pages\/2657","targetHints":{"allow":["GET"]}}],"collection":[{"href":"https:\/\/prolifeeurope.org\/pt-pt\/wp-json\/wp\/v2\/pages"}],"about":[{"href":"https:\/\/prolifeeurope.org\/pt-pt\/wp-json\/wp\/v2\/types\/page"}],"author":[{"embeddable":true,"href":"https:\/\/prolifeeurope.org\/pt-pt\/wp-json\/wp\/v2\/users\/14"}],"replies":[{"embeddable":true,"href":"https:\/\/prolifeeurope.org\/pt-pt\/wp-json\/wp\/v2\/comments?post=2657"}],"version-history":[{"count":2,"href":"https:\/\/prolifeeurope.org\/pt-pt\/wp-json\/wp\/v2\/pages\/2657\/revisions"}],"predecessor-version":[{"id":3442,"href":"https:\/\/prolifeeurope.org\/pt-pt\/wp-json\/wp\/v2\/pages\/2657\/revisions\/3442"}],"up":[{"embeddable":true,"href":"https:\/\/prolifeeurope.org\/pt-pt\/wp-json\/wp\/v2\/pages\/2808"}],"wp:attachment":[{"href":"https:\/\/prolifeeurope.org\/pt-pt\/wp-json\/wp\/v2\/media?parent=2657"}],"wp:term":[{"taxonomy":"topic","embeddable":true,"href":"https:\/\/prolifeeurope.org\/pt-pt\/wp-json\/wp\/v2\/topic?post=2657"}],"curies":[{"name":"wp","href":"https:\/\/api.w.org\/{rel}","templated":true}]}}