{"id":2655,"date":"2025-01-15T18:20:00","date_gmt":"2025-01-15T17:20:00","guid":{"rendered":"https:\/\/ws-staging.prolifeeurope.org\/aborto-e-violacao\/"},"modified":"2025-03-26T17:04:49","modified_gmt":"2025-03-26T16:04:49","slug":"aborto-e-violacao","status":"publish","type":"page","link":"https:\/\/prolifeeurope.org\/pt-pt\/informa-te\/aborto-e-violacao\/","title":{"rendered":"Aborto e viola\u00e7\u00e3o"},"content":{"rendered":"\n<p>Sofrer qualquer forma de viol\u00eancia sexual \u00e9 uma experi\u00eancia terr\u00edvel. Mas, se uma mulher conceber um filho durante essa experi\u00eancia horr\u00edvel, ser\u00e1 que o aborto realmente a ajuda a curar-se? \u00c0 primeira vista, parece ser uma solu\u00e7\u00e3o r\u00e1pida e f\u00e1cil. Basta abortar o filho e acabar com isso. Sim, um aborto pode ser feito muito rapidamente, mas isso n\u00e3o apaga o crime da viola\u00e7\u00e3o nem far\u00e1 com que a mulher se esque\u00e7a que estava gr\u00e1vida. A viola\u00e7\u00e3o \u00e9 um trauma horr\u00edvel, mas o aborto n\u00e3o \u00e9 uma forma de tratamento para cur\u00e1-lo. Do ponto de vista estritamente f\u00edsico, adiciona uma segunda intrus\u00e3o violenta no corpo da mulher. O aborto tem potenciais complica\u00e7\u00f5es f\u00edsicas e mentais, que se somam ao trauma de ter sido violada. O trauma n\u00e3o pode ser curado pelo trauma. Portanto, mesmo que pare\u00e7a uma solu\u00e7\u00e3o \u00e0 primeira vista, o aborto ap\u00f3s a viola\u00e7\u00e3o n\u00e3o ajuda a mulher a curar-se nem a recuperar.          <\/p>\n\n<p>Al\u00e9m disso, se um crime \u00e9 cometido, quem deve ser punido \u00e9 o culpado. O aborto pune a v\u00edtima e uma terceira parte inocente &#8211; a crian\u00e7a, que n\u00e3o teve qualquer influ\u00eancia nas circunst\u00e2ncias da sua conce\u00e7\u00e3o. A crian\u00e7a n\u00e3o \u00e9 respons\u00e1vel pelos pecados do seu pai e n\u00e3o deve pagar com a sua vida por eles. As circunst\u00e2ncias em que somos trazidos ao mundo como seres humanos n\u00e3o influenciam a nossa dignidade e valor como tal.   <\/p>\n\n<p><\/p>\n","protected":false},"excerpt":{"rendered":"<p>Sofrer qualquer forma de viol\u00eancia sexual \u00e9 uma experi\u00eancia terr\u00edvel. Mas, se uma mulher conceber um filho durante essa experi\u00eancia horr\u00edvel, ser\u00e1 que o aborto realmente a ajuda a curar-se?<a href=\"https:\/\/prolifeeurope.org\/pt-pt\/informa-te\/aborto-e-violacao\/\">Continue reading <span class=\"sr-only\">&#8220;Aborto e viola\u00e7\u00e3o&#8221;<\/span><\/a><\/p>\n","protected":false},"author":14,"featured_media":0,"parent":2808,"menu_order":0,"comment_status":"closed","ping_status":"closed","template":"page-topic.php","meta":{"_acf_changed":false,"_monsterinsights_skip_tracking":false,"_monsterinsights_sitenote_active":false,"_monsterinsights_sitenote_note":"","_monsterinsights_sitenote_category":0,"footnotes":""},"topic":[],"class_list":["post-2655","page","type-page","status-publish","hentry"],"acf":[],"yoast_head":"<!-- This site is optimized with the Yoast SEO plugin v27.2 - https:\/\/yoast.com\/product\/yoast-seo-wordpress\/ -->\n<title>Aborto e viola\u00e7\u00e3o - ProLife Europe<\/title>\n<meta name=\"description\" content=\"Sabe mais sobre os desafios de equilibrar o direito \u00e0 vida com o trauma da viola\u00e7\u00e3o e as implica\u00e7\u00f5es para a m\u00e3e e a crian\u00e7a.\" \/>\n<meta name=\"robots\" content=\"index, follow, max-snippet:-1, max-image-preview:large, max-video-preview:-1\" \/>\n<link rel=\"canonical\" href=\"https:\/\/prolifeeurope.org\/pt-pt\/informa-te\/aborto-e-violacao\/\" \/>\n<meta property=\"og:locale\" content=\"pt_PT\" \/>\n<meta property=\"og:type\" content=\"article\" \/>\n<meta property=\"og:title\" content=\"Aborto e viola\u00e7\u00e3o - ProLife Europe\" \/>\n<meta property=\"og:description\" content=\"Sabe mais sobre os desafios de equilibrar o direito \u00e0 vida com o trauma da viola\u00e7\u00e3o e as implica\u00e7\u00f5es para a m\u00e3e e a crian\u00e7a.\" \/>\n<meta property=\"og:url\" content=\"https:\/\/prolifeeurope.org\/pt-pt\/informa-te\/aborto-e-violacao\/\" \/>\n<meta property=\"og:site_name\" content=\"ProLife Europe\" \/>\n<meta property=\"article:publisher\" content=\"https:\/\/www.facebook.com\/ProLifeEurope\/\" \/>\n<meta property=\"article:modified_time\" content=\"2025-03-26T16:04:49+00:00\" \/>\n<meta name=\"twitter:card\" content=\"summary_large_image\" \/>\n<script type=\"application\/ld+json\" class=\"yoast-schema-graph\">{\"@context\":\"https:\/\/schema.org\",\"@graph\":[{\"@type\":\"WebPage\",\"@id\":\"https:\/\/prolifeeurope.org\/pt-pt\/informa-te\/aborto-e-violacao\/\",\"url\":\"https:\/\/prolifeeurope.org\/pt-pt\/informa-te\/aborto-e-violacao\/\",\"name\":\"Aborto e viola\u00e7\u00e3o - ProLife Europe\",\"isPartOf\":{\"@id\":\"https:\/\/prolifeeurope.org\/pt-pt\/#website\"},\"datePublished\":\"2025-01-15T17:20:00+00:00\",\"dateModified\":\"2025-03-26T16:04:49+00:00\",\"description\":\"Sabe mais sobre os desafios de equilibrar o direito \u00e0 vida com o trauma da viola\u00e7\u00e3o e as implica\u00e7\u00f5es para a m\u00e3e e a crian\u00e7a.\",\"breadcrumb\":{\"@id\":\"https:\/\/prolifeeurope.org\/pt-pt\/informa-te\/aborto-e-violacao\/#breadcrumb\"},\"inLanguage\":\"pt-PT\",\"potentialAction\":[{\"@type\":\"ReadAction\",\"target\":[\"https:\/\/prolifeeurope.org\/pt-pt\/informa-te\/aborto-e-violacao\/\"]}]},{\"@type\":\"BreadcrumbList\",\"@id\":\"https:\/\/prolifeeurope.org\/pt-pt\/informa-te\/aborto-e-violacao\/#breadcrumb\",\"itemListElement\":[{\"@type\":\"ListItem\",\"position\":1,\"name\":\"Home\",\"item\":\"https:\/\/prolifeeurope.org\/pt-pt\/\"},{\"@type\":\"ListItem\",\"position\":2,\"name\":\"Informa-te\",\"item\":\"https:\/\/prolifeeurope.org\/pt-pt\/informa-te\/\"},{\"@type\":\"ListItem\",\"position\":3,\"name\":\"Aborto e viola\u00e7\u00e3o\"}]},{\"@type\":\"WebSite\",\"@id\":\"https:\/\/prolifeeurope.org\/pt-pt\/#website\",\"url\":\"https:\/\/prolifeeurope.org\/pt-pt\/\",\"name\":\"ProLife Europe\",\"description\":\"\",\"publisher\":{\"@id\":\"https:\/\/prolifeeurope.org\/pt-pt\/#organization\"},\"potentialAction\":[{\"@type\":\"SearchAction\",\"target\":{\"@type\":\"EntryPoint\",\"urlTemplate\":\"https:\/\/prolifeeurope.org\/pt-pt\/?s={search_term_string}\"},\"query-input\":{\"@type\":\"PropertyValueSpecification\",\"valueRequired\":true,\"valueName\":\"search_term_string\"}}],\"inLanguage\":\"pt-PT\"},{\"@type\":\"Organization\",\"@id\":\"https:\/\/prolifeeurope.org\/pt-pt\/#organization\",\"name\":\"ProLife Europe\",\"url\":\"https:\/\/prolifeeurope.org\/pt-pt\/\",\"logo\":{\"@type\":\"ImageObject\",\"inLanguage\":\"pt-PT\",\"@id\":\"https:\/\/prolifeeurope.org\/pt-pt\/#\/schema\/logo\/image\/\",\"url\":\"https:\/\/prolifeeurope.org\/wp-content\/uploads\/2024\/11\/logo-3.svg\",\"contentUrl\":\"https:\/\/prolifeeurope.org\/wp-content\/uploads\/2024\/11\/logo-3.svg\",\"width\":166,\"height\":170,\"caption\":\"ProLife Europe\"},\"image\":{\"@id\":\"https:\/\/prolifeeurope.org\/pt-pt\/#\/schema\/logo\/image\/\"},\"sameAs\":[\"https:\/\/www.facebook.com\/ProLifeEurope\/\",\"https:\/\/www.instagram.com\/prolife_europe\/\",\"https:\/\/www.youtube.com\/channel\/UC7olgmdiSVEHZUiP554XozA\"]}]}<\/script>\n<!-- \/ Yoast SEO plugin. -->","yoast_head_json":{"title":"Aborto e viola\u00e7\u00e3o - ProLife Europe","description":"Sabe mais sobre os desafios de equilibrar o direito \u00e0 vida com o trauma da viola\u00e7\u00e3o e as implica\u00e7\u00f5es para a m\u00e3e e a crian\u00e7a.","robots":{"index":"index","follow":"follow","max-snippet":"max-snippet:-1","max-image-preview":"max-image-preview:large","max-video-preview":"max-video-preview:-1"},"canonical":"https:\/\/prolifeeurope.org\/pt-pt\/informa-te\/aborto-e-violacao\/","og_locale":"pt_PT","og_type":"article","og_title":"Aborto e viola\u00e7\u00e3o - ProLife Europe","og_description":"Sabe mais sobre os desafios de equilibrar o direito \u00e0 vida com o trauma da viola\u00e7\u00e3o e as implica\u00e7\u00f5es para a m\u00e3e e a crian\u00e7a.","og_url":"https:\/\/prolifeeurope.org\/pt-pt\/informa-te\/aborto-e-violacao\/","og_site_name":"ProLife Europe","article_publisher":"https:\/\/www.facebook.com\/ProLifeEurope\/","article_modified_time":"2025-03-26T16:04:49+00:00","twitter_card":"summary_large_image","schema":{"@context":"https:\/\/schema.org","@graph":[{"@type":"WebPage","@id":"https:\/\/prolifeeurope.org\/pt-pt\/informa-te\/aborto-e-violacao\/","url":"https:\/\/prolifeeurope.org\/pt-pt\/informa-te\/aborto-e-violacao\/","name":"Aborto e viola\u00e7\u00e3o - ProLife Europe","isPartOf":{"@id":"https:\/\/prolifeeurope.org\/pt-pt\/#website"},"datePublished":"2025-01-15T17:20:00+00:00","dateModified":"2025-03-26T16:04:49+00:00","description":"Sabe mais sobre os desafios de equilibrar o direito \u00e0 vida com o trauma da viola\u00e7\u00e3o e as implica\u00e7\u00f5es para a m\u00e3e e a crian\u00e7a.","breadcrumb":{"@id":"https:\/\/prolifeeurope.org\/pt-pt\/informa-te\/aborto-e-violacao\/#breadcrumb"},"inLanguage":"pt-PT","potentialAction":[{"@type":"ReadAction","target":["https:\/\/prolifeeurope.org\/pt-pt\/informa-te\/aborto-e-violacao\/"]}]},{"@type":"BreadcrumbList","@id":"https:\/\/prolifeeurope.org\/pt-pt\/informa-te\/aborto-e-violacao\/#breadcrumb","itemListElement":[{"@type":"ListItem","position":1,"name":"Home","item":"https:\/\/prolifeeurope.org\/pt-pt\/"},{"@type":"ListItem","position":2,"name":"Informa-te","item":"https:\/\/prolifeeurope.org\/pt-pt\/informa-te\/"},{"@type":"ListItem","position":3,"name":"Aborto e viola\u00e7\u00e3o"}]},{"@type":"WebSite","@id":"https:\/\/prolifeeurope.org\/pt-pt\/#website","url":"https:\/\/prolifeeurope.org\/pt-pt\/","name":"ProLife Europe","description":"","publisher":{"@id":"https:\/\/prolifeeurope.org\/pt-pt\/#organization"},"potentialAction":[{"@type":"SearchAction","target":{"@type":"EntryPoint","urlTemplate":"https:\/\/prolifeeurope.org\/pt-pt\/?s={search_term_string}"},"query-input":{"@type":"PropertyValueSpecification","valueRequired":true,"valueName":"search_term_string"}}],"inLanguage":"pt-PT"},{"@type":"Organization","@id":"https:\/\/prolifeeurope.org\/pt-pt\/#organization","name":"ProLife Europe","url":"https:\/\/prolifeeurope.org\/pt-pt\/","logo":{"@type":"ImageObject","inLanguage":"pt-PT","@id":"https:\/\/prolifeeurope.org\/pt-pt\/#\/schema\/logo\/image\/","url":"https:\/\/prolifeeurope.org\/wp-content\/uploads\/2024\/11\/logo-3.svg","contentUrl":"https:\/\/prolifeeurope.org\/wp-content\/uploads\/2024\/11\/logo-3.svg","width":166,"height":170,"caption":"ProLife Europe"},"image":{"@id":"https:\/\/prolifeeurope.org\/pt-pt\/#\/schema\/logo\/image\/"},"sameAs":["https:\/\/www.facebook.com\/ProLifeEurope\/","https:\/\/www.instagram.com\/prolife_europe\/","https:\/\/www.youtube.com\/channel\/UC7olgmdiSVEHZUiP554XozA"]}]}},"_links":{"self":[{"href":"https:\/\/prolifeeurope.org\/pt-pt\/wp-json\/wp\/v2\/pages\/2655","targetHints":{"allow":["GET"]}}],"collection":[{"href":"https:\/\/prolifeeurope.org\/pt-pt\/wp-json\/wp\/v2\/pages"}],"about":[{"href":"https:\/\/prolifeeurope.org\/pt-pt\/wp-json\/wp\/v2\/types\/page"}],"author":[{"embeddable":true,"href":"https:\/\/prolifeeurope.org\/pt-pt\/wp-json\/wp\/v2\/users\/14"}],"replies":[{"embeddable":true,"href":"https:\/\/prolifeeurope.org\/pt-pt\/wp-json\/wp\/v2\/comments?post=2655"}],"version-history":[{"count":4,"href":"https:\/\/prolifeeurope.org\/pt-pt\/wp-json\/wp\/v2\/pages\/2655\/revisions"}],"predecessor-version":[{"id":3437,"href":"https:\/\/prolifeeurope.org\/pt-pt\/wp-json\/wp\/v2\/pages\/2655\/revisions\/3437"}],"up":[{"embeddable":true,"href":"https:\/\/prolifeeurope.org\/pt-pt\/wp-json\/wp\/v2\/pages\/2808"}],"wp:attachment":[{"href":"https:\/\/prolifeeurope.org\/pt-pt\/wp-json\/wp\/v2\/media?parent=2655"}],"wp:term":[{"taxonomy":"topic","embeddable":true,"href":"https:\/\/prolifeeurope.org\/pt-pt\/wp-json\/wp\/v2\/topic?post=2655"}],"curies":[{"name":"wp","href":"https:\/\/api.w.org\/{rel}","templated":true}]}}