{"id":2631,"date":"2025-01-15T18:28:33","date_gmt":"2025-01-15T17:28:33","guid":{"rendered":"https:\/\/ws-staging.prolifeeurope.org\/aborto-de-eugenia\/"},"modified":"2025-03-26T17:23:07","modified_gmt":"2025-03-26T16:23:07","slug":"aborto-de-eugenia","status":"publish","type":"page","link":"https:\/\/prolifeeurope.org\/pt-pt\/informa-te\/aborto-de-eugenia\/","title":{"rendered":"Aborto e eugenia"},"content":{"rendered":"\n<p>Desde que a eugenia existe, o aborto tem sido uma ferramenta central para a ci\u00eancia eug\u00e9nica. Devido \u00e0 longa e complexa hist\u00f3ria da eugenia, que come\u00e7ou j\u00e1 no s\u00e9culo <sup>XIX<\/sup> e chega at\u00e9 aos nossos tempos, estes dois argumentos n\u00e3o podem ser separados um do outro. Sociedades eug\u00e9nicas modernas, como a &#8220;Federa\u00e7\u00e3o Internacional das Organiza\u00e7\u00f5es Eug\u00e9nicas&#8221;, fundada em Londres em 1912, estavam em busca de uma ra\u00e7a \u201cAriana\u201d pura e da elimina\u00e7\u00e3o de outros grupos indesejados de pessoas, pois eram geneticamente inadequados para a sociedade moderna.<sup> [1]<\/sup> Nessas d\u00e9cadas, a Planned Parenthood \u2013 at\u00e9 hoje a maior organiza\u00e7\u00e3o que defende o aborto nos EUA \u2013 foi fundada por Margaret Sanger em 1921 e mais tarde liderada por Alan Frank Guttmacher. Como muitos dos seus colegas, estes dois ginecologistas tornaram-se pioneiros internacionais do aborto e da esteriliza\u00e7\u00e3o, espalhando as suas vis\u00f5es eug\u00e9nicas racistas.   <\/p>\n\n<p>Mais tarde, a Planned Parenthood tornou-se uma das principais fontes inspiradoras para as ideologias eug\u00e9nicas da Alemanha Nazi. Muitos m\u00e9dicos do Terceiro Reich usaram os princ\u00edpios de Sanger para atingir especialmente pessoas com defici\u00eancias, popula\u00e7\u00f5es judaicas e n\u00e3o brancas, promovendo a \u201chigiene racial\u201d, o que inclu\u00eda a proibi\u00e7\u00e3o do aborto para a popula\u00e7\u00e3o alem\u00e3, mas defendendo abortos for\u00e7ados, esteriliza\u00e7\u00f5es e experimenta\u00e7\u00e3o humana nas Leis de Nuremberga em 1935. Mulheres judias e polacas, especialmente, foram for\u00e7adas a abortar, seja por raz\u00f5es puramente racistas, seja para obter mais trabalhadoras for\u00e7adas ap\u00f3s a invas\u00e3o dos territ\u00f3rios da Europa Oriental. <sup>[2] <\/sup>Al\u00e9m disso, o aborto foi uma das ferramentas mais frequentes nos campos de concentra\u00e7\u00e3o para dificultar a reprodu\u00e7\u00e3o dos prisioneiros. <sup>[3] <\/sup>Curiosamente, os nazis nunca negaram a humanidade do n\u00e3o nascido e referiram-se a ele como uma crian\u00e7a.<sup> [4] <\/sup>As vis\u00f5es eug\u00e9nicas dos m\u00e9dicos nazis podem ser vistas especialmente nos julgamentos dos Crimes de Guerra de Nuremberga, onde citaram a lei americana &#8220;Buck v. Bell&#8221;, que foi apoiada por Sanger e dava permiss\u00e3o ao governo para praticar um controlo de natalidade for\u00e7ado.  <sup>[5]<\/sup><\/p>\n\n<p>At\u00e9 hoje, o v\u00ednculo estreito entre o aborto e a eugenia ainda n\u00e3o foi quebrado. A maioria das cl\u00ednicas da Planned Parenthood, que foram constru\u00eddas perto das comunidades negras e latinas nas cidades americanas para matar os seus descendentes, ainda n\u00e3o foram removidas. <sup>[6]<\/sup><\/p>\n\n<p>Na Europa, as tend\u00eancias eug\u00e9nicas prejudicam pessoas com defici\u00eancias, especialmente aquelas com S\u00edndrome de Down\/trissomia 21. 92% das gravidezes com fetos com S\u00edndrome de Down em pa\u00edses europeus s\u00e3o abortadas devido \u00e0 defici\u00eancia e aos poss\u00edveis problemas sociais que a acompanham. <sup>[7]<\/sup> Os pa\u00edses da Europa do Norte s\u00e3o particularmente hostis para estas pessoas. Na Isl\u00e2ndia, quase 100% dos beb\u00e9s n\u00e3o-nascidos com S\u00edndrome de Down s\u00e3o mortos no ventre materno. <sup>[8]<\/sup> Al\u00e9m disso, fetos de beb\u00e9s abortados s\u00e3o frequentemente usados para experi\u00eancias cient\u00edficas<sup> [9]<\/sup> \u2013 uma pr\u00e1tica em que os cientistas nazis se tornaram especialistas nos seus laborat\u00f3rios, usando pessoas com defici\u00eancias.  <sup>[10]<\/sup><\/p>\n\n<hr class=\"wp-block-separator has-alpha-channel-opacity\"\/>\n\n<p class=\"has-small-font-size\"><strong>[1]<\/strong> Black, Edwin, War Against the Weak: Eugenics and America&#8217;s Campaign to Create a Master Race, (New York, 2003) p. 237.<br\/><strong>[2]<\/strong> Hunt, John, Out of respect for life: Nazi abortion policy in the eastern occupied territories, 381.<br\/><strong>[3]<\/strong> Hunt, Nazi abortion policy, 381-382.<br\/><strong>[4]<\/strong> Hunt, Nazi abortion policy, 383.<br\/><strong>[5]<\/strong> Forgotten History Channel, Eugenics and Planned Parenthood \u2013 Margaret Sanger &#8211; Forgotten History (04.07.2023),<a href=\"https:\/\/www.youtube.com\/watch?v=OP7ZzV4Z338&amp;t=197s\" target=\"_blank\" rel=\"noreferrer noopener\"> https:\/\/www.youtube.com\/watch?v=OP7ZzV4Z338&amp;t=197s<\/a><br\/><strong>[6]<\/strong> Nelson, Dean, Planned Parenthood: Rooted in Racism. Rooted in Racism \u2013 The Negro Project,<a href=\"https:\/\/www.humancoalition.org\/2023\/03\/27\/planned-parenthood-rooted-in-racism\/\" target=\"_blank\" rel=\"noreferrer noopener\"> https:\/\/www.humancoalition.org\/2023\/03\/27\/planned-parenthood-rooted-in-racism\/<\/a>, and Daniels, Cristina and others, The Effects on Abortion on the Black Community, p. 3,<a href=\"https:\/\/www.congress.gov\/115\/meeting\/house\/106562\/witnesses\/HHRG-115-JU10-Wstate-ParkerS-20171101-SD001.pdf\" target=\"_blank\" rel=\"noreferrer noopener\"> https:\/\/www.congress.gov\/115\/meeting\/house\/106562\/witnesses\/HHRG-115-JU10-Wstate-ParkerS-20171101-SD001.pdf<\/a> <br\/><strong>[7]<\/strong> Mansfield C, Hopfer S, Marteau TM (September 1999). &#8220;Termination rates after prenatal diagnosis of Down syndrome, spina bifida, anencephaly, and Turner and Klinefelter syndromes: a systematic literature review. Prenatal Diagnosis. 19 (9). Wiley: 808\u2013812.    <br\/><strong>[8]<\/strong> Right to Life News, Iceland called out at UN for aborting almost 100% of babies diagnosed with Down\u2019s syndrome, https:\/\/righttolife.org.uk\/news\/iceland-called-out-at-un-for-aborting-almost-100-of-babies-diagnosed-with-downs-syndrome.<br\/><strong>[9]<\/strong> Wadman, Meredith, The Truth about Fetal Tissue research, https:\/\/www.nature.com\/articles\/528178a.<br\/><strong>[10]<\/strong> Weindling, Paul, Painful and sometimes deadly experiments which Nazi doctors carried out on children,<a href=\"https:\/\/onlinelibrary.wiley.com\/doi\/full\/10.1111\/apa.16310\" target=\"_blank\" rel=\"noreferrer noopener\"> https:\/\/onlinelibrary.wiley.com\/doi\/full\/10.1111\/apa.16310<\/a><\/p>\n","protected":false},"excerpt":{"rendered":"<p>Desde que a eugenia existe, o aborto tem sido uma ferramenta central para a ci\u00eancia eug\u00e9nica. Devido \u00e0 longa e complexa hist\u00f3ria da eugenia, que come\u00e7ou j\u00e1 no s\u00e9culo XIX<a href=\"https:\/\/prolifeeurope.org\/pt-pt\/informa-te\/aborto-de-eugenia\/\">Continue reading <span class=\"sr-only\">&#8220;Aborto e eugenia&#8221;<\/span><\/a><\/p>\n","protected":false},"author":14,"featured_media":0,"parent":2808,"menu_order":0,"comment_status":"closed","ping_status":"closed","template":"page-topic.php","meta":{"_acf_changed":false,"_monsterinsights_skip_tracking":false,"_monsterinsights_sitenote_active":false,"_monsterinsights_sitenote_note":"","_monsterinsights_sitenote_category":0,"footnotes":""},"topic":[],"class_list":["post-2631","page","type-page","status-publish","hentry"],"acf":[],"yoast_head":"<!-- This site is optimized with the Yoast SEO plugin v27.2 - https:\/\/yoast.com\/product\/yoast-seo-wordpress\/ -->\n<title>Aborto e eugenia - ProLife Europe<\/title>\n<meta name=\"description\" content=\"Aprende a conex\u00e3o entre os &quot;direitos reprodutivos&quot; e as ideologias eug\u00e9nicas. Examina as suas implica\u00e7\u00f5es \u00e9ticas, hist\u00f3ria e impacto na sociedade.\" \/>\n<meta name=\"robots\" content=\"index, follow, max-snippet:-1, max-image-preview:large, max-video-preview:-1\" \/>\n<link rel=\"canonical\" href=\"https:\/\/prolifeeurope.org\/pt-pt\/informa-te\/aborto-de-eugenia\/\" \/>\n<meta property=\"og:locale\" content=\"pt_PT\" \/>\n<meta property=\"og:type\" content=\"article\" \/>\n<meta property=\"og:title\" content=\"Aborto e eugenia - ProLife Europe\" \/>\n<meta property=\"og:description\" content=\"Aprende a conex\u00e3o entre os &quot;direitos reprodutivos&quot; e as ideologias eug\u00e9nicas. Examina as suas implica\u00e7\u00f5es \u00e9ticas, hist\u00f3ria e impacto na sociedade.\" \/>\n<meta property=\"og:url\" content=\"https:\/\/prolifeeurope.org\/pt-pt\/informa-te\/aborto-de-eugenia\/\" \/>\n<meta property=\"og:site_name\" content=\"ProLife Europe\" \/>\n<meta property=\"article:publisher\" content=\"https:\/\/www.facebook.com\/ProLifeEurope\/\" \/>\n<meta property=\"article:modified_time\" content=\"2025-03-26T16:23:07+00:00\" \/>\n<meta name=\"twitter:card\" content=\"summary_large_image\" \/>\n<script type=\"application\/ld+json\" class=\"yoast-schema-graph\">{\"@context\":\"https:\/\/schema.org\",\"@graph\":[{\"@type\":\"WebPage\",\"@id\":\"https:\/\/prolifeeurope.org\/pt-pt\/informa-te\/aborto-de-eugenia\/\",\"url\":\"https:\/\/prolifeeurope.org\/pt-pt\/informa-te\/aborto-de-eugenia\/\",\"name\":\"Aborto e eugenia - ProLife Europe\",\"isPartOf\":{\"@id\":\"https:\/\/prolifeeurope.org\/pt-pt\/#website\"},\"datePublished\":\"2025-01-15T17:28:33+00:00\",\"dateModified\":\"2025-03-26T16:23:07+00:00\",\"description\":\"Aprende a conex\u00e3o entre os \\\"direitos reprodutivos\\\" e as ideologias eug\u00e9nicas. Examina as suas implica\u00e7\u00f5es \u00e9ticas, hist\u00f3ria e impacto na sociedade.\",\"breadcrumb\":{\"@id\":\"https:\/\/prolifeeurope.org\/pt-pt\/informa-te\/aborto-de-eugenia\/#breadcrumb\"},\"inLanguage\":\"pt-PT\",\"potentialAction\":[{\"@type\":\"ReadAction\",\"target\":[\"https:\/\/prolifeeurope.org\/pt-pt\/informa-te\/aborto-de-eugenia\/\"]}]},{\"@type\":\"BreadcrumbList\",\"@id\":\"https:\/\/prolifeeurope.org\/pt-pt\/informa-te\/aborto-de-eugenia\/#breadcrumb\",\"itemListElement\":[{\"@type\":\"ListItem\",\"position\":1,\"name\":\"Home\",\"item\":\"https:\/\/prolifeeurope.org\/pt-pt\/\"},{\"@type\":\"ListItem\",\"position\":2,\"name\":\"Informa-te\",\"item\":\"https:\/\/prolifeeurope.org\/pt-pt\/informa-te\/\"},{\"@type\":\"ListItem\",\"position\":3,\"name\":\"Aborto e eugenia\"}]},{\"@type\":\"WebSite\",\"@id\":\"https:\/\/prolifeeurope.org\/pt-pt\/#website\",\"url\":\"https:\/\/prolifeeurope.org\/pt-pt\/\",\"name\":\"ProLife Europe\",\"description\":\"\",\"publisher\":{\"@id\":\"https:\/\/prolifeeurope.org\/pt-pt\/#organization\"},\"potentialAction\":[{\"@type\":\"SearchAction\",\"target\":{\"@type\":\"EntryPoint\",\"urlTemplate\":\"https:\/\/prolifeeurope.org\/pt-pt\/?s={search_term_string}\"},\"query-input\":{\"@type\":\"PropertyValueSpecification\",\"valueRequired\":true,\"valueName\":\"search_term_string\"}}],\"inLanguage\":\"pt-PT\"},{\"@type\":\"Organization\",\"@id\":\"https:\/\/prolifeeurope.org\/pt-pt\/#organization\",\"name\":\"ProLife Europe\",\"url\":\"https:\/\/prolifeeurope.org\/pt-pt\/\",\"logo\":{\"@type\":\"ImageObject\",\"inLanguage\":\"pt-PT\",\"@id\":\"https:\/\/prolifeeurope.org\/pt-pt\/#\/schema\/logo\/image\/\",\"url\":\"https:\/\/prolifeeurope.org\/wp-content\/uploads\/2024\/11\/logo-3.svg\",\"contentUrl\":\"https:\/\/prolifeeurope.org\/wp-content\/uploads\/2024\/11\/logo-3.svg\",\"width\":166,\"height\":170,\"caption\":\"ProLife Europe\"},\"image\":{\"@id\":\"https:\/\/prolifeeurope.org\/pt-pt\/#\/schema\/logo\/image\/\"},\"sameAs\":[\"https:\/\/www.facebook.com\/ProLifeEurope\/\",\"https:\/\/www.instagram.com\/prolife_europe\/\",\"https:\/\/www.youtube.com\/channel\/UC7olgmdiSVEHZUiP554XozA\"]}]}<\/script>\n<!-- \/ Yoast SEO plugin. -->","yoast_head_json":{"title":"Aborto e eugenia - ProLife Europe","description":"Aprende a conex\u00e3o entre os \"direitos reprodutivos\" e as ideologias eug\u00e9nicas. Examina as suas implica\u00e7\u00f5es \u00e9ticas, hist\u00f3ria e impacto na sociedade.","robots":{"index":"index","follow":"follow","max-snippet":"max-snippet:-1","max-image-preview":"max-image-preview:large","max-video-preview":"max-video-preview:-1"},"canonical":"https:\/\/prolifeeurope.org\/pt-pt\/informa-te\/aborto-de-eugenia\/","og_locale":"pt_PT","og_type":"article","og_title":"Aborto e eugenia - ProLife Europe","og_description":"Aprende a conex\u00e3o entre os \"direitos reprodutivos\" e as ideologias eug\u00e9nicas. Examina as suas implica\u00e7\u00f5es \u00e9ticas, hist\u00f3ria e impacto na sociedade.","og_url":"https:\/\/prolifeeurope.org\/pt-pt\/informa-te\/aborto-de-eugenia\/","og_site_name":"ProLife Europe","article_publisher":"https:\/\/www.facebook.com\/ProLifeEurope\/","article_modified_time":"2025-03-26T16:23:07+00:00","twitter_card":"summary_large_image","schema":{"@context":"https:\/\/schema.org","@graph":[{"@type":"WebPage","@id":"https:\/\/prolifeeurope.org\/pt-pt\/informa-te\/aborto-de-eugenia\/","url":"https:\/\/prolifeeurope.org\/pt-pt\/informa-te\/aborto-de-eugenia\/","name":"Aborto e eugenia - ProLife Europe","isPartOf":{"@id":"https:\/\/prolifeeurope.org\/pt-pt\/#website"},"datePublished":"2025-01-15T17:28:33+00:00","dateModified":"2025-03-26T16:23:07+00:00","description":"Aprende a conex\u00e3o entre os \"direitos reprodutivos\" e as ideologias eug\u00e9nicas. Examina as suas implica\u00e7\u00f5es \u00e9ticas, hist\u00f3ria e impacto na sociedade.","breadcrumb":{"@id":"https:\/\/prolifeeurope.org\/pt-pt\/informa-te\/aborto-de-eugenia\/#breadcrumb"},"inLanguage":"pt-PT","potentialAction":[{"@type":"ReadAction","target":["https:\/\/prolifeeurope.org\/pt-pt\/informa-te\/aborto-de-eugenia\/"]}]},{"@type":"BreadcrumbList","@id":"https:\/\/prolifeeurope.org\/pt-pt\/informa-te\/aborto-de-eugenia\/#breadcrumb","itemListElement":[{"@type":"ListItem","position":1,"name":"Home","item":"https:\/\/prolifeeurope.org\/pt-pt\/"},{"@type":"ListItem","position":2,"name":"Informa-te","item":"https:\/\/prolifeeurope.org\/pt-pt\/informa-te\/"},{"@type":"ListItem","position":3,"name":"Aborto e eugenia"}]},{"@type":"WebSite","@id":"https:\/\/prolifeeurope.org\/pt-pt\/#website","url":"https:\/\/prolifeeurope.org\/pt-pt\/","name":"ProLife Europe","description":"","publisher":{"@id":"https:\/\/prolifeeurope.org\/pt-pt\/#organization"},"potentialAction":[{"@type":"SearchAction","target":{"@type":"EntryPoint","urlTemplate":"https:\/\/prolifeeurope.org\/pt-pt\/?s={search_term_string}"},"query-input":{"@type":"PropertyValueSpecification","valueRequired":true,"valueName":"search_term_string"}}],"inLanguage":"pt-PT"},{"@type":"Organization","@id":"https:\/\/prolifeeurope.org\/pt-pt\/#organization","name":"ProLife Europe","url":"https:\/\/prolifeeurope.org\/pt-pt\/","logo":{"@type":"ImageObject","inLanguage":"pt-PT","@id":"https:\/\/prolifeeurope.org\/pt-pt\/#\/schema\/logo\/image\/","url":"https:\/\/prolifeeurope.org\/wp-content\/uploads\/2024\/11\/logo-3.svg","contentUrl":"https:\/\/prolifeeurope.org\/wp-content\/uploads\/2024\/11\/logo-3.svg","width":166,"height":170,"caption":"ProLife Europe"},"image":{"@id":"https:\/\/prolifeeurope.org\/pt-pt\/#\/schema\/logo\/image\/"},"sameAs":["https:\/\/www.facebook.com\/ProLifeEurope\/","https:\/\/www.instagram.com\/prolife_europe\/","https:\/\/www.youtube.com\/channel\/UC7olgmdiSVEHZUiP554XozA"]}]}},"_links":{"self":[{"href":"https:\/\/prolifeeurope.org\/pt-pt\/wp-json\/wp\/v2\/pages\/2631","targetHints":{"allow":["GET"]}}],"collection":[{"href":"https:\/\/prolifeeurope.org\/pt-pt\/wp-json\/wp\/v2\/pages"}],"about":[{"href":"https:\/\/prolifeeurope.org\/pt-pt\/wp-json\/wp\/v2\/types\/page"}],"author":[{"embeddable":true,"href":"https:\/\/prolifeeurope.org\/pt-pt\/wp-json\/wp\/v2\/users\/14"}],"replies":[{"embeddable":true,"href":"https:\/\/prolifeeurope.org\/pt-pt\/wp-json\/wp\/v2\/comments?post=2631"}],"version-history":[{"count":5,"href":"https:\/\/prolifeeurope.org\/pt-pt\/wp-json\/wp\/v2\/pages\/2631\/revisions"}],"predecessor-version":[{"id":3439,"href":"https:\/\/prolifeeurope.org\/pt-pt\/wp-json\/wp\/v2\/pages\/2631\/revisions\/3439"}],"up":[{"embeddable":true,"href":"https:\/\/prolifeeurope.org\/pt-pt\/wp-json\/wp\/v2\/pages\/2808"}],"wp:attachment":[{"href":"https:\/\/prolifeeurope.org\/pt-pt\/wp-json\/wp\/v2\/media?parent=2631"}],"wp:term":[{"taxonomy":"topic","embeddable":true,"href":"https:\/\/prolifeeurope.org\/pt-pt\/wp-json\/wp\/v2\/topic?post=2631"}],"curies":[{"name":"wp","href":"https:\/\/api.w.org\/{rel}","templated":true}]}}