{"id":2629,"date":"2025-01-15T17:03:47","date_gmt":"2025-01-15T16:03:47","guid":{"rendered":"https:\/\/ws-staging.prolifeeurope.org\/por-que-as-mulheres-escolhem-fazer-abortos\/"},"modified":"2025-03-26T16:49:00","modified_gmt":"2025-03-26T15:49:00","slug":"por-que-as-mulheres-escolhem-fazer-abortos","status":"publish","type":"page","link":"https:\/\/prolifeeurope.org\/pt-pt\/informa-te\/por-que-as-mulheres-escolhem-fazer-abortos\/","title":{"rendered":"Porque \u00e9 que as mulheres escolhem fazer abortos?"},"content":{"rendered":"\n<p>Existem muitas raz\u00f5es e situa\u00e7\u00f5es que levam uma m\u00e3e gr\u00e1vida a considerar abortar. Infelizmente, a maioria das mulheres precisava de incentivo e apoio, mas apenas lhes foi apresentada a possibilidade de abortar o filho. Uma ag\u00eancia alem\u00e3 de aconselhamento de gravidez publicou uma estat\u00edstica que demonstra as principais raz\u00f5es pelas quais as mulheres pensam em fazer um aborto, sendo elas:  <\/p>\n\n<ul class=\"wp-block-list\">\n<li>Raz\u00f5es biogr\u00e1ficas (41,7%)<\/li>\n\n\n\n<li>Sobrecarga (30,5%)<\/li>\n\n\n\n<li>Problemas com o parceiro (17,2%)<\/li>\n\n\n\n<li>Raz\u00f5es financeiras (6,7%)<\/li>\n\n\n\n<li>Raz\u00f5es m\u00e9dicas (3,1%)<\/li>\n\n\n\n<li>Viola\u00e7\u00e3o (0,5%)<\/li>\n\n\n\n<li>Press\u00e3o por terceiros (0,3%)*<\/li>\n<\/ul>\n\n<p>Um estudo realizado na \u00c1ustria em 2023 mostrou que, embora a press\u00e3o externa possa n\u00e3o ser a principal raz\u00e3o para um aborto, mais de 50% de todas as mulheres escolheram o aborto enquanto se sentiam pressionadas \u201cmuito fortemente\u201d ou \u201cfortemente\u201d por uma parte externa.<\/p>\n\n<p>Independentemente do problema em quest\u00e3o, a verdade \u00e9 que a maioria das mulheres que escolhem o aborto estavam \u00e0 procura de apoio e esperan\u00e7a, mas ficaram sozinhas, escolhendo a morte do seu filho como a \u00fanica \u201csolu\u00e7\u00e3o\u201d.<\/p>\n\n<p class=\"has-small-font-size\">* Leia aqui o relat\u00f3rio completo : <a href=\"https:\/\/www.1000plus.net\/sites\/default\/files\/documents\/SSK-Bericht%202023_0.pdf\" target=\"_blank\" rel=\"noreferrer noopener\">https:\/\/www.1000plus.net\/sites\/default\/files\/documents\/SSK-Bericht%202023_0.pdf<\/a><br\/>** <a href=\"https:\/\/xn--fairndern-y2a.at\/imas-umfrage-2023\/.\" target=\"_blank\" rel=\"noreferrer noopener\">https:\/\/xn--fairndern-y2a.at\/imas-umfrage-2023\/<\/a><\/p>\n","protected":false},"excerpt":{"rendered":"<p>Existem muitas raz\u00f5es e situa\u00e7\u00f5es que levam uma m\u00e3e gr\u00e1vida a considerar abortar. Infelizmente, a maioria das mulheres precisava de incentivo e apoio, mas apenas lhes foi apresentada a possibilidade<a href=\"https:\/\/prolifeeurope.org\/pt-pt\/informa-te\/por-que-as-mulheres-escolhem-fazer-abortos\/\">Continue reading <span class=\"sr-only\">&#8220;Porque \u00e9 que as mulheres escolhem fazer abortos?&#8221;<\/span><\/a><\/p>\n","protected":false},"author":14,"featured_media":0,"parent":2808,"menu_order":0,"comment_status":"closed","ping_status":"closed","template":"page-topic.php","meta":{"_acf_changed":false,"_monsterinsights_skip_tracking":false,"_monsterinsights_sitenote_active":false,"_monsterinsights_sitenote_note":"","_monsterinsights_sitenote_category":0,"footnotes":""},"topic":[],"class_list":["post-2629","page","type-page","status-publish","hentry"],"acf":[],"yoast_head":"<!-- This site is optimized with the Yoast SEO plugin v27.2 - https:\/\/yoast.com\/product\/yoast-seo-wordpress\/ -->\n<title>Porque \u00e9 que as mulheres escolhem fazer abortos? - ProLife Europe<\/title>\n<meta name=\"description\" content=\"De acordo com um centro de aconselhamento de gravidez alem\u00e3o, estas s\u00e3o as principais raz\u00f5es pelas quais as mulheres consideram o aborto: ...\" \/>\n<meta name=\"robots\" content=\"index, follow, max-snippet:-1, max-image-preview:large, max-video-preview:-1\" \/>\n<link rel=\"canonical\" href=\"https:\/\/prolifeeurope.org\/pt-pt\/informa-te\/por-que-as-mulheres-escolhem-fazer-abortos\/\" \/>\n<meta property=\"og:locale\" content=\"pt_PT\" \/>\n<meta property=\"og:type\" content=\"article\" \/>\n<meta property=\"og:title\" content=\"Porque \u00e9 que as mulheres escolhem fazer abortos? - ProLife Europe\" \/>\n<meta property=\"og:description\" content=\"De acordo com um centro de aconselhamento de gravidez alem\u00e3o, estas s\u00e3o as principais raz\u00f5es pelas quais as mulheres consideram o aborto: ...\" \/>\n<meta property=\"og:url\" content=\"https:\/\/prolifeeurope.org\/pt-pt\/informa-te\/por-que-as-mulheres-escolhem-fazer-abortos\/\" \/>\n<meta property=\"og:site_name\" content=\"ProLife Europe\" \/>\n<meta property=\"article:publisher\" content=\"https:\/\/www.facebook.com\/ProLifeEurope\/\" \/>\n<meta property=\"article:modified_time\" content=\"2025-03-26T15:49:00+00:00\" \/>\n<meta name=\"twitter:card\" content=\"summary_large_image\" \/>\n<script type=\"application\/ld+json\" class=\"yoast-schema-graph\">{\"@context\":\"https:\/\/schema.org\",\"@graph\":[{\"@type\":\"WebPage\",\"@id\":\"https:\/\/prolifeeurope.org\/pt-pt\/informa-te\/por-que-as-mulheres-escolhem-fazer-abortos\/\",\"url\":\"https:\/\/prolifeeurope.org\/pt-pt\/informa-te\/por-que-as-mulheres-escolhem-fazer-abortos\/\",\"name\":\"Porque \u00e9 que as mulheres escolhem fazer abortos? - ProLife Europe\",\"isPartOf\":{\"@id\":\"https:\/\/prolifeeurope.org\/pt-pt\/#website\"},\"datePublished\":\"2025-01-15T16:03:47+00:00\",\"dateModified\":\"2025-03-26T15:49:00+00:00\",\"description\":\"De acordo com um centro de aconselhamento de gravidez alem\u00e3o, estas s\u00e3o as principais raz\u00f5es pelas quais as mulheres consideram o aborto: ...\",\"breadcrumb\":{\"@id\":\"https:\/\/prolifeeurope.org\/pt-pt\/informa-te\/por-que-as-mulheres-escolhem-fazer-abortos\/#breadcrumb\"},\"inLanguage\":\"pt-PT\",\"potentialAction\":[{\"@type\":\"ReadAction\",\"target\":[\"https:\/\/prolifeeurope.org\/pt-pt\/informa-te\/por-que-as-mulheres-escolhem-fazer-abortos\/\"]}]},{\"@type\":\"BreadcrumbList\",\"@id\":\"https:\/\/prolifeeurope.org\/pt-pt\/informa-te\/por-que-as-mulheres-escolhem-fazer-abortos\/#breadcrumb\",\"itemListElement\":[{\"@type\":\"ListItem\",\"position\":1,\"name\":\"Home\",\"item\":\"https:\/\/prolifeeurope.org\/pt-pt\/\"},{\"@type\":\"ListItem\",\"position\":2,\"name\":\"Informa-te\",\"item\":\"https:\/\/prolifeeurope.org\/pt-pt\/informa-te\/\"},{\"@type\":\"ListItem\",\"position\":3,\"name\":\"Porque \u00e9 que as mulheres escolhem fazer abortos?\"}]},{\"@type\":\"WebSite\",\"@id\":\"https:\/\/prolifeeurope.org\/pt-pt\/#website\",\"url\":\"https:\/\/prolifeeurope.org\/pt-pt\/\",\"name\":\"ProLife Europe\",\"description\":\"\",\"publisher\":{\"@id\":\"https:\/\/prolifeeurope.org\/pt-pt\/#organization\"},\"potentialAction\":[{\"@type\":\"SearchAction\",\"target\":{\"@type\":\"EntryPoint\",\"urlTemplate\":\"https:\/\/prolifeeurope.org\/pt-pt\/?s={search_term_string}\"},\"query-input\":{\"@type\":\"PropertyValueSpecification\",\"valueRequired\":true,\"valueName\":\"search_term_string\"}}],\"inLanguage\":\"pt-PT\"},{\"@type\":\"Organization\",\"@id\":\"https:\/\/prolifeeurope.org\/pt-pt\/#organization\",\"name\":\"ProLife Europe\",\"url\":\"https:\/\/prolifeeurope.org\/pt-pt\/\",\"logo\":{\"@type\":\"ImageObject\",\"inLanguage\":\"pt-PT\",\"@id\":\"https:\/\/prolifeeurope.org\/pt-pt\/#\/schema\/logo\/image\/\",\"url\":\"https:\/\/prolifeeurope.org\/wp-content\/uploads\/2024\/11\/logo-3.svg\",\"contentUrl\":\"https:\/\/prolifeeurope.org\/wp-content\/uploads\/2024\/11\/logo-3.svg\",\"width\":166,\"height\":170,\"caption\":\"ProLife Europe\"},\"image\":{\"@id\":\"https:\/\/prolifeeurope.org\/pt-pt\/#\/schema\/logo\/image\/\"},\"sameAs\":[\"https:\/\/www.facebook.com\/ProLifeEurope\/\",\"https:\/\/www.instagram.com\/prolife_europe\/\",\"https:\/\/www.youtube.com\/channel\/UC7olgmdiSVEHZUiP554XozA\"]}]}<\/script>\n<!-- \/ Yoast SEO plugin. -->","yoast_head_json":{"title":"Porque \u00e9 que as mulheres escolhem fazer abortos? - ProLife Europe","description":"De acordo com um centro de aconselhamento de gravidez alem\u00e3o, estas s\u00e3o as principais raz\u00f5es pelas quais as mulheres consideram o aborto: ...","robots":{"index":"index","follow":"follow","max-snippet":"max-snippet:-1","max-image-preview":"max-image-preview:large","max-video-preview":"max-video-preview:-1"},"canonical":"https:\/\/prolifeeurope.org\/pt-pt\/informa-te\/por-que-as-mulheres-escolhem-fazer-abortos\/","og_locale":"pt_PT","og_type":"article","og_title":"Porque \u00e9 que as mulheres escolhem fazer abortos? - ProLife Europe","og_description":"De acordo com um centro de aconselhamento de gravidez alem\u00e3o, estas s\u00e3o as principais raz\u00f5es pelas quais as mulheres consideram o aborto: ...","og_url":"https:\/\/prolifeeurope.org\/pt-pt\/informa-te\/por-que-as-mulheres-escolhem-fazer-abortos\/","og_site_name":"ProLife Europe","article_publisher":"https:\/\/www.facebook.com\/ProLifeEurope\/","article_modified_time":"2025-03-26T15:49:00+00:00","twitter_card":"summary_large_image","schema":{"@context":"https:\/\/schema.org","@graph":[{"@type":"WebPage","@id":"https:\/\/prolifeeurope.org\/pt-pt\/informa-te\/por-que-as-mulheres-escolhem-fazer-abortos\/","url":"https:\/\/prolifeeurope.org\/pt-pt\/informa-te\/por-que-as-mulheres-escolhem-fazer-abortos\/","name":"Porque \u00e9 que as mulheres escolhem fazer abortos? - ProLife Europe","isPartOf":{"@id":"https:\/\/prolifeeurope.org\/pt-pt\/#website"},"datePublished":"2025-01-15T16:03:47+00:00","dateModified":"2025-03-26T15:49:00+00:00","description":"De acordo com um centro de aconselhamento de gravidez alem\u00e3o, estas s\u00e3o as principais raz\u00f5es pelas quais as mulheres consideram o aborto: ...","breadcrumb":{"@id":"https:\/\/prolifeeurope.org\/pt-pt\/informa-te\/por-que-as-mulheres-escolhem-fazer-abortos\/#breadcrumb"},"inLanguage":"pt-PT","potentialAction":[{"@type":"ReadAction","target":["https:\/\/prolifeeurope.org\/pt-pt\/informa-te\/por-que-as-mulheres-escolhem-fazer-abortos\/"]}]},{"@type":"BreadcrumbList","@id":"https:\/\/prolifeeurope.org\/pt-pt\/informa-te\/por-que-as-mulheres-escolhem-fazer-abortos\/#breadcrumb","itemListElement":[{"@type":"ListItem","position":1,"name":"Home","item":"https:\/\/prolifeeurope.org\/pt-pt\/"},{"@type":"ListItem","position":2,"name":"Informa-te","item":"https:\/\/prolifeeurope.org\/pt-pt\/informa-te\/"},{"@type":"ListItem","position":3,"name":"Porque \u00e9 que as mulheres escolhem fazer abortos?"}]},{"@type":"WebSite","@id":"https:\/\/prolifeeurope.org\/pt-pt\/#website","url":"https:\/\/prolifeeurope.org\/pt-pt\/","name":"ProLife Europe","description":"","publisher":{"@id":"https:\/\/prolifeeurope.org\/pt-pt\/#organization"},"potentialAction":[{"@type":"SearchAction","target":{"@type":"EntryPoint","urlTemplate":"https:\/\/prolifeeurope.org\/pt-pt\/?s={search_term_string}"},"query-input":{"@type":"PropertyValueSpecification","valueRequired":true,"valueName":"search_term_string"}}],"inLanguage":"pt-PT"},{"@type":"Organization","@id":"https:\/\/prolifeeurope.org\/pt-pt\/#organization","name":"ProLife Europe","url":"https:\/\/prolifeeurope.org\/pt-pt\/","logo":{"@type":"ImageObject","inLanguage":"pt-PT","@id":"https:\/\/prolifeeurope.org\/pt-pt\/#\/schema\/logo\/image\/","url":"https:\/\/prolifeeurope.org\/wp-content\/uploads\/2024\/11\/logo-3.svg","contentUrl":"https:\/\/prolifeeurope.org\/wp-content\/uploads\/2024\/11\/logo-3.svg","width":166,"height":170,"caption":"ProLife Europe"},"image":{"@id":"https:\/\/prolifeeurope.org\/pt-pt\/#\/schema\/logo\/image\/"},"sameAs":["https:\/\/www.facebook.com\/ProLifeEurope\/","https:\/\/www.instagram.com\/prolife_europe\/","https:\/\/www.youtube.com\/channel\/UC7olgmdiSVEHZUiP554XozA"]}]}},"_links":{"self":[{"href":"https:\/\/prolifeeurope.org\/pt-pt\/wp-json\/wp\/v2\/pages\/2629","targetHints":{"allow":["GET"]}}],"collection":[{"href":"https:\/\/prolifeeurope.org\/pt-pt\/wp-json\/wp\/v2\/pages"}],"about":[{"href":"https:\/\/prolifeeurope.org\/pt-pt\/wp-json\/wp\/v2\/types\/page"}],"author":[{"embeddable":true,"href":"https:\/\/prolifeeurope.org\/pt-pt\/wp-json\/wp\/v2\/users\/14"}],"replies":[{"embeddable":true,"href":"https:\/\/prolifeeurope.org\/pt-pt\/wp-json\/wp\/v2\/comments?post=2629"}],"version-history":[{"count":3,"href":"https:\/\/prolifeeurope.org\/pt-pt\/wp-json\/wp\/v2\/pages\/2629\/revisions"}],"predecessor-version":[{"id":3430,"href":"https:\/\/prolifeeurope.org\/pt-pt\/wp-json\/wp\/v2\/pages\/2629\/revisions\/3430"}],"up":[{"embeddable":true,"href":"https:\/\/prolifeeurope.org\/pt-pt\/wp-json\/wp\/v2\/pages\/2808"}],"wp:attachment":[{"href":"https:\/\/prolifeeurope.org\/pt-pt\/wp-json\/wp\/v2\/media?parent=2629"}],"wp:term":[{"taxonomy":"topic","embeddable":true,"href":"https:\/\/prolifeeurope.org\/pt-pt\/wp-json\/wp\/v2\/topic?post=2629"}],"curies":[{"name":"wp","href":"https:\/\/api.w.org\/{rel}","templated":true}]}}