{"id":2627,"date":"2025-01-30T23:17:55","date_gmt":"2025-01-30T22:17:55","guid":{"rendered":"https:\/\/ws-staging.prolifeeurope.org\/aviso-legal\/"},"modified":"2025-07-15T14:15:40","modified_gmt":"2025-07-15T12:15:40","slug":"aviso-legal","status":"publish","type":"page","link":"https:\/\/prolifeeurope.org\/pt-pt\/aviso-legal\/","title":{"rendered":"Aviso Legal"},"content":{"rendered":"\n<div class=\"wp-block-cover is-light no-border-radius\"><img loading=\"lazy\" decoding=\"async\" width=\"2560\" height=\"1937\" class=\"wp-block-cover__image-background wp-image-1843\" alt=\"\" src=\"https:\/\/prolifeeurope.org\/wp-content\/uploads\/2025\/01\/Pro_Life-CI-Background7-scaled-1.jpg\" data-object-fit=\"cover\" srcset=\"https:\/\/prolifeeurope.org\/wp-content\/uploads\/2025\/01\/Pro_Life-CI-Background7-scaled-1.jpg 2560w, https:\/\/prolifeeurope.org\/wp-content\/uploads\/2025\/01\/Pro_Life-CI-Background7-scaled-1-300x227.jpg 300w, https:\/\/prolifeeurope.org\/wp-content\/uploads\/2025\/01\/Pro_Life-CI-Background7-scaled-1-1024x775.jpg 1024w, https:\/\/prolifeeurope.org\/wp-content\/uploads\/2025\/01\/Pro_Life-CI-Background7-scaled-1-768x581.jpg 768w, https:\/\/prolifeeurope.org\/wp-content\/uploads\/2025\/01\/Pro_Life-CI-Background7-scaled-1-1536x1162.jpg 1536w, https:\/\/prolifeeurope.org\/wp-content\/uploads\/2025\/01\/Pro_Life-CI-Background7-scaled-1-2048x1550.jpg 2048w\" sizes=\"auto, (max-width: 2560px) 100vw, 2560px\" \/><span aria-hidden=\"true\" class=\"wp-block-cover__background has-background-dim\" style=\"background-color:#e8642e\"><\/span><div class=\"wp-block-cover__inner-container is-layout-constrained wp-block-cover-is-layout-constrained\">\n<h1 class=\"wp-block-heading has-text-align-center has-large-font-size\">Aviso Legal<\/h1>\n<\/div><\/div>\n\r\n<section  class=\"prose prose-neutral prose-a:text-primary\">\r\n    <div class=\"main ~py-10\/20 text-lg text-body\/[75%] [&#038;_:is(strong,em)]:text-inherit [&#038;_:is(h2,h3,h4,h5,h6)]:text-orange [&#038;_a]:text-orange\">\r\n        <p><strong>Informa\u00e7\u00e3o de acordo com \u00a7 5 TMG<\/strong><\/p>\n<p><strong>ProLife Europe e.V.<\/strong><br \/>\nMemminger Str. 30<br \/>\nD \u2013 89264 Wei\u00dfenhorn <\/p>\n<p><strong>Registo de associa\u00e7\u00f5es:<\/strong><br \/>\n201042<\/p>\n<p><strong>Tribunal de registo:<\/strong><br \/>\nAmtsgericht Memmingen<\/p>\n<p><strong>Representado por:<\/strong><br \/>\nPresidente: Maria Czernin<br \/>\nMembros da direc\u00e7\u00e3o: Miriam Becker, Manuela Steiner, Benedikt Oyen, Benjamin Famula<\/p>\n<p><strong>Contacto<\/strong><br \/>\nTelefone: +49 1 5171890846<br \/>\ne-mail: info@prolifeeurope.org<\/p>\n<p><strong>C\u00f3digo de Imposto sobre o Valor Acrescentado (IVA)<\/strong><br \/>\nN\u00famero de identifica\u00e7\u00e3o fiscal de IVA, nos termos do \u00a7 27 da Lei do Imposto sobre o Valor Acrescentado (IVA):<br \/>\nDE327304813<\/p>\n<p><strong>Respons\u00e1vel pelo conte\u00fado nos termos de \u00a7 55 Abs. 2 RStV <\/strong><br \/>\nProLife Europe e.V.<br \/>\nMemminger Str. 30<br \/>\nD \u2013 89264 Wei\u00dfenhorn <\/p>\n<p><strong>Resolu\u00e7\u00e3o de Lit\u00edgios de Consumo \/ Entidade Arbitral Universal<\/strong><br \/>\nN\u00e3o estamos dispostos nem obrigados a participar em procedimentos de resolu\u00e7\u00e3o de lit\u00edgios perante uma entidade arbitral de consumidores.<\/p>\n<p><strong>Responsabilidade pelos conte\u00fados<\/strong><br \/>\nComo prestadores de servi\u00e7os, somos respons\u00e1veis pelos nossos pr\u00f3prios conte\u00fados nestas p\u00e1ginas, de acordo com o \u00a7 7, par\u00e1grafo 1 da TMG (Lei Alem\u00e3 dos Meios Telem\u00e1ticos) e as leis gerais. De acordo com os \u00a7\u00a7 8 a 10 da TMG, n\u00e3o estamos obrigados a monitorizar informa\u00e7\u00f5es externas transmitidas ou armazenadas, nem a investigar circunst\u00e2ncias que indiquem atividade ilegal.  <\/p>\n<p>As obriga\u00e7\u00f5es de remover ou bloquear o uso de informa\u00e7\u00f5es de acordo com as leis gerais permanecem inalteradas. No entanto, a responsabilidade neste sentido s\u00f3 \u00e9 poss\u00edvel a partir do momento em que tivermos conhecimento de uma infra\u00e7\u00e3o concreta. Se tomarmos conhecimento de quaisquer infra\u00e7\u00f5es, removeremos imediatamente esse conte\u00fado.  <\/p>\n<p><strong>Responsabilidade pelos links<\/strong><br \/>\nA nossa oferta cont\u00e9m links para websites externos de terceiros, sobre o conte\u00fado dos quais n\u00e3o temos qualquer influ\u00eancia. Portanto, n\u00e3o podemos assumir responsabilidade por esses conte\u00fados externos. O respetivo fornecedor ou operador dos sites \u00e9 sempre respons\u00e1vel pelos conte\u00fados das p\u00e1ginas vinculadas. As p\u00e1ginas vinculadas foram verificadas quanto a poss\u00edveis viola\u00e7\u00f5es legais no momento da vincula\u00e7\u00e3o. Conte\u00fados ilegais n\u00e3o eram identific\u00e1veis na altura da vincula\u00e7\u00e3o.    <\/p>\n<p>No entanto, o controlo permanente dos conte\u00fados das p\u00e1ginas vinculadas n\u00e3o \u00e9 razo\u00e1vel sem provas concretas de uma viola\u00e7\u00e3o da lei. Se tomarmos conhecimento de quaisquer infra\u00e7\u00f5es, removeremos esses links imediatamente. <\/p>\n<p><strong>Direitos de autor<br \/>\n<\/strong>Os conte\u00fados e obras nestas p\u00e1ginas criados pelos operadores do site est\u00e3o sujeitos \u00e0 legisla\u00e7\u00e3o alem\u00e3 de direitos de autor. A reprodu\u00e7\u00e3o, edi\u00e7\u00e3o, distribui\u00e7\u00e3o e qualquer tipo de utiliza\u00e7\u00e3o fora dos limites da legisla\u00e7\u00e3o de direitos de autor requerem o consentimento por escrito do respetivo autor ou criador. O download e a c\u00f3pia destas p\u00e1ginas s\u00e3o permitidos apenas para uso privado e n\u00e3o comercial.  <\/p>\n<p>Na medida em que o conte\u00fado deste site n\u00e3o tenha sido criado pelo operador, os direitos de autor de terceiros s\u00e3o respeitados. Em particular, o conte\u00fado de terceiros \u00e9 devidamente assinalado como tal. Caso tenha conhecimento de uma viola\u00e7\u00e3o de direitos de autor, por favor, informe-nos. Se tomarmos conhecimento de quaisquer infra\u00e7\u00f5es, removeremos imediatamente esse conte\u00fado.   <\/p>\n    <\/div>\r\n<\/section>","protected":false},"excerpt":{"rendered":"","protected":false},"author":14,"featured_media":0,"parent":0,"menu_order":0,"comment_status":"closed","ping_status":"closed","template":"","meta":{"_acf_changed":false,"_monsterinsights_skip_tracking":false,"_monsterinsights_sitenote_active":false,"_monsterinsights_sitenote_note":"","_monsterinsights_sitenote_category":0,"footnotes":""},"topic":[],"class_list":["post-2627","page","type-page","status-publish","hentry"],"acf":[],"yoast_head":"<!-- This site is optimized with the Yoast SEO plugin v27.2 - https:\/\/yoast.com\/product\/yoast-seo-wordpress\/ -->\n<title>Aviso Legal - ProLife Europe<\/title>\n<meta name=\"description\" content=\"Aviso legal sobre a ProLife Europe e.V. Existimos para expor a verdade sobre o aborto e ajudar os estudantes a defender e criar uma cultura de vida em toda a Europa.\" \/>\n<meta name=\"robots\" content=\"index, follow, max-snippet:-1, max-image-preview:large, max-video-preview:-1\" \/>\n<link rel=\"canonical\" href=\"https:\/\/prolifeeurope.org\/pt-pt\/aviso-legal\/\" \/>\n<meta property=\"og:locale\" content=\"pt_PT\" \/>\n<meta property=\"og:type\" content=\"article\" \/>\n<meta property=\"og:title\" content=\"Aviso Legal - ProLife Europe\" \/>\n<meta property=\"og:description\" content=\"Aviso legal sobre a ProLife Europe e.V. Existimos para expor a verdade sobre o aborto e ajudar os estudantes a defender e criar uma cultura de vida em toda a Europa.\" \/>\n<meta property=\"og:url\" content=\"https:\/\/prolifeeurope.org\/pt-pt\/aviso-legal\/\" \/>\n<meta property=\"og:site_name\" content=\"ProLife Europe\" \/>\n<meta property=\"article:publisher\" content=\"https:\/\/www.facebook.com\/ProLifeEurope\/\" \/>\n<meta property=\"article:modified_time\" content=\"2025-07-15T12:15:40+00:00\" \/>\n<meta property=\"og:image\" content=\"https:\/\/prolifeeurope.org\/wp-content\/uploads\/2025\/01\/Pro_Life-CI-Background7-scaled-1.jpg\" \/>\n\t<meta property=\"og:image:width\" content=\"2560\" \/>\n\t<meta property=\"og:image:height\" content=\"1937\" \/>\n\t<meta property=\"og:image:type\" content=\"image\/jpeg\" \/>\n<meta name=\"twitter:card\" content=\"summary_large_image\" \/>\n<script type=\"application\/ld+json\" class=\"yoast-schema-graph\">{\"@context\":\"https:\/\/schema.org\",\"@graph\":[{\"@type\":\"WebPage\",\"@id\":\"https:\/\/prolifeeurope.org\/pt-pt\/aviso-legal\/\",\"url\":\"https:\/\/prolifeeurope.org\/pt-pt\/aviso-legal\/\",\"name\":\"Aviso Legal - ProLife Europe\",\"isPartOf\":{\"@id\":\"https:\/\/prolifeeurope.org\/pt-pt\/#website\"},\"primaryImageOfPage\":{\"@id\":\"https:\/\/prolifeeurope.org\/pt-pt\/aviso-legal\/#primaryimage\"},\"image\":{\"@id\":\"https:\/\/prolifeeurope.org\/pt-pt\/aviso-legal\/#primaryimage\"},\"thumbnailUrl\":\"https:\/\/prolifeeurope.org\/wp-content\/uploads\/2025\/01\/Pro_Life-CI-Background7-scaled-1.jpg\",\"datePublished\":\"2025-01-30T22:17:55+00:00\",\"dateModified\":\"2025-07-15T12:15:40+00:00\",\"description\":\"Aviso legal sobre a ProLife Europe e.V. Existimos para expor a verdade sobre o aborto e ajudar os estudantes a defender e criar uma cultura de vida em toda a Europa.\",\"breadcrumb\":{\"@id\":\"https:\/\/prolifeeurope.org\/pt-pt\/aviso-legal\/#breadcrumb\"},\"inLanguage\":\"pt-PT\",\"potentialAction\":[{\"@type\":\"ReadAction\",\"target\":[\"https:\/\/prolifeeurope.org\/pt-pt\/aviso-legal\/\"]}]},{\"@type\":\"ImageObject\",\"inLanguage\":\"pt-PT\",\"@id\":\"https:\/\/prolifeeurope.org\/pt-pt\/aviso-legal\/#primaryimage\",\"url\":\"https:\/\/prolifeeurope.org\/wp-content\/uploads\/2025\/01\/Pro_Life-CI-Background7-scaled-1.jpg\",\"contentUrl\":\"https:\/\/prolifeeurope.org\/wp-content\/uploads\/2025\/01\/Pro_Life-CI-Background7-scaled-1.jpg\"},{\"@type\":\"BreadcrumbList\",\"@id\":\"https:\/\/prolifeeurope.org\/pt-pt\/aviso-legal\/#breadcrumb\",\"itemListElement\":[{\"@type\":\"ListItem\",\"position\":1,\"name\":\"Home\",\"item\":\"https:\/\/prolifeeurope.org\/pt-pt\/\"},{\"@type\":\"ListItem\",\"position\":2,\"name\":\"Aviso Legal\"}]},{\"@type\":\"WebSite\",\"@id\":\"https:\/\/prolifeeurope.org\/pt-pt\/#website\",\"url\":\"https:\/\/prolifeeurope.org\/pt-pt\/\",\"name\":\"ProLife Europe\",\"description\":\"\",\"publisher\":{\"@id\":\"https:\/\/prolifeeurope.org\/pt-pt\/#organization\"},\"potentialAction\":[{\"@type\":\"SearchAction\",\"target\":{\"@type\":\"EntryPoint\",\"urlTemplate\":\"https:\/\/prolifeeurope.org\/pt-pt\/?s={search_term_string}\"},\"query-input\":{\"@type\":\"PropertyValueSpecification\",\"valueRequired\":true,\"valueName\":\"search_term_string\"}}],\"inLanguage\":\"pt-PT\"},{\"@type\":\"Organization\",\"@id\":\"https:\/\/prolifeeurope.org\/pt-pt\/#organization\",\"name\":\"ProLife Europe\",\"url\":\"https:\/\/prolifeeurope.org\/pt-pt\/\",\"logo\":{\"@type\":\"ImageObject\",\"inLanguage\":\"pt-PT\",\"@id\":\"https:\/\/prolifeeurope.org\/pt-pt\/#\/schema\/logo\/image\/\",\"url\":\"https:\/\/prolifeeurope.org\/wp-content\/uploads\/2024\/11\/logo-3.svg\",\"contentUrl\":\"https:\/\/prolifeeurope.org\/wp-content\/uploads\/2024\/11\/logo-3.svg\",\"width\":166,\"height\":170,\"caption\":\"ProLife Europe\"},\"image\":{\"@id\":\"https:\/\/prolifeeurope.org\/pt-pt\/#\/schema\/logo\/image\/\"},\"sameAs\":[\"https:\/\/www.facebook.com\/ProLifeEurope\/\",\"https:\/\/www.instagram.com\/prolife_europe\/\",\"https:\/\/www.youtube.com\/channel\/UC7olgmdiSVEHZUiP554XozA\"]}]}<\/script>\n<!-- \/ Yoast SEO plugin. -->","yoast_head_json":{"title":"Aviso Legal - ProLife Europe","description":"Aviso legal sobre a ProLife Europe e.V. Existimos para expor a verdade sobre o aborto e ajudar os estudantes a defender e criar uma cultura de vida em toda a Europa.","robots":{"index":"index","follow":"follow","max-snippet":"max-snippet:-1","max-image-preview":"max-image-preview:large","max-video-preview":"max-video-preview:-1"},"canonical":"https:\/\/prolifeeurope.org\/pt-pt\/aviso-legal\/","og_locale":"pt_PT","og_type":"article","og_title":"Aviso Legal - ProLife Europe","og_description":"Aviso legal sobre a ProLife Europe e.V. Existimos para expor a verdade sobre o aborto e ajudar os estudantes a defender e criar uma cultura de vida em toda a Europa.","og_url":"https:\/\/prolifeeurope.org\/pt-pt\/aviso-legal\/","og_site_name":"ProLife Europe","article_publisher":"https:\/\/www.facebook.com\/ProLifeEurope\/","article_modified_time":"2025-07-15T12:15:40+00:00","og_image":[{"width":2560,"height":1937,"url":"https:\/\/prolifeeurope.org\/wp-content\/uploads\/2025\/01\/Pro_Life-CI-Background7-scaled-1.jpg","type":"image\/jpeg"}],"twitter_card":"summary_large_image","schema":{"@context":"https:\/\/schema.org","@graph":[{"@type":"WebPage","@id":"https:\/\/prolifeeurope.org\/pt-pt\/aviso-legal\/","url":"https:\/\/prolifeeurope.org\/pt-pt\/aviso-legal\/","name":"Aviso Legal - ProLife Europe","isPartOf":{"@id":"https:\/\/prolifeeurope.org\/pt-pt\/#website"},"primaryImageOfPage":{"@id":"https:\/\/prolifeeurope.org\/pt-pt\/aviso-legal\/#primaryimage"},"image":{"@id":"https:\/\/prolifeeurope.org\/pt-pt\/aviso-legal\/#primaryimage"},"thumbnailUrl":"https:\/\/prolifeeurope.org\/wp-content\/uploads\/2025\/01\/Pro_Life-CI-Background7-scaled-1.jpg","datePublished":"2025-01-30T22:17:55+00:00","dateModified":"2025-07-15T12:15:40+00:00","description":"Aviso legal sobre a ProLife Europe e.V. Existimos para expor a verdade sobre o aborto e ajudar os estudantes a defender e criar uma cultura de vida em toda a Europa.","breadcrumb":{"@id":"https:\/\/prolifeeurope.org\/pt-pt\/aviso-legal\/#breadcrumb"},"inLanguage":"pt-PT","potentialAction":[{"@type":"ReadAction","target":["https:\/\/prolifeeurope.org\/pt-pt\/aviso-legal\/"]}]},{"@type":"ImageObject","inLanguage":"pt-PT","@id":"https:\/\/prolifeeurope.org\/pt-pt\/aviso-legal\/#primaryimage","url":"https:\/\/prolifeeurope.org\/wp-content\/uploads\/2025\/01\/Pro_Life-CI-Background7-scaled-1.jpg","contentUrl":"https:\/\/prolifeeurope.org\/wp-content\/uploads\/2025\/01\/Pro_Life-CI-Background7-scaled-1.jpg"},{"@type":"BreadcrumbList","@id":"https:\/\/prolifeeurope.org\/pt-pt\/aviso-legal\/#breadcrumb","itemListElement":[{"@type":"ListItem","position":1,"name":"Home","item":"https:\/\/prolifeeurope.org\/pt-pt\/"},{"@type":"ListItem","position":2,"name":"Aviso Legal"}]},{"@type":"WebSite","@id":"https:\/\/prolifeeurope.org\/pt-pt\/#website","url":"https:\/\/prolifeeurope.org\/pt-pt\/","name":"ProLife Europe","description":"","publisher":{"@id":"https:\/\/prolifeeurope.org\/pt-pt\/#organization"},"potentialAction":[{"@type":"SearchAction","target":{"@type":"EntryPoint","urlTemplate":"https:\/\/prolifeeurope.org\/pt-pt\/?s={search_term_string}"},"query-input":{"@type":"PropertyValueSpecification","valueRequired":true,"valueName":"search_term_string"}}],"inLanguage":"pt-PT"},{"@type":"Organization","@id":"https:\/\/prolifeeurope.org\/pt-pt\/#organization","name":"ProLife Europe","url":"https:\/\/prolifeeurope.org\/pt-pt\/","logo":{"@type":"ImageObject","inLanguage":"pt-PT","@id":"https:\/\/prolifeeurope.org\/pt-pt\/#\/schema\/logo\/image\/","url":"https:\/\/prolifeeurope.org\/wp-content\/uploads\/2024\/11\/logo-3.svg","contentUrl":"https:\/\/prolifeeurope.org\/wp-content\/uploads\/2024\/11\/logo-3.svg","width":166,"height":170,"caption":"ProLife Europe"},"image":{"@id":"https:\/\/prolifeeurope.org\/pt-pt\/#\/schema\/logo\/image\/"},"sameAs":["https:\/\/www.facebook.com\/ProLifeEurope\/","https:\/\/www.instagram.com\/prolife_europe\/","https:\/\/www.youtube.com\/channel\/UC7olgmdiSVEHZUiP554XozA"]}]}},"_links":{"self":[{"href":"https:\/\/prolifeeurope.org\/pt-pt\/wp-json\/wp\/v2\/pages\/2627","targetHints":{"allow":["GET"]}}],"collection":[{"href":"https:\/\/prolifeeurope.org\/pt-pt\/wp-json\/wp\/v2\/pages"}],"about":[{"href":"https:\/\/prolifeeurope.org\/pt-pt\/wp-json\/wp\/v2\/types\/page"}],"author":[{"embeddable":true,"href":"https:\/\/prolifeeurope.org\/pt-pt\/wp-json\/wp\/v2\/users\/14"}],"replies":[{"embeddable":true,"href":"https:\/\/prolifeeurope.org\/pt-pt\/wp-json\/wp\/v2\/comments?post=2627"}],"version-history":[{"count":4,"href":"https:\/\/prolifeeurope.org\/pt-pt\/wp-json\/wp\/v2\/pages\/2627\/revisions"}],"predecessor-version":[{"id":4380,"href":"https:\/\/prolifeeurope.org\/pt-pt\/wp-json\/wp\/v2\/pages\/2627\/revisions\/4380"}],"wp:attachment":[{"href":"https:\/\/prolifeeurope.org\/pt-pt\/wp-json\/wp\/v2\/media?parent=2627"}],"wp:term":[{"taxonomy":"topic","embeddable":true,"href":"https:\/\/prolifeeurope.org\/pt-pt\/wp-json\/wp\/v2\/topic?post=2627"}],"curies":[{"name":"wp","href":"https:\/\/api.w.org\/{rel}","templated":true}]}}