{"id":2623,"date":"2025-01-21T23:15:41","date_gmt":"2025-01-21T22:15:41","guid":{"rendered":"https:\/\/ws-staging.prolifeeurope.org\/fiv-e-a-perspetiva-pro-vida\/"},"modified":"2025-03-26T19:33:37","modified_gmt":"2025-03-26T18:33:37","slug":"fiv-e-a-perspetiva-pro-vida","status":"publish","type":"page","link":"https:\/\/prolifeeurope.org\/pt-pt\/informa-te\/fiv-e-a-perspetiva-pro-vida\/","title":{"rendered":"FIV e a perspetiva pr\u00f3-vida"},"content":{"rendered":"\n<p>O desejo pessoal profundamente enraizado de se tornar pai ou m\u00e3e \u2013 de ter um filho da sua pr\u00f3pria carne e sangue \u2013 \u00e9 perfeitamente compreens\u00edvel. Mas, se analisarmos esta quest\u00e3o mais de perto, n\u00e3o podemos apoiar a FIV de uma perspetiva pr\u00f3-vida. Porqu\u00ea?   <\/p>\n\n<p>Porque a FIV trata os seres humanos como produtos que podem ser criados em circunst\u00e2ncias artificiais, armazenados e descartados. A efic\u00e1cia e a rentabilidade s\u00e3o as principais preocupa\u00e7\u00f5es dos prestadores deste servi\u00e7o. <\/p>\n\n<p>Quanto mais for restringido o n\u00famero de embri\u00f5es que podem ser criados por ciclo, enquanto estiverem em vigor requisitos para os implantar todos, mais se pode reduzir o n\u00famero de vidas perdidas devido \u00e0 FIV. Diferentes pa\u00edses t\u00eam regulamenta\u00e7\u00f5es diferentes, mas mesmo no cen\u00e1rio mais seguro para mulheres e crian\u00e7as, onde apenas um embri\u00e3o seria criado e implantado, o processo em si continuaria a tratar a crian\u00e7a como um produto, em vez de um ser humano individual. <\/p>\n\n<p>Olhando para isto apenas atrav\u00e9s da lente da biologia, alguns considerariam este cen\u00e1rio ideal como sendo pr\u00f3-vida. Mas, para ser verdadeiramente considerado pr\u00f3-vida, teria de estar em conformidade com todos os aspectos da dignidade humana. Na verdade, n\u00e3o existe o direito de ter um filho, por isso, produzi-lo num laborat\u00f3rio nunca pode coincidir com esses aspetos.  <\/p>\n\n<p><\/p>\n","protected":false},"excerpt":{"rendered":"<p>O desejo pessoal profundamente enraizado de se tornar pai ou m\u00e3e \u2013 de ter um filho da sua pr\u00f3pria carne e sangue \u2013 \u00e9 perfeitamente compreens\u00edvel. Mas, se analisarmos esta<a href=\"https:\/\/prolifeeurope.org\/pt-pt\/informa-te\/fiv-e-a-perspetiva-pro-vida\/\">Continue reading <span class=\"sr-only\">&#8220;FIV e a perspetiva pr\u00f3-vida&#8221;<\/span><\/a><\/p>\n","protected":false},"author":14,"featured_media":0,"parent":2808,"menu_order":0,"comment_status":"closed","ping_status":"closed","template":"page-topic.php","meta":{"_acf_changed":false,"_monsterinsights_skip_tracking":false,"_monsterinsights_sitenote_active":false,"_monsterinsights_sitenote_note":"","_monsterinsights_sitenote_category":0,"footnotes":""},"topic":[],"class_list":["post-2623","page","type-page","status-publish","hentry"],"acf":[],"yoast_head":"<!-- This site is optimized with the Yoast SEO plugin v27.2 - https:\/\/yoast.com\/product\/yoast-seo-wordpress\/ -->\n<title>FIV e a perspetiva pr\u00f3-vida - ProLife Europe<\/title>\n<meta name=\"description\" content=\"O desejo profundamente enraizado de se tornar pai ou m\u00e3e \u00e9 f\u00e1cil de compreender. Quais s\u00e3o as raz\u00f5es contra a FIV (fertiliza\u00e7\u00e3o in vitro)?\" \/>\n<meta name=\"robots\" content=\"index, follow, max-snippet:-1, max-image-preview:large, max-video-preview:-1\" \/>\n<link rel=\"canonical\" href=\"https:\/\/prolifeeurope.org\/pt-pt\/informa-te\/fiv-e-a-perspetiva-pro-vida\/\" \/>\n<meta property=\"og:locale\" content=\"pt_PT\" \/>\n<meta property=\"og:type\" content=\"article\" \/>\n<meta property=\"og:title\" content=\"FIV e a perspetiva pr\u00f3-vida - ProLife Europe\" \/>\n<meta property=\"og:description\" content=\"O desejo profundamente enraizado de se tornar pai ou m\u00e3e \u00e9 f\u00e1cil de compreender. Quais s\u00e3o as raz\u00f5es contra a FIV (fertiliza\u00e7\u00e3o in vitro)?\" \/>\n<meta property=\"og:url\" content=\"https:\/\/prolifeeurope.org\/pt-pt\/informa-te\/fiv-e-a-perspetiva-pro-vida\/\" \/>\n<meta property=\"og:site_name\" content=\"ProLife Europe\" \/>\n<meta property=\"article:publisher\" content=\"https:\/\/www.facebook.com\/ProLifeEurope\/\" \/>\n<meta property=\"article:modified_time\" content=\"2025-03-26T18:33:37+00:00\" \/>\n<meta name=\"twitter:card\" content=\"summary_large_image\" \/>\n<script type=\"application\/ld+json\" class=\"yoast-schema-graph\">{\"@context\":\"https:\/\/schema.org\",\"@graph\":[{\"@type\":\"WebPage\",\"@id\":\"https:\/\/prolifeeurope.org\/pt-pt\/informa-te\/fiv-e-a-perspetiva-pro-vida\/\",\"url\":\"https:\/\/prolifeeurope.org\/pt-pt\/informa-te\/fiv-e-a-perspetiva-pro-vida\/\",\"name\":\"FIV e a perspetiva pr\u00f3-vida - ProLife Europe\",\"isPartOf\":{\"@id\":\"https:\/\/prolifeeurope.org\/pt-pt\/#website\"},\"datePublished\":\"2025-01-21T22:15:41+00:00\",\"dateModified\":\"2025-03-26T18:33:37+00:00\",\"description\":\"O desejo profundamente enraizado de se tornar pai ou m\u00e3e \u00e9 f\u00e1cil de compreender. Quais s\u00e3o as raz\u00f5es contra a FIV (fertiliza\u00e7\u00e3o in vitro)?\",\"breadcrumb\":{\"@id\":\"https:\/\/prolifeeurope.org\/pt-pt\/informa-te\/fiv-e-a-perspetiva-pro-vida\/#breadcrumb\"},\"inLanguage\":\"pt-PT\",\"potentialAction\":[{\"@type\":\"ReadAction\",\"target\":[\"https:\/\/prolifeeurope.org\/pt-pt\/informa-te\/fiv-e-a-perspetiva-pro-vida\/\"]}]},{\"@type\":\"BreadcrumbList\",\"@id\":\"https:\/\/prolifeeurope.org\/pt-pt\/informa-te\/fiv-e-a-perspetiva-pro-vida\/#breadcrumb\",\"itemListElement\":[{\"@type\":\"ListItem\",\"position\":1,\"name\":\"Home\",\"item\":\"https:\/\/prolifeeurope.org\/pt-pt\/\"},{\"@type\":\"ListItem\",\"position\":2,\"name\":\"Informa-te\",\"item\":\"https:\/\/prolifeeurope.org\/pt-pt\/informa-te\/\"},{\"@type\":\"ListItem\",\"position\":3,\"name\":\"FIV e a perspetiva pr\u00f3-vida\"}]},{\"@type\":\"WebSite\",\"@id\":\"https:\/\/prolifeeurope.org\/pt-pt\/#website\",\"url\":\"https:\/\/prolifeeurope.org\/pt-pt\/\",\"name\":\"ProLife Europe\",\"description\":\"\",\"publisher\":{\"@id\":\"https:\/\/prolifeeurope.org\/pt-pt\/#organization\"},\"potentialAction\":[{\"@type\":\"SearchAction\",\"target\":{\"@type\":\"EntryPoint\",\"urlTemplate\":\"https:\/\/prolifeeurope.org\/pt-pt\/?s={search_term_string}\"},\"query-input\":{\"@type\":\"PropertyValueSpecification\",\"valueRequired\":true,\"valueName\":\"search_term_string\"}}],\"inLanguage\":\"pt-PT\"},{\"@type\":\"Organization\",\"@id\":\"https:\/\/prolifeeurope.org\/pt-pt\/#organization\",\"name\":\"ProLife Europe\",\"url\":\"https:\/\/prolifeeurope.org\/pt-pt\/\",\"logo\":{\"@type\":\"ImageObject\",\"inLanguage\":\"pt-PT\",\"@id\":\"https:\/\/prolifeeurope.org\/pt-pt\/#\/schema\/logo\/image\/\",\"url\":\"https:\/\/prolifeeurope.org\/wp-content\/uploads\/2024\/11\/logo-3.svg\",\"contentUrl\":\"https:\/\/prolifeeurope.org\/wp-content\/uploads\/2024\/11\/logo-3.svg\",\"width\":166,\"height\":170,\"caption\":\"ProLife Europe\"},\"image\":{\"@id\":\"https:\/\/prolifeeurope.org\/pt-pt\/#\/schema\/logo\/image\/\"},\"sameAs\":[\"https:\/\/www.facebook.com\/ProLifeEurope\/\",\"https:\/\/www.instagram.com\/prolife_europe\/\",\"https:\/\/www.youtube.com\/channel\/UC7olgmdiSVEHZUiP554XozA\"]}]}<\/script>\n<!-- \/ Yoast SEO plugin. -->","yoast_head_json":{"title":"FIV e a perspetiva pr\u00f3-vida - ProLife Europe","description":"O desejo profundamente enraizado de se tornar pai ou m\u00e3e \u00e9 f\u00e1cil de compreender. Quais s\u00e3o as raz\u00f5es contra a FIV (fertiliza\u00e7\u00e3o in vitro)?","robots":{"index":"index","follow":"follow","max-snippet":"max-snippet:-1","max-image-preview":"max-image-preview:large","max-video-preview":"max-video-preview:-1"},"canonical":"https:\/\/prolifeeurope.org\/pt-pt\/informa-te\/fiv-e-a-perspetiva-pro-vida\/","og_locale":"pt_PT","og_type":"article","og_title":"FIV e a perspetiva pr\u00f3-vida - ProLife Europe","og_description":"O desejo profundamente enraizado de se tornar pai ou m\u00e3e \u00e9 f\u00e1cil de compreender. Quais s\u00e3o as raz\u00f5es contra a FIV (fertiliza\u00e7\u00e3o in vitro)?","og_url":"https:\/\/prolifeeurope.org\/pt-pt\/informa-te\/fiv-e-a-perspetiva-pro-vida\/","og_site_name":"ProLife Europe","article_publisher":"https:\/\/www.facebook.com\/ProLifeEurope\/","article_modified_time":"2025-03-26T18:33:37+00:00","twitter_card":"summary_large_image","schema":{"@context":"https:\/\/schema.org","@graph":[{"@type":"WebPage","@id":"https:\/\/prolifeeurope.org\/pt-pt\/informa-te\/fiv-e-a-perspetiva-pro-vida\/","url":"https:\/\/prolifeeurope.org\/pt-pt\/informa-te\/fiv-e-a-perspetiva-pro-vida\/","name":"FIV e a perspetiva pr\u00f3-vida - ProLife Europe","isPartOf":{"@id":"https:\/\/prolifeeurope.org\/pt-pt\/#website"},"datePublished":"2025-01-21T22:15:41+00:00","dateModified":"2025-03-26T18:33:37+00:00","description":"O desejo profundamente enraizado de se tornar pai ou m\u00e3e \u00e9 f\u00e1cil de compreender. Quais s\u00e3o as raz\u00f5es contra a FIV (fertiliza\u00e7\u00e3o in vitro)?","breadcrumb":{"@id":"https:\/\/prolifeeurope.org\/pt-pt\/informa-te\/fiv-e-a-perspetiva-pro-vida\/#breadcrumb"},"inLanguage":"pt-PT","potentialAction":[{"@type":"ReadAction","target":["https:\/\/prolifeeurope.org\/pt-pt\/informa-te\/fiv-e-a-perspetiva-pro-vida\/"]}]},{"@type":"BreadcrumbList","@id":"https:\/\/prolifeeurope.org\/pt-pt\/informa-te\/fiv-e-a-perspetiva-pro-vida\/#breadcrumb","itemListElement":[{"@type":"ListItem","position":1,"name":"Home","item":"https:\/\/prolifeeurope.org\/pt-pt\/"},{"@type":"ListItem","position":2,"name":"Informa-te","item":"https:\/\/prolifeeurope.org\/pt-pt\/informa-te\/"},{"@type":"ListItem","position":3,"name":"FIV e a perspetiva pr\u00f3-vida"}]},{"@type":"WebSite","@id":"https:\/\/prolifeeurope.org\/pt-pt\/#website","url":"https:\/\/prolifeeurope.org\/pt-pt\/","name":"ProLife Europe","description":"","publisher":{"@id":"https:\/\/prolifeeurope.org\/pt-pt\/#organization"},"potentialAction":[{"@type":"SearchAction","target":{"@type":"EntryPoint","urlTemplate":"https:\/\/prolifeeurope.org\/pt-pt\/?s={search_term_string}"},"query-input":{"@type":"PropertyValueSpecification","valueRequired":true,"valueName":"search_term_string"}}],"inLanguage":"pt-PT"},{"@type":"Organization","@id":"https:\/\/prolifeeurope.org\/pt-pt\/#organization","name":"ProLife Europe","url":"https:\/\/prolifeeurope.org\/pt-pt\/","logo":{"@type":"ImageObject","inLanguage":"pt-PT","@id":"https:\/\/prolifeeurope.org\/pt-pt\/#\/schema\/logo\/image\/","url":"https:\/\/prolifeeurope.org\/wp-content\/uploads\/2024\/11\/logo-3.svg","contentUrl":"https:\/\/prolifeeurope.org\/wp-content\/uploads\/2024\/11\/logo-3.svg","width":166,"height":170,"caption":"ProLife Europe"},"image":{"@id":"https:\/\/prolifeeurope.org\/pt-pt\/#\/schema\/logo\/image\/"},"sameAs":["https:\/\/www.facebook.com\/ProLifeEurope\/","https:\/\/www.instagram.com\/prolife_europe\/","https:\/\/www.youtube.com\/channel\/UC7olgmdiSVEHZUiP554XozA"]}]}},"_links":{"self":[{"href":"https:\/\/prolifeeurope.org\/pt-pt\/wp-json\/wp\/v2\/pages\/2623","targetHints":{"allow":["GET"]}}],"collection":[{"href":"https:\/\/prolifeeurope.org\/pt-pt\/wp-json\/wp\/v2\/pages"}],"about":[{"href":"https:\/\/prolifeeurope.org\/pt-pt\/wp-json\/wp\/v2\/types\/page"}],"author":[{"embeddable":true,"href":"https:\/\/prolifeeurope.org\/pt-pt\/wp-json\/wp\/v2\/users\/14"}],"replies":[{"embeddable":true,"href":"https:\/\/prolifeeurope.org\/pt-pt\/wp-json\/wp\/v2\/comments?post=2623"}],"version-history":[{"count":2,"href":"https:\/\/prolifeeurope.org\/pt-pt\/wp-json\/wp\/v2\/pages\/2623\/revisions"}],"predecessor-version":[{"id":2939,"href":"https:\/\/prolifeeurope.org\/pt-pt\/wp-json\/wp\/v2\/pages\/2623\/revisions\/2939"}],"up":[{"embeddable":true,"href":"https:\/\/prolifeeurope.org\/pt-pt\/wp-json\/wp\/v2\/pages\/2808"}],"wp:attachment":[{"href":"https:\/\/prolifeeurope.org\/pt-pt\/wp-json\/wp\/v2\/media?parent=2623"}],"wp:term":[{"taxonomy":"topic","embeddable":true,"href":"https:\/\/prolifeeurope.org\/pt-pt\/wp-json\/wp\/v2\/topic?post=2623"}],"curies":[{"name":"wp","href":"https:\/\/api.w.org\/{rel}","templated":true}]}}