{"id":2621,"date":"2025-01-15T20:12:47","date_gmt":"2025-01-15T19:12:47","guid":{"rendered":"https:\/\/ws-staging.prolifeeurope.org\/as-raizes-pro-vida-do-feminismo\/"},"modified":"2025-03-26T18:03:31","modified_gmt":"2025-03-26T17:03:31","slug":"as-raizes-pro-vida-do-feminismo","status":"publish","type":"page","link":"https:\/\/prolifeeurope.org\/pt-pt\/informa-te\/as-raizes-pro-vida-do-feminismo\/","title":{"rendered":"As ra\u00edzes pr\u00f3-vida do feminismo"},"content":{"rendered":"\n<p>O movimento feminista inicial, originado no s\u00e9culo XIX, era em grande parte pr\u00f3-vida na sua postura em rela\u00e7\u00e3o ao aborto. Pioneiras como Susan B. Anthony e Elizabeth Cady Stanton, que lutaram pelo direito de voto das mulheres e pela igualdade, viam o aborto como uma viola\u00e7\u00e3o tanto dos direitos das mulheres como da santidade da vida. Elas acreditavam que o verdadeiro empoderamento das mulheres vinha atrav\u00e9s da reforma social que as tirava da opress\u00e3o, em vez de defender a interrup\u00e7\u00e3o das gravidezes. Nos seus escritos, condenavam a pr\u00e1tica do aborto, que viam como um produto do tratamento desigual das mulheres pela sociedade, muitas vezes for\u00e7adas a isso pelos homens ou pelas circunst\u00e2ncias econ\u00f3micas. As primeiras feministas argumentavam que, em vez de promover o aborto, a sociedade deveria abordar as quest\u00f5es subjacentes da pobreza, falta de educa\u00e7\u00e3o e a falta de prote\u00e7\u00f5es legais para as mulheres, que muitas vezes as levavam a procurar abortos.    <\/p>\n\n<p>As primeiras feministas acreditavam que tanto o filho n\u00e3o nascido como a m\u00e3e mereciam prote\u00e7\u00e3o e cuidados. Stanton, por exemplo, referia-se ao aborto como uma forma de &#8220;infantic\u00eddio&#8221;, considerando-o contr\u00e1rio aos ideais de igualdade e justi\u00e7a pelos quais estavam a lutar. A sua defesa n\u00e3o se limitava apenas a dar voz \u00e0s mulheres em quest\u00f5es pol\u00edticas e sociais, mas tamb\u00e9m a promover uma cultura de vida e responsabilidade. Para elas, os valores pr\u00f3-vida eram consistentes com os seus objetivos mais amplos de melhorar o bem-estar e a dignidade de todos os seres humanos, particularmente os mais vulner\u00e1veis, incluindo os filhos n\u00e3o nascidos. O seu legado reflete uma compreens\u00e3o mais complexa dos direitos das mulheres, em que o bem-estar tanto da m\u00e3e como da crian\u00e7a estava interligado. Para uma leitura mais aprofundada, podes explorar artigos de<em> Feminists for Life<\/em> e <em>SBA Pro-Life America<\/em> para mergulhar mais profundamente nas posturas pr\u00f3-vida das primeiras feministas.     <\/p>\n\n<ol class=\"wp-block-list\">\n<li>Feminists for Life &#8211; <a href=\"https:\/\/www.feministsforlife.org\/first-wave-feminists-susan-b-anthony\" target=\"_blank\" rel=\"noreferrer noopener\">First Wave Feminists<\/a><\/li>\n\n\n\n<li>SBA Pro-Life America &#8211; <a href=\"https:\/\/sbaprolife.org\/susan-b-anthony\" target=\"_blank\" rel=\"noreferrer noopener\">Susan B. Anthony: Pro-Life Feminist<\/a><\/li>\n\n\n\n<li>Feminists for Life &#8211; <a href=\"https:\/\/www.feministsforlife.org\/why-i-am-a-feminist-for-life\/\" target=\"_blank\" rel=\"noreferrer noopener\">Why I Am a Feminist for Life<\/a><\/li>\n<\/ol>\n","protected":false},"excerpt":{"rendered":"<p>O movimento feminista inicial, originado no s\u00e9culo XIX, era em grande parte pr\u00f3-vida na sua postura em rela\u00e7\u00e3o ao aborto. Pioneiras como Susan B. Anthony e Elizabeth Cady Stanton, que<a href=\"https:\/\/prolifeeurope.org\/pt-pt\/informa-te\/as-raizes-pro-vida-do-feminismo\/\">Continue reading <span class=\"sr-only\">&#8220;As ra\u00edzes pr\u00f3-vida do feminismo&#8221;<\/span><\/a><\/p>\n","protected":false},"author":14,"featured_media":0,"parent":2808,"menu_order":0,"comment_status":"closed","ping_status":"closed","template":"page-topic.php","meta":{"_acf_changed":false,"_monsterinsights_skip_tracking":false,"_monsterinsights_sitenote_active":false,"_monsterinsights_sitenote_note":"","_monsterinsights_sitenote_category":0,"footnotes":""},"topic":[],"class_list":["post-2621","page","type-page","status-publish","hentry"],"acf":[],"yoast_head":"<!-- This site is optimized with the Yoast SEO plugin v27.2 - https:\/\/yoast.com\/product\/yoast-seo-wordpress\/ -->\n<title>As ra\u00edzes pr\u00f3-vida do feminismo - ProLife Europe<\/title>\n<meta name=\"description\" content=\"O movimento feminista inicial, que surgiu no s\u00e9culo XIX, era em grande parte pr\u00f3-vida na sua posi\u00e7\u00e3o sobre o aborto.\" \/>\n<meta name=\"robots\" content=\"index, follow, max-snippet:-1, max-image-preview:large, max-video-preview:-1\" \/>\n<link rel=\"canonical\" href=\"https:\/\/prolifeeurope.org\/pt-pt\/informa-te\/as-raizes-pro-vida-do-feminismo\/\" \/>\n<meta property=\"og:locale\" content=\"pt_PT\" \/>\n<meta property=\"og:type\" content=\"article\" \/>\n<meta property=\"og:title\" content=\"As ra\u00edzes pr\u00f3-vida do feminismo - ProLife Europe\" \/>\n<meta property=\"og:description\" content=\"O movimento feminista inicial, que surgiu no s\u00e9culo XIX, era em grande parte pr\u00f3-vida na sua posi\u00e7\u00e3o sobre o aborto.\" \/>\n<meta property=\"og:url\" content=\"https:\/\/prolifeeurope.org\/pt-pt\/informa-te\/as-raizes-pro-vida-do-feminismo\/\" \/>\n<meta property=\"og:site_name\" content=\"ProLife Europe\" \/>\n<meta property=\"article:publisher\" content=\"https:\/\/www.facebook.com\/ProLifeEurope\/\" \/>\n<meta property=\"article:modified_time\" content=\"2025-03-26T17:03:31+00:00\" \/>\n<meta name=\"twitter:card\" content=\"summary_large_image\" \/>\n<meta name=\"twitter:label1\" content=\"Tempo estimado de leitura\" \/>\n\t<meta name=\"twitter:data1\" content=\"2 minutos\" \/>\n<script type=\"application\/ld+json\" class=\"yoast-schema-graph\">{\"@context\":\"https:\/\/schema.org\",\"@graph\":[{\"@type\":\"WebPage\",\"@id\":\"https:\/\/prolifeeurope.org\/pt-pt\/informa-te\/as-raizes-pro-vida-do-feminismo\/\",\"url\":\"https:\/\/prolifeeurope.org\/pt-pt\/informa-te\/as-raizes-pro-vida-do-feminismo\/\",\"name\":\"As ra\u00edzes pr\u00f3-vida do feminismo - ProLife Europe\",\"isPartOf\":{\"@id\":\"https:\/\/prolifeeurope.org\/pt-pt\/#website\"},\"datePublished\":\"2025-01-15T19:12:47+00:00\",\"dateModified\":\"2025-03-26T17:03:31+00:00\",\"description\":\"O movimento feminista inicial, que surgiu no s\u00e9culo XIX, era em grande parte pr\u00f3-vida na sua posi\u00e7\u00e3o sobre o aborto.\",\"breadcrumb\":{\"@id\":\"https:\/\/prolifeeurope.org\/pt-pt\/informa-te\/as-raizes-pro-vida-do-feminismo\/#breadcrumb\"},\"inLanguage\":\"pt-PT\",\"potentialAction\":[{\"@type\":\"ReadAction\",\"target\":[\"https:\/\/prolifeeurope.org\/pt-pt\/informa-te\/as-raizes-pro-vida-do-feminismo\/\"]}]},{\"@type\":\"BreadcrumbList\",\"@id\":\"https:\/\/prolifeeurope.org\/pt-pt\/informa-te\/as-raizes-pro-vida-do-feminismo\/#breadcrumb\",\"itemListElement\":[{\"@type\":\"ListItem\",\"position\":1,\"name\":\"Home\",\"item\":\"https:\/\/prolifeeurope.org\/pt-pt\/\"},{\"@type\":\"ListItem\",\"position\":2,\"name\":\"Informa-te\",\"item\":\"https:\/\/prolifeeurope.org\/pt-pt\/informa-te\/\"},{\"@type\":\"ListItem\",\"position\":3,\"name\":\"As ra\u00edzes pr\u00f3-vida do feminismo\"}]},{\"@type\":\"WebSite\",\"@id\":\"https:\/\/prolifeeurope.org\/pt-pt\/#website\",\"url\":\"https:\/\/prolifeeurope.org\/pt-pt\/\",\"name\":\"ProLife Europe\",\"description\":\"\",\"publisher\":{\"@id\":\"https:\/\/prolifeeurope.org\/pt-pt\/#organization\"},\"potentialAction\":[{\"@type\":\"SearchAction\",\"target\":{\"@type\":\"EntryPoint\",\"urlTemplate\":\"https:\/\/prolifeeurope.org\/pt-pt\/?s={search_term_string}\"},\"query-input\":{\"@type\":\"PropertyValueSpecification\",\"valueRequired\":true,\"valueName\":\"search_term_string\"}}],\"inLanguage\":\"pt-PT\"},{\"@type\":\"Organization\",\"@id\":\"https:\/\/prolifeeurope.org\/pt-pt\/#organization\",\"name\":\"ProLife Europe\",\"url\":\"https:\/\/prolifeeurope.org\/pt-pt\/\",\"logo\":{\"@type\":\"ImageObject\",\"inLanguage\":\"pt-PT\",\"@id\":\"https:\/\/prolifeeurope.org\/pt-pt\/#\/schema\/logo\/image\/\",\"url\":\"https:\/\/prolifeeurope.org\/wp-content\/uploads\/2024\/11\/logo-3.svg\",\"contentUrl\":\"https:\/\/prolifeeurope.org\/wp-content\/uploads\/2024\/11\/logo-3.svg\",\"width\":166,\"height\":170,\"caption\":\"ProLife Europe\"},\"image\":{\"@id\":\"https:\/\/prolifeeurope.org\/pt-pt\/#\/schema\/logo\/image\/\"},\"sameAs\":[\"https:\/\/www.facebook.com\/ProLifeEurope\/\",\"https:\/\/www.instagram.com\/prolife_europe\/\",\"https:\/\/www.youtube.com\/channel\/UC7olgmdiSVEHZUiP554XozA\"]}]}<\/script>\n<!-- \/ Yoast SEO plugin. -->","yoast_head_json":{"title":"As ra\u00edzes pr\u00f3-vida do feminismo - ProLife Europe","description":"O movimento feminista inicial, que surgiu no s\u00e9culo XIX, era em grande parte pr\u00f3-vida na sua posi\u00e7\u00e3o sobre o aborto.","robots":{"index":"index","follow":"follow","max-snippet":"max-snippet:-1","max-image-preview":"max-image-preview:large","max-video-preview":"max-video-preview:-1"},"canonical":"https:\/\/prolifeeurope.org\/pt-pt\/informa-te\/as-raizes-pro-vida-do-feminismo\/","og_locale":"pt_PT","og_type":"article","og_title":"As ra\u00edzes pr\u00f3-vida do feminismo - ProLife Europe","og_description":"O movimento feminista inicial, que surgiu no s\u00e9culo XIX, era em grande parte pr\u00f3-vida na sua posi\u00e7\u00e3o sobre o aborto.","og_url":"https:\/\/prolifeeurope.org\/pt-pt\/informa-te\/as-raizes-pro-vida-do-feminismo\/","og_site_name":"ProLife Europe","article_publisher":"https:\/\/www.facebook.com\/ProLifeEurope\/","article_modified_time":"2025-03-26T17:03:31+00:00","twitter_card":"summary_large_image","twitter_misc":{"Tempo estimado de leitura":"2 minutos"},"schema":{"@context":"https:\/\/schema.org","@graph":[{"@type":"WebPage","@id":"https:\/\/prolifeeurope.org\/pt-pt\/informa-te\/as-raizes-pro-vida-do-feminismo\/","url":"https:\/\/prolifeeurope.org\/pt-pt\/informa-te\/as-raizes-pro-vida-do-feminismo\/","name":"As ra\u00edzes pr\u00f3-vida do feminismo - ProLife Europe","isPartOf":{"@id":"https:\/\/prolifeeurope.org\/pt-pt\/#website"},"datePublished":"2025-01-15T19:12:47+00:00","dateModified":"2025-03-26T17:03:31+00:00","description":"O movimento feminista inicial, que surgiu no s\u00e9culo XIX, era em grande parte pr\u00f3-vida na sua posi\u00e7\u00e3o sobre o aborto.","breadcrumb":{"@id":"https:\/\/prolifeeurope.org\/pt-pt\/informa-te\/as-raizes-pro-vida-do-feminismo\/#breadcrumb"},"inLanguage":"pt-PT","potentialAction":[{"@type":"ReadAction","target":["https:\/\/prolifeeurope.org\/pt-pt\/informa-te\/as-raizes-pro-vida-do-feminismo\/"]}]},{"@type":"BreadcrumbList","@id":"https:\/\/prolifeeurope.org\/pt-pt\/informa-te\/as-raizes-pro-vida-do-feminismo\/#breadcrumb","itemListElement":[{"@type":"ListItem","position":1,"name":"Home","item":"https:\/\/prolifeeurope.org\/pt-pt\/"},{"@type":"ListItem","position":2,"name":"Informa-te","item":"https:\/\/prolifeeurope.org\/pt-pt\/informa-te\/"},{"@type":"ListItem","position":3,"name":"As ra\u00edzes pr\u00f3-vida do feminismo"}]},{"@type":"WebSite","@id":"https:\/\/prolifeeurope.org\/pt-pt\/#website","url":"https:\/\/prolifeeurope.org\/pt-pt\/","name":"ProLife Europe","description":"","publisher":{"@id":"https:\/\/prolifeeurope.org\/pt-pt\/#organization"},"potentialAction":[{"@type":"SearchAction","target":{"@type":"EntryPoint","urlTemplate":"https:\/\/prolifeeurope.org\/pt-pt\/?s={search_term_string}"},"query-input":{"@type":"PropertyValueSpecification","valueRequired":true,"valueName":"search_term_string"}}],"inLanguage":"pt-PT"},{"@type":"Organization","@id":"https:\/\/prolifeeurope.org\/pt-pt\/#organization","name":"ProLife Europe","url":"https:\/\/prolifeeurope.org\/pt-pt\/","logo":{"@type":"ImageObject","inLanguage":"pt-PT","@id":"https:\/\/prolifeeurope.org\/pt-pt\/#\/schema\/logo\/image\/","url":"https:\/\/prolifeeurope.org\/wp-content\/uploads\/2024\/11\/logo-3.svg","contentUrl":"https:\/\/prolifeeurope.org\/wp-content\/uploads\/2024\/11\/logo-3.svg","width":166,"height":170,"caption":"ProLife Europe"},"image":{"@id":"https:\/\/prolifeeurope.org\/pt-pt\/#\/schema\/logo\/image\/"},"sameAs":["https:\/\/www.facebook.com\/ProLifeEurope\/","https:\/\/www.instagram.com\/prolife_europe\/","https:\/\/www.youtube.com\/channel\/UC7olgmdiSVEHZUiP554XozA"]}]}},"_links":{"self":[{"href":"https:\/\/prolifeeurope.org\/pt-pt\/wp-json\/wp\/v2\/pages\/2621","targetHints":{"allow":["GET"]}}],"collection":[{"href":"https:\/\/prolifeeurope.org\/pt-pt\/wp-json\/wp\/v2\/pages"}],"about":[{"href":"https:\/\/prolifeeurope.org\/pt-pt\/wp-json\/wp\/v2\/types\/page"}],"author":[{"embeddable":true,"href":"https:\/\/prolifeeurope.org\/pt-pt\/wp-json\/wp\/v2\/users\/14"}],"replies":[{"embeddable":true,"href":"https:\/\/prolifeeurope.org\/pt-pt\/wp-json\/wp\/v2\/comments?post=2621"}],"version-history":[{"count":6,"href":"https:\/\/prolifeeurope.org\/pt-pt\/wp-json\/wp\/v2\/pages\/2621\/revisions"}],"predecessor-version":[{"id":3447,"href":"https:\/\/prolifeeurope.org\/pt-pt\/wp-json\/wp\/v2\/pages\/2621\/revisions\/3447"}],"up":[{"embeddable":true,"href":"https:\/\/prolifeeurope.org\/pt-pt\/wp-json\/wp\/v2\/pages\/2808"}],"wp:attachment":[{"href":"https:\/\/prolifeeurope.org\/pt-pt\/wp-json\/wp\/v2\/media?parent=2621"}],"wp:term":[{"taxonomy":"topic","embeddable":true,"href":"https:\/\/prolifeeurope.org\/pt-pt\/wp-json\/wp\/v2\/topic?post=2621"}],"curies":[{"name":"wp","href":"https:\/\/api.w.org\/{rel}","templated":true}]}}