{"id":2617,"date":"2025-01-15T18:01:38","date_gmt":"2025-01-15T17:01:38","guid":{"rendered":"https:\/\/ws-staging.prolifeeurope.org\/aborto-para-salvar-a-vida-da-mae\/"},"modified":"2025-03-26T16:58:48","modified_gmt":"2025-03-26T15:58:48","slug":"aborto-para-salvar-a-vida-da-mae","status":"publish","type":"page","link":"https:\/\/prolifeeurope.org\/pt-pt\/informa-te\/aborto-para-salvar-a-vida-da-mae\/","title":{"rendered":"Aborto para salvar a vida da m\u00e3e?"},"content":{"rendered":"\n<p>Condi\u00e7\u00f5es de sa\u00fade graves de uma mulher gr\u00e1vida \u2013 como o cancro nos est\u00e1dios finais \u2013 n\u00e3o justificam, em nenhuma circunst\u00e2ncia, o assassinato do seu filho n\u00e3o nascido. Para salvar a vida da m\u00e3e, o aborto nunca \u00e9 necess\u00e1rio, pois a crian\u00e7a dentro dela n\u00e3o contribui de nenhuma forma para o agravamento da sua condi\u00e7\u00e3o m\u00e9dica. O feto ou embri\u00e3o n\u00e3o \u00e9 um agente causador de doen\u00e7as que cresce dentro do \u00fatero sem controlo, causando a propaga\u00e7\u00e3o da doen\u00e7a, mas sim um ser humano separado com o seu pr\u00f3prio sistema org\u00e2nico. Assim, o aborto como cuidado m\u00e9dico e como uma ferramenta eficaz para curar uma doen\u00e7a n\u00e3o tem argumentos v\u00e1lidos, nem cient\u00edfica nem eticamente.   <\/p>\n\n<p>Esta declara\u00e7\u00e3o \u00e9 apoiada pela &#8220;Declara\u00e7\u00e3o de Dublin sobre Cuidados de Sa\u00fade Materna&#8221;*. O documento foi assinado por obstetras e ginecologistas pr\u00f3-vida em 2012. A declara\u00e7\u00e3o faz uma distin\u00e7\u00e3o clara entre o aborto e os tratamentos m\u00e9dicos necess\u00e1rios para a m\u00e3e doente. Ao contr\u00e1rio de muitos m\u00e9dicos que recomendam fortemente o aborto como forma de curar uma doen\u00e7a grave, a declara\u00e7\u00e3o afirma que a proibi\u00e7\u00e3o do aborto n\u00e3o prejudicaria a sa\u00fade da m\u00e3e de nenhuma forma.   <\/p>\n\n<p class=\"has-small-font-size\">* <a href=\"https:\/\/www.dublindeclaration.com\/about\/\" target=\"_blank\" rel=\"noreferrer noopener\">https:\/\/www.dublindeclaration.com\/about\/<\/a><\/p>\n","protected":false},"excerpt":{"rendered":"<p>Condi\u00e7\u00f5es de sa\u00fade graves de uma mulher gr\u00e1vida \u2013 como o cancro nos est\u00e1dios finais \u2013 n\u00e3o justificam, em nenhuma circunst\u00e2ncia, o assassinato do seu filho n\u00e3o nascido. Para salvar<a href=\"https:\/\/prolifeeurope.org\/pt-pt\/informa-te\/aborto-para-salvar-a-vida-da-mae\/\">Continue reading <span class=\"sr-only\">&#8220;Aborto para salvar a vida da m\u00e3e?&#8221;<\/span><\/a><\/p>\n","protected":false},"author":14,"featured_media":0,"parent":2808,"menu_order":0,"comment_status":"closed","ping_status":"closed","template":"page-topic.php","meta":{"_acf_changed":false,"_monsterinsights_skip_tracking":false,"_monsterinsights_sitenote_active":false,"_monsterinsights_sitenote_note":"","_monsterinsights_sitenote_category":0,"footnotes":""},"topic":[],"class_list":["post-2617","page","type-page","status-publish","hentry"],"acf":[],"yoast_head":"<!-- This site is optimized with the Yoast SEO plugin v27.2 - https:\/\/yoast.com\/product\/yoast-seo-wordpress\/ -->\n<title>Aborto para salvar a vida da m\u00e3e? - ProLife Europe<\/title>\n<meta name=\"description\" content=\"Toda a vida \u00e9 igualmente valiosa \u2013 quer seja nascida ou n\u00e3o nascida. O que deve ser considerado em situa\u00e7\u00f5es que colocam em perigo a vida da m\u00e3e?\" \/>\n<meta name=\"robots\" content=\"index, follow, max-snippet:-1, max-image-preview:large, max-video-preview:-1\" \/>\n<link rel=\"canonical\" href=\"https:\/\/prolifeeurope.org\/pt-pt\/informa-te\/aborto-para-salvar-a-vida-da-mae\/\" \/>\n<meta property=\"og:locale\" content=\"pt_PT\" \/>\n<meta property=\"og:type\" content=\"article\" \/>\n<meta property=\"og:title\" content=\"Aborto para salvar a vida da m\u00e3e? - ProLife Europe\" \/>\n<meta property=\"og:description\" content=\"Toda a vida \u00e9 igualmente valiosa \u2013 quer seja nascida ou n\u00e3o nascida. O que deve ser considerado em situa\u00e7\u00f5es que colocam em perigo a vida da m\u00e3e?\" \/>\n<meta property=\"og:url\" content=\"https:\/\/prolifeeurope.org\/pt-pt\/informa-te\/aborto-para-salvar-a-vida-da-mae\/\" \/>\n<meta property=\"og:site_name\" content=\"ProLife Europe\" \/>\n<meta property=\"article:publisher\" content=\"https:\/\/www.facebook.com\/ProLifeEurope\/\" \/>\n<meta property=\"article:modified_time\" content=\"2025-03-26T15:58:48+00:00\" \/>\n<meta name=\"twitter:card\" content=\"summary_large_image\" \/>\n<script type=\"application\/ld+json\" class=\"yoast-schema-graph\">{\"@context\":\"https:\/\/schema.org\",\"@graph\":[{\"@type\":\"WebPage\",\"@id\":\"https:\/\/prolifeeurope.org\/pt-pt\/informa-te\/aborto-para-salvar-a-vida-da-mae\/\",\"url\":\"https:\/\/prolifeeurope.org\/pt-pt\/informa-te\/aborto-para-salvar-a-vida-da-mae\/\",\"name\":\"Aborto para salvar a vida da m\u00e3e? - ProLife Europe\",\"isPartOf\":{\"@id\":\"https:\/\/prolifeeurope.org\/pt-pt\/#website\"},\"datePublished\":\"2025-01-15T17:01:38+00:00\",\"dateModified\":\"2025-03-26T15:58:48+00:00\",\"description\":\"Toda a vida \u00e9 igualmente valiosa \u2013 quer seja nascida ou n\u00e3o nascida. O que deve ser considerado em situa\u00e7\u00f5es que colocam em perigo a vida da m\u00e3e?\",\"breadcrumb\":{\"@id\":\"https:\/\/prolifeeurope.org\/pt-pt\/informa-te\/aborto-para-salvar-a-vida-da-mae\/#breadcrumb\"},\"inLanguage\":\"pt-PT\",\"potentialAction\":[{\"@type\":\"ReadAction\",\"target\":[\"https:\/\/prolifeeurope.org\/pt-pt\/informa-te\/aborto-para-salvar-a-vida-da-mae\/\"]}]},{\"@type\":\"BreadcrumbList\",\"@id\":\"https:\/\/prolifeeurope.org\/pt-pt\/informa-te\/aborto-para-salvar-a-vida-da-mae\/#breadcrumb\",\"itemListElement\":[{\"@type\":\"ListItem\",\"position\":1,\"name\":\"Home\",\"item\":\"https:\/\/prolifeeurope.org\/pt-pt\/\"},{\"@type\":\"ListItem\",\"position\":2,\"name\":\"Informa-te\",\"item\":\"https:\/\/prolifeeurope.org\/pt-pt\/informa-te\/\"},{\"@type\":\"ListItem\",\"position\":3,\"name\":\"Aborto para salvar a vida da m\u00e3e?\"}]},{\"@type\":\"WebSite\",\"@id\":\"https:\/\/prolifeeurope.org\/pt-pt\/#website\",\"url\":\"https:\/\/prolifeeurope.org\/pt-pt\/\",\"name\":\"ProLife Europe\",\"description\":\"\",\"publisher\":{\"@id\":\"https:\/\/prolifeeurope.org\/pt-pt\/#organization\"},\"potentialAction\":[{\"@type\":\"SearchAction\",\"target\":{\"@type\":\"EntryPoint\",\"urlTemplate\":\"https:\/\/prolifeeurope.org\/pt-pt\/?s={search_term_string}\"},\"query-input\":{\"@type\":\"PropertyValueSpecification\",\"valueRequired\":true,\"valueName\":\"search_term_string\"}}],\"inLanguage\":\"pt-PT\"},{\"@type\":\"Organization\",\"@id\":\"https:\/\/prolifeeurope.org\/pt-pt\/#organization\",\"name\":\"ProLife Europe\",\"url\":\"https:\/\/prolifeeurope.org\/pt-pt\/\",\"logo\":{\"@type\":\"ImageObject\",\"inLanguage\":\"pt-PT\",\"@id\":\"https:\/\/prolifeeurope.org\/pt-pt\/#\/schema\/logo\/image\/\",\"url\":\"https:\/\/prolifeeurope.org\/wp-content\/uploads\/2024\/11\/logo-3.svg\",\"contentUrl\":\"https:\/\/prolifeeurope.org\/wp-content\/uploads\/2024\/11\/logo-3.svg\",\"width\":166,\"height\":170,\"caption\":\"ProLife Europe\"},\"image\":{\"@id\":\"https:\/\/prolifeeurope.org\/pt-pt\/#\/schema\/logo\/image\/\"},\"sameAs\":[\"https:\/\/www.facebook.com\/ProLifeEurope\/\",\"https:\/\/www.instagram.com\/prolife_europe\/\",\"https:\/\/www.youtube.com\/channel\/UC7olgmdiSVEHZUiP554XozA\"]}]}<\/script>\n<!-- \/ Yoast SEO plugin. -->","yoast_head_json":{"title":"Aborto para salvar a vida da m\u00e3e? - ProLife Europe","description":"Toda a vida \u00e9 igualmente valiosa \u2013 quer seja nascida ou n\u00e3o nascida. O que deve ser considerado em situa\u00e7\u00f5es que colocam em perigo a vida da m\u00e3e?","robots":{"index":"index","follow":"follow","max-snippet":"max-snippet:-1","max-image-preview":"max-image-preview:large","max-video-preview":"max-video-preview:-1"},"canonical":"https:\/\/prolifeeurope.org\/pt-pt\/informa-te\/aborto-para-salvar-a-vida-da-mae\/","og_locale":"pt_PT","og_type":"article","og_title":"Aborto para salvar a vida da m\u00e3e? - ProLife Europe","og_description":"Toda a vida \u00e9 igualmente valiosa \u2013 quer seja nascida ou n\u00e3o nascida. O que deve ser considerado em situa\u00e7\u00f5es que colocam em perigo a vida da m\u00e3e?","og_url":"https:\/\/prolifeeurope.org\/pt-pt\/informa-te\/aborto-para-salvar-a-vida-da-mae\/","og_site_name":"ProLife Europe","article_publisher":"https:\/\/www.facebook.com\/ProLifeEurope\/","article_modified_time":"2025-03-26T15:58:48+00:00","twitter_card":"summary_large_image","schema":{"@context":"https:\/\/schema.org","@graph":[{"@type":"WebPage","@id":"https:\/\/prolifeeurope.org\/pt-pt\/informa-te\/aborto-para-salvar-a-vida-da-mae\/","url":"https:\/\/prolifeeurope.org\/pt-pt\/informa-te\/aborto-para-salvar-a-vida-da-mae\/","name":"Aborto para salvar a vida da m\u00e3e? - ProLife Europe","isPartOf":{"@id":"https:\/\/prolifeeurope.org\/pt-pt\/#website"},"datePublished":"2025-01-15T17:01:38+00:00","dateModified":"2025-03-26T15:58:48+00:00","description":"Toda a vida \u00e9 igualmente valiosa \u2013 quer seja nascida ou n\u00e3o nascida. O que deve ser considerado em situa\u00e7\u00f5es que colocam em perigo a vida da m\u00e3e?","breadcrumb":{"@id":"https:\/\/prolifeeurope.org\/pt-pt\/informa-te\/aborto-para-salvar-a-vida-da-mae\/#breadcrumb"},"inLanguage":"pt-PT","potentialAction":[{"@type":"ReadAction","target":["https:\/\/prolifeeurope.org\/pt-pt\/informa-te\/aborto-para-salvar-a-vida-da-mae\/"]}]},{"@type":"BreadcrumbList","@id":"https:\/\/prolifeeurope.org\/pt-pt\/informa-te\/aborto-para-salvar-a-vida-da-mae\/#breadcrumb","itemListElement":[{"@type":"ListItem","position":1,"name":"Home","item":"https:\/\/prolifeeurope.org\/pt-pt\/"},{"@type":"ListItem","position":2,"name":"Informa-te","item":"https:\/\/prolifeeurope.org\/pt-pt\/informa-te\/"},{"@type":"ListItem","position":3,"name":"Aborto para salvar a vida da m\u00e3e?"}]},{"@type":"WebSite","@id":"https:\/\/prolifeeurope.org\/pt-pt\/#website","url":"https:\/\/prolifeeurope.org\/pt-pt\/","name":"ProLife Europe","description":"","publisher":{"@id":"https:\/\/prolifeeurope.org\/pt-pt\/#organization"},"potentialAction":[{"@type":"SearchAction","target":{"@type":"EntryPoint","urlTemplate":"https:\/\/prolifeeurope.org\/pt-pt\/?s={search_term_string}"},"query-input":{"@type":"PropertyValueSpecification","valueRequired":true,"valueName":"search_term_string"}}],"inLanguage":"pt-PT"},{"@type":"Organization","@id":"https:\/\/prolifeeurope.org\/pt-pt\/#organization","name":"ProLife Europe","url":"https:\/\/prolifeeurope.org\/pt-pt\/","logo":{"@type":"ImageObject","inLanguage":"pt-PT","@id":"https:\/\/prolifeeurope.org\/pt-pt\/#\/schema\/logo\/image\/","url":"https:\/\/prolifeeurope.org\/wp-content\/uploads\/2024\/11\/logo-3.svg","contentUrl":"https:\/\/prolifeeurope.org\/wp-content\/uploads\/2024\/11\/logo-3.svg","width":166,"height":170,"caption":"ProLife Europe"},"image":{"@id":"https:\/\/prolifeeurope.org\/pt-pt\/#\/schema\/logo\/image\/"},"sameAs":["https:\/\/www.facebook.com\/ProLifeEurope\/","https:\/\/www.instagram.com\/prolife_europe\/","https:\/\/www.youtube.com\/channel\/UC7olgmdiSVEHZUiP554XozA"]}]}},"_links":{"self":[{"href":"https:\/\/prolifeeurope.org\/pt-pt\/wp-json\/wp\/v2\/pages\/2617","targetHints":{"allow":["GET"]}}],"collection":[{"href":"https:\/\/prolifeeurope.org\/pt-pt\/wp-json\/wp\/v2\/pages"}],"about":[{"href":"https:\/\/prolifeeurope.org\/pt-pt\/wp-json\/wp\/v2\/types\/page"}],"author":[{"embeddable":true,"href":"https:\/\/prolifeeurope.org\/pt-pt\/wp-json\/wp\/v2\/users\/14"}],"replies":[{"embeddable":true,"href":"https:\/\/prolifeeurope.org\/pt-pt\/wp-json\/wp\/v2\/comments?post=2617"}],"version-history":[{"count":2,"href":"https:\/\/prolifeeurope.org\/pt-pt\/wp-json\/wp\/v2\/pages\/2617\/revisions"}],"predecessor-version":[{"id":3433,"href":"https:\/\/prolifeeurope.org\/pt-pt\/wp-json\/wp\/v2\/pages\/2617\/revisions\/3433"}],"up":[{"embeddable":true,"href":"https:\/\/prolifeeurope.org\/pt-pt\/wp-json\/wp\/v2\/pages\/2808"}],"wp:attachment":[{"href":"https:\/\/prolifeeurope.org\/pt-pt\/wp-json\/wp\/v2\/media?parent=2617"}],"wp:term":[{"taxonomy":"topic","embeddable":true,"href":"https:\/\/prolifeeurope.org\/pt-pt\/wp-json\/wp\/v2\/topic?post=2617"}],"curies":[{"name":"wp","href":"https:\/\/api.w.org\/{rel}","templated":true}]}}