{"id":2613,"date":"2025-01-15T17:49:42","date_gmt":"2025-01-15T16:49:42","guid":{"rendered":"https:\/\/ws-staging.prolifeeurope.org\/o-aborto-e-os-direitos-humanos\/"},"modified":"2025-03-26T16:50:48","modified_gmt":"2025-03-26T15:50:48","slug":"o-aborto-e-os-direitos-humanos","status":"publish","type":"page","link":"https:\/\/prolifeeurope.org\/pt-pt\/informa-te\/o-aborto-e-os-direitos-humanos\/","title":{"rendered":"O Aborto e os Direitos Humanos"},"content":{"rendered":"\n<p>Desde o fim da Segunda Guerra Mundial, desenvolveu-se um forte movimento pelos direitos humanos, come\u00e7ando com a Declara\u00e7\u00e3o Universal dos Direitos Humanos (DUDH), adotada pela Assembleia Geral da ONU em 1948, ap\u00f3s os horrores da Segunda Guerra Mundial. Esta declara\u00e7\u00e3o foi sucedida pela Conven\u00e7\u00e3o Europeia dos Direitos Humanos (CEDH) em 1950 e pela Carta dos Direitos Fundamentais da Uni\u00e3o Europeia (CDFUE) em 2000. Embora nenhum dos documentos mencionados seja uma lei vinculativa, os pa\u00edses que os apoiam aceitaram-nos como diretrizes acordadas que n\u00e3o devem ser contraditas pelas leis efetivas de um pa\u00eds.   <\/p>\n\n<p>Cada um deles define o direito \u00e0 vida como um direito individual b\u00e1sico: <em>&#8220;Todos t\u00eam o direito \u00e0 vida, \u00e0 liberdade e \u00e0 seguran\u00e7a da pessoa.&#8221;<\/em> (UDHR, Art. 3)<\/p>\n\n<p><em>&#8220;O direito de cada pessoa \u00e0 vida ser\u00e1 protegido por lei.&#8221;<\/em>(ECHR, Art. 2)<\/p>\n\n<p><em>&#8220;A dignidade humana \u00e9 inviol\u00e1vel. Deve ser respeitada e protegida. Todos t\u00eam o direito \u00e0 vida. [&#8230;] Todos t\u00eam o direito ao respeito pela sua integridade f\u00edsica e mental.&#8221;<br\/><\/em>(CFR, Art. 1-3) <\/p>\n\n<p>Em nenhum destes documentos \u00e9 apresentada uma raz\u00e3o para que uma pessoa humana n\u00e3o nascida seja privada deste direito humano b\u00e1sico \u2013 pois sem o direito \u00e0 vida, nenhum outro direito precisa de ser concedido. Lutar pelos direitos humanos e, ao mesmo tempo, roubar de um grupo muito grande de seres humanos (estimados em 73 milh\u00f5es por ano) o seu direito mais fundamental, o direito \u00e0 vida, \u00e9 uma absurda contradi\u00e7\u00e3o em si mesma. O aborto s\u00f3 pode ser classificado como uma viola\u00e7\u00e3o dos direitos humanos e deveria ser condenado por todos aqueles que lutam pelos direitos humanos.  <\/p>\n","protected":false},"excerpt":{"rendered":"<p>Desde o fim da Segunda Guerra Mundial, desenvolveu-se um forte movimento pelos direitos humanos, come\u00e7ando com a Declara\u00e7\u00e3o Universal dos Direitos Humanos (DUDH), adotada pela Assembleia Geral da ONU em<a href=\"https:\/\/prolifeeurope.org\/pt-pt\/informa-te\/o-aborto-e-os-direitos-humanos\/\">Continue reading <span class=\"sr-only\">&#8220;O Aborto e os Direitos Humanos&#8221;<\/span><\/a><\/p>\n","protected":false},"author":14,"featured_media":0,"parent":2808,"menu_order":0,"comment_status":"closed","ping_status":"closed","template":"page-topic.php","meta":{"_acf_changed":false,"_monsterinsights_skip_tracking":false,"_monsterinsights_sitenote_active":false,"_monsterinsights_sitenote_note":"","_monsterinsights_sitenote_category":0,"footnotes":""},"topic":[],"class_list":["post-2613","page","type-page","status-publish","hentry"],"acf":[],"yoast_head":"<!-- This site is optimized with the Yoast SEO plugin v27.2 - https:\/\/yoast.com\/product\/yoast-seo-wordpress\/ -->\n<title>O Aborto e os Direitos Humanos - ProLife Europe<\/title>\n<meta name=\"description\" content=\"A vida \u00e9 defendida dentro dos direitos humanos. O aborto levanta quest\u00f5es cr\u00edticas sobre a viola\u00e7\u00e3o desses direitos ao atacar os n\u00e3o-nascidos.\" \/>\n<meta name=\"robots\" content=\"index, follow, max-snippet:-1, max-image-preview:large, max-video-preview:-1\" \/>\n<link rel=\"canonical\" href=\"https:\/\/prolifeeurope.org\/pt-pt\/informa-te\/o-aborto-e-os-direitos-humanos\/\" \/>\n<meta property=\"og:locale\" content=\"pt_PT\" \/>\n<meta property=\"og:type\" content=\"article\" \/>\n<meta property=\"og:title\" content=\"O Aborto e os Direitos Humanos - ProLife Europe\" \/>\n<meta property=\"og:description\" content=\"A vida \u00e9 defendida dentro dos direitos humanos. O aborto levanta quest\u00f5es cr\u00edticas sobre a viola\u00e7\u00e3o desses direitos ao atacar os n\u00e3o-nascidos.\" \/>\n<meta property=\"og:url\" content=\"https:\/\/prolifeeurope.org\/pt-pt\/informa-te\/o-aborto-e-os-direitos-humanos\/\" \/>\n<meta property=\"og:site_name\" content=\"ProLife Europe\" \/>\n<meta property=\"article:publisher\" content=\"https:\/\/www.facebook.com\/ProLifeEurope\/\" \/>\n<meta property=\"article:modified_time\" content=\"2025-03-26T15:50:48+00:00\" \/>\n<meta name=\"twitter:card\" content=\"summary_large_image\" \/>\n<script type=\"application\/ld+json\" class=\"yoast-schema-graph\">{\"@context\":\"https:\/\/schema.org\",\"@graph\":[{\"@type\":\"WebPage\",\"@id\":\"https:\/\/prolifeeurope.org\/pt-pt\/informa-te\/o-aborto-e-os-direitos-humanos\/\",\"url\":\"https:\/\/prolifeeurope.org\/pt-pt\/informa-te\/o-aborto-e-os-direitos-humanos\/\",\"name\":\"O Aborto e os Direitos Humanos - ProLife Europe\",\"isPartOf\":{\"@id\":\"https:\/\/prolifeeurope.org\/pt-pt\/#website\"},\"datePublished\":\"2025-01-15T16:49:42+00:00\",\"dateModified\":\"2025-03-26T15:50:48+00:00\",\"description\":\"A vida \u00e9 defendida dentro dos direitos humanos. O aborto levanta quest\u00f5es cr\u00edticas sobre a viola\u00e7\u00e3o desses direitos ao atacar os n\u00e3o-nascidos.\",\"breadcrumb\":{\"@id\":\"https:\/\/prolifeeurope.org\/pt-pt\/informa-te\/o-aborto-e-os-direitos-humanos\/#breadcrumb\"},\"inLanguage\":\"pt-PT\",\"potentialAction\":[{\"@type\":\"ReadAction\",\"target\":[\"https:\/\/prolifeeurope.org\/pt-pt\/informa-te\/o-aborto-e-os-direitos-humanos\/\"]}]},{\"@type\":\"BreadcrumbList\",\"@id\":\"https:\/\/prolifeeurope.org\/pt-pt\/informa-te\/o-aborto-e-os-direitos-humanos\/#breadcrumb\",\"itemListElement\":[{\"@type\":\"ListItem\",\"position\":1,\"name\":\"Home\",\"item\":\"https:\/\/prolifeeurope.org\/pt-pt\/\"},{\"@type\":\"ListItem\",\"position\":2,\"name\":\"Informa-te\",\"item\":\"https:\/\/prolifeeurope.org\/pt-pt\/informa-te\/\"},{\"@type\":\"ListItem\",\"position\":3,\"name\":\"O Aborto e os Direitos Humanos\"}]},{\"@type\":\"WebSite\",\"@id\":\"https:\/\/prolifeeurope.org\/pt-pt\/#website\",\"url\":\"https:\/\/prolifeeurope.org\/pt-pt\/\",\"name\":\"ProLife Europe\",\"description\":\"\",\"publisher\":{\"@id\":\"https:\/\/prolifeeurope.org\/pt-pt\/#organization\"},\"potentialAction\":[{\"@type\":\"SearchAction\",\"target\":{\"@type\":\"EntryPoint\",\"urlTemplate\":\"https:\/\/prolifeeurope.org\/pt-pt\/?s={search_term_string}\"},\"query-input\":{\"@type\":\"PropertyValueSpecification\",\"valueRequired\":true,\"valueName\":\"search_term_string\"}}],\"inLanguage\":\"pt-PT\"},{\"@type\":\"Organization\",\"@id\":\"https:\/\/prolifeeurope.org\/pt-pt\/#organization\",\"name\":\"ProLife Europe\",\"url\":\"https:\/\/prolifeeurope.org\/pt-pt\/\",\"logo\":{\"@type\":\"ImageObject\",\"inLanguage\":\"pt-PT\",\"@id\":\"https:\/\/prolifeeurope.org\/pt-pt\/#\/schema\/logo\/image\/\",\"url\":\"https:\/\/prolifeeurope.org\/wp-content\/uploads\/2024\/11\/logo-3.svg\",\"contentUrl\":\"https:\/\/prolifeeurope.org\/wp-content\/uploads\/2024\/11\/logo-3.svg\",\"width\":166,\"height\":170,\"caption\":\"ProLife Europe\"},\"image\":{\"@id\":\"https:\/\/prolifeeurope.org\/pt-pt\/#\/schema\/logo\/image\/\"},\"sameAs\":[\"https:\/\/www.facebook.com\/ProLifeEurope\/\",\"https:\/\/www.instagram.com\/prolife_europe\/\",\"https:\/\/www.youtube.com\/channel\/UC7olgmdiSVEHZUiP554XozA\"]}]}<\/script>\n<!-- \/ Yoast SEO plugin. -->","yoast_head_json":{"title":"O Aborto e os Direitos Humanos - ProLife Europe","description":"A vida \u00e9 defendida dentro dos direitos humanos. O aborto levanta quest\u00f5es cr\u00edticas sobre a viola\u00e7\u00e3o desses direitos ao atacar os n\u00e3o-nascidos.","robots":{"index":"index","follow":"follow","max-snippet":"max-snippet:-1","max-image-preview":"max-image-preview:large","max-video-preview":"max-video-preview:-1"},"canonical":"https:\/\/prolifeeurope.org\/pt-pt\/informa-te\/o-aborto-e-os-direitos-humanos\/","og_locale":"pt_PT","og_type":"article","og_title":"O Aborto e os Direitos Humanos - ProLife Europe","og_description":"A vida \u00e9 defendida dentro dos direitos humanos. O aborto levanta quest\u00f5es cr\u00edticas sobre a viola\u00e7\u00e3o desses direitos ao atacar os n\u00e3o-nascidos.","og_url":"https:\/\/prolifeeurope.org\/pt-pt\/informa-te\/o-aborto-e-os-direitos-humanos\/","og_site_name":"ProLife Europe","article_publisher":"https:\/\/www.facebook.com\/ProLifeEurope\/","article_modified_time":"2025-03-26T15:50:48+00:00","twitter_card":"summary_large_image","schema":{"@context":"https:\/\/schema.org","@graph":[{"@type":"WebPage","@id":"https:\/\/prolifeeurope.org\/pt-pt\/informa-te\/o-aborto-e-os-direitos-humanos\/","url":"https:\/\/prolifeeurope.org\/pt-pt\/informa-te\/o-aborto-e-os-direitos-humanos\/","name":"O Aborto e os Direitos Humanos - ProLife Europe","isPartOf":{"@id":"https:\/\/prolifeeurope.org\/pt-pt\/#website"},"datePublished":"2025-01-15T16:49:42+00:00","dateModified":"2025-03-26T15:50:48+00:00","description":"A vida \u00e9 defendida dentro dos direitos humanos. O aborto levanta quest\u00f5es cr\u00edticas sobre a viola\u00e7\u00e3o desses direitos ao atacar os n\u00e3o-nascidos.","breadcrumb":{"@id":"https:\/\/prolifeeurope.org\/pt-pt\/informa-te\/o-aborto-e-os-direitos-humanos\/#breadcrumb"},"inLanguage":"pt-PT","potentialAction":[{"@type":"ReadAction","target":["https:\/\/prolifeeurope.org\/pt-pt\/informa-te\/o-aborto-e-os-direitos-humanos\/"]}]},{"@type":"BreadcrumbList","@id":"https:\/\/prolifeeurope.org\/pt-pt\/informa-te\/o-aborto-e-os-direitos-humanos\/#breadcrumb","itemListElement":[{"@type":"ListItem","position":1,"name":"Home","item":"https:\/\/prolifeeurope.org\/pt-pt\/"},{"@type":"ListItem","position":2,"name":"Informa-te","item":"https:\/\/prolifeeurope.org\/pt-pt\/informa-te\/"},{"@type":"ListItem","position":3,"name":"O Aborto e os Direitos Humanos"}]},{"@type":"WebSite","@id":"https:\/\/prolifeeurope.org\/pt-pt\/#website","url":"https:\/\/prolifeeurope.org\/pt-pt\/","name":"ProLife Europe","description":"","publisher":{"@id":"https:\/\/prolifeeurope.org\/pt-pt\/#organization"},"potentialAction":[{"@type":"SearchAction","target":{"@type":"EntryPoint","urlTemplate":"https:\/\/prolifeeurope.org\/pt-pt\/?s={search_term_string}"},"query-input":{"@type":"PropertyValueSpecification","valueRequired":true,"valueName":"search_term_string"}}],"inLanguage":"pt-PT"},{"@type":"Organization","@id":"https:\/\/prolifeeurope.org\/pt-pt\/#organization","name":"ProLife Europe","url":"https:\/\/prolifeeurope.org\/pt-pt\/","logo":{"@type":"ImageObject","inLanguage":"pt-PT","@id":"https:\/\/prolifeeurope.org\/pt-pt\/#\/schema\/logo\/image\/","url":"https:\/\/prolifeeurope.org\/wp-content\/uploads\/2024\/11\/logo-3.svg","contentUrl":"https:\/\/prolifeeurope.org\/wp-content\/uploads\/2024\/11\/logo-3.svg","width":166,"height":170,"caption":"ProLife Europe"},"image":{"@id":"https:\/\/prolifeeurope.org\/pt-pt\/#\/schema\/logo\/image\/"},"sameAs":["https:\/\/www.facebook.com\/ProLifeEurope\/","https:\/\/www.instagram.com\/prolife_europe\/","https:\/\/www.youtube.com\/channel\/UC7olgmdiSVEHZUiP554XozA"]}]}},"_links":{"self":[{"href":"https:\/\/prolifeeurope.org\/pt-pt\/wp-json\/wp\/v2\/pages\/2613","targetHints":{"allow":["GET"]}}],"collection":[{"href":"https:\/\/prolifeeurope.org\/pt-pt\/wp-json\/wp\/v2\/pages"}],"about":[{"href":"https:\/\/prolifeeurope.org\/pt-pt\/wp-json\/wp\/v2\/types\/page"}],"author":[{"embeddable":true,"href":"https:\/\/prolifeeurope.org\/pt-pt\/wp-json\/wp\/v2\/users\/14"}],"replies":[{"embeddable":true,"href":"https:\/\/prolifeeurope.org\/pt-pt\/wp-json\/wp\/v2\/comments?post=2613"}],"version-history":[{"count":2,"href":"https:\/\/prolifeeurope.org\/pt-pt\/wp-json\/wp\/v2\/pages\/2613\/revisions"}],"predecessor-version":[{"id":3431,"href":"https:\/\/prolifeeurope.org\/pt-pt\/wp-json\/wp\/v2\/pages\/2613\/revisions\/3431"}],"up":[{"embeddable":true,"href":"https:\/\/prolifeeurope.org\/pt-pt\/wp-json\/wp\/v2\/pages\/2808"}],"wp:attachment":[{"href":"https:\/\/prolifeeurope.org\/pt-pt\/wp-json\/wp\/v2\/media?parent=2613"}],"wp:term":[{"taxonomy":"topic","embeddable":true,"href":"https:\/\/prolifeeurope.org\/pt-pt\/wp-json\/wp\/v2\/topic?post=2613"}],"curies":[{"name":"wp","href":"https:\/\/api.w.org\/{rel}","templated":true}]}}