{"id":2598,"date":"2025-01-17T19:35:46","date_gmt":"2025-01-17T18:35:46","guid":{"rendered":"https:\/\/ws-staging.prolifeeurope.org\/suicidio-na-europa-numeros-e-tendencias\/"},"modified":"2025-03-26T19:45:17","modified_gmt":"2025-03-26T18:45:17","slug":"suicidio-na-europa-numeros-e-tendencias","status":"publish","type":"page","link":"https:\/\/prolifeeurope.org\/pt-pt\/informa-te\/suicidio-na-europa-numeros-e-tendencias\/","title":{"rendered":"Suic\u00eddio na Europa: n\u00fameros e tend\u00eancias"},"content":{"rendered":"\n<p>As taxas de suic\u00eddio e as tend\u00eancias na Europa variam significativamente de pa\u00eds para pa\u00eds, com algumas na\u00e7\u00f5es a registarem o aumento de taxas, enquanto noutras se observam decl\u00ednios.<\/p>\n\n<ol class=\"wp-block-list\">\n<li><strong>Pa\u00edses da Europa de Leste<\/strong>: Estes pa\u00edses tendem a ter taxas de suic\u00eddio mais elevadas. A Litu\u00e2nia, Let\u00f3nia e Hungria t\u00eam consistentemente algumas das taxas mais elevadas da Europa. Por exemplo, a Litu\u00e2nia registou uma taxa de 24,4 suic\u00eddios por 100.000 pessoas em 2020. Embora isto represente uma diminui\u00e7\u00e3o em rela\u00e7\u00e3o \u00e0s d\u00e9cadas anteriores, os n\u00fameros continuam a ser preocupantes.   <\/li>\n\n\n\n<li><strong>Europa Ocidental<\/strong>: As taxas s\u00e3o geralmente mais baixas nos pa\u00edses da Europa Ocidental. Em Fran\u00e7a, a taxa \u00e9 de aproximadamente 13,5 suic\u00eddios por 100.000, enquanto a Alemanha registou uma taxa de 9,7 por 100.000. Ambos os pa\u00edses t\u00eam registado tend\u00eancias est\u00e1veis ou ligeiramente em decl\u00ednio durante a \u00faltima d\u00e9cada.  <\/li>\n\n\n\n<li><strong>Pa\u00edses N\u00f3rdicos<\/strong>: As taxas de suic\u00eddio nos pa\u00edses n\u00f3rdicos, como a Finl\u00e2ndia e a Su\u00e9cia, s\u00e3o moderadas em compara\u00e7\u00e3o com a Europa de Leste, com a Finl\u00e2ndia a registar cerca de 13,4 suic\u00eddios por 100.000 e a Su\u00e9cia cerca de 11,6. Embora estas taxas sejam mais baixas do que as da Europa de Leste, continuam a ser mais altas do que em muitos pa\u00edses da Europa Ocidental. <\/li>\n\n\n\n<li><strong>Sul da Europa<\/strong>: Os pa\u00edses do sul da Europa, incluindo It\u00e1lia e Espanha, geralmente apresentam taxas de suic\u00eddio mais baixas. A taxa da It\u00e1lia \u00e9 de cerca de 7,3 por 100.000, enquanto a da Espanha \u00e9 ainda mais baixa, aproximadamente 6,6 por 100.000. <\/li>\n\n\n\n<li><strong>Reino Unido e Irlanda<\/strong>: O Reino Unido teve uma taxa de suic\u00eddio de 10,4 por 100.000 pessoas em 2020, um ligeiro aumento ao longo da \u00faltima d\u00e9cada, particularmente entre os jovens adultos e os homens de meia-idade. A taxa da Irlanda \u00e9 mais baixa, cerca de 7,8 por 100.000, mas tamb\u00e9m tem registado algumas flutua\u00e7\u00f5es nos \u00faltimos anos. <\/li>\n<\/ol>\n\n<p>Em toda a Europa, os esfor\u00e7os de preven\u00e7\u00e3o ao suic\u00eddio t\u00eam-se intensificado, com foco nos servi\u00e7os de sa\u00fade mental, campanhas de sensibiliza\u00e7\u00e3o e na redu\u00e7\u00e3o do estigma. No entanto, fatores econ\u00f3micos, quest\u00f5es de sa\u00fade mental e fatores sociais continuam a contribuir para as taxas de suic\u00eddio em v\u00e1rias regi\u00f5es. <\/p>\n\n<p>Al\u00e9m disso, estes n\u00fameros seriam muito mais altos se cada tentativa de suic\u00eddio fosse bem-sucedida. A OMS estima que existem 20 (!) tentativas de suic\u00eddio falhadas para cada suic\u00eddio cometido. Isso apenas refor\u00e7a a necessidade de programas de preven\u00e7\u00e3o que afirmem o valor da vida. <\/p>\n\n<p class=\"has-small-font-size\">* <a href=\"https:\/\/www.who.int\/health-topics\/suicide#tab=tab_1\" target=\"_blank\" rel=\"noreferrer noopener\">https:\/\/www.who.int\/health-topics\/suicide#tab=tab_1 <\/a> <\/p>\n\n<p><\/p>\n","protected":false},"excerpt":{"rendered":"<p>As taxas de suic\u00eddio e as tend\u00eancias na Europa variam significativamente de pa\u00eds para pa\u00eds, com algumas na\u00e7\u00f5es a registarem o aumento de taxas, enquanto noutras se observam decl\u00ednios. Em<a href=\"https:\/\/prolifeeurope.org\/pt-pt\/informa-te\/suicidio-na-europa-numeros-e-tendencias\/\">Continue reading <span class=\"sr-only\">&#8220;Suic\u00eddio na Europa: n\u00fameros e tend\u00eancias&#8221;<\/span><\/a><\/p>\n","protected":false},"author":14,"featured_media":0,"parent":2808,"menu_order":0,"comment_status":"closed","ping_status":"closed","template":"page-topic.php","meta":{"_acf_changed":false,"_monsterinsights_skip_tracking":false,"_monsterinsights_sitenote_active":false,"_monsterinsights_sitenote_note":"","_monsterinsights_sitenote_category":0,"footnotes":""},"topic":[],"class_list":["post-2598","page","type-page","status-publish","hentry"],"acf":[],"yoast_head":"<!-- This site is optimized with the Yoast SEO plugin v27.2 - https:\/\/yoast.com\/product\/yoast-seo-wordpress\/ -->\n<title>Suic\u00eddio na Europa: n\u00fameros e tend\u00eancias - ProLife Europe<\/title>\n<meta name=\"description\" content=\"Os suic\u00eddios s\u00e3o tr\u00e1gicos e um problema em todos os pa\u00edses. N\u00e3o existe uma tend\u00eancia uniforme para as taxas de suic\u00eddio na Europa.\" \/>\n<meta name=\"robots\" content=\"index, follow, max-snippet:-1, max-image-preview:large, max-video-preview:-1\" \/>\n<link rel=\"canonical\" href=\"https:\/\/prolifeeurope.org\/pt-pt\/informa-te\/suicidio-na-europa-numeros-e-tendencias\/\" \/>\n<meta property=\"og:locale\" content=\"pt_PT\" \/>\n<meta property=\"og:type\" content=\"article\" \/>\n<meta property=\"og:title\" content=\"Suic\u00eddio na Europa: n\u00fameros e tend\u00eancias - ProLife Europe\" \/>\n<meta property=\"og:description\" content=\"Os suic\u00eddios s\u00e3o tr\u00e1gicos e um problema em todos os pa\u00edses. N\u00e3o existe uma tend\u00eancia uniforme para as taxas de suic\u00eddio na Europa.\" \/>\n<meta property=\"og:url\" content=\"https:\/\/prolifeeurope.org\/pt-pt\/informa-te\/suicidio-na-europa-numeros-e-tendencias\/\" \/>\n<meta property=\"og:site_name\" content=\"ProLife Europe\" \/>\n<meta property=\"article:publisher\" content=\"https:\/\/www.facebook.com\/ProLifeEurope\/\" \/>\n<meta property=\"article:modified_time\" content=\"2025-03-26T18:45:17+00:00\" \/>\n<meta name=\"twitter:card\" content=\"summary_large_image\" \/>\n<meta name=\"twitter:label1\" content=\"Tempo estimado de leitura\" \/>\n\t<meta name=\"twitter:data1\" content=\"2 minutos\" \/>\n<script type=\"application\/ld+json\" class=\"yoast-schema-graph\">{\"@context\":\"https:\/\/schema.org\",\"@graph\":[{\"@type\":\"WebPage\",\"@id\":\"https:\/\/prolifeeurope.org\/pt-pt\/informa-te\/suicidio-na-europa-numeros-e-tendencias\/\",\"url\":\"https:\/\/prolifeeurope.org\/pt-pt\/informa-te\/suicidio-na-europa-numeros-e-tendencias\/\",\"name\":\"Suic\u00eddio na Europa: n\u00fameros e tend\u00eancias - ProLife Europe\",\"isPartOf\":{\"@id\":\"https:\/\/prolifeeurope.org\/pt-pt\/#website\"},\"datePublished\":\"2025-01-17T18:35:46+00:00\",\"dateModified\":\"2025-03-26T18:45:17+00:00\",\"description\":\"Os suic\u00eddios s\u00e3o tr\u00e1gicos e um problema em todos os pa\u00edses. N\u00e3o existe uma tend\u00eancia uniforme para as taxas de suic\u00eddio na Europa.\",\"breadcrumb\":{\"@id\":\"https:\/\/prolifeeurope.org\/pt-pt\/informa-te\/suicidio-na-europa-numeros-e-tendencias\/#breadcrumb\"},\"inLanguage\":\"pt-PT\",\"potentialAction\":[{\"@type\":\"ReadAction\",\"target\":[\"https:\/\/prolifeeurope.org\/pt-pt\/informa-te\/suicidio-na-europa-numeros-e-tendencias\/\"]}]},{\"@type\":\"BreadcrumbList\",\"@id\":\"https:\/\/prolifeeurope.org\/pt-pt\/informa-te\/suicidio-na-europa-numeros-e-tendencias\/#breadcrumb\",\"itemListElement\":[{\"@type\":\"ListItem\",\"position\":1,\"name\":\"Home\",\"item\":\"https:\/\/prolifeeurope.org\/pt-pt\/\"},{\"@type\":\"ListItem\",\"position\":2,\"name\":\"Informa-te\",\"item\":\"https:\/\/prolifeeurope.org\/pt-pt\/informa-te\/\"},{\"@type\":\"ListItem\",\"position\":3,\"name\":\"Suic\u00eddio na Europa: n\u00fameros e tend\u00eancias\"}]},{\"@type\":\"WebSite\",\"@id\":\"https:\/\/prolifeeurope.org\/pt-pt\/#website\",\"url\":\"https:\/\/prolifeeurope.org\/pt-pt\/\",\"name\":\"ProLife Europe\",\"description\":\"\",\"publisher\":{\"@id\":\"https:\/\/prolifeeurope.org\/pt-pt\/#organization\"},\"potentialAction\":[{\"@type\":\"SearchAction\",\"target\":{\"@type\":\"EntryPoint\",\"urlTemplate\":\"https:\/\/prolifeeurope.org\/pt-pt\/?s={search_term_string}\"},\"query-input\":{\"@type\":\"PropertyValueSpecification\",\"valueRequired\":true,\"valueName\":\"search_term_string\"}}],\"inLanguage\":\"pt-PT\"},{\"@type\":\"Organization\",\"@id\":\"https:\/\/prolifeeurope.org\/pt-pt\/#organization\",\"name\":\"ProLife Europe\",\"url\":\"https:\/\/prolifeeurope.org\/pt-pt\/\",\"logo\":{\"@type\":\"ImageObject\",\"inLanguage\":\"pt-PT\",\"@id\":\"https:\/\/prolifeeurope.org\/pt-pt\/#\/schema\/logo\/image\/\",\"url\":\"https:\/\/prolifeeurope.org\/wp-content\/uploads\/2024\/11\/logo-3.svg\",\"contentUrl\":\"https:\/\/prolifeeurope.org\/wp-content\/uploads\/2024\/11\/logo-3.svg\",\"width\":166,\"height\":170,\"caption\":\"ProLife Europe\"},\"image\":{\"@id\":\"https:\/\/prolifeeurope.org\/pt-pt\/#\/schema\/logo\/image\/\"},\"sameAs\":[\"https:\/\/www.facebook.com\/ProLifeEurope\/\",\"https:\/\/www.instagram.com\/prolife_europe\/\",\"https:\/\/www.youtube.com\/channel\/UC7olgmdiSVEHZUiP554XozA\"]}]}<\/script>\n<!-- \/ Yoast SEO plugin. -->","yoast_head_json":{"title":"Suic\u00eddio na Europa: n\u00fameros e tend\u00eancias - ProLife Europe","description":"Os suic\u00eddios s\u00e3o tr\u00e1gicos e um problema em todos os pa\u00edses. N\u00e3o existe uma tend\u00eancia uniforme para as taxas de suic\u00eddio na Europa.","robots":{"index":"index","follow":"follow","max-snippet":"max-snippet:-1","max-image-preview":"max-image-preview:large","max-video-preview":"max-video-preview:-1"},"canonical":"https:\/\/prolifeeurope.org\/pt-pt\/informa-te\/suicidio-na-europa-numeros-e-tendencias\/","og_locale":"pt_PT","og_type":"article","og_title":"Suic\u00eddio na Europa: n\u00fameros e tend\u00eancias - ProLife Europe","og_description":"Os suic\u00eddios s\u00e3o tr\u00e1gicos e um problema em todos os pa\u00edses. N\u00e3o existe uma tend\u00eancia uniforme para as taxas de suic\u00eddio na Europa.","og_url":"https:\/\/prolifeeurope.org\/pt-pt\/informa-te\/suicidio-na-europa-numeros-e-tendencias\/","og_site_name":"ProLife Europe","article_publisher":"https:\/\/www.facebook.com\/ProLifeEurope\/","article_modified_time":"2025-03-26T18:45:17+00:00","twitter_card":"summary_large_image","twitter_misc":{"Tempo estimado de leitura":"2 minutos"},"schema":{"@context":"https:\/\/schema.org","@graph":[{"@type":"WebPage","@id":"https:\/\/prolifeeurope.org\/pt-pt\/informa-te\/suicidio-na-europa-numeros-e-tendencias\/","url":"https:\/\/prolifeeurope.org\/pt-pt\/informa-te\/suicidio-na-europa-numeros-e-tendencias\/","name":"Suic\u00eddio na Europa: n\u00fameros e tend\u00eancias - ProLife Europe","isPartOf":{"@id":"https:\/\/prolifeeurope.org\/pt-pt\/#website"},"datePublished":"2025-01-17T18:35:46+00:00","dateModified":"2025-03-26T18:45:17+00:00","description":"Os suic\u00eddios s\u00e3o tr\u00e1gicos e um problema em todos os pa\u00edses. N\u00e3o existe uma tend\u00eancia uniforme para as taxas de suic\u00eddio na Europa.","breadcrumb":{"@id":"https:\/\/prolifeeurope.org\/pt-pt\/informa-te\/suicidio-na-europa-numeros-e-tendencias\/#breadcrumb"},"inLanguage":"pt-PT","potentialAction":[{"@type":"ReadAction","target":["https:\/\/prolifeeurope.org\/pt-pt\/informa-te\/suicidio-na-europa-numeros-e-tendencias\/"]}]},{"@type":"BreadcrumbList","@id":"https:\/\/prolifeeurope.org\/pt-pt\/informa-te\/suicidio-na-europa-numeros-e-tendencias\/#breadcrumb","itemListElement":[{"@type":"ListItem","position":1,"name":"Home","item":"https:\/\/prolifeeurope.org\/pt-pt\/"},{"@type":"ListItem","position":2,"name":"Informa-te","item":"https:\/\/prolifeeurope.org\/pt-pt\/informa-te\/"},{"@type":"ListItem","position":3,"name":"Suic\u00eddio na Europa: n\u00fameros e tend\u00eancias"}]},{"@type":"WebSite","@id":"https:\/\/prolifeeurope.org\/pt-pt\/#website","url":"https:\/\/prolifeeurope.org\/pt-pt\/","name":"ProLife Europe","description":"","publisher":{"@id":"https:\/\/prolifeeurope.org\/pt-pt\/#organization"},"potentialAction":[{"@type":"SearchAction","target":{"@type":"EntryPoint","urlTemplate":"https:\/\/prolifeeurope.org\/pt-pt\/?s={search_term_string}"},"query-input":{"@type":"PropertyValueSpecification","valueRequired":true,"valueName":"search_term_string"}}],"inLanguage":"pt-PT"},{"@type":"Organization","@id":"https:\/\/prolifeeurope.org\/pt-pt\/#organization","name":"ProLife Europe","url":"https:\/\/prolifeeurope.org\/pt-pt\/","logo":{"@type":"ImageObject","inLanguage":"pt-PT","@id":"https:\/\/prolifeeurope.org\/pt-pt\/#\/schema\/logo\/image\/","url":"https:\/\/prolifeeurope.org\/wp-content\/uploads\/2024\/11\/logo-3.svg","contentUrl":"https:\/\/prolifeeurope.org\/wp-content\/uploads\/2024\/11\/logo-3.svg","width":166,"height":170,"caption":"ProLife Europe"},"image":{"@id":"https:\/\/prolifeeurope.org\/pt-pt\/#\/schema\/logo\/image\/"},"sameAs":["https:\/\/www.facebook.com\/ProLifeEurope\/","https:\/\/www.instagram.com\/prolife_europe\/","https:\/\/www.youtube.com\/channel\/UC7olgmdiSVEHZUiP554XozA"]}]}},"_links":{"self":[{"href":"https:\/\/prolifeeurope.org\/pt-pt\/wp-json\/wp\/v2\/pages\/2598","targetHints":{"allow":["GET"]}}],"collection":[{"href":"https:\/\/prolifeeurope.org\/pt-pt\/wp-json\/wp\/v2\/pages"}],"about":[{"href":"https:\/\/prolifeeurope.org\/pt-pt\/wp-json\/wp\/v2\/types\/page"}],"author":[{"embeddable":true,"href":"https:\/\/prolifeeurope.org\/pt-pt\/wp-json\/wp\/v2\/users\/14"}],"replies":[{"embeddable":true,"href":"https:\/\/prolifeeurope.org\/pt-pt\/wp-json\/wp\/v2\/comments?post=2598"}],"version-history":[{"count":3,"href":"https:\/\/prolifeeurope.org\/pt-pt\/wp-json\/wp\/v2\/pages\/2598\/revisions"}],"predecessor-version":[{"id":3461,"href":"https:\/\/prolifeeurope.org\/pt-pt\/wp-json\/wp\/v2\/pages\/2598\/revisions\/3461"}],"up":[{"embeddable":true,"href":"https:\/\/prolifeeurope.org\/pt-pt\/wp-json\/wp\/v2\/pages\/2808"}],"wp:attachment":[{"href":"https:\/\/prolifeeurope.org\/pt-pt\/wp-json\/wp\/v2\/media?parent=2598"}],"wp:term":[{"taxonomy":"topic","embeddable":true,"href":"https:\/\/prolifeeurope.org\/pt-pt\/wp-json\/wp\/v2\/topic?post=2598"}],"curies":[{"name":"wp","href":"https:\/\/api.w.org\/{rel}","templated":true}]}}