{"id":2492,"date":"2024-11-28T21:42:48","date_gmt":"2024-11-28T20:42:48","guid":{"rendered":"https:\/\/ws-staging.prolifeeurope.org\/merch\/"},"modified":"2025-03-26T20:35:02","modified_gmt":"2025-03-26T19:35:02","slug":"merch","status":"publish","type":"page","link":"https:\/\/prolifeeurope.org\/pt-pt\/merch\/","title":{"rendered":"Merch"},"content":{"rendered":"\r\n<section  class=\"bg-cream\">\r\n    <div class=\"wide py-6 grid items-center ~gap-5\/10 xl:gap-0 md:grid-cols-2\">\r\n        <div>\r\n            <h1 class=\"text-body\/[90%] font-bold ~text-56\/9xl ~leading-56\/110 ~-tracking-3\/11 ~mb-5\/8 [&#038;_span]:text-orange\">Merch: <span>Espalha a mensagem<\/span><\/h1>\r\n            <p class=\"text-lg text-body\/[75%] md:max-w-560px\">Produtos para usar com orgulho e mostrar o teu compromisso com a vida. Cada compra ajuda a espalhar a mensagem e impulsiona a nossa miss\u00e3o. <\/p>\r\n        <\/div>\r\n        <div>\r\n            <img loading=\"lazy\" decoding=\"async\" width=\"1137\" height=\"1500\" src=\"https:\/\/prolifeeurope.org\/wp-content\/uploads\/2025\/01\/ple-merch-navy-tee-2.jpg\" class=\"md:mx-auto\" alt=\"\" srcset=\"https:\/\/prolifeeurope.org\/wp-content\/uploads\/2025\/01\/ple-merch-navy-tee-2.jpg 1137w, https:\/\/prolifeeurope.org\/wp-content\/uploads\/2025\/01\/ple-merch-navy-tee-2-227x300.jpg 227w, https:\/\/prolifeeurope.org\/wp-content\/uploads\/2025\/01\/ple-merch-navy-tee-2-776x1024.jpg 776w, https:\/\/prolifeeurope.org\/wp-content\/uploads\/2025\/01\/ple-merch-navy-tee-2-768x1013.jpg 768w\" sizes=\"auto, (max-width: 1137px) 100vw, 1137px\" \/>        <\/div>\r\n    <\/div>\r\n<\/section>\n<section  style=\"background-color:#ffde43\">\n    <div class=\"main grid grid-cols-1 items-center ~md:~gap-10\/36 ~py-60px\/100px md:grid-cols-2\">\n        <div class=\"content flex flex-col items-start ~gap-y-26px\/8 md:max-w-460px md:order-1\">\n            <h2 class=\"heading text-body\/[90%]  \">T-shirts<\/h2>\n                                        <div class=\"hidden\">\n                    <img loading=\"lazy\" decoding=\"async\" width=\"896\" height=\"1246\" src=\"https:\/\/prolifeeurope.org\/wp-content\/uploads\/2025\/01\/ple-merch-gray-tee-4.jpg\" class=\"attachment-full size-full\" alt=\"\" srcset=\"https:\/\/prolifeeurope.org\/wp-content\/uploads\/2025\/01\/ple-merch-gray-tee-4.jpg 896w, https:\/\/prolifeeurope.org\/wp-content\/uploads\/2025\/01\/ple-merch-gray-tee-4-216x300.jpg 216w, https:\/\/prolifeeurope.org\/wp-content\/uploads\/2025\/01\/ple-merch-gray-tee-4-736x1024.jpg 736w, https:\/\/prolifeeurope.org\/wp-content\/uploads\/2025\/01\/ple-merch-gray-tee-4-768x1068.jpg 768w\" sizes=\"auto, (max-width: 896px) 100vw, 896px\" \/>                <\/div>\n                                        <p class=\"text-lg text-body\/[75%] [&#038;_span]:text-orange\">Fabricadas com 100% algod\u00e3o de alta qualidade, as nossas t-shirts s\u00e3o feitas para durar e os nossos designs para brilhar. Mostra o teu apoio pela causa pr\u00f3-vida com conforto e estilo, que podes usar com orgulho todos os dias. <\/p>\n            \t                                                <a class=\"btn text-center \" href=\"https:\/\/prolifeeurope.myshopify.com\/en\/\" role=\"button\" target=\"_blank\">\n                    Visita a loja PLE.                                    <\/a>\n                                <\/div>\n                    <div class=\"image-wrapper \">\n                <img loading=\"lazy\" decoding=\"async\" width=\"896\" height=\"1246\" src=\"https:\/\/prolifeeurope.org\/wp-content\/uploads\/2025\/01\/ple-merch-gray-tee-4.jpg\" class=\"attachment-full size-full\" alt=\"\" srcset=\"https:\/\/prolifeeurope.org\/wp-content\/uploads\/2025\/01\/ple-merch-gray-tee-4.jpg 896w, https:\/\/prolifeeurope.org\/wp-content\/uploads\/2025\/01\/ple-merch-gray-tee-4-216x300.jpg 216w, https:\/\/prolifeeurope.org\/wp-content\/uploads\/2025\/01\/ple-merch-gray-tee-4-736x1024.jpg 736w, https:\/\/prolifeeurope.org\/wp-content\/uploads\/2025\/01\/ple-merch-gray-tee-4-768x1068.jpg 768w\" sizes=\"auto, (max-width: 896px) 100vw, 896px\" \/>            <\/div>\n                    <\/div>\n<\/section>\n<section  style=\"background-color:#eae3d0\">\n    <div class=\"main grid grid-cols-1 items-center ~md:~gap-10\/36 ~py-60px\/100px md:grid-cols-2\">\n        <div class=\"content flex flex-col items-start ~gap-y-26px\/8 md:max-w-460px \">\n            <h2 class=\"heading text-body\/[90%]  \">Sweatshirts<\/h2>\n                                        <div class=\"hidden\">\n                    <img loading=\"lazy\" decoding=\"async\" width=\"896\" height=\"1280\" src=\"https:\/\/prolifeeurope.org\/wp-content\/uploads\/2025\/01\/ple-merch-gray-sweatshirt-2.jpg\" class=\"attachment-full size-full\" alt=\"\" srcset=\"https:\/\/prolifeeurope.org\/wp-content\/uploads\/2025\/01\/ple-merch-gray-sweatshirt-2.jpg 896w, https:\/\/prolifeeurope.org\/wp-content\/uploads\/2025\/01\/ple-merch-gray-sweatshirt-2-210x300.jpg 210w, https:\/\/prolifeeurope.org\/wp-content\/uploads\/2025\/01\/ple-merch-gray-sweatshirt-2-717x1024.jpg 717w, https:\/\/prolifeeurope.org\/wp-content\/uploads\/2025\/01\/ple-merch-gray-sweatshirt-2-768x1097.jpg 768w\" sizes=\"auto, (max-width: 896px) 100vw, 896px\" \/>                <\/div>\n                                        <p class=\"text-lg text-body\/[75%] [&#038;_span]:text-orange\">Feitas com 100% algod\u00e3o dur\u00e1vel, estas sweatshirts oferecem calor e conforto duradouros. Perfeitas para dias mais frescos e para looks em camadas, cada pe\u00e7a \u00e9 desenhada para que possas usar os teus valores onde quer que v\u00e1s. <\/p>\n            \t                                                <a class=\"btn text-center \" href=\"https:\/\/prolifeeurope.myshopify.com\/en\/\" role=\"button\" target=\"_blank\">\n                    Visita a loja PLE.                                    <\/a>\n                                <\/div>\n                    <div class=\"image-wrapper \">\n                <img loading=\"lazy\" decoding=\"async\" width=\"896\" height=\"1280\" src=\"https:\/\/prolifeeurope.org\/wp-content\/uploads\/2025\/01\/ple-merch-gray-sweatshirt-2.jpg\" class=\"attachment-full size-full\" alt=\"\" srcset=\"https:\/\/prolifeeurope.org\/wp-content\/uploads\/2025\/01\/ple-merch-gray-sweatshirt-2.jpg 896w, https:\/\/prolifeeurope.org\/wp-content\/uploads\/2025\/01\/ple-merch-gray-sweatshirt-2-210x300.jpg 210w, https:\/\/prolifeeurope.org\/wp-content\/uploads\/2025\/01\/ple-merch-gray-sweatshirt-2-717x1024.jpg 717w, https:\/\/prolifeeurope.org\/wp-content\/uploads\/2025\/01\/ple-merch-gray-sweatshirt-2-768x1097.jpg 768w\" sizes=\"auto, (max-width: 896px) 100vw, 896px\" \/>            <\/div>\n                    <\/div>\n<\/section>\n<section  style=\"background-color:#f36025\">\n    <div class=\"main grid grid-cols-1 items-center ~md:~gap-10\/36 ~py-60px\/100px md:grid-cols-2\">\n        <div class=\"content flex flex-col items-start ~gap-y-26px\/8 md:max-w-460px md:order-1\">\n            <h2 class=\"heading text-body\/[90%]  \">Autocolantes e Acess\u00f3rios<\/h2>\n                                        <div class=\"hidden\">\n                    <img loading=\"lazy\" decoding=\"async\" width=\"560\" height=\"560\" src=\"https:\/\/prolifeeurope.org\/wp-content\/uploads\/2024\/11\/Group-262-4.jpg\" class=\"attachment-full size-full\" alt=\"\" srcset=\"https:\/\/prolifeeurope.org\/wp-content\/uploads\/2024\/11\/Group-262-4.jpg 560w, https:\/\/prolifeeurope.org\/wp-content\/uploads\/2024\/11\/Group-262-4-300x300.jpg 300w, https:\/\/prolifeeurope.org\/wp-content\/uploads\/2024\/11\/Group-262-4-150x150.jpg 150w\" sizes=\"auto, (max-width: 560px) 100vw, 560px\" \/>                <\/div>\n                                        <p class=\"text-lg text-body\/[75%] [&#038;_span]:text-orange\">Adiciona um toque de prop\u00f3sito \u00e0 tua vida com a nossa gama de autocolantes, porta-chaves, \u00edmans e muito mais. Estes acess\u00f3rios s\u00e3o perfeitos para expressar o teu apoio, espalhar a mensagem e criar uma cultura de vida, independentemente de onde estejas. <\/p>\n            \t                                                <a class=\"btn text-center \" href=\"https:\/\/prolifeeurope.myshopify.com\/en\/\" role=\"button\" target=\"_blank\">\n                    Visita a loja PLE.                                    <\/a>\n                                <\/div>\n                    <div class=\"image-wrapper \">\n                <img loading=\"lazy\" decoding=\"async\" width=\"560\" height=\"560\" src=\"https:\/\/prolifeeurope.org\/wp-content\/uploads\/2024\/11\/Group-262-4.jpg\" class=\"attachment-full size-full\" alt=\"\" srcset=\"https:\/\/prolifeeurope.org\/wp-content\/uploads\/2024\/11\/Group-262-4.jpg 560w, https:\/\/prolifeeurope.org\/wp-content\/uploads\/2024\/11\/Group-262-4-300x300.jpg 300w, https:\/\/prolifeeurope.org\/wp-content\/uploads\/2024\/11\/Group-262-4-150x150.jpg 150w\" sizes=\"auto, (max-width: 560px) 100vw, 560px\" \/>            <\/div>\n                    <\/div>\n<\/section>","protected":false},"excerpt":{"rendered":"","protected":false},"author":14,"featured_media":0,"parent":0,"menu_order":0,"comment_status":"closed","ping_status":"closed","template":"","meta":{"_acf_changed":false,"_monsterinsights_skip_tracking":false,"_monsterinsights_sitenote_active":false,"_monsterinsights_sitenote_note":"","_monsterinsights_sitenote_category":0,"footnotes":""},"topic":[],"class_list":["post-2492","page","type-page","status-publish","hentry"],"acf":[],"yoast_head":"<!-- This site is optimized with the Yoast SEO plugin v27.2 - https:\/\/yoast.com\/product\/yoast-seo-wordpress\/ -->\n<title>Merch - ProLife Europe<\/title>\n<meta name=\"description\" content=\"Produtos para usar com orgulho e mostrar o teu compromisso com a vida. Cada compra ajuda a espalhar a mensagem e impulsiona a nossa miss\u00e3o.\" \/>\n<meta name=\"robots\" content=\"index, follow, max-snippet:-1, max-image-preview:large, max-video-preview:-1\" \/>\n<link rel=\"canonical\" href=\"https:\/\/prolifeeurope.org\/pt-pt\/merch\/\" \/>\n<meta property=\"og:locale\" content=\"pt_PT\" \/>\n<meta property=\"og:type\" content=\"article\" \/>\n<meta property=\"og:title\" content=\"Merch - ProLife Europe\" \/>\n<meta property=\"og:description\" content=\"Produtos para usar com orgulho e mostrar o teu compromisso com a vida. Cada compra ajuda a espalhar a mensagem e impulsiona a nossa miss\u00e3o.\" \/>\n<meta property=\"og:url\" content=\"https:\/\/prolifeeurope.org\/pt-pt\/merch\/\" \/>\n<meta property=\"og:site_name\" content=\"ProLife Europe\" \/>\n<meta property=\"article:publisher\" content=\"https:\/\/www.facebook.com\/ProLifeEurope\/\" \/>\n<meta property=\"article:modified_time\" content=\"2025-03-26T19:35:02+00:00\" \/>\n<meta name=\"twitter:card\" content=\"summary_large_image\" \/>\n<script type=\"application\/ld+json\" class=\"yoast-schema-graph\">{\"@context\":\"https:\/\/schema.org\",\"@graph\":[{\"@type\":\"WebPage\",\"@id\":\"https:\/\/prolifeeurope.org\/pt-pt\/merch\/\",\"url\":\"https:\/\/prolifeeurope.org\/pt-pt\/merch\/\",\"name\":\"Merch - ProLife Europe\",\"isPartOf\":{\"@id\":\"https:\/\/prolifeeurope.org\/pt-pt\/#website\"},\"datePublished\":\"2024-11-28T20:42:48+00:00\",\"dateModified\":\"2025-03-26T19:35:02+00:00\",\"description\":\"Produtos para usar com orgulho e mostrar o teu compromisso com a vida. Cada compra ajuda a espalhar a mensagem e impulsiona a nossa miss\u00e3o.\",\"breadcrumb\":{\"@id\":\"https:\/\/prolifeeurope.org\/pt-pt\/merch\/#breadcrumb\"},\"inLanguage\":\"pt-PT\",\"potentialAction\":[{\"@type\":\"ReadAction\",\"target\":[\"https:\/\/prolifeeurope.org\/pt-pt\/merch\/\"]}]},{\"@type\":\"BreadcrumbList\",\"@id\":\"https:\/\/prolifeeurope.org\/pt-pt\/merch\/#breadcrumb\",\"itemListElement\":[{\"@type\":\"ListItem\",\"position\":1,\"name\":\"Home\",\"item\":\"https:\/\/prolifeeurope.org\/pt-pt\/\"},{\"@type\":\"ListItem\",\"position\":2,\"name\":\"Merch\"}]},{\"@type\":\"WebSite\",\"@id\":\"https:\/\/prolifeeurope.org\/pt-pt\/#website\",\"url\":\"https:\/\/prolifeeurope.org\/pt-pt\/\",\"name\":\"ProLife Europe\",\"description\":\"\",\"publisher\":{\"@id\":\"https:\/\/prolifeeurope.org\/pt-pt\/#organization\"},\"potentialAction\":[{\"@type\":\"SearchAction\",\"target\":{\"@type\":\"EntryPoint\",\"urlTemplate\":\"https:\/\/prolifeeurope.org\/pt-pt\/?s={search_term_string}\"},\"query-input\":{\"@type\":\"PropertyValueSpecification\",\"valueRequired\":true,\"valueName\":\"search_term_string\"}}],\"inLanguage\":\"pt-PT\"},{\"@type\":\"Organization\",\"@id\":\"https:\/\/prolifeeurope.org\/pt-pt\/#organization\",\"name\":\"ProLife Europe\",\"url\":\"https:\/\/prolifeeurope.org\/pt-pt\/\",\"logo\":{\"@type\":\"ImageObject\",\"inLanguage\":\"pt-PT\",\"@id\":\"https:\/\/prolifeeurope.org\/pt-pt\/#\/schema\/logo\/image\/\",\"url\":\"https:\/\/prolifeeurope.org\/wp-content\/uploads\/2024\/11\/logo-3.svg\",\"contentUrl\":\"https:\/\/prolifeeurope.org\/wp-content\/uploads\/2024\/11\/logo-3.svg\",\"width\":166,\"height\":170,\"caption\":\"ProLife Europe\"},\"image\":{\"@id\":\"https:\/\/prolifeeurope.org\/pt-pt\/#\/schema\/logo\/image\/\"},\"sameAs\":[\"https:\/\/www.facebook.com\/ProLifeEurope\/\",\"https:\/\/www.instagram.com\/prolife_europe\/\",\"https:\/\/www.youtube.com\/channel\/UC7olgmdiSVEHZUiP554XozA\"]}]}<\/script>\n<!-- \/ Yoast SEO plugin. -->","yoast_head_json":{"title":"Merch - ProLife Europe","description":"Produtos para usar com orgulho e mostrar o teu compromisso com a vida. Cada compra ajuda a espalhar a mensagem e impulsiona a nossa miss\u00e3o.","robots":{"index":"index","follow":"follow","max-snippet":"max-snippet:-1","max-image-preview":"max-image-preview:large","max-video-preview":"max-video-preview:-1"},"canonical":"https:\/\/prolifeeurope.org\/pt-pt\/merch\/","og_locale":"pt_PT","og_type":"article","og_title":"Merch - ProLife Europe","og_description":"Produtos para usar com orgulho e mostrar o teu compromisso com a vida. Cada compra ajuda a espalhar a mensagem e impulsiona a nossa miss\u00e3o.","og_url":"https:\/\/prolifeeurope.org\/pt-pt\/merch\/","og_site_name":"ProLife Europe","article_publisher":"https:\/\/www.facebook.com\/ProLifeEurope\/","article_modified_time":"2025-03-26T19:35:02+00:00","twitter_card":"summary_large_image","schema":{"@context":"https:\/\/schema.org","@graph":[{"@type":"WebPage","@id":"https:\/\/prolifeeurope.org\/pt-pt\/merch\/","url":"https:\/\/prolifeeurope.org\/pt-pt\/merch\/","name":"Merch - ProLife Europe","isPartOf":{"@id":"https:\/\/prolifeeurope.org\/pt-pt\/#website"},"datePublished":"2024-11-28T20:42:48+00:00","dateModified":"2025-03-26T19:35:02+00:00","description":"Produtos para usar com orgulho e mostrar o teu compromisso com a vida. Cada compra ajuda a espalhar a mensagem e impulsiona a nossa miss\u00e3o.","breadcrumb":{"@id":"https:\/\/prolifeeurope.org\/pt-pt\/merch\/#breadcrumb"},"inLanguage":"pt-PT","potentialAction":[{"@type":"ReadAction","target":["https:\/\/prolifeeurope.org\/pt-pt\/merch\/"]}]},{"@type":"BreadcrumbList","@id":"https:\/\/prolifeeurope.org\/pt-pt\/merch\/#breadcrumb","itemListElement":[{"@type":"ListItem","position":1,"name":"Home","item":"https:\/\/prolifeeurope.org\/pt-pt\/"},{"@type":"ListItem","position":2,"name":"Merch"}]},{"@type":"WebSite","@id":"https:\/\/prolifeeurope.org\/pt-pt\/#website","url":"https:\/\/prolifeeurope.org\/pt-pt\/","name":"ProLife Europe","description":"","publisher":{"@id":"https:\/\/prolifeeurope.org\/pt-pt\/#organization"},"potentialAction":[{"@type":"SearchAction","target":{"@type":"EntryPoint","urlTemplate":"https:\/\/prolifeeurope.org\/pt-pt\/?s={search_term_string}"},"query-input":{"@type":"PropertyValueSpecification","valueRequired":true,"valueName":"search_term_string"}}],"inLanguage":"pt-PT"},{"@type":"Organization","@id":"https:\/\/prolifeeurope.org\/pt-pt\/#organization","name":"ProLife Europe","url":"https:\/\/prolifeeurope.org\/pt-pt\/","logo":{"@type":"ImageObject","inLanguage":"pt-PT","@id":"https:\/\/prolifeeurope.org\/pt-pt\/#\/schema\/logo\/image\/","url":"https:\/\/prolifeeurope.org\/wp-content\/uploads\/2024\/11\/logo-3.svg","contentUrl":"https:\/\/prolifeeurope.org\/wp-content\/uploads\/2024\/11\/logo-3.svg","width":166,"height":170,"caption":"ProLife Europe"},"image":{"@id":"https:\/\/prolifeeurope.org\/pt-pt\/#\/schema\/logo\/image\/"},"sameAs":["https:\/\/www.facebook.com\/ProLifeEurope\/","https:\/\/www.instagram.com\/prolife_europe\/","https:\/\/www.youtube.com\/channel\/UC7olgmdiSVEHZUiP554XozA"]}]}},"_links":{"self":[{"href":"https:\/\/prolifeeurope.org\/pt-pt\/wp-json\/wp\/v2\/pages\/2492","targetHints":{"allow":["GET"]}}],"collection":[{"href":"https:\/\/prolifeeurope.org\/pt-pt\/wp-json\/wp\/v2\/pages"}],"about":[{"href":"https:\/\/prolifeeurope.org\/pt-pt\/wp-json\/wp\/v2\/types\/page"}],"author":[{"embeddable":true,"href":"https:\/\/prolifeeurope.org\/pt-pt\/wp-json\/wp\/v2\/users\/14"}],"replies":[{"embeddable":true,"href":"https:\/\/prolifeeurope.org\/pt-pt\/wp-json\/wp\/v2\/comments?post=2492"}],"version-history":[{"count":10,"href":"https:\/\/prolifeeurope.org\/pt-pt\/wp-json\/wp\/v2\/pages\/2492\/revisions"}],"predecessor-version":[{"id":3470,"href":"https:\/\/prolifeeurope.org\/pt-pt\/wp-json\/wp\/v2\/pages\/2492\/revisions\/3470"}],"wp:attachment":[{"href":"https:\/\/prolifeeurope.org\/pt-pt\/wp-json\/wp\/v2\/media?parent=2492"}],"wp:term":[{"taxonomy":"topic","embeddable":true,"href":"https:\/\/prolifeeurope.org\/pt-pt\/wp-json\/wp\/v2\/topic?post=2492"}],"curies":[{"name":"wp","href":"https:\/\/api.w.org\/{rel}","templated":true}]}}