{"id":6094,"date":"2025-01-21T23:13:58","date_gmt":"2025-01-21T22:13:58","guid":{"rendered":"https:\/\/prolifeeurope.org\/baza-wiedzy\/samobojstwa-wsrod-mlodziezy\/"},"modified":"2026-04-17T15:48:42","modified_gmt":"2026-04-17T13:48:42","slug":"samobojstwa-wsrod-mlodziezy","status":"publish","type":"page","link":"https:\/\/prolifeeurope.org\/pl\/baza-wiedzy\/samobojstwa-wsrod-mlodziezy\/","title":{"rendered":"Samob\u00f3jstwa wsr\u00f3d m\u0142odzie\u017cy"},"content":{"rendered":"\n<p>Wzrost liczby samob\u00f3jstw w\u015br\u00f3d m\u0142odzie\u017cy w Europie staje si\u0119 coraz wi\u0119kszym problemem, a dane pokazuj\u0105 niepokoj\u0105cy odsetek samob\u00f3jstw tej grupy wiekowej w r\u00f3\u017cnych regionach.<br\/><\/p>\n\n<h2 class=\"wp-block-heading\">Og\u00f3lne tendencje:<\/h2>\n\n<ul class=\"wp-block-list\">\n<li><strong>Wzrost liczby samob\u00f3jstw w czasie pandemii<\/strong>: Wska\u017aniki samob\u00f3jstw w\u015br\u00f3d m\u0142odzie\u017cy w Europie wzros\u0142y podczas pandemii COVID-19, a wiele kraj\u00f3w odnotowa\u0142o nasilenie problem\u00f3w ze zdrowiem psychicznym w\u015br\u00f3d nastolatk\u00f3w. Do czynnik\u00f3w przyczyniaj\u0105cych si\u0119 do pr\u00f3b pope\u0142nienia samob\u00f3jstwa nale\u017ca\u0142y izolacja spo\u0142eczna, l\u0119k o przysz\u0142o\u015b\u0107 oraz zak\u0142\u00f3cenia w edukacji. <\/li>\n<\/ul>\n\n<ul class=\"wp-block-list\">\n<li><strong>Wcze\u015bniejsze spadki: <\/strong>Przed pandemi\u0105 wiele kraj\u00f3w europejskich odnotowywa\u0142o stopniowy spadek liczby samob\u00f3jstw w\u015br\u00f3d m\u0142odzie\u017cy, g\u0142\u00f3wnie dzi\u0119ki zwi\u0119kszonej \u015bwiadomo\u015bci zdrowia psychicznego oraz programom zapobiegania samob\u00f3jstw.<\/li>\n<\/ul>\n\n<h2 class=\"wp-block-heading\">Zmiany w poszczeg\u00f3lnych krajach:<\/h2>\n\n<ul class=\"wp-block-list\">\n<li><strong>Wielka Brytania:<\/strong> Wska\u017aniki samob\u00f3jstw w\u015br\u00f3d os\u00f3b w wieku 10\u201324 lat wzros\u0142y w ostatnich latach, szczeg\u00f3lnie w\u015br\u00f3d m\u0142odych kobiet. W latach 2013\u20132020 wska\u017anik dla kobiet w tej grupie wiekowej wzr\u00f3s\u0142 o 93%. <\/li>\n\n\n\n<li><strong>Francja:<\/strong> Francja ma jeden z najwy\u017cszych wska\u017anik\u00f3w samob\u00f3jstw w\u015br\u00f3d m\u0142odzie\u017cy w Europie Zachodniej. W ostatnich latach wska\u017anik samob\u00f3jstw w\u015br\u00f3d nastolatk\u00f3w (zw\u0142aszcza w wieku 15\u201319 lat) pozostaje niepokoj\u0105cy, a system opieki zdrowia psychicznego jest przeci\u0105\u017cony. <\/li>\n\n\n\n<li><strong>Niemcy: <\/strong>Liczba samob\u00f3jstw w\u015br\u00f3d m\u0142odzie\u017cy w Niemczech pozostawa\u0142a stosunkowo stabilna przed pandemi\u0105, ale odnotowano niewielki wzrost w latach 2020\u20132021. Szczeg\u00f3lnie nastolatkowie do\u015bwiadczyli nasilenia zaburze\u0144 psychicznych w zwi\u0105zku z pandemi\u0105. <\/li>\n<\/ul>\n\n<ul class=\"wp-block-list\">\n<li><strong>Szwecja:<\/strong> W Szwecji odnotowano wzrost liczby samob\u00f3jstw w\u015br\u00f3d m\u0142odzie\u017cy, szczeg\u00f3lnie w grupie wiekowej 15\u201324 lata. Eksperci przypisuj\u0105 to d\u0142ugotrwa\u0142ej izolacji, problemom ze zdrowiem psychicznym oraz ograniczonemu dost\u0119powi do o\u015brodk\u00f3w wsparcia psychololicznego i psychicznego. <\/li>\n<\/ul>\n\n<h2 class=\"wp-block-heading\">Czynniki przyczyniaj\u0105ce si\u0119 do samob\u00f3jstw w\u015br\u00f3d m\u0142odzie\u017cy:<\/h2>\n\n<ul class=\"wp-block-list\">\n<li><strong>Zdrowie psychiczne: <\/strong>Powszechne problemy ze zdrowiem psychicznym, w tym depresja, l\u0119k oraz nadu\u017cywanie substancji, s\u0105 kluczowymi czynnikami przyczyniaj\u0105cymi si\u0119 do samob\u00f3jstw w\u015br\u00f3d m\u0142odzie\u017cy.<\/li>\n\n\n\n<li><strong>Media spo\u0142eczno\u015bciowe: <\/strong>Nadmierne korzystanie z medi\u00f3w spo\u0142eczno\u015bciowych, szczeg\u00f3lnie w czasie pandemii, zwi\u0105zane z cyberprzemoc\u0105, problemami z obrazem w\u0142asnego cia\u0142a oraz por\u00f3wnywaniem si\u0119 z innymi, powoduje nasilenie sk\u0142onno\u015bci samob\u00f3jczych w\u015br\u00f3d m\u0142odych ludzi.<\/li>\n<\/ul>\n\n<ul class=\"wp-block-list\">\n<li><strong>Presja ekonomiczna i edukacyjna: <\/strong>Spowolnienia rozwoju gospodarczego oraz wysokie wymagania edukacyjne w niekt\u00f3rych krajach s\u0105 r\u00f3wnie\u017c zwi\u0105zane ze wzrostem stresu i zachowa\u0144 samob\u00f3jczych w\u015br\u00f3d m\u0142odzie\u017cy.<\/li>\n<\/ul>\n\n<p>Wzrost liczby samob\u00f3jstw w\u015br\u00f3d m\u0142odzie\u017cy w Europie sk\u0142oni\u0142 wiele kraj\u00f3w do ponownej oceny system\u00f3w opieki zdrowia psychicznego oraz strategii prewencyjnych, jednak wci\u0105\u017c pozostaje wiele do zrobienia, zw\u0142aszcza w zakresie zapewnienia terminowego i odpowiedniego wsparcia dla m\u0142odzie\u017cy zagro\u017conej.<\/p>\n","protected":false},"excerpt":{"rendered":"<p>Wzrost liczby samob\u00f3jstw w\u015br\u00f3d m\u0142odzie\u017cy w Europie staje si\u0119 coraz wi\u0119kszym problemem, a dane pokazuj\u0105 niepokoj\u0105cy odsetek samob\u00f3jstw tej grupy wiekowej w r\u00f3\u017cnych regionach. Og\u00f3lne tendencje: Zmiany w poszczeg\u00f3lnych krajach:<a href=\"https:\/\/prolifeeurope.org\/pl\/baza-wiedzy\/samobojstwa-wsrod-mlodziezy\/\">Continue reading <span class=\"sr-only\">&#8222;Samob\u00f3jstwa wsr\u00f3d m\u0142odzie\u017cy&#8221;<\/span><\/a><\/p>\n","protected":false},"author":14,"featured_media":0,"parent":3710,"menu_order":0,"comment_status":"closed","ping_status":"closed","template":"page-topic.php","meta":{"_acf_changed":false,"_monsterinsights_skip_tracking":false,"_monsterinsights_sitenote_active":false,"_monsterinsights_sitenote_note":"","_monsterinsights_sitenote_category":0,"footnotes":""},"topic":[],"class_list":["post-6094","page","type-page","status-publish","hentry"],"acf":[],"yoast_head":"<!-- This site is optimized with the Yoast SEO plugin v27.2 - https:\/\/yoast.com\/product\/yoast-seo-wordpress\/ -->\n<title>Samob\u00f3jstwa wsr\u00f3d m\u0142odzie\u017cy - ProLife Europe<\/title>\n<meta name=\"description\" content=\"Rozw\u00f3j wska\u017anik\u00f3w samob\u00f3jstw w\u015br\u00f3d m\u0142odzie\u017cy w Europie staje si\u0119 coraz wi\u0119kszym powodem do niepokoju. Niekt\u00f3re grupy s\u0105 szczeg\u00f3lnie dotkni\u0119te tym problemem.\" \/>\n<meta name=\"robots\" content=\"index, follow, max-snippet:-1, max-image-preview:large, max-video-preview:-1\" \/>\n<link rel=\"canonical\" href=\"https:\/\/prolifeeurope.org\/pl\/baza-wiedzy\/samobojstwa-wsrod-mlodziezy\/\" \/>\n<meta property=\"og:locale\" content=\"pl_PL\" \/>\n<meta property=\"og:type\" content=\"article\" \/>\n<meta property=\"og:title\" content=\"Samob\u00f3jstwa wsr\u00f3d m\u0142odzie\u017cy - ProLife Europe\" \/>\n<meta property=\"og:description\" content=\"Rozw\u00f3j wska\u017anik\u00f3w samob\u00f3jstw w\u015br\u00f3d m\u0142odzie\u017cy w Europie staje si\u0119 coraz wi\u0119kszym powodem do niepokoju. Niekt\u00f3re grupy s\u0105 szczeg\u00f3lnie dotkni\u0119te tym problemem.\" \/>\n<meta property=\"og:url\" content=\"https:\/\/prolifeeurope.org\/pl\/baza-wiedzy\/samobojstwa-wsrod-mlodziezy\/\" \/>\n<meta property=\"og:site_name\" content=\"ProLife Europe\" \/>\n<meta property=\"article:publisher\" content=\"https:\/\/www.facebook.com\/ProLifeEurope\/\" \/>\n<meta property=\"article:modified_time\" content=\"2026-04-17T13:48:42+00:00\" \/>\n<meta name=\"twitter:card\" content=\"summary_large_image\" \/>\n<meta name=\"twitter:label1\" content=\"Szacowany czas czytania\" \/>\n\t<meta name=\"twitter:data1\" content=\"2 minuta\" \/>\n<script type=\"application\/ld+json\" class=\"yoast-schema-graph\">{\"@context\":\"https:\/\/schema.org\",\"@graph\":[{\"@type\":\"WebPage\",\"@id\":\"https:\/\/prolifeeurope.org\/pl\/baza-wiedzy\/samobojstwa-wsrod-mlodziezy\/\",\"url\":\"https:\/\/prolifeeurope.org\/pl\/baza-wiedzy\/samobojstwa-wsrod-mlodziezy\/\",\"name\":\"Samob\u00f3jstwa wsr\u00f3d m\u0142odzie\u017cy - ProLife Europe\",\"isPartOf\":{\"@id\":\"https:\/\/prolifeeurope.org\/pl\/#website\"},\"datePublished\":\"2025-01-21T22:13:58+00:00\",\"dateModified\":\"2026-04-17T13:48:42+00:00\",\"description\":\"Rozw\u00f3j wska\u017anik\u00f3w samob\u00f3jstw w\u015br\u00f3d m\u0142odzie\u017cy w Europie staje si\u0119 coraz wi\u0119kszym powodem do niepokoju. Niekt\u00f3re grupy s\u0105 szczeg\u00f3lnie dotkni\u0119te tym problemem.\",\"breadcrumb\":{\"@id\":\"https:\/\/prolifeeurope.org\/pl\/baza-wiedzy\/samobojstwa-wsrod-mlodziezy\/#breadcrumb\"},\"inLanguage\":\"pl-PL\",\"potentialAction\":[{\"@type\":\"ReadAction\",\"target\":[\"https:\/\/prolifeeurope.org\/pl\/baza-wiedzy\/samobojstwa-wsrod-mlodziezy\/\"]}]},{\"@type\":\"BreadcrumbList\",\"@id\":\"https:\/\/prolifeeurope.org\/pl\/baza-wiedzy\/samobojstwa-wsrod-mlodziezy\/#breadcrumb\",\"itemListElement\":[{\"@type\":\"ListItem\",\"position\":1,\"name\":\"Home\",\"item\":\"https:\/\/prolifeeurope.org\/pl\/\"},{\"@type\":\"ListItem\",\"position\":2,\"name\":\"Baza wiedzy\",\"item\":\"https:\/\/prolifeeurope.org\/pl\/baza-wiedzy\/\"},{\"@type\":\"ListItem\",\"position\":3,\"name\":\"Samob\u00f3jstwa wsr\u00f3d m\u0142odzie\u017cy\"}]},{\"@type\":\"WebSite\",\"@id\":\"https:\/\/prolifeeurope.org\/pl\/#website\",\"url\":\"https:\/\/prolifeeurope.org\/pl\/\",\"name\":\"ProLife Europe\",\"description\":\"\",\"publisher\":{\"@id\":\"https:\/\/prolifeeurope.org\/pl\/#organization\"},\"potentialAction\":[{\"@type\":\"SearchAction\",\"target\":{\"@type\":\"EntryPoint\",\"urlTemplate\":\"https:\/\/prolifeeurope.org\/pl\/?s={search_term_string}\"},\"query-input\":{\"@type\":\"PropertyValueSpecification\",\"valueRequired\":true,\"valueName\":\"search_term_string\"}}],\"inLanguage\":\"pl-PL\"},{\"@type\":\"Organization\",\"@id\":\"https:\/\/prolifeeurope.org\/pl\/#organization\",\"name\":\"ProLife Europe\",\"url\":\"https:\/\/prolifeeurope.org\/pl\/\",\"logo\":{\"@type\":\"ImageObject\",\"inLanguage\":\"pl-PL\",\"@id\":\"https:\/\/prolifeeurope.org\/pl\/#\/schema\/logo\/image\/\",\"url\":\"https:\/\/prolifeeurope.org\/wp-content\/uploads\/2024\/11\/logo-3.svg\",\"contentUrl\":\"https:\/\/prolifeeurope.org\/wp-content\/uploads\/2024\/11\/logo-3.svg\",\"width\":166,\"height\":170,\"caption\":\"ProLife Europe\"},\"image\":{\"@id\":\"https:\/\/prolifeeurope.org\/pl\/#\/schema\/logo\/image\/\"},\"sameAs\":[\"https:\/\/www.facebook.com\/ProLifeEurope\/\",\"https:\/\/www.instagram.com\/prolife_europe\/\",\"https:\/\/www.youtube.com\/channel\/UC7olgmdiSVEHZUiP554XozA\"]}]}<\/script>\n<!-- \/ Yoast SEO plugin. -->","yoast_head_json":{"title":"Samob\u00f3jstwa wsr\u00f3d m\u0142odzie\u017cy - ProLife Europe","description":"Rozw\u00f3j wska\u017anik\u00f3w samob\u00f3jstw w\u015br\u00f3d m\u0142odzie\u017cy w Europie staje si\u0119 coraz wi\u0119kszym powodem do niepokoju. Niekt\u00f3re grupy s\u0105 szczeg\u00f3lnie dotkni\u0119te tym problemem.","robots":{"index":"index","follow":"follow","max-snippet":"max-snippet:-1","max-image-preview":"max-image-preview:large","max-video-preview":"max-video-preview:-1"},"canonical":"https:\/\/prolifeeurope.org\/pl\/baza-wiedzy\/samobojstwa-wsrod-mlodziezy\/","og_locale":"pl_PL","og_type":"article","og_title":"Samob\u00f3jstwa wsr\u00f3d m\u0142odzie\u017cy - ProLife Europe","og_description":"Rozw\u00f3j wska\u017anik\u00f3w samob\u00f3jstw w\u015br\u00f3d m\u0142odzie\u017cy w Europie staje si\u0119 coraz wi\u0119kszym powodem do niepokoju. Niekt\u00f3re grupy s\u0105 szczeg\u00f3lnie dotkni\u0119te tym problemem.","og_url":"https:\/\/prolifeeurope.org\/pl\/baza-wiedzy\/samobojstwa-wsrod-mlodziezy\/","og_site_name":"ProLife Europe","article_publisher":"https:\/\/www.facebook.com\/ProLifeEurope\/","article_modified_time":"2026-04-17T13:48:42+00:00","twitter_card":"summary_large_image","twitter_misc":{"Szacowany czas czytania":"2 minuta"},"schema":{"@context":"https:\/\/schema.org","@graph":[{"@type":"WebPage","@id":"https:\/\/prolifeeurope.org\/pl\/baza-wiedzy\/samobojstwa-wsrod-mlodziezy\/","url":"https:\/\/prolifeeurope.org\/pl\/baza-wiedzy\/samobojstwa-wsrod-mlodziezy\/","name":"Samob\u00f3jstwa wsr\u00f3d m\u0142odzie\u017cy - ProLife Europe","isPartOf":{"@id":"https:\/\/prolifeeurope.org\/pl\/#website"},"datePublished":"2025-01-21T22:13:58+00:00","dateModified":"2026-04-17T13:48:42+00:00","description":"Rozw\u00f3j wska\u017anik\u00f3w samob\u00f3jstw w\u015br\u00f3d m\u0142odzie\u017cy w Europie staje si\u0119 coraz wi\u0119kszym powodem do niepokoju. Niekt\u00f3re grupy s\u0105 szczeg\u00f3lnie dotkni\u0119te tym problemem.","breadcrumb":{"@id":"https:\/\/prolifeeurope.org\/pl\/baza-wiedzy\/samobojstwa-wsrod-mlodziezy\/#breadcrumb"},"inLanguage":"pl-PL","potentialAction":[{"@type":"ReadAction","target":["https:\/\/prolifeeurope.org\/pl\/baza-wiedzy\/samobojstwa-wsrod-mlodziezy\/"]}]},{"@type":"BreadcrumbList","@id":"https:\/\/prolifeeurope.org\/pl\/baza-wiedzy\/samobojstwa-wsrod-mlodziezy\/#breadcrumb","itemListElement":[{"@type":"ListItem","position":1,"name":"Home","item":"https:\/\/prolifeeurope.org\/pl\/"},{"@type":"ListItem","position":2,"name":"Baza wiedzy","item":"https:\/\/prolifeeurope.org\/pl\/baza-wiedzy\/"},{"@type":"ListItem","position":3,"name":"Samob\u00f3jstwa wsr\u00f3d m\u0142odzie\u017cy"}]},{"@type":"WebSite","@id":"https:\/\/prolifeeurope.org\/pl\/#website","url":"https:\/\/prolifeeurope.org\/pl\/","name":"ProLife Europe","description":"","publisher":{"@id":"https:\/\/prolifeeurope.org\/pl\/#organization"},"potentialAction":[{"@type":"SearchAction","target":{"@type":"EntryPoint","urlTemplate":"https:\/\/prolifeeurope.org\/pl\/?s={search_term_string}"},"query-input":{"@type":"PropertyValueSpecification","valueRequired":true,"valueName":"search_term_string"}}],"inLanguage":"pl-PL"},{"@type":"Organization","@id":"https:\/\/prolifeeurope.org\/pl\/#organization","name":"ProLife Europe","url":"https:\/\/prolifeeurope.org\/pl\/","logo":{"@type":"ImageObject","inLanguage":"pl-PL","@id":"https:\/\/prolifeeurope.org\/pl\/#\/schema\/logo\/image\/","url":"https:\/\/prolifeeurope.org\/wp-content\/uploads\/2024\/11\/logo-3.svg","contentUrl":"https:\/\/prolifeeurope.org\/wp-content\/uploads\/2024\/11\/logo-3.svg","width":166,"height":170,"caption":"ProLife Europe"},"image":{"@id":"https:\/\/prolifeeurope.org\/pl\/#\/schema\/logo\/image\/"},"sameAs":["https:\/\/www.facebook.com\/ProLifeEurope\/","https:\/\/www.instagram.com\/prolife_europe\/","https:\/\/www.youtube.com\/channel\/UC7olgmdiSVEHZUiP554XozA"]}]}},"_links":{"self":[{"href":"https:\/\/prolifeeurope.org\/pl\/wp-json\/wp\/v2\/pages\/6094","targetHints":{"allow":["GET"]}}],"collection":[{"href":"https:\/\/prolifeeurope.org\/pl\/wp-json\/wp\/v2\/pages"}],"about":[{"href":"https:\/\/prolifeeurope.org\/pl\/wp-json\/wp\/v2\/types\/page"}],"author":[{"embeddable":true,"href":"https:\/\/prolifeeurope.org\/pl\/wp-json\/wp\/v2\/users\/14"}],"replies":[{"embeddable":true,"href":"https:\/\/prolifeeurope.org\/pl\/wp-json\/wp\/v2\/comments?post=6094"}],"version-history":[{"count":2,"href":"https:\/\/prolifeeurope.org\/pl\/wp-json\/wp\/v2\/pages\/6094\/revisions"}],"predecessor-version":[{"id":6122,"href":"https:\/\/prolifeeurope.org\/pl\/wp-json\/wp\/v2\/pages\/6094\/revisions\/6122"}],"up":[{"embeddable":true,"href":"https:\/\/prolifeeurope.org\/pl\/wp-json\/wp\/v2\/pages\/3710"}],"wp:attachment":[{"href":"https:\/\/prolifeeurope.org\/pl\/wp-json\/wp\/v2\/media?parent=6094"}],"wp:term":[{"taxonomy":"topic","embeddable":true,"href":"https:\/\/prolifeeurope.org\/pl\/wp-json\/wp\/v2\/topic?post=6094"}],"curies":[{"name":"wp","href":"https:\/\/api.w.org\/{rel}","templated":true}]}}