{"id":6092,"date":"2025-01-17T19:35:46","date_gmt":"2025-01-17T18:35:46","guid":{"rendered":"https:\/\/prolifeeurope.org\/baza-wiedzy\/samobojstwa-w-europie-liczby-i-tendencje\/"},"modified":"2026-04-17T15:48:11","modified_gmt":"2026-04-17T13:48:11","slug":"samobojstwa-w-europie-liczby-i-tendencje","status":"publish","type":"page","link":"https:\/\/prolifeeurope.org\/pl\/baza-wiedzy\/samobojstwa-w-europie-liczby-i-tendencje\/","title":{"rendered":"Samob\u00f3jstwa w Europie: liczby i tendencje"},"content":{"rendered":"\n<p>Wska\u017aniki samob\u00f3jstw i ich tendencje w Europie r\u00f3\u017cni\u0105 si\u0119 znacznie w zale\u017cno\u015bci od kraju \u2014 w niekt\u00f3rych pa\u0144stwach obserwuje si\u0119 wzrost liczby samob\u00f3jstw, podczas gdy w innych widzimy ich spadek.<\/p>\n\n<ol class=\"wp-block-list\">\n<li>Kraje Europy Wschodniej: Kraje te maj\u0105 tendencj\u0119 do wy\u017cszych wska\u017anik\u00f3w samob\u00f3jstw. Litwa, \u0141otwa i W\u0119gry konsekwentnie odnotowuj\u0105 jedne z najwy\u017cszych wska\u017anik\u00f3w w Europie. Na przyk\u0142ad Litwa odnotowa\u0142a wska\u017anik 24,4 samob\u00f3jstw na 100 000 mieszka\u0144c\u00f3w w 2020 roku. Cho\u0107 oznacza to spadek w por\u00f3wnaniu z wcze\u015bniejszymi dekadami, liczby te nadal budz\u0105 niepok\u00f3j.   <\/li>\n\n\n\n<li>Europa Zachodnia: Wska\u017aniki s\u0105 na og\u00f3\u0142 ni\u017csze w krajach Europy Zachodniej. We Francji wynosz\u0105 oko\u0142o 13,5 samob\u00f3jstw na 100 000 mieszka\u0144c\u00f3w, podczas gdy w Niemczech odnotowano wska\u017anik 9,7 na 100 000. Oba kraje odnotowa\u0142y w ostatniej dekadzie stabilne lub nieznacznie malej\u0105ce tendencje.  <\/li>\n\n\n\n<li>Kraje nordyckie: Wska\u017aniki samob\u00f3jstw w krajach nordyckich, takich jak Finlandia i Szwecja, s\u0105 umiarkowane w por\u00f3wnaniu z Europ\u0105 Wschodni\u0105 \u2014 Finlandia odnotowuje oko\u0142o 13,4 samob\u00f3jstw na 100 000 mieszka\u0144c\u00f3w, a Szwecja oko\u0142o 11,6. Cho\u0107 s\u0105 one ni\u017csze ni\u017c w Europie Wschodniej, pozostaj\u0105 wy\u017csze ni\u017c w wielu krajach Europy Zachodniej. <\/li>\n\n\n\n<li>Europa Po\u0142udniowa: Kraje Europy Po\u0142udniowej, w tym W\u0142ochy i Hiszpania, maj\u0105 ni\u017csze wska\u017aniki samob\u00f3jstw. We W\u0142oszech wynosz\u0105 one oko\u0142o 7,3 na 100 000 mieszka\u0144c\u00f3w, natomiast w Hiszpanii s\u0105 jeszcze ni\u017csze \u2014 oko\u0142o 6,6 na 100 000. <\/li>\n\n\n\n<li>Wielka Brytania i Irlandia: W Wielkiej Brytanii wska\u017anik samob\u00f3jstw wynosi\u0142 10,4 na 100 000 mieszka\u0144c\u00f3w w 2020 roku, co oznacza niewielki wzrost w ostatniej dekadzie, szczeg\u00f3lnie w\u015br\u00f3d m\u0142odych doros\u0142ych i m\u0119\u017cczyzn w \u015brednim wieku. W Irlandii wska\u017anik jest ni\u017cszy \u2014 oko\u0142o 7,8 na 100 000 \u2014 jednak w ostatnich latach r\u00f3wnie\u017c odnotowano pewne wahania. <\/li>\n<\/ol>\n\n<p>W ca\u0142ej Europie s\u0105 prowadzone dzia\u0142ania na rzecz zapobiegania samob\u00f3jstwom, koncentruj\u0105c si\u0119 na us\u0142ugach zdrowia psychicznego, kampaniach u\u015bwiadamiaj\u0105cych oraz zmniejszaniu stygmatyzacji. Jednak czynniki ekonomiczne, problemy ze zdrowiem psychicznym oraz stresory spo\u0142eczne nadal przyczyniaj\u0105 si\u0119 do poziomu samob\u00f3jstw w wielu regionach. <\/p>\n\n<p>Ponadto liczby te by\u0142yby znacznie wy\u017csze, gdyby ka\u017cda pr\u00f3ba samob\u00f3jcza ko\u0144czy\u0142a si\u0119 \u015bmierci\u0105. WHO szacuje, \u017ce na ka\u017cde dokonane samob\u00f3jstwo przypada a\u017c 20 (!) nieudanych pr\u00f3b.* To tylko podkre\u015bla konieczno\u015b\u0107 powstawania i rozszerzania ju\u017c istniej\u0105cych program\u00f3w prewencyjnych ukierunkowanych na ochron\u0119 \u017cycia. <\/p>\n\n<p class=\"has-small-font-size\">* <a href=\"https:\/\/www.who.int\/health-topics\/suicide#tab=tab_1\" target=\"_blank\" rel=\"noreferrer noopener\">https:\/\/www.who.int\/health-topics\/suicide#tab=tab_1 <\/a> <\/p>\n\n<p><\/p>\n","protected":false},"excerpt":{"rendered":"<p>Wska\u017aniki samob\u00f3jstw i ich tendencje w Europie r\u00f3\u017cni\u0105 si\u0119 znacznie w zale\u017cno\u015bci od kraju \u2014 w niekt\u00f3rych pa\u0144stwach obserwuje si\u0119 wzrost liczby samob\u00f3jstw, podczas gdy w innych widzimy ich spadek.<a href=\"https:\/\/prolifeeurope.org\/pl\/baza-wiedzy\/samobojstwa-w-europie-liczby-i-tendencje\/\">Continue reading <span class=\"sr-only\">&#8222;Samob\u00f3jstwa w Europie: liczby i tendencje&#8221;<\/span><\/a><\/p>\n","protected":false},"author":14,"featured_media":0,"parent":3710,"menu_order":0,"comment_status":"closed","ping_status":"closed","template":"page-topic.php","meta":{"_acf_changed":false,"_monsterinsights_skip_tracking":false,"_monsterinsights_sitenote_active":false,"_monsterinsights_sitenote_note":"","_monsterinsights_sitenote_category":0,"footnotes":""},"topic":[],"class_list":["post-6092","page","type-page","status-publish","hentry"],"acf":[],"yoast_head":"<!-- This site is optimized with the Yoast SEO plugin v27.2 - https:\/\/yoast.com\/product\/yoast-seo-wordpress\/ -->\n<title>Samob\u00f3jstwa w Europie: liczby i tendencje - ProLife Europe<\/title>\n<meta name=\"description\" content=\"Samob\u00f3jstwa s\u0105 tragedi\u0105 i stanowi\u0105 problem w ka\u017cdym kraju. W Europie nie ma jednolitej statystyki w zakresie danych o samob\u00f3jstach.\" \/>\n<meta name=\"robots\" content=\"index, follow, max-snippet:-1, max-image-preview:large, max-video-preview:-1\" \/>\n<link rel=\"canonical\" href=\"https:\/\/prolifeeurope.org\/pl\/baza-wiedzy\/samobojstwa-w-europie-liczby-i-tendencje\/\" \/>\n<meta property=\"og:locale\" content=\"pl_PL\" \/>\n<meta property=\"og:type\" content=\"article\" \/>\n<meta property=\"og:title\" content=\"Samob\u00f3jstwa w Europie: liczby i tendencje - ProLife Europe\" \/>\n<meta property=\"og:description\" content=\"Samob\u00f3jstwa s\u0105 tragedi\u0105 i stanowi\u0105 problem w ka\u017cdym kraju. W Europie nie ma jednolitej statystyki w zakresie danych o samob\u00f3jstach.\" \/>\n<meta property=\"og:url\" content=\"https:\/\/prolifeeurope.org\/pl\/baza-wiedzy\/samobojstwa-w-europie-liczby-i-tendencje\/\" \/>\n<meta property=\"og:site_name\" content=\"ProLife Europe\" \/>\n<meta property=\"article:publisher\" content=\"https:\/\/www.facebook.com\/ProLifeEurope\/\" \/>\n<meta property=\"article:modified_time\" content=\"2026-04-17T13:48:11+00:00\" \/>\n<meta name=\"twitter:card\" content=\"summary_large_image\" \/>\n<meta name=\"twitter:label1\" content=\"Szacowany czas czytania\" \/>\n\t<meta name=\"twitter:data1\" content=\"2 minuta\" \/>\n<script type=\"application\/ld+json\" class=\"yoast-schema-graph\">{\"@context\":\"https:\/\/schema.org\",\"@graph\":[{\"@type\":\"WebPage\",\"@id\":\"https:\/\/prolifeeurope.org\/pl\/baza-wiedzy\/samobojstwa-w-europie-liczby-i-tendencje\/\",\"url\":\"https:\/\/prolifeeurope.org\/pl\/baza-wiedzy\/samobojstwa-w-europie-liczby-i-tendencje\/\",\"name\":\"Samob\u00f3jstwa w Europie: liczby i tendencje - ProLife Europe\",\"isPartOf\":{\"@id\":\"https:\/\/prolifeeurope.org\/pl\/#website\"},\"datePublished\":\"2025-01-17T18:35:46+00:00\",\"dateModified\":\"2026-04-17T13:48:11+00:00\",\"description\":\"Samob\u00f3jstwa s\u0105 tragedi\u0105 i stanowi\u0105 problem w ka\u017cdym kraju. W Europie nie ma jednolitej statystyki w zakresie danych o samob\u00f3jstach.\",\"breadcrumb\":{\"@id\":\"https:\/\/prolifeeurope.org\/pl\/baza-wiedzy\/samobojstwa-w-europie-liczby-i-tendencje\/#breadcrumb\"},\"inLanguage\":\"pl-PL\",\"potentialAction\":[{\"@type\":\"ReadAction\",\"target\":[\"https:\/\/prolifeeurope.org\/pl\/baza-wiedzy\/samobojstwa-w-europie-liczby-i-tendencje\/\"]}]},{\"@type\":\"BreadcrumbList\",\"@id\":\"https:\/\/prolifeeurope.org\/pl\/baza-wiedzy\/samobojstwa-w-europie-liczby-i-tendencje\/#breadcrumb\",\"itemListElement\":[{\"@type\":\"ListItem\",\"position\":1,\"name\":\"Home\",\"item\":\"https:\/\/prolifeeurope.org\/pl\/\"},{\"@type\":\"ListItem\",\"position\":2,\"name\":\"Baza wiedzy\",\"item\":\"https:\/\/prolifeeurope.org\/pl\/baza-wiedzy\/\"},{\"@type\":\"ListItem\",\"position\":3,\"name\":\"Samob\u00f3jstwa w Europie: liczby i tendencje\"}]},{\"@type\":\"WebSite\",\"@id\":\"https:\/\/prolifeeurope.org\/pl\/#website\",\"url\":\"https:\/\/prolifeeurope.org\/pl\/\",\"name\":\"ProLife Europe\",\"description\":\"\",\"publisher\":{\"@id\":\"https:\/\/prolifeeurope.org\/pl\/#organization\"},\"potentialAction\":[{\"@type\":\"SearchAction\",\"target\":{\"@type\":\"EntryPoint\",\"urlTemplate\":\"https:\/\/prolifeeurope.org\/pl\/?s={search_term_string}\"},\"query-input\":{\"@type\":\"PropertyValueSpecification\",\"valueRequired\":true,\"valueName\":\"search_term_string\"}}],\"inLanguage\":\"pl-PL\"},{\"@type\":\"Organization\",\"@id\":\"https:\/\/prolifeeurope.org\/pl\/#organization\",\"name\":\"ProLife Europe\",\"url\":\"https:\/\/prolifeeurope.org\/pl\/\",\"logo\":{\"@type\":\"ImageObject\",\"inLanguage\":\"pl-PL\",\"@id\":\"https:\/\/prolifeeurope.org\/pl\/#\/schema\/logo\/image\/\",\"url\":\"https:\/\/prolifeeurope.org\/wp-content\/uploads\/2024\/11\/logo-3.svg\",\"contentUrl\":\"https:\/\/prolifeeurope.org\/wp-content\/uploads\/2024\/11\/logo-3.svg\",\"width\":166,\"height\":170,\"caption\":\"ProLife Europe\"},\"image\":{\"@id\":\"https:\/\/prolifeeurope.org\/pl\/#\/schema\/logo\/image\/\"},\"sameAs\":[\"https:\/\/www.facebook.com\/ProLifeEurope\/\",\"https:\/\/www.instagram.com\/prolife_europe\/\",\"https:\/\/www.youtube.com\/channel\/UC7olgmdiSVEHZUiP554XozA\"]}]}<\/script>\n<!-- \/ Yoast SEO plugin. -->","yoast_head_json":{"title":"Samob\u00f3jstwa w Europie: liczby i tendencje - ProLife Europe","description":"Samob\u00f3jstwa s\u0105 tragedi\u0105 i stanowi\u0105 problem w ka\u017cdym kraju. W Europie nie ma jednolitej statystyki w zakresie danych o samob\u00f3jstach.","robots":{"index":"index","follow":"follow","max-snippet":"max-snippet:-1","max-image-preview":"max-image-preview:large","max-video-preview":"max-video-preview:-1"},"canonical":"https:\/\/prolifeeurope.org\/pl\/baza-wiedzy\/samobojstwa-w-europie-liczby-i-tendencje\/","og_locale":"pl_PL","og_type":"article","og_title":"Samob\u00f3jstwa w Europie: liczby i tendencje - ProLife Europe","og_description":"Samob\u00f3jstwa s\u0105 tragedi\u0105 i stanowi\u0105 problem w ka\u017cdym kraju. W Europie nie ma jednolitej statystyki w zakresie danych o samob\u00f3jstach.","og_url":"https:\/\/prolifeeurope.org\/pl\/baza-wiedzy\/samobojstwa-w-europie-liczby-i-tendencje\/","og_site_name":"ProLife Europe","article_publisher":"https:\/\/www.facebook.com\/ProLifeEurope\/","article_modified_time":"2026-04-17T13:48:11+00:00","twitter_card":"summary_large_image","twitter_misc":{"Szacowany czas czytania":"2 minuta"},"schema":{"@context":"https:\/\/schema.org","@graph":[{"@type":"WebPage","@id":"https:\/\/prolifeeurope.org\/pl\/baza-wiedzy\/samobojstwa-w-europie-liczby-i-tendencje\/","url":"https:\/\/prolifeeurope.org\/pl\/baza-wiedzy\/samobojstwa-w-europie-liczby-i-tendencje\/","name":"Samob\u00f3jstwa w Europie: liczby i tendencje - ProLife Europe","isPartOf":{"@id":"https:\/\/prolifeeurope.org\/pl\/#website"},"datePublished":"2025-01-17T18:35:46+00:00","dateModified":"2026-04-17T13:48:11+00:00","description":"Samob\u00f3jstwa s\u0105 tragedi\u0105 i stanowi\u0105 problem w ka\u017cdym kraju. W Europie nie ma jednolitej statystyki w zakresie danych o samob\u00f3jstach.","breadcrumb":{"@id":"https:\/\/prolifeeurope.org\/pl\/baza-wiedzy\/samobojstwa-w-europie-liczby-i-tendencje\/#breadcrumb"},"inLanguage":"pl-PL","potentialAction":[{"@type":"ReadAction","target":["https:\/\/prolifeeurope.org\/pl\/baza-wiedzy\/samobojstwa-w-europie-liczby-i-tendencje\/"]}]},{"@type":"BreadcrumbList","@id":"https:\/\/prolifeeurope.org\/pl\/baza-wiedzy\/samobojstwa-w-europie-liczby-i-tendencje\/#breadcrumb","itemListElement":[{"@type":"ListItem","position":1,"name":"Home","item":"https:\/\/prolifeeurope.org\/pl\/"},{"@type":"ListItem","position":2,"name":"Baza wiedzy","item":"https:\/\/prolifeeurope.org\/pl\/baza-wiedzy\/"},{"@type":"ListItem","position":3,"name":"Samob\u00f3jstwa w Europie: liczby i tendencje"}]},{"@type":"WebSite","@id":"https:\/\/prolifeeurope.org\/pl\/#website","url":"https:\/\/prolifeeurope.org\/pl\/","name":"ProLife Europe","description":"","publisher":{"@id":"https:\/\/prolifeeurope.org\/pl\/#organization"},"potentialAction":[{"@type":"SearchAction","target":{"@type":"EntryPoint","urlTemplate":"https:\/\/prolifeeurope.org\/pl\/?s={search_term_string}"},"query-input":{"@type":"PropertyValueSpecification","valueRequired":true,"valueName":"search_term_string"}}],"inLanguage":"pl-PL"},{"@type":"Organization","@id":"https:\/\/prolifeeurope.org\/pl\/#organization","name":"ProLife Europe","url":"https:\/\/prolifeeurope.org\/pl\/","logo":{"@type":"ImageObject","inLanguage":"pl-PL","@id":"https:\/\/prolifeeurope.org\/pl\/#\/schema\/logo\/image\/","url":"https:\/\/prolifeeurope.org\/wp-content\/uploads\/2024\/11\/logo-3.svg","contentUrl":"https:\/\/prolifeeurope.org\/wp-content\/uploads\/2024\/11\/logo-3.svg","width":166,"height":170,"caption":"ProLife Europe"},"image":{"@id":"https:\/\/prolifeeurope.org\/pl\/#\/schema\/logo\/image\/"},"sameAs":["https:\/\/www.facebook.com\/ProLifeEurope\/","https:\/\/www.instagram.com\/prolife_europe\/","https:\/\/www.youtube.com\/channel\/UC7olgmdiSVEHZUiP554XozA"]}]}},"_links":{"self":[{"href":"https:\/\/prolifeeurope.org\/pl\/wp-json\/wp\/v2\/pages\/6092","targetHints":{"allow":["GET"]}}],"collection":[{"href":"https:\/\/prolifeeurope.org\/pl\/wp-json\/wp\/v2\/pages"}],"about":[{"href":"https:\/\/prolifeeurope.org\/pl\/wp-json\/wp\/v2\/types\/page"}],"author":[{"embeddable":true,"href":"https:\/\/prolifeeurope.org\/pl\/wp-json\/wp\/v2\/users\/14"}],"replies":[{"embeddable":true,"href":"https:\/\/prolifeeurope.org\/pl\/wp-json\/wp\/v2\/comments?post=6092"}],"version-history":[{"count":2,"href":"https:\/\/prolifeeurope.org\/pl\/wp-json\/wp\/v2\/pages\/6092\/revisions"}],"predecessor-version":[{"id":6121,"href":"https:\/\/prolifeeurope.org\/pl\/wp-json\/wp\/v2\/pages\/6092\/revisions\/6121"}],"up":[{"embeddable":true,"href":"https:\/\/prolifeeurope.org\/pl\/wp-json\/wp\/v2\/pages\/3710"}],"wp:attachment":[{"href":"https:\/\/prolifeeurope.org\/pl\/wp-json\/wp\/v2\/media?parent=6092"}],"wp:term":[{"taxonomy":"topic","embeddable":true,"href":"https:\/\/prolifeeurope.org\/pl\/wp-json\/wp\/v2\/topic?post=6092"}],"curies":[{"name":"wp","href":"https:\/\/api.w.org\/{rel}","templated":true}]}}