{"id":6090,"date":"2025-01-21T23:18:51","date_gmt":"2025-01-21T22:18:51","guid":{"rendered":"https:\/\/prolifeeurope.org\/baza-wiedzy\/feministki-przeciwko-in-vitro-i-surogacji\/"},"modified":"2026-04-17T15:44:54","modified_gmt":"2026-04-17T13:44:54","slug":"feministki-przeciwko-in-vitro-i-surogacji","status":"publish","type":"page","link":"https:\/\/prolifeeurope.org\/pl\/baza-wiedzy\/feministki-przeciwko-in-vitro-i-surogacji\/","title":{"rendered":"Feministki przeciwko in vitro i surogacji"},"content":{"rendered":"\n<p>Od momentu powstania pierwszych technik in vitro pojawi\u0142o si\u0119 wiele g\u0142os\u00f3w krytycznych \u2014 zar\u00f3wno dotycz\u0105cych godno\u015bci w ten spos\u00f3b \u201eprodukowanych\u201d dzieci, jak i zagro\u017ce\u0144 oraz ryzyka dla kobiet. Wiele feministek odnosi\u0142o si\u0119 do tych praktyk negatywnie, obawiaj\u0105c si\u0119, \u017ce techniki umo\u017cliwiaj\u0105ce transfer zarodk\u00f3w i surogacj\u0119 b\u0119d\u0105 prowadzi\u0107 do dalszego wykorzystywania kobiet. <sup>[1]<\/sup><\/p>\n\n<p>Szczeg\u00f3lnie temat surogacji by\u0142 aktywnie zwalczany przez liczne feministki, w\u015br\u00f3d nich Alice Schwarzer \u2014 niemieck\u0105 dziennikark\u0119 i publicystk\u0119, dzia\u0142aj\u0105c\u0105 w ruchu feministycznym od lat 70. Od 2018 roku jest jedn\u0105 z wielu os\u00f3b wspieraj\u0105cych mi\u0119dzynarodow\u0105 inicjatyw\u0119[2] \u201eStoppt Leihmutterschaft\u201d (\u201eStop surogacji\u201d).[3] Inicjatywa ta jest cz\u0119\u015bci\u0105 mi\u0119dzynarodowej organizacji feministycznej CIAMS (Coalition Internationale pour l\u2019Abolition de la Maternit\u00e9 de Substitution), kt\u00f3ra skupia ponad 300 organizacji pozarz\u0105dowych i organizacji praw cz\u0142owieka na ca\u0142ym \u015bwiecie.[4]<br\/>W 2023 roku ponad 100 naukowc\u00f3w i ekspert\u00f3w z ponad 75 kraj\u00f3w opublikowa\u0142o \u201eDeklaracj\u0119 z Casablanki\u201d[5], wzywaj\u0105c pa\u0144stwa na ca\u0142ym \u015bwiecie do zakazu surogacji. <\/p>\n\n<hr class=\"wp-block-separator has-alpha-channel-opacity\"\/>\n\n<p class=\"has-small-font-size\"><strong>[1]<\/strong> Williams, Linda (1986): But what will they mean for women? Feminist Concerns about the New Reproductive Technologies. Online:<a href=\"https:\/\/www.criaw-icref.ca\/images\/userfiles\/files\/FP6-%20But%20What%20Will%20They%20Mean%20for%20Women-%20Feminist%20Concerns%20for%20the%20new%20reproductive%20technologies.pdf\" target=\"_blank\" rel=\"noreferrer noopener\"> https:\/\/www.criaw-icref.ca\/images\/userfiles\/files\/FP6-%20But%20What%20Will%20They%20Mean%20for%20Women-%20Feminist%20Concerns%20for%20the%20new%20reproductive%20technologies.pdf<\/a>.  <br\/><strong>[2]<\/strong> CIAMS: <a href=\"https:\/\/abolition-ms.org\/en\/home\/\" target=\"_blank\" rel=\"noreferrer noopener\">https:\/\/abolition-ms.org\/en\/home\/<\/a>.<br\/><strong>[3]<\/strong> Stoppt Leihmutterschaft: <a href=\"https:\/\/www.stoppt-leihmutterschaft.at\/\" target=\"_blank\" rel=\"noreferrer noopener\">https:\/\/www.stoppt-leihmutterschaft.at\/<\/a>.<br\/><strong>[4]<\/strong> <a href=\"https:\/\/www.imabe.org\/bioethikaktuell\/einzelansicht\/baby-business-der-krieg-in-der-ukraine-draengt-die-leihmutterschaft-auf-neue-maerkte\" target=\"_blank\" rel=\"noreferrer noopener\">https:\/\/www.imabe.org\/bioethikaktuell\/einzelansicht\/baby-business-der-krieg-in-der-ukraine-draengt-die-leihmutterschaft-auf-neue-maerkte<\/a><br\/><strong>[5]<\/strong> Casablanca Declaration: <a href=\"https:\/\/declaration-surrogacy-casablanca.org\/\" target=\"_blank\" rel=\"noreferrer noopener\">https:\/\/declaration-surrogacy-casablanca.org\/<\/a>.<br\/><\/p>\n\n<p><\/p>\n","protected":false},"excerpt":{"rendered":"<p>Od momentu powstania pierwszych technik in vitro pojawi\u0142o si\u0119 wiele g\u0142os\u00f3w krytycznych \u2014 zar\u00f3wno dotycz\u0105cych godno\u015bci w ten spos\u00f3b \u201eprodukowanych\u201d dzieci, jak i zagro\u017ce\u0144 oraz ryzyka dla kobiet. Wiele feministek<a href=\"https:\/\/prolifeeurope.org\/pl\/baza-wiedzy\/feministki-przeciwko-in-vitro-i-surogacji\/\">Continue reading <span class=\"sr-only\">&#8222;Feministki przeciwko in vitro i surogacji&#8221;<\/span><\/a><\/p>\n","protected":false},"author":14,"featured_media":0,"parent":3710,"menu_order":0,"comment_status":"closed","ping_status":"closed","template":"page-topic.php","meta":{"_acf_changed":false,"_monsterinsights_skip_tracking":false,"_monsterinsights_sitenote_active":false,"_monsterinsights_sitenote_note":"","_monsterinsights_sitenote_category":0,"footnotes":""},"topic":[],"class_list":["post-6090","page","type-page","status-publish","hentry"],"acf":[],"yoast_head":"<!-- This site is optimized with the Yoast SEO plugin v27.2 - https:\/\/yoast.com\/product\/yoast-seo-wordpress\/ -->\n<title>Feministki przeciwko in vitro i surogacji - ProLife Europe<\/title>\n<meta name=\"description\" content=\"Od momentu pojawienia si\u0119 pierwszych technik in vitro pojawi\u0142o si\u0119 wiele g\u0142os\u00f3w krytycznych dotycz\u0105cych godno\u015bci dzieci oraz wykorzystywania kobiet.\" \/>\n<meta name=\"robots\" content=\"index, follow, max-snippet:-1, max-image-preview:large, max-video-preview:-1\" \/>\n<link rel=\"canonical\" href=\"https:\/\/prolifeeurope.org\/pl\/baza-wiedzy\/feministki-przeciwko-in-vitro-i-surogacji\/\" \/>\n<meta property=\"og:locale\" content=\"pl_PL\" \/>\n<meta property=\"og:type\" content=\"article\" \/>\n<meta property=\"og:title\" content=\"Feministki przeciwko in vitro i surogacji - ProLife Europe\" \/>\n<meta property=\"og:description\" content=\"Od momentu pojawienia si\u0119 pierwszych technik in vitro pojawi\u0142o si\u0119 wiele g\u0142os\u00f3w krytycznych dotycz\u0105cych godno\u015bci dzieci oraz wykorzystywania kobiet.\" \/>\n<meta property=\"og:url\" content=\"https:\/\/prolifeeurope.org\/pl\/baza-wiedzy\/feministki-przeciwko-in-vitro-i-surogacji\/\" \/>\n<meta property=\"og:site_name\" content=\"ProLife Europe\" \/>\n<meta property=\"article:publisher\" content=\"https:\/\/www.facebook.com\/ProLifeEurope\/\" \/>\n<meta property=\"article:modified_time\" content=\"2026-04-17T13:44:54+00:00\" \/>\n<meta name=\"twitter:card\" content=\"summary_large_image\" \/>\n<meta name=\"twitter:label1\" content=\"Szacowany czas czytania\" \/>\n\t<meta name=\"twitter:data1\" content=\"1 minuta\" \/>\n<script type=\"application\/ld+json\" class=\"yoast-schema-graph\">{\"@context\":\"https:\/\/schema.org\",\"@graph\":[{\"@type\":\"WebPage\",\"@id\":\"https:\/\/prolifeeurope.org\/pl\/baza-wiedzy\/feministki-przeciwko-in-vitro-i-surogacji\/\",\"url\":\"https:\/\/prolifeeurope.org\/pl\/baza-wiedzy\/feministki-przeciwko-in-vitro-i-surogacji\/\",\"name\":\"Feministki przeciwko in vitro i surogacji - ProLife Europe\",\"isPartOf\":{\"@id\":\"https:\/\/prolifeeurope.org\/pl\/#website\"},\"datePublished\":\"2025-01-21T22:18:51+00:00\",\"dateModified\":\"2026-04-17T13:44:54+00:00\",\"description\":\"Od momentu pojawienia si\u0119 pierwszych technik in vitro pojawi\u0142o si\u0119 wiele g\u0142os\u00f3w krytycznych dotycz\u0105cych godno\u015bci dzieci oraz wykorzystywania kobiet.\",\"breadcrumb\":{\"@id\":\"https:\/\/prolifeeurope.org\/pl\/baza-wiedzy\/feministki-przeciwko-in-vitro-i-surogacji\/#breadcrumb\"},\"inLanguage\":\"pl-PL\",\"potentialAction\":[{\"@type\":\"ReadAction\",\"target\":[\"https:\/\/prolifeeurope.org\/pl\/baza-wiedzy\/feministki-przeciwko-in-vitro-i-surogacji\/\"]}]},{\"@type\":\"BreadcrumbList\",\"@id\":\"https:\/\/prolifeeurope.org\/pl\/baza-wiedzy\/feministki-przeciwko-in-vitro-i-surogacji\/#breadcrumb\",\"itemListElement\":[{\"@type\":\"ListItem\",\"position\":1,\"name\":\"Home\",\"item\":\"https:\/\/prolifeeurope.org\/pl\/\"},{\"@type\":\"ListItem\",\"position\":2,\"name\":\"Baza wiedzy\",\"item\":\"https:\/\/prolifeeurope.org\/pl\/baza-wiedzy\/\"},{\"@type\":\"ListItem\",\"position\":3,\"name\":\"Feministki przeciwko in vitro i surogacji\"}]},{\"@type\":\"WebSite\",\"@id\":\"https:\/\/prolifeeurope.org\/pl\/#website\",\"url\":\"https:\/\/prolifeeurope.org\/pl\/\",\"name\":\"ProLife Europe\",\"description\":\"\",\"publisher\":{\"@id\":\"https:\/\/prolifeeurope.org\/pl\/#organization\"},\"potentialAction\":[{\"@type\":\"SearchAction\",\"target\":{\"@type\":\"EntryPoint\",\"urlTemplate\":\"https:\/\/prolifeeurope.org\/pl\/?s={search_term_string}\"},\"query-input\":{\"@type\":\"PropertyValueSpecification\",\"valueRequired\":true,\"valueName\":\"search_term_string\"}}],\"inLanguage\":\"pl-PL\"},{\"@type\":\"Organization\",\"@id\":\"https:\/\/prolifeeurope.org\/pl\/#organization\",\"name\":\"ProLife Europe\",\"url\":\"https:\/\/prolifeeurope.org\/pl\/\",\"logo\":{\"@type\":\"ImageObject\",\"inLanguage\":\"pl-PL\",\"@id\":\"https:\/\/prolifeeurope.org\/pl\/#\/schema\/logo\/image\/\",\"url\":\"https:\/\/prolifeeurope.org\/wp-content\/uploads\/2024\/11\/logo-3.svg\",\"contentUrl\":\"https:\/\/prolifeeurope.org\/wp-content\/uploads\/2024\/11\/logo-3.svg\",\"width\":166,\"height\":170,\"caption\":\"ProLife Europe\"},\"image\":{\"@id\":\"https:\/\/prolifeeurope.org\/pl\/#\/schema\/logo\/image\/\"},\"sameAs\":[\"https:\/\/www.facebook.com\/ProLifeEurope\/\",\"https:\/\/www.instagram.com\/prolife_europe\/\",\"https:\/\/www.youtube.com\/channel\/UC7olgmdiSVEHZUiP554XozA\"]}]}<\/script>\n<!-- \/ Yoast SEO plugin. -->","yoast_head_json":{"title":"Feministki przeciwko in vitro i surogacji - ProLife Europe","description":"Od momentu pojawienia si\u0119 pierwszych technik in vitro pojawi\u0142o si\u0119 wiele g\u0142os\u00f3w krytycznych dotycz\u0105cych godno\u015bci dzieci oraz wykorzystywania kobiet.","robots":{"index":"index","follow":"follow","max-snippet":"max-snippet:-1","max-image-preview":"max-image-preview:large","max-video-preview":"max-video-preview:-1"},"canonical":"https:\/\/prolifeeurope.org\/pl\/baza-wiedzy\/feministki-przeciwko-in-vitro-i-surogacji\/","og_locale":"pl_PL","og_type":"article","og_title":"Feministki przeciwko in vitro i surogacji - ProLife Europe","og_description":"Od momentu pojawienia si\u0119 pierwszych technik in vitro pojawi\u0142o si\u0119 wiele g\u0142os\u00f3w krytycznych dotycz\u0105cych godno\u015bci dzieci oraz wykorzystywania kobiet.","og_url":"https:\/\/prolifeeurope.org\/pl\/baza-wiedzy\/feministki-przeciwko-in-vitro-i-surogacji\/","og_site_name":"ProLife Europe","article_publisher":"https:\/\/www.facebook.com\/ProLifeEurope\/","article_modified_time":"2026-04-17T13:44:54+00:00","twitter_card":"summary_large_image","twitter_misc":{"Szacowany czas czytania":"1 minuta"},"schema":{"@context":"https:\/\/schema.org","@graph":[{"@type":"WebPage","@id":"https:\/\/prolifeeurope.org\/pl\/baza-wiedzy\/feministki-przeciwko-in-vitro-i-surogacji\/","url":"https:\/\/prolifeeurope.org\/pl\/baza-wiedzy\/feministki-przeciwko-in-vitro-i-surogacji\/","name":"Feministki przeciwko in vitro i surogacji - ProLife Europe","isPartOf":{"@id":"https:\/\/prolifeeurope.org\/pl\/#website"},"datePublished":"2025-01-21T22:18:51+00:00","dateModified":"2026-04-17T13:44:54+00:00","description":"Od momentu pojawienia si\u0119 pierwszych technik in vitro pojawi\u0142o si\u0119 wiele g\u0142os\u00f3w krytycznych dotycz\u0105cych godno\u015bci dzieci oraz wykorzystywania kobiet.","breadcrumb":{"@id":"https:\/\/prolifeeurope.org\/pl\/baza-wiedzy\/feministki-przeciwko-in-vitro-i-surogacji\/#breadcrumb"},"inLanguage":"pl-PL","potentialAction":[{"@type":"ReadAction","target":["https:\/\/prolifeeurope.org\/pl\/baza-wiedzy\/feministki-przeciwko-in-vitro-i-surogacji\/"]}]},{"@type":"BreadcrumbList","@id":"https:\/\/prolifeeurope.org\/pl\/baza-wiedzy\/feministki-przeciwko-in-vitro-i-surogacji\/#breadcrumb","itemListElement":[{"@type":"ListItem","position":1,"name":"Home","item":"https:\/\/prolifeeurope.org\/pl\/"},{"@type":"ListItem","position":2,"name":"Baza wiedzy","item":"https:\/\/prolifeeurope.org\/pl\/baza-wiedzy\/"},{"@type":"ListItem","position":3,"name":"Feministki przeciwko in vitro i surogacji"}]},{"@type":"WebSite","@id":"https:\/\/prolifeeurope.org\/pl\/#website","url":"https:\/\/prolifeeurope.org\/pl\/","name":"ProLife Europe","description":"","publisher":{"@id":"https:\/\/prolifeeurope.org\/pl\/#organization"},"potentialAction":[{"@type":"SearchAction","target":{"@type":"EntryPoint","urlTemplate":"https:\/\/prolifeeurope.org\/pl\/?s={search_term_string}"},"query-input":{"@type":"PropertyValueSpecification","valueRequired":true,"valueName":"search_term_string"}}],"inLanguage":"pl-PL"},{"@type":"Organization","@id":"https:\/\/prolifeeurope.org\/pl\/#organization","name":"ProLife Europe","url":"https:\/\/prolifeeurope.org\/pl\/","logo":{"@type":"ImageObject","inLanguage":"pl-PL","@id":"https:\/\/prolifeeurope.org\/pl\/#\/schema\/logo\/image\/","url":"https:\/\/prolifeeurope.org\/wp-content\/uploads\/2024\/11\/logo-3.svg","contentUrl":"https:\/\/prolifeeurope.org\/wp-content\/uploads\/2024\/11\/logo-3.svg","width":166,"height":170,"caption":"ProLife Europe"},"image":{"@id":"https:\/\/prolifeeurope.org\/pl\/#\/schema\/logo\/image\/"},"sameAs":["https:\/\/www.facebook.com\/ProLifeEurope\/","https:\/\/www.instagram.com\/prolife_europe\/","https:\/\/www.youtube.com\/channel\/UC7olgmdiSVEHZUiP554XozA"]}]}},"_links":{"self":[{"href":"https:\/\/prolifeeurope.org\/pl\/wp-json\/wp\/v2\/pages\/6090","targetHints":{"allow":["GET"]}}],"collection":[{"href":"https:\/\/prolifeeurope.org\/pl\/wp-json\/wp\/v2\/pages"}],"about":[{"href":"https:\/\/prolifeeurope.org\/pl\/wp-json\/wp\/v2\/types\/page"}],"author":[{"embeddable":true,"href":"https:\/\/prolifeeurope.org\/pl\/wp-json\/wp\/v2\/users\/14"}],"replies":[{"embeddable":true,"href":"https:\/\/prolifeeurope.org\/pl\/wp-json\/wp\/v2\/comments?post=6090"}],"version-history":[{"count":2,"href":"https:\/\/prolifeeurope.org\/pl\/wp-json\/wp\/v2\/pages\/6090\/revisions"}],"predecessor-version":[{"id":6118,"href":"https:\/\/prolifeeurope.org\/pl\/wp-json\/wp\/v2\/pages\/6090\/revisions\/6118"}],"up":[{"embeddable":true,"href":"https:\/\/prolifeeurope.org\/pl\/wp-json\/wp\/v2\/pages\/3710"}],"wp:attachment":[{"href":"https:\/\/prolifeeurope.org\/pl\/wp-json\/wp\/v2\/media?parent=6090"}],"wp:term":[{"taxonomy":"topic","embeddable":true,"href":"https:\/\/prolifeeurope.org\/pl\/wp-json\/wp\/v2\/topic?post=6090"}],"curies":[{"name":"wp","href":"https:\/\/api.w.org\/{rel}","templated":true}]}}