{"id":6087,"date":"2025-01-21T23:18:16","date_gmt":"2025-01-21T22:18:16","guid":{"rendered":"https:\/\/prolifeeurope.org\/baza-wiedzy\/surogacja\/"},"modified":"2026-04-17T13:17:44","modified_gmt":"2026-04-17T11:17:44","slug":"surogacja","status":"publish","type":"page","link":"https:\/\/prolifeeurope.org\/pl\/baza-wiedzy\/surogacja\/","title":{"rendered":"Surogacja"},"content":{"rendered":"\n<p>Podobnie jak w przypadku zap\u0142odnienia in vitro, korzystanie z surogacji w celu posiadania dziecka sprawia, \u017ce nie tylko dziecko traktowane jest jak towar, ale i kobieta zostaje sprowadzona do roli narz\u0119dzia do rodzenia. Cho\u0107 na pierwszy rzut oka mo\u017cemy wyobra\u017ca\u0107 sobie z pozoru szlachetnie wygl\u0105daj\u0105ce scenariusze, w kt\u00f3rych kto\u015b z grona przyjaci\u00f3\u0142 dobrowolnie pomaga bliskim spe\u0142ni\u0107 marzenie o dziecku, bolesna prawda jest taka, \u017ce surogacja wykorzystuje (najcz\u0119\u015bciej ubogie i m\u0142ode) kobiety, kt\u00f3re wynajmuj\u0105 swe \u0142ono w zamian za niezb\u0119dne dla nich wsparcie finansowe. W\u0142a\u015bnie dlatego \u201eturystyka reprodukcyjna\u201d odbywa si\u0119 najcz\u0119\u015bciej w krajach o mniej stabilnej gospodarce.   <\/p>\n\n<figure class=\"wp-block-image size-large\"><img loading=\"lazy\" decoding=\"async\" width=\"881\" height=\"1024\" src=\"https:\/\/prolifeeurope.org\/wp-content\/uploads\/2025\/01\/surrogacy-2-881x1024.jpg\" alt=\"\" class=\"wp-image-1501\" srcset=\"https:\/\/prolifeeurope.org\/wp-content\/uploads\/2025\/01\/surrogacy-2-881x1024.jpg 881w, https:\/\/prolifeeurope.org\/wp-content\/uploads\/2025\/01\/surrogacy-2-258x300.jpg 258w, https:\/\/prolifeeurope.org\/wp-content\/uploads\/2025\/01\/surrogacy-2-768x893.jpg 768w, https:\/\/prolifeeurope.org\/wp-content\/uploads\/2025\/01\/surrogacy-2.jpg 1290w\" sizes=\"auto, (max-width: 881px) 100vw, 881px\" \/><\/figure>\n","protected":false},"excerpt":{"rendered":"<p>Podobnie jak w przypadku zap\u0142odnienia in vitro, korzystanie z surogacji w celu posiadania dziecka sprawia, \u017ce nie tylko dziecko traktowane jest jak towar, ale i kobieta zostaje sprowadzona do roli<a href=\"https:\/\/prolifeeurope.org\/pl\/baza-wiedzy\/surogacja\/\">Continue reading <span class=\"sr-only\">&#8222;Surogacja&#8221;<\/span><\/a><\/p>\n","protected":false},"author":14,"featured_media":0,"parent":3710,"menu_order":0,"comment_status":"closed","ping_status":"closed","template":"page-topic.php","meta":{"_acf_changed":false,"_monsterinsights_skip_tracking":false,"_monsterinsights_sitenote_active":false,"_monsterinsights_sitenote_note":"","_monsterinsights_sitenote_category":0,"footnotes":""},"topic":[],"class_list":["post-6087","page","type-page","status-publish","hentry"],"acf":[],"yoast_head":"<!-- This site is optimized with the Yoast SEO plugin v27.2 - https:\/\/yoast.com\/product\/yoast-seo-wordpress\/ -->\n<title>Surogacja - ProLife Europe<\/title>\n<meta name=\"description\" content=\"Zw\u0142aszcza m\u0142ode i znajduj\u0105ce si\u0119 w trudnej sytuacji ekonomicznej kobiety s\u0105 nara\u017cone na wykorzystywanie w ramach surogacji.\" \/>\n<meta name=\"robots\" content=\"index, follow, max-snippet:-1, max-image-preview:large, max-video-preview:-1\" \/>\n<link rel=\"canonical\" href=\"https:\/\/prolifeeurope.org\/pl\/baza-wiedzy\/surogacja\/\" \/>\n<meta property=\"og:locale\" content=\"pl_PL\" \/>\n<meta property=\"og:type\" content=\"article\" \/>\n<meta property=\"og:title\" content=\"Surogacja - ProLife Europe\" \/>\n<meta property=\"og:description\" content=\"Zw\u0142aszcza m\u0142ode i znajduj\u0105ce si\u0119 w trudnej sytuacji ekonomicznej kobiety s\u0105 nara\u017cone na wykorzystywanie w ramach surogacji.\" \/>\n<meta property=\"og:url\" content=\"https:\/\/prolifeeurope.org\/pl\/baza-wiedzy\/surogacja\/\" \/>\n<meta property=\"og:site_name\" content=\"ProLife Europe\" \/>\n<meta property=\"article:publisher\" content=\"https:\/\/www.facebook.com\/ProLifeEurope\/\" \/>\n<meta property=\"article:modified_time\" content=\"2026-04-17T11:17:44+00:00\" \/>\n<meta property=\"og:image\" content=\"https:\/\/prolifeeurope.org\/wp-content\/uploads\/2025\/01\/surrogacy-2.jpg\" \/>\n\t<meta property=\"og:image:width\" content=\"1290\" \/>\n\t<meta property=\"og:image:height\" content=\"1500\" \/>\n\t<meta property=\"og:image:type\" content=\"image\/jpeg\" \/>\n<meta name=\"twitter:card\" content=\"summary_large_image\" \/>\n<meta name=\"twitter:label1\" content=\"Szacowany czas czytania\" \/>\n\t<meta name=\"twitter:data1\" content=\"1 minuta\" \/>\n<script type=\"application\/ld+json\" class=\"yoast-schema-graph\">{\"@context\":\"https:\/\/schema.org\",\"@graph\":[{\"@type\":\"WebPage\",\"@id\":\"https:\/\/prolifeeurope.org\/pl\/baza-wiedzy\/surogacja\/\",\"url\":\"https:\/\/prolifeeurope.org\/pl\/baza-wiedzy\/surogacja\/\",\"name\":\"Surogacja - ProLife Europe\",\"isPartOf\":{\"@id\":\"https:\/\/prolifeeurope.org\/pl\/#website\"},\"primaryImageOfPage\":{\"@id\":\"https:\/\/prolifeeurope.org\/pl\/baza-wiedzy\/surogacja\/#primaryimage\"},\"image\":{\"@id\":\"https:\/\/prolifeeurope.org\/pl\/baza-wiedzy\/surogacja\/#primaryimage\"},\"thumbnailUrl\":\"https:\/\/prolifeeurope.org\/wp-content\/uploads\/2025\/01\/surrogacy-2-881x1024.jpg\",\"datePublished\":\"2025-01-21T22:18:16+00:00\",\"dateModified\":\"2026-04-17T11:17:44+00:00\",\"description\":\"Zw\u0142aszcza m\u0142ode i znajduj\u0105ce si\u0119 w trudnej sytuacji ekonomicznej kobiety s\u0105 nara\u017cone na wykorzystywanie w ramach surogacji.\",\"breadcrumb\":{\"@id\":\"https:\/\/prolifeeurope.org\/pl\/baza-wiedzy\/surogacja\/#breadcrumb\"},\"inLanguage\":\"pl-PL\",\"potentialAction\":[{\"@type\":\"ReadAction\",\"target\":[\"https:\/\/prolifeeurope.org\/pl\/baza-wiedzy\/surogacja\/\"]}]},{\"@type\":\"ImageObject\",\"inLanguage\":\"pl-PL\",\"@id\":\"https:\/\/prolifeeurope.org\/pl\/baza-wiedzy\/surogacja\/#primaryimage\",\"url\":\"https:\/\/prolifeeurope.org\/wp-content\/uploads\/2025\/01\/surrogacy-2-881x1024.jpg\",\"contentUrl\":\"https:\/\/prolifeeurope.org\/wp-content\/uploads\/2025\/01\/surrogacy-2-881x1024.jpg\"},{\"@type\":\"BreadcrumbList\",\"@id\":\"https:\/\/prolifeeurope.org\/pl\/baza-wiedzy\/surogacja\/#breadcrumb\",\"itemListElement\":[{\"@type\":\"ListItem\",\"position\":1,\"name\":\"Home\",\"item\":\"https:\/\/prolifeeurope.org\/pl\/\"},{\"@type\":\"ListItem\",\"position\":2,\"name\":\"Baza wiedzy\",\"item\":\"https:\/\/prolifeeurope.org\/pl\/baza-wiedzy\/\"},{\"@type\":\"ListItem\",\"position\":3,\"name\":\"Surogacja\"}]},{\"@type\":\"WebSite\",\"@id\":\"https:\/\/prolifeeurope.org\/pl\/#website\",\"url\":\"https:\/\/prolifeeurope.org\/pl\/\",\"name\":\"ProLife Europe\",\"description\":\"\",\"publisher\":{\"@id\":\"https:\/\/prolifeeurope.org\/pl\/#organization\"},\"potentialAction\":[{\"@type\":\"SearchAction\",\"target\":{\"@type\":\"EntryPoint\",\"urlTemplate\":\"https:\/\/prolifeeurope.org\/pl\/?s={search_term_string}\"},\"query-input\":{\"@type\":\"PropertyValueSpecification\",\"valueRequired\":true,\"valueName\":\"search_term_string\"}}],\"inLanguage\":\"pl-PL\"},{\"@type\":\"Organization\",\"@id\":\"https:\/\/prolifeeurope.org\/pl\/#organization\",\"name\":\"ProLife Europe\",\"url\":\"https:\/\/prolifeeurope.org\/pl\/\",\"logo\":{\"@type\":\"ImageObject\",\"inLanguage\":\"pl-PL\",\"@id\":\"https:\/\/prolifeeurope.org\/pl\/#\/schema\/logo\/image\/\",\"url\":\"https:\/\/prolifeeurope.org\/wp-content\/uploads\/2024\/11\/logo-3.svg\",\"contentUrl\":\"https:\/\/prolifeeurope.org\/wp-content\/uploads\/2024\/11\/logo-3.svg\",\"width\":166,\"height\":170,\"caption\":\"ProLife Europe\"},\"image\":{\"@id\":\"https:\/\/prolifeeurope.org\/pl\/#\/schema\/logo\/image\/\"},\"sameAs\":[\"https:\/\/www.facebook.com\/ProLifeEurope\/\",\"https:\/\/www.instagram.com\/prolife_europe\/\",\"https:\/\/www.youtube.com\/channel\/UC7olgmdiSVEHZUiP554XozA\"]}]}<\/script>\n<!-- \/ Yoast SEO plugin. -->","yoast_head_json":{"title":"Surogacja - ProLife Europe","description":"Zw\u0142aszcza m\u0142ode i znajduj\u0105ce si\u0119 w trudnej sytuacji ekonomicznej kobiety s\u0105 nara\u017cone na wykorzystywanie w ramach surogacji.","robots":{"index":"index","follow":"follow","max-snippet":"max-snippet:-1","max-image-preview":"max-image-preview:large","max-video-preview":"max-video-preview:-1"},"canonical":"https:\/\/prolifeeurope.org\/pl\/baza-wiedzy\/surogacja\/","og_locale":"pl_PL","og_type":"article","og_title":"Surogacja - ProLife Europe","og_description":"Zw\u0142aszcza m\u0142ode i znajduj\u0105ce si\u0119 w trudnej sytuacji ekonomicznej kobiety s\u0105 nara\u017cone na wykorzystywanie w ramach surogacji.","og_url":"https:\/\/prolifeeurope.org\/pl\/baza-wiedzy\/surogacja\/","og_site_name":"ProLife Europe","article_publisher":"https:\/\/www.facebook.com\/ProLifeEurope\/","article_modified_time":"2026-04-17T11:17:44+00:00","og_image":[{"width":1290,"height":1500,"url":"https:\/\/prolifeeurope.org\/wp-content\/uploads\/2025\/01\/surrogacy-2.jpg","type":"image\/jpeg"}],"twitter_card":"summary_large_image","twitter_misc":{"Szacowany czas czytania":"1 minuta"},"schema":{"@context":"https:\/\/schema.org","@graph":[{"@type":"WebPage","@id":"https:\/\/prolifeeurope.org\/pl\/baza-wiedzy\/surogacja\/","url":"https:\/\/prolifeeurope.org\/pl\/baza-wiedzy\/surogacja\/","name":"Surogacja - ProLife Europe","isPartOf":{"@id":"https:\/\/prolifeeurope.org\/pl\/#website"},"primaryImageOfPage":{"@id":"https:\/\/prolifeeurope.org\/pl\/baza-wiedzy\/surogacja\/#primaryimage"},"image":{"@id":"https:\/\/prolifeeurope.org\/pl\/baza-wiedzy\/surogacja\/#primaryimage"},"thumbnailUrl":"https:\/\/prolifeeurope.org\/wp-content\/uploads\/2025\/01\/surrogacy-2-881x1024.jpg","datePublished":"2025-01-21T22:18:16+00:00","dateModified":"2026-04-17T11:17:44+00:00","description":"Zw\u0142aszcza m\u0142ode i znajduj\u0105ce si\u0119 w trudnej sytuacji ekonomicznej kobiety s\u0105 nara\u017cone na wykorzystywanie w ramach surogacji.","breadcrumb":{"@id":"https:\/\/prolifeeurope.org\/pl\/baza-wiedzy\/surogacja\/#breadcrumb"},"inLanguage":"pl-PL","potentialAction":[{"@type":"ReadAction","target":["https:\/\/prolifeeurope.org\/pl\/baza-wiedzy\/surogacja\/"]}]},{"@type":"ImageObject","inLanguage":"pl-PL","@id":"https:\/\/prolifeeurope.org\/pl\/baza-wiedzy\/surogacja\/#primaryimage","url":"https:\/\/prolifeeurope.org\/wp-content\/uploads\/2025\/01\/surrogacy-2-881x1024.jpg","contentUrl":"https:\/\/prolifeeurope.org\/wp-content\/uploads\/2025\/01\/surrogacy-2-881x1024.jpg"},{"@type":"BreadcrumbList","@id":"https:\/\/prolifeeurope.org\/pl\/baza-wiedzy\/surogacja\/#breadcrumb","itemListElement":[{"@type":"ListItem","position":1,"name":"Home","item":"https:\/\/prolifeeurope.org\/pl\/"},{"@type":"ListItem","position":2,"name":"Baza wiedzy","item":"https:\/\/prolifeeurope.org\/pl\/baza-wiedzy\/"},{"@type":"ListItem","position":3,"name":"Surogacja"}]},{"@type":"WebSite","@id":"https:\/\/prolifeeurope.org\/pl\/#website","url":"https:\/\/prolifeeurope.org\/pl\/","name":"ProLife Europe","description":"","publisher":{"@id":"https:\/\/prolifeeurope.org\/pl\/#organization"},"potentialAction":[{"@type":"SearchAction","target":{"@type":"EntryPoint","urlTemplate":"https:\/\/prolifeeurope.org\/pl\/?s={search_term_string}"},"query-input":{"@type":"PropertyValueSpecification","valueRequired":true,"valueName":"search_term_string"}}],"inLanguage":"pl-PL"},{"@type":"Organization","@id":"https:\/\/prolifeeurope.org\/pl\/#organization","name":"ProLife Europe","url":"https:\/\/prolifeeurope.org\/pl\/","logo":{"@type":"ImageObject","inLanguage":"pl-PL","@id":"https:\/\/prolifeeurope.org\/pl\/#\/schema\/logo\/image\/","url":"https:\/\/prolifeeurope.org\/wp-content\/uploads\/2024\/11\/logo-3.svg","contentUrl":"https:\/\/prolifeeurope.org\/wp-content\/uploads\/2024\/11\/logo-3.svg","width":166,"height":170,"caption":"ProLife Europe"},"image":{"@id":"https:\/\/prolifeeurope.org\/pl\/#\/schema\/logo\/image\/"},"sameAs":["https:\/\/www.facebook.com\/ProLifeEurope\/","https:\/\/www.instagram.com\/prolife_europe\/","https:\/\/www.youtube.com\/channel\/UC7olgmdiSVEHZUiP554XozA"]}]}},"_links":{"self":[{"href":"https:\/\/prolifeeurope.org\/pl\/wp-json\/wp\/v2\/pages\/6087","targetHints":{"allow":["GET"]}}],"collection":[{"href":"https:\/\/prolifeeurope.org\/pl\/wp-json\/wp\/v2\/pages"}],"about":[{"href":"https:\/\/prolifeeurope.org\/pl\/wp-json\/wp\/v2\/types\/page"}],"author":[{"embeddable":true,"href":"https:\/\/prolifeeurope.org\/pl\/wp-json\/wp\/v2\/users\/14"}],"replies":[{"embeddable":true,"href":"https:\/\/prolifeeurope.org\/pl\/wp-json\/wp\/v2\/comments?post=6087"}],"version-history":[{"count":1,"href":"https:\/\/prolifeeurope.org\/pl\/wp-json\/wp\/v2\/pages\/6087\/revisions"}],"predecessor-version":[{"id":6089,"href":"https:\/\/prolifeeurope.org\/pl\/wp-json\/wp\/v2\/pages\/6087\/revisions\/6089"}],"up":[{"embeddable":true,"href":"https:\/\/prolifeeurope.org\/pl\/wp-json\/wp\/v2\/pages\/3710"}],"wp:attachment":[{"href":"https:\/\/prolifeeurope.org\/pl\/wp-json\/wp\/v2\/media?parent=6087"}],"wp:term":[{"taxonomy":"topic","embeddable":true,"href":"https:\/\/prolifeeurope.org\/pl\/wp-json\/wp\/v2\/topic?post=6087"}],"curies":[{"name":"wp","href":"https:\/\/api.w.org\/{rel}","templated":true}]}}