{"id":6085,"date":"2025-01-21T23:15:41","date_gmt":"2025-01-21T22:15:41","guid":{"rendered":"https:\/\/prolifeeurope.org\/baza-wiedzy\/in-vitro-z-perspektywy-pro-life\/"},"modified":"2026-04-17T15:46:40","modified_gmt":"2026-04-17T13:46:40","slug":"in-vitro-z-perspektywy-pro-life","status":"publish","type":"page","link":"https:\/\/prolifeeurope.org\/pl\/baza-wiedzy\/in-vitro-z-perspektywy-pro-life\/","title":{"rendered":"In vitro z perspektywy pro-life"},"content":{"rendered":"\n<p>G\u0142\u0119bokie, osobiste pragnienie zostania rodzicem \u2014 posiadania w\u0142asnego dziecka \u2014 jest dobrze zrozumia\u0142e. Jednak z perspektywy pro-life, po bli\u017cszym przyjrzeniu si\u0119 temu zagadnieniu, nie mo\u017cna poprze\u0107 in vitro. Dlaczego?   <\/p>\n\n<p>Poniewa\u017c stosuj\u0105c metod\u0119 in vitro mo\u017cemy z czasem otrzyma\u0107 spo\u0142ecze\u0144stwo traktuj\u0105ce ludzi jak produkty, kt\u00f3re mog\u0105 by\u0107 tworzone w sztucznych warunkach, przechowywane i odrzucane. Skuteczno\u015b\u0107 i op\u0142acalno\u015b\u0107 s\u0105 g\u0142\u00f3wnymi priorytetami o\u015brodk\u00f3w proponuj\u0105cych in vitro. <\/p>\n\n<p>Im bardziej ograniczona jest liczba zarodk\u00f3w, kt\u00f3re mog\u0105 zosta\u0107 utworzone w jednym cyklu, tym bardziej mo\u017cna zmniejszy\u0107 liczb\u0119 tych, kt\u00f3re obumieraj\u0105 w procedurze zap\u0142odnienia pozaustrojowego. R\u00f3\u017cne kraje maj\u0105 r\u00f3\u017cne regulacje, jednak nawet w najbezpieczniejszym scenariuszu dla kobiet i dzieci \u2014 gdy tworzony i implantowany jest tylko jeden zarodek \u2014 sam proces nadal traktowa\u0142by dziecko jak produkt, a nie jak indywidualn\u0105 istot\u0119 ludzk\u0105. <\/p>\n\n<p>Patrz\u0105c na to wy\u0142\u0105cznie przez pryzmat biologii, niekt\u00f3rzy mogliby uzna\u0107 taki scenariusz za sprzyjaj\u0105cy \u017cyciu (pro-life). Jednak, aby mo\u017cna go by\u0142o prawdziwie nazwa\u0107 pro-life, musia\u0142by by\u0107 on zgodny z ka\u017cdym aspektem ludzkiej godno\u015bci. Ostatecznie nie istnieje prawo do posiadania dziecka, wi\u0119c powo\u0142ywanie go do \u017cycia w laboratorium nigdy nie b\u0119dzie z tymi aspektami zgodne.  <\/p>\n\n<p><\/p>\n","protected":false},"excerpt":{"rendered":"<p>G\u0142\u0119bokie, osobiste pragnienie zostania rodzicem \u2014 posiadania w\u0142asnego dziecka \u2014 jest dobrze zrozumia\u0142e. Jednak z perspektywy pro-life, po bli\u017cszym przyjrzeniu si\u0119 temu zagadnieniu, nie mo\u017cna poprze\u0107 in vitro. Dlaczego? Poniewa\u017c<a href=\"https:\/\/prolifeeurope.org\/pl\/baza-wiedzy\/in-vitro-z-perspektywy-pro-life\/\">Continue reading <span class=\"sr-only\">&#8222;In vitro z perspektywy pro-life&#8221;<\/span><\/a><\/p>\n","protected":false},"author":14,"featured_media":0,"parent":3710,"menu_order":0,"comment_status":"closed","ping_status":"closed","template":"page-topic.php","meta":{"_acf_changed":false,"_monsterinsights_skip_tracking":false,"_monsterinsights_sitenote_active":false,"_monsterinsights_sitenote_note":"","_monsterinsights_sitenote_category":0,"footnotes":""},"topic":[],"class_list":["post-6085","page","type-page","status-publish","hentry"],"acf":[],"yoast_head":"<!-- This site is optimized with the Yoast SEO plugin v27.2 - https:\/\/yoast.com\/product\/yoast-seo-wordpress\/ -->\n<title>In vitro z perspektywy pro-life - ProLife Europe<\/title>\n<meta name=\"description\" content=\"G\u0142\u0119boko zakorzenione pragnienie zostania rodzicami jest \u0142atwe do zrozumienia. Jakie s\u0105 argumenty przeciwko in vitro?\" \/>\n<meta name=\"robots\" content=\"index, follow, max-snippet:-1, max-image-preview:large, max-video-preview:-1\" \/>\n<link rel=\"canonical\" href=\"https:\/\/prolifeeurope.org\/pl\/baza-wiedzy\/in-vitro-z-perspektywy-pro-life\/\" \/>\n<meta property=\"og:locale\" content=\"pl_PL\" \/>\n<meta property=\"og:type\" content=\"article\" \/>\n<meta property=\"og:title\" content=\"In vitro z perspektywy pro-life - ProLife Europe\" \/>\n<meta property=\"og:description\" content=\"G\u0142\u0119boko zakorzenione pragnienie zostania rodzicami jest \u0142atwe do zrozumienia. Jakie s\u0105 argumenty przeciwko in vitro?\" \/>\n<meta property=\"og:url\" content=\"https:\/\/prolifeeurope.org\/pl\/baza-wiedzy\/in-vitro-z-perspektywy-pro-life\/\" \/>\n<meta property=\"og:site_name\" content=\"ProLife Europe\" \/>\n<meta property=\"article:publisher\" content=\"https:\/\/www.facebook.com\/ProLifeEurope\/\" \/>\n<meta property=\"article:modified_time\" content=\"2026-04-17T13:46:40+00:00\" \/>\n<meta name=\"twitter:card\" content=\"summary_large_image\" \/>\n<meta name=\"twitter:label1\" content=\"Szacowany czas czytania\" \/>\n\t<meta name=\"twitter:data1\" content=\"1 minuta\" \/>\n<script type=\"application\/ld+json\" class=\"yoast-schema-graph\">{\"@context\":\"https:\/\/schema.org\",\"@graph\":[{\"@type\":\"WebPage\",\"@id\":\"https:\/\/prolifeeurope.org\/pl\/baza-wiedzy\/in-vitro-z-perspektywy-pro-life\/\",\"url\":\"https:\/\/prolifeeurope.org\/pl\/baza-wiedzy\/in-vitro-z-perspektywy-pro-life\/\",\"name\":\"In vitro z perspektywy pro-life - ProLife Europe\",\"isPartOf\":{\"@id\":\"https:\/\/prolifeeurope.org\/pl\/#website\"},\"datePublished\":\"2025-01-21T22:15:41+00:00\",\"dateModified\":\"2026-04-17T13:46:40+00:00\",\"description\":\"G\u0142\u0119boko zakorzenione pragnienie zostania rodzicami jest \u0142atwe do zrozumienia. Jakie s\u0105 argumenty przeciwko in vitro?\",\"breadcrumb\":{\"@id\":\"https:\/\/prolifeeurope.org\/pl\/baza-wiedzy\/in-vitro-z-perspektywy-pro-life\/#breadcrumb\"},\"inLanguage\":\"pl-PL\",\"potentialAction\":[{\"@type\":\"ReadAction\",\"target\":[\"https:\/\/prolifeeurope.org\/pl\/baza-wiedzy\/in-vitro-z-perspektywy-pro-life\/\"]}]},{\"@type\":\"BreadcrumbList\",\"@id\":\"https:\/\/prolifeeurope.org\/pl\/baza-wiedzy\/in-vitro-z-perspektywy-pro-life\/#breadcrumb\",\"itemListElement\":[{\"@type\":\"ListItem\",\"position\":1,\"name\":\"Home\",\"item\":\"https:\/\/prolifeeurope.org\/pl\/\"},{\"@type\":\"ListItem\",\"position\":2,\"name\":\"Baza wiedzy\",\"item\":\"https:\/\/prolifeeurope.org\/pl\/baza-wiedzy\/\"},{\"@type\":\"ListItem\",\"position\":3,\"name\":\"In vitro z perspektywy pro-life\"}]},{\"@type\":\"WebSite\",\"@id\":\"https:\/\/prolifeeurope.org\/pl\/#website\",\"url\":\"https:\/\/prolifeeurope.org\/pl\/\",\"name\":\"ProLife Europe\",\"description\":\"\",\"publisher\":{\"@id\":\"https:\/\/prolifeeurope.org\/pl\/#organization\"},\"potentialAction\":[{\"@type\":\"SearchAction\",\"target\":{\"@type\":\"EntryPoint\",\"urlTemplate\":\"https:\/\/prolifeeurope.org\/pl\/?s={search_term_string}\"},\"query-input\":{\"@type\":\"PropertyValueSpecification\",\"valueRequired\":true,\"valueName\":\"search_term_string\"}}],\"inLanguage\":\"pl-PL\"},{\"@type\":\"Organization\",\"@id\":\"https:\/\/prolifeeurope.org\/pl\/#organization\",\"name\":\"ProLife Europe\",\"url\":\"https:\/\/prolifeeurope.org\/pl\/\",\"logo\":{\"@type\":\"ImageObject\",\"inLanguage\":\"pl-PL\",\"@id\":\"https:\/\/prolifeeurope.org\/pl\/#\/schema\/logo\/image\/\",\"url\":\"https:\/\/prolifeeurope.org\/wp-content\/uploads\/2024\/11\/logo-3.svg\",\"contentUrl\":\"https:\/\/prolifeeurope.org\/wp-content\/uploads\/2024\/11\/logo-3.svg\",\"width\":166,\"height\":170,\"caption\":\"ProLife Europe\"},\"image\":{\"@id\":\"https:\/\/prolifeeurope.org\/pl\/#\/schema\/logo\/image\/\"},\"sameAs\":[\"https:\/\/www.facebook.com\/ProLifeEurope\/\",\"https:\/\/www.instagram.com\/prolife_europe\/\",\"https:\/\/www.youtube.com\/channel\/UC7olgmdiSVEHZUiP554XozA\"]}]}<\/script>\n<!-- \/ Yoast SEO plugin. -->","yoast_head_json":{"title":"In vitro z perspektywy pro-life - ProLife Europe","description":"G\u0142\u0119boko zakorzenione pragnienie zostania rodzicami jest \u0142atwe do zrozumienia. Jakie s\u0105 argumenty przeciwko in vitro?","robots":{"index":"index","follow":"follow","max-snippet":"max-snippet:-1","max-image-preview":"max-image-preview:large","max-video-preview":"max-video-preview:-1"},"canonical":"https:\/\/prolifeeurope.org\/pl\/baza-wiedzy\/in-vitro-z-perspektywy-pro-life\/","og_locale":"pl_PL","og_type":"article","og_title":"In vitro z perspektywy pro-life - ProLife Europe","og_description":"G\u0142\u0119boko zakorzenione pragnienie zostania rodzicami jest \u0142atwe do zrozumienia. Jakie s\u0105 argumenty przeciwko in vitro?","og_url":"https:\/\/prolifeeurope.org\/pl\/baza-wiedzy\/in-vitro-z-perspektywy-pro-life\/","og_site_name":"ProLife Europe","article_publisher":"https:\/\/www.facebook.com\/ProLifeEurope\/","article_modified_time":"2026-04-17T13:46:40+00:00","twitter_card":"summary_large_image","twitter_misc":{"Szacowany czas czytania":"1 minuta"},"schema":{"@context":"https:\/\/schema.org","@graph":[{"@type":"WebPage","@id":"https:\/\/prolifeeurope.org\/pl\/baza-wiedzy\/in-vitro-z-perspektywy-pro-life\/","url":"https:\/\/prolifeeurope.org\/pl\/baza-wiedzy\/in-vitro-z-perspektywy-pro-life\/","name":"In vitro z perspektywy pro-life - ProLife Europe","isPartOf":{"@id":"https:\/\/prolifeeurope.org\/pl\/#website"},"datePublished":"2025-01-21T22:15:41+00:00","dateModified":"2026-04-17T13:46:40+00:00","description":"G\u0142\u0119boko zakorzenione pragnienie zostania rodzicami jest \u0142atwe do zrozumienia. Jakie s\u0105 argumenty przeciwko in vitro?","breadcrumb":{"@id":"https:\/\/prolifeeurope.org\/pl\/baza-wiedzy\/in-vitro-z-perspektywy-pro-life\/#breadcrumb"},"inLanguage":"pl-PL","potentialAction":[{"@type":"ReadAction","target":["https:\/\/prolifeeurope.org\/pl\/baza-wiedzy\/in-vitro-z-perspektywy-pro-life\/"]}]},{"@type":"BreadcrumbList","@id":"https:\/\/prolifeeurope.org\/pl\/baza-wiedzy\/in-vitro-z-perspektywy-pro-life\/#breadcrumb","itemListElement":[{"@type":"ListItem","position":1,"name":"Home","item":"https:\/\/prolifeeurope.org\/pl\/"},{"@type":"ListItem","position":2,"name":"Baza wiedzy","item":"https:\/\/prolifeeurope.org\/pl\/baza-wiedzy\/"},{"@type":"ListItem","position":3,"name":"In vitro z perspektywy pro-life"}]},{"@type":"WebSite","@id":"https:\/\/prolifeeurope.org\/pl\/#website","url":"https:\/\/prolifeeurope.org\/pl\/","name":"ProLife Europe","description":"","publisher":{"@id":"https:\/\/prolifeeurope.org\/pl\/#organization"},"potentialAction":[{"@type":"SearchAction","target":{"@type":"EntryPoint","urlTemplate":"https:\/\/prolifeeurope.org\/pl\/?s={search_term_string}"},"query-input":{"@type":"PropertyValueSpecification","valueRequired":true,"valueName":"search_term_string"}}],"inLanguage":"pl-PL"},{"@type":"Organization","@id":"https:\/\/prolifeeurope.org\/pl\/#organization","name":"ProLife Europe","url":"https:\/\/prolifeeurope.org\/pl\/","logo":{"@type":"ImageObject","inLanguage":"pl-PL","@id":"https:\/\/prolifeeurope.org\/pl\/#\/schema\/logo\/image\/","url":"https:\/\/prolifeeurope.org\/wp-content\/uploads\/2024\/11\/logo-3.svg","contentUrl":"https:\/\/prolifeeurope.org\/wp-content\/uploads\/2024\/11\/logo-3.svg","width":166,"height":170,"caption":"ProLife Europe"},"image":{"@id":"https:\/\/prolifeeurope.org\/pl\/#\/schema\/logo\/image\/"},"sameAs":["https:\/\/www.facebook.com\/ProLifeEurope\/","https:\/\/www.instagram.com\/prolife_europe\/","https:\/\/www.youtube.com\/channel\/UC7olgmdiSVEHZUiP554XozA"]}]}},"_links":{"self":[{"href":"https:\/\/prolifeeurope.org\/pl\/wp-json\/wp\/v2\/pages\/6085","targetHints":{"allow":["GET"]}}],"collection":[{"href":"https:\/\/prolifeeurope.org\/pl\/wp-json\/wp\/v2\/pages"}],"about":[{"href":"https:\/\/prolifeeurope.org\/pl\/wp-json\/wp\/v2\/types\/page"}],"author":[{"embeddable":true,"href":"https:\/\/prolifeeurope.org\/pl\/wp-json\/wp\/v2\/users\/14"}],"replies":[{"embeddable":true,"href":"https:\/\/prolifeeurope.org\/pl\/wp-json\/wp\/v2\/comments?post=6085"}],"version-history":[{"count":2,"href":"https:\/\/prolifeeurope.org\/pl\/wp-json\/wp\/v2\/pages\/6085\/revisions"}],"predecessor-version":[{"id":6120,"href":"https:\/\/prolifeeurope.org\/pl\/wp-json\/wp\/v2\/pages\/6085\/revisions\/6120"}],"up":[{"embeddable":true,"href":"https:\/\/prolifeeurope.org\/pl\/wp-json\/wp\/v2\/pages\/3710"}],"wp:attachment":[{"href":"https:\/\/prolifeeurope.org\/pl\/wp-json\/wp\/v2\/media?parent=6085"}],"wp:term":[{"taxonomy":"topic","embeddable":true,"href":"https:\/\/prolifeeurope.org\/pl\/wp-json\/wp\/v2\/topic?post=6085"}],"curies":[{"name":"wp","href":"https:\/\/api.w.org\/{rel}","templated":true}]}}