{"id":6083,"date":"2025-01-17T19:47:04","date_gmt":"2025-01-17T18:47:04","guid":{"rendered":"https:\/\/prolifeeurope.org\/baza-wiedzy\/in-vitro-w-europie-przepisy-i-ograniczenia\/"},"modified":"2026-04-17T15:45:29","modified_gmt":"2026-04-17T13:45:29","slug":"in-vitro-w-europie-przepisy-i-ograniczenia","status":"publish","type":"page","link":"https:\/\/prolifeeurope.org\/pl\/baza-wiedzy\/in-vitro-w-europie-przepisy-i-ograniczenia\/","title":{"rendered":"In vitro w Europie: przepisy i ograniczenia"},"content":{"rendered":"\n<p>Przepisy prawne poszczeg\u00f3lnych kraj\u00f3w europejskich dotycz\u0105ce sztucznego zap\u0142odnienia (in vitro) znacznie si\u0119 od siebie r\u00f3\u017cni\u0105. Ka\u017cde pa\u0144stwo przyjmuje w\u0142asne regulacje dotycz\u0105ce dost\u0119pu do technologii wspomaganej reprodukcji (ART).<\/p>\n\n<h2 class=\"wp-block-heading\">Szeroki dost\u0119p (w tym dla os\u00f3b samotnych, par jednop\u0142ciowych, finansowane przez pa\u0144stwo)<\/h2>\n\n<ul class=\"wp-block-list\">\n<li>Belgia: Zap\u0142odnienie in vitro jest finansowane przez pa\u0144stwo do sze\u015bciu cykli i dost\u0119pne dla par heteroseksualnych, kobiet samotnych oraz par jednop\u0142ciowych. Dozwolone jest dawstwo kom\u00f3rek jajowych i nasienia, diagnostyka preimplantacyjna (PGT) jest szeroko dost\u0119pna. <\/li>\n\n\n\n<li>Dania: Dost\u0119pne dla par heteroseksualnych, kobiet samotnych oraz par jednop\u0142ciowych. Oferowane s\u0105 maksymalnie trzy cykle finansowane przez pa\u0144stwo. Dawstwo kom\u00f3rek jajowych i nasienia jest legalne, a dawcy mog\u0105 by\u0107 anonimowi lub znani odbiorcom.  <\/li>\n\n\n\n<li>Francja: Zap\u0142odnienie in vitro jest dost\u0119pne dla par heteroseksualnych, kobiet samotnych oraz \u017ce\u0144skich par jednop\u0142ciowych. Finansowane przez pa\u0144stwo do czterech cykli dla kobiet poni\u017cej 43. roku \u017cycia. Dawstwo kom\u00f3rek jajowych i nasienia jest dozwolone, ale musi by\u0107 anonimowe.  <\/li>\n\n\n\n<li>Szwecja: Pary jednop\u0142ciowe oraz kobiety samotne maj\u0105 dost\u0119p do in vitro. Dawstwo kom\u00f3rek jajowych i nasienia jest dozwolone. Wspomagana reprodukcja jest finansowana przez pa\u0144stwo w ograniczonej liczbie cykli.  <\/li>\n<\/ul>\n\n<h2 class=\"wp-block-heading\">Dost\u0119p z pewnymi ograniczeniami<\/h2>\n\n<ul class=\"wp-block-list\">\n<li>Wielka Brytania: Pary heteroseksualne, pary jednop\u0142ciowe oraz kobiety samotne maj\u0105 dost\u0119p do zap\u0142odnienia in vitro. Finansowanie jest dost\u0119pne w ramach Pa\u0144stwowej S\u0142u\u017cby Zdrowia (NHS), jednak dost\u0119p r\u00f3\u017cni si\u0119 w zale\u017cno\u015bci od regionu. Prywatne cykle kosztuj\u0105 oko\u0142o 7 000 euro. Dawstwo gamet jest legalne, a g\u00f3rna granica wieku dla wspomaganej reprodukcji finansowanej przez pa\u0144stwo wynosi 42 lata.    <\/li>\n\n\n\n<li>Holandia: in vitro jest finansowane do trzech cykli dla par heteroseksualnych i jednop\u0142ciowych oraz kobiet samotnych. Diagnostyka preimplantacyjna (PGT) jest dozwolona w przypadku powa\u017cnych chor\u00f3b genetycznych. <\/li>\n\n\n\n<li>Hiszpania: In vitro jest szeroko dost\u0119pne dla par heteroseksualnych, kobiet samotnych oraz par jednop\u0142ciowych. Kraj ten jest jednym z g\u0142\u00f3wnych kierunk\u00f3w turystyki reprodukcyjnej. Dawstwo kom\u00f3rek jajowych i nasienia jest anonimowe, jednak surogacja jest nielegalna.  <\/li>\n\n\n\n<li>Portugalia: In vitro jest dost\u0119pne dla par heteroseksualnych i \u017ce\u0144skich jednop\u0142ciowych oraz kobiet samotnych. Pa\u0144stwo pokrywa leczenie w ograniczonej liczbie cykli. Dawstwo kom\u00f3rek jajowych i nasienia jest dozwolone, a diagnostyka preimplantacyjna (PGT) jest dost\u0119pna.  <\/li>\n<\/ul>\n\n<h2 class=\"wp-block-heading\">Ograniczony dost\u0119p (wi\u0119cej regulacji i\/lub zakazy dla niekt\u00f3rych grup):<\/h2>\n\n<ul class=\"wp-block-list\">\n<li>Niemcy: Zap\u0142odnienie pozaustrojowe jest dozwolone wy\u0142\u0105cznie dla heteroseksualnych par w zwi\u0105zku ma\u0142\u017ce\u0144skim. Dawstwo kom\u00f3rek jajowych jest zakazane, a mro\u017cenie zarodk\u00f3w podlega ograniczeniom. Surogacja jest nielegalna, a w jednym cyklu mo\u017cna utworzy\u0107 lub przenie\u015b\u0107 maksymalnie trzy zarodki.  <\/li>\n\n\n\n<li>W\u0142ochy: Zap\u0142odnienie pozaustrojowe jest dost\u0119pne wy\u0142\u0105cznie dla par heteroseksualnych. Dawstwo kom\u00f3rek jajowych oraz nasienia jest dozwolone od 2014 roku, jednak surogacja pozostaje zakazana. Istniej\u0105 r\u00f3wnie\u017c ograniczenia dotycz\u0105ce liczby zarodk\u00f3w, kt\u00f3re mo\u017cna utworzy\u0107 i przenie\u015b\u0107 w jednym cyklu.  <\/li>\n\n\n\n<li>Austria: Dawstwo kom\u00f3rek jajowych i nasienia jest dozwolone, ale surogacja jest zabroniona. In vitro jest dost\u0119pne dla par heteroseksualnych, lecz finansowanie pa\u0144stwowe jest ograniczone. <\/li>\n\n\n\n<li>Szwajcaria: Dawstwo kom\u00f3rek jajowych jest zabronione, natomiast dawstwo nasienia jest dozwolone dla par heteroseksualnych. Surogacja jest nielegalna, a in vitro jest dost\u0119pne wy\u0142\u0105cznie dla par heteroseksualnych w zwi\u0105zku ma\u0142\u017ce\u0144skim. <\/li>\n<\/ul>\n\n<h2 class=\"wp-block-heading\">Przepisy zakazuj\u0105ce lub bardzo restrykcyjne<\/h2>\n\n<ul class=\"wp-block-list\">\n<li>Norwegia: in vitro jest dost\u0119pne tylko dla par heteroseksualnych i \u017ce\u0144skich jednop\u0142ciowych. Dawstwo kom\u00f3rek jajowych, surogacja s\u0105 zabronione. <\/li>\n\n\n\n<li>Polska: Zap\u0142odnienie pozaustrojowe jest dost\u0119pne wy\u0142\u0105cznie dla par heteroseksualnych. Dawstwo gamet jest dozwolone, natomiast surogacja jest zabroniona.  <\/li>\n\n\n\n<li>W\u0119gry: In vitro jest legalne dla par heteroseksualnych, ale dost\u0119p jest \u015bci\u015ble kontrolowany przez pa\u0144stwo, a prywatne kliniki maj\u0105 ograniczone mo\u017cliwo\u015bci \u015bwiadczenia us\u0142ug.<\/li>\n\n\n\n<li>Litwa: In vitro jest legalne dla heteroseksualnych par w zwi\u0105zku ma\u0142\u017ce\u0144skim, mro\u017cenie zarodk\u00f3w jest dozwolone. <\/li>\n<\/ul>\n\n<h2 class=\"wp-block-heading\">Turystyka reprodukcyjna<\/h2>\n\n<ul class=\"wp-block-list\">\n<li>Grecja: Grecja jest popularnym krajem dla os\u00f3b szukaj\u0105cych mo\u017cliwo\u015bci sztucznego zap\u0142odnienia. Procedura ta jest oferowana parom heteroseksualnym, samotnym kobietom oraz parom jednop\u0142ciowym. Surogacja jest legalna pod warunkiem uzyskania zgody s\u0105du. Dawstwo kom\u00f3rek jajowych i nasienia jest legalne i szeroko rozpowszechnione.  <\/li>\n\n\n\n<li>Czechy: Zap\u0142odnienie pozaustrojowe jest dost\u0119pne dla par heteroseksualnych oraz samotnych kobiet. Dawstwo kom\u00f3rek jajowych i nasienia jest anonimowe, a surogacja jest zakazana. Kraj ten jest znany ze stosunkowo niskich cen zabieg\u00f3w in vitro.  <\/li>\n\n\n\n<li>Ukraina: Ukraina oferuje szeroki dost\u0119p do in vitro, w tym do surogacji, kt\u00f3ra jest legalna. Kraj ten jest znany z niskich cen procedur i przyci\u0105ga wielu zainteresowanych z zagranicy. Sytuacja ta zmieni\u0142a si\u0119 od pocz\u0105tku wojny w 2022 roku. Od tego czasu Gruzja sta\u0142a si\u0119 now\u0105 alternatyw\u0105 jako kierunek dla surogacji.   <\/li>\n\n\n\n<li>Gruzja: in vitro jest dost\u0119pne dla par heteroseksualnych oraz kobiet samotnych. Surogacja jest w Gruzji legalna, a surogatce nie przys\u0142uguj\u0105 prawa rodzicielskie. Dawstwo kom\u00f3rek jajowych i nasienia jest dozwolone, r\u00f3wnie\u017c dla pacjent\u00f3w zagranicznych, zar\u00f3wno w formie anonimowej, jak i jawnej. Dozwolone jest tak\u017ce dawstwo zarodk\u00f3w oraz ich mro\u017cenie.    <strong> <\/strong><\/li>\n<\/ul>\n","protected":false},"excerpt":{"rendered":"<p>Przepisy prawne poszczeg\u00f3lnych kraj\u00f3w europejskich dotycz\u0105ce sztucznego zap\u0142odnienia (in vitro) znacznie si\u0119 od siebie r\u00f3\u017cni\u0105. Ka\u017cde pa\u0144stwo przyjmuje w\u0142asne regulacje dotycz\u0105ce dost\u0119pu do technologii wspomaganej reprodukcji (ART). Szeroki dost\u0119p (w<a href=\"https:\/\/prolifeeurope.org\/pl\/baza-wiedzy\/in-vitro-w-europie-przepisy-i-ograniczenia\/\">Continue reading <span class=\"sr-only\">&#8222;In vitro w Europie: przepisy i ograniczenia&#8221;<\/span><\/a><\/p>\n","protected":false},"author":14,"featured_media":0,"parent":3710,"menu_order":0,"comment_status":"closed","ping_status":"closed","template":"page-topic.php","meta":{"_acf_changed":false,"_monsterinsights_skip_tracking":false,"_monsterinsights_sitenote_active":false,"_monsterinsights_sitenote_note":"","_monsterinsights_sitenote_category":0,"footnotes":""},"topic":[],"class_list":["post-6083","page","type-page","status-publish","hentry"],"acf":[],"yoast_head":"<!-- This site is optimized with the Yoast SEO plugin v27.2 - https:\/\/yoast.com\/product\/yoast-seo-wordpress\/ -->\n<title>In vitro w Europie: przepisy i ograniczenia - ProLife Europe<\/title>\n<meta name=\"description\" content=\"Ka\u017cdy kraj ma w\u0142asne regulacje dotycz\u0105ce technologii wspomaganej reprodukcji (ART). Przepisy prawne poszczeg\u00f3lnych kraj\u00f3w europejskich dotycz\u0105ce zap\u0142odnienia in vitro (IVF) znacznie si\u0119 od siebie r\u00f3\u017cni\u0105 si\u0119.\" \/>\n<meta name=\"robots\" content=\"index, follow, max-snippet:-1, max-image-preview:large, max-video-preview:-1\" \/>\n<link rel=\"canonical\" href=\"https:\/\/prolifeeurope.org\/pl\/baza-wiedzy\/in-vitro-w-europie-przepisy-i-ograniczenia\/\" \/>\n<meta property=\"og:locale\" content=\"pl_PL\" \/>\n<meta property=\"og:type\" content=\"article\" \/>\n<meta property=\"og:title\" content=\"In vitro w Europie: przepisy i ograniczenia - ProLife Europe\" \/>\n<meta property=\"og:description\" content=\"Ka\u017cdy kraj ma w\u0142asne regulacje dotycz\u0105ce technologii wspomaganej reprodukcji (ART). Przepisy prawne poszczeg\u00f3lnych kraj\u00f3w europejskich dotycz\u0105ce zap\u0142odnienia in vitro (IVF) znacznie si\u0119 od siebie r\u00f3\u017cni\u0105 si\u0119.\" \/>\n<meta property=\"og:url\" content=\"https:\/\/prolifeeurope.org\/pl\/baza-wiedzy\/in-vitro-w-europie-przepisy-i-ograniczenia\/\" \/>\n<meta property=\"og:site_name\" content=\"ProLife Europe\" \/>\n<meta property=\"article:publisher\" content=\"https:\/\/www.facebook.com\/ProLifeEurope\/\" \/>\n<meta property=\"article:modified_time\" content=\"2026-04-17T13:45:29+00:00\" \/>\n<meta name=\"twitter:card\" content=\"summary_large_image\" \/>\n<meta name=\"twitter:label1\" content=\"Szacowany czas czytania\" \/>\n\t<meta name=\"twitter:data1\" content=\"4 minuta\" \/>\n<script type=\"application\/ld+json\" class=\"yoast-schema-graph\">{\"@context\":\"https:\/\/schema.org\",\"@graph\":[{\"@type\":\"WebPage\",\"@id\":\"https:\/\/prolifeeurope.org\/pl\/baza-wiedzy\/in-vitro-w-europie-przepisy-i-ograniczenia\/\",\"url\":\"https:\/\/prolifeeurope.org\/pl\/baza-wiedzy\/in-vitro-w-europie-przepisy-i-ograniczenia\/\",\"name\":\"In vitro w Europie: przepisy i ograniczenia - ProLife Europe\",\"isPartOf\":{\"@id\":\"https:\/\/prolifeeurope.org\/pl\/#website\"},\"datePublished\":\"2025-01-17T18:47:04+00:00\",\"dateModified\":\"2026-04-17T13:45:29+00:00\",\"description\":\"Ka\u017cdy kraj ma w\u0142asne regulacje dotycz\u0105ce technologii wspomaganej reprodukcji (ART). Przepisy prawne poszczeg\u00f3lnych kraj\u00f3w europejskich dotycz\u0105ce zap\u0142odnienia in vitro (IVF) znacznie si\u0119 od siebie r\u00f3\u017cni\u0105 si\u0119.\",\"breadcrumb\":{\"@id\":\"https:\/\/prolifeeurope.org\/pl\/baza-wiedzy\/in-vitro-w-europie-przepisy-i-ograniczenia\/#breadcrumb\"},\"inLanguage\":\"pl-PL\",\"potentialAction\":[{\"@type\":\"ReadAction\",\"target\":[\"https:\/\/prolifeeurope.org\/pl\/baza-wiedzy\/in-vitro-w-europie-przepisy-i-ograniczenia\/\"]}]},{\"@type\":\"BreadcrumbList\",\"@id\":\"https:\/\/prolifeeurope.org\/pl\/baza-wiedzy\/in-vitro-w-europie-przepisy-i-ograniczenia\/#breadcrumb\",\"itemListElement\":[{\"@type\":\"ListItem\",\"position\":1,\"name\":\"Home\",\"item\":\"https:\/\/prolifeeurope.org\/pl\/\"},{\"@type\":\"ListItem\",\"position\":2,\"name\":\"Baza wiedzy\",\"item\":\"https:\/\/prolifeeurope.org\/pl\/baza-wiedzy\/\"},{\"@type\":\"ListItem\",\"position\":3,\"name\":\"In vitro w Europie: przepisy i ograniczenia\"}]},{\"@type\":\"WebSite\",\"@id\":\"https:\/\/prolifeeurope.org\/pl\/#website\",\"url\":\"https:\/\/prolifeeurope.org\/pl\/\",\"name\":\"ProLife Europe\",\"description\":\"\",\"publisher\":{\"@id\":\"https:\/\/prolifeeurope.org\/pl\/#organization\"},\"potentialAction\":[{\"@type\":\"SearchAction\",\"target\":{\"@type\":\"EntryPoint\",\"urlTemplate\":\"https:\/\/prolifeeurope.org\/pl\/?s={search_term_string}\"},\"query-input\":{\"@type\":\"PropertyValueSpecification\",\"valueRequired\":true,\"valueName\":\"search_term_string\"}}],\"inLanguage\":\"pl-PL\"},{\"@type\":\"Organization\",\"@id\":\"https:\/\/prolifeeurope.org\/pl\/#organization\",\"name\":\"ProLife Europe\",\"url\":\"https:\/\/prolifeeurope.org\/pl\/\",\"logo\":{\"@type\":\"ImageObject\",\"inLanguage\":\"pl-PL\",\"@id\":\"https:\/\/prolifeeurope.org\/pl\/#\/schema\/logo\/image\/\",\"url\":\"https:\/\/prolifeeurope.org\/wp-content\/uploads\/2024\/11\/logo-3.svg\",\"contentUrl\":\"https:\/\/prolifeeurope.org\/wp-content\/uploads\/2024\/11\/logo-3.svg\",\"width\":166,\"height\":170,\"caption\":\"ProLife Europe\"},\"image\":{\"@id\":\"https:\/\/prolifeeurope.org\/pl\/#\/schema\/logo\/image\/\"},\"sameAs\":[\"https:\/\/www.facebook.com\/ProLifeEurope\/\",\"https:\/\/www.instagram.com\/prolife_europe\/\",\"https:\/\/www.youtube.com\/channel\/UC7olgmdiSVEHZUiP554XozA\"]}]}<\/script>\n<!-- \/ Yoast SEO plugin. -->","yoast_head_json":{"title":"In vitro w Europie: przepisy i ograniczenia - ProLife Europe","description":"Ka\u017cdy kraj ma w\u0142asne regulacje dotycz\u0105ce technologii wspomaganej reprodukcji (ART). Przepisy prawne poszczeg\u00f3lnych kraj\u00f3w europejskich dotycz\u0105ce zap\u0142odnienia in vitro (IVF) znacznie si\u0119 od siebie r\u00f3\u017cni\u0105 si\u0119.","robots":{"index":"index","follow":"follow","max-snippet":"max-snippet:-1","max-image-preview":"max-image-preview:large","max-video-preview":"max-video-preview:-1"},"canonical":"https:\/\/prolifeeurope.org\/pl\/baza-wiedzy\/in-vitro-w-europie-przepisy-i-ograniczenia\/","og_locale":"pl_PL","og_type":"article","og_title":"In vitro w Europie: przepisy i ograniczenia - ProLife Europe","og_description":"Ka\u017cdy kraj ma w\u0142asne regulacje dotycz\u0105ce technologii wspomaganej reprodukcji (ART). Przepisy prawne poszczeg\u00f3lnych kraj\u00f3w europejskich dotycz\u0105ce zap\u0142odnienia in vitro (IVF) znacznie si\u0119 od siebie r\u00f3\u017cni\u0105 si\u0119.","og_url":"https:\/\/prolifeeurope.org\/pl\/baza-wiedzy\/in-vitro-w-europie-przepisy-i-ograniczenia\/","og_site_name":"ProLife Europe","article_publisher":"https:\/\/www.facebook.com\/ProLifeEurope\/","article_modified_time":"2026-04-17T13:45:29+00:00","twitter_card":"summary_large_image","twitter_misc":{"Szacowany czas czytania":"4 minuta"},"schema":{"@context":"https:\/\/schema.org","@graph":[{"@type":"WebPage","@id":"https:\/\/prolifeeurope.org\/pl\/baza-wiedzy\/in-vitro-w-europie-przepisy-i-ograniczenia\/","url":"https:\/\/prolifeeurope.org\/pl\/baza-wiedzy\/in-vitro-w-europie-przepisy-i-ograniczenia\/","name":"In vitro w Europie: przepisy i ograniczenia - ProLife Europe","isPartOf":{"@id":"https:\/\/prolifeeurope.org\/pl\/#website"},"datePublished":"2025-01-17T18:47:04+00:00","dateModified":"2026-04-17T13:45:29+00:00","description":"Ka\u017cdy kraj ma w\u0142asne regulacje dotycz\u0105ce technologii wspomaganej reprodukcji (ART). Przepisy prawne poszczeg\u00f3lnych kraj\u00f3w europejskich dotycz\u0105ce zap\u0142odnienia in vitro (IVF) znacznie si\u0119 od siebie r\u00f3\u017cni\u0105 si\u0119.","breadcrumb":{"@id":"https:\/\/prolifeeurope.org\/pl\/baza-wiedzy\/in-vitro-w-europie-przepisy-i-ograniczenia\/#breadcrumb"},"inLanguage":"pl-PL","potentialAction":[{"@type":"ReadAction","target":["https:\/\/prolifeeurope.org\/pl\/baza-wiedzy\/in-vitro-w-europie-przepisy-i-ograniczenia\/"]}]},{"@type":"BreadcrumbList","@id":"https:\/\/prolifeeurope.org\/pl\/baza-wiedzy\/in-vitro-w-europie-przepisy-i-ograniczenia\/#breadcrumb","itemListElement":[{"@type":"ListItem","position":1,"name":"Home","item":"https:\/\/prolifeeurope.org\/pl\/"},{"@type":"ListItem","position":2,"name":"Baza wiedzy","item":"https:\/\/prolifeeurope.org\/pl\/baza-wiedzy\/"},{"@type":"ListItem","position":3,"name":"In vitro w Europie: przepisy i ograniczenia"}]},{"@type":"WebSite","@id":"https:\/\/prolifeeurope.org\/pl\/#website","url":"https:\/\/prolifeeurope.org\/pl\/","name":"ProLife Europe","description":"","publisher":{"@id":"https:\/\/prolifeeurope.org\/pl\/#organization"},"potentialAction":[{"@type":"SearchAction","target":{"@type":"EntryPoint","urlTemplate":"https:\/\/prolifeeurope.org\/pl\/?s={search_term_string}"},"query-input":{"@type":"PropertyValueSpecification","valueRequired":true,"valueName":"search_term_string"}}],"inLanguage":"pl-PL"},{"@type":"Organization","@id":"https:\/\/prolifeeurope.org\/pl\/#organization","name":"ProLife Europe","url":"https:\/\/prolifeeurope.org\/pl\/","logo":{"@type":"ImageObject","inLanguage":"pl-PL","@id":"https:\/\/prolifeeurope.org\/pl\/#\/schema\/logo\/image\/","url":"https:\/\/prolifeeurope.org\/wp-content\/uploads\/2024\/11\/logo-3.svg","contentUrl":"https:\/\/prolifeeurope.org\/wp-content\/uploads\/2024\/11\/logo-3.svg","width":166,"height":170,"caption":"ProLife Europe"},"image":{"@id":"https:\/\/prolifeeurope.org\/pl\/#\/schema\/logo\/image\/"},"sameAs":["https:\/\/www.facebook.com\/ProLifeEurope\/","https:\/\/www.instagram.com\/prolife_europe\/","https:\/\/www.youtube.com\/channel\/UC7olgmdiSVEHZUiP554XozA"]}]}},"_links":{"self":[{"href":"https:\/\/prolifeeurope.org\/pl\/wp-json\/wp\/v2\/pages\/6083","targetHints":{"allow":["GET"]}}],"collection":[{"href":"https:\/\/prolifeeurope.org\/pl\/wp-json\/wp\/v2\/pages"}],"about":[{"href":"https:\/\/prolifeeurope.org\/pl\/wp-json\/wp\/v2\/types\/page"}],"author":[{"embeddable":true,"href":"https:\/\/prolifeeurope.org\/pl\/wp-json\/wp\/v2\/users\/14"}],"replies":[{"embeddable":true,"href":"https:\/\/prolifeeurope.org\/pl\/wp-json\/wp\/v2\/comments?post=6083"}],"version-history":[{"count":2,"href":"https:\/\/prolifeeurope.org\/pl\/wp-json\/wp\/v2\/pages\/6083\/revisions"}],"predecessor-version":[{"id":6119,"href":"https:\/\/prolifeeurope.org\/pl\/wp-json\/wp\/v2\/pages\/6083\/revisions\/6119"}],"up":[{"embeddable":true,"href":"https:\/\/prolifeeurope.org\/pl\/wp-json\/wp\/v2\/pages\/3710"}],"wp:attachment":[{"href":"https:\/\/prolifeeurope.org\/pl\/wp-json\/wp\/v2\/media?parent=6083"}],"wp:term":[{"taxonomy":"topic","embeddable":true,"href":"https:\/\/prolifeeurope.org\/pl\/wp-json\/wp\/v2\/topic?post=6083"}],"curies":[{"name":"wp","href":"https:\/\/api.w.org\/{rel}","templated":true}]}}