{"id":6079,"date":"2025-01-15T23:48:50","date_gmt":"2025-01-15T22:48:50","guid":{"rendered":"https:\/\/prolifeeurope.org\/baza-wiedzy\/status-prawny-w-europie\/"},"modified":"2026-04-17T15:42:08","modified_gmt":"2026-04-17T13:42:08","slug":"status-prawny-w-europie","status":"publish","type":"page","link":"https:\/\/prolifeeurope.org\/pl\/baza-wiedzy\/status-prawny-w-europie\/","title":{"rendered":"Status prawny w Europie"},"content":{"rendered":"\n<p>Przepisy prawne dotycz\u0105ce eutanazji r\u00f3\u017cni\u0105 si\u0119 znacznie w ca\u0142ej Europie. Poni\u017cej przedstawiono przegl\u0105d sytuacji prawnej w wybranych krajach: <\/p>\n\n<p>Belgia: Eutanazja czynna jest legalna od 2002 roku, a w 2014 roku uprawnienie do do jej wyboru zosta\u0142a rozszerzona tak\u017ce na osoby nieletnie. Warunkiem jest potwierdzenie przez lekarzy, \u017ce cierpienie powodowane skutkami choroby nieuleczalnej s\u0105 \u201enie do zniesienia\u201d. <\/p>\n\n<p>Dania: Eutanazja czynna oraz samob\u00f3jstwo wspomagane s\u0105 zabronione. Eutanazja bierna jest dozwolona od 1992 roku; pacjenci mog\u0105 si\u0119 zdecydowa\u0107 na zaniechanie podawania \u015brodk\u00f3w podtrzymuj\u0105cych ich \u017cycie poprzez podpisanie pisemnego o\u015bwiadczenia. <\/p>\n\n<p>Niemcy: Eutanazja czynna jest zabroniona i podlega karze do pi\u0119ciu lat pozbawienia wolno\u015bci. Eutanazja bierna jest dozwolona, je\u015bli istnieje wola pacjenta lub wa\u017cne wcze\u015bniejsze o\u015bwiadczenie woli. <\/p>\n\n<p>Francja: Eutanazja czynna jest zabroniona. Eutanazja bierna jest dozwolona; leczenie mo\u017ce zosta\u0107 przerwane na \u017cyczenie pacjenta, nawet je\u015bli spowoduje to przyspieszenie zgonu. <\/p>\n\n<p>Luksemburg: Eutanazja czynna jest legalna od 2009 roku. Lekarz mo\u017ce pom\u00f3c nieuleczalnie chorym pacjentom zako\u0144czy\u0107 \u017cycie na ich \u017cyczenie, pod warunkiem \u017ce dw\u00f3ch lekarzy niezale\u017cnie od siebie potwierdzi brak mo\u017cliwo\u015bci poprawy stanu pacjenta. <\/p>\n\n<p>Niderlandy: Eutanazja czynna jest legalna od 2002 roku. Cierpi\u0105cy pacjenci w ostatnich fazach choroby nieuleczalnej mog\u0105 skorzysta\u0107 z eutanazji pod \u015bcis\u0142ymi warunkami. <\/p>\n\n<p>Austria: Eutanazja czynna jest zabroniona i podlega karze do pi\u0119ciu lat pozbawienia wolno\u015bci. Eutanazja bierna jest dozwolona, je\u015bli istnieje wola pacjenta lub wa\u017cne wcze\u015bniejsze o\u015bwiadczenie woli. Samob\u00f3jstwo wspomagane zosta\u0142o zalegalizowane w 2022 roku, przy stosowaniu dok\u0142adnej kontroli i zapewniaj\u0105c autonomi\u0119 jednostki w procesie podejmowania decyzji.  <\/p>\n\n<p>Szwajcaria: Eutanazja czynna jest zabroniona. Samob\u00f3jstwo wspomagane jest dozwolone, pod warunkiem braku egoistycznych motyw\u00f3w. Organizacje takie jak Exit i Dignitas wspieraj\u0105 osoby nieuleczalnie chore w podj\u0119ciu decyzji o ewentualnym i kontrolowanym przerwaniu swego \u017cycia.  <\/p>\n\n<p>Hiszpania: Eutanazja czynna oraz samob\u00f3jstwo wspomagane s\u0105 legalne od 2021 roku. Osoby posiadaj\u0105ce obywatelstwo hiszpa\u0144skie lub miejsce zamieszkania w Hiszpanii mog\u0105 ubiega\u0107 si\u0119 o eutanazj\u0119 pod okre\u015blonymi warunkami. <\/p>\n\n<p>Polska: Wszystkie formy eutanazji, w tym eutanazja bierna oraz samob\u00f3jstwo wspomagane, s\u0105 zabronione.<\/p>\n\n<p>Chocia\u017c w Niemczech i we W\u0142oszech nie istniej\u0105 obecnie przepisy prawne dopuszczaj\u0105ce samob\u00f3jstwa wspomaganego, niedawne decyzje odpowiednich s\u0105d\u00f3w najwy\u017cszych mog\u0105 w przysz\u0142o\u015bci doprowadzi\u0107 do wprowadzenia nowych regulacji prawnych w tych pa\u0144stwach<\/p>\n\n<p>W Luksemburgu oko\u0142o 0,7% zgon\u00f3w niezwi\u0105zanych z przemoc\u0105 by\u0142o wynikiem eutanazji lub samob\u00f3jstwa wspomaganego. Legalizacja nast\u0105pi\u0142a oko\u0142o roku 2000 w Belgii i Szwajcarii, gdzie wska\u017aniki wynosz\u0105 odpowiednio 2,3% i 1,7%. Podobnie jest w Holandii, gdzie ju\u017c 4,6% zgon\u00f3w niezwi\u0105zanych z przemoc\u0105 przypisuje si\u0119 eutanazji lub samob\u00f3jstwu wspomaganemu. Wska\u017aniki te wydaj\u0105 si\u0119 stopniowo rosn\u0105\u0107 wsz\u0119dzie tam, gdzie praktyki te s\u0105 dozwolone \u2014 zar\u00f3wno w Europie, jak i poza ni\u0105.   <\/p>\n","protected":false},"excerpt":{"rendered":"<p>Przepisy prawne dotycz\u0105ce eutanazji r\u00f3\u017cni\u0105 si\u0119 znacznie w ca\u0142ej Europie. Poni\u017cej przedstawiono przegl\u0105d sytuacji prawnej w wybranych krajach: Belgia: Eutanazja czynna jest legalna od 2002 roku, a w 2014 roku<a href=\"https:\/\/prolifeeurope.org\/pl\/baza-wiedzy\/status-prawny-w-europie\/\">Continue reading <span class=\"sr-only\">&#8222;Status prawny w Europie&#8221;<\/span><\/a><\/p>\n","protected":false},"author":14,"featured_media":0,"parent":3710,"menu_order":0,"comment_status":"closed","ping_status":"closed","template":"page-topic.php","meta":{"_acf_changed":false,"_monsterinsights_skip_tracking":false,"_monsterinsights_sitenote_active":false,"_monsterinsights_sitenote_note":"","_monsterinsights_sitenote_category":0,"footnotes":""},"topic":[],"class_list":["post-6079","page","type-page","status-publish","hentry"],"acf":[],"yoast_head":"<!-- This site is optimized with the Yoast SEO plugin v27.2 - https:\/\/yoast.com\/product\/yoast-seo-wordpress\/ -->\n<title>Status prawny w Europie - ProLife Europe<\/title>\n<meta name=\"description\" content=\"Przepisy dotycz\u0105ce eutanazji r\u00f3\u017cni\u0105 si\u0119 znacznie w ca\u0142ej Europie. Tutaj znajdziesz przegl\u0105d sytuacji w r\u00f3\u017cnych krajach.\" \/>\n<meta name=\"robots\" content=\"index, follow, max-snippet:-1, max-image-preview:large, max-video-preview:-1\" \/>\n<link rel=\"canonical\" href=\"https:\/\/prolifeeurope.org\/pl\/baza-wiedzy\/status-prawny-w-europie\/\" \/>\n<meta property=\"og:locale\" content=\"pl_PL\" \/>\n<meta property=\"og:type\" content=\"article\" \/>\n<meta property=\"og:title\" content=\"Status prawny w Europie - ProLife Europe\" \/>\n<meta property=\"og:description\" content=\"Przepisy dotycz\u0105ce eutanazji r\u00f3\u017cni\u0105 si\u0119 znacznie w ca\u0142ej Europie. Tutaj znajdziesz przegl\u0105d sytuacji w r\u00f3\u017cnych krajach.\" \/>\n<meta property=\"og:url\" content=\"https:\/\/prolifeeurope.org\/pl\/baza-wiedzy\/status-prawny-w-europie\/\" \/>\n<meta property=\"og:site_name\" content=\"ProLife Europe\" \/>\n<meta property=\"article:publisher\" content=\"https:\/\/www.facebook.com\/ProLifeEurope\/\" \/>\n<meta property=\"article:modified_time\" content=\"2026-04-17T13:42:08+00:00\" \/>\n<meta name=\"twitter:card\" content=\"summary_large_image\" \/>\n<meta name=\"twitter:label1\" content=\"Szacowany czas czytania\" \/>\n\t<meta name=\"twitter:data1\" content=\"2 minuta\" \/>\n<script type=\"application\/ld+json\" class=\"yoast-schema-graph\">{\"@context\":\"https:\/\/schema.org\",\"@graph\":[{\"@type\":\"WebPage\",\"@id\":\"https:\/\/prolifeeurope.org\/pl\/baza-wiedzy\/status-prawny-w-europie\/\",\"url\":\"https:\/\/prolifeeurope.org\/pl\/baza-wiedzy\/status-prawny-w-europie\/\",\"name\":\"Status prawny w Europie - ProLife Europe\",\"isPartOf\":{\"@id\":\"https:\/\/prolifeeurope.org\/pl\/#website\"},\"datePublished\":\"2025-01-15T22:48:50+00:00\",\"dateModified\":\"2026-04-17T13:42:08+00:00\",\"description\":\"Przepisy dotycz\u0105ce eutanazji r\u00f3\u017cni\u0105 si\u0119 znacznie w ca\u0142ej Europie. Tutaj znajdziesz przegl\u0105d sytuacji w r\u00f3\u017cnych krajach.\",\"breadcrumb\":{\"@id\":\"https:\/\/prolifeeurope.org\/pl\/baza-wiedzy\/status-prawny-w-europie\/#breadcrumb\"},\"inLanguage\":\"pl-PL\",\"potentialAction\":[{\"@type\":\"ReadAction\",\"target\":[\"https:\/\/prolifeeurope.org\/pl\/baza-wiedzy\/status-prawny-w-europie\/\"]}]},{\"@type\":\"BreadcrumbList\",\"@id\":\"https:\/\/prolifeeurope.org\/pl\/baza-wiedzy\/status-prawny-w-europie\/#breadcrumb\",\"itemListElement\":[{\"@type\":\"ListItem\",\"position\":1,\"name\":\"Home\",\"item\":\"https:\/\/prolifeeurope.org\/pl\/\"},{\"@type\":\"ListItem\",\"position\":2,\"name\":\"Baza wiedzy\",\"item\":\"https:\/\/prolifeeurope.org\/pl\/baza-wiedzy\/\"},{\"@type\":\"ListItem\",\"position\":3,\"name\":\"Status prawny w Europie\"}]},{\"@type\":\"WebSite\",\"@id\":\"https:\/\/prolifeeurope.org\/pl\/#website\",\"url\":\"https:\/\/prolifeeurope.org\/pl\/\",\"name\":\"ProLife Europe\",\"description\":\"\",\"publisher\":{\"@id\":\"https:\/\/prolifeeurope.org\/pl\/#organization\"},\"potentialAction\":[{\"@type\":\"SearchAction\",\"target\":{\"@type\":\"EntryPoint\",\"urlTemplate\":\"https:\/\/prolifeeurope.org\/pl\/?s={search_term_string}\"},\"query-input\":{\"@type\":\"PropertyValueSpecification\",\"valueRequired\":true,\"valueName\":\"search_term_string\"}}],\"inLanguage\":\"pl-PL\"},{\"@type\":\"Organization\",\"@id\":\"https:\/\/prolifeeurope.org\/pl\/#organization\",\"name\":\"ProLife Europe\",\"url\":\"https:\/\/prolifeeurope.org\/pl\/\",\"logo\":{\"@type\":\"ImageObject\",\"inLanguage\":\"pl-PL\",\"@id\":\"https:\/\/prolifeeurope.org\/pl\/#\/schema\/logo\/image\/\",\"url\":\"https:\/\/prolifeeurope.org\/wp-content\/uploads\/2024\/11\/logo-3.svg\",\"contentUrl\":\"https:\/\/prolifeeurope.org\/wp-content\/uploads\/2024\/11\/logo-3.svg\",\"width\":166,\"height\":170,\"caption\":\"ProLife Europe\"},\"image\":{\"@id\":\"https:\/\/prolifeeurope.org\/pl\/#\/schema\/logo\/image\/\"},\"sameAs\":[\"https:\/\/www.facebook.com\/ProLifeEurope\/\",\"https:\/\/www.instagram.com\/prolife_europe\/\",\"https:\/\/www.youtube.com\/channel\/UC7olgmdiSVEHZUiP554XozA\"]}]}<\/script>\n<!-- \/ Yoast SEO plugin. -->","yoast_head_json":{"title":"Status prawny w Europie - ProLife Europe","description":"Przepisy dotycz\u0105ce eutanazji r\u00f3\u017cni\u0105 si\u0119 znacznie w ca\u0142ej Europie. Tutaj znajdziesz przegl\u0105d sytuacji w r\u00f3\u017cnych krajach.","robots":{"index":"index","follow":"follow","max-snippet":"max-snippet:-1","max-image-preview":"max-image-preview:large","max-video-preview":"max-video-preview:-1"},"canonical":"https:\/\/prolifeeurope.org\/pl\/baza-wiedzy\/status-prawny-w-europie\/","og_locale":"pl_PL","og_type":"article","og_title":"Status prawny w Europie - ProLife Europe","og_description":"Przepisy dotycz\u0105ce eutanazji r\u00f3\u017cni\u0105 si\u0119 znacznie w ca\u0142ej Europie. Tutaj znajdziesz przegl\u0105d sytuacji w r\u00f3\u017cnych krajach.","og_url":"https:\/\/prolifeeurope.org\/pl\/baza-wiedzy\/status-prawny-w-europie\/","og_site_name":"ProLife Europe","article_publisher":"https:\/\/www.facebook.com\/ProLifeEurope\/","article_modified_time":"2026-04-17T13:42:08+00:00","twitter_card":"summary_large_image","twitter_misc":{"Szacowany czas czytania":"2 minuta"},"schema":{"@context":"https:\/\/schema.org","@graph":[{"@type":"WebPage","@id":"https:\/\/prolifeeurope.org\/pl\/baza-wiedzy\/status-prawny-w-europie\/","url":"https:\/\/prolifeeurope.org\/pl\/baza-wiedzy\/status-prawny-w-europie\/","name":"Status prawny w Europie - ProLife Europe","isPartOf":{"@id":"https:\/\/prolifeeurope.org\/pl\/#website"},"datePublished":"2025-01-15T22:48:50+00:00","dateModified":"2026-04-17T13:42:08+00:00","description":"Przepisy dotycz\u0105ce eutanazji r\u00f3\u017cni\u0105 si\u0119 znacznie w ca\u0142ej Europie. Tutaj znajdziesz przegl\u0105d sytuacji w r\u00f3\u017cnych krajach.","breadcrumb":{"@id":"https:\/\/prolifeeurope.org\/pl\/baza-wiedzy\/status-prawny-w-europie\/#breadcrumb"},"inLanguage":"pl-PL","potentialAction":[{"@type":"ReadAction","target":["https:\/\/prolifeeurope.org\/pl\/baza-wiedzy\/status-prawny-w-europie\/"]}]},{"@type":"BreadcrumbList","@id":"https:\/\/prolifeeurope.org\/pl\/baza-wiedzy\/status-prawny-w-europie\/#breadcrumb","itemListElement":[{"@type":"ListItem","position":1,"name":"Home","item":"https:\/\/prolifeeurope.org\/pl\/"},{"@type":"ListItem","position":2,"name":"Baza wiedzy","item":"https:\/\/prolifeeurope.org\/pl\/baza-wiedzy\/"},{"@type":"ListItem","position":3,"name":"Status prawny w Europie"}]},{"@type":"WebSite","@id":"https:\/\/prolifeeurope.org\/pl\/#website","url":"https:\/\/prolifeeurope.org\/pl\/","name":"ProLife Europe","description":"","publisher":{"@id":"https:\/\/prolifeeurope.org\/pl\/#organization"},"potentialAction":[{"@type":"SearchAction","target":{"@type":"EntryPoint","urlTemplate":"https:\/\/prolifeeurope.org\/pl\/?s={search_term_string}"},"query-input":{"@type":"PropertyValueSpecification","valueRequired":true,"valueName":"search_term_string"}}],"inLanguage":"pl-PL"},{"@type":"Organization","@id":"https:\/\/prolifeeurope.org\/pl\/#organization","name":"ProLife Europe","url":"https:\/\/prolifeeurope.org\/pl\/","logo":{"@type":"ImageObject","inLanguage":"pl-PL","@id":"https:\/\/prolifeeurope.org\/pl\/#\/schema\/logo\/image\/","url":"https:\/\/prolifeeurope.org\/wp-content\/uploads\/2024\/11\/logo-3.svg","contentUrl":"https:\/\/prolifeeurope.org\/wp-content\/uploads\/2024\/11\/logo-3.svg","width":166,"height":170,"caption":"ProLife Europe"},"image":{"@id":"https:\/\/prolifeeurope.org\/pl\/#\/schema\/logo\/image\/"},"sameAs":["https:\/\/www.facebook.com\/ProLifeEurope\/","https:\/\/www.instagram.com\/prolife_europe\/","https:\/\/www.youtube.com\/channel\/UC7olgmdiSVEHZUiP554XozA"]}]}},"_links":{"self":[{"href":"https:\/\/prolifeeurope.org\/pl\/wp-json\/wp\/v2\/pages\/6079","targetHints":{"allow":["GET"]}}],"collection":[{"href":"https:\/\/prolifeeurope.org\/pl\/wp-json\/wp\/v2\/pages"}],"about":[{"href":"https:\/\/prolifeeurope.org\/pl\/wp-json\/wp\/v2\/types\/page"}],"author":[{"embeddable":true,"href":"https:\/\/prolifeeurope.org\/pl\/wp-json\/wp\/v2\/users\/14"}],"replies":[{"embeddable":true,"href":"https:\/\/prolifeeurope.org\/pl\/wp-json\/wp\/v2\/comments?post=6079"}],"version-history":[{"count":2,"href":"https:\/\/prolifeeurope.org\/pl\/wp-json\/wp\/v2\/pages\/6079\/revisions"}],"predecessor-version":[{"id":6115,"href":"https:\/\/prolifeeurope.org\/pl\/wp-json\/wp\/v2\/pages\/6079\/revisions\/6115"}],"up":[{"embeddable":true,"href":"https:\/\/prolifeeurope.org\/pl\/wp-json\/wp\/v2\/pages\/3710"}],"wp:attachment":[{"href":"https:\/\/prolifeeurope.org\/pl\/wp-json\/wp\/v2\/media?parent=6079"}],"wp:term":[{"taxonomy":"topic","embeddable":true,"href":"https:\/\/prolifeeurope.org\/pl\/wp-json\/wp\/v2\/topic?post=6079"}],"curies":[{"name":"wp","href":"https:\/\/api.w.org\/{rel}","templated":true}]}}