{"id":6077,"date":"2025-01-15T23:14:18","date_gmt":"2025-01-15T22:14:18","guid":{"rendered":"https:\/\/prolifeeurope.org\/baza-wiedzy\/eutanazja-vs-samobojstwo-wspomagane-jaka-jest-roznica\/"},"modified":"2026-04-17T15:42:57","modified_gmt":"2026-04-17T13:42:57","slug":"eutanazja-vs-samobojstwo-wspomagane-jaka-jest-roznica","status":"publish","type":"page","link":"https:\/\/prolifeeurope.org\/pl\/baza-wiedzy\/eutanazja-vs-samobojstwo-wspomagane-jaka-jest-roznica\/","title":{"rendered":"Eutanazja vs. samob\u00f3jstwo wspomagane \u2014 jaka jest r\u00f3\u017cnica"},"content":{"rendered":"\n<p>Eutanazja i samob\u00f3jstwo wspomagane to odr\u0119bne praktyki, cho\u0107 obie polegaj\u0105 na celowym zako\u0144czeniu \u017cycia w celu z\u0142agodzenia cierpienia. Oto zestawienie ich r\u00f3\u017cnic: <\/p>\n\n<h2 class=\"wp-block-heading\">Eutanazja<\/h2>\n\n<p>Eutanazja polega na tym, \u017ce osoba trzecia, zazwyczaj pracownik s\u0142u\u017cby zdrowia, bezpo\u015brednio podaje pewn\u0105 substancj\u0119 lub podejmuje dzia\u0142anie maj\u0105ce na celu zako\u0144czenie \u017cycia osoby, kt\u00f3ra o to poprosi\u0142a. W zale\u017cno\u015bci od sposobu doprowadzenia do \u015bmierci oraz charakteru podj\u0119tych dzia\u0142a\u0144 rozr\u00f3\u017cnia si\u0119 eutanazj\u0119 czynn\u0105 i biern\u0105.  <\/p>\n\n<h3 class=\"wp-block-heading\">Eutanazja czynna<\/h3>\n\n<ol class=\"wp-block-list\">\n<li>Definicja: Eutanazja czynna polega na podejmowaniu celowych i bezpo\u015brednich dzia\u0142a\u0144 w celu zako\u0144czenia \u017cycia osoby, aby ul\u017cy\u0107 jej w cierpieniu.<\/li>\n\n\n\n<li>Dzia\u0142anie: Osoba trzecia, cz\u0119sto pracownik s\u0142u\u017cby zdrowia, podejmuje dzia\u0142anie, kt\u00f3re celowo powoduje \u015bmier\u0107 (np. podanie \u015bmiertelnego zastrzyku).<\/li>\n\n\n\n<li>Zamiar: G\u0142\u00f3wnym celem jest bezpo\u015brednie spowodowanie \u015bmierci w celu zako\u0144czenia cierpienia.<\/li>\n\n\n\n<li>Przyk\u0142ad: Lekarz podaje \u015bmierteln\u0105 dawk\u0119 leku pacjentowi w nieuleczalnym, pe\u0142nym cierpienia stadium choroby na jego wyra\u017ane \u017c\u0105danie.<\/li>\n\n\n\n<li>Status prawny:\n<ul class=\"wp-block-list\">\n<li>Legalna w kilku krajach, takich jak Belgia, Holandia i Luksemburg.<\/li>\n\n\n\n<li>W wielu krajach eutanazja cz\u0119sto jest klasyfikowana jako zab\u00f3jstwo lub nieumy\u015blne spowodowanie \u015bmierci.<\/li>\n<\/ul>\n<\/li>\n<\/ol>\n\n<h3 class=\"wp-block-heading\">Eutanazja pasywna<\/h3>\n\n<ol class=\"wp-block-list\">\n<li>Definicja: Eutanazja bierna polega na zaniechaniu podj\u0119cia lub na przerwaniu leczenia podtrzymuj\u0105cego \u017cycie, co pozwala osobie umrze\u0107 w spos\u00f3b naturalny.<\/li>\n\n\n\n<li>Dzia\u0142anie: Nie podejmuje si\u0119 bezpo\u015brednich dzia\u0142a\u0144 powoduj\u0105cych \u015bmier\u0107; zamiast tego zabiegi podtrzymuj\u0105ce \u017cycie (np. stosowanie respiratora lub sondy \u017cywieniowe) s\u0105 wstrzymywane lub nie s\u0105 w og\u00f3le stosowane.<\/li>\n\n\n\n<li>Zamiar: Celem jest umo\u017cliwienie naturalnego przebiegu choroby nieuleczalnej bez ingerencji.<\/li>\n\n\n\n<li>Przyk\u0142ad: Aparatura podtrzymuj\u0105ca \u017cycie zostaje wy\u0142\u0105czona u pacjenta przebywaj\u0105cego w nieodwracalnej \u015bpi\u0105czce, zgodnie z jego wcze\u015bniejsz\u0105 wol\u0105 lub dyspozycj\u0105 prawn\u0105.<\/li>\n\n\n\n<li>Status prawny:\n<ul class=\"wp-block-list\">\n<li>Zazwyczaj legalna w wielu krajach, pod warunkiem \u017ce zgoda pacjenta jest jednoznaczna (np. poprzez wcze\u015bniejsze o\u015bwiadczenie woli lub wyra\u017an\u0105 pro\u015bb\u0119).<\/li>\n\n\n\n<li>Cz\u0119sto postrzegana jako mniejsze z\u0142o ni\u017c eutanazja czynna.<\/li>\n<\/ul>\n<\/li>\n<\/ol>\n\n<h3 class=\"wp-block-heading\">Podstawowy r\u00f3\u017cnice<\/h3>\n\n<figure class=\"wp-block-table\"><table class=\"has-fixed-layout\"><thead><tr><th class=\"has-text-align-center\" data-align=\"center\"><strong>W\u0142a\u015bciwo\u015bci<\/strong><\/th><th class=\"has-text-align-center\" data-align=\"center\"><strong>Eutanazja czynna<\/strong><\/th><th class=\"has-text-align-center\" data-align=\"center\">Eutanazja pasywna<\/th><\/tr><\/thead><tbody><tr><td class=\"has-text-align-center\" data-align=\"center\"><strong>Dzia\u0142anie<\/strong><\/td><td class=\"has-text-align-center\" data-align=\"center\">Bezpo\u015brednie dzia\u0142anie powoduj\u0105ce \u015bmier\u0107<\/td><td class=\"has-text-align-center\" data-align=\"center\">Przerwanie lub zaniechanie leczenia<\/td><\/tr><tr><td class=\"has-text-align-center\" data-align=\"center\"><strong>Przyczyna \u015bmierci<\/strong><\/td><td class=\"has-text-align-center\" data-align=\"center\">Wywo\u0142ana przez dzia\u0142anie zewn\u0119trzne<\/td><td class=\"has-text-align-center\" data-align=\"center\">Naturalny przebieg choroby<\/td><\/tr><tr><td class=\"has-text-align-center\" data-align=\"center\"><strong>Status prawny:<\/strong><\/td><td class=\"has-text-align-center\" data-align=\"center\">Legalna w niekt\u00f3rych pa\u0144stwach<\/td><td class=\"has-text-align-center\" data-align=\"center\">Legalna w wielu krajach (przy urzeczywistnieniu pewnych warunk\u00f3w)<\/td><\/tr><tr><td class=\"has-text-align-center\" data-align=\"center\"><strong>Debata o etyczno\u015bci eutanazji<\/strong><\/td><td class=\"has-text-align-center\" data-align=\"center\">Wywo\u0142uj\u0105ca wielkie kontrowersje<\/td><td class=\"has-text-align-center\" data-align=\"center\">Wywo\u0142uj\u0105ca mniejsze kontrowersje (lecz r\u00f3wnie\u017c postrzegana niejednoznacznie)<\/td><\/tr><\/tbody><\/table><\/figure>\n\n<h2 class=\"wp-block-heading\"><strong>Samob\u00f3jstwo wspomagane<\/strong><\/h2>\n\n<ol class=\"wp-block-list\">\n<li>Definicja: W przypadku samob\u00f3jstwa wspomaganego osobie udost\u0119pnia si\u0119 \u015brodki (np. preparaty medyczne) do przerwania w\u0142asnego \u017cycia, zazwyczaj przez pracownika s\u0142u\u017cby zdrowia, lecz to sama osoba dokonuje czynno\u015bci za\u017cycia takich preparat\u00f3w.<\/li>\n\n\n\n<li>Kluczowa cecha: Osoba chc\u0105ca zako\u0144czy\u0107 \u017cycie sama dokonuje tego aktu.<\/li>\n\n\n\n<li>Przyk\u0142ad: Lekarz przepisuje \u015bmierteln\u0105 dawk\u0119 preparatu medycznego, a pacjent sam go przyjmuje.<\/li>\n<\/ol>\n\n<h2 class=\"wp-block-heading\"><strong>Podstawowy r\u00f3\u017cnice<\/strong><\/h2>\n\n<figure class=\"wp-block-table\"><table class=\"has-fixed-layout\"><thead><tr><th class=\"has-text-align-center\" data-align=\"center\"><strong>W\u0142a\u015bciwo\u015bci<\/strong><\/th><th class=\"has-text-align-center\" data-align=\"center\"><strong>Eutanazja<\/strong><\/th><th class=\"has-text-align-center\" data-align=\"center\"><strong>Samob\u00f3jstwo wspomagane<\/strong><\/th><\/tr><\/thead><tbody><tr><td class=\"has-text-align-center\" data-align=\"center\"><strong>Kto dokonuje czynno\u015bci przerwania \u017cycia<\/strong><\/td><td class=\"has-text-align-center\" data-align=\"center\">Osoba trzecia powoduje \u015bmier\u0107<\/td><td class=\"has-text-align-center\" data-align=\"center\">Osoba sama dokonuje tej czynno\u015bci<\/td><\/tr><tr><td class=\"has-text-align-center\" data-align=\"center\"><strong>Poziom zaanga\u017cowania<\/strong><\/td><td class=\"has-text-align-center\" data-align=\"center\">Bezpo\u015bredni<\/td><td class=\"has-text-align-center\" data-align=\"center\">Po\u015bredni<\/td><\/tr><\/tbody><\/table><\/figure>\n","protected":false},"excerpt":{"rendered":"<p>Eutanazja i samob\u00f3jstwo wspomagane to odr\u0119bne praktyki, cho\u0107 obie polegaj\u0105 na celowym zako\u0144czeniu \u017cycia w celu z\u0142agodzenia cierpienia. Oto zestawienie ich r\u00f3\u017cnic: Eutanazja Eutanazja polega na tym, \u017ce osoba trzecia,<a href=\"https:\/\/prolifeeurope.org\/pl\/baza-wiedzy\/eutanazja-vs-samobojstwo-wspomagane-jaka-jest-roznica\/\">Continue reading <span class=\"sr-only\">&#8222;Eutanazja vs. samob\u00f3jstwo wspomagane \u2014 jaka jest r\u00f3\u017cnica&#8221;<\/span><\/a><\/p>\n","protected":false},"author":14,"featured_media":0,"parent":3710,"menu_order":0,"comment_status":"closed","ping_status":"closed","template":"page-topic.php","meta":{"_acf_changed":false,"_monsterinsights_skip_tracking":false,"_monsterinsights_sitenote_active":false,"_monsterinsights_sitenote_note":"","_monsterinsights_sitenote_category":0,"footnotes":""},"topic":[],"class_list":["post-6077","page","type-page","status-publish","hentry"],"acf":[],"yoast_head":"<!-- This site is optimized with the Yoast SEO plugin v27.2 - https:\/\/yoast.com\/product\/yoast-seo-wordpress\/ -->\n<title>Eutanazja vs. samob\u00f3jstwo wspomagane \u2014 jaka jest r\u00f3\u017cnica - ProLife Europe<\/title>\n<meta name=\"description\" content=\"Eutanazja i samob\u00f3jstwo wspomagane to r\u00f3\u017cne praktyki, cho\u0107 obie maj\u0105 na celu przerwanie \u017cycia osoby.\" \/>\n<meta name=\"robots\" content=\"index, follow, max-snippet:-1, max-image-preview:large, max-video-preview:-1\" \/>\n<link rel=\"canonical\" href=\"https:\/\/prolifeeurope.org\/pl\/baza-wiedzy\/eutanazja-vs-samobojstwo-wspomagane-jaka-jest-roznica\/\" \/>\n<meta property=\"og:locale\" content=\"pl_PL\" \/>\n<meta property=\"og:type\" content=\"article\" \/>\n<meta property=\"og:title\" content=\"Eutanazja vs. samob\u00f3jstwo wspomagane \u2014 jaka jest r\u00f3\u017cnica - ProLife Europe\" \/>\n<meta property=\"og:description\" content=\"Eutanazja i samob\u00f3jstwo wspomagane to r\u00f3\u017cne praktyki, cho\u0107 obie maj\u0105 na celu przerwanie \u017cycia osoby.\" \/>\n<meta property=\"og:url\" content=\"https:\/\/prolifeeurope.org\/pl\/baza-wiedzy\/eutanazja-vs-samobojstwo-wspomagane-jaka-jest-roznica\/\" \/>\n<meta property=\"og:site_name\" content=\"ProLife Europe\" \/>\n<meta property=\"article:publisher\" content=\"https:\/\/www.facebook.com\/ProLifeEurope\/\" \/>\n<meta property=\"article:modified_time\" content=\"2026-04-17T13:42:57+00:00\" \/>\n<meta name=\"twitter:card\" content=\"summary_large_image\" \/>\n<meta name=\"twitter:label1\" content=\"Szacowany czas czytania\" \/>\n\t<meta name=\"twitter:data1\" content=\"2 minuta\" \/>\n<script type=\"application\/ld+json\" class=\"yoast-schema-graph\">{\"@context\":\"https:\/\/schema.org\",\"@graph\":[{\"@type\":\"WebPage\",\"@id\":\"https:\/\/prolifeeurope.org\/pl\/baza-wiedzy\/eutanazja-vs-samobojstwo-wspomagane-jaka-jest-roznica\/\",\"url\":\"https:\/\/prolifeeurope.org\/pl\/baza-wiedzy\/eutanazja-vs-samobojstwo-wspomagane-jaka-jest-roznica\/\",\"name\":\"Eutanazja vs. samob\u00f3jstwo wspomagane \u2014 jaka jest r\u00f3\u017cnica - ProLife Europe\",\"isPartOf\":{\"@id\":\"https:\/\/prolifeeurope.org\/pl\/#website\"},\"datePublished\":\"2025-01-15T22:14:18+00:00\",\"dateModified\":\"2026-04-17T13:42:57+00:00\",\"description\":\"Eutanazja i samob\u00f3jstwo wspomagane to r\u00f3\u017cne praktyki, cho\u0107 obie maj\u0105 na celu przerwanie \u017cycia osoby.\",\"breadcrumb\":{\"@id\":\"https:\/\/prolifeeurope.org\/pl\/baza-wiedzy\/eutanazja-vs-samobojstwo-wspomagane-jaka-jest-roznica\/#breadcrumb\"},\"inLanguage\":\"pl-PL\",\"potentialAction\":[{\"@type\":\"ReadAction\",\"target\":[\"https:\/\/prolifeeurope.org\/pl\/baza-wiedzy\/eutanazja-vs-samobojstwo-wspomagane-jaka-jest-roznica\/\"]}]},{\"@type\":\"BreadcrumbList\",\"@id\":\"https:\/\/prolifeeurope.org\/pl\/baza-wiedzy\/eutanazja-vs-samobojstwo-wspomagane-jaka-jest-roznica\/#breadcrumb\",\"itemListElement\":[{\"@type\":\"ListItem\",\"position\":1,\"name\":\"Home\",\"item\":\"https:\/\/prolifeeurope.org\/pl\/\"},{\"@type\":\"ListItem\",\"position\":2,\"name\":\"Baza wiedzy\",\"item\":\"https:\/\/prolifeeurope.org\/pl\/baza-wiedzy\/\"},{\"@type\":\"ListItem\",\"position\":3,\"name\":\"Eutanazja vs. samob\u00f3jstwo wspomagane \u2014 jaka jest r\u00f3\u017cnica\"}]},{\"@type\":\"WebSite\",\"@id\":\"https:\/\/prolifeeurope.org\/pl\/#website\",\"url\":\"https:\/\/prolifeeurope.org\/pl\/\",\"name\":\"ProLife Europe\",\"description\":\"\",\"publisher\":{\"@id\":\"https:\/\/prolifeeurope.org\/pl\/#organization\"},\"potentialAction\":[{\"@type\":\"SearchAction\",\"target\":{\"@type\":\"EntryPoint\",\"urlTemplate\":\"https:\/\/prolifeeurope.org\/pl\/?s={search_term_string}\"},\"query-input\":{\"@type\":\"PropertyValueSpecification\",\"valueRequired\":true,\"valueName\":\"search_term_string\"}}],\"inLanguage\":\"pl-PL\"},{\"@type\":\"Organization\",\"@id\":\"https:\/\/prolifeeurope.org\/pl\/#organization\",\"name\":\"ProLife Europe\",\"url\":\"https:\/\/prolifeeurope.org\/pl\/\",\"logo\":{\"@type\":\"ImageObject\",\"inLanguage\":\"pl-PL\",\"@id\":\"https:\/\/prolifeeurope.org\/pl\/#\/schema\/logo\/image\/\",\"url\":\"https:\/\/prolifeeurope.org\/wp-content\/uploads\/2024\/11\/logo-3.svg\",\"contentUrl\":\"https:\/\/prolifeeurope.org\/wp-content\/uploads\/2024\/11\/logo-3.svg\",\"width\":166,\"height\":170,\"caption\":\"ProLife Europe\"},\"image\":{\"@id\":\"https:\/\/prolifeeurope.org\/pl\/#\/schema\/logo\/image\/\"},\"sameAs\":[\"https:\/\/www.facebook.com\/ProLifeEurope\/\",\"https:\/\/www.instagram.com\/prolife_europe\/\",\"https:\/\/www.youtube.com\/channel\/UC7olgmdiSVEHZUiP554XozA\"]}]}<\/script>\n<!-- \/ Yoast SEO plugin. -->","yoast_head_json":{"title":"Eutanazja vs. samob\u00f3jstwo wspomagane \u2014 jaka jest r\u00f3\u017cnica - ProLife Europe","description":"Eutanazja i samob\u00f3jstwo wspomagane to r\u00f3\u017cne praktyki, cho\u0107 obie maj\u0105 na celu przerwanie \u017cycia osoby.","robots":{"index":"index","follow":"follow","max-snippet":"max-snippet:-1","max-image-preview":"max-image-preview:large","max-video-preview":"max-video-preview:-1"},"canonical":"https:\/\/prolifeeurope.org\/pl\/baza-wiedzy\/eutanazja-vs-samobojstwo-wspomagane-jaka-jest-roznica\/","og_locale":"pl_PL","og_type":"article","og_title":"Eutanazja vs. samob\u00f3jstwo wspomagane \u2014 jaka jest r\u00f3\u017cnica - ProLife Europe","og_description":"Eutanazja i samob\u00f3jstwo wspomagane to r\u00f3\u017cne praktyki, cho\u0107 obie maj\u0105 na celu przerwanie \u017cycia osoby.","og_url":"https:\/\/prolifeeurope.org\/pl\/baza-wiedzy\/eutanazja-vs-samobojstwo-wspomagane-jaka-jest-roznica\/","og_site_name":"ProLife Europe","article_publisher":"https:\/\/www.facebook.com\/ProLifeEurope\/","article_modified_time":"2026-04-17T13:42:57+00:00","twitter_card":"summary_large_image","twitter_misc":{"Szacowany czas czytania":"2 minuta"},"schema":{"@context":"https:\/\/schema.org","@graph":[{"@type":"WebPage","@id":"https:\/\/prolifeeurope.org\/pl\/baza-wiedzy\/eutanazja-vs-samobojstwo-wspomagane-jaka-jest-roznica\/","url":"https:\/\/prolifeeurope.org\/pl\/baza-wiedzy\/eutanazja-vs-samobojstwo-wspomagane-jaka-jest-roznica\/","name":"Eutanazja vs. samob\u00f3jstwo wspomagane \u2014 jaka jest r\u00f3\u017cnica - ProLife Europe","isPartOf":{"@id":"https:\/\/prolifeeurope.org\/pl\/#website"},"datePublished":"2025-01-15T22:14:18+00:00","dateModified":"2026-04-17T13:42:57+00:00","description":"Eutanazja i samob\u00f3jstwo wspomagane to r\u00f3\u017cne praktyki, cho\u0107 obie maj\u0105 na celu przerwanie \u017cycia osoby.","breadcrumb":{"@id":"https:\/\/prolifeeurope.org\/pl\/baza-wiedzy\/eutanazja-vs-samobojstwo-wspomagane-jaka-jest-roznica\/#breadcrumb"},"inLanguage":"pl-PL","potentialAction":[{"@type":"ReadAction","target":["https:\/\/prolifeeurope.org\/pl\/baza-wiedzy\/eutanazja-vs-samobojstwo-wspomagane-jaka-jest-roznica\/"]}]},{"@type":"BreadcrumbList","@id":"https:\/\/prolifeeurope.org\/pl\/baza-wiedzy\/eutanazja-vs-samobojstwo-wspomagane-jaka-jest-roznica\/#breadcrumb","itemListElement":[{"@type":"ListItem","position":1,"name":"Home","item":"https:\/\/prolifeeurope.org\/pl\/"},{"@type":"ListItem","position":2,"name":"Baza wiedzy","item":"https:\/\/prolifeeurope.org\/pl\/baza-wiedzy\/"},{"@type":"ListItem","position":3,"name":"Eutanazja vs. samob\u00f3jstwo wspomagane \u2014 jaka jest r\u00f3\u017cnica"}]},{"@type":"WebSite","@id":"https:\/\/prolifeeurope.org\/pl\/#website","url":"https:\/\/prolifeeurope.org\/pl\/","name":"ProLife Europe","description":"","publisher":{"@id":"https:\/\/prolifeeurope.org\/pl\/#organization"},"potentialAction":[{"@type":"SearchAction","target":{"@type":"EntryPoint","urlTemplate":"https:\/\/prolifeeurope.org\/pl\/?s={search_term_string}"},"query-input":{"@type":"PropertyValueSpecification","valueRequired":true,"valueName":"search_term_string"}}],"inLanguage":"pl-PL"},{"@type":"Organization","@id":"https:\/\/prolifeeurope.org\/pl\/#organization","name":"ProLife Europe","url":"https:\/\/prolifeeurope.org\/pl\/","logo":{"@type":"ImageObject","inLanguage":"pl-PL","@id":"https:\/\/prolifeeurope.org\/pl\/#\/schema\/logo\/image\/","url":"https:\/\/prolifeeurope.org\/wp-content\/uploads\/2024\/11\/logo-3.svg","contentUrl":"https:\/\/prolifeeurope.org\/wp-content\/uploads\/2024\/11\/logo-3.svg","width":166,"height":170,"caption":"ProLife Europe"},"image":{"@id":"https:\/\/prolifeeurope.org\/pl\/#\/schema\/logo\/image\/"},"sameAs":["https:\/\/www.facebook.com\/ProLifeEurope\/","https:\/\/www.instagram.com\/prolife_europe\/","https:\/\/www.youtube.com\/channel\/UC7olgmdiSVEHZUiP554XozA"]}]}},"_links":{"self":[{"href":"https:\/\/prolifeeurope.org\/pl\/wp-json\/wp\/v2\/pages\/6077","targetHints":{"allow":["GET"]}}],"collection":[{"href":"https:\/\/prolifeeurope.org\/pl\/wp-json\/wp\/v2\/pages"}],"about":[{"href":"https:\/\/prolifeeurope.org\/pl\/wp-json\/wp\/v2\/types\/page"}],"author":[{"embeddable":true,"href":"https:\/\/prolifeeurope.org\/pl\/wp-json\/wp\/v2\/users\/14"}],"replies":[{"embeddable":true,"href":"https:\/\/prolifeeurope.org\/pl\/wp-json\/wp\/v2\/comments?post=6077"}],"version-history":[{"count":2,"href":"https:\/\/prolifeeurope.org\/pl\/wp-json\/wp\/v2\/pages\/6077\/revisions"}],"predecessor-version":[{"id":6116,"href":"https:\/\/prolifeeurope.org\/pl\/wp-json\/wp\/v2\/pages\/6077\/revisions\/6116"}],"up":[{"embeddable":true,"href":"https:\/\/prolifeeurope.org\/pl\/wp-json\/wp\/v2\/pages\/3710"}],"wp:attachment":[{"href":"https:\/\/prolifeeurope.org\/pl\/wp-json\/wp\/v2\/media?parent=6077"}],"wp:term":[{"taxonomy":"topic","embeddable":true,"href":"https:\/\/prolifeeurope.org\/pl\/wp-json\/wp\/v2\/topic?post=6077"}],"curies":[{"name":"wp","href":"https:\/\/api.w.org\/{rel}","templated":true}]}}