{"id":6069,"date":"2025-01-28T17:21:32","date_gmt":"2025-01-28T16:21:32","guid":{"rendered":"https:\/\/prolifeeurope.org\/baza-wiedzy\/adopcja-realna-opcja\/"},"modified":"2026-04-17T15:39:30","modified_gmt":"2026-04-17T13:39:30","slug":"adopcja-realna-opcja","status":"publish","type":"page","link":"https:\/\/prolifeeurope.org\/pl\/baza-wiedzy\/adopcja-realna-opcja\/","title":{"rendered":"Adopcja &#8211; realna opcja?"},"content":{"rendered":"\n<p>Staranna analiza zwi\u0105zanych z adopcj\u0105 przepis\u00f3w prawnych, regulacji i procedur pokazuje jedno: adopcja to d\u0142ugi i skomplikowany proces. Jest to poniek\u0105d zrozumia\u0142e, dlaczego jednak system adopcyjny nie jest stale udoskonalany, tak, by adopcja s\u0142u\u017cy\u0142a najlepszemu interesowi dziecka? W sytuacjach, gdy nie da si\u0119 utrzyma\u0107 wi\u0119zi dziecka z biologicznymi rodzicami, adopcja przez kochaj\u0105c\u0105 rodzin\u0119 \u2013 w kt\u00f3rej dziecko mo\u017ce do\u015bwiadczy\u0107 ciep\u0142a mi\u0142o\u015bci matki i ojca \u2013 powinna by\u0107 szans\u0105 dost\u0119pn\u0105 dla ka\u017cdego malucha.    <\/p>\n\n<p>To prawda, \u017ce nie ka\u017cde dziecko oddane do adopcji wiedzie beztroskie \u017cycie. To prawda, \u017ce system opieki zast\u0119pczej pilnie wymaga zmian. Ale nie \u2013 aborcja dziecka w celu oszcz\u0119dzenia mu potencjalnych cierpie\u0144 nie jest lepszym rozwi\u0105zaniem! Zamiast tego zajmijmy si\u0119 koniecznymi zmianami w istniej\u0105cym systemie i dajmy tym dzieciom szans\u0119 na \u017cycie!    <\/p>\n","protected":false},"excerpt":{"rendered":"<p>Staranna analiza zwi\u0105zanych z adopcj\u0105 przepis\u00f3w prawnych, regulacji i procedur pokazuje jedno: adopcja to d\u0142ugi i skomplikowany proces. Jest to poniek\u0105d zrozumia\u0142e, dlaczego jednak system adopcyjny nie jest stale udoskonalany,<a href=\"https:\/\/prolifeeurope.org\/pl\/baza-wiedzy\/adopcja-realna-opcja\/\">Continue reading <span class=\"sr-only\">&#8222;Adopcja &#8211; realna opcja?&#8221;<\/span><\/a><\/p>\n","protected":false},"author":14,"featured_media":0,"parent":3710,"menu_order":0,"comment_status":"closed","ping_status":"closed","template":"page-topic.php","meta":{"_acf_changed":false,"_monsterinsights_skip_tracking":false,"_monsterinsights_sitenote_active":false,"_monsterinsights_sitenote_note":"","_monsterinsights_sitenote_category":0,"footnotes":""},"topic":[],"class_list":["post-6069","page","type-page","status-publish","hentry"],"acf":[],"yoast_head":"<!-- This site is optimized with the Yoast SEO plugin v27.2 - https:\/\/yoast.com\/product\/yoast-seo-wordpress\/ -->\n<title>Adopcja - realna opcja? - ProLife Europe<\/title>\n<meta name=\"description\" content=\"Rodzice biologiczni daj\u0105 dzieciom \u017cycie. Adopcja mo\u017ce da\u0107 im rodzin\u0119.\" \/>\n<meta name=\"robots\" content=\"index, follow, max-snippet:-1, max-image-preview:large, max-video-preview:-1\" \/>\n<link rel=\"canonical\" href=\"https:\/\/prolifeeurope.org\/pl\/baza-wiedzy\/adopcja-realna-opcja\/\" \/>\n<meta property=\"og:locale\" content=\"pl_PL\" \/>\n<meta property=\"og:type\" content=\"article\" \/>\n<meta property=\"og:title\" content=\"Adopcja - realna opcja? - ProLife Europe\" \/>\n<meta property=\"og:description\" content=\"Rodzice biologiczni daj\u0105 dzieciom \u017cycie. Adopcja mo\u017ce da\u0107 im rodzin\u0119.\" \/>\n<meta property=\"og:url\" content=\"https:\/\/prolifeeurope.org\/pl\/baza-wiedzy\/adopcja-realna-opcja\/\" \/>\n<meta property=\"og:site_name\" content=\"ProLife Europe\" \/>\n<meta property=\"article:publisher\" content=\"https:\/\/www.facebook.com\/ProLifeEurope\/\" \/>\n<meta property=\"article:modified_time\" content=\"2026-04-17T13:39:30+00:00\" \/>\n<meta name=\"twitter:card\" content=\"summary_large_image\" \/>\n<meta name=\"twitter:label1\" content=\"Szacowany czas czytania\" \/>\n\t<meta name=\"twitter:data1\" content=\"1 minuta\" \/>\n<script type=\"application\/ld+json\" class=\"yoast-schema-graph\">{\"@context\":\"https:\/\/schema.org\",\"@graph\":[{\"@type\":\"WebPage\",\"@id\":\"https:\/\/prolifeeurope.org\/pl\/baza-wiedzy\/adopcja-realna-opcja\/\",\"url\":\"https:\/\/prolifeeurope.org\/pl\/baza-wiedzy\/adopcja-realna-opcja\/\",\"name\":\"Adopcja - realna opcja? - ProLife Europe\",\"isPartOf\":{\"@id\":\"https:\/\/prolifeeurope.org\/pl\/#website\"},\"datePublished\":\"2025-01-28T16:21:32+00:00\",\"dateModified\":\"2026-04-17T13:39:30+00:00\",\"description\":\"Rodzice biologiczni daj\u0105 dzieciom \u017cycie. Adopcja mo\u017ce da\u0107 im rodzin\u0119.\",\"breadcrumb\":{\"@id\":\"https:\/\/prolifeeurope.org\/pl\/baza-wiedzy\/adopcja-realna-opcja\/#breadcrumb\"},\"inLanguage\":\"pl-PL\",\"potentialAction\":[{\"@type\":\"ReadAction\",\"target\":[\"https:\/\/prolifeeurope.org\/pl\/baza-wiedzy\/adopcja-realna-opcja\/\"]}]},{\"@type\":\"BreadcrumbList\",\"@id\":\"https:\/\/prolifeeurope.org\/pl\/baza-wiedzy\/adopcja-realna-opcja\/#breadcrumb\",\"itemListElement\":[{\"@type\":\"ListItem\",\"position\":1,\"name\":\"Home\",\"item\":\"https:\/\/prolifeeurope.org\/pl\/\"},{\"@type\":\"ListItem\",\"position\":2,\"name\":\"Baza wiedzy\",\"item\":\"https:\/\/prolifeeurope.org\/pl\/baza-wiedzy\/\"},{\"@type\":\"ListItem\",\"position\":3,\"name\":\"Adopcja &#8211; realna opcja?\"}]},{\"@type\":\"WebSite\",\"@id\":\"https:\/\/prolifeeurope.org\/pl\/#website\",\"url\":\"https:\/\/prolifeeurope.org\/pl\/\",\"name\":\"ProLife Europe\",\"description\":\"\",\"publisher\":{\"@id\":\"https:\/\/prolifeeurope.org\/pl\/#organization\"},\"potentialAction\":[{\"@type\":\"SearchAction\",\"target\":{\"@type\":\"EntryPoint\",\"urlTemplate\":\"https:\/\/prolifeeurope.org\/pl\/?s={search_term_string}\"},\"query-input\":{\"@type\":\"PropertyValueSpecification\",\"valueRequired\":true,\"valueName\":\"search_term_string\"}}],\"inLanguage\":\"pl-PL\"},{\"@type\":\"Organization\",\"@id\":\"https:\/\/prolifeeurope.org\/pl\/#organization\",\"name\":\"ProLife Europe\",\"url\":\"https:\/\/prolifeeurope.org\/pl\/\",\"logo\":{\"@type\":\"ImageObject\",\"inLanguage\":\"pl-PL\",\"@id\":\"https:\/\/prolifeeurope.org\/pl\/#\/schema\/logo\/image\/\",\"url\":\"https:\/\/prolifeeurope.org\/wp-content\/uploads\/2024\/11\/logo-3.svg\",\"contentUrl\":\"https:\/\/prolifeeurope.org\/wp-content\/uploads\/2024\/11\/logo-3.svg\",\"width\":166,\"height\":170,\"caption\":\"ProLife Europe\"},\"image\":{\"@id\":\"https:\/\/prolifeeurope.org\/pl\/#\/schema\/logo\/image\/\"},\"sameAs\":[\"https:\/\/www.facebook.com\/ProLifeEurope\/\",\"https:\/\/www.instagram.com\/prolife_europe\/\",\"https:\/\/www.youtube.com\/channel\/UC7olgmdiSVEHZUiP554XozA\"]}]}<\/script>\n<!-- \/ Yoast SEO plugin. -->","yoast_head_json":{"title":"Adopcja - realna opcja? - ProLife Europe","description":"Rodzice biologiczni daj\u0105 dzieciom \u017cycie. Adopcja mo\u017ce da\u0107 im rodzin\u0119.","robots":{"index":"index","follow":"follow","max-snippet":"max-snippet:-1","max-image-preview":"max-image-preview:large","max-video-preview":"max-video-preview:-1"},"canonical":"https:\/\/prolifeeurope.org\/pl\/baza-wiedzy\/adopcja-realna-opcja\/","og_locale":"pl_PL","og_type":"article","og_title":"Adopcja - realna opcja? - ProLife Europe","og_description":"Rodzice biologiczni daj\u0105 dzieciom \u017cycie. Adopcja mo\u017ce da\u0107 im rodzin\u0119.","og_url":"https:\/\/prolifeeurope.org\/pl\/baza-wiedzy\/adopcja-realna-opcja\/","og_site_name":"ProLife Europe","article_publisher":"https:\/\/www.facebook.com\/ProLifeEurope\/","article_modified_time":"2026-04-17T13:39:30+00:00","twitter_card":"summary_large_image","twitter_misc":{"Szacowany czas czytania":"1 minuta"},"schema":{"@context":"https:\/\/schema.org","@graph":[{"@type":"WebPage","@id":"https:\/\/prolifeeurope.org\/pl\/baza-wiedzy\/adopcja-realna-opcja\/","url":"https:\/\/prolifeeurope.org\/pl\/baza-wiedzy\/adopcja-realna-opcja\/","name":"Adopcja - realna opcja? - ProLife Europe","isPartOf":{"@id":"https:\/\/prolifeeurope.org\/pl\/#website"},"datePublished":"2025-01-28T16:21:32+00:00","dateModified":"2026-04-17T13:39:30+00:00","description":"Rodzice biologiczni daj\u0105 dzieciom \u017cycie. Adopcja mo\u017ce da\u0107 im rodzin\u0119.","breadcrumb":{"@id":"https:\/\/prolifeeurope.org\/pl\/baza-wiedzy\/adopcja-realna-opcja\/#breadcrumb"},"inLanguage":"pl-PL","potentialAction":[{"@type":"ReadAction","target":["https:\/\/prolifeeurope.org\/pl\/baza-wiedzy\/adopcja-realna-opcja\/"]}]},{"@type":"BreadcrumbList","@id":"https:\/\/prolifeeurope.org\/pl\/baza-wiedzy\/adopcja-realna-opcja\/#breadcrumb","itemListElement":[{"@type":"ListItem","position":1,"name":"Home","item":"https:\/\/prolifeeurope.org\/pl\/"},{"@type":"ListItem","position":2,"name":"Baza wiedzy","item":"https:\/\/prolifeeurope.org\/pl\/baza-wiedzy\/"},{"@type":"ListItem","position":3,"name":"Adopcja &#8211; realna opcja?"}]},{"@type":"WebSite","@id":"https:\/\/prolifeeurope.org\/pl\/#website","url":"https:\/\/prolifeeurope.org\/pl\/","name":"ProLife Europe","description":"","publisher":{"@id":"https:\/\/prolifeeurope.org\/pl\/#organization"},"potentialAction":[{"@type":"SearchAction","target":{"@type":"EntryPoint","urlTemplate":"https:\/\/prolifeeurope.org\/pl\/?s={search_term_string}"},"query-input":{"@type":"PropertyValueSpecification","valueRequired":true,"valueName":"search_term_string"}}],"inLanguage":"pl-PL"},{"@type":"Organization","@id":"https:\/\/prolifeeurope.org\/pl\/#organization","name":"ProLife Europe","url":"https:\/\/prolifeeurope.org\/pl\/","logo":{"@type":"ImageObject","inLanguage":"pl-PL","@id":"https:\/\/prolifeeurope.org\/pl\/#\/schema\/logo\/image\/","url":"https:\/\/prolifeeurope.org\/wp-content\/uploads\/2024\/11\/logo-3.svg","contentUrl":"https:\/\/prolifeeurope.org\/wp-content\/uploads\/2024\/11\/logo-3.svg","width":166,"height":170,"caption":"ProLife Europe"},"image":{"@id":"https:\/\/prolifeeurope.org\/pl\/#\/schema\/logo\/image\/"},"sameAs":["https:\/\/www.facebook.com\/ProLifeEurope\/","https:\/\/www.instagram.com\/prolife_europe\/","https:\/\/www.youtube.com\/channel\/UC7olgmdiSVEHZUiP554XozA"]}]}},"_links":{"self":[{"href":"https:\/\/prolifeeurope.org\/pl\/wp-json\/wp\/v2\/pages\/6069","targetHints":{"allow":["GET"]}}],"collection":[{"href":"https:\/\/prolifeeurope.org\/pl\/wp-json\/wp\/v2\/pages"}],"about":[{"href":"https:\/\/prolifeeurope.org\/pl\/wp-json\/wp\/v2\/types\/page"}],"author":[{"embeddable":true,"href":"https:\/\/prolifeeurope.org\/pl\/wp-json\/wp\/v2\/users\/14"}],"replies":[{"embeddable":true,"href":"https:\/\/prolifeeurope.org\/pl\/wp-json\/wp\/v2\/comments?post=6069"}],"version-history":[{"count":2,"href":"https:\/\/prolifeeurope.org\/pl\/wp-json\/wp\/v2\/pages\/6069\/revisions"}],"predecessor-version":[{"id":6111,"href":"https:\/\/prolifeeurope.org\/pl\/wp-json\/wp\/v2\/pages\/6069\/revisions\/6111"}],"up":[{"embeddable":true,"href":"https:\/\/prolifeeurope.org\/pl\/wp-json\/wp\/v2\/pages\/3710"}],"wp:attachment":[{"href":"https:\/\/prolifeeurope.org\/pl\/wp-json\/wp\/v2\/media?parent=6069"}],"wp:term":[{"taxonomy":"topic","embeddable":true,"href":"https:\/\/prolifeeurope.org\/pl\/wp-json\/wp\/v2\/topic?post=6069"}],"curies":[{"name":"wp","href":"https:\/\/api.w.org\/{rel}","templated":true}]}}