{"id":6067,"date":"2025-01-15T17:03:47","date_gmt":"2025-01-15T16:03:47","guid":{"rendered":"https:\/\/prolifeeurope.org\/baza-wiedzy\/dlaczego-kobiety-decyduja-sie-na-aborcje\/"},"modified":"2026-04-17T19:16:49","modified_gmt":"2026-04-17T17:16:49","slug":"dlaczego-kobiety-decyduja-sie-na-aborcje","status":"publish","type":"page","link":"https:\/\/prolifeeurope.org\/pl\/baza-wiedzy\/dlaczego-kobiety-decyduja-sie-na-aborcje\/","title":{"rendered":"Dlaczego kobiety decyduj\u0105 si\u0119 na aborcj\u0119?"},"content":{"rendered":"\n<p>Istnieje wiele trudnych sytuacji, kt\u00f3re sk\u0142aniaj\u0105 matk\u0119 nienarodzonego dzieci\u0105tka do rozwa\u017cania aborcji. Niestety, wiele z nich potrzebowa\u0142o wsparcia i otuchy, lecz przedstawiano im jedynie mo\u017cliwo\u015b\u0107 pozbycia si\u0119 dziecka. Niemiecka poradnia dla kobiet w ci\u0105\u017cy opublikowa\u0142a statystyk\u0119 przedstawiaj\u0105c\u0105 g\u0142\u00f3wne powody, dla kt\u00f3rych kobiety rozwa\u017caj\u0105 aborcj\u0119. S\u0105 nimi:  <\/p>\n\n<ul class=\"wp-block-list\">\n<li>Kwestie biograficzne (41,7%)<\/li>\n\n\n\n<li>Przem\u0119czenie\/Przeci\u0105\u017cenie (30,5%)<\/li>\n\n\n\n<li>K\u0142opoty z partnerem (17,2%)<\/li>\n\n\n\n<li>Kwestie finansowe (6,7%)<\/li>\n\n\n\n<li>Kwestie medyczne (3,1%)<\/li>\n\n\n\n<li>Gwa\u0142t (0,5%)<\/li>\n\n\n\n<li>Presja ze strony os\u00f3b trzecich (0,3%)*<\/li>\n<\/ul>\n\n<p>Badanie przeprowadzone w Austrii w 2023 roku wykaza\u0142o, \u017ce chocia\u017c presja z zewn\u0105trz nie jest g\u0142\u00f3wnym powodem aborcji, to ponad 50% wszystkich kobiet zdecydowa\u0142o si\u0119 na aborcj\u0119, b\u0119d\u0105c pod \u201ebardzo siln\u0105\u201d lub \u201esiln\u0105\u201d presj\u0105 ze strony os\u00f3b trzecich.**<\/p>\n\n<p>Niezale\u017cnie od problemu, rzecz\u0105 niepodwa\u017caln\u0105 jest to, \u017ce wi\u0119kszo\u015b\u0107 kobiet rozwa\u017caj\u0105cych aborcj\u0119 szuka pomocy, lecz najcz\u0119\u015bciej jej nie znajduje i wybiera \u015bmier\u0107 swojego dziecka jako jedyne \u201erozwi\u0105zanie\u201d.<\/p>\n\n<p class=\"has-small-font-size\">* Read the full report here: <a href=\"https:\/\/www.1000plus.net\/sites\/default\/files\/documents\/SSK-Bericht%202023_0.pdf\" target=\"_blank\" rel=\"noreferrer noopener\">https:\/\/www.1000plus.net\/sites\/default\/files\/documents\/SSK-Bericht%202023_0.pdf<\/a><br\/>** <a href=\"https:\/\/xn--fairndern-y2a.at\/imas-umfrage-2023\/.\" target=\"_blank\" rel=\"noreferrer noopener\">https:\/\/xn--fairndern-y2a.at\/imas-umfrage-2023\/<\/a><\/p>\n","protected":false},"excerpt":{"rendered":"<p>Istnieje wiele trudnych sytuacji, kt\u00f3re sk\u0142aniaj\u0105 matk\u0119 nienarodzonego dzieci\u0105tka do rozwa\u017cania aborcji. Niestety, wiele z nich potrzebowa\u0142o wsparcia i otuchy, lecz przedstawiano im jedynie mo\u017cliwo\u015b\u0107 pozbycia si\u0119 dziecka. Niemiecka poradnia<a href=\"https:\/\/prolifeeurope.org\/pl\/baza-wiedzy\/dlaczego-kobiety-decyduja-sie-na-aborcje\/\">Continue reading <span class=\"sr-only\">&#8222;Dlaczego kobiety decyduj\u0105 si\u0119 na aborcj\u0119?&#8221;<\/span><\/a><\/p>\n","protected":false},"author":14,"featured_media":0,"parent":3710,"menu_order":0,"comment_status":"closed","ping_status":"closed","template":"page-topic.php","meta":{"_acf_changed":false,"_monsterinsights_skip_tracking":false,"_monsterinsights_sitenote_active":false,"_monsterinsights_sitenote_note":"","_monsterinsights_sitenote_category":0,"footnotes":""},"topic":[],"class_list":["post-6067","page","type-page","status-publish","hentry"],"acf":[],"yoast_head":"<!-- This site is optimized with the Yoast SEO plugin v27.2 - https:\/\/yoast.com\/product\/yoast-seo-wordpress\/ -->\n<title>Dlaczego kobiety decyduj\u0105 si\u0119 na aborcj\u0119? - ProLife Europe<\/title>\n<meta name=\"description\" content=\"G\u0142\u00f3wne powody, dla kt\u00f3rych kobiety rozwa\u017caj\u0105 aborcj\u0119, wed\u0142ug niemieckiego o\u015brodka poradnictwa dla kobiet w ci\u0105\u017cy: ...\" \/>\n<meta name=\"robots\" content=\"index, follow, max-snippet:-1, max-image-preview:large, max-video-preview:-1\" \/>\n<link rel=\"canonical\" href=\"https:\/\/prolifeeurope.org\/pl\/baza-wiedzy\/dlaczego-kobiety-decyduja-sie-na-aborcje\/\" \/>\n<meta property=\"og:locale\" content=\"pl_PL\" \/>\n<meta property=\"og:type\" content=\"article\" \/>\n<meta property=\"og:title\" content=\"Dlaczego kobiety decyduj\u0105 si\u0119 na aborcj\u0119? - ProLife Europe\" \/>\n<meta property=\"og:description\" content=\"G\u0142\u00f3wne powody, dla kt\u00f3rych kobiety rozwa\u017caj\u0105 aborcj\u0119, wed\u0142ug niemieckiego o\u015brodka poradnictwa dla kobiet w ci\u0105\u017cy: ...\" \/>\n<meta property=\"og:url\" content=\"https:\/\/prolifeeurope.org\/pl\/baza-wiedzy\/dlaczego-kobiety-decyduja-sie-na-aborcje\/\" \/>\n<meta property=\"og:site_name\" content=\"ProLife Europe\" \/>\n<meta property=\"article:publisher\" content=\"https:\/\/www.facebook.com\/ProLifeEurope\/\" \/>\n<meta property=\"article:modified_time\" content=\"2026-04-17T17:16:49+00:00\" \/>\n<meta name=\"twitter:card\" content=\"summary_large_image\" \/>\n<meta name=\"twitter:label1\" content=\"Szacowany czas czytania\" \/>\n\t<meta name=\"twitter:data1\" content=\"1 minuta\" \/>\n<script type=\"application\/ld+json\" class=\"yoast-schema-graph\">{\"@context\":\"https:\/\/schema.org\",\"@graph\":[{\"@type\":\"WebPage\",\"@id\":\"https:\/\/prolifeeurope.org\/pl\/baza-wiedzy\/dlaczego-kobiety-decyduja-sie-na-aborcje\/\",\"url\":\"https:\/\/prolifeeurope.org\/pl\/baza-wiedzy\/dlaczego-kobiety-decyduja-sie-na-aborcje\/\",\"name\":\"Dlaczego kobiety decyduj\u0105 si\u0119 na aborcj\u0119? - ProLife Europe\",\"isPartOf\":{\"@id\":\"https:\/\/prolifeeurope.org\/pl\/#website\"},\"datePublished\":\"2025-01-15T16:03:47+00:00\",\"dateModified\":\"2026-04-17T17:16:49+00:00\",\"description\":\"G\u0142\u00f3wne powody, dla kt\u00f3rych kobiety rozwa\u017caj\u0105 aborcj\u0119, wed\u0142ug niemieckiego o\u015brodka poradnictwa dla kobiet w ci\u0105\u017cy: ...\",\"breadcrumb\":{\"@id\":\"https:\/\/prolifeeurope.org\/pl\/baza-wiedzy\/dlaczego-kobiety-decyduja-sie-na-aborcje\/#breadcrumb\"},\"inLanguage\":\"pl-PL\",\"potentialAction\":[{\"@type\":\"ReadAction\",\"target\":[\"https:\/\/prolifeeurope.org\/pl\/baza-wiedzy\/dlaczego-kobiety-decyduja-sie-na-aborcje\/\"]}]},{\"@type\":\"BreadcrumbList\",\"@id\":\"https:\/\/prolifeeurope.org\/pl\/baza-wiedzy\/dlaczego-kobiety-decyduja-sie-na-aborcje\/#breadcrumb\",\"itemListElement\":[{\"@type\":\"ListItem\",\"position\":1,\"name\":\"Home\",\"item\":\"https:\/\/prolifeeurope.org\/pl\/\"},{\"@type\":\"ListItem\",\"position\":2,\"name\":\"Baza wiedzy\",\"item\":\"https:\/\/prolifeeurope.org\/pl\/baza-wiedzy\/\"},{\"@type\":\"ListItem\",\"position\":3,\"name\":\"Dlaczego kobiety decyduj\u0105 si\u0119 na aborcj\u0119?\"}]},{\"@type\":\"WebSite\",\"@id\":\"https:\/\/prolifeeurope.org\/pl\/#website\",\"url\":\"https:\/\/prolifeeurope.org\/pl\/\",\"name\":\"ProLife Europe\",\"description\":\"\",\"publisher\":{\"@id\":\"https:\/\/prolifeeurope.org\/pl\/#organization\"},\"potentialAction\":[{\"@type\":\"SearchAction\",\"target\":{\"@type\":\"EntryPoint\",\"urlTemplate\":\"https:\/\/prolifeeurope.org\/pl\/?s={search_term_string}\"},\"query-input\":{\"@type\":\"PropertyValueSpecification\",\"valueRequired\":true,\"valueName\":\"search_term_string\"}}],\"inLanguage\":\"pl-PL\"},{\"@type\":\"Organization\",\"@id\":\"https:\/\/prolifeeurope.org\/pl\/#organization\",\"name\":\"ProLife Europe\",\"url\":\"https:\/\/prolifeeurope.org\/pl\/\",\"logo\":{\"@type\":\"ImageObject\",\"inLanguage\":\"pl-PL\",\"@id\":\"https:\/\/prolifeeurope.org\/pl\/#\/schema\/logo\/image\/\",\"url\":\"https:\/\/prolifeeurope.org\/wp-content\/uploads\/2024\/11\/logo-3.svg\",\"contentUrl\":\"https:\/\/prolifeeurope.org\/wp-content\/uploads\/2024\/11\/logo-3.svg\",\"width\":166,\"height\":170,\"caption\":\"ProLife Europe\"},\"image\":{\"@id\":\"https:\/\/prolifeeurope.org\/pl\/#\/schema\/logo\/image\/\"},\"sameAs\":[\"https:\/\/www.facebook.com\/ProLifeEurope\/\",\"https:\/\/www.instagram.com\/prolife_europe\/\",\"https:\/\/www.youtube.com\/channel\/UC7olgmdiSVEHZUiP554XozA\"]}]}<\/script>\n<!-- \/ Yoast SEO plugin. -->","yoast_head_json":{"title":"Dlaczego kobiety decyduj\u0105 si\u0119 na aborcj\u0119? - ProLife Europe","description":"G\u0142\u00f3wne powody, dla kt\u00f3rych kobiety rozwa\u017caj\u0105 aborcj\u0119, wed\u0142ug niemieckiego o\u015brodka poradnictwa dla kobiet w ci\u0105\u017cy: ...","robots":{"index":"index","follow":"follow","max-snippet":"max-snippet:-1","max-image-preview":"max-image-preview:large","max-video-preview":"max-video-preview:-1"},"canonical":"https:\/\/prolifeeurope.org\/pl\/baza-wiedzy\/dlaczego-kobiety-decyduja-sie-na-aborcje\/","og_locale":"pl_PL","og_type":"article","og_title":"Dlaczego kobiety decyduj\u0105 si\u0119 na aborcj\u0119? - ProLife Europe","og_description":"G\u0142\u00f3wne powody, dla kt\u00f3rych kobiety rozwa\u017caj\u0105 aborcj\u0119, wed\u0142ug niemieckiego o\u015brodka poradnictwa dla kobiet w ci\u0105\u017cy: ...","og_url":"https:\/\/prolifeeurope.org\/pl\/baza-wiedzy\/dlaczego-kobiety-decyduja-sie-na-aborcje\/","og_site_name":"ProLife Europe","article_publisher":"https:\/\/www.facebook.com\/ProLifeEurope\/","article_modified_time":"2026-04-17T17:16:49+00:00","twitter_card":"summary_large_image","twitter_misc":{"Szacowany czas czytania":"1 minuta"},"schema":{"@context":"https:\/\/schema.org","@graph":[{"@type":"WebPage","@id":"https:\/\/prolifeeurope.org\/pl\/baza-wiedzy\/dlaczego-kobiety-decyduja-sie-na-aborcje\/","url":"https:\/\/prolifeeurope.org\/pl\/baza-wiedzy\/dlaczego-kobiety-decyduja-sie-na-aborcje\/","name":"Dlaczego kobiety decyduj\u0105 si\u0119 na aborcj\u0119? - ProLife Europe","isPartOf":{"@id":"https:\/\/prolifeeurope.org\/pl\/#website"},"datePublished":"2025-01-15T16:03:47+00:00","dateModified":"2026-04-17T17:16:49+00:00","description":"G\u0142\u00f3wne powody, dla kt\u00f3rych kobiety rozwa\u017caj\u0105 aborcj\u0119, wed\u0142ug niemieckiego o\u015brodka poradnictwa dla kobiet w ci\u0105\u017cy: ...","breadcrumb":{"@id":"https:\/\/prolifeeurope.org\/pl\/baza-wiedzy\/dlaczego-kobiety-decyduja-sie-na-aborcje\/#breadcrumb"},"inLanguage":"pl-PL","potentialAction":[{"@type":"ReadAction","target":["https:\/\/prolifeeurope.org\/pl\/baza-wiedzy\/dlaczego-kobiety-decyduja-sie-na-aborcje\/"]}]},{"@type":"BreadcrumbList","@id":"https:\/\/prolifeeurope.org\/pl\/baza-wiedzy\/dlaczego-kobiety-decyduja-sie-na-aborcje\/#breadcrumb","itemListElement":[{"@type":"ListItem","position":1,"name":"Home","item":"https:\/\/prolifeeurope.org\/pl\/"},{"@type":"ListItem","position":2,"name":"Baza wiedzy","item":"https:\/\/prolifeeurope.org\/pl\/baza-wiedzy\/"},{"@type":"ListItem","position":3,"name":"Dlaczego kobiety decyduj\u0105 si\u0119 na aborcj\u0119?"}]},{"@type":"WebSite","@id":"https:\/\/prolifeeurope.org\/pl\/#website","url":"https:\/\/prolifeeurope.org\/pl\/","name":"ProLife Europe","description":"","publisher":{"@id":"https:\/\/prolifeeurope.org\/pl\/#organization"},"potentialAction":[{"@type":"SearchAction","target":{"@type":"EntryPoint","urlTemplate":"https:\/\/prolifeeurope.org\/pl\/?s={search_term_string}"},"query-input":{"@type":"PropertyValueSpecification","valueRequired":true,"valueName":"search_term_string"}}],"inLanguage":"pl-PL"},{"@type":"Organization","@id":"https:\/\/prolifeeurope.org\/pl\/#organization","name":"ProLife Europe","url":"https:\/\/prolifeeurope.org\/pl\/","logo":{"@type":"ImageObject","inLanguage":"pl-PL","@id":"https:\/\/prolifeeurope.org\/pl\/#\/schema\/logo\/image\/","url":"https:\/\/prolifeeurope.org\/wp-content\/uploads\/2024\/11\/logo-3.svg","contentUrl":"https:\/\/prolifeeurope.org\/wp-content\/uploads\/2024\/11\/logo-3.svg","width":166,"height":170,"caption":"ProLife Europe"},"image":{"@id":"https:\/\/prolifeeurope.org\/pl\/#\/schema\/logo\/image\/"},"sameAs":["https:\/\/www.facebook.com\/ProLifeEurope\/","https:\/\/www.instagram.com\/prolife_europe\/","https:\/\/www.youtube.com\/channel\/UC7olgmdiSVEHZUiP554XozA"]}]}},"_links":{"self":[{"href":"https:\/\/prolifeeurope.org\/pl\/wp-json\/wp\/v2\/pages\/6067","targetHints":{"allow":["GET"]}}],"collection":[{"href":"https:\/\/prolifeeurope.org\/pl\/wp-json\/wp\/v2\/pages"}],"about":[{"href":"https:\/\/prolifeeurope.org\/pl\/wp-json\/wp\/v2\/types\/page"}],"author":[{"embeddable":true,"href":"https:\/\/prolifeeurope.org\/pl\/wp-json\/wp\/v2\/users\/14"}],"replies":[{"embeddable":true,"href":"https:\/\/prolifeeurope.org\/pl\/wp-json\/wp\/v2\/comments?post=6067"}],"version-history":[{"count":1,"href":"https:\/\/prolifeeurope.org\/pl\/wp-json\/wp\/v2\/pages\/6067\/revisions"}],"predecessor-version":[{"id":6068,"href":"https:\/\/prolifeeurope.org\/pl\/wp-json\/wp\/v2\/pages\/6067\/revisions\/6068"}],"up":[{"embeddable":true,"href":"https:\/\/prolifeeurope.org\/pl\/wp-json\/wp\/v2\/pages\/3710"}],"wp:attachment":[{"href":"https:\/\/prolifeeurope.org\/pl\/wp-json\/wp\/v2\/media?parent=6067"}],"wp:term":[{"taxonomy":"topic","embeddable":true,"href":"https:\/\/prolifeeurope.org\/pl\/wp-json\/wp\/v2\/topic?post=6067"}],"curies":[{"name":"wp","href":"https:\/\/api.w.org\/{rel}","templated":true}]}}