{"id":6064,"date":"2024-11-25T20:14:52","date_gmt":"2024-11-25T19:14:52","guid":{"rendered":"https:\/\/prolifeeurope.org\/baza-wiedzy\/kiedy-zaczyna-sie-ludzkie-zycie\/"},"modified":"2026-04-17T19:15:47","modified_gmt":"2026-04-17T17:15:47","slug":"kiedy-zaczyna-sie-ludzkie-zycie","status":"publish","type":"page","link":"https:\/\/prolifeeurope.org\/pl\/baza-wiedzy\/kiedy-zaczyna-sie-ludzkie-zycie\/","title":{"rendered":"Kiedy zaczyna si\u0119 ludzkie \u017cycie?"},"content":{"rendered":"\n<figure class=\"wp-block-image size-large\"><img loading=\"lazy\" decoding=\"async\" width=\"1024\" height=\"567\" src=\"https:\/\/prolifeeurope.org\/wp-content\/uploads\/2025\/01\/when-does-human-life-begin-1-1024x567.jpg\" alt=\"\" class=\"wp-image-1504\" srcset=\"https:\/\/prolifeeurope.org\/wp-content\/uploads\/2025\/01\/when-does-human-life-begin-1-1024x567.jpg 1024w, https:\/\/prolifeeurope.org\/wp-content\/uploads\/2025\/01\/when-does-human-life-begin-1-300x166.jpg 300w, https:\/\/prolifeeurope.org\/wp-content\/uploads\/2025\/01\/when-does-human-life-begin-1-768x425.jpg 768w, https:\/\/prolifeeurope.org\/wp-content\/uploads\/2025\/01\/when-does-human-life-begin-1.jpg 1500w\" sizes=\"auto, (max-width: 1024px) 100vw, 1024px\" \/><\/figure>\n\n<p>Nawet je\u015bli dyskurs publiczny mo\u017ce sugerowa\u0107 inaczej, z biologicznego punktu widzenia mo\u017cemy dok\u0142adnie okre\u015bli\u0107, \u017ce \u017cycie ludzkie zaczyna si\u0119 w momencie pocz\u0119cia.<\/p>\n\n<p class=\"is-style-default\">Moment, w kt\u00f3rym kom\u00f3rka jajowa i plemnik \u0142\u0105cz\u0105 si\u0119, stanowi pocz\u0105tek istnienia nowego, unikalnego organizmu ludzkiego. Ten nowy \u017cywy organizm \u2014 sk\u0142adaj\u0105cy si\u0119 pocz\u0105tkowo z jednej kom\u00f3rki, zwanej zygot\u0105, zawiera ju\u017c wszystkie informacje genetyczne dotycz\u0105ce doros\u0142ego cz\u0142owieka, w kt\u00f3rego si\u0119 rozwinie: p\u0142e\u0107, kolor w\u0142os\u00f3w, kolor oczu itd. Na \u017cadnym etapie rozwoju nie s\u0105 dodawane nowe informacje. Je\u015bli rozwoju tego cz\u0142owieka nic nie zak\u0142\u00f3ci &#8211; nie zostanie on przerwany ani zatrzymany &#8211; to narodzi si\u0119 jako unikalne niemowl\u0119 po oko\u0142o dziewi\u0119ciu miesi\u0105cach.   <\/p>\n\n<p>\u0179r\u00f3d\u0142a:<\/p>\n\n<ol class=\"wp-block-list\">\n<li class=\"has-small-font-size\">Condic, Maureen (2013): When Does Human Life Begin? The Scientific Evidence and Terminology Revisited [<a href=\"https:\/\/researchonline.stthomas.edu\/esploro\/outputs\/journalArticle\/When-Does-Human-Life-Begin-The\/991015131529403691\" target=\"_blank\" rel=\"noreferrer noopener\">https:\/\/researchonline.stthomas.edu\/esploro\/outputs\/journalArticle\/When-Does-Human-Life-Begin-The\/991015131529403691<\/a>].  <\/li>\n\n\n\n<li class=\"has-small-font-size\">Sadler, T.W. (2012): Langman\u2019s Medical Embryology [<a href=\"https:\/\/e-library.sammu.uz\/uploads\/books\/Ingliz%20tilidagi%20kitoblar\/Sadler_T_W_--_Langman_39_s_medical_embryology.pdf\" target=\"_blank\" rel=\"noreferrer noopener\">https:\/\/e-library.sammu.uz\/uploads\/books\/Ingliz%20tilidagi%20kitoblar\/Sadler_T_W_&#8211;_Langman_39_s_medical_embryology.pdf<\/a>]. <\/li>\n\n\n\n<li class=\"has-small-font-size\">Webster, Samuel; de Wreede, Rhiannon (2012): Embryology at a glance [<a href=\"http:\/\/repository.stikesrspadgs.ac.id\/55\/1\/Embryology%20at%20a%20Glance-122hlm.pdf\" target=\"_blank\" rel=\"noreferrer noopener\">http:\/\/repository.stikesrspadgs.ac.id\/55\/1\/Embryology%20at%20a%20Glance-122hlm.pdf<\/a>].<\/li>\n<\/ol>\n\n<ol class=\"wp-block-list\">\n<li><\/li>\n<\/ol>\n","protected":false},"excerpt":{"rendered":"<p>Nawet je\u015bli dyskurs publiczny mo\u017ce sugerowa\u0107 inaczej, z biologicznego punktu widzenia mo\u017cemy dok\u0142adnie okre\u015bli\u0107, \u017ce \u017cycie ludzkie zaczyna si\u0119 w momencie pocz\u0119cia. Moment, w kt\u00f3rym kom\u00f3rka jajowa i plemnik \u0142\u0105cz\u0105<a href=\"https:\/\/prolifeeurope.org\/pl\/baza-wiedzy\/kiedy-zaczyna-sie-ludzkie-zycie\/\">Continue reading <span class=\"sr-only\">&#8222;Kiedy zaczyna si\u0119 ludzkie \u017cycie?&#8221;<\/span><\/a><\/p>\n","protected":false},"author":14,"featured_media":0,"parent":3710,"menu_order":0,"comment_status":"closed","ping_status":"closed","template":"page-topic.php","meta":{"_acf_changed":false,"_monsterinsights_skip_tracking":false,"_monsterinsights_sitenote_active":false,"_monsterinsights_sitenote_note":"","_monsterinsights_sitenote_category":0,"footnotes":""},"topic":[],"class_list":["post-6064","page","type-page","status-publish","hentry"],"acf":[],"yoast_head":"<!-- This site is optimized with the Yoast SEO plugin v27.2 - https:\/\/yoast.com\/product\/yoast-seo-wordpress\/ -->\n<title>Kiedy zaczyna si\u0119 ludzkie \u017cycie? - ProLife Europe<\/title>\n<meta name=\"description\" content=\"Nawet je\u015bli dyskurs publiczny mo\u017ce sugerowa\u0107 inaczej, pocz\u0105tek \u017cycia ludzkiego jest z biologicznego punktu widzenia jasno okre\u015blony.\" \/>\n<meta name=\"robots\" content=\"index, follow, max-snippet:-1, max-image-preview:large, max-video-preview:-1\" \/>\n<link rel=\"canonical\" href=\"https:\/\/prolifeeurope.org\/pl\/baza-wiedzy\/kiedy-zaczyna-sie-ludzkie-zycie\/\" \/>\n<meta property=\"og:locale\" content=\"pl_PL\" \/>\n<meta property=\"og:type\" content=\"article\" \/>\n<meta property=\"og:title\" content=\"Kiedy zaczyna si\u0119 ludzkie \u017cycie? - ProLife Europe\" \/>\n<meta property=\"og:description\" content=\"Nawet je\u015bli dyskurs publiczny mo\u017ce sugerowa\u0107 inaczej, pocz\u0105tek \u017cycia ludzkiego jest z biologicznego punktu widzenia jasno okre\u015blony.\" \/>\n<meta property=\"og:url\" content=\"https:\/\/prolifeeurope.org\/pl\/baza-wiedzy\/kiedy-zaczyna-sie-ludzkie-zycie\/\" \/>\n<meta property=\"og:site_name\" content=\"ProLife Europe\" \/>\n<meta property=\"article:publisher\" content=\"https:\/\/www.facebook.com\/ProLifeEurope\/\" \/>\n<meta property=\"article:modified_time\" content=\"2026-04-17T17:15:47+00:00\" \/>\n<meta property=\"og:image\" content=\"https:\/\/prolifeeurope.org\/wp-content\/uploads\/2025\/01\/when-does-human-life-begin-1.jpg\" \/>\n\t<meta property=\"og:image:width\" content=\"1500\" \/>\n\t<meta property=\"og:image:height\" content=\"830\" \/>\n\t<meta property=\"og:image:type\" content=\"image\/jpeg\" \/>\n<meta name=\"twitter:card\" content=\"summary_large_image\" \/>\n<meta name=\"twitter:label1\" content=\"Szacowany czas czytania\" \/>\n\t<meta name=\"twitter:data1\" content=\"1 minuta\" \/>\n<script type=\"application\/ld+json\" class=\"yoast-schema-graph\">{\"@context\":\"https:\/\/schema.org\",\"@graph\":[{\"@type\":\"WebPage\",\"@id\":\"https:\/\/prolifeeurope.org\/pl\/baza-wiedzy\/kiedy-zaczyna-sie-ludzkie-zycie\/\",\"url\":\"https:\/\/prolifeeurope.org\/pl\/baza-wiedzy\/kiedy-zaczyna-sie-ludzkie-zycie\/\",\"name\":\"Kiedy zaczyna si\u0119 ludzkie \u017cycie? - ProLife Europe\",\"isPartOf\":{\"@id\":\"https:\/\/prolifeeurope.org\/pl\/#website\"},\"primaryImageOfPage\":{\"@id\":\"https:\/\/prolifeeurope.org\/pl\/baza-wiedzy\/kiedy-zaczyna-sie-ludzkie-zycie\/#primaryimage\"},\"image\":{\"@id\":\"https:\/\/prolifeeurope.org\/pl\/baza-wiedzy\/kiedy-zaczyna-sie-ludzkie-zycie\/#primaryimage\"},\"thumbnailUrl\":\"https:\/\/prolifeeurope.org\/wp-content\/uploads\/2025\/01\/when-does-human-life-begin-1-1024x567.jpg\",\"datePublished\":\"2024-11-25T19:14:52+00:00\",\"dateModified\":\"2026-04-17T17:15:47+00:00\",\"description\":\"Nawet je\u015bli dyskurs publiczny mo\u017ce sugerowa\u0107 inaczej, pocz\u0105tek \u017cycia ludzkiego jest z biologicznego punktu widzenia jasno okre\u015blony.\",\"breadcrumb\":{\"@id\":\"https:\/\/prolifeeurope.org\/pl\/baza-wiedzy\/kiedy-zaczyna-sie-ludzkie-zycie\/#breadcrumb\"},\"inLanguage\":\"pl-PL\",\"potentialAction\":[{\"@type\":\"ReadAction\",\"target\":[\"https:\/\/prolifeeurope.org\/pl\/baza-wiedzy\/kiedy-zaczyna-sie-ludzkie-zycie\/\"]}]},{\"@type\":\"ImageObject\",\"inLanguage\":\"pl-PL\",\"@id\":\"https:\/\/prolifeeurope.org\/pl\/baza-wiedzy\/kiedy-zaczyna-sie-ludzkie-zycie\/#primaryimage\",\"url\":\"https:\/\/prolifeeurope.org\/wp-content\/uploads\/2025\/01\/when-does-human-life-begin-1-1024x567.jpg\",\"contentUrl\":\"https:\/\/prolifeeurope.org\/wp-content\/uploads\/2025\/01\/when-does-human-life-begin-1-1024x567.jpg\"},{\"@type\":\"BreadcrumbList\",\"@id\":\"https:\/\/prolifeeurope.org\/pl\/baza-wiedzy\/kiedy-zaczyna-sie-ludzkie-zycie\/#breadcrumb\",\"itemListElement\":[{\"@type\":\"ListItem\",\"position\":1,\"name\":\"Home\",\"item\":\"https:\/\/prolifeeurope.org\/pl\/\"},{\"@type\":\"ListItem\",\"position\":2,\"name\":\"Baza wiedzy\",\"item\":\"https:\/\/prolifeeurope.org\/pl\/baza-wiedzy\/\"},{\"@type\":\"ListItem\",\"position\":3,\"name\":\"Kiedy zaczyna si\u0119 ludzkie \u017cycie?\"}]},{\"@type\":\"WebSite\",\"@id\":\"https:\/\/prolifeeurope.org\/pl\/#website\",\"url\":\"https:\/\/prolifeeurope.org\/pl\/\",\"name\":\"ProLife Europe\",\"description\":\"\",\"publisher\":{\"@id\":\"https:\/\/prolifeeurope.org\/pl\/#organization\"},\"potentialAction\":[{\"@type\":\"SearchAction\",\"target\":{\"@type\":\"EntryPoint\",\"urlTemplate\":\"https:\/\/prolifeeurope.org\/pl\/?s={search_term_string}\"},\"query-input\":{\"@type\":\"PropertyValueSpecification\",\"valueRequired\":true,\"valueName\":\"search_term_string\"}}],\"inLanguage\":\"pl-PL\"},{\"@type\":\"Organization\",\"@id\":\"https:\/\/prolifeeurope.org\/pl\/#organization\",\"name\":\"ProLife Europe\",\"url\":\"https:\/\/prolifeeurope.org\/pl\/\",\"logo\":{\"@type\":\"ImageObject\",\"inLanguage\":\"pl-PL\",\"@id\":\"https:\/\/prolifeeurope.org\/pl\/#\/schema\/logo\/image\/\",\"url\":\"https:\/\/prolifeeurope.org\/wp-content\/uploads\/2024\/11\/logo-3.svg\",\"contentUrl\":\"https:\/\/prolifeeurope.org\/wp-content\/uploads\/2024\/11\/logo-3.svg\",\"width\":166,\"height\":170,\"caption\":\"ProLife Europe\"},\"image\":{\"@id\":\"https:\/\/prolifeeurope.org\/pl\/#\/schema\/logo\/image\/\"},\"sameAs\":[\"https:\/\/www.facebook.com\/ProLifeEurope\/\",\"https:\/\/www.instagram.com\/prolife_europe\/\",\"https:\/\/www.youtube.com\/channel\/UC7olgmdiSVEHZUiP554XozA\"]}]}<\/script>\n<!-- \/ Yoast SEO plugin. -->","yoast_head_json":{"title":"Kiedy zaczyna si\u0119 ludzkie \u017cycie? - ProLife Europe","description":"Nawet je\u015bli dyskurs publiczny mo\u017ce sugerowa\u0107 inaczej, pocz\u0105tek \u017cycia ludzkiego jest z biologicznego punktu widzenia jasno okre\u015blony.","robots":{"index":"index","follow":"follow","max-snippet":"max-snippet:-1","max-image-preview":"max-image-preview:large","max-video-preview":"max-video-preview:-1"},"canonical":"https:\/\/prolifeeurope.org\/pl\/baza-wiedzy\/kiedy-zaczyna-sie-ludzkie-zycie\/","og_locale":"pl_PL","og_type":"article","og_title":"Kiedy zaczyna si\u0119 ludzkie \u017cycie? - ProLife Europe","og_description":"Nawet je\u015bli dyskurs publiczny mo\u017ce sugerowa\u0107 inaczej, pocz\u0105tek \u017cycia ludzkiego jest z biologicznego punktu widzenia jasno okre\u015blony.","og_url":"https:\/\/prolifeeurope.org\/pl\/baza-wiedzy\/kiedy-zaczyna-sie-ludzkie-zycie\/","og_site_name":"ProLife Europe","article_publisher":"https:\/\/www.facebook.com\/ProLifeEurope\/","article_modified_time":"2026-04-17T17:15:47+00:00","og_image":[{"width":1500,"height":830,"url":"https:\/\/prolifeeurope.org\/wp-content\/uploads\/2025\/01\/when-does-human-life-begin-1.jpg","type":"image\/jpeg"}],"twitter_card":"summary_large_image","twitter_misc":{"Szacowany czas czytania":"1 minuta"},"schema":{"@context":"https:\/\/schema.org","@graph":[{"@type":"WebPage","@id":"https:\/\/prolifeeurope.org\/pl\/baza-wiedzy\/kiedy-zaczyna-sie-ludzkie-zycie\/","url":"https:\/\/prolifeeurope.org\/pl\/baza-wiedzy\/kiedy-zaczyna-sie-ludzkie-zycie\/","name":"Kiedy zaczyna si\u0119 ludzkie \u017cycie? - ProLife Europe","isPartOf":{"@id":"https:\/\/prolifeeurope.org\/pl\/#website"},"primaryImageOfPage":{"@id":"https:\/\/prolifeeurope.org\/pl\/baza-wiedzy\/kiedy-zaczyna-sie-ludzkie-zycie\/#primaryimage"},"image":{"@id":"https:\/\/prolifeeurope.org\/pl\/baza-wiedzy\/kiedy-zaczyna-sie-ludzkie-zycie\/#primaryimage"},"thumbnailUrl":"https:\/\/prolifeeurope.org\/wp-content\/uploads\/2025\/01\/when-does-human-life-begin-1-1024x567.jpg","datePublished":"2024-11-25T19:14:52+00:00","dateModified":"2026-04-17T17:15:47+00:00","description":"Nawet je\u015bli dyskurs publiczny mo\u017ce sugerowa\u0107 inaczej, pocz\u0105tek \u017cycia ludzkiego jest z biologicznego punktu widzenia jasno okre\u015blony.","breadcrumb":{"@id":"https:\/\/prolifeeurope.org\/pl\/baza-wiedzy\/kiedy-zaczyna-sie-ludzkie-zycie\/#breadcrumb"},"inLanguage":"pl-PL","potentialAction":[{"@type":"ReadAction","target":["https:\/\/prolifeeurope.org\/pl\/baza-wiedzy\/kiedy-zaczyna-sie-ludzkie-zycie\/"]}]},{"@type":"ImageObject","inLanguage":"pl-PL","@id":"https:\/\/prolifeeurope.org\/pl\/baza-wiedzy\/kiedy-zaczyna-sie-ludzkie-zycie\/#primaryimage","url":"https:\/\/prolifeeurope.org\/wp-content\/uploads\/2025\/01\/when-does-human-life-begin-1-1024x567.jpg","contentUrl":"https:\/\/prolifeeurope.org\/wp-content\/uploads\/2025\/01\/when-does-human-life-begin-1-1024x567.jpg"},{"@type":"BreadcrumbList","@id":"https:\/\/prolifeeurope.org\/pl\/baza-wiedzy\/kiedy-zaczyna-sie-ludzkie-zycie\/#breadcrumb","itemListElement":[{"@type":"ListItem","position":1,"name":"Home","item":"https:\/\/prolifeeurope.org\/pl\/"},{"@type":"ListItem","position":2,"name":"Baza wiedzy","item":"https:\/\/prolifeeurope.org\/pl\/baza-wiedzy\/"},{"@type":"ListItem","position":3,"name":"Kiedy zaczyna si\u0119 ludzkie \u017cycie?"}]},{"@type":"WebSite","@id":"https:\/\/prolifeeurope.org\/pl\/#website","url":"https:\/\/prolifeeurope.org\/pl\/","name":"ProLife Europe","description":"","publisher":{"@id":"https:\/\/prolifeeurope.org\/pl\/#organization"},"potentialAction":[{"@type":"SearchAction","target":{"@type":"EntryPoint","urlTemplate":"https:\/\/prolifeeurope.org\/pl\/?s={search_term_string}"},"query-input":{"@type":"PropertyValueSpecification","valueRequired":true,"valueName":"search_term_string"}}],"inLanguage":"pl-PL"},{"@type":"Organization","@id":"https:\/\/prolifeeurope.org\/pl\/#organization","name":"ProLife Europe","url":"https:\/\/prolifeeurope.org\/pl\/","logo":{"@type":"ImageObject","inLanguage":"pl-PL","@id":"https:\/\/prolifeeurope.org\/pl\/#\/schema\/logo\/image\/","url":"https:\/\/prolifeeurope.org\/wp-content\/uploads\/2024\/11\/logo-3.svg","contentUrl":"https:\/\/prolifeeurope.org\/wp-content\/uploads\/2024\/11\/logo-3.svg","width":166,"height":170,"caption":"ProLife Europe"},"image":{"@id":"https:\/\/prolifeeurope.org\/pl\/#\/schema\/logo\/image\/"},"sameAs":["https:\/\/www.facebook.com\/ProLifeEurope\/","https:\/\/www.instagram.com\/prolife_europe\/","https:\/\/www.youtube.com\/channel\/UC7olgmdiSVEHZUiP554XozA"]}]}},"_links":{"self":[{"href":"https:\/\/prolifeeurope.org\/pl\/wp-json\/wp\/v2\/pages\/6064","targetHints":{"allow":["GET"]}}],"collection":[{"href":"https:\/\/prolifeeurope.org\/pl\/wp-json\/wp\/v2\/pages"}],"about":[{"href":"https:\/\/prolifeeurope.org\/pl\/wp-json\/wp\/v2\/types\/page"}],"author":[{"embeddable":true,"href":"https:\/\/prolifeeurope.org\/pl\/wp-json\/wp\/v2\/users\/14"}],"replies":[{"embeddable":true,"href":"https:\/\/prolifeeurope.org\/pl\/wp-json\/wp\/v2\/comments?post=6064"}],"version-history":[{"count":1,"href":"https:\/\/prolifeeurope.org\/pl\/wp-json\/wp\/v2\/pages\/6064\/revisions"}],"predecessor-version":[{"id":6066,"href":"https:\/\/prolifeeurope.org\/pl\/wp-json\/wp\/v2\/pages\/6064\/revisions\/6066"}],"up":[{"embeddable":true,"href":"https:\/\/prolifeeurope.org\/pl\/wp-json\/wp\/v2\/pages\/3710"}],"wp:attachment":[{"href":"https:\/\/prolifeeurope.org\/pl\/wp-json\/wp\/v2\/media?parent=6064"}],"wp:term":[{"taxonomy":"topic","embeddable":true,"href":"https:\/\/prolifeeurope.org\/pl\/wp-json\/wp\/v2\/topic?post=6064"}],"curies":[{"name":"wp","href":"https:\/\/api.w.org\/{rel}","templated":true}]}}