{"id":6062,"date":"2025-01-15T20:12:47","date_gmt":"2025-01-15T19:12:47","guid":{"rendered":"https:\/\/prolifeeurope.org\/baza-wiedzy\/rozwoj-pogladow-pro-life-w-ramach-feminizmu\/"},"modified":"2026-04-17T19:15:04","modified_gmt":"2026-04-17T17:15:04","slug":"rozwoj-pogladow-pro-life-w-ramach-feminizmu","status":"publish","type":"page","link":"https:\/\/prolifeeurope.org\/pl\/baza-wiedzy\/rozwoj-pogladow-pro-life-w-ramach-feminizmu\/","title":{"rendered":"Rozw\u00f3j pogl\u0105d\u00f3w pro-life w ramach feminizmu"},"content":{"rendered":"\n<p>Wczesny ruch feministyczny, kt\u00f3ry powsta\u0142 w XIX wieku, w du\u017cej mierze przyjmowa\u0142 stanowisko pro-life w kwestii aborcji. Pionierki tego ruchu, takie jak Susan B. Anthony i Elizabeth Cady Stanton, kt\u00f3re walczy\u0142y o prawa wyborcze i r\u00f3wno\u015b\u0107 kobiet, postrzega\u0142y aborcj\u0119 jako naruszenie zar\u00f3wno praw kobiet, jak i \u015bwi\u0119to\u015bci \u017cycia. Uwa\u017ca\u0142y, \u017ce prawdziwe wzmocnienie pozycji kobiet wynika z reform spo\u0142ecznych, kt\u00f3re wyzwalaj\u0105 kobiety z ucisku, a nie z promowania przerywania ci\u0105\u017cy. W swoich pismach pot\u0119pia\u0142y one praktyk\u0119 aborcji, kt\u00f3r\u0105 uznawa\u0142y za skutek z\u0142ego traktowania kobiet w wymiarze spo\u0142ecznym. Kobiety cz\u0119sto s\u0105 zmuszane do aborcji przez m\u0119\u017cczyzn, w tym z powod\u00f3w ekonomicznych. Wczesne feministki argumentowa\u0142y, \u017ce zamiast promowa\u0107 aborcj\u0119, spo\u0142ecze\u0144stwo powinno zaj\u0105\u0107 si\u0119 podstawowymi problemami, takimi jak ub\u00f3stwo, brak edukacji oraz brak ochrony prawnej kobiet, kt\u00f3re cz\u0119sto prowadzi\u0142y kobiety do podj\u0119cia decyzji o aborcji.    <\/p>\n\n<p>We wczesnym etapie rozwoju feminizmu zwolenniczki tego pogl\u0105du wierzy\u0142y, \u017ce zar\u00f3wno nienarodzone dziecko, jak i matka zas\u0142uguj\u0105 na ochron\u0119 i opiek\u0119. Stanton na przyk\u0142ad okre\u015bla\u0142a aborcj\u0119 jako form\u0119 dzieciob\u00f3jstwa, uznaj\u0105c j\u0105 za sprzeczn\u0105 z idea\u0142ami r\u00f3wno\u015bci i sprawiedliwo\u015bci, o kt\u00f3re walczy\u0142y. Ich dzia\u0142alno\u015b\u0107 nie polega\u0142a jedynie na zapewnieniu kobietom g\u0142osu w sprawach politycznych i spo\u0142ecznych, lecz tak\u017ce na promowaniu kultury \u017cycia i odpowiedzialno\u015bci. Warto\u015bci pro-life by\u0142y dla nich sp\u00f3jne z ich szerszymi celami poprawy dobrobytu i godno\u015bci wszystkich ludzi, szczeg\u00f3lnie najbardziej bezbronnych, w tym nienarodzonych dzieci. Ich spu\u015bcizna odzwierciedla bardziej z\u0142o\u017cone rozumienie praw kobiet, w kt\u00f3rym dobro matki i dziecka s\u0105 ze sob\u0105 powi\u0105zane. <br\/>Aby dowiedzie\u0107 si\u0119 wi\u0119cej, zapoznaj si\u0119 z artyku\u0142ami organizacji<em> Feminists for Life<\/em> oraz SBA Pro-Life America, kt\u00f3re szerzej omawiaj\u0105 pogl\u0105dy pro-life wczesnych feministek:     <\/p>\n\n<ol class=\"wp-block-list\">\n<li>Feministki za \u017byciem &#8211; <a href=\"https:\/\/www.feministsforlife.org\/first-wave-feminists-susan-b-anthony\" target=\"_blank\" rel=\"noreferrer noopener\">Pierwsza Fala Feminizmu<\/a><\/li>\n\n\n\n<li>SBA Pro-Life America &#8211; <a href=\"https:\/\/sbaprolife.org\/susan-b-anthony\" target=\"_blank\" rel=\"noreferrer noopener\">Susan B. Anthony: Pro-Life Feminist<\/a><\/li>\n\n\n\n<li>Feminists for Life &#8211; <a href=\"https:\/\/www.feministsforlife.org\/why-i-am-a-feminist-for-life\/\" target=\"_blank\" rel=\"noreferrer noopener\">Why I Am a Feminist for Life<\/a><\/li>\n<\/ol>\n","protected":false},"excerpt":{"rendered":"<p>Wczesny ruch feministyczny, kt\u00f3ry powsta\u0142 w XIX wieku, w du\u017cej mierze przyjmowa\u0142 stanowisko pro-life w kwestii aborcji. Pionierki tego ruchu, takie jak Susan B. Anthony i Elizabeth Cady Stanton, kt\u00f3re<a href=\"https:\/\/prolifeeurope.org\/pl\/baza-wiedzy\/rozwoj-pogladow-pro-life-w-ramach-feminizmu\/\">Continue reading <span class=\"sr-only\">&#8222;Rozw\u00f3j pogl\u0105d\u00f3w pro-life w ramach feminizmu&#8221;<\/span><\/a><\/p>\n","protected":false},"author":14,"featured_media":0,"parent":3710,"menu_order":0,"comment_status":"closed","ping_status":"closed","template":"page-topic.php","meta":{"_acf_changed":false,"_monsterinsights_skip_tracking":false,"_monsterinsights_sitenote_active":false,"_monsterinsights_sitenote_note":"","_monsterinsights_sitenote_category":0,"footnotes":""},"topic":[],"class_list":["post-6062","page","type-page","status-publish","hentry"],"acf":[],"yoast_head":"<!-- This site is optimized with the Yoast SEO plugin v27.2 - https:\/\/yoast.com\/product\/yoast-seo-wordpress\/ -->\n<title>Rozw\u00f3j pogl\u0105d\u00f3w pro-life w ramach feminizmu - ProLife Europe<\/title>\n<meta name=\"description\" content=\"Wczesny ruch feministyczny, kt\u00f3ry rozpocz\u0105\u0142 swoj\u0105 dzia\u0142alno\u015b\u0107 w XIX wieku, w du\u017cej mierze sta\u0142 na stanowisku pro-life w kwestii aborcji.\" \/>\n<meta name=\"robots\" content=\"index, follow, max-snippet:-1, max-image-preview:large, max-video-preview:-1\" \/>\n<link rel=\"canonical\" href=\"https:\/\/prolifeeurope.org\/pl\/baza-wiedzy\/rozwoj-pogladow-pro-life-w-ramach-feminizmu\/\" \/>\n<meta property=\"og:locale\" content=\"pl_PL\" \/>\n<meta property=\"og:type\" content=\"article\" \/>\n<meta property=\"og:title\" content=\"Rozw\u00f3j pogl\u0105d\u00f3w pro-life w ramach feminizmu - ProLife Europe\" \/>\n<meta property=\"og:description\" content=\"Wczesny ruch feministyczny, kt\u00f3ry rozpocz\u0105\u0142 swoj\u0105 dzia\u0142alno\u015b\u0107 w XIX wieku, w du\u017cej mierze sta\u0142 na stanowisku pro-life w kwestii aborcji.\" \/>\n<meta property=\"og:url\" content=\"https:\/\/prolifeeurope.org\/pl\/baza-wiedzy\/rozwoj-pogladow-pro-life-w-ramach-feminizmu\/\" \/>\n<meta property=\"og:site_name\" content=\"ProLife Europe\" \/>\n<meta property=\"article:publisher\" content=\"https:\/\/www.facebook.com\/ProLifeEurope\/\" \/>\n<meta property=\"article:modified_time\" content=\"2026-04-17T17:15:04+00:00\" \/>\n<meta name=\"twitter:card\" content=\"summary_large_image\" \/>\n<meta name=\"twitter:label1\" content=\"Szacowany czas czytania\" \/>\n\t<meta name=\"twitter:data1\" content=\"2 minuta\" \/>\n<script type=\"application\/ld+json\" class=\"yoast-schema-graph\">{\"@context\":\"https:\/\/schema.org\",\"@graph\":[{\"@type\":\"WebPage\",\"@id\":\"https:\/\/prolifeeurope.org\/pl\/baza-wiedzy\/rozwoj-pogladow-pro-life-w-ramach-feminizmu\/\",\"url\":\"https:\/\/prolifeeurope.org\/pl\/baza-wiedzy\/rozwoj-pogladow-pro-life-w-ramach-feminizmu\/\",\"name\":\"Rozw\u00f3j pogl\u0105d\u00f3w pro-life w ramach feminizmu - ProLife Europe\",\"isPartOf\":{\"@id\":\"https:\/\/prolifeeurope.org\/pl\/#website\"},\"datePublished\":\"2025-01-15T19:12:47+00:00\",\"dateModified\":\"2026-04-17T17:15:04+00:00\",\"description\":\"Wczesny ruch feministyczny, kt\u00f3ry rozpocz\u0105\u0142 swoj\u0105 dzia\u0142alno\u015b\u0107 w XIX wieku, w du\u017cej mierze sta\u0142 na stanowisku pro-life w kwestii aborcji.\",\"breadcrumb\":{\"@id\":\"https:\/\/prolifeeurope.org\/pl\/baza-wiedzy\/rozwoj-pogladow-pro-life-w-ramach-feminizmu\/#breadcrumb\"},\"inLanguage\":\"pl-PL\",\"potentialAction\":[{\"@type\":\"ReadAction\",\"target\":[\"https:\/\/prolifeeurope.org\/pl\/baza-wiedzy\/rozwoj-pogladow-pro-life-w-ramach-feminizmu\/\"]}]},{\"@type\":\"BreadcrumbList\",\"@id\":\"https:\/\/prolifeeurope.org\/pl\/baza-wiedzy\/rozwoj-pogladow-pro-life-w-ramach-feminizmu\/#breadcrumb\",\"itemListElement\":[{\"@type\":\"ListItem\",\"position\":1,\"name\":\"Home\",\"item\":\"https:\/\/prolifeeurope.org\/pl\/\"},{\"@type\":\"ListItem\",\"position\":2,\"name\":\"Baza wiedzy\",\"item\":\"https:\/\/prolifeeurope.org\/pl\/baza-wiedzy\/\"},{\"@type\":\"ListItem\",\"position\":3,\"name\":\"Rozw\u00f3j pogl\u0105d\u00f3w pro-life w ramach feminizmu\"}]},{\"@type\":\"WebSite\",\"@id\":\"https:\/\/prolifeeurope.org\/pl\/#website\",\"url\":\"https:\/\/prolifeeurope.org\/pl\/\",\"name\":\"ProLife Europe\",\"description\":\"\",\"publisher\":{\"@id\":\"https:\/\/prolifeeurope.org\/pl\/#organization\"},\"potentialAction\":[{\"@type\":\"SearchAction\",\"target\":{\"@type\":\"EntryPoint\",\"urlTemplate\":\"https:\/\/prolifeeurope.org\/pl\/?s={search_term_string}\"},\"query-input\":{\"@type\":\"PropertyValueSpecification\",\"valueRequired\":true,\"valueName\":\"search_term_string\"}}],\"inLanguage\":\"pl-PL\"},{\"@type\":\"Organization\",\"@id\":\"https:\/\/prolifeeurope.org\/pl\/#organization\",\"name\":\"ProLife Europe\",\"url\":\"https:\/\/prolifeeurope.org\/pl\/\",\"logo\":{\"@type\":\"ImageObject\",\"inLanguage\":\"pl-PL\",\"@id\":\"https:\/\/prolifeeurope.org\/pl\/#\/schema\/logo\/image\/\",\"url\":\"https:\/\/prolifeeurope.org\/wp-content\/uploads\/2024\/11\/logo-3.svg\",\"contentUrl\":\"https:\/\/prolifeeurope.org\/wp-content\/uploads\/2024\/11\/logo-3.svg\",\"width\":166,\"height\":170,\"caption\":\"ProLife Europe\"},\"image\":{\"@id\":\"https:\/\/prolifeeurope.org\/pl\/#\/schema\/logo\/image\/\"},\"sameAs\":[\"https:\/\/www.facebook.com\/ProLifeEurope\/\",\"https:\/\/www.instagram.com\/prolife_europe\/\",\"https:\/\/www.youtube.com\/channel\/UC7olgmdiSVEHZUiP554XozA\"]}]}<\/script>\n<!-- \/ Yoast SEO plugin. -->","yoast_head_json":{"title":"Rozw\u00f3j pogl\u0105d\u00f3w pro-life w ramach feminizmu - ProLife Europe","description":"Wczesny ruch feministyczny, kt\u00f3ry rozpocz\u0105\u0142 swoj\u0105 dzia\u0142alno\u015b\u0107 w XIX wieku, w du\u017cej mierze sta\u0142 na stanowisku pro-life w kwestii aborcji.","robots":{"index":"index","follow":"follow","max-snippet":"max-snippet:-1","max-image-preview":"max-image-preview:large","max-video-preview":"max-video-preview:-1"},"canonical":"https:\/\/prolifeeurope.org\/pl\/baza-wiedzy\/rozwoj-pogladow-pro-life-w-ramach-feminizmu\/","og_locale":"pl_PL","og_type":"article","og_title":"Rozw\u00f3j pogl\u0105d\u00f3w pro-life w ramach feminizmu - ProLife Europe","og_description":"Wczesny ruch feministyczny, kt\u00f3ry rozpocz\u0105\u0142 swoj\u0105 dzia\u0142alno\u015b\u0107 w XIX wieku, w du\u017cej mierze sta\u0142 na stanowisku pro-life w kwestii aborcji.","og_url":"https:\/\/prolifeeurope.org\/pl\/baza-wiedzy\/rozwoj-pogladow-pro-life-w-ramach-feminizmu\/","og_site_name":"ProLife Europe","article_publisher":"https:\/\/www.facebook.com\/ProLifeEurope\/","article_modified_time":"2026-04-17T17:15:04+00:00","twitter_card":"summary_large_image","twitter_misc":{"Szacowany czas czytania":"2 minuta"},"schema":{"@context":"https:\/\/schema.org","@graph":[{"@type":"WebPage","@id":"https:\/\/prolifeeurope.org\/pl\/baza-wiedzy\/rozwoj-pogladow-pro-life-w-ramach-feminizmu\/","url":"https:\/\/prolifeeurope.org\/pl\/baza-wiedzy\/rozwoj-pogladow-pro-life-w-ramach-feminizmu\/","name":"Rozw\u00f3j pogl\u0105d\u00f3w pro-life w ramach feminizmu - ProLife Europe","isPartOf":{"@id":"https:\/\/prolifeeurope.org\/pl\/#website"},"datePublished":"2025-01-15T19:12:47+00:00","dateModified":"2026-04-17T17:15:04+00:00","description":"Wczesny ruch feministyczny, kt\u00f3ry rozpocz\u0105\u0142 swoj\u0105 dzia\u0142alno\u015b\u0107 w XIX wieku, w du\u017cej mierze sta\u0142 na stanowisku pro-life w kwestii aborcji.","breadcrumb":{"@id":"https:\/\/prolifeeurope.org\/pl\/baza-wiedzy\/rozwoj-pogladow-pro-life-w-ramach-feminizmu\/#breadcrumb"},"inLanguage":"pl-PL","potentialAction":[{"@type":"ReadAction","target":["https:\/\/prolifeeurope.org\/pl\/baza-wiedzy\/rozwoj-pogladow-pro-life-w-ramach-feminizmu\/"]}]},{"@type":"BreadcrumbList","@id":"https:\/\/prolifeeurope.org\/pl\/baza-wiedzy\/rozwoj-pogladow-pro-life-w-ramach-feminizmu\/#breadcrumb","itemListElement":[{"@type":"ListItem","position":1,"name":"Home","item":"https:\/\/prolifeeurope.org\/pl\/"},{"@type":"ListItem","position":2,"name":"Baza wiedzy","item":"https:\/\/prolifeeurope.org\/pl\/baza-wiedzy\/"},{"@type":"ListItem","position":3,"name":"Rozw\u00f3j pogl\u0105d\u00f3w pro-life w ramach feminizmu"}]},{"@type":"WebSite","@id":"https:\/\/prolifeeurope.org\/pl\/#website","url":"https:\/\/prolifeeurope.org\/pl\/","name":"ProLife Europe","description":"","publisher":{"@id":"https:\/\/prolifeeurope.org\/pl\/#organization"},"potentialAction":[{"@type":"SearchAction","target":{"@type":"EntryPoint","urlTemplate":"https:\/\/prolifeeurope.org\/pl\/?s={search_term_string}"},"query-input":{"@type":"PropertyValueSpecification","valueRequired":true,"valueName":"search_term_string"}}],"inLanguage":"pl-PL"},{"@type":"Organization","@id":"https:\/\/prolifeeurope.org\/pl\/#organization","name":"ProLife Europe","url":"https:\/\/prolifeeurope.org\/pl\/","logo":{"@type":"ImageObject","inLanguage":"pl-PL","@id":"https:\/\/prolifeeurope.org\/pl\/#\/schema\/logo\/image\/","url":"https:\/\/prolifeeurope.org\/wp-content\/uploads\/2024\/11\/logo-3.svg","contentUrl":"https:\/\/prolifeeurope.org\/wp-content\/uploads\/2024\/11\/logo-3.svg","width":166,"height":170,"caption":"ProLife Europe"},"image":{"@id":"https:\/\/prolifeeurope.org\/pl\/#\/schema\/logo\/image\/"},"sameAs":["https:\/\/www.facebook.com\/ProLifeEurope\/","https:\/\/www.instagram.com\/prolife_europe\/","https:\/\/www.youtube.com\/channel\/UC7olgmdiSVEHZUiP554XozA"]}]}},"_links":{"self":[{"href":"https:\/\/prolifeeurope.org\/pl\/wp-json\/wp\/v2\/pages\/6062","targetHints":{"allow":["GET"]}}],"collection":[{"href":"https:\/\/prolifeeurope.org\/pl\/wp-json\/wp\/v2\/pages"}],"about":[{"href":"https:\/\/prolifeeurope.org\/pl\/wp-json\/wp\/v2\/types\/page"}],"author":[{"embeddable":true,"href":"https:\/\/prolifeeurope.org\/pl\/wp-json\/wp\/v2\/users\/14"}],"replies":[{"embeddable":true,"href":"https:\/\/prolifeeurope.org\/pl\/wp-json\/wp\/v2\/comments?post=6062"}],"version-history":[{"count":1,"href":"https:\/\/prolifeeurope.org\/pl\/wp-json\/wp\/v2\/pages\/6062\/revisions"}],"predecessor-version":[{"id":6063,"href":"https:\/\/prolifeeurope.org\/pl\/wp-json\/wp\/v2\/pages\/6062\/revisions\/6063"}],"up":[{"embeddable":true,"href":"https:\/\/prolifeeurope.org\/pl\/wp-json\/wp\/v2\/pages\/3710"}],"wp:attachment":[{"href":"https:\/\/prolifeeurope.org\/pl\/wp-json\/wp\/v2\/media?parent=6062"}],"wp:term":[{"taxonomy":"topic","embeddable":true,"href":"https:\/\/prolifeeurope.org\/pl\/wp-json\/wp\/v2\/topic?post=6062"}],"curies":[{"name":"wp","href":"https:\/\/api.w.org\/{rel}","templated":true}]}}