{"id":6058,"date":"2025-02-04T19:51:09","date_gmt":"2025-02-04T18:51:09","guid":{"rendered":"https:\/\/prolifeeurope.org\/baza-wiedzy\/hiperdochodowy-przemysl-aborcyjny\/"},"modified":"2026-04-17T19:11:58","modified_gmt":"2026-04-17T17:11:58","slug":"hiperdochodowy-przemysl-aborcyjny","status":"publish","type":"page","link":"https:\/\/prolifeeurope.org\/pl\/baza-wiedzy\/hiperdochodowy-przemysl-aborcyjny\/","title":{"rendered":"Hiperdochodowy przemys\u0142 aborcyjny"},"content":{"rendered":"\n<h3 class=\"wp-block-heading\">Rzut okiem na hiperdochodowy przemys\u0142 aborcyjny<\/h3>\n\n<p>Przemys\u0142 aborcyjny w Stanach Zjednoczonych sta\u0142a si\u0119 tematem mocno upolitycznionym i kontrowersyjnym, przyci\u0105gaj\u0105cym znaczn\u0105 uwag\u0119 zar\u00f3wno jej zwolennik\u00f3w, jak i przeciwnik\u00f3w. W miar\u0119 jak trwaj\u0105 debaty nad regulacjami prawnymi w sferze reprodukcji, rzadziej poruszanym aspektem pozostaj\u0105 zyski p\u0142yn\u0105ce z udost\u0119pniania us\u0142ug aborcyjnych, cz\u0119sto okre\u015blanych mianem \u201emultimiliardowego przemys\u0142u aborcyjnego\u201d. Termin ten zazwyczaj odnosi si\u0119 do interes\u00f3w finansowych i inwestycji zwi\u0105zanych ze \u201ezdrowiem reprodukcyjnym\u201d, w szczeg\u00f3lno\u015bci us\u0142ugami aborcyjnymi, a tak\u017ce do wp\u0142ywowych os\u00f3b i organizacji, kt\u00f3re kszta\u0142tuj\u0105 t\u0105 sfer\u0119.  <\/p>\n\n<h3 class=\"wp-block-heading\">Dochody z aborcji<\/h3>\n\n<p>Bran\u017ca aborcyjna to sektor wart miliardy dolar\u00f3w, obejmuj\u0105cy kliniki, firmy farmaceutyczne oraz organizacje dzia\u0142aj\u0105ce na rzecz rozwoju reglamentacji prawnych w sferze reprodukcji. Na dochodowo\u015b\u0107 tej bran\u017cy wp\u0142ywa kilka czynnik\u00f3w: <\/p>\n\n<p><strong>1. Popyt na us\u0142ugi: <\/strong>Pomimo trwaj\u0105cych kontrowersji politycznych i spo\u0142ecznych, popyt na us\u0142ugi aborcyjne pozostaje stabilny. Instytut Guttmachera szacuje, \u017ce niemal jedna na cztery kobiety w USA dokona aborcji do 45. roku \u017cycia. Ten sta\u0142y popyt zapewnia ci\u0105g\u0142e finansowanie podmiotom \u015bwiadcz\u0105cych takie \u201eus\u0142ugi\u201d.  <\/p>\n\n<p><strong>2. Koszt interwencji aborcyjnej:<\/strong> Koszt aborcji r\u00f3\u017cni si\u0119 znacznie w zale\u017cno\u015bci od stanu, rodzaju procedury oraz etapu rozwoju dziecka. \u015arednio cena aborcji wynosi od 300 do 1500 dolar\u00f3w lub wi\u0119cej, co tworzy znacz\u0105cy rynek zar\u00f3wno dla o\u015brodk\u00f3w wykonuj\u0105cych aborcj\u0119, jak te\u017c dla podmiot\u00f3w \u015bwiadcz\u0105cych inne zwi\u0105zane z ni\u0105 us\u0142ugi. <\/p>\n\n<p><strong>3. Inwestycje i filantropia:<\/strong> Osoby o du\u017cym maj\u0105tku oraz organizacje filantropijne coraz cz\u0119\u015bciej inwestuj\u0105 w inicjatywy zwi\u0105zane ze \u201ezdrowiem reprodukcyjnym\u201d. Finansowanie to wspiera kliniki, grupy lobbystyzne oraz programy edukacyjne i dodatkowo uwydatnia ekonomiczny wymiar aborcyjnego przemys\u0142u. <\/p>\n\n<h3 class=\"wp-block-heading\">Podstawowe podmioty czerpi\u0105ce dochody z bran\u017cy aborcyjnej<\/h3>\n\n<p>W obr\u0119bie multimiliardowego przemys\u0142u aborcyjnego wyr\u00f3\u017cnia si\u0119 kilka wp\u0142ywowych os\u00f3b i organizacji:<\/p>\n\n<ol class=\"wp-block-list\">\n<li>Planned Parenthood: Jako najwi\u0119kszy dostawca us\u0142ug \u201ezdrowia reprodukcyjnego\u201d w USA, Planned Parenthood odgrywa kluczow\u0105 rol\u0119 w bran\u017cy aborcyjnej. Dochody organizacji pochodz\u0105 z r\u00f3\u017cnych \u017ar\u00f3de\u0142, w tym z finansowania federalnego, prywatnych darowizn oraz op\u0142at pacjent\u00f3w. W 2021 roku Planned Parenthood odnotowa\u0142o ponad 1,6 miliarda dolar\u00f3w przychodu, z czego znaczna cz\u0119\u015b\u0107 wp\u0142ywa\u0142a z us\u0142ug aborcyjnych.   (1)<\/li>\n\n\n\n<li><strong>Filantropi i inwestorzy:<\/strong> Osoby takie jak Warren Buffett oraz organizacje jak Fundacja Billa i Melindy Gates\u00f3w przeznaczyli znaczne sumy na finansowanie inicjatyw zwi\u0105zanych ze \u201ezdrowiem\u201d i \u201eprawami reprodukcyjnymi\u201d. Ich wsparcie finansowe wp\u0142ywa na polityk\u0119 publiczn\u0105 oraz wspiera infrastruktur\u0119 us\u0142ug aborcyjnych.  (2)<\/li>\n<\/ol>\n\n<p><strong>Grupy lobbystyczne: <\/strong>Organizacje takie jak Center for Reproductive Rights oraz NARAL Pro-Choice America aktywnie dzia\u0142aj\u0105 na rzecz ochrony i rozszerzania dost\u0119pu do us\u0142ug aborcyjnych. Grupy te cz\u0119sto otrzymuj\u0105 znacz\u0105ce wsparcie finansowe od zamo\u017cnych darczy\u0144c\u00f3w i fundacji, co umo\u017cliwia im prowadzenie dzia\u0142a\u0144 prawnych oraz kampanii lobbystycznych.  (2)<\/p>\n\n<h3 class=\"wp-block-heading\"><strong>Wp\u0142yw ustawodawstwa i polityki<\/strong><\/h3>\n\n<p>Pozycja przemys\u0142u aborcyjnego w du\u017cej mierze zale\u017cy od ustawodawstwa i politycznego klimatu. W ostatnich latach odnotowano wzrost liczby inicjatyw legislacyjnych maj\u0105cych na celu ograniczenie dost\u0119pu do aborcji, co prowadzi do spor\u00f3w prawnych, kt\u00f3re cz\u0119sto wymagaj\u0105 znacznych nak\u0142ad\u00f3w finansowych: <\/p>\n\n<ul class=\"wp-block-list\">\n<li><strong>Wyzwania prawne<\/strong>: Wiele podmiot\u00f3w \u015bwiadcz\u0105cych us\u0142ugi aborcyjne oraz organizacji lobbystycznych musia\u0142o przeznaczy\u0107 znaczne \u015brodki na walk\u0119 w sporach przeciw przepisom ograniczaj\u0105cym dost\u0119p do aborcji w poszczeg\u00f3lnych stanach. Stworzy\u0142o to sytuacj\u0119, w kt\u00f3rej wsparcie finansowe jest kluczowe dla utrzymania dost\u0119pu do tego typu \u201eus\u0142ug\u201d. <\/li>\n<\/ul>\n\n<p><strong>Finansowanie publiczne:<\/strong> Debata nad publicznym finansowaniem us\u0142ug aborcyjnych nadal budzi wiele emocji. Podczas gdy jedni argumentuj\u0105 za konieczno\u015bci\u0105 takiego finansowania w celu zapewnienia tego dost\u0119pu, przeciwnicy sprzeciwiaj\u0105 si\u0119 wykorzystywaniu pieni\u0119dzy podatnik\u00f3w na aborcj\u0119. <\/p>\n\n<h3 class=\"wp-block-heading\"><strong>_<\/strong><\/h3>\n\n<p>_  <\/p>\n\n<p>_    <\/p>\n\n<p>_<\/p>\n\n<ul class=\"wp-block-list\">\n<li>(1) <a href=\"https:\/\/cdn.plannedparenthood.org\/uploads\/filer_public\/ec\/f4\/ecf43d92-fcd2-4d11-b299-e67b5c3ac394\/2024-ppfa-annualreport-c3-digital.pdf\" target=\"_blank\" rel=\"noreferrer noopener\">Planned Parenthood Annual Report 2022-2023<\/a><\/li>\n\n\n\n<li>(2) <a href=\"https:\/\/www.ippf.org\/resource\/2022-annual-performance-report#:~:text=IPPF%20delivered%20a%20total%20of,of%2010%20million%20in%202022\" target=\"_blank\" rel=\"noreferrer noopener\">International Planned Parenthood Federation Annual Report 2022<\/a><\/li>\n<\/ul>\n","protected":false},"excerpt":{"rendered":"<p>Rzut okiem na hiperdochodowy przemys\u0142 aborcyjny Przemys\u0142 aborcyjny w Stanach Zjednoczonych sta\u0142a si\u0119 tematem mocno upolitycznionym i kontrowersyjnym, przyci\u0105gaj\u0105cym znaczn\u0105 uwag\u0119 zar\u00f3wno jej zwolennik\u00f3w, jak i przeciwnik\u00f3w. W miar\u0119 jak<a href=\"https:\/\/prolifeeurope.org\/pl\/baza-wiedzy\/hiperdochodowy-przemysl-aborcyjny\/\">Continue reading <span class=\"sr-only\">&#8222;Hiperdochodowy przemys\u0142 aborcyjny&#8221;<\/span><\/a><\/p>\n","protected":false},"author":14,"featured_media":0,"parent":3710,"menu_order":0,"comment_status":"closed","ping_status":"closed","template":"page-topic.php","meta":{"_acf_changed":false,"_monsterinsights_skip_tracking":false,"_monsterinsights_sitenote_active":false,"_monsterinsights_sitenote_note":"","_monsterinsights_sitenote_category":0,"footnotes":""},"topic":[],"class_list":["post-6058","page","type-page","status-publish","hentry"],"acf":[],"yoast_head":"<!-- This site is optimized with the Yoast SEO plugin v27.2 - https:\/\/yoast.com\/product\/yoast-seo-wordpress\/ -->\n<title>Hiperdochodowy przemys\u0142 aborcyjny - ProLife Europe<\/title>\n<meta name=\"description\" content=\"Przemys\u0142 aborcyjny nie tylko znacz\u0105co wp\u0142ywa na debat\u0119 polityczn\u0105, ale jest r\u00f3wnie\u017c biznesem wartym miliardy dolar\u00f3w.\" \/>\n<meta name=\"robots\" content=\"index, follow, max-snippet:-1, max-image-preview:large, max-video-preview:-1\" \/>\n<link rel=\"canonical\" href=\"https:\/\/prolifeeurope.org\/pl\/baza-wiedzy\/hiperdochodowy-przemysl-aborcyjny\/\" \/>\n<meta property=\"og:locale\" content=\"pl_PL\" \/>\n<meta property=\"og:type\" content=\"article\" \/>\n<meta property=\"og:title\" content=\"Hiperdochodowy przemys\u0142 aborcyjny - ProLife Europe\" \/>\n<meta property=\"og:description\" content=\"Przemys\u0142 aborcyjny nie tylko znacz\u0105co wp\u0142ywa na debat\u0119 polityczn\u0105, ale jest r\u00f3wnie\u017c biznesem wartym miliardy dolar\u00f3w.\" \/>\n<meta property=\"og:url\" content=\"https:\/\/prolifeeurope.org\/pl\/baza-wiedzy\/hiperdochodowy-przemysl-aborcyjny\/\" \/>\n<meta property=\"og:site_name\" content=\"ProLife Europe\" \/>\n<meta property=\"article:publisher\" content=\"https:\/\/www.facebook.com\/ProLifeEurope\/\" \/>\n<meta property=\"article:modified_time\" content=\"2026-04-17T17:11:58+00:00\" \/>\n<meta name=\"twitter:card\" content=\"summary_large_image\" \/>\n<meta name=\"twitter:label1\" content=\"Szacowany czas czytania\" \/>\n\t<meta name=\"twitter:data1\" content=\"3 minuta\" \/>\n<script type=\"application\/ld+json\" class=\"yoast-schema-graph\">{\"@context\":\"https:\/\/schema.org\",\"@graph\":[{\"@type\":\"WebPage\",\"@id\":\"https:\/\/prolifeeurope.org\/pl\/baza-wiedzy\/hiperdochodowy-przemysl-aborcyjny\/\",\"url\":\"https:\/\/prolifeeurope.org\/pl\/baza-wiedzy\/hiperdochodowy-przemysl-aborcyjny\/\",\"name\":\"Hiperdochodowy przemys\u0142 aborcyjny - ProLife Europe\",\"isPartOf\":{\"@id\":\"https:\/\/prolifeeurope.org\/pl\/#website\"},\"datePublished\":\"2025-02-04T18:51:09+00:00\",\"dateModified\":\"2026-04-17T17:11:58+00:00\",\"description\":\"Przemys\u0142 aborcyjny nie tylko znacz\u0105co wp\u0142ywa na debat\u0119 polityczn\u0105, ale jest r\u00f3wnie\u017c biznesem wartym miliardy dolar\u00f3w.\",\"breadcrumb\":{\"@id\":\"https:\/\/prolifeeurope.org\/pl\/baza-wiedzy\/hiperdochodowy-przemysl-aborcyjny\/#breadcrumb\"},\"inLanguage\":\"pl-PL\",\"potentialAction\":[{\"@type\":\"ReadAction\",\"target\":[\"https:\/\/prolifeeurope.org\/pl\/baza-wiedzy\/hiperdochodowy-przemysl-aborcyjny\/\"]}]},{\"@type\":\"BreadcrumbList\",\"@id\":\"https:\/\/prolifeeurope.org\/pl\/baza-wiedzy\/hiperdochodowy-przemysl-aborcyjny\/#breadcrumb\",\"itemListElement\":[{\"@type\":\"ListItem\",\"position\":1,\"name\":\"Home\",\"item\":\"https:\/\/prolifeeurope.org\/pl\/\"},{\"@type\":\"ListItem\",\"position\":2,\"name\":\"Baza wiedzy\",\"item\":\"https:\/\/prolifeeurope.org\/pl\/baza-wiedzy\/\"},{\"@type\":\"ListItem\",\"position\":3,\"name\":\"Hiperdochodowy przemys\u0142 aborcyjny\"}]},{\"@type\":\"WebSite\",\"@id\":\"https:\/\/prolifeeurope.org\/pl\/#website\",\"url\":\"https:\/\/prolifeeurope.org\/pl\/\",\"name\":\"ProLife Europe\",\"description\":\"\",\"publisher\":{\"@id\":\"https:\/\/prolifeeurope.org\/pl\/#organization\"},\"potentialAction\":[{\"@type\":\"SearchAction\",\"target\":{\"@type\":\"EntryPoint\",\"urlTemplate\":\"https:\/\/prolifeeurope.org\/pl\/?s={search_term_string}\"},\"query-input\":{\"@type\":\"PropertyValueSpecification\",\"valueRequired\":true,\"valueName\":\"search_term_string\"}}],\"inLanguage\":\"pl-PL\"},{\"@type\":\"Organization\",\"@id\":\"https:\/\/prolifeeurope.org\/pl\/#organization\",\"name\":\"ProLife Europe\",\"url\":\"https:\/\/prolifeeurope.org\/pl\/\",\"logo\":{\"@type\":\"ImageObject\",\"inLanguage\":\"pl-PL\",\"@id\":\"https:\/\/prolifeeurope.org\/pl\/#\/schema\/logo\/image\/\",\"url\":\"https:\/\/prolifeeurope.org\/wp-content\/uploads\/2024\/11\/logo-3.svg\",\"contentUrl\":\"https:\/\/prolifeeurope.org\/wp-content\/uploads\/2024\/11\/logo-3.svg\",\"width\":166,\"height\":170,\"caption\":\"ProLife Europe\"},\"image\":{\"@id\":\"https:\/\/prolifeeurope.org\/pl\/#\/schema\/logo\/image\/\"},\"sameAs\":[\"https:\/\/www.facebook.com\/ProLifeEurope\/\",\"https:\/\/www.instagram.com\/prolife_europe\/\",\"https:\/\/www.youtube.com\/channel\/UC7olgmdiSVEHZUiP554XozA\"]}]}<\/script>\n<!-- \/ Yoast SEO plugin. -->","yoast_head_json":{"title":"Hiperdochodowy przemys\u0142 aborcyjny - ProLife Europe","description":"Przemys\u0142 aborcyjny nie tylko znacz\u0105co wp\u0142ywa na debat\u0119 polityczn\u0105, ale jest r\u00f3wnie\u017c biznesem wartym miliardy dolar\u00f3w.","robots":{"index":"index","follow":"follow","max-snippet":"max-snippet:-1","max-image-preview":"max-image-preview:large","max-video-preview":"max-video-preview:-1"},"canonical":"https:\/\/prolifeeurope.org\/pl\/baza-wiedzy\/hiperdochodowy-przemysl-aborcyjny\/","og_locale":"pl_PL","og_type":"article","og_title":"Hiperdochodowy przemys\u0142 aborcyjny - ProLife Europe","og_description":"Przemys\u0142 aborcyjny nie tylko znacz\u0105co wp\u0142ywa na debat\u0119 polityczn\u0105, ale jest r\u00f3wnie\u017c biznesem wartym miliardy dolar\u00f3w.","og_url":"https:\/\/prolifeeurope.org\/pl\/baza-wiedzy\/hiperdochodowy-przemysl-aborcyjny\/","og_site_name":"ProLife Europe","article_publisher":"https:\/\/www.facebook.com\/ProLifeEurope\/","article_modified_time":"2026-04-17T17:11:58+00:00","twitter_card":"summary_large_image","twitter_misc":{"Szacowany czas czytania":"3 minuta"},"schema":{"@context":"https:\/\/schema.org","@graph":[{"@type":"WebPage","@id":"https:\/\/prolifeeurope.org\/pl\/baza-wiedzy\/hiperdochodowy-przemysl-aborcyjny\/","url":"https:\/\/prolifeeurope.org\/pl\/baza-wiedzy\/hiperdochodowy-przemysl-aborcyjny\/","name":"Hiperdochodowy przemys\u0142 aborcyjny - ProLife Europe","isPartOf":{"@id":"https:\/\/prolifeeurope.org\/pl\/#website"},"datePublished":"2025-02-04T18:51:09+00:00","dateModified":"2026-04-17T17:11:58+00:00","description":"Przemys\u0142 aborcyjny nie tylko znacz\u0105co wp\u0142ywa na debat\u0119 polityczn\u0105, ale jest r\u00f3wnie\u017c biznesem wartym miliardy dolar\u00f3w.","breadcrumb":{"@id":"https:\/\/prolifeeurope.org\/pl\/baza-wiedzy\/hiperdochodowy-przemysl-aborcyjny\/#breadcrumb"},"inLanguage":"pl-PL","potentialAction":[{"@type":"ReadAction","target":["https:\/\/prolifeeurope.org\/pl\/baza-wiedzy\/hiperdochodowy-przemysl-aborcyjny\/"]}]},{"@type":"BreadcrumbList","@id":"https:\/\/prolifeeurope.org\/pl\/baza-wiedzy\/hiperdochodowy-przemysl-aborcyjny\/#breadcrumb","itemListElement":[{"@type":"ListItem","position":1,"name":"Home","item":"https:\/\/prolifeeurope.org\/pl\/"},{"@type":"ListItem","position":2,"name":"Baza wiedzy","item":"https:\/\/prolifeeurope.org\/pl\/baza-wiedzy\/"},{"@type":"ListItem","position":3,"name":"Hiperdochodowy przemys\u0142 aborcyjny"}]},{"@type":"WebSite","@id":"https:\/\/prolifeeurope.org\/pl\/#website","url":"https:\/\/prolifeeurope.org\/pl\/","name":"ProLife Europe","description":"","publisher":{"@id":"https:\/\/prolifeeurope.org\/pl\/#organization"},"potentialAction":[{"@type":"SearchAction","target":{"@type":"EntryPoint","urlTemplate":"https:\/\/prolifeeurope.org\/pl\/?s={search_term_string}"},"query-input":{"@type":"PropertyValueSpecification","valueRequired":true,"valueName":"search_term_string"}}],"inLanguage":"pl-PL"},{"@type":"Organization","@id":"https:\/\/prolifeeurope.org\/pl\/#organization","name":"ProLife Europe","url":"https:\/\/prolifeeurope.org\/pl\/","logo":{"@type":"ImageObject","inLanguage":"pl-PL","@id":"https:\/\/prolifeeurope.org\/pl\/#\/schema\/logo\/image\/","url":"https:\/\/prolifeeurope.org\/wp-content\/uploads\/2024\/11\/logo-3.svg","contentUrl":"https:\/\/prolifeeurope.org\/wp-content\/uploads\/2024\/11\/logo-3.svg","width":166,"height":170,"caption":"ProLife Europe"},"image":{"@id":"https:\/\/prolifeeurope.org\/pl\/#\/schema\/logo\/image\/"},"sameAs":["https:\/\/www.facebook.com\/ProLifeEurope\/","https:\/\/www.instagram.com\/prolife_europe\/","https:\/\/www.youtube.com\/channel\/UC7olgmdiSVEHZUiP554XozA"]}]}},"_links":{"self":[{"href":"https:\/\/prolifeeurope.org\/pl\/wp-json\/wp\/v2\/pages\/6058","targetHints":{"allow":["GET"]}}],"collection":[{"href":"https:\/\/prolifeeurope.org\/pl\/wp-json\/wp\/v2\/pages"}],"about":[{"href":"https:\/\/prolifeeurope.org\/pl\/wp-json\/wp\/v2\/types\/page"}],"author":[{"embeddable":true,"href":"https:\/\/prolifeeurope.org\/pl\/wp-json\/wp\/v2\/users\/14"}],"replies":[{"embeddable":true,"href":"https:\/\/prolifeeurope.org\/pl\/wp-json\/wp\/v2\/comments?post=6058"}],"version-history":[{"count":1,"href":"https:\/\/prolifeeurope.org\/pl\/wp-json\/wp\/v2\/pages\/6058\/revisions"}],"predecessor-version":[{"id":6059,"href":"https:\/\/prolifeeurope.org\/pl\/wp-json\/wp\/v2\/pages\/6058\/revisions\/6059"}],"up":[{"embeddable":true,"href":"https:\/\/prolifeeurope.org\/pl\/wp-json\/wp\/v2\/pages\/3710"}],"wp:attachment":[{"href":"https:\/\/prolifeeurope.org\/pl\/wp-json\/wp\/v2\/media?parent=6058"}],"wp:term":[{"taxonomy":"topic","embeddable":true,"href":"https:\/\/prolifeeurope.org\/pl\/wp-json\/wp\/v2\/topic?post=6058"}],"curies":[{"name":"wp","href":"https:\/\/api.w.org\/{rel}","templated":true}]}}