{"id":6056,"date":"2025-01-09T10:31:43","date_gmt":"2025-01-09T09:31:43","guid":{"rendered":"https:\/\/prolifeeurope.org\/baza-wiedzy\/rozwoj-prenatalny\/"},"modified":"2026-04-17T19:14:03","modified_gmt":"2026-04-17T17:14:03","slug":"rozwoj-prenatalny","status":"publish","type":"page","link":"https:\/\/prolifeeurope.org\/pl\/baza-wiedzy\/rozwoj-prenatalny\/","title":{"rendered":"Rozw\u00f3j prenatalny"},"content":{"rendered":"\n<figure class=\"wp-block-embed is-type-video is-provider-youtube wp-block-embed-youtube wp-embed-aspect-16-9 wp-has-aspect-ratio\"><div class=\"wp-block-embed__wrapper\">\n<iframe loading=\"lazy\" title=\"A Never Before Seen Look At Human Life In The Womb | Baby Olivia\" width=\"500\" height=\"281\" src=\"https:\/\/www.youtube.com\/embed\/S-lQOooYAs8?feature=oembed\" frameborder=\"0\" allow=\"accelerometer; autoplay; clipboard-write; encrypted-media; gyroscope; picture-in-picture; web-share\" referrerpolicy=\"strict-origin-when-cross-origin\" allowfullscreen><\/iframe>\n<\/div><\/figure>\n\n<p><\/p>\n\n<h3 class=\"wp-block-heading\"><strong>Wa\u017cne etapy rozwoju prenatalnego:<\/strong><\/h3>\n\n<p><strong>Dzie\u0144 22*:<\/strong> Serce dziecka zaczyna bi\u0107 \u2014 z cz\u0119stotliwo\u015bci\u0105 110 uderze\u0144 na minut\u0119.<br\/><strong>Tydzie\u0144 4:<\/strong> Zaczynaj\u0105 si\u0119 formowa\u0107 r\u0119ce i nogi. Kszta\u0142tuj\u0105 si\u0119 kom\u00f3rki krwi. Bicie serca mo\u017cna ju\u017c wykry\u0107 za pomoc\u0105 badania USG.  <br\/><strong>Tydzie\u0144 6:<\/strong> Rozwijaj\u0105 si\u0119 wszystkie g\u0142\u00f3wne narz\u0105dy organizmu dziecka. Mo\u017cna wykry\u0107 aktywno\u015b\u0107 m\u00f3zgu. <br\/><strong>Tydzie\u0144 8: <\/strong>R\u0119ce, d\u0142onie, palce r\u0105k, stopy i palce st\u00f3p dziecka s\u0105 ju\u017c w pe\u0142ni ukszta\u0142towane, paznokcie zaczynaj\u0105 rosn\u0105\u0107 na palcach r\u0105k i n\u00f3g.<br\/><strong>Tydzie\u0144 10: <\/strong>Wszystkie narz\u0105dy organizmu s\u0105 ju\u017c obecne i dalej si\u0119 rozwijaj\u0105.<br\/><strong>Tydzie\u0144 14: <\/strong>Matka zaczyna odczuwa\u0107 ruchy dzieci\u0105tka.<br\/><strong>Tydzie\u0144 21: <\/strong>Dziecko mo\u017ce ju\u017c prze\u017cy\u0107 poza \u0142onem matki (przy pomocy medycznej).<\/p>\n\n<p><\/p>\n\n<p class=\"has-small-font-size\">Wiek dziecka podany jest od momentu pocz\u0119cia.<\/p>\n","protected":false},"excerpt":{"rendered":"<p>Wa\u017cne etapy rozwoju prenatalnego: Dzie\u0144 22*: Serce dziecka zaczyna bi\u0107 \u2014 z cz\u0119stotliwo\u015bci\u0105 110 uderze\u0144 na minut\u0119.Tydzie\u0144 4: Zaczynaj\u0105 si\u0119 formowa\u0107 r\u0119ce i nogi. Kszta\u0142tuj\u0105 si\u0119 kom\u00f3rki krwi. Bicie serca<a href=\"https:\/\/prolifeeurope.org\/pl\/baza-wiedzy\/rozwoj-prenatalny\/\">Continue reading <span class=\"sr-only\">&#8222;Rozw\u00f3j prenatalny&#8221;<\/span><\/a><\/p>\n","protected":false},"author":14,"featured_media":0,"parent":3710,"menu_order":0,"comment_status":"closed","ping_status":"closed","template":"page-topic.php","meta":{"_acf_changed":false,"_monsterinsights_skip_tracking":false,"_monsterinsights_sitenote_active":false,"_monsterinsights_sitenote_note":"","_monsterinsights_sitenote_category":0,"footnotes":""},"topic":[],"class_list":["post-6056","page","type-page","status-publish","hentry"],"acf":[],"yoast_head":"<!-- This site is optimized with the Yoast SEO plugin v27.2 - https:\/\/yoast.com\/product\/yoast-seo-wordpress\/ -->\n<title>Rozw\u00f3j prenatalny - ProLife Europe<\/title>\n<meta name=\"description\" content=\"Nienarodzone dziecko jest cz\u0142owiekiem od samego pocz\u0105tku i przechodzi fascynuj\u0105ce etapy swojego rozwoju.\" \/>\n<meta name=\"robots\" content=\"index, follow, max-snippet:-1, max-image-preview:large, max-video-preview:-1\" \/>\n<link rel=\"canonical\" href=\"https:\/\/prolifeeurope.org\/pl\/baza-wiedzy\/rozwoj-prenatalny\/\" \/>\n<meta property=\"og:locale\" content=\"pl_PL\" \/>\n<meta property=\"og:type\" content=\"article\" \/>\n<meta property=\"og:title\" content=\"Rozw\u00f3j prenatalny - ProLife Europe\" \/>\n<meta property=\"og:description\" content=\"Nienarodzone dziecko jest cz\u0142owiekiem od samego pocz\u0105tku i przechodzi fascynuj\u0105ce etapy swojego rozwoju.\" \/>\n<meta property=\"og:url\" content=\"https:\/\/prolifeeurope.org\/pl\/baza-wiedzy\/rozwoj-prenatalny\/\" \/>\n<meta property=\"og:site_name\" content=\"ProLife Europe\" \/>\n<meta property=\"article:publisher\" content=\"https:\/\/www.facebook.com\/ProLifeEurope\/\" \/>\n<meta property=\"article:modified_time\" content=\"2026-04-17T17:14:03+00:00\" \/>\n<meta name=\"twitter:card\" content=\"summary_large_image\" \/>\n<meta name=\"twitter:label1\" content=\"Szacowany czas czytania\" \/>\n\t<meta name=\"twitter:data1\" content=\"1 minuta\" \/>\n<script type=\"application\/ld+json\" class=\"yoast-schema-graph\">{\"@context\":\"https:\/\/schema.org\",\"@graph\":[{\"@type\":\"WebPage\",\"@id\":\"https:\/\/prolifeeurope.org\/pl\/baza-wiedzy\/rozwoj-prenatalny\/\",\"url\":\"https:\/\/prolifeeurope.org\/pl\/baza-wiedzy\/rozwoj-prenatalny\/\",\"name\":\"Rozw\u00f3j prenatalny - ProLife Europe\",\"isPartOf\":{\"@id\":\"https:\/\/prolifeeurope.org\/pl\/#website\"},\"datePublished\":\"2025-01-09T09:31:43+00:00\",\"dateModified\":\"2026-04-17T17:14:03+00:00\",\"description\":\"Nienarodzone dziecko jest cz\u0142owiekiem od samego pocz\u0105tku i przechodzi fascynuj\u0105ce etapy swojego rozwoju.\",\"breadcrumb\":{\"@id\":\"https:\/\/prolifeeurope.org\/pl\/baza-wiedzy\/rozwoj-prenatalny\/#breadcrumb\"},\"inLanguage\":\"pl-PL\",\"potentialAction\":[{\"@type\":\"ReadAction\",\"target\":[\"https:\/\/prolifeeurope.org\/pl\/baza-wiedzy\/rozwoj-prenatalny\/\"]}]},{\"@type\":\"BreadcrumbList\",\"@id\":\"https:\/\/prolifeeurope.org\/pl\/baza-wiedzy\/rozwoj-prenatalny\/#breadcrumb\",\"itemListElement\":[{\"@type\":\"ListItem\",\"position\":1,\"name\":\"Home\",\"item\":\"https:\/\/prolifeeurope.org\/pl\/\"},{\"@type\":\"ListItem\",\"position\":2,\"name\":\"Baza wiedzy\",\"item\":\"https:\/\/prolifeeurope.org\/pl\/baza-wiedzy\/\"},{\"@type\":\"ListItem\",\"position\":3,\"name\":\"Rozw\u00f3j prenatalny\"}]},{\"@type\":\"WebSite\",\"@id\":\"https:\/\/prolifeeurope.org\/pl\/#website\",\"url\":\"https:\/\/prolifeeurope.org\/pl\/\",\"name\":\"ProLife Europe\",\"description\":\"\",\"publisher\":{\"@id\":\"https:\/\/prolifeeurope.org\/pl\/#organization\"},\"potentialAction\":[{\"@type\":\"SearchAction\",\"target\":{\"@type\":\"EntryPoint\",\"urlTemplate\":\"https:\/\/prolifeeurope.org\/pl\/?s={search_term_string}\"},\"query-input\":{\"@type\":\"PropertyValueSpecification\",\"valueRequired\":true,\"valueName\":\"search_term_string\"}}],\"inLanguage\":\"pl-PL\"},{\"@type\":\"Organization\",\"@id\":\"https:\/\/prolifeeurope.org\/pl\/#organization\",\"name\":\"ProLife Europe\",\"url\":\"https:\/\/prolifeeurope.org\/pl\/\",\"logo\":{\"@type\":\"ImageObject\",\"inLanguage\":\"pl-PL\",\"@id\":\"https:\/\/prolifeeurope.org\/pl\/#\/schema\/logo\/image\/\",\"url\":\"https:\/\/prolifeeurope.org\/wp-content\/uploads\/2024\/11\/logo-3.svg\",\"contentUrl\":\"https:\/\/prolifeeurope.org\/wp-content\/uploads\/2024\/11\/logo-3.svg\",\"width\":166,\"height\":170,\"caption\":\"ProLife Europe\"},\"image\":{\"@id\":\"https:\/\/prolifeeurope.org\/pl\/#\/schema\/logo\/image\/\"},\"sameAs\":[\"https:\/\/www.facebook.com\/ProLifeEurope\/\",\"https:\/\/www.instagram.com\/prolife_europe\/\",\"https:\/\/www.youtube.com\/channel\/UC7olgmdiSVEHZUiP554XozA\"]}]}<\/script>\n<!-- \/ Yoast SEO plugin. -->","yoast_head_json":{"title":"Rozw\u00f3j prenatalny - ProLife Europe","description":"Nienarodzone dziecko jest cz\u0142owiekiem od samego pocz\u0105tku i przechodzi fascynuj\u0105ce etapy swojego rozwoju.","robots":{"index":"index","follow":"follow","max-snippet":"max-snippet:-1","max-image-preview":"max-image-preview:large","max-video-preview":"max-video-preview:-1"},"canonical":"https:\/\/prolifeeurope.org\/pl\/baza-wiedzy\/rozwoj-prenatalny\/","og_locale":"pl_PL","og_type":"article","og_title":"Rozw\u00f3j prenatalny - ProLife Europe","og_description":"Nienarodzone dziecko jest cz\u0142owiekiem od samego pocz\u0105tku i przechodzi fascynuj\u0105ce etapy swojego rozwoju.","og_url":"https:\/\/prolifeeurope.org\/pl\/baza-wiedzy\/rozwoj-prenatalny\/","og_site_name":"ProLife Europe","article_publisher":"https:\/\/www.facebook.com\/ProLifeEurope\/","article_modified_time":"2026-04-17T17:14:03+00:00","twitter_card":"summary_large_image","twitter_misc":{"Szacowany czas czytania":"1 minuta"},"schema":{"@context":"https:\/\/schema.org","@graph":[{"@type":"WebPage","@id":"https:\/\/prolifeeurope.org\/pl\/baza-wiedzy\/rozwoj-prenatalny\/","url":"https:\/\/prolifeeurope.org\/pl\/baza-wiedzy\/rozwoj-prenatalny\/","name":"Rozw\u00f3j prenatalny - ProLife Europe","isPartOf":{"@id":"https:\/\/prolifeeurope.org\/pl\/#website"},"datePublished":"2025-01-09T09:31:43+00:00","dateModified":"2026-04-17T17:14:03+00:00","description":"Nienarodzone dziecko jest cz\u0142owiekiem od samego pocz\u0105tku i przechodzi fascynuj\u0105ce etapy swojego rozwoju.","breadcrumb":{"@id":"https:\/\/prolifeeurope.org\/pl\/baza-wiedzy\/rozwoj-prenatalny\/#breadcrumb"},"inLanguage":"pl-PL","potentialAction":[{"@type":"ReadAction","target":["https:\/\/prolifeeurope.org\/pl\/baza-wiedzy\/rozwoj-prenatalny\/"]}]},{"@type":"BreadcrumbList","@id":"https:\/\/prolifeeurope.org\/pl\/baza-wiedzy\/rozwoj-prenatalny\/#breadcrumb","itemListElement":[{"@type":"ListItem","position":1,"name":"Home","item":"https:\/\/prolifeeurope.org\/pl\/"},{"@type":"ListItem","position":2,"name":"Baza wiedzy","item":"https:\/\/prolifeeurope.org\/pl\/baza-wiedzy\/"},{"@type":"ListItem","position":3,"name":"Rozw\u00f3j prenatalny"}]},{"@type":"WebSite","@id":"https:\/\/prolifeeurope.org\/pl\/#website","url":"https:\/\/prolifeeurope.org\/pl\/","name":"ProLife Europe","description":"","publisher":{"@id":"https:\/\/prolifeeurope.org\/pl\/#organization"},"potentialAction":[{"@type":"SearchAction","target":{"@type":"EntryPoint","urlTemplate":"https:\/\/prolifeeurope.org\/pl\/?s={search_term_string}"},"query-input":{"@type":"PropertyValueSpecification","valueRequired":true,"valueName":"search_term_string"}}],"inLanguage":"pl-PL"},{"@type":"Organization","@id":"https:\/\/prolifeeurope.org\/pl\/#organization","name":"ProLife Europe","url":"https:\/\/prolifeeurope.org\/pl\/","logo":{"@type":"ImageObject","inLanguage":"pl-PL","@id":"https:\/\/prolifeeurope.org\/pl\/#\/schema\/logo\/image\/","url":"https:\/\/prolifeeurope.org\/wp-content\/uploads\/2024\/11\/logo-3.svg","contentUrl":"https:\/\/prolifeeurope.org\/wp-content\/uploads\/2024\/11\/logo-3.svg","width":166,"height":170,"caption":"ProLife Europe"},"image":{"@id":"https:\/\/prolifeeurope.org\/pl\/#\/schema\/logo\/image\/"},"sameAs":["https:\/\/www.facebook.com\/ProLifeEurope\/","https:\/\/www.instagram.com\/prolife_europe\/","https:\/\/www.youtube.com\/channel\/UC7olgmdiSVEHZUiP554XozA"]}]}},"_links":{"self":[{"href":"https:\/\/prolifeeurope.org\/pl\/wp-json\/wp\/v2\/pages\/6056","targetHints":{"allow":["GET"]}}],"collection":[{"href":"https:\/\/prolifeeurope.org\/pl\/wp-json\/wp\/v2\/pages"}],"about":[{"href":"https:\/\/prolifeeurope.org\/pl\/wp-json\/wp\/v2\/types\/page"}],"author":[{"embeddable":true,"href":"https:\/\/prolifeeurope.org\/pl\/wp-json\/wp\/v2\/users\/14"}],"replies":[{"embeddable":true,"href":"https:\/\/prolifeeurope.org\/pl\/wp-json\/wp\/v2\/comments?post=6056"}],"version-history":[{"count":1,"href":"https:\/\/prolifeeurope.org\/pl\/wp-json\/wp\/v2\/pages\/6056\/revisions"}],"predecessor-version":[{"id":6057,"href":"https:\/\/prolifeeurope.org\/pl\/wp-json\/wp\/v2\/pages\/6056\/revisions\/6057"}],"up":[{"embeddable":true,"href":"https:\/\/prolifeeurope.org\/pl\/wp-json\/wp\/v2\/pages\/3710"}],"wp:attachment":[{"href":"https:\/\/prolifeeurope.org\/pl\/wp-json\/wp\/v2\/media?parent=6056"}],"wp:term":[{"taxonomy":"topic","embeddable":true,"href":"https:\/\/prolifeeurope.org\/pl\/wp-json\/wp\/v2\/topic?post=6056"}],"curies":[{"name":"wp","href":"https:\/\/api.w.org\/{rel}","templated":true}]}}