{"id":6054,"date":"2025-01-15T19:20:17","date_gmt":"2025-01-15T18:20:17","guid":{"rendered":"https:\/\/prolifeeurope.org\/baza-wiedzy\/historia-aborcji\/"},"modified":"2026-04-17T19:13:05","modified_gmt":"2026-04-17T17:13:05","slug":"historia-aborcji","status":"publish","type":"page","link":"https:\/\/prolifeeurope.org\/pl\/baza-wiedzy\/historia-aborcji\/","title":{"rendered":"Historia aborcji"},"content":{"rendered":"\n<p>Mimo \u017ce w dzisiejszych czasach liczba aborcji stale ro\u015bnie ze wzgl\u0119du na wci\u0105\u017c rozwijaj\u0105ce si\u0119 metody jej przeprowadzania, jej historia si\u0119ga co najmniej czterech tysi\u0119cy lat. Archeologiczne zapisy ze staro\u017cytnych Chin i Egiptu zawieraj\u0105 pierwsze prawa dotycz\u0105ce regulacji rozrodczo\u015bci, kt\u00f3re dopuszcza\u0142y aborcj\u0119 w rzadkich przypadkach, przy u\u017cyciu zi\u00f3\u0142 poronnych. Z drugiej strony stosowano surowe kary, gdy ci\u0105\u017ca by\u0142a przerywana przez kobiet\u0119 bez zgody jej m\u0119\u017ca.  <sup>[1]<\/sup><br\/><br\/>Obywatele staro\u017cytnego Rzymu oraz greckich polis r\u00f3wnie\u017c przerywali \u017cycia dzieci przed narodzeniem. Opracowano tu szeroki wachlarz ingerencji aborcyjnych, kt\u00f3re by\u0142y powszechnie stosowane. Nawet pisma znanych filozof\u00f3w, takich jak Platon, Hipokrates i inni, przedstawiaj\u0105 r\u00f3\u017cnorodne techniki wywo\u0142ywania planowanych poronie\u0144. Przyk\u0142ady obejmuj\u0105 spo\u017cywanie sylfionu (niezidentyfikowanej ro\u015bliny historycznej) lub kokornaku (Aristolochia), u\u017cywanie kiret, g\u0142od\u00f3wki, k\u0105piele zio\u0142owe oraz uciskanie okolic brzucha w celu wydalenia martwych cz\u0119\u015bci nienarodzonego dziecka.<sup>[2]<\/sup><br\/>Mimo to przerywanie ci\u0105\u017cy by\u0142o najcz\u0119\u015bciej praktykowane w \u015brodowisku prostytucji i by\u0142o postrzegane przez pa\u0144stwo rzymskie jako z\u0142e zachowanie spo\u0142eczne oraz naruszenie praw rodzicielskich. W zwi\u0105zku z tym czasowe wygnanie by\u0142o powszechn\u0105 kar\u0105 dla lekarzy i po\u0142o\u017cnych, kt\u00f3rzy podawali \u015brodki zawieraj\u0105ce ro\u015bliny o dzia\u0142aniu poronnym, szczeg\u00f3lnie w pierwszych miesi\u0105cach ci\u0105\u017cy, zanim mo\u017cna by\u0142o odczu\u0107 pierwsze ruchy nienarodzonego dziecka.    <sup>[3]<\/sup><br\/><br\/>Takie praktyki nie usta\u0142y w \u015bredniowieczu i przetrwa\u0142y a\u017c do czas\u00f3w nowo\u017cytnych. XIX wiek by\u0142 okresem surowych regulacji przeciwko aborcji \u2014 od pocz\u0119cia a\u017c do narodzin \u2014 ze wzgl\u0119du na wysok\u0105 \u015bmiertelno\u015b\u0107 zwi\u0105zanych z ni\u0105 ingerencji chirurgicznych oraz demonizowanie tzw. \u201enielegalnych aborcjonist\u00f3w\u201d. Wraz z rozwojem wczesnego feminizmu pod koniec XIX i na pocz\u0105tku XX wieku istnia\u0142y dzia\u0142aczki feministyczne, kt\u00f3re wyst\u0105pywa\u0142y przeciw aborcji, takie jak Elizabeth Cady Stanton i Susan B. Anthony, poniewa\u017c uwa\u017ca\u0142y, \u017ce jest stosowana z powodu problem\u00f3w spo\u0142ecznych, kt\u00f3re powinny by\u0107 przez spo\u0142ecze\u0144stwo rozwi\u0105zane.  <sup>[4]<\/sup><br\/><br\/>Historia aborcji w czasach wsp\u00f3\u0142czesnych rozpoczyna si\u0119 w latach 20. i 30. XX wieku wraz z pierwsz\u0105 masow\u0105 produkcj\u0105 tabletek aborcyjnych przez r\u00f3\u017cne firmy oraz pierwszymi przepisami dopuszczaj\u0105cymi aborcj\u0119 w celu ochrony \u017cycia matki. Pierwszym krajem na terytorium Europy by\u0142a Rosyjska Federacyjna Socjalistyczna Republika Radziecka (RSFSR) w 1920 roku, co doprowadzi\u0142o do jej legalizacji w wielu krajach Europy Wschodniej w latach 50.[5]<br\/>Nazistowskie Niemcy przeprowadza\u0142y aborcj\u0119 z powod\u00f3w eugenicznych, takich jak niepe\u0142nosprawno\u015b\u0107 dzieci czy pochodzenie z \u201eniearyjskiej\u201d populacji.[6] Wi\u0119kszo\u015b\u0107 kraj\u00f3w Europy Zachodniej \u2014 pocz\u0105wszy od Wielkiej Brytanii \u2014 zalegalizowa\u0142a aborcj\u0119 w latach 70., 80. i 90. jako jeden z rezultat\u00f3w protest\u00f3w roku 1968. Niedawno, w 2024 roku, pa\u0144stwo francuskie zdecydowa\u0142o o wpisaniu aborcji do swojej konstytucji jako \u201eprawa obywatelskiego&#8221;.  <\/p>\n\n<hr class=\"wp-block-separator has-alpha-channel-opacity\"\/>\n\n<p class=\"has-small-font-size\"><strong>[1]<\/strong> Joffe, Carole (April 3rd, 2009): Abortion and Medicine: A Sociopolitical History. Management of Inintended and Abnormal Pregnancy: Comprehensive Abortion Care (pp. 1-9). <a href=\"https:\/\/onlinelibrary.wiley.com\/doi\/abs\/10.1002\/9781444313031.ch1\" target=\"_blank\" rel=\"noreferrer noopener\">https:\/\/onlinelibrary.wiley.com\/doi\/abs\/10.1002\/9781444313031.ch1<\/a>. <br\/><strong>[2]<\/strong> Klotz, John William (1973): A Christian View of Abortion<br\/><strong>[3]<\/strong> Sallares, J. Robert (2003): &#8222;abortion&#8221;, in Hornblower, Simon; Spawforth, Anthony (eds.), The Oxford Classical Dictionary (3rd ed 19).<br\/><strong>[4]<\/strong> Anthony, Susan B. (1869): The Revolution. <a href=\"https:\/\/web.archive.org\/web\/20190319124548\/http:\/www.prolifequakers.org\/susanb.htm\" target=\"_blank\" rel=\"noreferrer noopener\">https:\/\/web.archive.org\/web\/20190319124548\/http:\/www.prolifequakers.org\/susanb.htm<\/a>.<br\/><strong>[5]<\/strong> Heer, David (1965): Abortion, Contraception, and Population Policy in the Soviet Union (pp.531-539).<br\/><strong>[6]<\/strong> Trials of War Criminals Before The Nurenberg Military Tribunals Unter Control Council Law No. 10 (1947): <a href=\"https:\/\/www.loc.gov\/item\/2011525364_NT_war-criminals_Vol-IV\" target=\"_blank\" rel=\"noreferrer noopener\">https:\/\/www.loc.gov\/item\/2011525364_NT_war-criminals_Vol-IV<\/a> (pp. 609f).<\/p>\n\n<p><\/p>\n","protected":false},"excerpt":{"rendered":"<p>Mimo \u017ce w dzisiejszych czasach liczba aborcji stale ro\u015bnie ze wzgl\u0119du na wci\u0105\u017c rozwijaj\u0105ce si\u0119 metody jej przeprowadzania, jej historia si\u0119ga co najmniej czterech tysi\u0119cy lat. Archeologiczne zapisy ze staro\u017cytnych<a href=\"https:\/\/prolifeeurope.org\/pl\/baza-wiedzy\/historia-aborcji\/\">Continue reading <span class=\"sr-only\">&#8222;Historia aborcji&#8221;<\/span><\/a><\/p>\n","protected":false},"author":14,"featured_media":0,"parent":3710,"menu_order":0,"comment_status":"closed","ping_status":"closed","template":"page-topic.php","meta":{"_acf_changed":false,"_monsterinsights_skip_tracking":false,"_monsterinsights_sitenote_active":false,"_monsterinsights_sitenote_note":"","_monsterinsights_sitenote_category":0,"footnotes":""},"topic":[],"class_list":["post-6054","page","type-page","status-publish","hentry"],"acf":[],"yoast_head":"<!-- This site is optimized with the Yoast SEO plugin v27.2 - https:\/\/yoast.com\/product\/yoast-seo-wordpress\/ -->\n<title>Historia aborcji - ProLife Europe<\/title>\n<meta name=\"description\" content=\"Historia aborcji si\u0119ga co najmniej czterech tysi\u0119cy lat wstecz. Jak by\u0142a postrzegana przez spo\u0142ecze\u0144stwa na przestrzeni wiek\u00f3w?\" \/>\n<meta name=\"robots\" content=\"index, follow, max-snippet:-1, max-image-preview:large, max-video-preview:-1\" \/>\n<link rel=\"canonical\" href=\"https:\/\/prolifeeurope.org\/pl\/baza-wiedzy\/historia-aborcji\/\" \/>\n<meta property=\"og:locale\" content=\"pl_PL\" \/>\n<meta property=\"og:type\" content=\"article\" \/>\n<meta property=\"og:title\" content=\"Historia aborcji - ProLife Europe\" \/>\n<meta property=\"og:description\" content=\"Historia aborcji si\u0119ga co najmniej czterech tysi\u0119cy lat wstecz. Jak by\u0142a postrzegana przez spo\u0142ecze\u0144stwa na przestrzeni wiek\u00f3w?\" \/>\n<meta property=\"og:url\" content=\"https:\/\/prolifeeurope.org\/pl\/baza-wiedzy\/historia-aborcji\/\" \/>\n<meta property=\"og:site_name\" content=\"ProLife Europe\" \/>\n<meta property=\"article:publisher\" content=\"https:\/\/www.facebook.com\/ProLifeEurope\/\" \/>\n<meta property=\"article:modified_time\" content=\"2026-04-17T17:13:05+00:00\" \/>\n<meta name=\"twitter:card\" content=\"summary_large_image\" \/>\n<meta name=\"twitter:label1\" content=\"Szacowany czas czytania\" \/>\n\t<meta name=\"twitter:data1\" content=\"3 minuta\" \/>\n<script type=\"application\/ld+json\" class=\"yoast-schema-graph\">{\"@context\":\"https:\/\/schema.org\",\"@graph\":[{\"@type\":\"WebPage\",\"@id\":\"https:\/\/prolifeeurope.org\/pl\/baza-wiedzy\/historia-aborcji\/\",\"url\":\"https:\/\/prolifeeurope.org\/pl\/baza-wiedzy\/historia-aborcji\/\",\"name\":\"Historia aborcji - ProLife Europe\",\"isPartOf\":{\"@id\":\"https:\/\/prolifeeurope.org\/pl\/#website\"},\"datePublished\":\"2025-01-15T18:20:17+00:00\",\"dateModified\":\"2026-04-17T17:13:05+00:00\",\"description\":\"Historia aborcji si\u0119ga co najmniej czterech tysi\u0119cy lat wstecz. Jak by\u0142a postrzegana przez spo\u0142ecze\u0144stwa na przestrzeni wiek\u00f3w?\",\"breadcrumb\":{\"@id\":\"https:\/\/prolifeeurope.org\/pl\/baza-wiedzy\/historia-aborcji\/#breadcrumb\"},\"inLanguage\":\"pl-PL\",\"potentialAction\":[{\"@type\":\"ReadAction\",\"target\":[\"https:\/\/prolifeeurope.org\/pl\/baza-wiedzy\/historia-aborcji\/\"]}]},{\"@type\":\"BreadcrumbList\",\"@id\":\"https:\/\/prolifeeurope.org\/pl\/baza-wiedzy\/historia-aborcji\/#breadcrumb\",\"itemListElement\":[{\"@type\":\"ListItem\",\"position\":1,\"name\":\"Home\",\"item\":\"https:\/\/prolifeeurope.org\/pl\/\"},{\"@type\":\"ListItem\",\"position\":2,\"name\":\"Baza wiedzy\",\"item\":\"https:\/\/prolifeeurope.org\/pl\/baza-wiedzy\/\"},{\"@type\":\"ListItem\",\"position\":3,\"name\":\"Historia aborcji\"}]},{\"@type\":\"WebSite\",\"@id\":\"https:\/\/prolifeeurope.org\/pl\/#website\",\"url\":\"https:\/\/prolifeeurope.org\/pl\/\",\"name\":\"ProLife Europe\",\"description\":\"\",\"publisher\":{\"@id\":\"https:\/\/prolifeeurope.org\/pl\/#organization\"},\"potentialAction\":[{\"@type\":\"SearchAction\",\"target\":{\"@type\":\"EntryPoint\",\"urlTemplate\":\"https:\/\/prolifeeurope.org\/pl\/?s={search_term_string}\"},\"query-input\":{\"@type\":\"PropertyValueSpecification\",\"valueRequired\":true,\"valueName\":\"search_term_string\"}}],\"inLanguage\":\"pl-PL\"},{\"@type\":\"Organization\",\"@id\":\"https:\/\/prolifeeurope.org\/pl\/#organization\",\"name\":\"ProLife Europe\",\"url\":\"https:\/\/prolifeeurope.org\/pl\/\",\"logo\":{\"@type\":\"ImageObject\",\"inLanguage\":\"pl-PL\",\"@id\":\"https:\/\/prolifeeurope.org\/pl\/#\/schema\/logo\/image\/\",\"url\":\"https:\/\/prolifeeurope.org\/wp-content\/uploads\/2024\/11\/logo-3.svg\",\"contentUrl\":\"https:\/\/prolifeeurope.org\/wp-content\/uploads\/2024\/11\/logo-3.svg\",\"width\":166,\"height\":170,\"caption\":\"ProLife Europe\"},\"image\":{\"@id\":\"https:\/\/prolifeeurope.org\/pl\/#\/schema\/logo\/image\/\"},\"sameAs\":[\"https:\/\/www.facebook.com\/ProLifeEurope\/\",\"https:\/\/www.instagram.com\/prolife_europe\/\",\"https:\/\/www.youtube.com\/channel\/UC7olgmdiSVEHZUiP554XozA\"]}]}<\/script>\n<!-- \/ Yoast SEO plugin. -->","yoast_head_json":{"title":"Historia aborcji - ProLife Europe","description":"Historia aborcji si\u0119ga co najmniej czterech tysi\u0119cy lat wstecz. Jak by\u0142a postrzegana przez spo\u0142ecze\u0144stwa na przestrzeni wiek\u00f3w?","robots":{"index":"index","follow":"follow","max-snippet":"max-snippet:-1","max-image-preview":"max-image-preview:large","max-video-preview":"max-video-preview:-1"},"canonical":"https:\/\/prolifeeurope.org\/pl\/baza-wiedzy\/historia-aborcji\/","og_locale":"pl_PL","og_type":"article","og_title":"Historia aborcji - ProLife Europe","og_description":"Historia aborcji si\u0119ga co najmniej czterech tysi\u0119cy lat wstecz. Jak by\u0142a postrzegana przez spo\u0142ecze\u0144stwa na przestrzeni wiek\u00f3w?","og_url":"https:\/\/prolifeeurope.org\/pl\/baza-wiedzy\/historia-aborcji\/","og_site_name":"ProLife Europe","article_publisher":"https:\/\/www.facebook.com\/ProLifeEurope\/","article_modified_time":"2026-04-17T17:13:05+00:00","twitter_card":"summary_large_image","twitter_misc":{"Szacowany czas czytania":"3 minuta"},"schema":{"@context":"https:\/\/schema.org","@graph":[{"@type":"WebPage","@id":"https:\/\/prolifeeurope.org\/pl\/baza-wiedzy\/historia-aborcji\/","url":"https:\/\/prolifeeurope.org\/pl\/baza-wiedzy\/historia-aborcji\/","name":"Historia aborcji - ProLife Europe","isPartOf":{"@id":"https:\/\/prolifeeurope.org\/pl\/#website"},"datePublished":"2025-01-15T18:20:17+00:00","dateModified":"2026-04-17T17:13:05+00:00","description":"Historia aborcji si\u0119ga co najmniej czterech tysi\u0119cy lat wstecz. Jak by\u0142a postrzegana przez spo\u0142ecze\u0144stwa na przestrzeni wiek\u00f3w?","breadcrumb":{"@id":"https:\/\/prolifeeurope.org\/pl\/baza-wiedzy\/historia-aborcji\/#breadcrumb"},"inLanguage":"pl-PL","potentialAction":[{"@type":"ReadAction","target":["https:\/\/prolifeeurope.org\/pl\/baza-wiedzy\/historia-aborcji\/"]}]},{"@type":"BreadcrumbList","@id":"https:\/\/prolifeeurope.org\/pl\/baza-wiedzy\/historia-aborcji\/#breadcrumb","itemListElement":[{"@type":"ListItem","position":1,"name":"Home","item":"https:\/\/prolifeeurope.org\/pl\/"},{"@type":"ListItem","position":2,"name":"Baza wiedzy","item":"https:\/\/prolifeeurope.org\/pl\/baza-wiedzy\/"},{"@type":"ListItem","position":3,"name":"Historia aborcji"}]},{"@type":"WebSite","@id":"https:\/\/prolifeeurope.org\/pl\/#website","url":"https:\/\/prolifeeurope.org\/pl\/","name":"ProLife Europe","description":"","publisher":{"@id":"https:\/\/prolifeeurope.org\/pl\/#organization"},"potentialAction":[{"@type":"SearchAction","target":{"@type":"EntryPoint","urlTemplate":"https:\/\/prolifeeurope.org\/pl\/?s={search_term_string}"},"query-input":{"@type":"PropertyValueSpecification","valueRequired":true,"valueName":"search_term_string"}}],"inLanguage":"pl-PL"},{"@type":"Organization","@id":"https:\/\/prolifeeurope.org\/pl\/#organization","name":"ProLife Europe","url":"https:\/\/prolifeeurope.org\/pl\/","logo":{"@type":"ImageObject","inLanguage":"pl-PL","@id":"https:\/\/prolifeeurope.org\/pl\/#\/schema\/logo\/image\/","url":"https:\/\/prolifeeurope.org\/wp-content\/uploads\/2024\/11\/logo-3.svg","contentUrl":"https:\/\/prolifeeurope.org\/wp-content\/uploads\/2024\/11\/logo-3.svg","width":166,"height":170,"caption":"ProLife Europe"},"image":{"@id":"https:\/\/prolifeeurope.org\/pl\/#\/schema\/logo\/image\/"},"sameAs":["https:\/\/www.facebook.com\/ProLifeEurope\/","https:\/\/www.instagram.com\/prolife_europe\/","https:\/\/www.youtube.com\/channel\/UC7olgmdiSVEHZUiP554XozA"]}]}},"_links":{"self":[{"href":"https:\/\/prolifeeurope.org\/pl\/wp-json\/wp\/v2\/pages\/6054","targetHints":{"allow":["GET"]}}],"collection":[{"href":"https:\/\/prolifeeurope.org\/pl\/wp-json\/wp\/v2\/pages"}],"about":[{"href":"https:\/\/prolifeeurope.org\/pl\/wp-json\/wp\/v2\/types\/page"}],"author":[{"embeddable":true,"href":"https:\/\/prolifeeurope.org\/pl\/wp-json\/wp\/v2\/users\/14"}],"replies":[{"embeddable":true,"href":"https:\/\/prolifeeurope.org\/pl\/wp-json\/wp\/v2\/comments?post=6054"}],"version-history":[{"count":1,"href":"https:\/\/prolifeeurope.org\/pl\/wp-json\/wp\/v2\/pages\/6054\/revisions"}],"predecessor-version":[{"id":6055,"href":"https:\/\/prolifeeurope.org\/pl\/wp-json\/wp\/v2\/pages\/6054\/revisions\/6055"}],"up":[{"embeddable":true,"href":"https:\/\/prolifeeurope.org\/pl\/wp-json\/wp\/v2\/pages\/3710"}],"wp:attachment":[{"href":"https:\/\/prolifeeurope.org\/pl\/wp-json\/wp\/v2\/media?parent=6054"}],"wp:term":[{"taxonomy":"topic","embeddable":true,"href":"https:\/\/prolifeeurope.org\/pl\/wp-json\/wp\/v2\/topic?post=6054"}],"curies":[{"name":"wp","href":"https:\/\/api.w.org\/{rel}","templated":true}]}}