{"id":6052,"date":"2025-01-15T18:15:32","date_gmt":"2025-01-15T17:15:32","guid":{"rendered":"https:\/\/prolifeeurope.org\/baza-wiedzy\/dzieci-z-niepelnosprawnosciami\/"},"modified":"2026-04-17T19:12:32","modified_gmt":"2026-04-17T17:12:32","slug":"dzieci-z-niepelnosprawnosciami","status":"publish","type":"page","link":"https:\/\/prolifeeurope.org\/pl\/baza-wiedzy\/dzieci-z-niepelnosprawnosciami\/","title":{"rendered":"Dzieci z niepe\u0142nosprawno\u015bciami"},"content":{"rendered":"\n<p>Aborcja cz\u0119sto jest przeprowadzana po tym, gdy lekarze wykryj\u0105 u dziecka mo\u017cliw\u0105 niepe\u0142nosprawno\u015b\u0107. W takich przypadkach m\u00f3wi si\u0119 o aborcji selektywnej. Jest to oczywista dyskryminacja os\u00f3b niepe\u0142nosprawnych. Ka\u017cdej osobie niepe\u0142nosprawnej wysy\u0142a si\u0119 w ten spos\u00f3b komunikat, \u017ce jest ona niepo\u017c\u0105dana w naszym spo\u0142ecze\u0144stwie.  <\/p>\n\n<p>Przerywanie ci\u0105\u017cy ze wzgl\u0119du na niepe\u0142nosprawno\u015b\u0107 dziecka stanowi oczywiste naruszenie wszystkich podstawowych praw cz\u0142owieka oraz deklarowanej powszechnie \u201er\u00f3wno\u015bci\u201d. Jest to niebezpieczny spos\u00f3b my\u015blenia, kt\u00f3ry zakorzeni\u0142 si\u0119 w naszym spo\u0142ecze\u0144stwie, niemal eliminuj\u0105c ca\u0142e grupy ludzi, takie jak osoby z trisomi\u0105 21, czyli zespo\u0142em Downa. Na przyk\u0142ad na Islandii blisko 100% dzieci z zespo\u0142em Downa jest abortowanych, a od pocz\u0105tku lat 2000 rodzi si\u0119 tam rocznie zaledwie dwoje do trojga takich dzieci.*  <\/p>\n\n<p>Kto ma prawo decydowa\u0107, czy kto\u015b zas\u0142uguje na to by \u017cy\u0107, by si\u0119 urodzi\u0107? Nikt nie powinien mie\u0107 prawa, by o tym decydowa\u0107! <\/p>\n\n<p class=\"has-small-font-size\">* <a href=\"https:\/\/www.abc.net.au\/news\/2024-05-01\/iceland-prenatal-testing-down-syndrome-ethics\/103781058\" target=\"_blank\" rel=\"noreferrer noopener\">https:\/\/www.abc.net.au\/news\/2024-05-01\/iceland-prenatal-testing-down-syndrome-ethics\/103781058<\/a><\/p>\n","protected":false},"excerpt":{"rendered":"<p>Aborcja cz\u0119sto jest przeprowadzana po tym, gdy lekarze wykryj\u0105 u dziecka mo\u017cliw\u0105 niepe\u0142nosprawno\u015b\u0107. W takich przypadkach m\u00f3wi si\u0119 o aborcji selektywnej. Jest to oczywista dyskryminacja os\u00f3b niepe\u0142nosprawnych. Ka\u017cdej osobie niepe\u0142nosprawnej<a href=\"https:\/\/prolifeeurope.org\/pl\/baza-wiedzy\/dzieci-z-niepelnosprawnosciami\/\">Continue reading <span class=\"sr-only\">&#8222;Dzieci z niepe\u0142nosprawno\u015bciami&#8221;<\/span><\/a><\/p>\n","protected":false},"author":14,"featured_media":0,"parent":3710,"menu_order":0,"comment_status":"closed","ping_status":"closed","template":"page-topic.php","meta":{"_acf_changed":false,"_monsterinsights_skip_tracking":false,"_monsterinsights_sitenote_active":false,"_monsterinsights_sitenote_note":"","_monsterinsights_sitenote_category":0,"footnotes":""},"topic":[],"class_list":["post-6052","page","type-page","status-publish","hentry"],"acf":[],"yoast_head":"<!-- This site is optimized with the Yoast SEO plugin v27.2 - https:\/\/yoast.com\/product\/yoast-seo-wordpress\/ -->\n<title>Dzieci z niepe\u0142nosprawno\u015bciami - ProLife Europe<\/title>\n<meta name=\"description\" content=\"Aborcja cz\u0119sto jest przeprowadzana, gdy lekarze wykryj\u0105 potencjaln\u0105 niepe\u0142nosprawno\u015b\u0107. Jest to oczywista dyskryminacja niepe\u0142nosprawnych.\" \/>\n<meta name=\"robots\" content=\"index, follow, max-snippet:-1, max-image-preview:large, max-video-preview:-1\" \/>\n<link rel=\"canonical\" href=\"https:\/\/prolifeeurope.org\/pl\/baza-wiedzy\/dzieci-z-niepelnosprawnosciami\/\" \/>\n<meta property=\"og:locale\" content=\"pl_PL\" \/>\n<meta property=\"og:type\" content=\"article\" \/>\n<meta property=\"og:title\" content=\"Dzieci z niepe\u0142nosprawno\u015bciami - ProLife Europe\" \/>\n<meta property=\"og:description\" content=\"Aborcja cz\u0119sto jest przeprowadzana, gdy lekarze wykryj\u0105 potencjaln\u0105 niepe\u0142nosprawno\u015b\u0107. Jest to oczywista dyskryminacja niepe\u0142nosprawnych.\" \/>\n<meta property=\"og:url\" content=\"https:\/\/prolifeeurope.org\/pl\/baza-wiedzy\/dzieci-z-niepelnosprawnosciami\/\" \/>\n<meta property=\"og:site_name\" content=\"ProLife Europe\" \/>\n<meta property=\"article:publisher\" content=\"https:\/\/www.facebook.com\/ProLifeEurope\/\" \/>\n<meta property=\"article:modified_time\" content=\"2026-04-17T17:12:32+00:00\" \/>\n<meta name=\"twitter:card\" content=\"summary_large_image\" \/>\n<meta name=\"twitter:label1\" content=\"Szacowany czas czytania\" \/>\n\t<meta name=\"twitter:data1\" content=\"1 minuta\" \/>\n<script type=\"application\/ld+json\" class=\"yoast-schema-graph\">{\"@context\":\"https:\/\/schema.org\",\"@graph\":[{\"@type\":\"WebPage\",\"@id\":\"https:\/\/prolifeeurope.org\/pl\/baza-wiedzy\/dzieci-z-niepelnosprawnosciami\/\",\"url\":\"https:\/\/prolifeeurope.org\/pl\/baza-wiedzy\/dzieci-z-niepelnosprawnosciami\/\",\"name\":\"Dzieci z niepe\u0142nosprawno\u015bciami - ProLife Europe\",\"isPartOf\":{\"@id\":\"https:\/\/prolifeeurope.org\/pl\/#website\"},\"datePublished\":\"2025-01-15T17:15:32+00:00\",\"dateModified\":\"2026-04-17T17:12:32+00:00\",\"description\":\"Aborcja cz\u0119sto jest przeprowadzana, gdy lekarze wykryj\u0105 potencjaln\u0105 niepe\u0142nosprawno\u015b\u0107. Jest to oczywista dyskryminacja niepe\u0142nosprawnych.\",\"breadcrumb\":{\"@id\":\"https:\/\/prolifeeurope.org\/pl\/baza-wiedzy\/dzieci-z-niepelnosprawnosciami\/#breadcrumb\"},\"inLanguage\":\"pl-PL\",\"potentialAction\":[{\"@type\":\"ReadAction\",\"target\":[\"https:\/\/prolifeeurope.org\/pl\/baza-wiedzy\/dzieci-z-niepelnosprawnosciami\/\"]}]},{\"@type\":\"BreadcrumbList\",\"@id\":\"https:\/\/prolifeeurope.org\/pl\/baza-wiedzy\/dzieci-z-niepelnosprawnosciami\/#breadcrumb\",\"itemListElement\":[{\"@type\":\"ListItem\",\"position\":1,\"name\":\"Home\",\"item\":\"https:\/\/prolifeeurope.org\/pl\/\"},{\"@type\":\"ListItem\",\"position\":2,\"name\":\"Baza wiedzy\",\"item\":\"https:\/\/prolifeeurope.org\/pl\/baza-wiedzy\/\"},{\"@type\":\"ListItem\",\"position\":3,\"name\":\"Dzieci z niepe\u0142nosprawno\u015bciami\"}]},{\"@type\":\"WebSite\",\"@id\":\"https:\/\/prolifeeurope.org\/pl\/#website\",\"url\":\"https:\/\/prolifeeurope.org\/pl\/\",\"name\":\"ProLife Europe\",\"description\":\"\",\"publisher\":{\"@id\":\"https:\/\/prolifeeurope.org\/pl\/#organization\"},\"potentialAction\":[{\"@type\":\"SearchAction\",\"target\":{\"@type\":\"EntryPoint\",\"urlTemplate\":\"https:\/\/prolifeeurope.org\/pl\/?s={search_term_string}\"},\"query-input\":{\"@type\":\"PropertyValueSpecification\",\"valueRequired\":true,\"valueName\":\"search_term_string\"}}],\"inLanguage\":\"pl-PL\"},{\"@type\":\"Organization\",\"@id\":\"https:\/\/prolifeeurope.org\/pl\/#organization\",\"name\":\"ProLife Europe\",\"url\":\"https:\/\/prolifeeurope.org\/pl\/\",\"logo\":{\"@type\":\"ImageObject\",\"inLanguage\":\"pl-PL\",\"@id\":\"https:\/\/prolifeeurope.org\/pl\/#\/schema\/logo\/image\/\",\"url\":\"https:\/\/prolifeeurope.org\/wp-content\/uploads\/2024\/11\/logo-3.svg\",\"contentUrl\":\"https:\/\/prolifeeurope.org\/wp-content\/uploads\/2024\/11\/logo-3.svg\",\"width\":166,\"height\":170,\"caption\":\"ProLife Europe\"},\"image\":{\"@id\":\"https:\/\/prolifeeurope.org\/pl\/#\/schema\/logo\/image\/\"},\"sameAs\":[\"https:\/\/www.facebook.com\/ProLifeEurope\/\",\"https:\/\/www.instagram.com\/prolife_europe\/\",\"https:\/\/www.youtube.com\/channel\/UC7olgmdiSVEHZUiP554XozA\"]}]}<\/script>\n<!-- \/ Yoast SEO plugin. -->","yoast_head_json":{"title":"Dzieci z niepe\u0142nosprawno\u015bciami - ProLife Europe","description":"Aborcja cz\u0119sto jest przeprowadzana, gdy lekarze wykryj\u0105 potencjaln\u0105 niepe\u0142nosprawno\u015b\u0107. Jest to oczywista dyskryminacja niepe\u0142nosprawnych.","robots":{"index":"index","follow":"follow","max-snippet":"max-snippet:-1","max-image-preview":"max-image-preview:large","max-video-preview":"max-video-preview:-1"},"canonical":"https:\/\/prolifeeurope.org\/pl\/baza-wiedzy\/dzieci-z-niepelnosprawnosciami\/","og_locale":"pl_PL","og_type":"article","og_title":"Dzieci z niepe\u0142nosprawno\u015bciami - ProLife Europe","og_description":"Aborcja cz\u0119sto jest przeprowadzana, gdy lekarze wykryj\u0105 potencjaln\u0105 niepe\u0142nosprawno\u015b\u0107. Jest to oczywista dyskryminacja niepe\u0142nosprawnych.","og_url":"https:\/\/prolifeeurope.org\/pl\/baza-wiedzy\/dzieci-z-niepelnosprawnosciami\/","og_site_name":"ProLife Europe","article_publisher":"https:\/\/www.facebook.com\/ProLifeEurope\/","article_modified_time":"2026-04-17T17:12:32+00:00","twitter_card":"summary_large_image","twitter_misc":{"Szacowany czas czytania":"1 minuta"},"schema":{"@context":"https:\/\/schema.org","@graph":[{"@type":"WebPage","@id":"https:\/\/prolifeeurope.org\/pl\/baza-wiedzy\/dzieci-z-niepelnosprawnosciami\/","url":"https:\/\/prolifeeurope.org\/pl\/baza-wiedzy\/dzieci-z-niepelnosprawnosciami\/","name":"Dzieci z niepe\u0142nosprawno\u015bciami - ProLife Europe","isPartOf":{"@id":"https:\/\/prolifeeurope.org\/pl\/#website"},"datePublished":"2025-01-15T17:15:32+00:00","dateModified":"2026-04-17T17:12:32+00:00","description":"Aborcja cz\u0119sto jest przeprowadzana, gdy lekarze wykryj\u0105 potencjaln\u0105 niepe\u0142nosprawno\u015b\u0107. Jest to oczywista dyskryminacja niepe\u0142nosprawnych.","breadcrumb":{"@id":"https:\/\/prolifeeurope.org\/pl\/baza-wiedzy\/dzieci-z-niepelnosprawnosciami\/#breadcrumb"},"inLanguage":"pl-PL","potentialAction":[{"@type":"ReadAction","target":["https:\/\/prolifeeurope.org\/pl\/baza-wiedzy\/dzieci-z-niepelnosprawnosciami\/"]}]},{"@type":"BreadcrumbList","@id":"https:\/\/prolifeeurope.org\/pl\/baza-wiedzy\/dzieci-z-niepelnosprawnosciami\/#breadcrumb","itemListElement":[{"@type":"ListItem","position":1,"name":"Home","item":"https:\/\/prolifeeurope.org\/pl\/"},{"@type":"ListItem","position":2,"name":"Baza wiedzy","item":"https:\/\/prolifeeurope.org\/pl\/baza-wiedzy\/"},{"@type":"ListItem","position":3,"name":"Dzieci z niepe\u0142nosprawno\u015bciami"}]},{"@type":"WebSite","@id":"https:\/\/prolifeeurope.org\/pl\/#website","url":"https:\/\/prolifeeurope.org\/pl\/","name":"ProLife Europe","description":"","publisher":{"@id":"https:\/\/prolifeeurope.org\/pl\/#organization"},"potentialAction":[{"@type":"SearchAction","target":{"@type":"EntryPoint","urlTemplate":"https:\/\/prolifeeurope.org\/pl\/?s={search_term_string}"},"query-input":{"@type":"PropertyValueSpecification","valueRequired":true,"valueName":"search_term_string"}}],"inLanguage":"pl-PL"},{"@type":"Organization","@id":"https:\/\/prolifeeurope.org\/pl\/#organization","name":"ProLife Europe","url":"https:\/\/prolifeeurope.org\/pl\/","logo":{"@type":"ImageObject","inLanguage":"pl-PL","@id":"https:\/\/prolifeeurope.org\/pl\/#\/schema\/logo\/image\/","url":"https:\/\/prolifeeurope.org\/wp-content\/uploads\/2024\/11\/logo-3.svg","contentUrl":"https:\/\/prolifeeurope.org\/wp-content\/uploads\/2024\/11\/logo-3.svg","width":166,"height":170,"caption":"ProLife Europe"},"image":{"@id":"https:\/\/prolifeeurope.org\/pl\/#\/schema\/logo\/image\/"},"sameAs":["https:\/\/www.facebook.com\/ProLifeEurope\/","https:\/\/www.instagram.com\/prolife_europe\/","https:\/\/www.youtube.com\/channel\/UC7olgmdiSVEHZUiP554XozA"]}]}},"_links":{"self":[{"href":"https:\/\/prolifeeurope.org\/pl\/wp-json\/wp\/v2\/pages\/6052","targetHints":{"allow":["GET"]}}],"collection":[{"href":"https:\/\/prolifeeurope.org\/pl\/wp-json\/wp\/v2\/pages"}],"about":[{"href":"https:\/\/prolifeeurope.org\/pl\/wp-json\/wp\/v2\/types\/page"}],"author":[{"embeddable":true,"href":"https:\/\/prolifeeurope.org\/pl\/wp-json\/wp\/v2\/users\/14"}],"replies":[{"embeddable":true,"href":"https:\/\/prolifeeurope.org\/pl\/wp-json\/wp\/v2\/comments?post=6052"}],"version-history":[{"count":1,"href":"https:\/\/prolifeeurope.org\/pl\/wp-json\/wp\/v2\/pages\/6052\/revisions"}],"predecessor-version":[{"id":6053,"href":"https:\/\/prolifeeurope.org\/pl\/wp-json\/wp\/v2\/pages\/6052\/revisions\/6053"}],"up":[{"embeddable":true,"href":"https:\/\/prolifeeurope.org\/pl\/wp-json\/wp\/v2\/pages\/3710"}],"wp:attachment":[{"href":"https:\/\/prolifeeurope.org\/pl\/wp-json\/wp\/v2\/media?parent=6052"}],"wp:term":[{"taxonomy":"topic","embeddable":true,"href":"https:\/\/prolifeeurope.org\/pl\/wp-json\/wp\/v2\/topic?post=6052"}],"curies":[{"name":"wp","href":"https:\/\/api.w.org\/{rel}","templated":true}]}}