{"id":6050,"date":"2025-01-15T18:01:38","date_gmt":"2025-01-15T17:01:38","guid":{"rendered":"https:\/\/prolifeeurope.org\/baza-wiedzy\/aborcja-ratuje-zycie-kobiet\/"},"modified":"2026-04-17T13:35:38","modified_gmt":"2026-04-17T11:35:38","slug":"aborcja-ratuje-zycie-kobiet","status":"publish","type":"page","link":"https:\/\/prolifeeurope.org\/pl\/baza-wiedzy\/aborcja-ratuje-zycie-kobiet\/","title":{"rendered":"Aborcja ratuje \u017cycie kobiet?"},"content":{"rendered":"\n<p>Powa\u017cne schorzenia kobiety w ci\u0105\u017cy \u2014 takie jak nowotw\u00f3r w zaawansowanym stadium \u2014 w \u017cadnych okoliczno\u015bciach nie uzasadniaj\u0105 pozbawienia \u017cycia jej nienarodzonego dziecka. Aborcja nigdy nie jest konieczna, by ratowa\u0107 \u017cycie matki, poniewa\u017c dziecko w jej \u0142onie w \u017caden spos\u00f3b nie przyczynia si\u0119 do pogorszenia jej stanu zdrowia. P\u0142\u00f3d lub zarodek nie jest czynnikiem chorobotw\u00f3rczym, kt\u00f3ry rozwija si\u0119 w macicy w spos\u00f3b niekontrolowany i powoduje rozprzestrzenianie si\u0119 choroby, lecz odr\u0119bn\u0105 istot\u0105 ludzk\u0105 posiadaj\u0105c\u0105 w\u0142asny organizm. Dlatego aborcja jako forma opieki medycznej oraz jako skuteczne narz\u0119dzie leczenia choroby nie jest naukowo ani etycznie uzasadniona.   <\/p>\n\n<p>W 2012 roku wielu lekarzy po\u0142o\u017cnik\u00f3w i ginekolog\u00f3w o pogl\u0105dach pro-life podpisa\u0142o \u201eDubli\u0144sk\u0105 Deklaracj\u0119 o zdrowym macierzy\u0144stwie\u201d*. Deklaracja jasno odr\u00f3\u017cnia aborcj\u0119 od koniecznych zabieg\u00f3w medycznych u chorej matki. W przeciwie\u0144stwie do koncepcji g\u0142oszonych przez wielu lekarzy, zalecaj\u0105cych aborcj\u0119 jako spos\u00f3b leczenia powa\u017cnych chor\u00f3b, deklaracja stwierdza, \u017ce zakaz aborcji w \u017caden spos\u00f3b nie szkodzi opiece zdrowotnej matki.   <\/p>\n\n<p class=\"has-small-font-size\">* <a href=\"https:\/\/www.dublindeclaration.com\/about\/\" target=\"_blank\" rel=\"noreferrer noopener\">https:\/\/www.dublindeclaration.com\/about\/<\/a><\/p>\n","protected":false},"excerpt":{"rendered":"<p>Powa\u017cne schorzenia kobiety w ci\u0105\u017cy \u2014 takie jak nowotw\u00f3r w zaawansowanym stadium \u2014 w \u017cadnych okoliczno\u015bciach nie uzasadniaj\u0105 pozbawienia \u017cycia jej nienarodzonego dziecka. Aborcja nigdy nie jest konieczna, by ratowa\u0107<a href=\"https:\/\/prolifeeurope.org\/pl\/baza-wiedzy\/aborcja-ratuje-zycie-kobiet\/\">Continue reading <span class=\"sr-only\">&#8222;Aborcja ratuje \u017cycie kobiet?&#8221;<\/span><\/a><\/p>\n","protected":false},"author":14,"featured_media":0,"parent":3710,"menu_order":0,"comment_status":"closed","ping_status":"closed","template":"page-topic.php","meta":{"_acf_changed":false,"_monsterinsights_skip_tracking":false,"_monsterinsights_sitenote_active":false,"_monsterinsights_sitenote_note":"","_monsterinsights_sitenote_category":0,"footnotes":""},"topic":[],"class_list":["post-6050","page","type-page","status-publish","hentry"],"acf":[],"yoast_head":"<!-- This site is optimized with the Yoast SEO plugin v27.2 - https:\/\/yoast.com\/product\/yoast-seo-wordpress\/ -->\n<title>Aborcja ratuje \u017cycie kobiet? - ProLife Europe<\/title>\n<meta name=\"description\" content=\"Ka\u017cde \u017cycie ma jednakow\u0105 warto\u015b\u0107 \u2014 niezale\u017cnie od tego, czy jest ju\u017c narodzone, czy jeszcze nienarodzone. Co nale\u017cy bra\u0107 pod uwag\u0119 w sytuacjach zagra\u017caj\u0105cych \u017cyciu matki?\" \/>\n<meta name=\"robots\" content=\"index, follow, max-snippet:-1, max-image-preview:large, max-video-preview:-1\" \/>\n<link rel=\"canonical\" href=\"https:\/\/prolifeeurope.org\/pl\/baza-wiedzy\/aborcja-ratuje-zycie-kobiet\/\" \/>\n<meta property=\"og:locale\" content=\"pl_PL\" \/>\n<meta property=\"og:type\" content=\"article\" \/>\n<meta property=\"og:title\" content=\"Aborcja ratuje \u017cycie kobiet? - ProLife Europe\" \/>\n<meta property=\"og:description\" content=\"Ka\u017cde \u017cycie ma jednakow\u0105 warto\u015b\u0107 \u2014 niezale\u017cnie od tego, czy jest ju\u017c narodzone, czy jeszcze nienarodzone. Co nale\u017cy bra\u0107 pod uwag\u0119 w sytuacjach zagra\u017caj\u0105cych \u017cyciu matki?\" \/>\n<meta property=\"og:url\" content=\"https:\/\/prolifeeurope.org\/pl\/baza-wiedzy\/aborcja-ratuje-zycie-kobiet\/\" \/>\n<meta property=\"og:site_name\" content=\"ProLife Europe\" \/>\n<meta property=\"article:publisher\" content=\"https:\/\/www.facebook.com\/ProLifeEurope\/\" \/>\n<meta property=\"article:modified_time\" content=\"2026-04-17T11:35:38+00:00\" \/>\n<meta name=\"twitter:card\" content=\"summary_large_image\" \/>\n<meta name=\"twitter:label1\" content=\"Szacowany czas czytania\" \/>\n\t<meta name=\"twitter:data1\" content=\"1 minuta\" \/>\n<script type=\"application\/ld+json\" class=\"yoast-schema-graph\">{\"@context\":\"https:\/\/schema.org\",\"@graph\":[{\"@type\":\"WebPage\",\"@id\":\"https:\/\/prolifeeurope.org\/pl\/baza-wiedzy\/aborcja-ratuje-zycie-kobiet\/\",\"url\":\"https:\/\/prolifeeurope.org\/pl\/baza-wiedzy\/aborcja-ratuje-zycie-kobiet\/\",\"name\":\"Aborcja ratuje \u017cycie kobiet? - ProLife Europe\",\"isPartOf\":{\"@id\":\"https:\/\/prolifeeurope.org\/pl\/#website\"},\"datePublished\":\"2025-01-15T17:01:38+00:00\",\"dateModified\":\"2026-04-17T11:35:38+00:00\",\"description\":\"Ka\u017cde \u017cycie ma jednakow\u0105 warto\u015b\u0107 \u2014 niezale\u017cnie od tego, czy jest ju\u017c narodzone, czy jeszcze nienarodzone. Co nale\u017cy bra\u0107 pod uwag\u0119 w sytuacjach zagra\u017caj\u0105cych \u017cyciu matki?\",\"breadcrumb\":{\"@id\":\"https:\/\/prolifeeurope.org\/pl\/baza-wiedzy\/aborcja-ratuje-zycie-kobiet\/#breadcrumb\"},\"inLanguage\":\"pl-PL\",\"potentialAction\":[{\"@type\":\"ReadAction\",\"target\":[\"https:\/\/prolifeeurope.org\/pl\/baza-wiedzy\/aborcja-ratuje-zycie-kobiet\/\"]}]},{\"@type\":\"BreadcrumbList\",\"@id\":\"https:\/\/prolifeeurope.org\/pl\/baza-wiedzy\/aborcja-ratuje-zycie-kobiet\/#breadcrumb\",\"itemListElement\":[{\"@type\":\"ListItem\",\"position\":1,\"name\":\"Home\",\"item\":\"https:\/\/prolifeeurope.org\/pl\/\"},{\"@type\":\"ListItem\",\"position\":2,\"name\":\"Baza wiedzy\",\"item\":\"https:\/\/prolifeeurope.org\/pl\/baza-wiedzy\/\"},{\"@type\":\"ListItem\",\"position\":3,\"name\":\"Aborcja ratuje \u017cycie kobiet?\"}]},{\"@type\":\"WebSite\",\"@id\":\"https:\/\/prolifeeurope.org\/pl\/#website\",\"url\":\"https:\/\/prolifeeurope.org\/pl\/\",\"name\":\"ProLife Europe\",\"description\":\"\",\"publisher\":{\"@id\":\"https:\/\/prolifeeurope.org\/pl\/#organization\"},\"potentialAction\":[{\"@type\":\"SearchAction\",\"target\":{\"@type\":\"EntryPoint\",\"urlTemplate\":\"https:\/\/prolifeeurope.org\/pl\/?s={search_term_string}\"},\"query-input\":{\"@type\":\"PropertyValueSpecification\",\"valueRequired\":true,\"valueName\":\"search_term_string\"}}],\"inLanguage\":\"pl-PL\"},{\"@type\":\"Organization\",\"@id\":\"https:\/\/prolifeeurope.org\/pl\/#organization\",\"name\":\"ProLife Europe\",\"url\":\"https:\/\/prolifeeurope.org\/pl\/\",\"logo\":{\"@type\":\"ImageObject\",\"inLanguage\":\"pl-PL\",\"@id\":\"https:\/\/prolifeeurope.org\/pl\/#\/schema\/logo\/image\/\",\"url\":\"https:\/\/prolifeeurope.org\/wp-content\/uploads\/2024\/11\/logo-3.svg\",\"contentUrl\":\"https:\/\/prolifeeurope.org\/wp-content\/uploads\/2024\/11\/logo-3.svg\",\"width\":166,\"height\":170,\"caption\":\"ProLife Europe\"},\"image\":{\"@id\":\"https:\/\/prolifeeurope.org\/pl\/#\/schema\/logo\/image\/\"},\"sameAs\":[\"https:\/\/www.facebook.com\/ProLifeEurope\/\",\"https:\/\/www.instagram.com\/prolife_europe\/\",\"https:\/\/www.youtube.com\/channel\/UC7olgmdiSVEHZUiP554XozA\"]}]}<\/script>\n<!-- \/ Yoast SEO plugin. -->","yoast_head_json":{"title":"Aborcja ratuje \u017cycie kobiet? - ProLife Europe","description":"Ka\u017cde \u017cycie ma jednakow\u0105 warto\u015b\u0107 \u2014 niezale\u017cnie od tego, czy jest ju\u017c narodzone, czy jeszcze nienarodzone. Co nale\u017cy bra\u0107 pod uwag\u0119 w sytuacjach zagra\u017caj\u0105cych \u017cyciu matki?","robots":{"index":"index","follow":"follow","max-snippet":"max-snippet:-1","max-image-preview":"max-image-preview:large","max-video-preview":"max-video-preview:-1"},"canonical":"https:\/\/prolifeeurope.org\/pl\/baza-wiedzy\/aborcja-ratuje-zycie-kobiet\/","og_locale":"pl_PL","og_type":"article","og_title":"Aborcja ratuje \u017cycie kobiet? - ProLife Europe","og_description":"Ka\u017cde \u017cycie ma jednakow\u0105 warto\u015b\u0107 \u2014 niezale\u017cnie od tego, czy jest ju\u017c narodzone, czy jeszcze nienarodzone. Co nale\u017cy bra\u0107 pod uwag\u0119 w sytuacjach zagra\u017caj\u0105cych \u017cyciu matki?","og_url":"https:\/\/prolifeeurope.org\/pl\/baza-wiedzy\/aborcja-ratuje-zycie-kobiet\/","og_site_name":"ProLife Europe","article_publisher":"https:\/\/www.facebook.com\/ProLifeEurope\/","article_modified_time":"2026-04-17T11:35:38+00:00","twitter_card":"summary_large_image","twitter_misc":{"Szacowany czas czytania":"1 minuta"},"schema":{"@context":"https:\/\/schema.org","@graph":[{"@type":"WebPage","@id":"https:\/\/prolifeeurope.org\/pl\/baza-wiedzy\/aborcja-ratuje-zycie-kobiet\/","url":"https:\/\/prolifeeurope.org\/pl\/baza-wiedzy\/aborcja-ratuje-zycie-kobiet\/","name":"Aborcja ratuje \u017cycie kobiet? - ProLife Europe","isPartOf":{"@id":"https:\/\/prolifeeurope.org\/pl\/#website"},"datePublished":"2025-01-15T17:01:38+00:00","dateModified":"2026-04-17T11:35:38+00:00","description":"Ka\u017cde \u017cycie ma jednakow\u0105 warto\u015b\u0107 \u2014 niezale\u017cnie od tego, czy jest ju\u017c narodzone, czy jeszcze nienarodzone. Co nale\u017cy bra\u0107 pod uwag\u0119 w sytuacjach zagra\u017caj\u0105cych \u017cyciu matki?","breadcrumb":{"@id":"https:\/\/prolifeeurope.org\/pl\/baza-wiedzy\/aborcja-ratuje-zycie-kobiet\/#breadcrumb"},"inLanguage":"pl-PL","potentialAction":[{"@type":"ReadAction","target":["https:\/\/prolifeeurope.org\/pl\/baza-wiedzy\/aborcja-ratuje-zycie-kobiet\/"]}]},{"@type":"BreadcrumbList","@id":"https:\/\/prolifeeurope.org\/pl\/baza-wiedzy\/aborcja-ratuje-zycie-kobiet\/#breadcrumb","itemListElement":[{"@type":"ListItem","position":1,"name":"Home","item":"https:\/\/prolifeeurope.org\/pl\/"},{"@type":"ListItem","position":2,"name":"Baza wiedzy","item":"https:\/\/prolifeeurope.org\/pl\/baza-wiedzy\/"},{"@type":"ListItem","position":3,"name":"Aborcja ratuje \u017cycie kobiet?"}]},{"@type":"WebSite","@id":"https:\/\/prolifeeurope.org\/pl\/#website","url":"https:\/\/prolifeeurope.org\/pl\/","name":"ProLife Europe","description":"","publisher":{"@id":"https:\/\/prolifeeurope.org\/pl\/#organization"},"potentialAction":[{"@type":"SearchAction","target":{"@type":"EntryPoint","urlTemplate":"https:\/\/prolifeeurope.org\/pl\/?s={search_term_string}"},"query-input":{"@type":"PropertyValueSpecification","valueRequired":true,"valueName":"search_term_string"}}],"inLanguage":"pl-PL"},{"@type":"Organization","@id":"https:\/\/prolifeeurope.org\/pl\/#organization","name":"ProLife Europe","url":"https:\/\/prolifeeurope.org\/pl\/","logo":{"@type":"ImageObject","inLanguage":"pl-PL","@id":"https:\/\/prolifeeurope.org\/pl\/#\/schema\/logo\/image\/","url":"https:\/\/prolifeeurope.org\/wp-content\/uploads\/2024\/11\/logo-3.svg","contentUrl":"https:\/\/prolifeeurope.org\/wp-content\/uploads\/2024\/11\/logo-3.svg","width":166,"height":170,"caption":"ProLife Europe"},"image":{"@id":"https:\/\/prolifeeurope.org\/pl\/#\/schema\/logo\/image\/"},"sameAs":["https:\/\/www.facebook.com\/ProLifeEurope\/","https:\/\/www.instagram.com\/prolife_europe\/","https:\/\/www.youtube.com\/channel\/UC7olgmdiSVEHZUiP554XozA"]}]}},"_links":{"self":[{"href":"https:\/\/prolifeeurope.org\/pl\/wp-json\/wp\/v2\/pages\/6050","targetHints":{"allow":["GET"]}}],"collection":[{"href":"https:\/\/prolifeeurope.org\/pl\/wp-json\/wp\/v2\/pages"}],"about":[{"href":"https:\/\/prolifeeurope.org\/pl\/wp-json\/wp\/v2\/types\/page"}],"author":[{"embeddable":true,"href":"https:\/\/prolifeeurope.org\/pl\/wp-json\/wp\/v2\/users\/14"}],"replies":[{"embeddable":true,"href":"https:\/\/prolifeeurope.org\/pl\/wp-json\/wp\/v2\/comments?post=6050"}],"version-history":[{"count":1,"href":"https:\/\/prolifeeurope.org\/pl\/wp-json\/wp\/v2\/pages\/6050\/revisions"}],"predecessor-version":[{"id":6051,"href":"https:\/\/prolifeeurope.org\/pl\/wp-json\/wp\/v2\/pages\/6050\/revisions\/6051"}],"up":[{"embeddable":true,"href":"https:\/\/prolifeeurope.org\/pl\/wp-json\/wp\/v2\/pages\/3710"}],"wp:attachment":[{"href":"https:\/\/prolifeeurope.org\/pl\/wp-json\/wp\/v2\/media?parent=6050"}],"wp:term":[{"taxonomy":"topic","embeddable":true,"href":"https:\/\/prolifeeurope.org\/pl\/wp-json\/wp\/v2\/topic?post=6050"}],"curies":[{"name":"wp","href":"https:\/\/api.w.org\/{rel}","templated":true}]}}