{"id":6046,"date":"2025-01-15T12:59:54","date_gmt":"2025-01-15T11:59:54","guid":{"rendered":"https:\/\/prolifeeurope.org\/baza-wiedzy\/procedury-aborcyjne\/"},"modified":"2026-04-17T16:05:21","modified_gmt":"2026-04-17T14:05:21","slug":"procedury-aborcyjne","status":"publish","type":"page","link":"https:\/\/prolifeeurope.org\/pl\/baza-wiedzy\/procedury-aborcyjne\/","title":{"rendered":"Procedury aborcyjne"},"content":{"rendered":"\n<h3 class=\"wp-block-heading\">Aborcja chemiczna (pigu\u0142kowa)<\/h3>\n\n<p>Aborcja chemiczna przeprowadzana jest we wczesnych etapach ci\u0105\u017cy (zwykle do 7. tygodnia od pocz\u0119cia, cho\u0107 ramy czasowe r\u00f3\u017cni\u0105 si\u0119 w zale\u017cno\u015bci od kraju. Niekt\u00f3rzy lekarze stosuj\u0105 j\u0105 poza wskazaniami w p\u00f3\u017aniejszym okresie ci\u0105\u017cy). Matce podaje si\u0119 zazwyczaj dwa preparaty \u2014 mifepriston i misoprostol. Pierwszy z nich, mifepriston, przyjmuje ona, by rozpocz\u0105\u0107 proces aborcji.  <\/p>\n\n<p>Mifepriston zatrzymuje w organizmie matki produkcj\u0119 hormonu progesteronu i powoduje \u017ce organizm \u201euznaje\u201d, i\u017c ona nie jest ju\u017c w ci\u0105\u017cy. W rezultacie organizm przestaje dostarcza\u0107 zarodkowi tlen i sk\u0142adniki od\u017cywcze. Zarodek obumiera w macicy. Kobieta musi odczeka\u0107 od 48 do 72 godzin, w zale\u017cno\u015bci od kraju, w kt\u00f3rym mieszka, nast\u0119pnie mo\u017ce przyj\u0105\u0107 drug\u0105 tabletk\u0119 \u2014 misoprostol. Ta substacja powoduje bardzo silne krwawienie, podczas kt\u00f3rego obumar\u0142y zarodek zostaje wydalony z macicy wraz z \u0142o\u017cyskiem i reszt\u0105 tkanki ci\u0105\u017cowej.     <\/p>\n\n<p>Czasami kobietom podaje si\u0119 bezpo\u015brednio drug\u0105 tabletk\u0119 \u2014 misoprostol, co oznacza, \u017ce proces aborcji rozpoczyna si\u0119 od razu krwawieniem, kt\u00f3re powoduje wydalenie zarodka z macicy, podczas kt\u00f3rego dochodzi do jego obumarcia.<\/p>\n\n<h3 class=\"wp-block-heading\">Aborcja chirurgiczna<\/h3>\n\n<p>Ta metoda przeprowadzana jest zwykle do oko\u0142o 18. tygodnia od pocz\u0119cia (ramy czasowe r\u00f3\u017cni\u0105 si\u0119 w zale\u017cno\u015bci od kraju). Kobieta jest poddawana znieczuleniu miejscowemu lub og\u00f3lnemu. Nast\u0119pnie lekarz rozszerza pochw\u0119 i szyjk\u0119 macicy, aby wprowadzi\u0107 do macicy rurk\u0119 ss\u0105c\u0105. Przy u\u017cyciu aparatu ss\u0105cego usuwa zawarto\u015b\u0107 macicy. Poniewa\u017c ko\u015bci p\u0142odu s\u0105 ju\u017c ukszta\u0142towane, ale nadal s\u0142abe i kruche, mo\u017ce doj\u015b\u0107 do ich rozpadu podczas tego procesu. Nast\u0119pnie wykonuje si\u0119 \u0142y\u017ceczkowanie, czyli oczyszczenie jamy macicy z pozosta\u0142ych tkanek.     <\/p>\n\n<h3 class=\"wp-block-heading\">P\u00f3\u017ana aborcja<\/h3>\n\n<p>Je\u015bli proces aborcji jest przeprowadzany w drugiej po\u0142owie drugiego trymestru lub w trzecim trymestrze, okre\u015bla si\u0119 go jako \u201ep\u00f3\u017an\u0105 aborcj\u0119\u201d. Kobiecie podaje si\u0119 lek wywo\u0142uj\u0105cy por\u00f3d (misoprostol \u2014 taki sam jak w przypadku aborcji farmakologicznej, lecz w wy\u017cszej dawce). Poniewa\u017c p\u0142\u00f3d jest jeszcze niedostatecznie rozwini\u0119ty, zak\u0142ada si\u0119, \u017ce nie prze\u017cyje sztucznie wywo\u0142anego przedwczesnego porodu.   <\/p>\n\n<p class=\"is-style-default\">W celu zapobie\u017cenia \u017cywego urodzenia dziecka podczas p\u00f3\u017anej aborcji, najpierw wstrzykuje si\u0119 do jego serca chlorek potasu, aby doprowadzi\u0107 do jego \u015bmierci w \u0142onie matki. Nast\u0119pnie podaje si\u0119 matce lek wywo\u0142uj\u0105cy skurcze, by mog\u0142a urodzi\u0107 martwe dziecko. <\/p>\n\n<p><\/p>\n","protected":false},"excerpt":{"rendered":"<p>Aborcja chemiczna (pigu\u0142kowa) Aborcja chemiczna przeprowadzana jest we wczesnych etapach ci\u0105\u017cy (zwykle do 7. tygodnia od pocz\u0119cia, cho\u0107 ramy czasowe r\u00f3\u017cni\u0105 si\u0119 w zale\u017cno\u015bci od kraju. Niekt\u00f3rzy lekarze stosuj\u0105 j\u0105<a href=\"https:\/\/prolifeeurope.org\/pl\/baza-wiedzy\/procedury-aborcyjne\/\">Continue reading <span class=\"sr-only\">&#8222;Procedury aborcyjne&#8221;<\/span><\/a><\/p>\n","protected":false},"author":14,"featured_media":0,"parent":3710,"menu_order":0,"comment_status":"closed","ping_status":"closed","template":"page-topic.php","meta":{"_acf_changed":false,"_monsterinsights_skip_tracking":false,"_monsterinsights_sitenote_active":false,"_monsterinsights_sitenote_note":"","_monsterinsights_sitenote_category":0,"footnotes":""},"topic":[],"class_list":["post-6046","page","type-page","status-publish","hentry"],"acf":[],"yoast_head":"<!-- This site is optimized with the Yoast SEO plugin v27.2 - https:\/\/yoast.com\/product\/yoast-seo-wordpress\/ -->\n<title>Procedury aborcyjne - ProLife Europe<\/title>\n<meta name=\"description\" content=\"Na r\u00f3\u017cnych etapach rozwoju dzieci\u0105tka stosuje si\u0119 r\u00f3\u017cne metody aborcji. Ka\u017cda z nich ko\u0144czy \u017cycie dziecka w \u0142onie matki.\" \/>\n<meta name=\"robots\" content=\"index, follow, max-snippet:-1, max-image-preview:large, max-video-preview:-1\" \/>\n<link rel=\"canonical\" href=\"https:\/\/prolifeeurope.org\/pl\/baza-wiedzy\/procedury-aborcyjne\/\" \/>\n<meta property=\"og:locale\" content=\"pl_PL\" \/>\n<meta property=\"og:type\" content=\"article\" \/>\n<meta property=\"og:title\" content=\"Procedury aborcyjne - ProLife Europe\" \/>\n<meta property=\"og:description\" content=\"Na r\u00f3\u017cnych etapach rozwoju dzieci\u0105tka stosuje si\u0119 r\u00f3\u017cne metody aborcji. Ka\u017cda z nich ko\u0144czy \u017cycie dziecka w \u0142onie matki.\" \/>\n<meta property=\"og:url\" content=\"https:\/\/prolifeeurope.org\/pl\/baza-wiedzy\/procedury-aborcyjne\/\" \/>\n<meta property=\"og:site_name\" content=\"ProLife Europe\" \/>\n<meta property=\"article:publisher\" content=\"https:\/\/www.facebook.com\/ProLifeEurope\/\" \/>\n<meta property=\"article:modified_time\" content=\"2026-04-17T14:05:21+00:00\" \/>\n<meta name=\"twitter:card\" content=\"summary_large_image\" \/>\n<meta name=\"twitter:label1\" content=\"Szacowany czas czytania\" \/>\n\t<meta name=\"twitter:data1\" content=\"2 minuta\" \/>\n<script type=\"application\/ld+json\" class=\"yoast-schema-graph\">{\"@context\":\"https:\/\/schema.org\",\"@graph\":[{\"@type\":\"WebPage\",\"@id\":\"https:\/\/prolifeeurope.org\/pl\/baza-wiedzy\/procedury-aborcyjne\/\",\"url\":\"https:\/\/prolifeeurope.org\/pl\/baza-wiedzy\/procedury-aborcyjne\/\",\"name\":\"Procedury aborcyjne - ProLife Europe\",\"isPartOf\":{\"@id\":\"https:\/\/prolifeeurope.org\/pl\/#website\"},\"datePublished\":\"2025-01-15T11:59:54+00:00\",\"dateModified\":\"2026-04-17T14:05:21+00:00\",\"description\":\"Na r\u00f3\u017cnych etapach rozwoju dzieci\u0105tka stosuje si\u0119 r\u00f3\u017cne metody aborcji. Ka\u017cda z nich ko\u0144czy \u017cycie dziecka w \u0142onie matki.\",\"breadcrumb\":{\"@id\":\"https:\/\/prolifeeurope.org\/pl\/baza-wiedzy\/procedury-aborcyjne\/#breadcrumb\"},\"inLanguage\":\"pl-PL\",\"potentialAction\":[{\"@type\":\"ReadAction\",\"target\":[\"https:\/\/prolifeeurope.org\/pl\/baza-wiedzy\/procedury-aborcyjne\/\"]}]},{\"@type\":\"BreadcrumbList\",\"@id\":\"https:\/\/prolifeeurope.org\/pl\/baza-wiedzy\/procedury-aborcyjne\/#breadcrumb\",\"itemListElement\":[{\"@type\":\"ListItem\",\"position\":1,\"name\":\"Home\",\"item\":\"https:\/\/prolifeeurope.org\/pl\/\"},{\"@type\":\"ListItem\",\"position\":2,\"name\":\"Baza wiedzy\",\"item\":\"https:\/\/prolifeeurope.org\/pl\/baza-wiedzy\/\"},{\"@type\":\"ListItem\",\"position\":3,\"name\":\"Procedury aborcyjne\"}]},{\"@type\":\"WebSite\",\"@id\":\"https:\/\/prolifeeurope.org\/pl\/#website\",\"url\":\"https:\/\/prolifeeurope.org\/pl\/\",\"name\":\"ProLife Europe\",\"description\":\"\",\"publisher\":{\"@id\":\"https:\/\/prolifeeurope.org\/pl\/#organization\"},\"potentialAction\":[{\"@type\":\"SearchAction\",\"target\":{\"@type\":\"EntryPoint\",\"urlTemplate\":\"https:\/\/prolifeeurope.org\/pl\/?s={search_term_string}\"},\"query-input\":{\"@type\":\"PropertyValueSpecification\",\"valueRequired\":true,\"valueName\":\"search_term_string\"}}],\"inLanguage\":\"pl-PL\"},{\"@type\":\"Organization\",\"@id\":\"https:\/\/prolifeeurope.org\/pl\/#organization\",\"name\":\"ProLife Europe\",\"url\":\"https:\/\/prolifeeurope.org\/pl\/\",\"logo\":{\"@type\":\"ImageObject\",\"inLanguage\":\"pl-PL\",\"@id\":\"https:\/\/prolifeeurope.org\/pl\/#\/schema\/logo\/image\/\",\"url\":\"https:\/\/prolifeeurope.org\/wp-content\/uploads\/2024\/11\/logo-3.svg\",\"contentUrl\":\"https:\/\/prolifeeurope.org\/wp-content\/uploads\/2024\/11\/logo-3.svg\",\"width\":166,\"height\":170,\"caption\":\"ProLife Europe\"},\"image\":{\"@id\":\"https:\/\/prolifeeurope.org\/pl\/#\/schema\/logo\/image\/\"},\"sameAs\":[\"https:\/\/www.facebook.com\/ProLifeEurope\/\",\"https:\/\/www.instagram.com\/prolife_europe\/\",\"https:\/\/www.youtube.com\/channel\/UC7olgmdiSVEHZUiP554XozA\"]}]}<\/script>\n<!-- \/ Yoast SEO plugin. -->","yoast_head_json":{"title":"Procedury aborcyjne - ProLife Europe","description":"Na r\u00f3\u017cnych etapach rozwoju dzieci\u0105tka stosuje si\u0119 r\u00f3\u017cne metody aborcji. Ka\u017cda z nich ko\u0144czy \u017cycie dziecka w \u0142onie matki.","robots":{"index":"index","follow":"follow","max-snippet":"max-snippet:-1","max-image-preview":"max-image-preview:large","max-video-preview":"max-video-preview:-1"},"canonical":"https:\/\/prolifeeurope.org\/pl\/baza-wiedzy\/procedury-aborcyjne\/","og_locale":"pl_PL","og_type":"article","og_title":"Procedury aborcyjne - ProLife Europe","og_description":"Na r\u00f3\u017cnych etapach rozwoju dzieci\u0105tka stosuje si\u0119 r\u00f3\u017cne metody aborcji. Ka\u017cda z nich ko\u0144czy \u017cycie dziecka w \u0142onie matki.","og_url":"https:\/\/prolifeeurope.org\/pl\/baza-wiedzy\/procedury-aborcyjne\/","og_site_name":"ProLife Europe","article_publisher":"https:\/\/www.facebook.com\/ProLifeEurope\/","article_modified_time":"2026-04-17T14:05:21+00:00","twitter_card":"summary_large_image","twitter_misc":{"Szacowany czas czytania":"2 minuta"},"schema":{"@context":"https:\/\/schema.org","@graph":[{"@type":"WebPage","@id":"https:\/\/prolifeeurope.org\/pl\/baza-wiedzy\/procedury-aborcyjne\/","url":"https:\/\/prolifeeurope.org\/pl\/baza-wiedzy\/procedury-aborcyjne\/","name":"Procedury aborcyjne - ProLife Europe","isPartOf":{"@id":"https:\/\/prolifeeurope.org\/pl\/#website"},"datePublished":"2025-01-15T11:59:54+00:00","dateModified":"2026-04-17T14:05:21+00:00","description":"Na r\u00f3\u017cnych etapach rozwoju dzieci\u0105tka stosuje si\u0119 r\u00f3\u017cne metody aborcji. Ka\u017cda z nich ko\u0144czy \u017cycie dziecka w \u0142onie matki.","breadcrumb":{"@id":"https:\/\/prolifeeurope.org\/pl\/baza-wiedzy\/procedury-aborcyjne\/#breadcrumb"},"inLanguage":"pl-PL","potentialAction":[{"@type":"ReadAction","target":["https:\/\/prolifeeurope.org\/pl\/baza-wiedzy\/procedury-aborcyjne\/"]}]},{"@type":"BreadcrumbList","@id":"https:\/\/prolifeeurope.org\/pl\/baza-wiedzy\/procedury-aborcyjne\/#breadcrumb","itemListElement":[{"@type":"ListItem","position":1,"name":"Home","item":"https:\/\/prolifeeurope.org\/pl\/"},{"@type":"ListItem","position":2,"name":"Baza wiedzy","item":"https:\/\/prolifeeurope.org\/pl\/baza-wiedzy\/"},{"@type":"ListItem","position":3,"name":"Procedury aborcyjne"}]},{"@type":"WebSite","@id":"https:\/\/prolifeeurope.org\/pl\/#website","url":"https:\/\/prolifeeurope.org\/pl\/","name":"ProLife Europe","description":"","publisher":{"@id":"https:\/\/prolifeeurope.org\/pl\/#organization"},"potentialAction":[{"@type":"SearchAction","target":{"@type":"EntryPoint","urlTemplate":"https:\/\/prolifeeurope.org\/pl\/?s={search_term_string}"},"query-input":{"@type":"PropertyValueSpecification","valueRequired":true,"valueName":"search_term_string"}}],"inLanguage":"pl-PL"},{"@type":"Organization","@id":"https:\/\/prolifeeurope.org\/pl\/#organization","name":"ProLife Europe","url":"https:\/\/prolifeeurope.org\/pl\/","logo":{"@type":"ImageObject","inLanguage":"pl-PL","@id":"https:\/\/prolifeeurope.org\/pl\/#\/schema\/logo\/image\/","url":"https:\/\/prolifeeurope.org\/wp-content\/uploads\/2024\/11\/logo-3.svg","contentUrl":"https:\/\/prolifeeurope.org\/wp-content\/uploads\/2024\/11\/logo-3.svg","width":166,"height":170,"caption":"ProLife Europe"},"image":{"@id":"https:\/\/prolifeeurope.org\/pl\/#\/schema\/logo\/image\/"},"sameAs":["https:\/\/www.facebook.com\/ProLifeEurope\/","https:\/\/www.instagram.com\/prolife_europe\/","https:\/\/www.youtube.com\/channel\/UC7olgmdiSVEHZUiP554XozA"]}]}},"_links":{"self":[{"href":"https:\/\/prolifeeurope.org\/pl\/wp-json\/wp\/v2\/pages\/6046","targetHints":{"allow":["GET"]}}],"collection":[{"href":"https:\/\/prolifeeurope.org\/pl\/wp-json\/wp\/v2\/pages"}],"about":[{"href":"https:\/\/prolifeeurope.org\/pl\/wp-json\/wp\/v2\/types\/page"}],"author":[{"embeddable":true,"href":"https:\/\/prolifeeurope.org\/pl\/wp-json\/wp\/v2\/users\/14"}],"replies":[{"embeddable":true,"href":"https:\/\/prolifeeurope.org\/pl\/wp-json\/wp\/v2\/comments?post=6046"}],"version-history":[{"count":1,"href":"https:\/\/prolifeeurope.org\/pl\/wp-json\/wp\/v2\/pages\/6046\/revisions"}],"predecessor-version":[{"id":6047,"href":"https:\/\/prolifeeurope.org\/pl\/wp-json\/wp\/v2\/pages\/6046\/revisions\/6047"}],"up":[{"embeddable":true,"href":"https:\/\/prolifeeurope.org\/pl\/wp-json\/wp\/v2\/pages\/3710"}],"wp:attachment":[{"href":"https:\/\/prolifeeurope.org\/pl\/wp-json\/wp\/v2\/media?parent=6046"}],"wp:term":[{"taxonomy":"topic","embeddable":true,"href":"https:\/\/prolifeeurope.org\/pl\/wp-json\/wp\/v2\/topic?post=6046"}],"curies":[{"name":"wp","href":"https:\/\/api.w.org\/{rel}","templated":true}]}}