{"id":6044,"date":"2025-01-15T17:51:48","date_gmt":"2025-01-15T16:51:48","guid":{"rendered":"https:\/\/prolifeeurope.org\/baza-wiedzy\/aborcja-w-kontekscie-antykoncepcji-hormonalnej-oraz-wkladki-wewnatrzmacicznej-spirali-iud\/"},"modified":"2026-04-17T16:01:42","modified_gmt":"2026-04-17T14:01:42","slug":"aborcja-w-kontekscie-antykoncepcji-hormonalnej-oraz-wkladki-wewnatrzmacicznej-spirali-iud","status":"publish","type":"page","link":"https:\/\/prolifeeurope.org\/pl\/baza-wiedzy\/aborcja-w-kontekscie-antykoncepcji-hormonalnej-oraz-wkladki-wewnatrzmacicznej-spirali-iud\/","title":{"rendered":"Aborcja w kontek\u015bcie antykoncepcji hormonalnej oraz wk\u0142adki wewn\u0105trzmacicznej (spirali\/IUD)."},"content":{"rendered":"\n<blockquote class=\"wp-block-quote is-layout-flow wp-block-quote-is-layout-flow\">\n<h3 class=\"wp-block-heading\"><em>\u201eChc\u0105c unikn\u0105\u0107 aborcji, ludzie powinni by\u0107 bardziej ostro\u017cni i stosowa\u0107 antykoncepcj\u0119 i w ten spos\u00f3b zapobiec ci\u0105\u017cy.\u201d<\/em><\/h3>\n<\/blockquote>\n\n<p>Cho\u0107 pogl\u0105d ten jest bardzo rozpowszechniony, jest on zwodny, poniewa\u017c wszystkie hormonalne \u015brodki antykoncepcyjne, a tak\u017ce wk\u0142adka miedziana, prowadz\u0105 do aborcji na najwcze\u015bniejszym etapie ci\u0105\u017cy. W jaki spos\u00f3b? Metody antykoncepcyjne maj\u0105ce na celu zapobieganie zap\u0142odnieniu (g\u0142\u00f3wnie poprzez zag\u0119szczenie \u015bluzu szyjkowego, co utrudnia plemnikom przedostanie si\u0119 do macicy), nie s\u0105 w 100% skuteczne. Je\u015bli dojdzie do zap\u0142odnienia \u2014 rozpoczyna si\u0119 nowe \u017cycie ludzkie. Z powodu zmian w endometrium (wy\u015bci\u00f3\u0142ce macicy) zarodek nie mo\u017ce zagnie\u017adzi\u0107 si\u0119 w macicy; w rezultacie obumiera i zostaje wydalony, a kobieta mo\u017ce nawet nie wiedzie\u0107, \u017ce przez kr\u00f3tki czas by\u0142a w ci\u0105\u017cy.    <\/p>\n\n<p>Wi\u0119cej informacji mo\u017cesz znale\u017a\u0107 na:<\/p>\n\n<p class=\"has-small-font-size\"><a href=\"https:\/\/en.unav.edu\/web\/humanities-and-medical-ethics-unit\/bioethics-material\/las-pildoras-contraceptivas-modernas-incluyen-en-su-mecanismo-de-accion-un-efecto-abortifaciente#gsc.tab=0\" target=\"_blank\" rel=\"noreferrer noopener\">https:\/\/en.unav.edu\/web\/humanities-and-medical-ethics-unit\/bioethics-material\/las-pildoras-contraceptivas-modernas-incluyen-en-su-mecanismo-de-accion-un-efecto-abortifaciente#gsc.tab=0<\/a><\/p>\n\n<p class=\"has-small-font-size\"><a href=\"https:\/\/digitalcommons.cedarville.edu\/cgi\/viewcontent.cgi?article=1050&amp;context=science_and_mathematics_publications\" target=\"_blank\" rel=\"noreferrer noopener\">https:\/\/digitalcommons.cedarville.edu\/cgi\/viewcontent.cgi?article=1050&amp;context=science_and_mathematics_publications<\/a><\/p>\n\n<p class=\"has-small-font-size\"><a href=\"https:\/\/www.hli.org\/resources\/if-you-take-birth-control-while-pregnant-will-it-kill-the-baby\/\" target=\"_blank\" rel=\"noreferrer noopener\">https:\/\/www.hli.org\/resources\/if-you-take-birth-control-while-pregnant-will-it-kill-the-baby\/<\/a><\/p>\n\n<p class=\"has-small-font-size\"><a href=\"https:\/\/www.imabe.org\/imabeinfos\/zur-frage-der-nidationshemmung-oraler-kontrazeptiva\" target=\"_blank\" rel=\"noreferrer noopener\">https:\/\/www.imabe.org\/imabeinfos\/zur-frage-der-nidationshemmung-oraler-kontrazeptiva<\/a><\/p>\n","protected":false},"excerpt":{"rendered":"<p>\u201eChc\u0105c unikn\u0105\u0107 aborcji, ludzie powinni by\u0107 bardziej ostro\u017cni i stosowa\u0107 antykoncepcj\u0119 i w ten spos\u00f3b zapobiec ci\u0105\u017cy.\u201d Cho\u0107 pogl\u0105d ten jest bardzo rozpowszechniony, jest on zwodny, poniewa\u017c wszystkie hormonalne \u015brodki<a href=\"https:\/\/prolifeeurope.org\/pl\/baza-wiedzy\/aborcja-w-kontekscie-antykoncepcji-hormonalnej-oraz-wkladki-wewnatrzmacicznej-spirali-iud\/\">Continue reading <span class=\"sr-only\">&#8222;Aborcja w kontek\u015bcie antykoncepcji hormonalnej oraz wk\u0142adki wewn\u0105trzmacicznej (spirali\/IUD).&#8221;<\/span><\/a><\/p>\n","protected":false},"author":14,"featured_media":0,"parent":3710,"menu_order":0,"comment_status":"closed","ping_status":"closed","template":"page-topic.php","meta":{"_acf_changed":false,"_monsterinsights_skip_tracking":false,"_monsterinsights_sitenote_active":false,"_monsterinsights_sitenote_note":"","_monsterinsights_sitenote_category":0,"footnotes":""},"topic":[],"class_list":["post-6044","page","type-page","status-publish","hentry"],"acf":[],"yoast_head":"<!-- This site is optimized with the Yoast SEO plugin v27.2 - https:\/\/yoast.com\/product\/yoast-seo-wordpress\/ -->\n<title>Aborcja w kontek\u015bcie antykoncepcji hormonalnej oraz wk\u0142adki wewn\u0105trzmacicznej (spirali\/IUD). - ProLife Europe<\/title>\n<meta name=\"description\" content=\"Wszystkie hormonalne \u015brodki antykoncepcyjne, a tak\u017ce miedziana wk\u0142adka wewn\u0105trzmaciczna (IUD), dzia\u0142aj\u0105 nie tylko jako \u015brodki zapobiegaj\u0105ce zap\u0142odnieniu, ale mog\u0105 r\u00f3wnie\u017c wywiera\u0107 efekt antyimplantacyjny (przeciwzagnie\u017cd\u017ceniowy), czyli wczesnoporonny.\" \/>\n<meta name=\"robots\" content=\"index, follow, max-snippet:-1, max-image-preview:large, max-video-preview:-1\" \/>\n<link rel=\"canonical\" href=\"https:\/\/prolifeeurope.org\/pl\/baza-wiedzy\/aborcja-w-kontekscie-antykoncepcji-hormonalnej-oraz-wkladki-wewnatrzmacicznej-spirali-iud\/\" \/>\n<meta property=\"og:locale\" content=\"pl_PL\" \/>\n<meta property=\"og:type\" content=\"article\" \/>\n<meta property=\"og:title\" content=\"Aborcja w kontek\u015bcie antykoncepcji hormonalnej oraz wk\u0142adki wewn\u0105trzmacicznej (spirali\/IUD). - ProLife Europe\" \/>\n<meta property=\"og:description\" content=\"Wszystkie hormonalne \u015brodki antykoncepcyjne, a tak\u017ce miedziana wk\u0142adka wewn\u0105trzmaciczna (IUD), dzia\u0142aj\u0105 nie tylko jako \u015brodki zapobiegaj\u0105ce zap\u0142odnieniu, ale mog\u0105 r\u00f3wnie\u017c wywiera\u0107 efekt antyimplantacyjny (przeciwzagnie\u017cd\u017ceniowy), czyli wczesnoporonny.\" \/>\n<meta property=\"og:url\" content=\"https:\/\/prolifeeurope.org\/pl\/baza-wiedzy\/aborcja-w-kontekscie-antykoncepcji-hormonalnej-oraz-wkladki-wewnatrzmacicznej-spirali-iud\/\" \/>\n<meta property=\"og:site_name\" content=\"ProLife Europe\" \/>\n<meta property=\"article:publisher\" content=\"https:\/\/www.facebook.com\/ProLifeEurope\/\" \/>\n<meta property=\"article:modified_time\" content=\"2026-04-17T14:01:42+00:00\" \/>\n<meta name=\"twitter:card\" content=\"summary_large_image\" \/>\n<meta name=\"twitter:label1\" content=\"Szacowany czas czytania\" \/>\n\t<meta name=\"twitter:data1\" content=\"1 minuta\" \/>\n<script type=\"application\/ld+json\" class=\"yoast-schema-graph\">{\"@context\":\"https:\/\/schema.org\",\"@graph\":[{\"@type\":\"WebPage\",\"@id\":\"https:\/\/prolifeeurope.org\/pl\/baza-wiedzy\/aborcja-w-kontekscie-antykoncepcji-hormonalnej-oraz-wkladki-wewnatrzmacicznej-spirali-iud\/\",\"url\":\"https:\/\/prolifeeurope.org\/pl\/baza-wiedzy\/aborcja-w-kontekscie-antykoncepcji-hormonalnej-oraz-wkladki-wewnatrzmacicznej-spirali-iud\/\",\"name\":\"Aborcja w kontek\u015bcie antykoncepcji hormonalnej oraz wk\u0142adki wewn\u0105trzmacicznej (spirali\/IUD). - ProLife Europe\",\"isPartOf\":{\"@id\":\"https:\/\/prolifeeurope.org\/pl\/#website\"},\"datePublished\":\"2025-01-15T16:51:48+00:00\",\"dateModified\":\"2026-04-17T14:01:42+00:00\",\"description\":\"Wszystkie hormonalne \u015brodki antykoncepcyjne, a tak\u017ce miedziana wk\u0142adka wewn\u0105trzmaciczna (IUD), dzia\u0142aj\u0105 nie tylko jako \u015brodki zapobiegaj\u0105ce zap\u0142odnieniu, ale mog\u0105 r\u00f3wnie\u017c wywiera\u0107 efekt antyimplantacyjny (przeciwzagnie\u017cd\u017ceniowy), czyli wczesnoporonny.\",\"breadcrumb\":{\"@id\":\"https:\/\/prolifeeurope.org\/pl\/baza-wiedzy\/aborcja-w-kontekscie-antykoncepcji-hormonalnej-oraz-wkladki-wewnatrzmacicznej-spirali-iud\/#breadcrumb\"},\"inLanguage\":\"pl-PL\",\"potentialAction\":[{\"@type\":\"ReadAction\",\"target\":[\"https:\/\/prolifeeurope.org\/pl\/baza-wiedzy\/aborcja-w-kontekscie-antykoncepcji-hormonalnej-oraz-wkladki-wewnatrzmacicznej-spirali-iud\/\"]}]},{\"@type\":\"BreadcrumbList\",\"@id\":\"https:\/\/prolifeeurope.org\/pl\/baza-wiedzy\/aborcja-w-kontekscie-antykoncepcji-hormonalnej-oraz-wkladki-wewnatrzmacicznej-spirali-iud\/#breadcrumb\",\"itemListElement\":[{\"@type\":\"ListItem\",\"position\":1,\"name\":\"Home\",\"item\":\"https:\/\/prolifeeurope.org\/pl\/\"},{\"@type\":\"ListItem\",\"position\":2,\"name\":\"Baza wiedzy\",\"item\":\"https:\/\/prolifeeurope.org\/pl\/baza-wiedzy\/\"},{\"@type\":\"ListItem\",\"position\":3,\"name\":\"Aborcja w kontek\u015bcie antykoncepcji hormonalnej oraz wk\u0142adki wewn\u0105trzmacicznej (spirali\/IUD).\"}]},{\"@type\":\"WebSite\",\"@id\":\"https:\/\/prolifeeurope.org\/pl\/#website\",\"url\":\"https:\/\/prolifeeurope.org\/pl\/\",\"name\":\"ProLife Europe\",\"description\":\"\",\"publisher\":{\"@id\":\"https:\/\/prolifeeurope.org\/pl\/#organization\"},\"potentialAction\":[{\"@type\":\"SearchAction\",\"target\":{\"@type\":\"EntryPoint\",\"urlTemplate\":\"https:\/\/prolifeeurope.org\/pl\/?s={search_term_string}\"},\"query-input\":{\"@type\":\"PropertyValueSpecification\",\"valueRequired\":true,\"valueName\":\"search_term_string\"}}],\"inLanguage\":\"pl-PL\"},{\"@type\":\"Organization\",\"@id\":\"https:\/\/prolifeeurope.org\/pl\/#organization\",\"name\":\"ProLife Europe\",\"url\":\"https:\/\/prolifeeurope.org\/pl\/\",\"logo\":{\"@type\":\"ImageObject\",\"inLanguage\":\"pl-PL\",\"@id\":\"https:\/\/prolifeeurope.org\/pl\/#\/schema\/logo\/image\/\",\"url\":\"https:\/\/prolifeeurope.org\/wp-content\/uploads\/2024\/11\/logo-3.svg\",\"contentUrl\":\"https:\/\/prolifeeurope.org\/wp-content\/uploads\/2024\/11\/logo-3.svg\",\"width\":166,\"height\":170,\"caption\":\"ProLife Europe\"},\"image\":{\"@id\":\"https:\/\/prolifeeurope.org\/pl\/#\/schema\/logo\/image\/\"},\"sameAs\":[\"https:\/\/www.facebook.com\/ProLifeEurope\/\",\"https:\/\/www.instagram.com\/prolife_europe\/\",\"https:\/\/www.youtube.com\/channel\/UC7olgmdiSVEHZUiP554XozA\"]}]}<\/script>\n<!-- \/ Yoast SEO plugin. -->","yoast_head_json":{"title":"Aborcja w kontek\u015bcie antykoncepcji hormonalnej oraz wk\u0142adki wewn\u0105trzmacicznej (spirali\/IUD). - ProLife Europe","description":"Wszystkie hormonalne \u015brodki antykoncepcyjne, a tak\u017ce miedziana wk\u0142adka wewn\u0105trzmaciczna (IUD), dzia\u0142aj\u0105 nie tylko jako \u015brodki zapobiegaj\u0105ce zap\u0142odnieniu, ale mog\u0105 r\u00f3wnie\u017c wywiera\u0107 efekt antyimplantacyjny (przeciwzagnie\u017cd\u017ceniowy), czyli wczesnoporonny.","robots":{"index":"index","follow":"follow","max-snippet":"max-snippet:-1","max-image-preview":"max-image-preview:large","max-video-preview":"max-video-preview:-1"},"canonical":"https:\/\/prolifeeurope.org\/pl\/baza-wiedzy\/aborcja-w-kontekscie-antykoncepcji-hormonalnej-oraz-wkladki-wewnatrzmacicznej-spirali-iud\/","og_locale":"pl_PL","og_type":"article","og_title":"Aborcja w kontek\u015bcie antykoncepcji hormonalnej oraz wk\u0142adki wewn\u0105trzmacicznej (spirali\/IUD). - ProLife Europe","og_description":"Wszystkie hormonalne \u015brodki antykoncepcyjne, a tak\u017ce miedziana wk\u0142adka wewn\u0105trzmaciczna (IUD), dzia\u0142aj\u0105 nie tylko jako \u015brodki zapobiegaj\u0105ce zap\u0142odnieniu, ale mog\u0105 r\u00f3wnie\u017c wywiera\u0107 efekt antyimplantacyjny (przeciwzagnie\u017cd\u017ceniowy), czyli wczesnoporonny.","og_url":"https:\/\/prolifeeurope.org\/pl\/baza-wiedzy\/aborcja-w-kontekscie-antykoncepcji-hormonalnej-oraz-wkladki-wewnatrzmacicznej-spirali-iud\/","og_site_name":"ProLife Europe","article_publisher":"https:\/\/www.facebook.com\/ProLifeEurope\/","article_modified_time":"2026-04-17T14:01:42+00:00","twitter_card":"summary_large_image","twitter_misc":{"Szacowany czas czytania":"1 minuta"},"schema":{"@context":"https:\/\/schema.org","@graph":[{"@type":"WebPage","@id":"https:\/\/prolifeeurope.org\/pl\/baza-wiedzy\/aborcja-w-kontekscie-antykoncepcji-hormonalnej-oraz-wkladki-wewnatrzmacicznej-spirali-iud\/","url":"https:\/\/prolifeeurope.org\/pl\/baza-wiedzy\/aborcja-w-kontekscie-antykoncepcji-hormonalnej-oraz-wkladki-wewnatrzmacicznej-spirali-iud\/","name":"Aborcja w kontek\u015bcie antykoncepcji hormonalnej oraz wk\u0142adki wewn\u0105trzmacicznej (spirali\/IUD). - ProLife Europe","isPartOf":{"@id":"https:\/\/prolifeeurope.org\/pl\/#website"},"datePublished":"2025-01-15T16:51:48+00:00","dateModified":"2026-04-17T14:01:42+00:00","description":"Wszystkie hormonalne \u015brodki antykoncepcyjne, a tak\u017ce miedziana wk\u0142adka wewn\u0105trzmaciczna (IUD), dzia\u0142aj\u0105 nie tylko jako \u015brodki zapobiegaj\u0105ce zap\u0142odnieniu, ale mog\u0105 r\u00f3wnie\u017c wywiera\u0107 efekt antyimplantacyjny (przeciwzagnie\u017cd\u017ceniowy), czyli wczesnoporonny.","breadcrumb":{"@id":"https:\/\/prolifeeurope.org\/pl\/baza-wiedzy\/aborcja-w-kontekscie-antykoncepcji-hormonalnej-oraz-wkladki-wewnatrzmacicznej-spirali-iud\/#breadcrumb"},"inLanguage":"pl-PL","potentialAction":[{"@type":"ReadAction","target":["https:\/\/prolifeeurope.org\/pl\/baza-wiedzy\/aborcja-w-kontekscie-antykoncepcji-hormonalnej-oraz-wkladki-wewnatrzmacicznej-spirali-iud\/"]}]},{"@type":"BreadcrumbList","@id":"https:\/\/prolifeeurope.org\/pl\/baza-wiedzy\/aborcja-w-kontekscie-antykoncepcji-hormonalnej-oraz-wkladki-wewnatrzmacicznej-spirali-iud\/#breadcrumb","itemListElement":[{"@type":"ListItem","position":1,"name":"Home","item":"https:\/\/prolifeeurope.org\/pl\/"},{"@type":"ListItem","position":2,"name":"Baza wiedzy","item":"https:\/\/prolifeeurope.org\/pl\/baza-wiedzy\/"},{"@type":"ListItem","position":3,"name":"Aborcja w kontek\u015bcie antykoncepcji hormonalnej oraz wk\u0142adki wewn\u0105trzmacicznej (spirali\/IUD)."}]},{"@type":"WebSite","@id":"https:\/\/prolifeeurope.org\/pl\/#website","url":"https:\/\/prolifeeurope.org\/pl\/","name":"ProLife Europe","description":"","publisher":{"@id":"https:\/\/prolifeeurope.org\/pl\/#organization"},"potentialAction":[{"@type":"SearchAction","target":{"@type":"EntryPoint","urlTemplate":"https:\/\/prolifeeurope.org\/pl\/?s={search_term_string}"},"query-input":{"@type":"PropertyValueSpecification","valueRequired":true,"valueName":"search_term_string"}}],"inLanguage":"pl-PL"},{"@type":"Organization","@id":"https:\/\/prolifeeurope.org\/pl\/#organization","name":"ProLife Europe","url":"https:\/\/prolifeeurope.org\/pl\/","logo":{"@type":"ImageObject","inLanguage":"pl-PL","@id":"https:\/\/prolifeeurope.org\/pl\/#\/schema\/logo\/image\/","url":"https:\/\/prolifeeurope.org\/wp-content\/uploads\/2024\/11\/logo-3.svg","contentUrl":"https:\/\/prolifeeurope.org\/wp-content\/uploads\/2024\/11\/logo-3.svg","width":166,"height":170,"caption":"ProLife Europe"},"image":{"@id":"https:\/\/prolifeeurope.org\/pl\/#\/schema\/logo\/image\/"},"sameAs":["https:\/\/www.facebook.com\/ProLifeEurope\/","https:\/\/www.instagram.com\/prolife_europe\/","https:\/\/www.youtube.com\/channel\/UC7olgmdiSVEHZUiP554XozA"]}]}},"_links":{"self":[{"href":"https:\/\/prolifeeurope.org\/pl\/wp-json\/wp\/v2\/pages\/6044","targetHints":{"allow":["GET"]}}],"collection":[{"href":"https:\/\/prolifeeurope.org\/pl\/wp-json\/wp\/v2\/pages"}],"about":[{"href":"https:\/\/prolifeeurope.org\/pl\/wp-json\/wp\/v2\/types\/page"}],"author":[{"embeddable":true,"href":"https:\/\/prolifeeurope.org\/pl\/wp-json\/wp\/v2\/users\/14"}],"replies":[{"embeddable":true,"href":"https:\/\/prolifeeurope.org\/pl\/wp-json\/wp\/v2\/comments?post=6044"}],"version-history":[{"count":1,"href":"https:\/\/prolifeeurope.org\/pl\/wp-json\/wp\/v2\/pages\/6044\/revisions"}],"predecessor-version":[{"id":6045,"href":"https:\/\/prolifeeurope.org\/pl\/wp-json\/wp\/v2\/pages\/6044\/revisions\/6045"}],"up":[{"embeddable":true,"href":"https:\/\/prolifeeurope.org\/pl\/wp-json\/wp\/v2\/pages\/3710"}],"wp:attachment":[{"href":"https:\/\/prolifeeurope.org\/pl\/wp-json\/wp\/v2\/media?parent=6044"}],"wp:term":[{"taxonomy":"topic","embeddable":true,"href":"https:\/\/prolifeeurope.org\/pl\/wp-json\/wp\/v2\/topic?post=6044"}],"curies":[{"name":"wp","href":"https:\/\/api.w.org\/{rel}","templated":true}]}}