{"id":6037,"date":"2025-01-15T18:20:00","date_gmt":"2025-01-15T17:20:00","guid":{"rendered":"https:\/\/prolifeeurope.org\/baza-wiedzy\/aborcja-a-gwalt\/"},"modified":"2026-04-17T13:34:37","modified_gmt":"2026-04-17T11:34:37","slug":"aborcja-a-gwalt","status":"publish","type":"page","link":"https:\/\/prolifeeurope.org\/pl\/baza-wiedzy\/aborcja-a-gwalt\/","title":{"rendered":"Aborcja a gwa\u0142t."},"content":{"rendered":"\n<p>Do\u015bwiadczenie jakiejkolwiek formy przemocy seksualnej jest strasznym prze\u017cyciem. Je\u015bli jednak w konsekwencji tego okropnego do\u015bwiadczenia kobieta zajdzie w ci\u0105\u017c\u0119, czy aborcja pomo\u017ce jej wr\u00f3ci\u0107 do siebie? Na pierwszy rzut oka wygl\u0105da to na szybkie i proste rozwi\u0105zanie. Pozb\u0105d\u017a si\u0119 dziecka i miej to za sob\u0105. Owszem, aborcj\u0119 mo\u017cna przeprowadzi\u0107 bardzo szybko, ale nie cofa ona czasu do momentu przed gwa\u0142tem ani nie pozwala kobiecie zapomnie\u0107, \u017ce by\u0142a w ci\u0105\u017cy. Gwa\u0142t jest potworn\u0105 traum\u0105, lecz aborcja nie jest form\u0105 leczenia tej traumy. Aborcja jest kolejnym gwa\u0142townym wtargni\u0119ciem w cia\u0142o kobiety i mo\u017ce wywo\u0142ywa\u0107 powik\u0142ania fizyczne i psychiczne, kt\u00f3re pot\u0119guj\u0105 traum\u0119 gwa\u0142tu. Traumy nie mo\u017cna uleczy\u0107 kolejn\u0105 traum\u0105. Dlatego, nawet je\u015bli na pierwszy rzut oka wydaje si\u0119, \u017ce jest ona rozwi\u0105zaniem problemu, aborcja po gwa\u0142cie nie pomaga kobiecie si\u0119 uleczy\u0107.          <\/p>\n\n<p>Also, if a crime is committed, who should be punished but the culprit? An abortion punishes the victim and an innocent third party &#8211; the child, who had no influence on the circumstances of them being conceived. The child is not responsible for their father\u2019s sins and should not have to pay with their life for them. The circumstances of how we as humans come to exist do not influence our dignity and worth as a human being.   <\/p>\n\n<p><\/p>\n","protected":false},"excerpt":{"rendered":"<p>Do\u015bwiadczenie jakiejkolwiek formy przemocy seksualnej jest strasznym prze\u017cyciem. Je\u015bli jednak w konsekwencji tego okropnego do\u015bwiadczenia kobieta zajdzie w ci\u0105\u017c\u0119, czy aborcja pomo\u017ce jej wr\u00f3ci\u0107 do siebie? Na pierwszy rzut oka<a href=\"https:\/\/prolifeeurope.org\/pl\/baza-wiedzy\/aborcja-a-gwalt\/\">Continue reading <span class=\"sr-only\">&#8222;Aborcja a gwa\u0142t.&#8221;<\/span><\/a><\/p>\n","protected":false},"author":14,"featured_media":0,"parent":3710,"menu_order":0,"comment_status":"closed","ping_status":"closed","template":"page-topic.php","meta":{"_acf_changed":false,"_monsterinsights_skip_tracking":false,"_monsterinsights_sitenote_active":false,"_monsterinsights_sitenote_note":"","_monsterinsights_sitenote_category":0,"footnotes":""},"topic":[],"class_list":["post-6037","page","type-page","status-publish","hentry"],"acf":[],"yoast_head":"<!-- This site is optimized with the Yoast SEO plugin v27.2 - https:\/\/yoast.com\/product\/yoast-seo-wordpress\/ -->\n<title>Aborcja a gwa\u0142t. - ProLife Europe<\/title>\n<meta name=\"description\" content=\"Zapoznaj si\u0119 z wyzwaniami zwi\u0105zanymi z pogodzeniem prawa do \u017cycia oraz traumy gwa\u0142tu, a tak\u017ce konsekwencjami gwa\u0142tu zar\u00f3wno dla matki, jak i dziecka.\" \/>\n<meta name=\"robots\" content=\"index, follow, max-snippet:-1, max-image-preview:large, max-video-preview:-1\" \/>\n<link rel=\"canonical\" href=\"https:\/\/prolifeeurope.org\/pl\/baza-wiedzy\/aborcja-a-gwalt\/\" \/>\n<meta property=\"og:locale\" content=\"pl_PL\" \/>\n<meta property=\"og:type\" content=\"article\" \/>\n<meta property=\"og:title\" content=\"Aborcja a gwa\u0142t. - ProLife Europe\" \/>\n<meta property=\"og:description\" content=\"Zapoznaj si\u0119 z wyzwaniami zwi\u0105zanymi z pogodzeniem prawa do \u017cycia oraz traumy gwa\u0142tu, a tak\u017ce konsekwencjami gwa\u0142tu zar\u00f3wno dla matki, jak i dziecka.\" \/>\n<meta property=\"og:url\" content=\"https:\/\/prolifeeurope.org\/pl\/baza-wiedzy\/aborcja-a-gwalt\/\" \/>\n<meta property=\"og:site_name\" content=\"ProLife Europe\" \/>\n<meta property=\"article:publisher\" content=\"https:\/\/www.facebook.com\/ProLifeEurope\/\" \/>\n<meta property=\"article:modified_time\" content=\"2026-04-17T11:34:37+00:00\" \/>\n<meta name=\"twitter:card\" content=\"summary_large_image\" \/>\n<meta name=\"twitter:label1\" content=\"Szacowany czas czytania\" \/>\n\t<meta name=\"twitter:data1\" content=\"1 minuta\" \/>\n<script type=\"application\/ld+json\" class=\"yoast-schema-graph\">{\"@context\":\"https:\/\/schema.org\",\"@graph\":[{\"@type\":\"WebPage\",\"@id\":\"https:\/\/prolifeeurope.org\/pl\/baza-wiedzy\/aborcja-a-gwalt\/\",\"url\":\"https:\/\/prolifeeurope.org\/pl\/baza-wiedzy\/aborcja-a-gwalt\/\",\"name\":\"Aborcja a gwa\u0142t. - ProLife Europe\",\"isPartOf\":{\"@id\":\"https:\/\/prolifeeurope.org\/pl\/#website\"},\"datePublished\":\"2025-01-15T17:20:00+00:00\",\"dateModified\":\"2026-04-17T11:34:37+00:00\",\"description\":\"Zapoznaj si\u0119 z wyzwaniami zwi\u0105zanymi z pogodzeniem prawa do \u017cycia oraz traumy gwa\u0142tu, a tak\u017ce konsekwencjami gwa\u0142tu zar\u00f3wno dla matki, jak i dziecka.\",\"breadcrumb\":{\"@id\":\"https:\/\/prolifeeurope.org\/pl\/baza-wiedzy\/aborcja-a-gwalt\/#breadcrumb\"},\"inLanguage\":\"pl-PL\",\"potentialAction\":[{\"@type\":\"ReadAction\",\"target\":[\"https:\/\/prolifeeurope.org\/pl\/baza-wiedzy\/aborcja-a-gwalt\/\"]}]},{\"@type\":\"BreadcrumbList\",\"@id\":\"https:\/\/prolifeeurope.org\/pl\/baza-wiedzy\/aborcja-a-gwalt\/#breadcrumb\",\"itemListElement\":[{\"@type\":\"ListItem\",\"position\":1,\"name\":\"Home\",\"item\":\"https:\/\/prolifeeurope.org\/pl\/\"},{\"@type\":\"ListItem\",\"position\":2,\"name\":\"Baza wiedzy\",\"item\":\"https:\/\/prolifeeurope.org\/pl\/baza-wiedzy\/\"},{\"@type\":\"ListItem\",\"position\":3,\"name\":\"Aborcja a gwa\u0142t.\"}]},{\"@type\":\"WebSite\",\"@id\":\"https:\/\/prolifeeurope.org\/pl\/#website\",\"url\":\"https:\/\/prolifeeurope.org\/pl\/\",\"name\":\"ProLife Europe\",\"description\":\"\",\"publisher\":{\"@id\":\"https:\/\/prolifeeurope.org\/pl\/#organization\"},\"potentialAction\":[{\"@type\":\"SearchAction\",\"target\":{\"@type\":\"EntryPoint\",\"urlTemplate\":\"https:\/\/prolifeeurope.org\/pl\/?s={search_term_string}\"},\"query-input\":{\"@type\":\"PropertyValueSpecification\",\"valueRequired\":true,\"valueName\":\"search_term_string\"}}],\"inLanguage\":\"pl-PL\"},{\"@type\":\"Organization\",\"@id\":\"https:\/\/prolifeeurope.org\/pl\/#organization\",\"name\":\"ProLife Europe\",\"url\":\"https:\/\/prolifeeurope.org\/pl\/\",\"logo\":{\"@type\":\"ImageObject\",\"inLanguage\":\"pl-PL\",\"@id\":\"https:\/\/prolifeeurope.org\/pl\/#\/schema\/logo\/image\/\",\"url\":\"https:\/\/prolifeeurope.org\/wp-content\/uploads\/2024\/11\/logo-3.svg\",\"contentUrl\":\"https:\/\/prolifeeurope.org\/wp-content\/uploads\/2024\/11\/logo-3.svg\",\"width\":166,\"height\":170,\"caption\":\"ProLife Europe\"},\"image\":{\"@id\":\"https:\/\/prolifeeurope.org\/pl\/#\/schema\/logo\/image\/\"},\"sameAs\":[\"https:\/\/www.facebook.com\/ProLifeEurope\/\",\"https:\/\/www.instagram.com\/prolife_europe\/\",\"https:\/\/www.youtube.com\/channel\/UC7olgmdiSVEHZUiP554XozA\"]}]}<\/script>\n<!-- \/ Yoast SEO plugin. -->","yoast_head_json":{"title":"Aborcja a gwa\u0142t. - ProLife Europe","description":"Zapoznaj si\u0119 z wyzwaniami zwi\u0105zanymi z pogodzeniem prawa do \u017cycia oraz traumy gwa\u0142tu, a tak\u017ce konsekwencjami gwa\u0142tu zar\u00f3wno dla matki, jak i dziecka.","robots":{"index":"index","follow":"follow","max-snippet":"max-snippet:-1","max-image-preview":"max-image-preview:large","max-video-preview":"max-video-preview:-1"},"canonical":"https:\/\/prolifeeurope.org\/pl\/baza-wiedzy\/aborcja-a-gwalt\/","og_locale":"pl_PL","og_type":"article","og_title":"Aborcja a gwa\u0142t. - ProLife Europe","og_description":"Zapoznaj si\u0119 z wyzwaniami zwi\u0105zanymi z pogodzeniem prawa do \u017cycia oraz traumy gwa\u0142tu, a tak\u017ce konsekwencjami gwa\u0142tu zar\u00f3wno dla matki, jak i dziecka.","og_url":"https:\/\/prolifeeurope.org\/pl\/baza-wiedzy\/aborcja-a-gwalt\/","og_site_name":"ProLife Europe","article_publisher":"https:\/\/www.facebook.com\/ProLifeEurope\/","article_modified_time":"2026-04-17T11:34:37+00:00","twitter_card":"summary_large_image","twitter_misc":{"Szacowany czas czytania":"1 minuta"},"schema":{"@context":"https:\/\/schema.org","@graph":[{"@type":"WebPage","@id":"https:\/\/prolifeeurope.org\/pl\/baza-wiedzy\/aborcja-a-gwalt\/","url":"https:\/\/prolifeeurope.org\/pl\/baza-wiedzy\/aborcja-a-gwalt\/","name":"Aborcja a gwa\u0142t. - ProLife Europe","isPartOf":{"@id":"https:\/\/prolifeeurope.org\/pl\/#website"},"datePublished":"2025-01-15T17:20:00+00:00","dateModified":"2026-04-17T11:34:37+00:00","description":"Zapoznaj si\u0119 z wyzwaniami zwi\u0105zanymi z pogodzeniem prawa do \u017cycia oraz traumy gwa\u0142tu, a tak\u017ce konsekwencjami gwa\u0142tu zar\u00f3wno dla matki, jak i dziecka.","breadcrumb":{"@id":"https:\/\/prolifeeurope.org\/pl\/baza-wiedzy\/aborcja-a-gwalt\/#breadcrumb"},"inLanguage":"pl-PL","potentialAction":[{"@type":"ReadAction","target":["https:\/\/prolifeeurope.org\/pl\/baza-wiedzy\/aborcja-a-gwalt\/"]}]},{"@type":"BreadcrumbList","@id":"https:\/\/prolifeeurope.org\/pl\/baza-wiedzy\/aborcja-a-gwalt\/#breadcrumb","itemListElement":[{"@type":"ListItem","position":1,"name":"Home","item":"https:\/\/prolifeeurope.org\/pl\/"},{"@type":"ListItem","position":2,"name":"Baza wiedzy","item":"https:\/\/prolifeeurope.org\/pl\/baza-wiedzy\/"},{"@type":"ListItem","position":3,"name":"Aborcja a gwa\u0142t."}]},{"@type":"WebSite","@id":"https:\/\/prolifeeurope.org\/pl\/#website","url":"https:\/\/prolifeeurope.org\/pl\/","name":"ProLife Europe","description":"","publisher":{"@id":"https:\/\/prolifeeurope.org\/pl\/#organization"},"potentialAction":[{"@type":"SearchAction","target":{"@type":"EntryPoint","urlTemplate":"https:\/\/prolifeeurope.org\/pl\/?s={search_term_string}"},"query-input":{"@type":"PropertyValueSpecification","valueRequired":true,"valueName":"search_term_string"}}],"inLanguage":"pl-PL"},{"@type":"Organization","@id":"https:\/\/prolifeeurope.org\/pl\/#organization","name":"ProLife Europe","url":"https:\/\/prolifeeurope.org\/pl\/","logo":{"@type":"ImageObject","inLanguage":"pl-PL","@id":"https:\/\/prolifeeurope.org\/pl\/#\/schema\/logo\/image\/","url":"https:\/\/prolifeeurope.org\/wp-content\/uploads\/2024\/11\/logo-3.svg","contentUrl":"https:\/\/prolifeeurope.org\/wp-content\/uploads\/2024\/11\/logo-3.svg","width":166,"height":170,"caption":"ProLife Europe"},"image":{"@id":"https:\/\/prolifeeurope.org\/pl\/#\/schema\/logo\/image\/"},"sameAs":["https:\/\/www.facebook.com\/ProLifeEurope\/","https:\/\/www.instagram.com\/prolife_europe\/","https:\/\/www.youtube.com\/channel\/UC7olgmdiSVEHZUiP554XozA"]}]}},"_links":{"self":[{"href":"https:\/\/prolifeeurope.org\/pl\/wp-json\/wp\/v2\/pages\/6037","targetHints":{"allow":["GET"]}}],"collection":[{"href":"https:\/\/prolifeeurope.org\/pl\/wp-json\/wp\/v2\/pages"}],"about":[{"href":"https:\/\/prolifeeurope.org\/pl\/wp-json\/wp\/v2\/types\/page"}],"author":[{"embeddable":true,"href":"https:\/\/prolifeeurope.org\/pl\/wp-json\/wp\/v2\/users\/14"}],"replies":[{"embeddable":true,"href":"https:\/\/prolifeeurope.org\/pl\/wp-json\/wp\/v2\/comments?post=6037"}],"version-history":[{"count":1,"href":"https:\/\/prolifeeurope.org\/pl\/wp-json\/wp\/v2\/pages\/6037\/revisions"}],"predecessor-version":[{"id":6038,"href":"https:\/\/prolifeeurope.org\/pl\/wp-json\/wp\/v2\/pages\/6037\/revisions\/6038"}],"up":[{"embeddable":true,"href":"https:\/\/prolifeeurope.org\/pl\/wp-json\/wp\/v2\/pages\/3710"}],"wp:attachment":[{"href":"https:\/\/prolifeeurope.org\/pl\/wp-json\/wp\/v2\/media?parent=6037"}],"wp:term":[{"taxonomy":"topic","embeddable":true,"href":"https:\/\/prolifeeurope.org\/pl\/wp-json\/wp\/v2\/topic?post=6037"}],"curies":[{"name":"wp","href":"https:\/\/api.w.org\/{rel}","templated":true}]}}