{"id":6035,"date":"2025-01-15T17:49:42","date_gmt":"2025-01-15T16:49:42","guid":{"rendered":"https:\/\/prolifeeurope.org\/baza-wiedzy\/aborcja-a-prawa-czlowieka\/"},"modified":"2026-04-17T15:59:50","modified_gmt":"2026-04-17T13:59:50","slug":"aborcja-a-prawa-czlowieka","status":"publish","type":"page","link":"https:\/\/prolifeeurope.org\/pl\/baza-wiedzy\/aborcja-a-prawa-czlowieka\/","title":{"rendered":"Aborcja a prawa cz\u0142owieka"},"content":{"rendered":"\n<p>Od zako\u0144czenia II wojny \u015bwiatowej przybra\u0142 na sile ruch praw cz\u0142owieka, zasczynaj\u0105c od Powszechnej Deklaracji Praw Cz\u0142owieka (UDHR), przyj\u0119tej przez Zgromadzenie Og\u00f3lne ONZ w 1948 roku jako odpowied\u017a ludzko\u015bci na okrucie\u0144stwa do\u015bwiadczone podczas II wojny \u015bwiatowej. Na jej podstawie powsta\u0142y Europejska Konwencja Praw Cz\u0142owieka (ECHR) z 1950 roku oraz Karta Praw Podstawowych Unii Europejskiej (CFR) z 2000 roku. Cho\u0107 \u017caden z powy\u017cszych dokument\u00f3w nie stanowi bezpo\u015brednio wi\u0105\u017c\u0105cego prawa, pa\u0144stwa, kt\u00f3re je popar\u0142y, uzna\u0142y je za wsp\u00f3lnie przyj\u0119te wytyczne, kt\u00f3re stan\u0105 si\u0119 podstaw\u0105 prawn\u0105 w ich procesie legislacyjnym.   <\/p>\n\n<p><em>Ka\u017cdy z powy\u017cszych dokument\u00f3w definiuje prawo do \u017cycia jako podstawowe prawo jednostki:<br\/>\u201eKa\u017cdy cz\u0142owiek ma prawo do \u017cycia, wolno\u015bci i bezpiecze\u0144stwa swej osoby.\u201d<\/em> (Powszechna Deklaracja Praw Cz\u0142owieka, art. 3)<\/p>\n\n<p><em>\u201ePrawo ka\u017cdego cz\u0142owieka do \u017cycia jest chronione przez ustaw\u0119.\u201d<\/em> (Europejska Konwencja Praw Cz\u0142owieka, art. 2)<\/p>\n\n<p><em>\u201eGodno\u015b\u0107 cz\u0142owieka jest nienaruszalna. Musi by\u0107 szanowana i chroniona. Ka\u017cdy ma prawo do \u017cycia. (&#8230;) Ka\u017cdy ma prawo do poszanowania jego integralno\u015bci fizycznej i psychicznej.\u201d<\/em> (Karta Praw Podstawowych Unii Europejskiej , art. 1\u20133) <\/p>\n\n<p>\u017baden z podanych dokument\u00f3w nie podaje si\u0119 powodu, dla kt\u00f3rego nienarodzonej istocie ludzkiej odmawia si\u0119 tego podstawowego prawa cz\u0142owieka \u2014 bez prawa do \u017cycia, \u017cadne inne prawo nie istnieje. Walka o prawa cz\u0142owieka przy jednoczesnym pozbawianiu bardzo licznej grupy ludzi (szacunkowo 73 milion\u00f3w rocznie) ich najbardziej fundamentalnego prawa, czyli prawa do \u017cycia, jest sama w sobie absurdem. Aborcj\u0119 mo\u017cna zaklasyfikowa\u0107 jako naruszenie praw cz\u0142owieka i powinna by\u0107 pot\u0119piona przez wszystkich, kt\u00f3re o te prawa walcz\u0105.  <\/p>\n","protected":false},"excerpt":{"rendered":"<p>Od zako\u0144czenia II wojny \u015bwiatowej przybra\u0142 na sile ruch praw cz\u0142owieka, zasczynaj\u0105c od Powszechnej Deklaracji Praw Cz\u0142owieka (UDHR), przyj\u0119tej przez Zgromadzenie Og\u00f3lne ONZ w 1948 roku jako odpowied\u017a ludzko\u015bci na<a href=\"https:\/\/prolifeeurope.org\/pl\/baza-wiedzy\/aborcja-a-prawa-czlowieka\/\">Continue reading <span class=\"sr-only\">&#8222;Aborcja a prawa cz\u0142owieka&#8221;<\/span><\/a><\/p>\n","protected":false},"author":14,"featured_media":0,"parent":3710,"menu_order":0,"comment_status":"closed","ping_status":"closed","template":"page-topic.php","meta":{"_acf_changed":false,"_monsterinsights_skip_tracking":false,"_monsterinsights_sitenote_active":false,"_monsterinsights_sitenote_note":"","_monsterinsights_sitenote_category":0,"footnotes":""},"topic":[72],"class_list":["post-6035","page","type-page","status-publish","hentry","topic-abortion"],"acf":[],"yoast_head":"<!-- This site is optimized with the Yoast SEO plugin v27.2 - https:\/\/yoast.com\/product\/yoast-seo-wordpress\/ -->\n<title>Aborcja a prawa cz\u0142owieka - ProLife Europe<\/title>\n<meta name=\"description\" content=\"Prawo do \u017cycia nale\u017cy do podstawowych praw cz\u0142owieka. Aborcja jest naruszeniem tego prawa poprzez atak na nienarodzone dziecko.\" \/>\n<meta name=\"robots\" content=\"index, follow, max-snippet:-1, max-image-preview:large, max-video-preview:-1\" \/>\n<link rel=\"canonical\" href=\"https:\/\/prolifeeurope.org\/pl\/baza-wiedzy\/aborcja-a-prawa-czlowieka\/\" \/>\n<meta property=\"og:locale\" content=\"pl_PL\" \/>\n<meta property=\"og:type\" content=\"article\" \/>\n<meta property=\"og:title\" content=\"Aborcja a prawa cz\u0142owieka - ProLife Europe\" \/>\n<meta property=\"og:description\" content=\"Prawo do \u017cycia nale\u017cy do podstawowych praw cz\u0142owieka. Aborcja jest naruszeniem tego prawa poprzez atak na nienarodzone dziecko.\" \/>\n<meta property=\"og:url\" content=\"https:\/\/prolifeeurope.org\/pl\/baza-wiedzy\/aborcja-a-prawa-czlowieka\/\" \/>\n<meta property=\"og:site_name\" content=\"ProLife Europe\" \/>\n<meta property=\"article:publisher\" content=\"https:\/\/www.facebook.com\/ProLifeEurope\/\" \/>\n<meta property=\"article:modified_time\" content=\"2026-04-17T13:59:50+00:00\" \/>\n<meta name=\"twitter:card\" content=\"summary_large_image\" \/>\n<meta name=\"twitter:label1\" content=\"Szacowany czas czytania\" \/>\n\t<meta name=\"twitter:data1\" content=\"2 minuta\" \/>\n<script type=\"application\/ld+json\" class=\"yoast-schema-graph\">{\"@context\":\"https:\/\/schema.org\",\"@graph\":[{\"@type\":\"WebPage\",\"@id\":\"https:\/\/prolifeeurope.org\/pl\/baza-wiedzy\/aborcja-a-prawa-czlowieka\/\",\"url\":\"https:\/\/prolifeeurope.org\/pl\/baza-wiedzy\/aborcja-a-prawa-czlowieka\/\",\"name\":\"Aborcja a prawa cz\u0142owieka - ProLife Europe\",\"isPartOf\":{\"@id\":\"https:\/\/prolifeeurope.org\/pl\/#website\"},\"datePublished\":\"2025-01-15T16:49:42+00:00\",\"dateModified\":\"2026-04-17T13:59:50+00:00\",\"description\":\"Prawo do \u017cycia nale\u017cy do podstawowych praw cz\u0142owieka. Aborcja jest naruszeniem tego prawa poprzez atak na nienarodzone dziecko.\",\"breadcrumb\":{\"@id\":\"https:\/\/prolifeeurope.org\/pl\/baza-wiedzy\/aborcja-a-prawa-czlowieka\/#breadcrumb\"},\"inLanguage\":\"pl-PL\",\"potentialAction\":[{\"@type\":\"ReadAction\",\"target\":[\"https:\/\/prolifeeurope.org\/pl\/baza-wiedzy\/aborcja-a-prawa-czlowieka\/\"]}]},{\"@type\":\"BreadcrumbList\",\"@id\":\"https:\/\/prolifeeurope.org\/pl\/baza-wiedzy\/aborcja-a-prawa-czlowieka\/#breadcrumb\",\"itemListElement\":[{\"@type\":\"ListItem\",\"position\":1,\"name\":\"Home\",\"item\":\"https:\/\/prolifeeurope.org\/pl\/\"},{\"@type\":\"ListItem\",\"position\":2,\"name\":\"Baza wiedzy\",\"item\":\"https:\/\/prolifeeurope.org\/pl\/baza-wiedzy\/\"},{\"@type\":\"ListItem\",\"position\":3,\"name\":\"Aborcja a prawa cz\u0142owieka\"}]},{\"@type\":\"WebSite\",\"@id\":\"https:\/\/prolifeeurope.org\/pl\/#website\",\"url\":\"https:\/\/prolifeeurope.org\/pl\/\",\"name\":\"ProLife Europe\",\"description\":\"\",\"publisher\":{\"@id\":\"https:\/\/prolifeeurope.org\/pl\/#organization\"},\"potentialAction\":[{\"@type\":\"SearchAction\",\"target\":{\"@type\":\"EntryPoint\",\"urlTemplate\":\"https:\/\/prolifeeurope.org\/pl\/?s={search_term_string}\"},\"query-input\":{\"@type\":\"PropertyValueSpecification\",\"valueRequired\":true,\"valueName\":\"search_term_string\"}}],\"inLanguage\":\"pl-PL\"},{\"@type\":\"Organization\",\"@id\":\"https:\/\/prolifeeurope.org\/pl\/#organization\",\"name\":\"ProLife Europe\",\"url\":\"https:\/\/prolifeeurope.org\/pl\/\",\"logo\":{\"@type\":\"ImageObject\",\"inLanguage\":\"pl-PL\",\"@id\":\"https:\/\/prolifeeurope.org\/pl\/#\/schema\/logo\/image\/\",\"url\":\"https:\/\/prolifeeurope.org\/wp-content\/uploads\/2024\/11\/logo-3.svg\",\"contentUrl\":\"https:\/\/prolifeeurope.org\/wp-content\/uploads\/2024\/11\/logo-3.svg\",\"width\":166,\"height\":170,\"caption\":\"ProLife Europe\"},\"image\":{\"@id\":\"https:\/\/prolifeeurope.org\/pl\/#\/schema\/logo\/image\/\"},\"sameAs\":[\"https:\/\/www.facebook.com\/ProLifeEurope\/\",\"https:\/\/www.instagram.com\/prolife_europe\/\",\"https:\/\/www.youtube.com\/channel\/UC7olgmdiSVEHZUiP554XozA\"]}]}<\/script>\n<!-- \/ Yoast SEO plugin. -->","yoast_head_json":{"title":"Aborcja a prawa cz\u0142owieka - ProLife Europe","description":"Prawo do \u017cycia nale\u017cy do podstawowych praw cz\u0142owieka. Aborcja jest naruszeniem tego prawa poprzez atak na nienarodzone dziecko.","robots":{"index":"index","follow":"follow","max-snippet":"max-snippet:-1","max-image-preview":"max-image-preview:large","max-video-preview":"max-video-preview:-1"},"canonical":"https:\/\/prolifeeurope.org\/pl\/baza-wiedzy\/aborcja-a-prawa-czlowieka\/","og_locale":"pl_PL","og_type":"article","og_title":"Aborcja a prawa cz\u0142owieka - ProLife Europe","og_description":"Prawo do \u017cycia nale\u017cy do podstawowych praw cz\u0142owieka. Aborcja jest naruszeniem tego prawa poprzez atak na nienarodzone dziecko.","og_url":"https:\/\/prolifeeurope.org\/pl\/baza-wiedzy\/aborcja-a-prawa-czlowieka\/","og_site_name":"ProLife Europe","article_publisher":"https:\/\/www.facebook.com\/ProLifeEurope\/","article_modified_time":"2026-04-17T13:59:50+00:00","twitter_card":"summary_large_image","twitter_misc":{"Szacowany czas czytania":"2 minuta"},"schema":{"@context":"https:\/\/schema.org","@graph":[{"@type":"WebPage","@id":"https:\/\/prolifeeurope.org\/pl\/baza-wiedzy\/aborcja-a-prawa-czlowieka\/","url":"https:\/\/prolifeeurope.org\/pl\/baza-wiedzy\/aborcja-a-prawa-czlowieka\/","name":"Aborcja a prawa cz\u0142owieka - ProLife Europe","isPartOf":{"@id":"https:\/\/prolifeeurope.org\/pl\/#website"},"datePublished":"2025-01-15T16:49:42+00:00","dateModified":"2026-04-17T13:59:50+00:00","description":"Prawo do \u017cycia nale\u017cy do podstawowych praw cz\u0142owieka. Aborcja jest naruszeniem tego prawa poprzez atak na nienarodzone dziecko.","breadcrumb":{"@id":"https:\/\/prolifeeurope.org\/pl\/baza-wiedzy\/aborcja-a-prawa-czlowieka\/#breadcrumb"},"inLanguage":"pl-PL","potentialAction":[{"@type":"ReadAction","target":["https:\/\/prolifeeurope.org\/pl\/baza-wiedzy\/aborcja-a-prawa-czlowieka\/"]}]},{"@type":"BreadcrumbList","@id":"https:\/\/prolifeeurope.org\/pl\/baza-wiedzy\/aborcja-a-prawa-czlowieka\/#breadcrumb","itemListElement":[{"@type":"ListItem","position":1,"name":"Home","item":"https:\/\/prolifeeurope.org\/pl\/"},{"@type":"ListItem","position":2,"name":"Baza wiedzy","item":"https:\/\/prolifeeurope.org\/pl\/baza-wiedzy\/"},{"@type":"ListItem","position":3,"name":"Aborcja a prawa cz\u0142owieka"}]},{"@type":"WebSite","@id":"https:\/\/prolifeeurope.org\/pl\/#website","url":"https:\/\/prolifeeurope.org\/pl\/","name":"ProLife Europe","description":"","publisher":{"@id":"https:\/\/prolifeeurope.org\/pl\/#organization"},"potentialAction":[{"@type":"SearchAction","target":{"@type":"EntryPoint","urlTemplate":"https:\/\/prolifeeurope.org\/pl\/?s={search_term_string}"},"query-input":{"@type":"PropertyValueSpecification","valueRequired":true,"valueName":"search_term_string"}}],"inLanguage":"pl-PL"},{"@type":"Organization","@id":"https:\/\/prolifeeurope.org\/pl\/#organization","name":"ProLife Europe","url":"https:\/\/prolifeeurope.org\/pl\/","logo":{"@type":"ImageObject","inLanguage":"pl-PL","@id":"https:\/\/prolifeeurope.org\/pl\/#\/schema\/logo\/image\/","url":"https:\/\/prolifeeurope.org\/wp-content\/uploads\/2024\/11\/logo-3.svg","contentUrl":"https:\/\/prolifeeurope.org\/wp-content\/uploads\/2024\/11\/logo-3.svg","width":166,"height":170,"caption":"ProLife Europe"},"image":{"@id":"https:\/\/prolifeeurope.org\/pl\/#\/schema\/logo\/image\/"},"sameAs":["https:\/\/www.facebook.com\/ProLifeEurope\/","https:\/\/www.instagram.com\/prolife_europe\/","https:\/\/www.youtube.com\/channel\/UC7olgmdiSVEHZUiP554XozA"]}]}},"_links":{"self":[{"href":"https:\/\/prolifeeurope.org\/pl\/wp-json\/wp\/v2\/pages\/6035","targetHints":{"allow":["GET"]}}],"collection":[{"href":"https:\/\/prolifeeurope.org\/pl\/wp-json\/wp\/v2\/pages"}],"about":[{"href":"https:\/\/prolifeeurope.org\/pl\/wp-json\/wp\/v2\/types\/page"}],"author":[{"embeddable":true,"href":"https:\/\/prolifeeurope.org\/pl\/wp-json\/wp\/v2\/users\/14"}],"replies":[{"embeddable":true,"href":"https:\/\/prolifeeurope.org\/pl\/wp-json\/wp\/v2\/comments?post=6035"}],"version-history":[{"count":1,"href":"https:\/\/prolifeeurope.org\/pl\/wp-json\/wp\/v2\/pages\/6035\/revisions"}],"predecessor-version":[{"id":6036,"href":"https:\/\/prolifeeurope.org\/pl\/wp-json\/wp\/v2\/pages\/6035\/revisions\/6036"}],"up":[{"embeddable":true,"href":"https:\/\/prolifeeurope.org\/pl\/wp-json\/wp\/v2\/pages\/3710"}],"wp:attachment":[{"href":"https:\/\/prolifeeurope.org\/pl\/wp-json\/wp\/v2\/media?parent=6035"}],"wp:term":[{"taxonomy":"topic","embeddable":true,"href":"https:\/\/prolifeeurope.org\/pl\/wp-json\/wp\/v2\/topic?post=6035"}],"curies":[{"name":"wp","href":"https:\/\/api.w.org\/{rel}","templated":true}]}}