{"id":6033,"date":"2025-01-15T18:28:33","date_gmt":"2025-01-15T17:28:33","guid":{"rendered":"https:\/\/prolifeeurope.org\/baza-wiedzy\/aborcja-i-eugenika\/"},"modified":"2026-04-17T15:53:01","modified_gmt":"2026-04-17T13:53:01","slug":"aborcja-i-eugenika","status":"publish","type":"page","link":"https:\/\/prolifeeurope.org\/pl\/baza-wiedzy\/aborcja-i-eugenika\/","title":{"rendered":"Aborcja i eugenika"},"content":{"rendered":"\n<p>Eugenika i aborcja id\u0105 ze sob\u0105 w parze. Dla zwolennik\u00f3w eugeniki, kt\u00f3rej pocz\u0105tki si\u0119gaj\u0105 19 wieku, aborcja jest sposobem realizacji swoich za\u0142o\u017ce\u0144. Nowoczesne stowarzyszenia eugeniczne, takie jak \u201eMi\u0119dzynarodowa Federacja Organizacji Eugenicznych\u201d za\u0142o\u017cona w Londynie w 1912 roku, d\u0105\u017cy\u0142y do stworzenia czystej rasy \u201earyjskiej\u201d oraz eliminacji innych niepo\u017c\u0105danych grup ludzi, uznawanych za genetycznie nieprzystosowanych do egzystowania w nowoczesnym spo\u0142ecze\u0144stwie.<sup>[1]<\/sup> W tym okresie powsta\u0142o tak\u017ce Planned Parenthood \u2014 do dzi\u015b najwi\u0119ksza organizacja aborcyjna w USA \u2014 za\u0142o\u017cona przez Margaret Sanger w 1921 roku, a p\u00f3\u017aniej kierowana przez Alana Franka Guttmachera. Podobnie jak wielu ich wsp\u00f3\u0142pracownik\u00f3w, tych dwoje ginekolog\u00f3w sta\u0142o si\u0119 mi\u0119dzynarodowymi pionierami aborcji i sterylizacji oraz szerzy\u0142o swoje rasistowskie pogl\u0105dy eugeniczne.   <\/p>\n\n<p>Z czasem, postulaty g\u0142oszone przez Planned Parenthood sta\u0142y si\u0119 jednym z g\u0142\u00f3wnych \u017ar\u00f3de\u0142 inspiracji dla eugenicznych ideologii nazistowskich Niemiec. Wielu lekarzy III Rzeszy wykorzystywa\u0142o zasady Sanger do uzasadniania zag\u0142ady os\u00f3b z niepe\u0142nosprawno\u015bciami, a tak\u017ce ludno\u015bci \u017cydowskiej i innej ni\u017c bia\u0142a w imi\u0119 \u201ehigieny rasowej\u201d. Jednocze\u015bnie w Niemczech nazistowskich istnia\u0142 zakaz aborcji dla ludno\u015bci niemieckiej, przy jednoczesnym praktykowaniu przymusowych aborcji, sterylizacji oraz eksperyment\u00f3w na ludno\u015bci niearyjskiej, co znalaz\u0142o wyraz m.in. w ustawach norymberskich z 1935 roku. Szczeg\u00f3lnie kobiety \u017cydowskie i polskie by\u0142y zmuszane do aborcji \u2014 zar\u00f3wno z czysto rasistowskich powod\u00f3w, jak i w celu pozyskania wi\u0119kszej liczby przymusowych pracownic po inwazji na terytoria Europy Wschodniej.[2] Ponadto aborcja by\u0142a jednym z najcz\u0119\u015bciej stosowanych narz\u0119dzi w obozach koncentracyjnych w celu ograniczenia reprodukcji wi\u0119\u017ani\u00f3w.[3] Co ciekawe, nazi\u015bci nigdy nie negowali faktu, \u017ce nienarodzone p\u0142ody w \u0142onie matki s\u0105 istotami ludzkimi i okre\u015blali je jako dzieci.[4] Eugeniczne pogl\u0105dy lekarzy nazistowskich mo\u017cna szczeg\u00f3lnie dostrzec podczas proces\u00f3w norymberskich, podczas kt\u00f3rych powo\u0142ywali si\u0119 oni na ameryka\u0144sk\u0105 spraw\u0119 prawn\u0105 \u201eBuck v. Bell\u201d, popieran\u0105 przez Sanger, kt\u00f3ra dawa\u0142a rz\u0105dowi pozwolenie na stosowanie przymusowej kontroli urodze\u0144.  <\/p>\n\n<p>Po dzie\u0144 dzisiejszy \u015bcis\u0142y zwi\u0105zek mi\u0119dzy aborcj\u0105 a eugenik\u0105 nie zosta\u0142 zerwany. Wi\u0119kszo\u015b\u0107 klinik Planned Parenthood zbudowanych w ameryka\u0144skich miastach w pobli\u017cu skupisk spo\u0142eczno\u015bci czarnosk\u00f3rych i latynoskich, aby zabija\u0107 ich potomstwo, nadal tam funkcjonuje. <sup>[6]<\/sup><\/p>\n\n<p>W dzisiejszej Europie tendencje eugeniczne zyska\u0142y pos\u0142uch w kwestiach dotycz\u0105cych os\u00f3b z niepe\u0142nosprawno\u015bciami, zw\u0142aszcza z zespo\u0142em Downa (trisomi\u0105 21). W krajach europejskich 92% ci\u0105\u017c, w kt\u00f3rych rozwijaj\u0105 si\u0119 dzieci z zespo\u0142em Downa, jest przerywanych ze wzgl\u0119du na ich niepe\u0142nosprawno\u015b\u0107 oraz towarzysz\u0105ce jej negatywne postrzeganie w spo\u0142ecze\u0144stwie.[7] Szczeg\u00f3lnie mieszka\u0144cy Europy P\u00f3\u0142nocnej maj\u0105 wobec nich bardzo nieprzychylne nastawienie. W Islandii niemal 100% nienarodzonych dzieci z zespo\u0142em Downa jest zabijanych w \u0142onie matki.[8] Ponadto p\u0142ody z aborcji s\u0105 powszechnie wykorzystywane do eksperyment\u00f3w naukowych[9] \u2014 jest to praktyka, kt\u00f3r\u0105 naukowcy nazistowscy opanowali w swoich laboratoriach z niepe\u0142nosprawnymi lud\u017ami.[10]  <\/p>\n\n<hr class=\"wp-block-separator has-alpha-channel-opacity\"\/>\n\n<p class=\"has-small-font-size\"><strong>[1] <\/strong>Black, Edwin, War Against the Weak: Eugenics and America&#8217;s Campaign to Create a Master Race, (Nowy Jork, 2003), s. 237<br\/><strong>[2]<\/strong> Hunt, John, Out of respect for life: Nazi abortion policy in the eastern occupied territories, 381.<br\/><strong>[3] <\/strong>Hunt, Nazi abortion policy, 381-382.<br\/><strong>[4]<\/strong> Hunt, Nazi abortion policy, 383.<br\/><strong>[5]<\/strong> Forgotten History Channel, Eugenics and Planned Parenthood \u2013 Margaret Sanger &#8211; Forgotten History (04.07.2023), <a href=\"https:\/\/www.youtube.com\/watch?v=OP7ZzV4Z338&amp;t=197s\" target=\"_blank\" rel=\"noreferrer noopener\">https:\/\/www.youtube.com\/watch?v=OP7ZzV4Z338&amp;t=197s<\/a><br\/><strong>[6]<\/strong> Nelson, Dean, Planned Parenthood: Rooted in Racism. Rooted in Racism \u2013 The Negro Project, <a href=\"https:\/\/www.humancoalition.org\/2023\/03\/27\/planned-parenthood-rooted-in-racism\/\" target=\"_blank\" rel=\"noreferrer noopener\">https:\/\/www.humancoalition.org\/2023\/03\/27\/planned-parenthood-rooted-in-racism\/<\/a>, and Daniels, Cristina and others, The Effects on Abortion on the Black Community, p. 3, <a href=\"https:\/\/www.congress.gov\/115\/meeting\/house\/106562\/witnesses\/HHRG-115-JU10-Wstate-ParkerS-20171101-SD001.pdf\" target=\"_blank\" rel=\"noreferrer noopener\">https:\/\/www.congress.gov\/115\/meeting\/house\/106562\/witnesses\/HHRG-115-JU10-Wstate-ParkerS-20171101-SD001.pdf<\/a> <br\/><strong>[7]<\/strong> Mansfield C, Hopfer S, Marteau TM (September 1999). &#8222;Termination rates after prenatal diagnosis of Down syndrome, spina bifida, anencephaly, and Turner and Klinefelter syndromes: a systematic literature review. Prenatal Diagnosis.   19 (9). Wiley: 808\u2013812.<br\/><strong>[8]<\/strong> Right to Life News, Iceland called out at UN for aborting almost 100% of babies diagnosed with Down\u2019s syndrome, https:\/\/righttolife.org.uk\/news\/iceland-called-out-at-un-for-aborting-almost-100-of-babies-diagnosed-with-downs-syndrome.<br\/><strong>[9]<\/strong> Wadman, Meredith, The Truth about Fetal Tissue research, https:\/\/www.nature.com\/articles\/528178a.<br\/><strong>[10]<\/strong> Weindling, Paul, Painful and sometimes deadly experiments which Nazi doctors carried out on children,<a href=\"https:\/\/onlinelibrary.wiley.com\/doi\/full\/10.1111\/apa.16310\" target=\"_blank\" rel=\"noreferrer noopener\"> https:\/\/onlinelibrary.wiley.com\/doi\/full\/10.1111\/apa.16310<\/a><\/p>\n","protected":false},"excerpt":{"rendered":"<p>Eugenika i aborcja id\u0105 ze sob\u0105 w parze. Dla zwolennik\u00f3w eugeniki, kt\u00f3rej pocz\u0105tki si\u0119gaj\u0105 19 wieku, aborcja jest sposobem realizacji swoich za\u0142o\u017ce\u0144. Nowoczesne stowarzyszenia eugeniczne, takie jak \u201eMi\u0119dzynarodowa Federacja Organizacji<a href=\"https:\/\/prolifeeurope.org\/pl\/baza-wiedzy\/aborcja-i-eugenika\/\">Continue reading <span class=\"sr-only\">&#8222;Aborcja i eugenika&#8221;<\/span><\/a><\/p>\n","protected":false},"author":14,"featured_media":0,"parent":3710,"menu_order":0,"comment_status":"closed","ping_status":"closed","template":"page-topic.php","meta":{"_acf_changed":false,"_monsterinsights_skip_tracking":false,"_monsterinsights_sitenote_active":false,"_monsterinsights_sitenote_note":"","_monsterinsights_sitenote_category":0,"footnotes":""},"topic":[72],"class_list":["post-6033","page","type-page","status-publish","hentry","topic-abortion"],"acf":[],"yoast_head":"<!-- This site is optimized with the Yoast SEO plugin v27.2 - https:\/\/yoast.com\/product\/yoast-seo-wordpress\/ -->\n<title>Aborcja i eugenika - ProLife Europe<\/title>\n<meta name=\"description\" content=\"Dowiedz si\u0119 o zwi\u0105zku mi\u0119dzy \u201eprawami reprodukcyjnymi\u201d a eugeniczn\u0105 ideologi\u0105. Sprawd\u017a ich implikacje etyczne, histori\u0119 oraz wp\u0142yw na spo\u0142ecze\u0144stwo.\" \/>\n<meta name=\"robots\" content=\"index, follow, max-snippet:-1, max-image-preview:large, max-video-preview:-1\" \/>\n<link rel=\"canonical\" href=\"https:\/\/prolifeeurope.org\/pl\/baza-wiedzy\/aborcja-i-eugenika\/\" \/>\n<meta property=\"og:locale\" content=\"pl_PL\" \/>\n<meta property=\"og:type\" content=\"article\" \/>\n<meta property=\"og:title\" content=\"Aborcja i eugenika - ProLife Europe\" \/>\n<meta property=\"og:description\" content=\"Dowiedz si\u0119 o zwi\u0105zku mi\u0119dzy \u201eprawami reprodukcyjnymi\u201d a eugeniczn\u0105 ideologi\u0105. Sprawd\u017a ich implikacje etyczne, histori\u0119 oraz wp\u0142yw na spo\u0142ecze\u0144stwo.\" \/>\n<meta property=\"og:url\" content=\"https:\/\/prolifeeurope.org\/pl\/baza-wiedzy\/aborcja-i-eugenika\/\" \/>\n<meta property=\"og:site_name\" content=\"ProLife Europe\" \/>\n<meta property=\"article:publisher\" content=\"https:\/\/www.facebook.com\/ProLifeEurope\/\" \/>\n<meta property=\"article:modified_time\" content=\"2026-04-17T13:53:01+00:00\" \/>\n<meta name=\"twitter:card\" content=\"summary_large_image\" \/>\n<meta name=\"twitter:label1\" content=\"Szacowany czas czytania\" \/>\n\t<meta name=\"twitter:data1\" content=\"3 minuta\" \/>\n<script type=\"application\/ld+json\" class=\"yoast-schema-graph\">{\"@context\":\"https:\/\/schema.org\",\"@graph\":[{\"@type\":\"WebPage\",\"@id\":\"https:\/\/prolifeeurope.org\/pl\/baza-wiedzy\/aborcja-i-eugenika\/\",\"url\":\"https:\/\/prolifeeurope.org\/pl\/baza-wiedzy\/aborcja-i-eugenika\/\",\"name\":\"Aborcja i eugenika - ProLife Europe\",\"isPartOf\":{\"@id\":\"https:\/\/prolifeeurope.org\/pl\/#website\"},\"datePublished\":\"2025-01-15T17:28:33+00:00\",\"dateModified\":\"2026-04-17T13:53:01+00:00\",\"description\":\"Dowiedz si\u0119 o zwi\u0105zku mi\u0119dzy \u201eprawami reprodukcyjnymi\u201d a eugeniczn\u0105 ideologi\u0105. Sprawd\u017a ich implikacje etyczne, histori\u0119 oraz wp\u0142yw na spo\u0142ecze\u0144stwo.\",\"breadcrumb\":{\"@id\":\"https:\/\/prolifeeurope.org\/pl\/baza-wiedzy\/aborcja-i-eugenika\/#breadcrumb\"},\"inLanguage\":\"pl-PL\",\"potentialAction\":[{\"@type\":\"ReadAction\",\"target\":[\"https:\/\/prolifeeurope.org\/pl\/baza-wiedzy\/aborcja-i-eugenika\/\"]}]},{\"@type\":\"BreadcrumbList\",\"@id\":\"https:\/\/prolifeeurope.org\/pl\/baza-wiedzy\/aborcja-i-eugenika\/#breadcrumb\",\"itemListElement\":[{\"@type\":\"ListItem\",\"position\":1,\"name\":\"Home\",\"item\":\"https:\/\/prolifeeurope.org\/pl\/\"},{\"@type\":\"ListItem\",\"position\":2,\"name\":\"Baza wiedzy\",\"item\":\"https:\/\/prolifeeurope.org\/pl\/baza-wiedzy\/\"},{\"@type\":\"ListItem\",\"position\":3,\"name\":\"Aborcja i eugenika\"}]},{\"@type\":\"WebSite\",\"@id\":\"https:\/\/prolifeeurope.org\/pl\/#website\",\"url\":\"https:\/\/prolifeeurope.org\/pl\/\",\"name\":\"ProLife Europe\",\"description\":\"\",\"publisher\":{\"@id\":\"https:\/\/prolifeeurope.org\/pl\/#organization\"},\"potentialAction\":[{\"@type\":\"SearchAction\",\"target\":{\"@type\":\"EntryPoint\",\"urlTemplate\":\"https:\/\/prolifeeurope.org\/pl\/?s={search_term_string}\"},\"query-input\":{\"@type\":\"PropertyValueSpecification\",\"valueRequired\":true,\"valueName\":\"search_term_string\"}}],\"inLanguage\":\"pl-PL\"},{\"@type\":\"Organization\",\"@id\":\"https:\/\/prolifeeurope.org\/pl\/#organization\",\"name\":\"ProLife Europe\",\"url\":\"https:\/\/prolifeeurope.org\/pl\/\",\"logo\":{\"@type\":\"ImageObject\",\"inLanguage\":\"pl-PL\",\"@id\":\"https:\/\/prolifeeurope.org\/pl\/#\/schema\/logo\/image\/\",\"url\":\"https:\/\/prolifeeurope.org\/wp-content\/uploads\/2024\/11\/logo-3.svg\",\"contentUrl\":\"https:\/\/prolifeeurope.org\/wp-content\/uploads\/2024\/11\/logo-3.svg\",\"width\":166,\"height\":170,\"caption\":\"ProLife Europe\"},\"image\":{\"@id\":\"https:\/\/prolifeeurope.org\/pl\/#\/schema\/logo\/image\/\"},\"sameAs\":[\"https:\/\/www.facebook.com\/ProLifeEurope\/\",\"https:\/\/www.instagram.com\/prolife_europe\/\",\"https:\/\/www.youtube.com\/channel\/UC7olgmdiSVEHZUiP554XozA\"]}]}<\/script>\n<!-- \/ Yoast SEO plugin. -->","yoast_head_json":{"title":"Aborcja i eugenika - ProLife Europe","description":"Dowiedz si\u0119 o zwi\u0105zku mi\u0119dzy \u201eprawami reprodukcyjnymi\u201d a eugeniczn\u0105 ideologi\u0105. Sprawd\u017a ich implikacje etyczne, histori\u0119 oraz wp\u0142yw na spo\u0142ecze\u0144stwo.","robots":{"index":"index","follow":"follow","max-snippet":"max-snippet:-1","max-image-preview":"max-image-preview:large","max-video-preview":"max-video-preview:-1"},"canonical":"https:\/\/prolifeeurope.org\/pl\/baza-wiedzy\/aborcja-i-eugenika\/","og_locale":"pl_PL","og_type":"article","og_title":"Aborcja i eugenika - ProLife Europe","og_description":"Dowiedz si\u0119 o zwi\u0105zku mi\u0119dzy \u201eprawami reprodukcyjnymi\u201d a eugeniczn\u0105 ideologi\u0105. Sprawd\u017a ich implikacje etyczne, histori\u0119 oraz wp\u0142yw na spo\u0142ecze\u0144stwo.","og_url":"https:\/\/prolifeeurope.org\/pl\/baza-wiedzy\/aborcja-i-eugenika\/","og_site_name":"ProLife Europe","article_publisher":"https:\/\/www.facebook.com\/ProLifeEurope\/","article_modified_time":"2026-04-17T13:53:01+00:00","twitter_card":"summary_large_image","twitter_misc":{"Szacowany czas czytania":"3 minuta"},"schema":{"@context":"https:\/\/schema.org","@graph":[{"@type":"WebPage","@id":"https:\/\/prolifeeurope.org\/pl\/baza-wiedzy\/aborcja-i-eugenika\/","url":"https:\/\/prolifeeurope.org\/pl\/baza-wiedzy\/aborcja-i-eugenika\/","name":"Aborcja i eugenika - ProLife Europe","isPartOf":{"@id":"https:\/\/prolifeeurope.org\/pl\/#website"},"datePublished":"2025-01-15T17:28:33+00:00","dateModified":"2026-04-17T13:53:01+00:00","description":"Dowiedz si\u0119 o zwi\u0105zku mi\u0119dzy \u201eprawami reprodukcyjnymi\u201d a eugeniczn\u0105 ideologi\u0105. Sprawd\u017a ich implikacje etyczne, histori\u0119 oraz wp\u0142yw na spo\u0142ecze\u0144stwo.","breadcrumb":{"@id":"https:\/\/prolifeeurope.org\/pl\/baza-wiedzy\/aborcja-i-eugenika\/#breadcrumb"},"inLanguage":"pl-PL","potentialAction":[{"@type":"ReadAction","target":["https:\/\/prolifeeurope.org\/pl\/baza-wiedzy\/aborcja-i-eugenika\/"]}]},{"@type":"BreadcrumbList","@id":"https:\/\/prolifeeurope.org\/pl\/baza-wiedzy\/aborcja-i-eugenika\/#breadcrumb","itemListElement":[{"@type":"ListItem","position":1,"name":"Home","item":"https:\/\/prolifeeurope.org\/pl\/"},{"@type":"ListItem","position":2,"name":"Baza wiedzy","item":"https:\/\/prolifeeurope.org\/pl\/baza-wiedzy\/"},{"@type":"ListItem","position":3,"name":"Aborcja i eugenika"}]},{"@type":"WebSite","@id":"https:\/\/prolifeeurope.org\/pl\/#website","url":"https:\/\/prolifeeurope.org\/pl\/","name":"ProLife Europe","description":"","publisher":{"@id":"https:\/\/prolifeeurope.org\/pl\/#organization"},"potentialAction":[{"@type":"SearchAction","target":{"@type":"EntryPoint","urlTemplate":"https:\/\/prolifeeurope.org\/pl\/?s={search_term_string}"},"query-input":{"@type":"PropertyValueSpecification","valueRequired":true,"valueName":"search_term_string"}}],"inLanguage":"pl-PL"},{"@type":"Organization","@id":"https:\/\/prolifeeurope.org\/pl\/#organization","name":"ProLife Europe","url":"https:\/\/prolifeeurope.org\/pl\/","logo":{"@type":"ImageObject","inLanguage":"pl-PL","@id":"https:\/\/prolifeeurope.org\/pl\/#\/schema\/logo\/image\/","url":"https:\/\/prolifeeurope.org\/wp-content\/uploads\/2024\/11\/logo-3.svg","contentUrl":"https:\/\/prolifeeurope.org\/wp-content\/uploads\/2024\/11\/logo-3.svg","width":166,"height":170,"caption":"ProLife Europe"},"image":{"@id":"https:\/\/prolifeeurope.org\/pl\/#\/schema\/logo\/image\/"},"sameAs":["https:\/\/www.facebook.com\/ProLifeEurope\/","https:\/\/www.instagram.com\/prolife_europe\/","https:\/\/www.youtube.com\/channel\/UC7olgmdiSVEHZUiP554XozA"]}]}},"_links":{"self":[{"href":"https:\/\/prolifeeurope.org\/pl\/wp-json\/wp\/v2\/pages\/6033","targetHints":{"allow":["GET"]}}],"collection":[{"href":"https:\/\/prolifeeurope.org\/pl\/wp-json\/wp\/v2\/pages"}],"about":[{"href":"https:\/\/prolifeeurope.org\/pl\/wp-json\/wp\/v2\/types\/page"}],"author":[{"embeddable":true,"href":"https:\/\/prolifeeurope.org\/pl\/wp-json\/wp\/v2\/users\/14"}],"replies":[{"embeddable":true,"href":"https:\/\/prolifeeurope.org\/pl\/wp-json\/wp\/v2\/comments?post=6033"}],"version-history":[{"count":1,"href":"https:\/\/prolifeeurope.org\/pl\/wp-json\/wp\/v2\/pages\/6033\/revisions"}],"predecessor-version":[{"id":6034,"href":"https:\/\/prolifeeurope.org\/pl\/wp-json\/wp\/v2\/pages\/6033\/revisions\/6034"}],"up":[{"embeddable":true,"href":"https:\/\/prolifeeurope.org\/pl\/wp-json\/wp\/v2\/pages\/3710"}],"wp:attachment":[{"href":"https:\/\/prolifeeurope.org\/pl\/wp-json\/wp\/v2\/media?parent=6033"}],"wp:term":[{"taxonomy":"topic","embeddable":true,"href":"https:\/\/prolifeeurope.org\/pl\/wp-json\/wp\/v2\/topic?post=6033"}],"curies":[{"name":"wp","href":"https:\/\/api.w.org\/{rel}","templated":true}]}}