{"id":6027,"date":"2025-01-30T23:17:55","date_gmt":"2025-01-30T22:17:55","guid":{"rendered":"https:\/\/prolifeeurope.org\/informacja-prawna\/"},"modified":"2026-04-16T10:12:29","modified_gmt":"2026-04-16T08:12:29","slug":"informacja-prawna","status":"publish","type":"page","link":"https:\/\/prolifeeurope.org\/pl\/informacja-prawna\/","title":{"rendered":"Informacja prawna"},"content":{"rendered":"\n<div class=\"wp-block-cover is-light no-border-radius\"><img loading=\"lazy\" decoding=\"async\" width=\"2560\" height=\"1937\" class=\"wp-block-cover__image-background wp-image-1843\" alt=\"\" src=\"https:\/\/prolifeeurope.org\/wp-content\/uploads\/2025\/01\/Pro_Life-CI-Background7-scaled-1.jpg\" data-object-fit=\"cover\" srcset=\"https:\/\/prolifeeurope.org\/wp-content\/uploads\/2025\/01\/Pro_Life-CI-Background7-scaled-1.jpg 2560w, https:\/\/prolifeeurope.org\/wp-content\/uploads\/2025\/01\/Pro_Life-CI-Background7-scaled-1-300x227.jpg 300w, https:\/\/prolifeeurope.org\/wp-content\/uploads\/2025\/01\/Pro_Life-CI-Background7-scaled-1-1024x775.jpg 1024w, https:\/\/prolifeeurope.org\/wp-content\/uploads\/2025\/01\/Pro_Life-CI-Background7-scaled-1-768x581.jpg 768w, https:\/\/prolifeeurope.org\/wp-content\/uploads\/2025\/01\/Pro_Life-CI-Background7-scaled-1-1536x1162.jpg 1536w, https:\/\/prolifeeurope.org\/wp-content\/uploads\/2025\/01\/Pro_Life-CI-Background7-scaled-1-2048x1550.jpg 2048w\" sizes=\"auto, (max-width: 2560px) 100vw, 2560px\" \/><span aria-hidden=\"true\" class=\"wp-block-cover__background has-background-dim\" style=\"background-color:#e8642e\"><\/span><div class=\"wp-block-cover__inner-container is-layout-constrained wp-block-cover-is-layout-constrained\">\n<h1 class=\"wp-block-heading has-text-align-center has-large-font-size\">Informacja prawna<\/h1>\n<\/div><\/div>\n\r\n<section  class=\"prose prose-neutral prose-a:text-primary\">\r\n    <div class=\"main ~py-10\/20 text-lg text-body\/[75%] [&#038;_:is(strong,em)]:text-inherit [&#038;_:is(h2,h3,h4,h5,h6)]:text-orange [&#038;_a]:text-orange\">\r\n        <p><strong>Informacje zgodnie z \u00a7 5 TMG<\/strong><\/p>\n<p><strong>ProLife Europe e.V.<\/strong><br \/>\nMemminger Str. 30<br \/>\nD \u2013 89264 Wei\u00dfenhorn <\/p>\n<p><strong>Rejestr stowarzysze\u0144:<\/strong><br \/>\n201042<\/p>\n<p><strong>S\u0105d rejestrowy:<\/strong><br \/>\nAmtsgericht Memmingen<\/p>\n<p><strong>Reprezentacja:<\/strong><br \/>\nPrzewodnicz\u0105ca: Maria Czernin<br \/>\nCz\u0142onkowie zarz\u0105du: Miriam Becker, Manuela Steiner, Benedikt Oyen, Benjamin Famula<\/p>\n<p><strong>Kontakt<\/strong><br \/>\nTelefon: +49 1 5171890846<br \/>\nE-mail: info@prolifeeurope.org<\/p>\n<p><strong>Numer identyfikacji podatkowej VAT<\/strong><br \/>\nNumer identyfikacyjny podatku od sprzeda\u017cy zgodnie z \u00a7 27a ustawy o podatku od sprzeda\u017cy:<br \/>\nDE327304813<\/p>\n<p><strong>Osoba odpowiedzialna za tre\u015b\u0107 zgodnie z \u00a7 55 ust. 2 RStV<\/strong><br \/>\nProLife Europe e.V.<br \/>\nMemminger Str. 30<br \/>\nD \u2013 89264 Wei\u00dfenhorn <\/p>\n<p><strong>Pozas\u0105dowe rozstrzyganie spor\u00f3w \/ Uniwersalny organ arbitra\u017cowy<\/strong><br \/>\nNie jeste\u015bmy sk\u0142onni ani zobowi\u0105zani do udzia\u0142u w post\u0119powaniach rozstrzygaj\u0105cych spory przed konsumenck\u0105 komisj\u0105 arbitra\u017cow\u0105.<\/p>\n<p><strong>Odpowiedzialno\u015b\u0107 za tre\u015bci<\/strong><br \/>\nJako us\u0142ugodawca jeste\u015bmy odpowiedzialni za w\u0142asne tre\u015bci zamieszczone na tych stronach zgodnie z \u00a7 7 ust. 1 TMG oraz og\u00f3lnymi przepisami prawa. Zgodnie z \u00a7\u00a7 8\u201310 TMG nie jeste\u015bmy jednak zobowi\u0105zani do monitorowania przekazywanych lub przechowywanych informacji zewn\u0119trznych ani do badania okoliczno\u015bci wskazuj\u0105cych na dzia\u0142alno\u015b\u0107 bezprawn\u0105.  <\/p>\n<p>Obowi\u0105zki dotycz\u0105ce usuni\u0119cia lub zablokowania korzystania z informacji wynikaj\u0105ce z og\u00f3lnych przepis\u00f3w pozostaj\u0105 nienaruszone. Jednak odpowiedzialno\u015b\u0107 w tym zakresie mo\u017cliwa jest dopiero od momentu uzyskania wiedzy o konkretnym naruszeniu. Je\u015bli dowiemy si\u0119 o jakichkolwiek naruszeniach, niezw\u0142ocznie usuniemy takie tre\u015bci.  <\/p>\n<p><strong>Odpowiedzialno\u015b\u0107 za linki<\/strong><br \/>\nNasza oferta zawiera linki do zewn\u0119trznych stron internetowych os\u00f3b trzecich, na kt\u00f3rych tre\u015b\u0107 nie mamy wp\u0142ywu. Dlatego nie mo\u017cemy ponosi\u0107 odpowiedzialno\u015bci za te zewn\u0119trzne tre\u015bci. Za tre\u015b\u0107 stron, do kt\u00f3rych prowadz\u0105 linki, zawsze odpowiada odpowiedni dostawca lub operator tych stron. Strony te zosta\u0142y sprawdzone pod k\u0105tem ewentualnych narusze\u0144 prawa w momencie umieszczania link\u00f3w. W chwili linkowania nie stwierdzono tre\u015bci niezgodnych z prawem.    <\/p>\n<p>Sta\u0142e monitorowanie tre\u015bci stron, do kt\u00f3rych prowadz\u0105 linki, bez konkretnych przes\u0142anek naruszenia nie jest jednak rozs\u0105dne. W przypadku uzyskania informacji o naruszeniach niezw\u0142ocznie usuniemy takie linki. <\/p>\n<p><strong>Prawa autorskie<\/strong><br \/>\nTre\u015bci i dzie\u0142a zamieszczone na tych stronach, stworzone przez operator\u00f3w strony, podlegaj\u0105 niemieckiemu prawu autorskiemu. Powielanie, przetwarzanie, rozpowszechnianie oraz wszelkie wykorzystanie wykraczaj\u0105ce poza granice prawa autorskiego wymaga pisemnej zgody odpowiedniego autora lub tw\u00f3rcy. Pobieranie i kopiowanie tych stron jest dozwolone wy\u0142\u0105cznie do u\u017cytku prywatnego, niekomercyjnego.  <\/p>\n<p>O ile tre\u015bci na tej stronie nie zosta\u0142y stworzone przez operatora, przestrzegane s\u0105 prawa autorskie os\u00f3b trzecich. Tre\u015bci os\u00f3b trzecich s\u0105 w szczeg\u00f3lno\u015bci oznaczone jako takie. Je\u015bli mimo to zauwa\u017cysz naruszenie praw autorskich, prosimy o odpowiedni\u0105 informacj\u0119. W przypadku uzyskania wiedzy o naruszeniach niezw\u0142ocznie usuniemy takie tre\u015bci.   <\/p>\n    <\/div>\r\n<\/section>","protected":false},"excerpt":{"rendered":"","protected":false},"author":14,"featured_media":0,"parent":0,"menu_order":0,"comment_status":"closed","ping_status":"closed","template":"","meta":{"_acf_changed":false,"_monsterinsights_skip_tracking":false,"_monsterinsights_sitenote_active":false,"_monsterinsights_sitenote_note":"","_monsterinsights_sitenote_category":0,"footnotes":""},"topic":[],"class_list":["post-6027","page","type-page","status-publish","hentry"],"acf":[],"yoast_head":"<!-- This site is optimized with the Yoast SEO plugin v27.2 - https:\/\/yoast.com\/product\/yoast-seo-wordpress\/ -->\n<title>Informacja prawna - ProLife Europe<\/title>\n<meta name=\"description\" content=\"Informacja prawna o ProLife Europe e.V. Istniejemy, aby ujawnia\u0107 prawd\u0119 o aborcji oraz wspiera\u0107 student\u00f3w w obronie i budowaniu kultury \u017cycia w ca\u0142ej Europie.\" \/>\n<meta name=\"robots\" content=\"index, follow, max-snippet:-1, max-image-preview:large, max-video-preview:-1\" \/>\n<link rel=\"canonical\" href=\"https:\/\/prolifeeurope.org\/pl\/informacja-prawna\/\" \/>\n<meta property=\"og:locale\" content=\"pl_PL\" \/>\n<meta property=\"og:type\" content=\"article\" \/>\n<meta property=\"og:title\" content=\"Informacja prawna - ProLife Europe\" \/>\n<meta property=\"og:description\" content=\"Informacja prawna o ProLife Europe e.V. Istniejemy, aby ujawnia\u0107 prawd\u0119 o aborcji oraz wspiera\u0107 student\u00f3w w obronie i budowaniu kultury \u017cycia w ca\u0142ej Europie.\" \/>\n<meta property=\"og:url\" content=\"https:\/\/prolifeeurope.org\/pl\/informacja-prawna\/\" \/>\n<meta property=\"og:site_name\" content=\"ProLife Europe\" \/>\n<meta property=\"article:publisher\" content=\"https:\/\/www.facebook.com\/ProLifeEurope\/\" \/>\n<meta property=\"article:modified_time\" content=\"2026-04-16T08:12:29+00:00\" \/>\n<meta property=\"og:image\" content=\"https:\/\/prolifeeurope.org\/wp-content\/uploads\/2025\/01\/Pro_Life-CI-Background7-scaled-1.jpg\" \/>\n\t<meta property=\"og:image:width\" content=\"2560\" \/>\n\t<meta property=\"og:image:height\" content=\"1937\" \/>\n\t<meta property=\"og:image:type\" content=\"image\/jpeg\" \/>\n<meta name=\"twitter:card\" content=\"summary_large_image\" \/>\n<script type=\"application\/ld+json\" class=\"yoast-schema-graph\">{\"@context\":\"https:\/\/schema.org\",\"@graph\":[{\"@type\":\"WebPage\",\"@id\":\"https:\/\/prolifeeurope.org\/pl\/informacja-prawna\/\",\"url\":\"https:\/\/prolifeeurope.org\/pl\/informacja-prawna\/\",\"name\":\"Informacja prawna - ProLife Europe\",\"isPartOf\":{\"@id\":\"https:\/\/prolifeeurope.org\/pl\/#website\"},\"primaryImageOfPage\":{\"@id\":\"https:\/\/prolifeeurope.org\/pl\/informacja-prawna\/#primaryimage\"},\"image\":{\"@id\":\"https:\/\/prolifeeurope.org\/pl\/informacja-prawna\/#primaryimage\"},\"thumbnailUrl\":\"https:\/\/prolifeeurope.org\/wp-content\/uploads\/2025\/01\/Pro_Life-CI-Background7-scaled-1.jpg\",\"datePublished\":\"2025-01-30T22:17:55+00:00\",\"dateModified\":\"2026-04-16T08:12:29+00:00\",\"description\":\"Informacja prawna o ProLife Europe e.V. Istniejemy, aby ujawnia\u0107 prawd\u0119 o aborcji oraz wspiera\u0107 student\u00f3w w obronie i budowaniu kultury \u017cycia w ca\u0142ej Europie.\",\"breadcrumb\":{\"@id\":\"https:\/\/prolifeeurope.org\/pl\/informacja-prawna\/#breadcrumb\"},\"inLanguage\":\"pl-PL\",\"potentialAction\":[{\"@type\":\"ReadAction\",\"target\":[\"https:\/\/prolifeeurope.org\/pl\/informacja-prawna\/\"]}]},{\"@type\":\"ImageObject\",\"inLanguage\":\"pl-PL\",\"@id\":\"https:\/\/prolifeeurope.org\/pl\/informacja-prawna\/#primaryimage\",\"url\":\"https:\/\/prolifeeurope.org\/wp-content\/uploads\/2025\/01\/Pro_Life-CI-Background7-scaled-1.jpg\",\"contentUrl\":\"https:\/\/prolifeeurope.org\/wp-content\/uploads\/2025\/01\/Pro_Life-CI-Background7-scaled-1.jpg\"},{\"@type\":\"BreadcrumbList\",\"@id\":\"https:\/\/prolifeeurope.org\/pl\/informacja-prawna\/#breadcrumb\",\"itemListElement\":[{\"@type\":\"ListItem\",\"position\":1,\"name\":\"Home\",\"item\":\"https:\/\/prolifeeurope.org\/pl\/\"},{\"@type\":\"ListItem\",\"position\":2,\"name\":\"Informacja prawna\"}]},{\"@type\":\"WebSite\",\"@id\":\"https:\/\/prolifeeurope.org\/pl\/#website\",\"url\":\"https:\/\/prolifeeurope.org\/pl\/\",\"name\":\"ProLife Europe\",\"description\":\"\",\"publisher\":{\"@id\":\"https:\/\/prolifeeurope.org\/pl\/#organization\"},\"potentialAction\":[{\"@type\":\"SearchAction\",\"target\":{\"@type\":\"EntryPoint\",\"urlTemplate\":\"https:\/\/prolifeeurope.org\/pl\/?s={search_term_string}\"},\"query-input\":{\"@type\":\"PropertyValueSpecification\",\"valueRequired\":true,\"valueName\":\"search_term_string\"}}],\"inLanguage\":\"pl-PL\"},{\"@type\":\"Organization\",\"@id\":\"https:\/\/prolifeeurope.org\/pl\/#organization\",\"name\":\"ProLife Europe\",\"url\":\"https:\/\/prolifeeurope.org\/pl\/\",\"logo\":{\"@type\":\"ImageObject\",\"inLanguage\":\"pl-PL\",\"@id\":\"https:\/\/prolifeeurope.org\/pl\/#\/schema\/logo\/image\/\",\"url\":\"https:\/\/prolifeeurope.org\/wp-content\/uploads\/2024\/11\/logo-3.svg\",\"contentUrl\":\"https:\/\/prolifeeurope.org\/wp-content\/uploads\/2024\/11\/logo-3.svg\",\"width\":166,\"height\":170,\"caption\":\"ProLife Europe\"},\"image\":{\"@id\":\"https:\/\/prolifeeurope.org\/pl\/#\/schema\/logo\/image\/\"},\"sameAs\":[\"https:\/\/www.facebook.com\/ProLifeEurope\/\",\"https:\/\/www.instagram.com\/prolife_europe\/\",\"https:\/\/www.youtube.com\/channel\/UC7olgmdiSVEHZUiP554XozA\"]}]}<\/script>\n<!-- \/ Yoast SEO plugin. -->","yoast_head_json":{"title":"Informacja prawna - ProLife Europe","description":"Informacja prawna o ProLife Europe e.V. Istniejemy, aby ujawnia\u0107 prawd\u0119 o aborcji oraz wspiera\u0107 student\u00f3w w obronie i budowaniu kultury \u017cycia w ca\u0142ej Europie.","robots":{"index":"index","follow":"follow","max-snippet":"max-snippet:-1","max-image-preview":"max-image-preview:large","max-video-preview":"max-video-preview:-1"},"canonical":"https:\/\/prolifeeurope.org\/pl\/informacja-prawna\/","og_locale":"pl_PL","og_type":"article","og_title":"Informacja prawna - ProLife Europe","og_description":"Informacja prawna o ProLife Europe e.V. Istniejemy, aby ujawnia\u0107 prawd\u0119 o aborcji oraz wspiera\u0107 student\u00f3w w obronie i budowaniu kultury \u017cycia w ca\u0142ej Europie.","og_url":"https:\/\/prolifeeurope.org\/pl\/informacja-prawna\/","og_site_name":"ProLife Europe","article_publisher":"https:\/\/www.facebook.com\/ProLifeEurope\/","article_modified_time":"2026-04-16T08:12:29+00:00","og_image":[{"width":2560,"height":1937,"url":"https:\/\/prolifeeurope.org\/wp-content\/uploads\/2025\/01\/Pro_Life-CI-Background7-scaled-1.jpg","type":"image\/jpeg"}],"twitter_card":"summary_large_image","schema":{"@context":"https:\/\/schema.org","@graph":[{"@type":"WebPage","@id":"https:\/\/prolifeeurope.org\/pl\/informacja-prawna\/","url":"https:\/\/prolifeeurope.org\/pl\/informacja-prawna\/","name":"Informacja prawna - ProLife Europe","isPartOf":{"@id":"https:\/\/prolifeeurope.org\/pl\/#website"},"primaryImageOfPage":{"@id":"https:\/\/prolifeeurope.org\/pl\/informacja-prawna\/#primaryimage"},"image":{"@id":"https:\/\/prolifeeurope.org\/pl\/informacja-prawna\/#primaryimage"},"thumbnailUrl":"https:\/\/prolifeeurope.org\/wp-content\/uploads\/2025\/01\/Pro_Life-CI-Background7-scaled-1.jpg","datePublished":"2025-01-30T22:17:55+00:00","dateModified":"2026-04-16T08:12:29+00:00","description":"Informacja prawna o ProLife Europe e.V. Istniejemy, aby ujawnia\u0107 prawd\u0119 o aborcji oraz wspiera\u0107 student\u00f3w w obronie i budowaniu kultury \u017cycia w ca\u0142ej Europie.","breadcrumb":{"@id":"https:\/\/prolifeeurope.org\/pl\/informacja-prawna\/#breadcrumb"},"inLanguage":"pl-PL","potentialAction":[{"@type":"ReadAction","target":["https:\/\/prolifeeurope.org\/pl\/informacja-prawna\/"]}]},{"@type":"ImageObject","inLanguage":"pl-PL","@id":"https:\/\/prolifeeurope.org\/pl\/informacja-prawna\/#primaryimage","url":"https:\/\/prolifeeurope.org\/wp-content\/uploads\/2025\/01\/Pro_Life-CI-Background7-scaled-1.jpg","contentUrl":"https:\/\/prolifeeurope.org\/wp-content\/uploads\/2025\/01\/Pro_Life-CI-Background7-scaled-1.jpg"},{"@type":"BreadcrumbList","@id":"https:\/\/prolifeeurope.org\/pl\/informacja-prawna\/#breadcrumb","itemListElement":[{"@type":"ListItem","position":1,"name":"Home","item":"https:\/\/prolifeeurope.org\/pl\/"},{"@type":"ListItem","position":2,"name":"Informacja prawna"}]},{"@type":"WebSite","@id":"https:\/\/prolifeeurope.org\/pl\/#website","url":"https:\/\/prolifeeurope.org\/pl\/","name":"ProLife Europe","description":"","publisher":{"@id":"https:\/\/prolifeeurope.org\/pl\/#organization"},"potentialAction":[{"@type":"SearchAction","target":{"@type":"EntryPoint","urlTemplate":"https:\/\/prolifeeurope.org\/pl\/?s={search_term_string}"},"query-input":{"@type":"PropertyValueSpecification","valueRequired":true,"valueName":"search_term_string"}}],"inLanguage":"pl-PL"},{"@type":"Organization","@id":"https:\/\/prolifeeurope.org\/pl\/#organization","name":"ProLife Europe","url":"https:\/\/prolifeeurope.org\/pl\/","logo":{"@type":"ImageObject","inLanguage":"pl-PL","@id":"https:\/\/prolifeeurope.org\/pl\/#\/schema\/logo\/image\/","url":"https:\/\/prolifeeurope.org\/wp-content\/uploads\/2024\/11\/logo-3.svg","contentUrl":"https:\/\/prolifeeurope.org\/wp-content\/uploads\/2024\/11\/logo-3.svg","width":166,"height":170,"caption":"ProLife Europe"},"image":{"@id":"https:\/\/prolifeeurope.org\/pl\/#\/schema\/logo\/image\/"},"sameAs":["https:\/\/www.facebook.com\/ProLifeEurope\/","https:\/\/www.instagram.com\/prolife_europe\/","https:\/\/www.youtube.com\/channel\/UC7olgmdiSVEHZUiP554XozA"]}]}},"_links":{"self":[{"href":"https:\/\/prolifeeurope.org\/pl\/wp-json\/wp\/v2\/pages\/6027","targetHints":{"allow":["GET"]}}],"collection":[{"href":"https:\/\/prolifeeurope.org\/pl\/wp-json\/wp\/v2\/pages"}],"about":[{"href":"https:\/\/prolifeeurope.org\/pl\/wp-json\/wp\/v2\/types\/page"}],"author":[{"embeddable":true,"href":"https:\/\/prolifeeurope.org\/pl\/wp-json\/wp\/v2\/users\/14"}],"replies":[{"embeddable":true,"href":"https:\/\/prolifeeurope.org\/pl\/wp-json\/wp\/v2\/comments?post=6027"}],"version-history":[{"count":1,"href":"https:\/\/prolifeeurope.org\/pl\/wp-json\/wp\/v2\/pages\/6027\/revisions"}],"predecessor-version":[{"id":6028,"href":"https:\/\/prolifeeurope.org\/pl\/wp-json\/wp\/v2\/pages\/6027\/revisions\/6028"}],"wp:attachment":[{"href":"https:\/\/prolifeeurope.org\/pl\/wp-json\/wp\/v2\/media?parent=6027"}],"wp:term":[{"taxonomy":"topic","embeddable":true,"href":"https:\/\/prolifeeurope.org\/pl\/wp-json\/wp\/v2\/topic?post=6027"}],"curies":[{"name":"wp","href":"https:\/\/api.w.org\/{rel}","templated":true}]}}