{"id":6017,"date":"2024-11-28T21:42:48","date_gmt":"2024-11-28T20:42:48","guid":{"rendered":"https:\/\/prolifeeurope.org\/merch-2\/"},"modified":"2026-04-16T09:58:14","modified_gmt":"2026-04-16T07:58:14","slug":"merch-2","status":"publish","type":"page","link":"https:\/\/prolifeeurope.org\/pl\/merch-2\/","title":{"rendered":"Merch"},"content":{"rendered":"\r\n<section  class=\"bg-cream\">\r\n    <div class=\"wide py-6 grid items-center ~gap-5\/10 xl:gap-0 md:grid-cols-2\">\r\n        <div>\r\n            <h1 class=\"text-body\/[90%] font-bold ~text-56\/9xl ~leading-56\/110 ~-tracking-3\/11 ~mb-5\/8 [&#038;_span]:text-orange\">Merch: <span>Rozsiewaj przes\u0142anie<\/span><\/h1>\r\n            <p class=\"text-lg text-body\/[75%] md:max-w-560px\">Merch, kt\u00f3ry mo\u017cesz nosi\u0107 z dum\u0105, pokazuj\u0105c swoje zaanga\u017cowanie w ochron\u0119 \u017cycia. Ka\u017cdy zakup pomaga szerzy\u0107 przes\u0142anie i wspiera nasz\u0105 misj\u0119. <\/p>\r\n        <\/div>\r\n        <div>\r\n            <img loading=\"lazy\" decoding=\"async\" width=\"1137\" height=\"1500\" src=\"https:\/\/prolifeeurope.org\/wp-content\/uploads\/2025\/01\/ple-merch-navy-tee-2.jpg\" class=\"md:mx-auto\" alt=\"A young woman wearing the navy t-shirt from the ProLife Europe merchandise collection, sitting on a concrete wall in an urban setting\" srcset=\"https:\/\/prolifeeurope.org\/wp-content\/uploads\/2025\/01\/ple-merch-navy-tee-2.jpg 1137w, https:\/\/prolifeeurope.org\/wp-content\/uploads\/2025\/01\/ple-merch-navy-tee-2-227x300.jpg 227w, https:\/\/prolifeeurope.org\/wp-content\/uploads\/2025\/01\/ple-merch-navy-tee-2-776x1024.jpg 776w, https:\/\/prolifeeurope.org\/wp-content\/uploads\/2025\/01\/ple-merch-navy-tee-2-768x1013.jpg 768w\" sizes=\"auto, (max-width: 1137px) 100vw, 1137px\" \/>        <\/div>\r\n    <\/div>\r\n<\/section>\n<section  style=\"background-color:#ffde43\">\n    <div class=\"main grid grid-cols-1 items-center ~md:~gap-10\/36 ~py-60px\/100px md:grid-cols-2\">\n        <div class=\"content flex flex-col items-start ~gap-y-26px\/8 md:max-w-460px md:order-1\">\n            <h2 class=\"heading text-body\/[90%]  \">Koszulki<\/h2>\n                                        <div class=\"hidden\">\n                    <img loading=\"lazy\" decoding=\"async\" width=\"896\" height=\"1246\" src=\"https:\/\/prolifeeurope.org\/wp-content\/uploads\/2025\/01\/ple-merch-gray-tee-4.jpg\" class=\"attachment-full size-full\" alt=\"A man wearing the grey t-shirt from the ProLife Europe merchandise collection, facing away from the camera and wearing green trousers in an urban setting\" srcset=\"https:\/\/prolifeeurope.org\/wp-content\/uploads\/2025\/01\/ple-merch-gray-tee-4.jpg 896w, https:\/\/prolifeeurope.org\/wp-content\/uploads\/2025\/01\/ple-merch-gray-tee-4-216x300.jpg 216w, https:\/\/prolifeeurope.org\/wp-content\/uploads\/2025\/01\/ple-merch-gray-tee-4-736x1024.jpg 736w, https:\/\/prolifeeurope.org\/wp-content\/uploads\/2025\/01\/ple-merch-gray-tee-4-768x1068.jpg 768w\" sizes=\"auto, (max-width: 896px) 100vw, 896px\" \/>                <\/div>\n                                        <p class=\"text-lg text-body\/[75%] [&#038;_span]:text-orange\">Wykonane w 100% z wysokiej jako\u015bci bawe\u0142ny, nasze koszulki s\u0105 stworzone, by s\u0142u\u017cy\u0107 przez lata, a ich projekty \u2013 by przyci\u0105ga\u0107 uwag\u0119. Oka\u017c swoje wsparcie dla sprawy pro-life z wygod\u0105 i stylem, kt\u00f3re mo\u017cesz z dum\u0105 nosi\u0107 ka\u017cdego dnia. <\/p>\n            \t                                                <a class=\"btn text-center \" href=\"https:\/\/prolifeeurope.myshopify.com\/en\/\" role=\"button\" target=\"_blank\">\n                    Odwied\u017a sklep PLE                                    <\/a>\n                                <\/div>\n                    <div class=\"image-wrapper \">\n                <img loading=\"lazy\" decoding=\"async\" width=\"896\" height=\"1246\" src=\"https:\/\/prolifeeurope.org\/wp-content\/uploads\/2025\/01\/ple-merch-gray-tee-4.jpg\" class=\"attachment-full size-full\" alt=\"A man wearing the grey t-shirt from the ProLife Europe merchandise collection, facing away from the camera and wearing green trousers in an urban setting\" srcset=\"https:\/\/prolifeeurope.org\/wp-content\/uploads\/2025\/01\/ple-merch-gray-tee-4.jpg 896w, https:\/\/prolifeeurope.org\/wp-content\/uploads\/2025\/01\/ple-merch-gray-tee-4-216x300.jpg 216w, https:\/\/prolifeeurope.org\/wp-content\/uploads\/2025\/01\/ple-merch-gray-tee-4-736x1024.jpg 736w, https:\/\/prolifeeurope.org\/wp-content\/uploads\/2025\/01\/ple-merch-gray-tee-4-768x1068.jpg 768w\" sizes=\"auto, (max-width: 896px) 100vw, 896px\" \/>            <\/div>\n                    <\/div>\n<\/section>\n<section  style=\"background-color:#eae3d0\">\n    <div class=\"main grid grid-cols-1 items-center ~md:~gap-10\/36 ~py-60px\/100px md:grid-cols-2\">\n        <div class=\"content flex flex-col items-start ~gap-y-26px\/8 md:max-w-460px \">\n            <h2 class=\"heading text-body\/[90%]  \">Bluzy i swetry<\/h2>\n                                        <div class=\"hidden\">\n                    <img loading=\"lazy\" decoding=\"async\" width=\"896\" height=\"1280\" src=\"https:\/\/prolifeeurope.org\/wp-content\/uploads\/2025\/01\/ple-merch-gray-sweatshirt-2.jpg\" class=\"attachment-full size-full\" alt=\"A woman wearing the grey sweater from the ProLife Europe merchandise collection, facing the camera and against an orange paper backdrop in a studio setting\" srcset=\"https:\/\/prolifeeurope.org\/wp-content\/uploads\/2025\/01\/ple-merch-gray-sweatshirt-2.jpg 896w, https:\/\/prolifeeurope.org\/wp-content\/uploads\/2025\/01\/ple-merch-gray-sweatshirt-2-210x300.jpg 210w, https:\/\/prolifeeurope.org\/wp-content\/uploads\/2025\/01\/ple-merch-gray-sweatshirt-2-717x1024.jpg 717w, https:\/\/prolifeeurope.org\/wp-content\/uploads\/2025\/01\/ple-merch-gray-sweatshirt-2-768x1097.jpg 768w\" sizes=\"auto, (max-width: 896px) 100vw, 896px\" \/>                <\/div>\n                                        <p class=\"text-lg text-body\/[75%] [&#038;_span]:text-orange\">Stworzone z trwa\u0142ej, 100% bawe\u0142ny, nasze bluzy i swetry zapewniaj\u0105 ciep\u0142o i komfort na d\u0142ugi czas. Idealne na ch\u0142odne dni i warstwowe stylizacje \u2014 ka\u017cdy element pozwala Ci nosi\u0107 swoje warto\u015bci, gdziekolwiek jeste\u015b. <\/p>\n            \t                                                <a class=\"btn text-center \" href=\"https:\/\/prolifeeurope.myshopify.com\/en\/\" role=\"button\" target=\"_blank\">\n                    Odwied\u017a sklep PLE                                    <\/a>\n                                <\/div>\n                    <div class=\"image-wrapper \">\n                <img loading=\"lazy\" decoding=\"async\" width=\"896\" height=\"1280\" src=\"https:\/\/prolifeeurope.org\/wp-content\/uploads\/2025\/01\/ple-merch-gray-sweatshirt-2.jpg\" class=\"attachment-full size-full\" alt=\"A woman wearing the grey sweater from the ProLife Europe merchandise collection, facing the camera and against an orange paper backdrop in a studio setting\" srcset=\"https:\/\/prolifeeurope.org\/wp-content\/uploads\/2025\/01\/ple-merch-gray-sweatshirt-2.jpg 896w, https:\/\/prolifeeurope.org\/wp-content\/uploads\/2025\/01\/ple-merch-gray-sweatshirt-2-210x300.jpg 210w, https:\/\/prolifeeurope.org\/wp-content\/uploads\/2025\/01\/ple-merch-gray-sweatshirt-2-717x1024.jpg 717w, https:\/\/prolifeeurope.org\/wp-content\/uploads\/2025\/01\/ple-merch-gray-sweatshirt-2-768x1097.jpg 768w\" sizes=\"auto, (max-width: 896px) 100vw, 896px\" \/>            <\/div>\n                    <\/div>\n<\/section>\n<section  style=\"background-color:#f36025\">\n    <div class=\"main grid grid-cols-1 items-center ~md:~gap-10\/36 ~py-60px\/100px md:grid-cols-2\">\n        <div class=\"content flex flex-col items-start ~gap-y-26px\/8 md:max-w-460px md:order-1\">\n            <h2 class=\"heading text-body\/[90%]  \">Naklejki i akcesoria<\/h2>\n                                        <div class=\"hidden\">\n                    <img loading=\"lazy\" decoding=\"async\" width=\"560\" height=\"560\" src=\"https:\/\/prolifeeurope.org\/wp-content\/uploads\/2024\/11\/Group-262-4.jpg\" class=\"attachment-full size-full\" alt=\"A photo taken from above showcasing a wide range of ProLife Europe stickers and accessories laid out on a circular table\" srcset=\"https:\/\/prolifeeurope.org\/wp-content\/uploads\/2024\/11\/Group-262-4.jpg 560w, https:\/\/prolifeeurope.org\/wp-content\/uploads\/2024\/11\/Group-262-4-300x300.jpg 300w, https:\/\/prolifeeurope.org\/wp-content\/uploads\/2024\/11\/Group-262-4-150x150.jpg 150w\" sizes=\"auto, (max-width: 560px) 100vw, 560px\" \/>                <\/div>\n                                        <p class=\"text-lg text-body\/[75%] [&#038;_span]:text-orange\">Dodaj odrobin\u0119 celu do codzienno\u015bci dzi\u0119ki naszej ofercie naklejek, brelok\u00f3w, magnes\u00f3w i innych gad\u017cet\u00f3w. Te akcesoria pomagaj\u0105 wyra\u017ca\u0107 Twoje wsparcie, szerzy\u0107 przes\u0142anie i budowa\u0107 kultur\u0119 \u017cycia \u2014 niezale\u017cnie od tego, gdzie si\u0119 znajdujesz. <\/p>\n            \t                                                <a class=\"btn text-center \" href=\"https:\/\/prolifeeurope.myshopify.com\/en\/\" role=\"button\" target=\"_blank\">\n                    Odwied\u017a sklep PLE                                    <\/a>\n                                <\/div>\n                    <div class=\"image-wrapper \">\n                <img loading=\"lazy\" decoding=\"async\" width=\"560\" height=\"560\" src=\"https:\/\/prolifeeurope.org\/wp-content\/uploads\/2024\/11\/Group-262-4.jpg\" class=\"attachment-full size-full\" alt=\"A photo taken from above showcasing a wide range of ProLife Europe stickers and accessories laid out on a circular table\" srcset=\"https:\/\/prolifeeurope.org\/wp-content\/uploads\/2024\/11\/Group-262-4.jpg 560w, https:\/\/prolifeeurope.org\/wp-content\/uploads\/2024\/11\/Group-262-4-300x300.jpg 300w, https:\/\/prolifeeurope.org\/wp-content\/uploads\/2024\/11\/Group-262-4-150x150.jpg 150w\" sizes=\"auto, (max-width: 560px) 100vw, 560px\" \/>            <\/div>\n                    <\/div>\n<\/section>","protected":false},"excerpt":{"rendered":"","protected":false},"author":14,"featured_media":0,"parent":0,"menu_order":0,"comment_status":"closed","ping_status":"closed","template":"","meta":{"_acf_changed":false,"_monsterinsights_skip_tracking":false,"_monsterinsights_sitenote_active":false,"_monsterinsights_sitenote_note":"","_monsterinsights_sitenote_category":0,"footnotes":""},"topic":[],"class_list":["post-6017","page","type-page","status-publish","hentry"],"acf":[],"yoast_head":"<!-- This site is optimized with the Yoast SEO plugin v27.2 - https:\/\/yoast.com\/product\/yoast-seo-wordpress\/ -->\n<title>Merch - ProLife Europe<\/title>\n<meta name=\"description\" content=\"Merch, kt\u00f3ry mo\u017cesz nosi\u0107 z dum\u0105, pokazuj\u0105c swoje zaanga\u017cowanie w ochron\u0119 \u017cycia. Ka\u017cdy zakup pomaga szerzy\u0107 przes\u0142anie i wspiera nasz\u0105 misj\u0119.\" \/>\n<meta name=\"robots\" content=\"index, follow, max-snippet:-1, max-image-preview:large, max-video-preview:-1\" \/>\n<link rel=\"canonical\" href=\"https:\/\/prolifeeurope.org\/pl\/merch-2\/\" \/>\n<meta property=\"og:locale\" content=\"pl_PL\" \/>\n<meta property=\"og:type\" content=\"article\" \/>\n<meta property=\"og:title\" content=\"Merch - ProLife Europe\" \/>\n<meta property=\"og:description\" content=\"Merch, kt\u00f3ry mo\u017cesz nosi\u0107 z dum\u0105, pokazuj\u0105c swoje zaanga\u017cowanie w ochron\u0119 \u017cycia. Ka\u017cdy zakup pomaga szerzy\u0107 przes\u0142anie i wspiera nasz\u0105 misj\u0119.\" \/>\n<meta property=\"og:url\" content=\"https:\/\/prolifeeurope.org\/pl\/merch-2\/\" \/>\n<meta property=\"og:site_name\" content=\"ProLife Europe\" \/>\n<meta property=\"article:publisher\" content=\"https:\/\/www.facebook.com\/ProLifeEurope\/\" \/>\n<meta property=\"article:modified_time\" content=\"2026-04-16T07:58:14+00:00\" \/>\n<meta name=\"twitter:card\" content=\"summary_large_image\" \/>\n<script type=\"application\/ld+json\" class=\"yoast-schema-graph\">{\"@context\":\"https:\/\/schema.org\",\"@graph\":[{\"@type\":\"WebPage\",\"@id\":\"https:\/\/prolifeeurope.org\/pl\/merch-2\/\",\"url\":\"https:\/\/prolifeeurope.org\/pl\/merch-2\/\",\"name\":\"Merch - ProLife Europe\",\"isPartOf\":{\"@id\":\"https:\/\/prolifeeurope.org\/pl\/#website\"},\"datePublished\":\"2024-11-28T20:42:48+00:00\",\"dateModified\":\"2026-04-16T07:58:14+00:00\",\"description\":\"Merch, kt\u00f3ry mo\u017cesz nosi\u0107 z dum\u0105, pokazuj\u0105c swoje zaanga\u017cowanie w ochron\u0119 \u017cycia. Ka\u017cdy zakup pomaga szerzy\u0107 przes\u0142anie i wspiera nasz\u0105 misj\u0119.\",\"breadcrumb\":{\"@id\":\"https:\/\/prolifeeurope.org\/pl\/merch-2\/#breadcrumb\"},\"inLanguage\":\"pl-PL\",\"potentialAction\":[{\"@type\":\"ReadAction\",\"target\":[\"https:\/\/prolifeeurope.org\/pl\/merch-2\/\"]}]},{\"@type\":\"BreadcrumbList\",\"@id\":\"https:\/\/prolifeeurope.org\/pl\/merch-2\/#breadcrumb\",\"itemListElement\":[{\"@type\":\"ListItem\",\"position\":1,\"name\":\"Home\",\"item\":\"https:\/\/prolifeeurope.org\/pl\/\"},{\"@type\":\"ListItem\",\"position\":2,\"name\":\"Merch\"}]},{\"@type\":\"WebSite\",\"@id\":\"https:\/\/prolifeeurope.org\/pl\/#website\",\"url\":\"https:\/\/prolifeeurope.org\/pl\/\",\"name\":\"ProLife Europe\",\"description\":\"\",\"publisher\":{\"@id\":\"https:\/\/prolifeeurope.org\/pl\/#organization\"},\"potentialAction\":[{\"@type\":\"SearchAction\",\"target\":{\"@type\":\"EntryPoint\",\"urlTemplate\":\"https:\/\/prolifeeurope.org\/pl\/?s={search_term_string}\"},\"query-input\":{\"@type\":\"PropertyValueSpecification\",\"valueRequired\":true,\"valueName\":\"search_term_string\"}}],\"inLanguage\":\"pl-PL\"},{\"@type\":\"Organization\",\"@id\":\"https:\/\/prolifeeurope.org\/pl\/#organization\",\"name\":\"ProLife Europe\",\"url\":\"https:\/\/prolifeeurope.org\/pl\/\",\"logo\":{\"@type\":\"ImageObject\",\"inLanguage\":\"pl-PL\",\"@id\":\"https:\/\/prolifeeurope.org\/pl\/#\/schema\/logo\/image\/\",\"url\":\"https:\/\/prolifeeurope.org\/wp-content\/uploads\/2024\/11\/logo-3.svg\",\"contentUrl\":\"https:\/\/prolifeeurope.org\/wp-content\/uploads\/2024\/11\/logo-3.svg\",\"width\":166,\"height\":170,\"caption\":\"ProLife Europe\"},\"image\":{\"@id\":\"https:\/\/prolifeeurope.org\/pl\/#\/schema\/logo\/image\/\"},\"sameAs\":[\"https:\/\/www.facebook.com\/ProLifeEurope\/\",\"https:\/\/www.instagram.com\/prolife_europe\/\",\"https:\/\/www.youtube.com\/channel\/UC7olgmdiSVEHZUiP554XozA\"]}]}<\/script>\n<!-- \/ Yoast SEO plugin. -->","yoast_head_json":{"title":"Merch - ProLife Europe","description":"Merch, kt\u00f3ry mo\u017cesz nosi\u0107 z dum\u0105, pokazuj\u0105c swoje zaanga\u017cowanie w ochron\u0119 \u017cycia. Ka\u017cdy zakup pomaga szerzy\u0107 przes\u0142anie i wspiera nasz\u0105 misj\u0119.","robots":{"index":"index","follow":"follow","max-snippet":"max-snippet:-1","max-image-preview":"max-image-preview:large","max-video-preview":"max-video-preview:-1"},"canonical":"https:\/\/prolifeeurope.org\/pl\/merch-2\/","og_locale":"pl_PL","og_type":"article","og_title":"Merch - ProLife Europe","og_description":"Merch, kt\u00f3ry mo\u017cesz nosi\u0107 z dum\u0105, pokazuj\u0105c swoje zaanga\u017cowanie w ochron\u0119 \u017cycia. Ka\u017cdy zakup pomaga szerzy\u0107 przes\u0142anie i wspiera nasz\u0105 misj\u0119.","og_url":"https:\/\/prolifeeurope.org\/pl\/merch-2\/","og_site_name":"ProLife Europe","article_publisher":"https:\/\/www.facebook.com\/ProLifeEurope\/","article_modified_time":"2026-04-16T07:58:14+00:00","twitter_card":"summary_large_image","schema":{"@context":"https:\/\/schema.org","@graph":[{"@type":"WebPage","@id":"https:\/\/prolifeeurope.org\/pl\/merch-2\/","url":"https:\/\/prolifeeurope.org\/pl\/merch-2\/","name":"Merch - ProLife Europe","isPartOf":{"@id":"https:\/\/prolifeeurope.org\/pl\/#website"},"datePublished":"2024-11-28T20:42:48+00:00","dateModified":"2026-04-16T07:58:14+00:00","description":"Merch, kt\u00f3ry mo\u017cesz nosi\u0107 z dum\u0105, pokazuj\u0105c swoje zaanga\u017cowanie w ochron\u0119 \u017cycia. Ka\u017cdy zakup pomaga szerzy\u0107 przes\u0142anie i wspiera nasz\u0105 misj\u0119.","breadcrumb":{"@id":"https:\/\/prolifeeurope.org\/pl\/merch-2\/#breadcrumb"},"inLanguage":"pl-PL","potentialAction":[{"@type":"ReadAction","target":["https:\/\/prolifeeurope.org\/pl\/merch-2\/"]}]},{"@type":"BreadcrumbList","@id":"https:\/\/prolifeeurope.org\/pl\/merch-2\/#breadcrumb","itemListElement":[{"@type":"ListItem","position":1,"name":"Home","item":"https:\/\/prolifeeurope.org\/pl\/"},{"@type":"ListItem","position":2,"name":"Merch"}]},{"@type":"WebSite","@id":"https:\/\/prolifeeurope.org\/pl\/#website","url":"https:\/\/prolifeeurope.org\/pl\/","name":"ProLife Europe","description":"","publisher":{"@id":"https:\/\/prolifeeurope.org\/pl\/#organization"},"potentialAction":[{"@type":"SearchAction","target":{"@type":"EntryPoint","urlTemplate":"https:\/\/prolifeeurope.org\/pl\/?s={search_term_string}"},"query-input":{"@type":"PropertyValueSpecification","valueRequired":true,"valueName":"search_term_string"}}],"inLanguage":"pl-PL"},{"@type":"Organization","@id":"https:\/\/prolifeeurope.org\/pl\/#organization","name":"ProLife Europe","url":"https:\/\/prolifeeurope.org\/pl\/","logo":{"@type":"ImageObject","inLanguage":"pl-PL","@id":"https:\/\/prolifeeurope.org\/pl\/#\/schema\/logo\/image\/","url":"https:\/\/prolifeeurope.org\/wp-content\/uploads\/2024\/11\/logo-3.svg","contentUrl":"https:\/\/prolifeeurope.org\/wp-content\/uploads\/2024\/11\/logo-3.svg","width":166,"height":170,"caption":"ProLife Europe"},"image":{"@id":"https:\/\/prolifeeurope.org\/pl\/#\/schema\/logo\/image\/"},"sameAs":["https:\/\/www.facebook.com\/ProLifeEurope\/","https:\/\/www.instagram.com\/prolife_europe\/","https:\/\/www.youtube.com\/channel\/UC7olgmdiSVEHZUiP554XozA"]}]}},"_links":{"self":[{"href":"https:\/\/prolifeeurope.org\/pl\/wp-json\/wp\/v2\/pages\/6017","targetHints":{"allow":["GET"]}}],"collection":[{"href":"https:\/\/prolifeeurope.org\/pl\/wp-json\/wp\/v2\/pages"}],"about":[{"href":"https:\/\/prolifeeurope.org\/pl\/wp-json\/wp\/v2\/types\/page"}],"author":[{"embeddable":true,"href":"https:\/\/prolifeeurope.org\/pl\/wp-json\/wp\/v2\/users\/14"}],"replies":[{"embeddable":true,"href":"https:\/\/prolifeeurope.org\/pl\/wp-json\/wp\/v2\/comments?post=6017"}],"version-history":[{"count":1,"href":"https:\/\/prolifeeurope.org\/pl\/wp-json\/wp\/v2\/pages\/6017\/revisions"}],"predecessor-version":[{"id":6026,"href":"https:\/\/prolifeeurope.org\/pl\/wp-json\/wp\/v2\/pages\/6017\/revisions\/6026"}],"wp:attachment":[{"href":"https:\/\/prolifeeurope.org\/pl\/wp-json\/wp\/v2\/media?parent=6017"}],"wp:term":[{"taxonomy":"topic","embeddable":true,"href":"https:\/\/prolifeeurope.org\/pl\/wp-json\/wp\/v2\/topic?post=6017"}],"curies":[{"name":"wp","href":"https:\/\/api.w.org\/{rel}","templated":true}]}}