{"id":3694,"date":"2025-01-30T23:23:47","date_gmt":"2025-01-30T22:23:47","guid":{"rendered":"https:\/\/ws-staging.prolifeeurope.org\/ochrona-danych-i-prywatnosc\/"},"modified":"2025-04-02T09:48:39","modified_gmt":"2025-04-02T07:48:39","slug":"ochrona-danych-i-prywatnosc","status":"publish","type":"page","link":"https:\/\/prolifeeurope.org\/pl\/ochrona-danych-i-prywatnosc\/","title":{"rendered":"Ochrona danych i prywatno\u015b\u0107"},"content":{"rendered":"\n<div class=\"wp-block-cover is-light no-border-radius\"><span aria-hidden=\"true\" class=\"wp-block-cover__background has-background-dim\" style=\"background-color:#e8642e\"><\/span><img loading=\"lazy\" decoding=\"async\" width=\"2560\" height=\"1937\" class=\"wp-block-cover__image-background wp-image-1843\" alt=\"\" src=\"https:\/\/prolifeeurope.org\/wp-content\/uploads\/2025\/01\/Pro_Life-CI-Background7-scaled-1.jpg\" data-object-fit=\"cover\" srcset=\"https:\/\/prolifeeurope.org\/wp-content\/uploads\/2025\/01\/Pro_Life-CI-Background7-scaled-1.jpg 2560w, https:\/\/prolifeeurope.org\/wp-content\/uploads\/2025\/01\/Pro_Life-CI-Background7-scaled-1-300x227.jpg 300w, https:\/\/prolifeeurope.org\/wp-content\/uploads\/2025\/01\/Pro_Life-CI-Background7-scaled-1-1024x775.jpg 1024w, https:\/\/prolifeeurope.org\/wp-content\/uploads\/2025\/01\/Pro_Life-CI-Background7-scaled-1-768x581.jpg 768w, https:\/\/prolifeeurope.org\/wp-content\/uploads\/2025\/01\/Pro_Life-CI-Background7-scaled-1-1536x1162.jpg 1536w, https:\/\/prolifeeurope.org\/wp-content\/uploads\/2025\/01\/Pro_Life-CI-Background7-scaled-1-2048x1550.jpg 2048w\" sizes=\"auto, (max-width: 2560px) 100vw, 2560px\" \/><div class=\"wp-block-cover__inner-container is-layout-constrained wp-block-cover-is-layout-constrained\">\n<h1 class=\"wp-block-heading has-text-align-center has-large-font-size\">Ochrona danych i prywatno\u015b\u0107<\/h1>\n<\/div><\/div>\n\r\n<section  class=\"prose prose-neutral prose-a:text-primary\">\r\n    <div class=\"main ~py-10\/20 text-lg text-body\/[75%] [&#038;_:is(strong,em)]:text-inherit [&#038;_:is(h2,h3,h4,h5,h6)]:text-orange [&#038;_a]:text-orange\">\r\n        <p><strong>Informacja o gromadzeniu danych osobowych<\/strong><\/p>\n<p><strong>1. Imi\u0119 i nazwisko oraz adres osoby odpowiedzialnej<\/strong><\/p>\n<p>Odpowiedzialne, zgodnie z Art. 4.7 podstawowego rozporz\u0105dzenia UE o ochronie danych (EU-DSGVO) jest stowarzyszenie ProLife Europe e.V., patrz stopka strony.<\/p>\n<p><strong>2. Informacje dotycz\u0105ce gromadzenia danych osobowych<\/strong><\/p>\n<p>\u2013 Poni\u017cej informujemy o gromadzeniu danych osobowych podczas korzystania z naszej strony internetowej. Dane osobowe to wszystkie dane, kt\u00f3re mo\u017cna powi\u0105za\u0107 z u\u017cytkownikiem osobi\u015bcie, np. imi\u0119 i nazwisko, adres, adresy e-mail, zachowanie u\u017cytkownika.<br \/>\n\u2013 Gdy u\u017cytkownik kontaktuje si\u0119 z nami za po\u015brednictwem poczty elektronicznej lub formularza kontaktowego, podane przez niego dane (adres e-mail oraz imi\u0119 i nazwisko) s\u0105 przez nas przechowywane w celu udzielenia odpowiedzi na pytania u\u017cytkownika. Usuwamy dane powsta\u0142e w zwi\u0105zku z tym, gdy przechowywanie nie jest ju\u017c wymagane lub ograniczamy przetwarzanie, je\u015bli istniej\u0105 prawne zobowi\u0105zania do przechowywania danych.<br \/>\n\u2013 Zasadniczo przetwarzamy dane osobowe naszych u\u017cytkownik\u00f3w wy\u0142\u0105cznie w zakresie niezb\u0119dnym do zapewnienia funkcjonalno\u015bci strony internetowej oraz naszych tre\u015bci i us\u0142ug. Przetwarzanie danych osobowych naszych u\u017cytkownik\u00f3w odbywa si\u0119 regularnie wy\u0142\u0105cznie za zgod\u0105 u\u017cytkownika. Wyj\u0105tek stanowi\u0105 przypadki, w kt\u00f3rych nie mo\u017cna uzyska\u0107 uprzedniej zgody z przyczyn faktycznych, a przetwarzanie danych jest dozwolone przez prawo.  <\/p>\n<p><strong>3. Podstawa prawna przetwarzania danych osobowych<\/strong><\/p>\n<p>\u2013 W zakresie, w jakim uzyskujemy zgod\u0119 osoby, kt\u00f3rej dane dotycz\u0105, na przetwarzanie danych osobowych, Art. 6.1.a rozporz\u0105dzenia UE o ochronie danych osobowych (DSGVO) stanowi podstaw\u0119 prawn\u0105.<br \/>\n\u2013 W zakresie, w jakim przetwarzanie danych osobowych jest niezb\u0119dne do wype\u0142nienia obowi\u0105zku prawnego, kt\u00f3remu podlega nasze stowarzyszenie, art. 6.1.c DSGVO stanowi podstaw\u0119 prawn\u0105.<br \/>\n\u2013 Je\u017celi przetwarzanie jest niezb\u0119dne do zabezpieczenia uzasadnionego interesu naszego stowarzyszenia lub strony trzeciej i je\u017celi interesy, podstawowe prawa i wolno\u015bci osoby, kt\u00f3rej dane dotycz\u0105, nie przewa\u017caj\u0105 nad tym interesem, art. 6.1.f DSGVO stanowi podstaw\u0119 prawn\u0105 przetwarzania.<\/p>\n<p><strong>4. Usuwanie danych i czas przechowywania<\/strong><\/p>\n<p>Dane osobowe danej osoby zostan\u0105 usuni\u0119te lub zablokowane, gdy tylko cel przechowywania przestanie mie\u0107 zastosowanie. Przechowywanie mo\u017ce r\u00f3wnie\u017c mie\u0107 miejsce, je\u015bli zosta\u0142o to przewidziane przez prawodawc\u0119 europejskiego lub krajowego w rozporz\u0105dzeniach UE, przepisach ustawowych lub innych przepisach, kt\u00f3rym podlega osoba odpowiedzialna. Dane zostan\u0105 r\u00f3wnie\u017c zablokowane lub usuni\u0119te po up\u0142ywie okresu przechowywania okre\u015blonego w wy\u017cej wymienionych normach, chyba \u017ce istnieje potrzeba dalszego przechowywania danych w celu zawarcia lub wykonania umowy.  <\/p>\n<p><strong>5. Gromadzenie danych osobowych podczas odwiedzania naszej strony internetowej i jego cel.<\/strong><\/p>\n<p>5.1 W przypadku korzystania ze strony internetowej wy\u0142\u0105cznie w celach informacyjnych, tj. gdy u\u017cytkownik nie przekazuje nam informacji w inny spos\u00f3b, gromadzimy wy\u0142\u0105cznie dane osobowe, kt\u00f3re przegl\u0105darka u\u017cytkownika wysy\u0142a na nasz serwer. Je\u015bli chcesz wy\u015bwietli\u0107 nasz\u0105 stron\u0119 internetow\u0105, zbieramy nast\u0119puj\u0105ce dane, kt\u00f3re s\u0105 technicznie niezb\u0119dne do wy\u015bwietlenia naszej strony internetowej oraz zapewnienia stabilno\u015bci i bezpiecze\u0144stwa (podstaw\u0105 prawn\u0105 jest art. 6.1.f EU-DSGVO): <\/p>\n<p>\u2013 Adres IP<br \/>\n\u2013 Data i godzina wyszukiwania<br \/>\n\u2013 R\u00f3\u017cnica strefy czasowej w stosunku do \u015bredniego czasu Greenwich (GMT)<br \/>\nTre\u015b\u0107 wyszukiwania (konkretna strona)<br \/>\n\u2013 Status dost\u0119pu\/kod statusu HTTP<br \/>\n\u2013 Ilo\u015b\u0107 przes\u0142anych danych w ka\u017cdym przypadku<br \/>\n\u2013 Strona internetowa, z kt\u00f3rej pochodzi \u017c\u0105danie<br \/>\n\u2013 Przegl\u0105darka<br \/>\n\u2013 System operacyjny i jego interfejs<br \/>\n\u2013 J\u0119zyk i wersja oprogramowania przegl\u0105darki<\/p>\n<p>5.2 Opr\u00f3cz danych wymienionych powy\u017cej, podczas korzystania z naszej strony internetowej na komputerze u\u017cytkownika zapisywane s\u0105 pliki cookie. Pliki cookie to ma\u0142e pliki tekstowe, kt\u00f3re s\u0105 przechowywane na dysku twardym zgodnie z u\u017cywan\u0105 przegl\u0105dark\u0105 i za po\u015brednictwem kt\u00f3rych pewne informacje s\u0105 przesy\u0142ane do witryny, kt\u00f3ra ustawia pliki cookie (w tym przypadku przez nas). Pliki cookie nie mog\u0105 uruchamia\u0107 program\u00f3w ani dostarcza\u0107 wirus\u00f3w do komputera u\u017cytkownika. S\u0142u\u017c\u0105 one do uczynienia oferty internetowej bardziej przyjazn\u0105 dla u\u017cytkownika i skuteczn\u0105.   <\/p>\n<p>5.3 Korzystanie z plik\u00f3w cookie:<\/p>\n<p>5.3.1 Niniejsza witryna internetowa wykorzystuje nast\u0119puj\u0105ce rodzaje plik\u00f3w cookie, kt\u00f3rych zakres i dzia\u0142anie wyja\u015bniono poni\u017cej:<br \/>\n\u2013 Przej\u015bciowe pliki cookie (dodatkowo b)<br \/>\n\u2013 Trwa\u0142e pliki cookie (patrz c).<\/p>\n<p>5.3.2 Tymczasowe pliki cookie s\u0105 automatycznie usuwane po zamkni\u0119ciu przegl\u0105darki. Obejmuj\u0105 one w szczeg\u00f3lno\u015bci sesyjne pliki cookie. Przechowuj\u0105 one tak zwany identyfikator sesji, za pomoc\u0105 kt\u00f3rego r\u00f3\u017cne \u017c\u0105dania przegl\u0105darki mog\u0105 by\u0107 przypisane do wsp\u00f3lnej sesji. Umo\u017cliwia to rozpoznanie komputera u\u017cytkownika po powrocie na nasz\u0105 stron\u0119 internetow\u0105. Sesyjne pliki cookie s\u0105 usuwane po wylogowaniu lub zamkni\u0119ciu przegl\u0105darki.    <\/p>\n<p>5.3.3 Trwa\u0142e pliki cookie s\u0105 generowane automatycznie po okre\u015blonym czasie.<\/p>\n    <\/div>\r\n<\/section>","protected":false},"excerpt":{"rendered":"","protected":false},"author":14,"featured_media":0,"parent":0,"menu_order":0,"comment_status":"closed","ping_status":"closed","template":"","meta":{"_acf_changed":false,"_monsterinsights_skip_tracking":false,"_monsterinsights_sitenote_active":false,"_monsterinsights_sitenote_note":"","_monsterinsights_sitenote_category":0,"footnotes":""},"topic":[],"class_list":["post-3694","page","type-page","status-publish","hentry"],"acf":[],"yoast_head":"<!-- This site is optimized with the Yoast SEO plugin v27.2 - https:\/\/yoast.com\/product\/yoast-seo-wordpress\/ -->\n<title>Ochrona danych i prywatno\u015b\u0107 - ProLife Europe<\/title>\n<meta name=\"description\" content=\"Gromadzenie danych osobowych w czasie wizyty na naszej stronie internetowej i jego cel.\" \/>\n<meta name=\"robots\" content=\"index, follow, max-snippet:-1, max-image-preview:large, max-video-preview:-1\" \/>\n<link rel=\"canonical\" href=\"https:\/\/prolifeeurope.org\/pl\/ochrona-danych-i-prywatnosc\/\" \/>\n<meta property=\"og:locale\" content=\"pl_PL\" \/>\n<meta property=\"og:type\" content=\"article\" \/>\n<meta property=\"og:title\" content=\"Ochrona danych i prywatno\u015b\u0107 - ProLife Europe\" \/>\n<meta property=\"og:description\" content=\"Gromadzenie danych osobowych w czasie wizyty na naszej stronie internetowej i jego cel.\" \/>\n<meta property=\"og:url\" content=\"https:\/\/prolifeeurope.org\/pl\/ochrona-danych-i-prywatnosc\/\" \/>\n<meta property=\"og:site_name\" content=\"ProLife Europe\" \/>\n<meta property=\"article:publisher\" content=\"https:\/\/www.facebook.com\/ProLifeEurope\/\" \/>\n<meta property=\"article:modified_time\" content=\"2025-04-02T07:48:39+00:00\" \/>\n<meta property=\"og:image\" content=\"https:\/\/prolifeeurope.org\/wp-content\/uploads\/2025\/01\/Pro_Life-CI-Background7-scaled-1.jpg\" \/>\n\t<meta property=\"og:image:width\" content=\"2560\" \/>\n\t<meta property=\"og:image:height\" content=\"1937\" \/>\n\t<meta property=\"og:image:type\" content=\"image\/jpeg\" \/>\n<meta name=\"twitter:card\" content=\"summary_large_image\" \/>\n<script type=\"application\/ld+json\" class=\"yoast-schema-graph\">{\"@context\":\"https:\/\/schema.org\",\"@graph\":[{\"@type\":\"WebPage\",\"@id\":\"https:\/\/prolifeeurope.org\/pl\/ochrona-danych-i-prywatnosc\/\",\"url\":\"https:\/\/prolifeeurope.org\/pl\/ochrona-danych-i-prywatnosc\/\",\"name\":\"Ochrona danych i prywatno\u015b\u0107 - ProLife Europe\",\"isPartOf\":{\"@id\":\"https:\/\/prolifeeurope.org\/pl\/#website\"},\"primaryImageOfPage\":{\"@id\":\"https:\/\/prolifeeurope.org\/pl\/ochrona-danych-i-prywatnosc\/#primaryimage\"},\"image\":{\"@id\":\"https:\/\/prolifeeurope.org\/pl\/ochrona-danych-i-prywatnosc\/#primaryimage\"},\"thumbnailUrl\":\"https:\/\/prolifeeurope.org\/wp-content\/uploads\/2025\/01\/Pro_Life-CI-Background7-scaled-1.jpg\",\"datePublished\":\"2025-01-30T22:23:47+00:00\",\"dateModified\":\"2025-04-02T07:48:39+00:00\",\"description\":\"Gromadzenie danych osobowych w czasie wizyty na naszej stronie internetowej i jego cel.\",\"breadcrumb\":{\"@id\":\"https:\/\/prolifeeurope.org\/pl\/ochrona-danych-i-prywatnosc\/#breadcrumb\"},\"inLanguage\":\"pl-PL\",\"potentialAction\":[{\"@type\":\"ReadAction\",\"target\":[\"https:\/\/prolifeeurope.org\/pl\/ochrona-danych-i-prywatnosc\/\"]}]},{\"@type\":\"ImageObject\",\"inLanguage\":\"pl-PL\",\"@id\":\"https:\/\/prolifeeurope.org\/pl\/ochrona-danych-i-prywatnosc\/#primaryimage\",\"url\":\"https:\/\/prolifeeurope.org\/wp-content\/uploads\/2025\/01\/Pro_Life-CI-Background7-scaled-1.jpg\",\"contentUrl\":\"https:\/\/prolifeeurope.org\/wp-content\/uploads\/2025\/01\/Pro_Life-CI-Background7-scaled-1.jpg\"},{\"@type\":\"BreadcrumbList\",\"@id\":\"https:\/\/prolifeeurope.org\/pl\/ochrona-danych-i-prywatnosc\/#breadcrumb\",\"itemListElement\":[{\"@type\":\"ListItem\",\"position\":1,\"name\":\"Home\",\"item\":\"https:\/\/prolifeeurope.org\/pl\/\"},{\"@type\":\"ListItem\",\"position\":2,\"name\":\"Ochrona danych i prywatno\u015b\u0107\"}]},{\"@type\":\"WebSite\",\"@id\":\"https:\/\/prolifeeurope.org\/pl\/#website\",\"url\":\"https:\/\/prolifeeurope.org\/pl\/\",\"name\":\"ProLife Europe\",\"description\":\"\",\"publisher\":{\"@id\":\"https:\/\/prolifeeurope.org\/pl\/#organization\"},\"potentialAction\":[{\"@type\":\"SearchAction\",\"target\":{\"@type\":\"EntryPoint\",\"urlTemplate\":\"https:\/\/prolifeeurope.org\/pl\/?s={search_term_string}\"},\"query-input\":{\"@type\":\"PropertyValueSpecification\",\"valueRequired\":true,\"valueName\":\"search_term_string\"}}],\"inLanguage\":\"pl-PL\"},{\"@type\":\"Organization\",\"@id\":\"https:\/\/prolifeeurope.org\/pl\/#organization\",\"name\":\"ProLife Europe\",\"url\":\"https:\/\/prolifeeurope.org\/pl\/\",\"logo\":{\"@type\":\"ImageObject\",\"inLanguage\":\"pl-PL\",\"@id\":\"https:\/\/prolifeeurope.org\/pl\/#\/schema\/logo\/image\/\",\"url\":\"https:\/\/prolifeeurope.org\/wp-content\/uploads\/2024\/11\/logo-3.svg\",\"contentUrl\":\"https:\/\/prolifeeurope.org\/wp-content\/uploads\/2024\/11\/logo-3.svg\",\"width\":166,\"height\":170,\"caption\":\"ProLife Europe\"},\"image\":{\"@id\":\"https:\/\/prolifeeurope.org\/pl\/#\/schema\/logo\/image\/\"},\"sameAs\":[\"https:\/\/www.facebook.com\/ProLifeEurope\/\",\"https:\/\/www.instagram.com\/prolife_europe\/\",\"https:\/\/www.youtube.com\/channel\/UC7olgmdiSVEHZUiP554XozA\"]}]}<\/script>\n<!-- \/ Yoast SEO plugin. -->","yoast_head_json":{"title":"Ochrona danych i prywatno\u015b\u0107 - ProLife Europe","description":"Gromadzenie danych osobowych w czasie wizyty na naszej stronie internetowej i jego cel.","robots":{"index":"index","follow":"follow","max-snippet":"max-snippet:-1","max-image-preview":"max-image-preview:large","max-video-preview":"max-video-preview:-1"},"canonical":"https:\/\/prolifeeurope.org\/pl\/ochrona-danych-i-prywatnosc\/","og_locale":"pl_PL","og_type":"article","og_title":"Ochrona danych i prywatno\u015b\u0107 - ProLife Europe","og_description":"Gromadzenie danych osobowych w czasie wizyty na naszej stronie internetowej i jego cel.","og_url":"https:\/\/prolifeeurope.org\/pl\/ochrona-danych-i-prywatnosc\/","og_site_name":"ProLife Europe","article_publisher":"https:\/\/www.facebook.com\/ProLifeEurope\/","article_modified_time":"2025-04-02T07:48:39+00:00","og_image":[{"width":2560,"height":1937,"url":"https:\/\/prolifeeurope.org\/wp-content\/uploads\/2025\/01\/Pro_Life-CI-Background7-scaled-1.jpg","type":"image\/jpeg"}],"twitter_card":"summary_large_image","schema":{"@context":"https:\/\/schema.org","@graph":[{"@type":"WebPage","@id":"https:\/\/prolifeeurope.org\/pl\/ochrona-danych-i-prywatnosc\/","url":"https:\/\/prolifeeurope.org\/pl\/ochrona-danych-i-prywatnosc\/","name":"Ochrona danych i prywatno\u015b\u0107 - ProLife Europe","isPartOf":{"@id":"https:\/\/prolifeeurope.org\/pl\/#website"},"primaryImageOfPage":{"@id":"https:\/\/prolifeeurope.org\/pl\/ochrona-danych-i-prywatnosc\/#primaryimage"},"image":{"@id":"https:\/\/prolifeeurope.org\/pl\/ochrona-danych-i-prywatnosc\/#primaryimage"},"thumbnailUrl":"https:\/\/prolifeeurope.org\/wp-content\/uploads\/2025\/01\/Pro_Life-CI-Background7-scaled-1.jpg","datePublished":"2025-01-30T22:23:47+00:00","dateModified":"2025-04-02T07:48:39+00:00","description":"Gromadzenie danych osobowych w czasie wizyty na naszej stronie internetowej i jego cel.","breadcrumb":{"@id":"https:\/\/prolifeeurope.org\/pl\/ochrona-danych-i-prywatnosc\/#breadcrumb"},"inLanguage":"pl-PL","potentialAction":[{"@type":"ReadAction","target":["https:\/\/prolifeeurope.org\/pl\/ochrona-danych-i-prywatnosc\/"]}]},{"@type":"ImageObject","inLanguage":"pl-PL","@id":"https:\/\/prolifeeurope.org\/pl\/ochrona-danych-i-prywatnosc\/#primaryimage","url":"https:\/\/prolifeeurope.org\/wp-content\/uploads\/2025\/01\/Pro_Life-CI-Background7-scaled-1.jpg","contentUrl":"https:\/\/prolifeeurope.org\/wp-content\/uploads\/2025\/01\/Pro_Life-CI-Background7-scaled-1.jpg"},{"@type":"BreadcrumbList","@id":"https:\/\/prolifeeurope.org\/pl\/ochrona-danych-i-prywatnosc\/#breadcrumb","itemListElement":[{"@type":"ListItem","position":1,"name":"Home","item":"https:\/\/prolifeeurope.org\/pl\/"},{"@type":"ListItem","position":2,"name":"Ochrona danych i prywatno\u015b\u0107"}]},{"@type":"WebSite","@id":"https:\/\/prolifeeurope.org\/pl\/#website","url":"https:\/\/prolifeeurope.org\/pl\/","name":"ProLife Europe","description":"","publisher":{"@id":"https:\/\/prolifeeurope.org\/pl\/#organization"},"potentialAction":[{"@type":"SearchAction","target":{"@type":"EntryPoint","urlTemplate":"https:\/\/prolifeeurope.org\/pl\/?s={search_term_string}"},"query-input":{"@type":"PropertyValueSpecification","valueRequired":true,"valueName":"search_term_string"}}],"inLanguage":"pl-PL"},{"@type":"Organization","@id":"https:\/\/prolifeeurope.org\/pl\/#organization","name":"ProLife Europe","url":"https:\/\/prolifeeurope.org\/pl\/","logo":{"@type":"ImageObject","inLanguage":"pl-PL","@id":"https:\/\/prolifeeurope.org\/pl\/#\/schema\/logo\/image\/","url":"https:\/\/prolifeeurope.org\/wp-content\/uploads\/2024\/11\/logo-3.svg","contentUrl":"https:\/\/prolifeeurope.org\/wp-content\/uploads\/2024\/11\/logo-3.svg","width":166,"height":170,"caption":"ProLife Europe"},"image":{"@id":"https:\/\/prolifeeurope.org\/pl\/#\/schema\/logo\/image\/"},"sameAs":["https:\/\/www.facebook.com\/ProLifeEurope\/","https:\/\/www.instagram.com\/prolife_europe\/","https:\/\/www.youtube.com\/channel\/UC7olgmdiSVEHZUiP554XozA"]}]}},"_links":{"self":[{"href":"https:\/\/prolifeeurope.org\/pl\/wp-json\/wp\/v2\/pages\/3694","targetHints":{"allow":["GET"]}}],"collection":[{"href":"https:\/\/prolifeeurope.org\/pl\/wp-json\/wp\/v2\/pages"}],"about":[{"href":"https:\/\/prolifeeurope.org\/pl\/wp-json\/wp\/v2\/types\/page"}],"author":[{"embeddable":true,"href":"https:\/\/prolifeeurope.org\/pl\/wp-json\/wp\/v2\/users\/14"}],"replies":[{"embeddable":true,"href":"https:\/\/prolifeeurope.org\/pl\/wp-json\/wp\/v2\/comments?post=3694"}],"version-history":[{"count":1,"href":"https:\/\/prolifeeurope.org\/pl\/wp-json\/wp\/v2\/pages\/3694\/revisions"}],"predecessor-version":[{"id":3696,"href":"https:\/\/prolifeeurope.org\/pl\/wp-json\/wp\/v2\/pages\/3694\/revisions\/3696"}],"wp:attachment":[{"href":"https:\/\/prolifeeurope.org\/pl\/wp-json\/wp\/v2\/media?parent=3694"}],"wp:term":[{"taxonomy":"topic","embeddable":true,"href":"https:\/\/prolifeeurope.org\/pl\/wp-json\/wp\/v2\/topic?post=3694"}],"curies":[{"name":"wp","href":"https:\/\/api.w.org\/{rel}","templated":true}]}}