{"id":5003,"date":"2025-01-21T23:15:41","date_gmt":"2025-01-21T22:15:41","guid":{"rendered":"https:\/\/ws-staging.prolifeeurope.org\/word-geinformeerd\/ivf-en-de-pro-life-visie\/"},"modified":"2025-10-28T10:26:28","modified_gmt":"2025-10-28T09:26:28","slug":"ivf-en-de-pro-life-visie","status":"publish","type":"page","link":"https:\/\/prolifeeurope.org\/nl\/meer-weten\/ivf-en-de-pro-life-visie\/","title":{"rendered":"IVF en de pro-life-visie"},"content":{"rendered":"\n<p>De diepgewortelde persoonlijke wens om ouder te worden \u2013 om een kind te hebben dat uit eigen vlees en bloed is \u2013 is heel begrijpelijk. Maar als we deze kwestie van dichterbij bekijken, kunnen we IVF niet steunen vanuit een pro-life-perspectief. Waarom niet?   <\/p>\n\n<p>Omdat IVF mensenlevens behandelt als producten die onder kunstmatige omstandigheden kunnen worden gecre\u00eberd, opgeslagen en weggegooid. Doeltreffendheid en kosteneffici\u00ebntie zijn de primaire zorgen van de aanbieders. <\/p>\n\n<p>Hoe meer het aantal embryo\u2019s dat in \u00e9\u00e9n cyclus mag worden gecre\u00eberd wordt beperkt, \u00e9n hoe sterker de eis wordt dat alle embryo\u2019s moeten worden ge\u00efmplanteerd, hoe minder het aantal doden als gevolg van IVF. Verschillende landen hanteren verschillende regels, maar zelfs in het veiligste scenario voor vrouwen en kinderen \u2013 waarin slechts \u00e9\u00e9n embryo zou worden gecre\u00eberd en ingeplant \u2013 zou het proces zelf het kind nog steeds behandelen als een product in plaats van als een individueel mensenleven. <\/p>\n\n<p>Wanneer men dit uitsluitend door de biologische bril bekijkt, zouden sommigen deze \u201cbest-case-scenario\u201d als pro-life beschouwen. Maar om werkelijk pro-life genoemd te kunnen worden, moet het in overeenstemming zijn met alle aspecten van de menselijke waardigheid. Uiteindelijk bestaat er geen recht op een kind, en daarom kan het voortbrengen van een kind in een laboratorium nooit volledig in overeenstemming zijn met deze principes.  <\/p>\n\n<p><\/p>\n","protected":false},"excerpt":{"rendered":"<p>De diepgewortelde persoonlijke wens om ouder te worden \u2013 om een kind te hebben dat uit eigen vlees en bloed is \u2013 is heel begrijpelijk. Maar als we deze kwestie<a href=\"https:\/\/prolifeeurope.org\/nl\/meer-weten\/ivf-en-de-pro-life-visie\/\">Continue reading <span class=\"sr-only\">&#8220;IVF en de pro-life-visie&#8221;<\/span><\/a><\/p>\n","protected":false},"author":14,"featured_media":0,"parent":4989,"menu_order":0,"comment_status":"closed","ping_status":"closed","template":"page-topic.php","meta":{"_acf_changed":false,"_monsterinsights_skip_tracking":false,"_monsterinsights_sitenote_active":false,"_monsterinsights_sitenote_note":"","_monsterinsights_sitenote_category":0,"footnotes":""},"topic":[],"class_list":["post-5003","page","type-page","status-publish","hentry"],"acf":[],"yoast_head":"<!-- This site is optimized with the Yoast SEO plugin v27.2 - https:\/\/yoast.com\/product\/yoast-seo-wordpress\/ -->\n<title>IVF en de pro-life-visie - ProLife Europe<\/title>\n<meta name=\"description\" content=\"De diepgewortelde persoonlijke wens om ouders te worden is dus gemakkelijk te begrijpen \u2014 maar wat zijn de redenen tegen IVF?\" \/>\n<meta name=\"robots\" content=\"index, follow, max-snippet:-1, max-image-preview:large, max-video-preview:-1\" \/>\n<link rel=\"canonical\" href=\"https:\/\/prolifeeurope.org\/nl\/meer-weten\/ivf-en-de-pro-life-visie\/\" \/>\n<meta property=\"og:locale\" content=\"nl_NL\" \/>\n<meta property=\"og:type\" content=\"article\" \/>\n<meta property=\"og:title\" content=\"IVF en de pro-life-visie - ProLife Europe\" \/>\n<meta property=\"og:description\" content=\"De diepgewortelde persoonlijke wens om ouders te worden is dus gemakkelijk te begrijpen \u2014 maar wat zijn de redenen tegen IVF?\" \/>\n<meta property=\"og:url\" content=\"https:\/\/prolifeeurope.org\/nl\/meer-weten\/ivf-en-de-pro-life-visie\/\" \/>\n<meta property=\"og:site_name\" content=\"ProLife Europe\" \/>\n<meta property=\"article:publisher\" content=\"https:\/\/www.facebook.com\/ProLifeEurope\/\" \/>\n<meta property=\"article:modified_time\" content=\"2025-10-28T09:26:28+00:00\" \/>\n<meta name=\"twitter:card\" content=\"summary_large_image\" \/>\n<meta name=\"twitter:label1\" content=\"Geschatte leestijd\" \/>\n\t<meta name=\"twitter:data1\" content=\"1 minuut\" \/>\n<script type=\"application\/ld+json\" class=\"yoast-schema-graph\">{\"@context\":\"https:\/\/schema.org\",\"@graph\":[{\"@type\":\"WebPage\",\"@id\":\"https:\/\/prolifeeurope.org\/nl\/meer-weten\/ivf-en-de-pro-life-visie\/\",\"url\":\"https:\/\/prolifeeurope.org\/nl\/meer-weten\/ivf-en-de-pro-life-visie\/\",\"name\":\"IVF en de pro-life-visie - ProLife Europe\",\"isPartOf\":{\"@id\":\"https:\/\/prolifeeurope.org\/nl\/#website\"},\"datePublished\":\"2025-01-21T22:15:41+00:00\",\"dateModified\":\"2025-10-28T09:26:28+00:00\",\"description\":\"De diepgewortelde persoonlijke wens om ouders te worden is dus gemakkelijk te begrijpen \u2014 maar wat zijn de redenen tegen IVF?\",\"breadcrumb\":{\"@id\":\"https:\/\/prolifeeurope.org\/nl\/meer-weten\/ivf-en-de-pro-life-visie\/#breadcrumb\"},\"inLanguage\":\"nl-NL\",\"potentialAction\":[{\"@type\":\"ReadAction\",\"target\":[\"https:\/\/prolifeeurope.org\/nl\/meer-weten\/ivf-en-de-pro-life-visie\/\"]}]},{\"@type\":\"BreadcrumbList\",\"@id\":\"https:\/\/prolifeeurope.org\/nl\/meer-weten\/ivf-en-de-pro-life-visie\/#breadcrumb\",\"itemListElement\":[{\"@type\":\"ListItem\",\"position\":1,\"name\":\"Home\",\"item\":\"https:\/\/prolifeeurope.org\/nl\/\"},{\"@type\":\"ListItem\",\"position\":2,\"name\":\"Meer weten\",\"item\":\"https:\/\/prolifeeurope.org\/nl\/meer-weten\/\"},{\"@type\":\"ListItem\",\"position\":3,\"name\":\"IVF en de pro-life-visie\"}]},{\"@type\":\"WebSite\",\"@id\":\"https:\/\/prolifeeurope.org\/nl\/#website\",\"url\":\"https:\/\/prolifeeurope.org\/nl\/\",\"name\":\"ProLife Europe\",\"description\":\"\",\"publisher\":{\"@id\":\"https:\/\/prolifeeurope.org\/nl\/#organization\"},\"potentialAction\":[{\"@type\":\"SearchAction\",\"target\":{\"@type\":\"EntryPoint\",\"urlTemplate\":\"https:\/\/prolifeeurope.org\/nl\/?s={search_term_string}\"},\"query-input\":{\"@type\":\"PropertyValueSpecification\",\"valueRequired\":true,\"valueName\":\"search_term_string\"}}],\"inLanguage\":\"nl-NL\"},{\"@type\":\"Organization\",\"@id\":\"https:\/\/prolifeeurope.org\/nl\/#organization\",\"name\":\"ProLife Europe\",\"url\":\"https:\/\/prolifeeurope.org\/nl\/\",\"logo\":{\"@type\":\"ImageObject\",\"inLanguage\":\"nl-NL\",\"@id\":\"https:\/\/prolifeeurope.org\/nl\/#\/schema\/logo\/image\/\",\"url\":\"https:\/\/prolifeeurope.org\/wp-content\/uploads\/2024\/11\/logo-3.svg\",\"contentUrl\":\"https:\/\/prolifeeurope.org\/wp-content\/uploads\/2024\/11\/logo-3.svg\",\"width\":166,\"height\":170,\"caption\":\"ProLife Europe\"},\"image\":{\"@id\":\"https:\/\/prolifeeurope.org\/nl\/#\/schema\/logo\/image\/\"},\"sameAs\":[\"https:\/\/www.facebook.com\/ProLifeEurope\/\",\"https:\/\/www.instagram.com\/prolife_europe\/\",\"https:\/\/www.youtube.com\/channel\/UC7olgmdiSVEHZUiP554XozA\"]}]}<\/script>\n<!-- \/ Yoast SEO plugin. -->","yoast_head_json":{"title":"IVF en de pro-life-visie - ProLife Europe","description":"De diepgewortelde persoonlijke wens om ouders te worden is dus gemakkelijk te begrijpen \u2014 maar wat zijn de redenen tegen IVF?","robots":{"index":"index","follow":"follow","max-snippet":"max-snippet:-1","max-image-preview":"max-image-preview:large","max-video-preview":"max-video-preview:-1"},"canonical":"https:\/\/prolifeeurope.org\/nl\/meer-weten\/ivf-en-de-pro-life-visie\/","og_locale":"nl_NL","og_type":"article","og_title":"IVF en de pro-life-visie - ProLife Europe","og_description":"De diepgewortelde persoonlijke wens om ouders te worden is dus gemakkelijk te begrijpen \u2014 maar wat zijn de redenen tegen IVF?","og_url":"https:\/\/prolifeeurope.org\/nl\/meer-weten\/ivf-en-de-pro-life-visie\/","og_site_name":"ProLife Europe","article_publisher":"https:\/\/www.facebook.com\/ProLifeEurope\/","article_modified_time":"2025-10-28T09:26:28+00:00","twitter_card":"summary_large_image","twitter_misc":{"Geschatte leestijd":"1 minuut"},"schema":{"@context":"https:\/\/schema.org","@graph":[{"@type":"WebPage","@id":"https:\/\/prolifeeurope.org\/nl\/meer-weten\/ivf-en-de-pro-life-visie\/","url":"https:\/\/prolifeeurope.org\/nl\/meer-weten\/ivf-en-de-pro-life-visie\/","name":"IVF en de pro-life-visie - ProLife Europe","isPartOf":{"@id":"https:\/\/prolifeeurope.org\/nl\/#website"},"datePublished":"2025-01-21T22:15:41+00:00","dateModified":"2025-10-28T09:26:28+00:00","description":"De diepgewortelde persoonlijke wens om ouders te worden is dus gemakkelijk te begrijpen \u2014 maar wat zijn de redenen tegen IVF?","breadcrumb":{"@id":"https:\/\/prolifeeurope.org\/nl\/meer-weten\/ivf-en-de-pro-life-visie\/#breadcrumb"},"inLanguage":"nl-NL","potentialAction":[{"@type":"ReadAction","target":["https:\/\/prolifeeurope.org\/nl\/meer-weten\/ivf-en-de-pro-life-visie\/"]}]},{"@type":"BreadcrumbList","@id":"https:\/\/prolifeeurope.org\/nl\/meer-weten\/ivf-en-de-pro-life-visie\/#breadcrumb","itemListElement":[{"@type":"ListItem","position":1,"name":"Home","item":"https:\/\/prolifeeurope.org\/nl\/"},{"@type":"ListItem","position":2,"name":"Meer weten","item":"https:\/\/prolifeeurope.org\/nl\/meer-weten\/"},{"@type":"ListItem","position":3,"name":"IVF en de pro-life-visie"}]},{"@type":"WebSite","@id":"https:\/\/prolifeeurope.org\/nl\/#website","url":"https:\/\/prolifeeurope.org\/nl\/","name":"ProLife Europe","description":"","publisher":{"@id":"https:\/\/prolifeeurope.org\/nl\/#organization"},"potentialAction":[{"@type":"SearchAction","target":{"@type":"EntryPoint","urlTemplate":"https:\/\/prolifeeurope.org\/nl\/?s={search_term_string}"},"query-input":{"@type":"PropertyValueSpecification","valueRequired":true,"valueName":"search_term_string"}}],"inLanguage":"nl-NL"},{"@type":"Organization","@id":"https:\/\/prolifeeurope.org\/nl\/#organization","name":"ProLife Europe","url":"https:\/\/prolifeeurope.org\/nl\/","logo":{"@type":"ImageObject","inLanguage":"nl-NL","@id":"https:\/\/prolifeeurope.org\/nl\/#\/schema\/logo\/image\/","url":"https:\/\/prolifeeurope.org\/wp-content\/uploads\/2024\/11\/logo-3.svg","contentUrl":"https:\/\/prolifeeurope.org\/wp-content\/uploads\/2024\/11\/logo-3.svg","width":166,"height":170,"caption":"ProLife Europe"},"image":{"@id":"https:\/\/prolifeeurope.org\/nl\/#\/schema\/logo\/image\/"},"sameAs":["https:\/\/www.facebook.com\/ProLifeEurope\/","https:\/\/www.instagram.com\/prolife_europe\/","https:\/\/www.youtube.com\/channel\/UC7olgmdiSVEHZUiP554XozA"]}]}},"_links":{"self":[{"href":"https:\/\/prolifeeurope.org\/nl\/wp-json\/wp\/v2\/pages\/5003","targetHints":{"allow":["GET"]}}],"collection":[{"href":"https:\/\/prolifeeurope.org\/nl\/wp-json\/wp\/v2\/pages"}],"about":[{"href":"https:\/\/prolifeeurope.org\/nl\/wp-json\/wp\/v2\/types\/page"}],"author":[{"embeddable":true,"href":"https:\/\/prolifeeurope.org\/nl\/wp-json\/wp\/v2\/users\/14"}],"replies":[{"embeddable":true,"href":"https:\/\/prolifeeurope.org\/nl\/wp-json\/wp\/v2\/comments?post=5003"}],"version-history":[{"count":2,"href":"https:\/\/prolifeeurope.org\/nl\/wp-json\/wp\/v2\/pages\/5003\/revisions"}],"predecessor-version":[{"id":5033,"href":"https:\/\/prolifeeurope.org\/nl\/wp-json\/wp\/v2\/pages\/5003\/revisions\/5033"}],"up":[{"embeddable":true,"href":"https:\/\/prolifeeurope.org\/nl\/wp-json\/wp\/v2\/pages\/4989"}],"wp:attachment":[{"href":"https:\/\/prolifeeurope.org\/nl\/wp-json\/wp\/v2\/media?parent=5003"}],"wp:term":[{"taxonomy":"topic","embeddable":true,"href":"https:\/\/prolifeeurope.org\/nl\/wp-json\/wp\/v2\/topic?post=5003"}],"curies":[{"name":"wp","href":"https:\/\/api.w.org\/{rel}","templated":true}]}}